{"id":1131896,"date":"2026-05-05T18:23:50","date_gmt":"2026-05-05T16:23:50","guid":{"rendered":"https:\/\/wein-werte.com\/product\/franz-keller-schlossberg-achkarren-spatburgunder-gg-2022-750ml\/"},"modified":"2026-04-27T11:48:12","modified_gmt":"2026-04-27T09:48:12","slug":"franz-keller-schlossberg-achkarren-spatburgunder-gg-2022-750ml","status":"publish","type":"product","link":"https:\/\/wein-werte.com\/de\/produkt\/franz-keller-schlossberg-achkarren-spatburgunder-gg-2022-750ml\/","title":{"rendered":"Franz Keller | Baden | Schlossberg Achkarren Sp\u00e4tburgunder GG | 2022 | 750ml"},"content":{"rendered":"<p>Produktbeschreibung f\u00fcr Franz Keller Schlossberg Achkarren Sp\u00e4tburgunder GG 2022  <\/p>\n<h5>Informationen zum Wein<\/h5>\n<p> Der Wein stammt aus dem Achkarrer Schlossberg, der von schwarzer Vulkanerde (Tephrit) gepr\u00e4gt ist. Die Parzellen werden von bis zu 4 Meter hohen Trockenmauern gesichert. Die 20 bis 30 Jahre alten Reben stammen aus einer se\u0301lection massale. Vergoren wurde er spontan auf 1,6 Gramm Restzucker. Ausgebaut wurde er 18 Monate in franz\u00f6sischen Barriques mit 35% Neuholzanteil. <\/p>\n<h5>Farbe<\/h5>\n<p> mittleres Kirschrot <\/p>\n<h5>Nase<\/h5>\n<p> Der Schlossberg Sp\u00e4tburgunder ist ein extrem saftiger, dunkelfruchtiger, schon in der Nase h\u00f6chst komplexer, dabei fleischiger, tiefer Wein, der gleichzeitig \u00fcberhaupt nicht \u00fcberladen, sondern pr\u00e4zise gewirkt, lebendig, saftig und einladend wirkt. \u00dcber der reifen, dunklen Kirschfrucht liegt ein Dunst aus Rauch und Rosen, N\u00fcssen und einer eleganten Holzw\u00fcrze. <\/p>\n<h5>Gaumen<\/h5>\n<p> Am Gaumen ist das ein Wein, dessen S\u00e4ure und Tanninstruktur schon jetzt so integriert wirkt, dass man M\u00fche haben wird, ihn lange liegenzulassen, auch wenn ihm das zus\u00e4tzliche Dimensionen verleihen wird. Das ist schon jetzt ein gro\u00dfer deutscher Sp\u00e4tburgunder, fein und dicht gewirkt, tief und lang mit einer Konzentration, die jedoch \u00fcberhaupt nicht angestrengt, sondern vielmehr entspannt wirkt, als habe sich alles ganz nat\u00fcrlich zusammengefunden. <\/p>\n<p>Copyright Vinaturel 2025<\/p>\n<p>Keywords: <a href=\"https:\/\/wein-werte.com\/de\/shop\/?swoof=1&#038;pa_producer=Franz-Keller\">Franz Keller<\/a> <a href=\"https:\/\/wein-werte.com\/de\/shop\/?swoof=1&#038;woof_text=Schlossberg Achkarren Sp\u00e4tburgunder GG\">Schlossberg Achkarren Sp\u00e4tburgunder GG<\/a> 2022  <a href=\"https:\/\/wein-werte.com\/de\/shop\/?swoof=1&#038;pa_region=Baden\">Baden<\/a> <a href=\"https:\/\/wein-werte.com\/de\/shop\/?swoof=1&#038;pa_country=Deutschland\">Deutschland<\/a><\/p>\n<h3>Wine Advocate<\/h3>\n<p>Punkte: 93+<\/p>\n<p>Der Schlossberg Achkarren Sp\u00e4tburgunder GG 2022 pr\u00e4sentiert sich in der Nase klar, frisch und raffiniert, am Gaumen rein, geradlinig und elegant. Er ist feinsaftig, anregend salzig und mit feinen Tanninen versehen.<br \/>Stephan Reinhardt<\/p>\n<p>Internetseite des Weinguts: <a href=\"https:\/\/www.franz-keller.de\/en\/\" target=\"_blank\">https:\/\/www.franz-keller.de\/en\/<\/a><\/p>\n","protected":false},"excerpt":{"rendered":"<p>Lieferzeit: 1 bis 2 Arbeitstage (DE), 2 bis 5 Arbeitstage (EU and CH)<\/p>\n","protected":false},"featured_media":1142686,"template":"","meta":[],"product_brand":[],"product_cat":[19],"product_tag":[],"class_list":{"0":"post-1131896","1":"product","2":"type-product","3":"status-publish","4":"has-post-thumbnail","6":"product_cat-unkategorisiert","7":"pa_alcohol-for-filter-12-5","8":"pa_certified-biodynamic-nein-de","9":"pa_certified-organic-nein-de","10":"pa_colour-rot","11":"pa_country-deutschland","12":"pa_grape-pinot-noir-spatburgunder","13":"pa_parker-points-for-filter-93-de-2","14":"pa_price-for-filter-10766","15":"pa_producer-franz-keller","16":"pa_region-baden","17":"pa_size-ml-6584","18":"pa_sweetness-trocken-de","19":"pa_type-2-still-de","20":"pa_vintage-2022-de","21":"entry","22":"has-media","24":"first","25":"instock","26":"taxable","27":"shipping-taxable","28":"purchasable","29":"product-type-simple"},"yoast_head":"<!-- This site is optimized with the Yoast SEO plugin v27.5 - https:\/\/yoast.com\/product\/yoast-seo-wordpress\/ -->\n<title>Franz Keller Schlossberg Achkarren Sp\u00e4tburgunder GG 2022<\/title>\n<meta name=\"description\" content=\"Kaufe Franz Keller Schlossberg Achkarren Sp\u00e4tburgunder GG 2022 (Pinot Noir, trocken aus Baden, Deutschland) bei Wein Werte, Ihrem nachhaltigen Onlineshop.\" \/>\n<meta name=\"robots\" content=\"index, follow, max-snippet:-1, max-image-preview:large, max-video-preview:-1\" \/>\n<link rel=\"canonical\" href=\"https:\/\/wein-werte.com\/de\/produkt\/franz-keller-schlossberg-achkarren-spatburgunder-gg-2022-750ml\/\" \/>\n<meta property=\"og:locale\" content=\"de_DE\" \/>\n<meta property=\"og:type\" content=\"article\" \/>\n<meta property=\"og:title\" content=\"Franz Keller Schlossberg Achkarren Sp\u00e4tburgunder GG 2022\" \/>\n<meta property=\"og:description\" content=\"Kaufe Franz Keller Schlossberg Achkarren Sp\u00e4tburgunder GG 2022 (Pinot Noir, trocken aus Baden, Deutschland) bei Wein Werte, Ihrem nachhaltigen Onlineshop.\" \/>\n<meta property=\"og:url\" content=\"https:\/\/wein-werte.com\/de\/produkt\/franz-keller-schlossberg-achkarren-spatburgunder-gg-2022-750ml\/\" \/>\n<meta property=\"og:site_name\" content=\"Wein Werte\" \/>\n<meta property=\"og:image\" content=\"https:\/\/wein-werte.com\/wp-content\/uploads\/2026\/04\/Franz-Keller-Schlossberg-Achkarren-Spatburgunder-GG-2022-750ml.png\" \/>\n\t<meta property=\"og:image:width\" content=\"322\" \/>\n\t<meta property=\"og:image:height\" content=\"1200\" \/>\n\t<meta property=\"og:image:type\" content=\"image\/png\" \/>\n<meta name=\"twitter:card\" content=\"summary_large_image\" \/>\n<meta name=\"twitter:label1\" content=\"Gesch\u00e4tzte Lesezeit\" \/>\n\t<meta name=\"twitter:data1\" content=\"1\u00a0Minute\" \/>\n<script type=\"application\/ld+json\" class=\"yoast-schema-graph\">{\"@context\":\"https:\\\/\\\/schema.org\",\"@graph\":[{\"@type\":\"WebPage\",\"@id\":\"https:\\\/\\\/wein-werte.com\\\/de\\\/produkt\\\/franz-keller-schlossberg-achkarren-spatburgunder-gg-2022-750ml\\\/\",\"url\":\"https:\\\/\\\/wein-werte.com\\\/de\\\/produkt\\\/franz-keller-schlossberg-achkarren-spatburgunder-gg-2022-750ml\\\/\",\"name\":\"Franz Keller Schlossberg Achkarren Sp\u00e4tburgunder GG 2022\",\"isPartOf\":{\"@id\":\"https:\\\/\\\/wein-werte.com\\\/de\\\/#website\"},\"primaryImageOfPage\":{\"@id\":\"https:\\\/\\\/wein-werte.com\\\/de\\\/produkt\\\/franz-keller-schlossberg-achkarren-spatburgunder-gg-2022-750ml\\\/#primaryimage\"},\"image\":{\"@id\":\"https:\\\/\\\/wein-werte.com\\\/de\\\/produkt\\\/franz-keller-schlossberg-achkarren-spatburgunder-gg-2022-750ml\\\/#primaryimage\"},\"thumbnailUrl\":\"https:\\\/\\\/wein-werte.com\\\/wp-content\\\/uploads\\\/2026\\\/04\\\/Franz-Keller-Schlossberg-Achkarren-Spatburgunder-GG-2022-750ml.png\",\"datePublished\":\"2026-05-05T16:23:50+00:00\",\"description\":\"Kaufe Franz Keller Schlossberg Achkarren Sp\u00e4tburgunder GG 2022 (Pinot Noir, trocken aus Baden, Deutschland) bei Wein Werte, Ihrem nachhaltigen Onlineshop.\",\"breadcrumb\":{\"@id\":\"https:\\\/\\\/wein-werte.com\\\/de\\\/produkt\\\/franz-keller-schlossberg-achkarren-spatburgunder-gg-2022-750ml\\\/#breadcrumb\"},\"inLanguage\":\"de\",\"potentialAction\":[{\"@type\":\"ReadAction\",\"target\":[\"https:\\\/\\\/wein-werte.com\\\/de\\\/produkt\\\/franz-keller-schlossberg-achkarren-spatburgunder-gg-2022-750ml\\\/\"]}]},{\"@type\":\"ImageObject\",\"inLanguage\":\"de\",\"@id\":\"https:\\\/\\\/wein-werte.com\\\/de\\\/produkt\\\/franz-keller-schlossberg-achkarren-spatburgunder-gg-2022-750ml\\\/#primaryimage\",\"url\":\"https:\\\/\\\/wein-werte.com\\\/wp-content\\\/uploads\\\/2026\\\/04\\\/Franz-Keller-Schlossberg-Achkarren-Spatburgunder-GG-2022-750ml.png\",\"contentUrl\":\"https:\\\/\\\/wein-werte.com\\\/wp-content\\\/uploads\\\/2026\\\/04\\\/Franz-Keller-Schlossberg-Achkarren-Spatburgunder-GG-2022-750ml.png\",\"width\":322,\"height\":1200,\"caption\":\"Franz Keller Schlossberg Achkarren Sp\u00e4tburgunder GG 2022 750ml\"},{\"@type\":\"BreadcrumbList\",\"@id\":\"https:\\\/\\\/wein-werte.com\\\/de\\\/produkt\\\/franz-keller-schlossberg-achkarren-spatburgunder-gg-2022-750ml\\\/#breadcrumb\",\"itemListElement\":[{\"@type\":\"ListItem\",\"position\":1,\"name\":\"Home\",\"item\":\"https:\\\/\\\/wein-werte.com\\\/de\\\/\"},{\"@type\":\"ListItem\",\"position\":2,\"name\":\"Shop\",\"item\":\"https:\\\/\\\/wein-werte.com\\\/de\\\/shop\\\/\"},{\"@type\":\"ListItem\",\"position\":3,\"name\":\"Franz Keller | Baden | Schlossberg Achkarren Sp\u00e4tburgunder GG | 2022 | 750ml\"}]},{\"@type\":\"WebSite\",\"@id\":\"https:\\\/\\\/wein-werte.com\\\/de\\\/#website\",\"url\":\"https:\\\/\\\/wein-werte.com\\\/de\\\/\",\"name\":\"Wein Werte\",\"description\":\"\",\"publisher\":{\"@id\":\"https:\\\/\\\/wein-werte.com\\\/de\\\/#organization\"},\"potentialAction\":[{\"@type\":\"SearchAction\",\"target\":{\"@type\":\"EntryPoint\",\"urlTemplate\":\"https:\\\/\\\/wein-werte.com\\\/de\\\/?s={search_term_string}\"},\"query-input\":{\"@type\":\"PropertyValueSpecification\",\"valueRequired\":true,\"valueName\":\"search_term_string\"}}],\"inLanguage\":\"de\"},{\"@type\":\"Organization\",\"@id\":\"https:\\\/\\\/wein-werte.com\\\/de\\\/#organization\",\"name\":\"Vins Fins Thorrold\",\"url\":\"https:\\\/\\\/wein-werte.com\\\/de\\\/\",\"logo\":{\"@type\":\"ImageObject\",\"inLanguage\":\"de\",\"@id\":\"https:\\\/\\\/wein-werte.com\\\/de\\\/#\\\/schema\\\/logo\\\/image\\\/\",\"url\":\"https:\\\/\\\/wein-werte.com\\\/wp-content\\\/uploads\\\/2023\\\/07\\\/Wein_werte_Logo700-1.png\",\"contentUrl\":\"https:\\\/\\\/wein-werte.com\\\/wp-content\\\/uploads\\\/2023\\\/07\\\/Wein_werte_Logo700-1.png\",\"width\":700,\"height\":272,\"caption\":\"Vins Fins Thorrold\"},\"image\":{\"@id\":\"https:\\\/\\\/wein-werte.com\\\/de\\\/#\\\/schema\\\/logo\\\/image\\\/\"}}]}<\/script>\n<!-- \/ Yoast SEO plugin. -->","yoast_head_json":{"title":"Franz Keller Schlossberg Achkarren Sp\u00e4tburgunder GG 2022","description":"Kaufe Franz Keller Schlossberg Achkarren Sp\u00e4tburgunder GG 2022 (Pinot Noir, trocken aus Baden, Deutschland) bei Wein Werte, Ihrem nachhaltigen Onlineshop.","robots":{"index":"index","follow":"follow","max-snippet":"max-snippet:-1","max-image-preview":"max-image-preview:large","max-video-preview":"max-video-preview:-1"},"canonical":"https:\/\/wein-werte.com\/de\/produkt\/franz-keller-schlossberg-achkarren-spatburgunder-gg-2022-750ml\/","og_locale":"de_DE","og_type":"article","og_title":"Franz Keller Schlossberg Achkarren Sp\u00e4tburgunder GG 2022","og_description":"Kaufe Franz Keller Schlossberg Achkarren Sp\u00e4tburgunder GG 2022 (Pinot Noir, trocken aus Baden, Deutschland) bei Wein Werte, Ihrem nachhaltigen Onlineshop.","og_url":"https:\/\/wein-werte.com\/de\/produkt\/franz-keller-schlossberg-achkarren-spatburgunder-gg-2022-750ml\/","og_site_name":"Wein Werte","og_image":[{"width":322,"height":1200,"url":"https:\/\/wein-werte.com\/wp-content\/uploads\/2026\/04\/Franz-Keller-Schlossberg-Achkarren-Spatburgunder-GG-2022-750ml.png","type":"image\/png"}],"twitter_card":"summary_large_image","twitter_misc":{"Gesch\u00e4tzte Lesezeit":"1\u00a0Minute"},"schema":{"@context":"https:\/\/schema.org","@graph":[{"@type":"WebPage","@id":"https:\/\/wein-werte.com\/de\/produkt\/franz-keller-schlossberg-achkarren-spatburgunder-gg-2022-750ml\/","url":"https:\/\/wein-werte.com\/de\/produkt\/franz-keller-schlossberg-achkarren-spatburgunder-gg-2022-750ml\/","name":"Franz Keller Schlossberg Achkarren Sp\u00e4tburgunder GG 2022","isPartOf":{"@id":"https:\/\/wein-werte.com\/de\/#website"},"primaryImageOfPage":{"@id":"https:\/\/wein-werte.com\/de\/produkt\/franz-keller-schlossberg-achkarren-spatburgunder-gg-2022-750ml\/#primaryimage"},"image":{"@id":"https:\/\/wein-werte.com\/de\/produkt\/franz-keller-schlossberg-achkarren-spatburgunder-gg-2022-750ml\/#primaryimage"},"thumbnailUrl":"https:\/\/wein-werte.com\/wp-content\/uploads\/2026\/04\/Franz-Keller-Schlossberg-Achkarren-Spatburgunder-GG-2022-750ml.png","datePublished":"2026-05-05T16:23:50+00:00","description":"Kaufe Franz Keller Schlossberg Achkarren Sp\u00e4tburgunder GG 2022 (Pinot Noir, trocken aus Baden, Deutschland) bei Wein Werte, Ihrem nachhaltigen Onlineshop.","breadcrumb":{"@id":"https:\/\/wein-werte.com\/de\/produkt\/franz-keller-schlossberg-achkarren-spatburgunder-gg-2022-750ml\/#breadcrumb"},"inLanguage":"de","potentialAction":[{"@type":"ReadAction","target":["https:\/\/wein-werte.com\/de\/produkt\/franz-keller-schlossberg-achkarren-spatburgunder-gg-2022-750ml\/"]}]},{"@type":"ImageObject","inLanguage":"de","@id":"https:\/\/wein-werte.com\/de\/produkt\/franz-keller-schlossberg-achkarren-spatburgunder-gg-2022-750ml\/#primaryimage","url":"https:\/\/wein-werte.com\/wp-content\/uploads\/2026\/04\/Franz-Keller-Schlossberg-Achkarren-Spatburgunder-GG-2022-750ml.png","contentUrl":"https:\/\/wein-werte.com\/wp-content\/uploads\/2026\/04\/Franz-Keller-Schlossberg-Achkarren-Spatburgunder-GG-2022-750ml.png","width":322,"height":1200,"caption":"Franz Keller Schlossberg Achkarren Sp\u00e4tburgunder GG 2022 750ml"},{"@type":"BreadcrumbList","@id":"https:\/\/wein-werte.com\/de\/produkt\/franz-keller-schlossberg-achkarren-spatburgunder-gg-2022-750ml\/#breadcrumb","itemListElement":[{"@type":"ListItem","position":1,"name":"Home","item":"https:\/\/wein-werte.com\/de\/"},{"@type":"ListItem","position":2,"name":"Shop","item":"https:\/\/wein-werte.com\/de\/shop\/"},{"@type":"ListItem","position":3,"name":"Franz Keller | Baden | Schlossberg Achkarren Sp\u00e4tburgunder GG | 2022 | 750ml"}]},{"@type":"WebSite","@id":"https:\/\/wein-werte.com\/de\/#website","url":"https:\/\/wein-werte.com\/de\/","name":"Wein Werte","description":"","publisher":{"@id":"https:\/\/wein-werte.com\/de\/#organization"},"potentialAction":[{"@type":"SearchAction","target":{"@type":"EntryPoint","urlTemplate":"https:\/\/wein-werte.com\/de\/?s={search_term_string}"},"query-input":{"@type":"PropertyValueSpecification","valueRequired":true,"valueName":"search_term_string"}}],"inLanguage":"de"},{"@type":"Organization","@id":"https:\/\/wein-werte.com\/de\/#organization","name":"Vins Fins Thorrold","url":"https:\/\/wein-werte.com\/de\/","logo":{"@type":"ImageObject","inLanguage":"de","@id":"https:\/\/wein-werte.com\/de\/#\/schema\/logo\/image\/","url":"https:\/\/wein-werte.com\/wp-content\/uploads\/2023\/07\/Wein_werte_Logo700-1.png","contentUrl":"https:\/\/wein-werte.com\/wp-content\/uploads\/2023\/07\/Wein_werte_Logo700-1.png","width":700,"height":272,"caption":"Vins Fins Thorrold"},"image":{"@id":"https:\/\/wein-werte.com\/de\/#\/schema\/logo\/image\/"}}]}},"_links":{"self":[{"href":"https:\/\/wein-werte.com\/de\/wp-json\/wp\/v2\/product\/1131896","targetHints":{"allow":["GET"]}}],"collection":[{"href":"https:\/\/wein-werte.com\/de\/wp-json\/wp\/v2\/product"}],"about":[{"href":"https:\/\/wein-werte.com\/de\/wp-json\/wp\/v2\/types\/product"}],"wp:featuredmedia":[{"embeddable":true,"href":"https:\/\/wein-werte.com\/de\/wp-json\/wp\/v2\/media\/1142686"}],"wp:attachment":[{"href":"https:\/\/wein-werte.com\/de\/wp-json\/wp\/v2\/media?parent=1131896"}],"wp:term":[{"taxonomy":"product_brand","embeddable":true,"href":"https:\/\/wein-werte.com\/de\/wp-json\/wp\/v2\/product_brand?post=1131896"},{"taxonomy":"product_cat","embeddable":true,"href":"https:\/\/wein-werte.com\/de\/wp-json\/wp\/v2\/product_cat?post=1131896"},{"taxonomy":"product_tag","embeddable":true,"href":"https:\/\/wein-werte.com\/de\/wp-json\/wp\/v2\/product_tag?post=1131896"}],"curies":[{"name":"wp","href":"https:\/\/api.w.org\/{rel}","templated":true}]}}