{"id":1131886,"date":"2026-05-05T18:23:50","date_gmt":"2026-05-05T16:23:50","guid":{"rendered":"https:\/\/wein-werte.com\/product\/franz-keller-kirchberg-oberrotweil-chardonnay-gg-2022-750ml\/"},"modified":"2026-04-27T11:48:10","modified_gmt":"2026-04-27T09:48:10","slug":"franz-keller-kirchberg-oberrotweil-chardonnay-gg-2022-750ml","status":"publish","type":"product","link":"https:\/\/wein-werte.com\/de\/produkt\/franz-keller-kirchberg-oberrotweil-chardonnay-gg-2022-750ml\/","title":{"rendered":"Franz Keller | Baden | Kirchberg Oberrotweil Chardonnay GG | 2022 | 750ml"},"content":{"rendered":"<p>Produktbeschreibung f\u00fcr Franz Keller Kirchberg Oberrotweil Chardonnay GG 2022  <\/p>\n<h5>Informationen zum Wein<\/h5>\n<p> Der Wein stammt aus dem Oberrotweiler Kirchberg, einer s\u00fcd-westlich exponierten Lage mit hellem, kalkhaltigen Vulkanschotter, die Anfang der 1990er Jahre mit einer Genetik aus den besten Lagen des Burgunds angelegt wurde. Vergoren wurde er spontan, nach kurzer Maischestandzeit auf 0 Gramm Restzucker. Ausgebaut wurde er 12 Monate in 350-Liter-F\u00e4ssern aus Eiche mit 35% Neuholzanteil, sowie sechs Monate im Stahltank jeweils auf der Vollhefe. <\/p>\n<h5>Farbe<\/h5>\n<p> Intensives Strohgelb <\/p>\n<h5>Nase<\/h5>\n<p> Die Nase dieses Gro\u00dfen Gew\u00e4chses ist gepr\u00e4gt von einer feinen Reduktion, die wie Dunst \u00fcber Birnen, Quitten, Mirabellen, Karambole, Zitronen- und Limettenzesten, Verbene, Melisse und etwas Fenchelgr\u00fcn und Hefeteig liegt. Dazukommt etwas zersto\u00dfene Kreide und feines Holz. <\/p>\n<h5>Mund<\/h5>\n<p> Am Gaumen ist das ein eleganter und feiner und fast s\u00fcffiger Wein, der gleichzeitig eine wilde, ungest\u00fcme Seite besitzt. Da finden sich holzw\u00fcrzige, leicht rauchige Noten, wiederum saftige Birnen, reife Quitten und viel reife Zitrusfrucht. Aber es ist vor allem ein Textur- und Strukturwein mit einem feinen Grip und einer kreidigen Textur, einer saftigen S\u00e4ure und pr\u00e4zise eingesetztem Holz. Der Wein baut von Beginn an Spannung auf und die h\u00e4lt bis ins lange Finale an \u2013 pr\u00e4zise, subtil und lebendig. <\/p>\n<p>Copyright Vinaturel 2025<\/p>\n<p>Keywords: <a href=\"https:\/\/wein-werte.com\/de\/shop\/?swoof=1&#038;pa_producer=Franz-Keller\">Franz Keller<\/a> <a href=\"https:\/\/wein-werte.com\/de\/shop\/?swoof=1&#038;woof_text=Kirchberg Oberrotweil Chardonnay GG\">Kirchberg Oberrotweil Chardonnay GG<\/a> 2022  <a href=\"https:\/\/wein-werte.com\/de\/shop\/?swoof=1&#038;pa_region=Baden\">Baden<\/a> <a href=\"https:\/\/wein-werte.com\/de\/shop\/?swoof=1&#038;pa_country=Deutschland\">Deutschland<\/a><\/p>\n<h3>Wine Advocate<\/h3>\n<p>Punkte: 94<\/p>\n<p>Kellers 2022 Kirchberg Oberrotweil Chardonnay GG ist tiefgr\u00fcndig und raffiniert in der Nase und offenbart elegante Aromen von Zitrone und zersto\u00dfenem Stein, die an kalte Asche erinnern. Vollmundig, intensiv und kraftvoll, fein und salzig am Gaumen, ist dieser reichhaltige, ausgewogene Chardonnay harmonisch im straffen, zitronigen Abgang. Er ist vielversprechend und dennoch sehr jung. Verkostet bei der Vorpremiere VDP.Grosses Gew\u00e4chs in Wiesbaden im August 2024.<br \/>Stephan Reinhardt<\/p>\n<p>Internetseite des Weinguts: <a href=\"https:\/\/www.franz-keller.de\/en\/\" target=\"_blank\">https:\/\/www.franz-keller.de\/en\/<\/a><\/p>\n","protected":false},"excerpt":{"rendered":"<p>Lieferzeit: 1 bis 2 Arbeitstage (DE), 2 bis 5 Arbeitstage (EU and CH)<\/p>\n","protected":false},"featured_media":1142678,"template":"","meta":[],"product_brand":[],"product_cat":[19],"product_tag":[],"class_list":{"0":"post-1131886","1":"product","2":"type-product","3":"status-publish","4":"has-post-thumbnail","6":"product_cat-unkategorisiert","7":"pa_alcohol-for-filter-12-5","8":"pa_certified-biodynamic-nein-de","9":"pa_certified-organic-nein-de","10":"pa_colour-weiss","11":"pa_country-deutschland","12":"pa_grape-chardonnay","13":"pa_parker-points-for-filter-94-de-2","14":"pa_price-for-filter-10663","15":"pa_producer-franz-keller","16":"pa_region-baden","17":"pa_size-ml-6584","18":"pa_sweetness-trocken-de","19":"pa_type-2-still-de","20":"pa_vintage-2022-de","21":"entry","22":"has-media","24":"first","25":"instock","26":"taxable","27":"shipping-taxable","28":"purchasable","29":"product-type-simple"},"yoast_head":"<!-- This site is optimized with the Yoast SEO plugin v27.5 - https:\/\/yoast.com\/product\/yoast-seo-wordpress\/ -->\n<title>Franz Keller Kirchberg Oberrotweil Chardonnay GG 2022<\/title>\n<meta name=\"description\" content=\"Kaufe Franz Keller Kirchberg Oberrotweil Chardonnay GG 2022 (Chardonnay, trocken aus Baden, Deutschland) bei Wein Werte, Ihrem nachhaltigen Onlineshop.\" \/>\n<meta name=\"robots\" content=\"index, follow, max-snippet:-1, max-image-preview:large, max-video-preview:-1\" \/>\n<link rel=\"canonical\" href=\"https:\/\/wein-werte.com\/de\/produkt\/franz-keller-kirchberg-oberrotweil-chardonnay-gg-2022-750ml\/\" \/>\n<meta property=\"og:locale\" content=\"de_DE\" \/>\n<meta property=\"og:type\" content=\"article\" \/>\n<meta property=\"og:title\" content=\"Franz Keller Kirchberg Oberrotweil Chardonnay GG 2022\" \/>\n<meta property=\"og:description\" content=\"Kaufe Franz Keller Kirchberg Oberrotweil Chardonnay GG 2022 (Chardonnay, trocken aus Baden, Deutschland) bei Wein Werte, Ihrem nachhaltigen Onlineshop.\" \/>\n<meta property=\"og:url\" content=\"https:\/\/wein-werte.com\/de\/produkt\/franz-keller-kirchberg-oberrotweil-chardonnay-gg-2022-750ml\/\" \/>\n<meta property=\"og:site_name\" content=\"Wein Werte\" \/>\n<meta property=\"og:image\" content=\"https:\/\/wein-werte.com\/wp-content\/uploads\/2026\/04\/Franz-Keller-Kirchberg-Oberrotweil-Chardonnay-GG-2022-750ml.png\" \/>\n\t<meta property=\"og:image:width\" content=\"324\" \/>\n\t<meta property=\"og:image:height\" content=\"1200\" \/>\n\t<meta property=\"og:image:type\" content=\"image\/png\" \/>\n<meta name=\"twitter:card\" content=\"summary_large_image\" \/>\n<meta name=\"twitter:label1\" content=\"Gesch\u00e4tzte Lesezeit\" \/>\n\t<meta name=\"twitter:data1\" content=\"1\u00a0Minute\" \/>\n<script type=\"application\/ld+json\" class=\"yoast-schema-graph\">{\"@context\":\"https:\\\/\\\/schema.org\",\"@graph\":[{\"@type\":\"WebPage\",\"@id\":\"https:\\\/\\\/wein-werte.com\\\/de\\\/produkt\\\/franz-keller-kirchberg-oberrotweil-chardonnay-gg-2022-750ml\\\/\",\"url\":\"https:\\\/\\\/wein-werte.com\\\/de\\\/produkt\\\/franz-keller-kirchberg-oberrotweil-chardonnay-gg-2022-750ml\\\/\",\"name\":\"Franz Keller Kirchberg Oberrotweil Chardonnay GG 2022\",\"isPartOf\":{\"@id\":\"https:\\\/\\\/wein-werte.com\\\/de\\\/#website\"},\"primaryImageOfPage\":{\"@id\":\"https:\\\/\\\/wein-werte.com\\\/de\\\/produkt\\\/franz-keller-kirchberg-oberrotweil-chardonnay-gg-2022-750ml\\\/#primaryimage\"},\"image\":{\"@id\":\"https:\\\/\\\/wein-werte.com\\\/de\\\/produkt\\\/franz-keller-kirchberg-oberrotweil-chardonnay-gg-2022-750ml\\\/#primaryimage\"},\"thumbnailUrl\":\"https:\\\/\\\/wein-werte.com\\\/wp-content\\\/uploads\\\/2026\\\/04\\\/Franz-Keller-Kirchberg-Oberrotweil-Chardonnay-GG-2022-750ml.png\",\"datePublished\":\"2026-05-05T16:23:50+00:00\",\"description\":\"Kaufe Franz Keller Kirchberg Oberrotweil Chardonnay GG 2022 (Chardonnay, trocken aus Baden, Deutschland) bei Wein Werte, Ihrem nachhaltigen Onlineshop.\",\"breadcrumb\":{\"@id\":\"https:\\\/\\\/wein-werte.com\\\/de\\\/produkt\\\/franz-keller-kirchberg-oberrotweil-chardonnay-gg-2022-750ml\\\/#breadcrumb\"},\"inLanguage\":\"de\",\"potentialAction\":[{\"@type\":\"ReadAction\",\"target\":[\"https:\\\/\\\/wein-werte.com\\\/de\\\/produkt\\\/franz-keller-kirchberg-oberrotweil-chardonnay-gg-2022-750ml\\\/\"]}]},{\"@type\":\"ImageObject\",\"inLanguage\":\"de\",\"@id\":\"https:\\\/\\\/wein-werte.com\\\/de\\\/produkt\\\/franz-keller-kirchberg-oberrotweil-chardonnay-gg-2022-750ml\\\/#primaryimage\",\"url\":\"https:\\\/\\\/wein-werte.com\\\/wp-content\\\/uploads\\\/2026\\\/04\\\/Franz-Keller-Kirchberg-Oberrotweil-Chardonnay-GG-2022-750ml.png\",\"contentUrl\":\"https:\\\/\\\/wein-werte.com\\\/wp-content\\\/uploads\\\/2026\\\/04\\\/Franz-Keller-Kirchberg-Oberrotweil-Chardonnay-GG-2022-750ml.png\",\"width\":324,\"height\":1200,\"caption\":\"Franz Keller Kirchberg Oberrotweil Chardonnay GG 2022 750ml\"},{\"@type\":\"BreadcrumbList\",\"@id\":\"https:\\\/\\\/wein-werte.com\\\/de\\\/produkt\\\/franz-keller-kirchberg-oberrotweil-chardonnay-gg-2022-750ml\\\/#breadcrumb\",\"itemListElement\":[{\"@type\":\"ListItem\",\"position\":1,\"name\":\"Home\",\"item\":\"https:\\\/\\\/wein-werte.com\\\/de\\\/\"},{\"@type\":\"ListItem\",\"position\":2,\"name\":\"Shop\",\"item\":\"https:\\\/\\\/wein-werte.com\\\/de\\\/shop\\\/\"},{\"@type\":\"ListItem\",\"position\":3,\"name\":\"Franz Keller | Baden | Kirchberg Oberrotweil Chardonnay GG | 2022 | 750ml\"}]},{\"@type\":\"WebSite\",\"@id\":\"https:\\\/\\\/wein-werte.com\\\/de\\\/#website\",\"url\":\"https:\\\/\\\/wein-werte.com\\\/de\\\/\",\"name\":\"Wein Werte\",\"description\":\"\",\"publisher\":{\"@id\":\"https:\\\/\\\/wein-werte.com\\\/de\\\/#organization\"},\"potentialAction\":[{\"@type\":\"SearchAction\",\"target\":{\"@type\":\"EntryPoint\",\"urlTemplate\":\"https:\\\/\\\/wein-werte.com\\\/de\\\/?s={search_term_string}\"},\"query-input\":{\"@type\":\"PropertyValueSpecification\",\"valueRequired\":true,\"valueName\":\"search_term_string\"}}],\"inLanguage\":\"de\"},{\"@type\":\"Organization\",\"@id\":\"https:\\\/\\\/wein-werte.com\\\/de\\\/#organization\",\"name\":\"Vins Fins Thorrold\",\"url\":\"https:\\\/\\\/wein-werte.com\\\/de\\\/\",\"logo\":{\"@type\":\"ImageObject\",\"inLanguage\":\"de\",\"@id\":\"https:\\\/\\\/wein-werte.com\\\/de\\\/#\\\/schema\\\/logo\\\/image\\\/\",\"url\":\"https:\\\/\\\/wein-werte.com\\\/wp-content\\\/uploads\\\/2023\\\/07\\\/Wein_werte_Logo700-1.png\",\"contentUrl\":\"https:\\\/\\\/wein-werte.com\\\/wp-content\\\/uploads\\\/2023\\\/07\\\/Wein_werte_Logo700-1.png\",\"width\":700,\"height\":272,\"caption\":\"Vins Fins Thorrold\"},\"image\":{\"@id\":\"https:\\\/\\\/wein-werte.com\\\/de\\\/#\\\/schema\\\/logo\\\/image\\\/\"}}]}<\/script>\n<!-- \/ Yoast SEO plugin. -->","yoast_head_json":{"title":"Franz Keller Kirchberg Oberrotweil Chardonnay GG 2022","description":"Kaufe Franz Keller Kirchberg Oberrotweil Chardonnay GG 2022 (Chardonnay, trocken aus Baden, Deutschland) bei Wein Werte, Ihrem nachhaltigen Onlineshop.","robots":{"index":"index","follow":"follow","max-snippet":"max-snippet:-1","max-image-preview":"max-image-preview:large","max-video-preview":"max-video-preview:-1"},"canonical":"https:\/\/wein-werte.com\/de\/produkt\/franz-keller-kirchberg-oberrotweil-chardonnay-gg-2022-750ml\/","og_locale":"de_DE","og_type":"article","og_title":"Franz Keller Kirchberg Oberrotweil Chardonnay GG 2022","og_description":"Kaufe Franz Keller Kirchberg Oberrotweil Chardonnay GG 2022 (Chardonnay, trocken aus Baden, Deutschland) bei Wein Werte, Ihrem nachhaltigen Onlineshop.","og_url":"https:\/\/wein-werte.com\/de\/produkt\/franz-keller-kirchberg-oberrotweil-chardonnay-gg-2022-750ml\/","og_site_name":"Wein Werte","og_image":[{"width":324,"height":1200,"url":"https:\/\/wein-werte.com\/wp-content\/uploads\/2026\/04\/Franz-Keller-Kirchberg-Oberrotweil-Chardonnay-GG-2022-750ml.png","type":"image\/png"}],"twitter_card":"summary_large_image","twitter_misc":{"Gesch\u00e4tzte Lesezeit":"1\u00a0Minute"},"schema":{"@context":"https:\/\/schema.org","@graph":[{"@type":"WebPage","@id":"https:\/\/wein-werte.com\/de\/produkt\/franz-keller-kirchberg-oberrotweil-chardonnay-gg-2022-750ml\/","url":"https:\/\/wein-werte.com\/de\/produkt\/franz-keller-kirchberg-oberrotweil-chardonnay-gg-2022-750ml\/","name":"Franz Keller Kirchberg Oberrotweil Chardonnay GG 2022","isPartOf":{"@id":"https:\/\/wein-werte.com\/de\/#website"},"primaryImageOfPage":{"@id":"https:\/\/wein-werte.com\/de\/produkt\/franz-keller-kirchberg-oberrotweil-chardonnay-gg-2022-750ml\/#primaryimage"},"image":{"@id":"https:\/\/wein-werte.com\/de\/produkt\/franz-keller-kirchberg-oberrotweil-chardonnay-gg-2022-750ml\/#primaryimage"},"thumbnailUrl":"https:\/\/wein-werte.com\/wp-content\/uploads\/2026\/04\/Franz-Keller-Kirchberg-Oberrotweil-Chardonnay-GG-2022-750ml.png","datePublished":"2026-05-05T16:23:50+00:00","description":"Kaufe Franz Keller Kirchberg Oberrotweil Chardonnay GG 2022 (Chardonnay, trocken aus Baden, Deutschland) bei Wein Werte, Ihrem nachhaltigen Onlineshop.","breadcrumb":{"@id":"https:\/\/wein-werte.com\/de\/produkt\/franz-keller-kirchberg-oberrotweil-chardonnay-gg-2022-750ml\/#breadcrumb"},"inLanguage":"de","potentialAction":[{"@type":"ReadAction","target":["https:\/\/wein-werte.com\/de\/produkt\/franz-keller-kirchberg-oberrotweil-chardonnay-gg-2022-750ml\/"]}]},{"@type":"ImageObject","inLanguage":"de","@id":"https:\/\/wein-werte.com\/de\/produkt\/franz-keller-kirchberg-oberrotweil-chardonnay-gg-2022-750ml\/#primaryimage","url":"https:\/\/wein-werte.com\/wp-content\/uploads\/2026\/04\/Franz-Keller-Kirchberg-Oberrotweil-Chardonnay-GG-2022-750ml.png","contentUrl":"https:\/\/wein-werte.com\/wp-content\/uploads\/2026\/04\/Franz-Keller-Kirchberg-Oberrotweil-Chardonnay-GG-2022-750ml.png","width":324,"height":1200,"caption":"Franz Keller Kirchberg Oberrotweil Chardonnay GG 2022 750ml"},{"@type":"BreadcrumbList","@id":"https:\/\/wein-werte.com\/de\/produkt\/franz-keller-kirchberg-oberrotweil-chardonnay-gg-2022-750ml\/#breadcrumb","itemListElement":[{"@type":"ListItem","position":1,"name":"Home","item":"https:\/\/wein-werte.com\/de\/"},{"@type":"ListItem","position":2,"name":"Shop","item":"https:\/\/wein-werte.com\/de\/shop\/"},{"@type":"ListItem","position":3,"name":"Franz Keller | Baden | Kirchberg Oberrotweil Chardonnay GG | 2022 | 750ml"}]},{"@type":"WebSite","@id":"https:\/\/wein-werte.com\/de\/#website","url":"https:\/\/wein-werte.com\/de\/","name":"Wein Werte","description":"","publisher":{"@id":"https:\/\/wein-werte.com\/de\/#organization"},"potentialAction":[{"@type":"SearchAction","target":{"@type":"EntryPoint","urlTemplate":"https:\/\/wein-werte.com\/de\/?s={search_term_string}"},"query-input":{"@type":"PropertyValueSpecification","valueRequired":true,"valueName":"search_term_string"}}],"inLanguage":"de"},{"@type":"Organization","@id":"https:\/\/wein-werte.com\/de\/#organization","name":"Vins Fins Thorrold","url":"https:\/\/wein-werte.com\/de\/","logo":{"@type":"ImageObject","inLanguage":"de","@id":"https:\/\/wein-werte.com\/de\/#\/schema\/logo\/image\/","url":"https:\/\/wein-werte.com\/wp-content\/uploads\/2023\/07\/Wein_werte_Logo700-1.png","contentUrl":"https:\/\/wein-werte.com\/wp-content\/uploads\/2023\/07\/Wein_werte_Logo700-1.png","width":700,"height":272,"caption":"Vins Fins Thorrold"},"image":{"@id":"https:\/\/wein-werte.com\/de\/#\/schema\/logo\/image\/"}}]}},"_links":{"self":[{"href":"https:\/\/wein-werte.com\/de\/wp-json\/wp\/v2\/product\/1131886","targetHints":{"allow":["GET"]}}],"collection":[{"href":"https:\/\/wein-werte.com\/de\/wp-json\/wp\/v2\/product"}],"about":[{"href":"https:\/\/wein-werte.com\/de\/wp-json\/wp\/v2\/types\/product"}],"wp:featuredmedia":[{"embeddable":true,"href":"https:\/\/wein-werte.com\/de\/wp-json\/wp\/v2\/media\/1142678"}],"wp:attachment":[{"href":"https:\/\/wein-werte.com\/de\/wp-json\/wp\/v2\/media?parent=1131886"}],"wp:term":[{"taxonomy":"product_brand","embeddable":true,"href":"https:\/\/wein-werte.com\/de\/wp-json\/wp\/v2\/product_brand?post=1131886"},{"taxonomy":"product_cat","embeddable":true,"href":"https:\/\/wein-werte.com\/de\/wp-json\/wp\/v2\/product_cat?post=1131886"},{"taxonomy":"product_tag","embeddable":true,"href":"https:\/\/wein-werte.com\/de\/wp-json\/wp\/v2\/product_tag?post=1131886"}],"curies":[{"name":"wp","href":"https:\/\/api.w.org\/{rel}","templated":true}]}}