{"id":1131878,"date":"2026-05-05T18:23:46","date_gmt":"2026-05-05T16:23:46","guid":{"rendered":"https:\/\/wein-werte.com\/product\/franz-keller-schlossberg-achkarren-spatburgunder-gg-2021-750ml\/"},"modified":"2026-04-27T11:48:09","modified_gmt":"2026-04-27T09:48:09","slug":"franz-keller-schlossberg-achkarren-spatburgunder-gg-2021-750ml","status":"publish","type":"product","link":"https:\/\/wein-werte.com\/de\/produkt\/franz-keller-schlossberg-achkarren-spatburgunder-gg-2021-750ml\/","title":{"rendered":"Franz Keller | Baden | Schlossberg Achkarren Sp\u00e4tburgunder GG | 2021 | 750ml"},"content":{"rendered":"<p>Produktbeschreibung f\u00fcr Franz Keller Schlossberg Achkarren Sp\u00e4tburgunder GG 2021 <\/p>\n<p> Beim Weingut Franz Keller steht schon seit einiger Zeit mit Friedrich Keller die dritte Generation in den Startl\u00f6chern. In den letzten Jahren haben Friedrich und Vater Fritz das Weingut gemeinsam gef\u00fchrt und Entscheidungen getroffen und \u00fcbernimmt Friedrich mehr und mehr das Zepter. Er ist durch und durch Winzer und lebt den Wein. Er will das Weingut Franz Keller nun konsequent auf das n\u00e4chste Level heben. Schon Vater Fritz hat das Weingut naturnah ausgerichtet Friedrich stellt nun komplett auf Bio um und tastet sich langsames auch an biodynamische Aspekte heran. An der Qualit\u00e4tsschraube wurde in den letzten Jahren schon gedreht, nun geht man auch hier den n\u00e4chsten Schritt und trennt sich von weniger guten Lagen, verringert somit die Fl\u00e4che und strafft das Sortiment. <\/p>\n<h5>Info<\/h5>\n<p> In der VDP. Gro\u00dfe Lage Schlossberg in Achkarren stehen Grauburgunder und Sp\u00e4tburgunder. Das Kernst\u00fcck der Lage ist vom Wind gesch\u00fctzt und enorm steil. Die Stauw\u00e4rme ist eine bedeutende Charaktereigenschaft dieser historischen Lage. Fritz Keller hat seinerzeit von der Rodung der alten Reben in dieser Lage mitbekommen. Er wollte sofort die Genetik sch\u00fctzen. Obwohl die damaligen Inhaber keinen Nachfolger hatten, galt. \u201eAchkarrer verkaufen nicht an Oberbergener\u201c! Die uralten Reben konnten gerettet werden, nur nachdem Fritz Keller nachweislich eine Gro\u00dfmutter aus Achkarren vorweisen konnte. Zu den alten Reben im Kernst\u00fcck ist seit 2009 auch eine Parzelle mit schwarzer Vulkanerde und einer bis zu 4m hohen Trockenmauer. Auf einer L\u00e4nge von 150m erstreckt sich dieses konservierte St\u00fcck Kulturerbe. Per S\u00e9lection Massale hat man hier aus dem uralten Rebmaterial die Zukunft gesichert. Alle Sp\u00e4tburgunder im Weingut Franz Keller werden im Barrique ausgebaut. F\u00fcr die Erste Lage Oberbergen Bassgeige ist der Anteil an Neuholz gering bei 10-20%, aber selbst im GG-Bereich \u00fcbersteigt diese Quote selten die 35%. Exakt bei 35% liegt der 2021er Schlossberg aus Achkarren. Der Sp\u00e4tburgunder reift in den F\u00e4ssern f\u00fcr 18 Monate. <\/p>\n<h5>Farbe<\/h5>\n<p> Leuchtendes Kirschrot mit zartvioletten Reflexen und hellem Rand <\/p>\n<h5>Nase<\/h5>\n<p> Au\u00dfergew\u00f6hnlich dunkel zeigt sich der Schlossberg aus Achkarren. Die renommierte VDP. Gro\u00dfe Lage mutet dunkel und mystisch an. Ganz gleich dem Burgund hat die Rebsorte auf dem Frontetikett nichts verloren. Herkunft pur. Er lebt von schwarzer Johannisbeere, Himbeere und Brombeere sowie einer ordentlichen Portion Sauerkirsche. Dezent wirkt etwas Wacholder und schwarzer Pfeffer unterst\u00fctzend. Seine florale Seite zeigt er dunkel in Form von Hibiskus, Veilchen und Stiefm\u00fctterchen. Ein Hauch Haselnuss baut sich langsam auf und schiebt seine zarte, sch\u00fcchterne Kr\u00e4uterw\u00fcrze in weite Ferne. <\/p>\n<h5>Gaumen<\/h5>\n<p> Der Schlossberg steht \u00fcber den Dingen. Dicht, kompakt, dabei zeitgleich seidig k\u00fchl und filigran. Seine dunkle Frucht m\u00fcndet in einen feinen Strahl. Mit Nachdruck schafft er Platz f\u00fcr die Frucht. Er ist engmaschig, aber mit einem klaren Fruchtprofil. Seien W\u00fcrze zeigt sich in Form von wei\u00dfem Pfeffer sowie etwas Fenchelsaat. Ein feines Tannin begleitet ihn dabei und kleidet den Mundraum aus. das wirkt minutenlang und nagelt sich fest. Nachhaltig. Dicht. Langanhaltend. Ausdauernd.<\/p>\n<p>Copyright Vinaturel 2025<\/p>\n<p>Keywords: <a href=\"https:\/\/wein-werte.com\/de\/shop\/?swoof=1&#038;pa_producer=Franz-Keller\">Franz Keller<\/a> <a href=\"https:\/\/wein-werte.com\/de\/shop\/?swoof=1&#038;woof_text=Schlossberg Achkarren Sp\u00e4tburgunder GG\">Schlossberg Achkarren Sp\u00e4tburgunder GG<\/a> 2021  <a href=\"https:\/\/wein-werte.com\/de\/shop\/?swoof=1&#038;pa_region=Baden\">Baden<\/a> <a href=\"https:\/\/wein-werte.com\/de\/shop\/?swoof=1&#038;pa_country=Deutschland\">Deutschland<\/a><\/p>\n<h3>Wine Advocate<\/h3>\n<p>Punkte: 93+<\/p>\n<p>Der Schlossberg Achkarren Sp\u00e4tburgunder GG 2021 basiert vollst\u00e4ndig auf franz\u00f6sischer Genetik (15- bis 30-j\u00e4hrige Rebst\u00f6cke) und wird auf eisenhaltigen Vulkanb\u00f6den angebaut. Er er\u00f6ffnet mit einem reinen, frischen und zarten, feuersteinartigen Bouquet von Pinot Noir, vermischt mit floralen und teilweise blutigen Aromen. Am Gaumen vollmundig, intensiv und salzig, ist dies ein eleganter, dichter und straffer, aber saftiger und erfrischender, sogar finessenreicher Pinot Noir mit einem langen und anregenden salzigen Abgang, der erneut die zarten Tannine dieses franz\u00f6sischsprachigen Kaiserst\u00fchlers offenbart. 12,5 % Alkoholgehalt. Naturkorken. Verkostung im Februar 2024 auf dem Weingut.<br \/>Stephan Reinhardt<\/p>\n<p>Internetseite des Weinguts: <a href=\"https:\/\/www.franz-keller.de\/en\/\" target=\"_blank\">https:\/\/www.franz-keller.de\/en\/<\/a><\/p>\n","protected":false},"excerpt":{"rendered":"<p>Lieferzeit: 1 bis 2 Arbeitstage (DE), 2 bis 5 Arbeitstage (EU and CH)<\/p>\n","protected":false},"featured_media":1142672,"template":"","meta":[],"product_brand":[],"product_cat":[19],"product_tag":[],"class_list":{"0":"post-1131878","1":"product","2":"type-product","3":"status-publish","4":"has-post-thumbnail","6":"product_cat-unkategorisiert","7":"pa_alcohol-for-filter-12-5","8":"pa_certified-biodynamic-nein-de","9":"pa_certified-organic-nein-de","10":"pa_colour-rot","11":"pa_country-deutschland","12":"pa_grape-pinot-noir-spatburgunder","13":"pa_parker-points-for-filter-93-de-2","14":"pa_price-for-filter-10766","15":"pa_producer-franz-keller","16":"pa_region-baden","17":"pa_size-ml-6584","18":"pa_sweetness-trocken-de","19":"pa_type-2-still-de","20":"pa_vintage-2021-de","21":"entry","22":"has-media","24":"first","25":"instock","26":"taxable","27":"shipping-taxable","28":"purchasable","29":"product-type-simple"},"yoast_head":"<!-- This site is optimized with the Yoast SEO plugin v27.5 - https:\/\/yoast.com\/product\/yoast-seo-wordpress\/ -->\n<title>Franz Keller Schlossberg Achkarren Sp\u00e4tburgunder GG 2021<\/title>\n<meta name=\"description\" content=\"Kaufe Franz Keller Schlossberg Achkarren Sp\u00e4tburgunder GG 2021 (Pinot Noir, trocken aus Baden, Deutschland) bei Wein Werte, Ihrem nachhaltigen Onlineshop.\" \/>\n<meta name=\"robots\" content=\"index, follow, max-snippet:-1, max-image-preview:large, max-video-preview:-1\" \/>\n<link rel=\"canonical\" href=\"https:\/\/wein-werte.com\/de\/produkt\/franz-keller-schlossberg-achkarren-spatburgunder-gg-2021-750ml\/\" \/>\n<meta property=\"og:locale\" content=\"de_DE\" \/>\n<meta property=\"og:type\" content=\"article\" \/>\n<meta property=\"og:title\" content=\"Franz Keller Schlossberg Achkarren Sp\u00e4tburgunder GG 2021\" \/>\n<meta property=\"og:description\" content=\"Kaufe Franz Keller Schlossberg Achkarren Sp\u00e4tburgunder GG 2021 (Pinot Noir, trocken aus Baden, Deutschland) bei Wein Werte, Ihrem nachhaltigen Onlineshop.\" \/>\n<meta property=\"og:url\" content=\"https:\/\/wein-werte.com\/de\/produkt\/franz-keller-schlossberg-achkarren-spatburgunder-gg-2021-750ml\/\" \/>\n<meta property=\"og:site_name\" content=\"Wein Werte\" \/>\n<meta property=\"og:image\" content=\"https:\/\/wein-werte.com\/wp-content\/uploads\/2026\/04\/Franz-Keller-Schlossberg-Achkarren-Spatburgunder-GG-2021-750ml.png\" \/>\n\t<meta property=\"og:image:width\" content=\"326\" \/>\n\t<meta property=\"og:image:height\" content=\"1200\" \/>\n\t<meta property=\"og:image:type\" content=\"image\/png\" \/>\n<meta name=\"twitter:card\" content=\"summary_large_image\" \/>\n<meta name=\"twitter:label1\" content=\"Gesch\u00e4tzte Lesezeit\" \/>\n\t<meta name=\"twitter:data1\" content=\"3\u00a0Minuten\" \/>\n<script type=\"application\/ld+json\" class=\"yoast-schema-graph\">{\"@context\":\"https:\\\/\\\/schema.org\",\"@graph\":[{\"@type\":\"WebPage\",\"@id\":\"https:\\\/\\\/wein-werte.com\\\/de\\\/produkt\\\/franz-keller-schlossberg-achkarren-spatburgunder-gg-2021-750ml\\\/\",\"url\":\"https:\\\/\\\/wein-werte.com\\\/de\\\/produkt\\\/franz-keller-schlossberg-achkarren-spatburgunder-gg-2021-750ml\\\/\",\"name\":\"Franz Keller Schlossberg Achkarren Sp\u00e4tburgunder GG 2021\",\"isPartOf\":{\"@id\":\"https:\\\/\\\/wein-werte.com\\\/de\\\/#website\"},\"primaryImageOfPage\":{\"@id\":\"https:\\\/\\\/wein-werte.com\\\/de\\\/produkt\\\/franz-keller-schlossberg-achkarren-spatburgunder-gg-2021-750ml\\\/#primaryimage\"},\"image\":{\"@id\":\"https:\\\/\\\/wein-werte.com\\\/de\\\/produkt\\\/franz-keller-schlossberg-achkarren-spatburgunder-gg-2021-750ml\\\/#primaryimage\"},\"thumbnailUrl\":\"https:\\\/\\\/wein-werte.com\\\/wp-content\\\/uploads\\\/2026\\\/04\\\/Franz-Keller-Schlossberg-Achkarren-Spatburgunder-GG-2021-750ml.png\",\"datePublished\":\"2026-05-05T16:23:46+00:00\",\"description\":\"Kaufe Franz Keller Schlossberg Achkarren Sp\u00e4tburgunder GG 2021 (Pinot Noir, trocken aus Baden, Deutschland) bei Wein Werte, Ihrem nachhaltigen Onlineshop.\",\"breadcrumb\":{\"@id\":\"https:\\\/\\\/wein-werte.com\\\/de\\\/produkt\\\/franz-keller-schlossberg-achkarren-spatburgunder-gg-2021-750ml\\\/#breadcrumb\"},\"inLanguage\":\"de\",\"potentialAction\":[{\"@type\":\"ReadAction\",\"target\":[\"https:\\\/\\\/wein-werte.com\\\/de\\\/produkt\\\/franz-keller-schlossberg-achkarren-spatburgunder-gg-2021-750ml\\\/\"]}]},{\"@type\":\"ImageObject\",\"inLanguage\":\"de\",\"@id\":\"https:\\\/\\\/wein-werte.com\\\/de\\\/produkt\\\/franz-keller-schlossberg-achkarren-spatburgunder-gg-2021-750ml\\\/#primaryimage\",\"url\":\"https:\\\/\\\/wein-werte.com\\\/wp-content\\\/uploads\\\/2026\\\/04\\\/Franz-Keller-Schlossberg-Achkarren-Spatburgunder-GG-2021-750ml.png\",\"contentUrl\":\"https:\\\/\\\/wein-werte.com\\\/wp-content\\\/uploads\\\/2026\\\/04\\\/Franz-Keller-Schlossberg-Achkarren-Spatburgunder-GG-2021-750ml.png\",\"width\":326,\"height\":1200,\"caption\":\"Franz Keller Schlossberg Achkarren Sp\u00e4tburgunder GG 2021 750ml\"},{\"@type\":\"BreadcrumbList\",\"@id\":\"https:\\\/\\\/wein-werte.com\\\/de\\\/produkt\\\/franz-keller-schlossberg-achkarren-spatburgunder-gg-2021-750ml\\\/#breadcrumb\",\"itemListElement\":[{\"@type\":\"ListItem\",\"position\":1,\"name\":\"Home\",\"item\":\"https:\\\/\\\/wein-werte.com\\\/de\\\/\"},{\"@type\":\"ListItem\",\"position\":2,\"name\":\"Shop\",\"item\":\"https:\\\/\\\/wein-werte.com\\\/de\\\/shop\\\/\"},{\"@type\":\"ListItem\",\"position\":3,\"name\":\"Franz Keller | Baden | Schlossberg Achkarren Sp\u00e4tburgunder GG | 2021 | 750ml\"}]},{\"@type\":\"WebSite\",\"@id\":\"https:\\\/\\\/wein-werte.com\\\/de\\\/#website\",\"url\":\"https:\\\/\\\/wein-werte.com\\\/de\\\/\",\"name\":\"Wein Werte\",\"description\":\"\",\"publisher\":{\"@id\":\"https:\\\/\\\/wein-werte.com\\\/de\\\/#organization\"},\"potentialAction\":[{\"@type\":\"SearchAction\",\"target\":{\"@type\":\"EntryPoint\",\"urlTemplate\":\"https:\\\/\\\/wein-werte.com\\\/de\\\/?s={search_term_string}\"},\"query-input\":{\"@type\":\"PropertyValueSpecification\",\"valueRequired\":true,\"valueName\":\"search_term_string\"}}],\"inLanguage\":\"de\"},{\"@type\":\"Organization\",\"@id\":\"https:\\\/\\\/wein-werte.com\\\/de\\\/#organization\",\"name\":\"Vins Fins Thorrold\",\"url\":\"https:\\\/\\\/wein-werte.com\\\/de\\\/\",\"logo\":{\"@type\":\"ImageObject\",\"inLanguage\":\"de\",\"@id\":\"https:\\\/\\\/wein-werte.com\\\/de\\\/#\\\/schema\\\/logo\\\/image\\\/\",\"url\":\"https:\\\/\\\/wein-werte.com\\\/wp-content\\\/uploads\\\/2023\\\/07\\\/Wein_werte_Logo700-1.png\",\"contentUrl\":\"https:\\\/\\\/wein-werte.com\\\/wp-content\\\/uploads\\\/2023\\\/07\\\/Wein_werte_Logo700-1.png\",\"width\":700,\"height\":272,\"caption\":\"Vins Fins Thorrold\"},\"image\":{\"@id\":\"https:\\\/\\\/wein-werte.com\\\/de\\\/#\\\/schema\\\/logo\\\/image\\\/\"}}]}<\/script>\n<!-- \/ Yoast SEO plugin. -->","yoast_head_json":{"title":"Franz Keller Schlossberg Achkarren Sp\u00e4tburgunder GG 2021","description":"Kaufe Franz Keller Schlossberg Achkarren Sp\u00e4tburgunder GG 2021 (Pinot Noir, trocken aus Baden, Deutschland) bei Wein Werte, Ihrem nachhaltigen Onlineshop.","robots":{"index":"index","follow":"follow","max-snippet":"max-snippet:-1","max-image-preview":"max-image-preview:large","max-video-preview":"max-video-preview:-1"},"canonical":"https:\/\/wein-werte.com\/de\/produkt\/franz-keller-schlossberg-achkarren-spatburgunder-gg-2021-750ml\/","og_locale":"de_DE","og_type":"article","og_title":"Franz Keller Schlossberg Achkarren Sp\u00e4tburgunder GG 2021","og_description":"Kaufe Franz Keller Schlossberg Achkarren Sp\u00e4tburgunder GG 2021 (Pinot Noir, trocken aus Baden, Deutschland) bei Wein Werte, Ihrem nachhaltigen Onlineshop.","og_url":"https:\/\/wein-werte.com\/de\/produkt\/franz-keller-schlossberg-achkarren-spatburgunder-gg-2021-750ml\/","og_site_name":"Wein Werte","og_image":[{"width":326,"height":1200,"url":"https:\/\/wein-werte.com\/wp-content\/uploads\/2026\/04\/Franz-Keller-Schlossberg-Achkarren-Spatburgunder-GG-2021-750ml.png","type":"image\/png"}],"twitter_card":"summary_large_image","twitter_misc":{"Gesch\u00e4tzte Lesezeit":"3\u00a0Minuten"},"schema":{"@context":"https:\/\/schema.org","@graph":[{"@type":"WebPage","@id":"https:\/\/wein-werte.com\/de\/produkt\/franz-keller-schlossberg-achkarren-spatburgunder-gg-2021-750ml\/","url":"https:\/\/wein-werte.com\/de\/produkt\/franz-keller-schlossberg-achkarren-spatburgunder-gg-2021-750ml\/","name":"Franz Keller Schlossberg Achkarren Sp\u00e4tburgunder GG 2021","isPartOf":{"@id":"https:\/\/wein-werte.com\/de\/#website"},"primaryImageOfPage":{"@id":"https:\/\/wein-werte.com\/de\/produkt\/franz-keller-schlossberg-achkarren-spatburgunder-gg-2021-750ml\/#primaryimage"},"image":{"@id":"https:\/\/wein-werte.com\/de\/produkt\/franz-keller-schlossberg-achkarren-spatburgunder-gg-2021-750ml\/#primaryimage"},"thumbnailUrl":"https:\/\/wein-werte.com\/wp-content\/uploads\/2026\/04\/Franz-Keller-Schlossberg-Achkarren-Spatburgunder-GG-2021-750ml.png","datePublished":"2026-05-05T16:23:46+00:00","description":"Kaufe Franz Keller Schlossberg Achkarren Sp\u00e4tburgunder GG 2021 (Pinot Noir, trocken aus Baden, Deutschland) bei Wein Werte, Ihrem nachhaltigen Onlineshop.","breadcrumb":{"@id":"https:\/\/wein-werte.com\/de\/produkt\/franz-keller-schlossberg-achkarren-spatburgunder-gg-2021-750ml\/#breadcrumb"},"inLanguage":"de","potentialAction":[{"@type":"ReadAction","target":["https:\/\/wein-werte.com\/de\/produkt\/franz-keller-schlossberg-achkarren-spatburgunder-gg-2021-750ml\/"]}]},{"@type":"ImageObject","inLanguage":"de","@id":"https:\/\/wein-werte.com\/de\/produkt\/franz-keller-schlossberg-achkarren-spatburgunder-gg-2021-750ml\/#primaryimage","url":"https:\/\/wein-werte.com\/wp-content\/uploads\/2026\/04\/Franz-Keller-Schlossberg-Achkarren-Spatburgunder-GG-2021-750ml.png","contentUrl":"https:\/\/wein-werte.com\/wp-content\/uploads\/2026\/04\/Franz-Keller-Schlossberg-Achkarren-Spatburgunder-GG-2021-750ml.png","width":326,"height":1200,"caption":"Franz Keller Schlossberg Achkarren Sp\u00e4tburgunder GG 2021 750ml"},{"@type":"BreadcrumbList","@id":"https:\/\/wein-werte.com\/de\/produkt\/franz-keller-schlossberg-achkarren-spatburgunder-gg-2021-750ml\/#breadcrumb","itemListElement":[{"@type":"ListItem","position":1,"name":"Home","item":"https:\/\/wein-werte.com\/de\/"},{"@type":"ListItem","position":2,"name":"Shop","item":"https:\/\/wein-werte.com\/de\/shop\/"},{"@type":"ListItem","position":3,"name":"Franz Keller | Baden | Schlossberg Achkarren Sp\u00e4tburgunder GG | 2021 | 750ml"}]},{"@type":"WebSite","@id":"https:\/\/wein-werte.com\/de\/#website","url":"https:\/\/wein-werte.com\/de\/","name":"Wein Werte","description":"","publisher":{"@id":"https:\/\/wein-werte.com\/de\/#organization"},"potentialAction":[{"@type":"SearchAction","target":{"@type":"EntryPoint","urlTemplate":"https:\/\/wein-werte.com\/de\/?s={search_term_string}"},"query-input":{"@type":"PropertyValueSpecification","valueRequired":true,"valueName":"search_term_string"}}],"inLanguage":"de"},{"@type":"Organization","@id":"https:\/\/wein-werte.com\/de\/#organization","name":"Vins Fins Thorrold","url":"https:\/\/wein-werte.com\/de\/","logo":{"@type":"ImageObject","inLanguage":"de","@id":"https:\/\/wein-werte.com\/de\/#\/schema\/logo\/image\/","url":"https:\/\/wein-werte.com\/wp-content\/uploads\/2023\/07\/Wein_werte_Logo700-1.png","contentUrl":"https:\/\/wein-werte.com\/wp-content\/uploads\/2023\/07\/Wein_werte_Logo700-1.png","width":700,"height":272,"caption":"Vins Fins Thorrold"},"image":{"@id":"https:\/\/wein-werte.com\/de\/#\/schema\/logo\/image\/"}}]}},"_links":{"self":[{"href":"https:\/\/wein-werte.com\/de\/wp-json\/wp\/v2\/product\/1131878","targetHints":{"allow":["GET"]}}],"collection":[{"href":"https:\/\/wein-werte.com\/de\/wp-json\/wp\/v2\/product"}],"about":[{"href":"https:\/\/wein-werte.com\/de\/wp-json\/wp\/v2\/types\/product"}],"wp:featuredmedia":[{"embeddable":true,"href":"https:\/\/wein-werte.com\/de\/wp-json\/wp\/v2\/media\/1142672"}],"wp:attachment":[{"href":"https:\/\/wein-werte.com\/de\/wp-json\/wp\/v2\/media?parent=1131878"}],"wp:term":[{"taxonomy":"product_brand","embeddable":true,"href":"https:\/\/wein-werte.com\/de\/wp-json\/wp\/v2\/product_brand?post=1131878"},{"taxonomy":"product_cat","embeddable":true,"href":"https:\/\/wein-werte.com\/de\/wp-json\/wp\/v2\/product_cat?post=1131878"},{"taxonomy":"product_tag","embeddable":true,"href":"https:\/\/wein-werte.com\/de\/wp-json\/wp\/v2\/product_tag?post=1131878"}],"curies":[{"name":"wp","href":"https:\/\/api.w.org\/{rel}","templated":true}]}}