{"id":1131870,"date":"2026-05-05T18:23:46","date_gmt":"2026-05-05T16:23:46","guid":{"rendered":"https:\/\/wein-werte.com\/product\/franz-keller-schlossberg-achkarren-spatburgunder-gg-2020-750ml\/"},"modified":"2026-04-27T11:48:09","modified_gmt":"2026-04-27T09:48:09","slug":"franz-keller-schlossberg-achkarren-spatburgunder-gg-2020-750ml","status":"publish","type":"product","link":"https:\/\/wein-werte.com\/de\/produkt\/franz-keller-schlossberg-achkarren-spatburgunder-gg-2020-750ml\/","title":{"rendered":"Franz Keller | Baden | Schlossberg Achkarren Sp\u00e4tburgunder GG | 2020 | 750ml"},"content":{"rendered":"<p>Produktbeschreibung f\u00fcr Franz Keller Schlossberg Achkarren Sp\u00e4tburgunder GG 2020 <\/p>\n<p> Beim Weingut Franz Keller steht schon seit einiger Zeit mit Friedrich Keller die dritte Generation in den Startl\u00f6chern. In den letzten Jahren haben Friedrich und Vater Fritz das Weingut gemeinsam gef\u00fchrt und Entscheidungen getroffen und \u00fcbernimmt Friedrich mehr und mehr das Zepter. Er ist durch und durch Winzer und lebt den Wein. Er will das Weingut Franz Keller nun konsequent auf das n\u00e4chste Level heben. Schon Vater Fritz hat das Weingut naturnah ausgerichtet Friedrich stellt nun komplett auf Bio um und tastet sich langsames auch an biodynamische Aspekte heran. An der Qualit\u00e4tsschraube wurde in den letzten Jahren schon gedreht, nun geht man auch hier den n\u00e4chsten Schritt und trennt sich von weniger guten Lagen, verringert somit die Fl\u00e4che und strafft das Sortiment. <\/p>\n<p>Copyright Vinaturel 2025<\/p>\n<p>Keywords: <a href=\"https:\/\/wein-werte.com\/de\/shop\/?swoof=1&#038;pa_producer=Franz-Keller\">Franz Keller<\/a> <a href=\"https:\/\/wein-werte.com\/de\/shop\/?swoof=1&#038;woof_text=Schlossberg Achkarren Sp\u00e4tburgunder GG\">Schlossberg Achkarren Sp\u00e4tburgunder GG<\/a> 2020  <a href=\"https:\/\/wein-werte.com\/de\/shop\/?swoof=1&#038;pa_region=Baden\">Baden<\/a> <a href=\"https:\/\/wein-werte.com\/de\/shop\/?swoof=1&#038;pa_country=Deutschland\">Deutschland<\/a><\/p>\n<p>Internetseite des Weinguts: <a href=\"https:\/\/www.franz-keller.de\/en\/\" target=\"_blank\">https:\/\/www.franz-keller.de\/en\/<\/a><\/p>\n","protected":false},"excerpt":{"rendered":"<p>Lieferzeit: 1 bis 2 Arbeitstage (DE), 2 bis 5 Arbeitstage (EU and CH)<\/p>\n","protected":false},"featured_media":1142666,"template":"","meta":[],"product_brand":[],"product_cat":[19],"product_tag":[],"class_list":{"0":"post-1131870","1":"product","2":"type-product","3":"status-publish","4":"has-post-thumbnail","6":"product_cat-unkategorisiert","7":"pa_alcohol-for-filter-12-5","8":"pa_certified-biodynamic-nein-de","9":"pa_certified-organic-nein-de","10":"pa_colour-rot","11":"pa_country-deutschland","12":"pa_grape-pinot-noir-spatburgunder","13":"pa_price-for-filter-10766","14":"pa_producer-franz-keller","15":"pa_region-baden","16":"pa_size-ml-6584","17":"pa_sweetness-trocken-de","18":"pa_type-2-still-de","19":"pa_vintage-2020-de","20":"entry","21":"has-media","23":"first","24":"instock","25":"taxable","26":"shipping-taxable","27":"purchasable","28":"product-type-simple"},"yoast_head":"<!-- This site is optimized with the Yoast SEO plugin v27.5 - https:\/\/yoast.com\/product\/yoast-seo-wordpress\/ -->\n<title>Franz Keller Schlossberg Achkarren Sp\u00e4tburgunder GG 2020<\/title>\n<meta name=\"description\" content=\"Kaufe Franz Keller Schlossberg Achkarren Sp\u00e4tburgunder GG 2020 (Pinot Noir, trocken aus Baden, Deutschland) bei Wein Werte, Ihrem nachhaltigen Onlineshop.\" \/>\n<meta name=\"robots\" content=\"index, follow, max-snippet:-1, max-image-preview:large, max-video-preview:-1\" \/>\n<link rel=\"canonical\" href=\"https:\/\/wein-werte.com\/de\/produkt\/franz-keller-schlossberg-achkarren-spatburgunder-gg-2020-750ml\/\" \/>\n<meta property=\"og:locale\" content=\"de_DE\" \/>\n<meta property=\"og:type\" content=\"article\" \/>\n<meta property=\"og:title\" content=\"Franz Keller Schlossberg Achkarren Sp\u00e4tburgunder GG 2020\" \/>\n<meta property=\"og:description\" content=\"Kaufe Franz Keller Schlossberg Achkarren Sp\u00e4tburgunder GG 2020 (Pinot Noir, trocken aus Baden, Deutschland) bei Wein Werte, Ihrem nachhaltigen Onlineshop.\" \/>\n<meta property=\"og:url\" content=\"https:\/\/wein-werte.com\/de\/produkt\/franz-keller-schlossberg-achkarren-spatburgunder-gg-2020-750ml\/\" \/>\n<meta property=\"og:site_name\" content=\"Wein Werte\" \/>\n<meta property=\"og:image\" content=\"https:\/\/wein-werte.com\/wp-content\/uploads\/2026\/04\/Franz-Keller-Schlossberg-Achkarren-Spatburgunder-GG-2020-750ml.png\" \/>\n\t<meta property=\"og:image:width\" content=\"324\" \/>\n\t<meta property=\"og:image:height\" content=\"1200\" \/>\n\t<meta property=\"og:image:type\" content=\"image\/png\" \/>\n<meta name=\"twitter:card\" content=\"summary_large_image\" \/>\n<meta name=\"twitter:label1\" content=\"Gesch\u00e4tzte Lesezeit\" \/>\n\t<meta name=\"twitter:data1\" content=\"1\u00a0Minute\" \/>\n<script type=\"application\/ld+json\" class=\"yoast-schema-graph\">{\"@context\":\"https:\\\/\\\/schema.org\",\"@graph\":[{\"@type\":\"WebPage\",\"@id\":\"https:\\\/\\\/wein-werte.com\\\/de\\\/produkt\\\/franz-keller-schlossberg-achkarren-spatburgunder-gg-2020-750ml\\\/\",\"url\":\"https:\\\/\\\/wein-werte.com\\\/de\\\/produkt\\\/franz-keller-schlossberg-achkarren-spatburgunder-gg-2020-750ml\\\/\",\"name\":\"Franz Keller Schlossberg Achkarren Sp\u00e4tburgunder GG 2020\",\"isPartOf\":{\"@id\":\"https:\\\/\\\/wein-werte.com\\\/de\\\/#website\"},\"primaryImageOfPage\":{\"@id\":\"https:\\\/\\\/wein-werte.com\\\/de\\\/produkt\\\/franz-keller-schlossberg-achkarren-spatburgunder-gg-2020-750ml\\\/#primaryimage\"},\"image\":{\"@id\":\"https:\\\/\\\/wein-werte.com\\\/de\\\/produkt\\\/franz-keller-schlossberg-achkarren-spatburgunder-gg-2020-750ml\\\/#primaryimage\"},\"thumbnailUrl\":\"https:\\\/\\\/wein-werte.com\\\/wp-content\\\/uploads\\\/2026\\\/04\\\/Franz-Keller-Schlossberg-Achkarren-Spatburgunder-GG-2020-750ml.png\",\"datePublished\":\"2026-05-05T16:23:46+00:00\",\"description\":\"Kaufe Franz Keller Schlossberg Achkarren Sp\u00e4tburgunder GG 2020 (Pinot Noir, trocken aus Baden, Deutschland) bei Wein Werte, Ihrem nachhaltigen Onlineshop.\",\"breadcrumb\":{\"@id\":\"https:\\\/\\\/wein-werte.com\\\/de\\\/produkt\\\/franz-keller-schlossberg-achkarren-spatburgunder-gg-2020-750ml\\\/#breadcrumb\"},\"inLanguage\":\"de\",\"potentialAction\":[{\"@type\":\"ReadAction\",\"target\":[\"https:\\\/\\\/wein-werte.com\\\/de\\\/produkt\\\/franz-keller-schlossberg-achkarren-spatburgunder-gg-2020-750ml\\\/\"]}]},{\"@type\":\"ImageObject\",\"inLanguage\":\"de\",\"@id\":\"https:\\\/\\\/wein-werte.com\\\/de\\\/produkt\\\/franz-keller-schlossberg-achkarren-spatburgunder-gg-2020-750ml\\\/#primaryimage\",\"url\":\"https:\\\/\\\/wein-werte.com\\\/wp-content\\\/uploads\\\/2026\\\/04\\\/Franz-Keller-Schlossberg-Achkarren-Spatburgunder-GG-2020-750ml.png\",\"contentUrl\":\"https:\\\/\\\/wein-werte.com\\\/wp-content\\\/uploads\\\/2026\\\/04\\\/Franz-Keller-Schlossberg-Achkarren-Spatburgunder-GG-2020-750ml.png\",\"width\":324,\"height\":1200,\"caption\":\"Franz Keller Schlossberg Achkarren Sp\u00e4tburgunder GG 2020 750ml\"},{\"@type\":\"BreadcrumbList\",\"@id\":\"https:\\\/\\\/wein-werte.com\\\/de\\\/produkt\\\/franz-keller-schlossberg-achkarren-spatburgunder-gg-2020-750ml\\\/#breadcrumb\",\"itemListElement\":[{\"@type\":\"ListItem\",\"position\":1,\"name\":\"Home\",\"item\":\"https:\\\/\\\/wein-werte.com\\\/de\\\/\"},{\"@type\":\"ListItem\",\"position\":2,\"name\":\"Shop\",\"item\":\"https:\\\/\\\/wein-werte.com\\\/de\\\/shop\\\/\"},{\"@type\":\"ListItem\",\"position\":3,\"name\":\"Franz Keller | Baden | Schlossberg Achkarren Sp\u00e4tburgunder GG | 2020 | 750ml\"}]},{\"@type\":\"WebSite\",\"@id\":\"https:\\\/\\\/wein-werte.com\\\/de\\\/#website\",\"url\":\"https:\\\/\\\/wein-werte.com\\\/de\\\/\",\"name\":\"Wein Werte\",\"description\":\"\",\"publisher\":{\"@id\":\"https:\\\/\\\/wein-werte.com\\\/de\\\/#organization\"},\"potentialAction\":[{\"@type\":\"SearchAction\",\"target\":{\"@type\":\"EntryPoint\",\"urlTemplate\":\"https:\\\/\\\/wein-werte.com\\\/de\\\/?s={search_term_string}\"},\"query-input\":{\"@type\":\"PropertyValueSpecification\",\"valueRequired\":true,\"valueName\":\"search_term_string\"}}],\"inLanguage\":\"de\"},{\"@type\":\"Organization\",\"@id\":\"https:\\\/\\\/wein-werte.com\\\/de\\\/#organization\",\"name\":\"Vins Fins Thorrold\",\"url\":\"https:\\\/\\\/wein-werte.com\\\/de\\\/\",\"logo\":{\"@type\":\"ImageObject\",\"inLanguage\":\"de\",\"@id\":\"https:\\\/\\\/wein-werte.com\\\/de\\\/#\\\/schema\\\/logo\\\/image\\\/\",\"url\":\"https:\\\/\\\/wein-werte.com\\\/wp-content\\\/uploads\\\/2023\\\/07\\\/Wein_werte_Logo700-1.png\",\"contentUrl\":\"https:\\\/\\\/wein-werte.com\\\/wp-content\\\/uploads\\\/2023\\\/07\\\/Wein_werte_Logo700-1.png\",\"width\":700,\"height\":272,\"caption\":\"Vins Fins Thorrold\"},\"image\":{\"@id\":\"https:\\\/\\\/wein-werte.com\\\/de\\\/#\\\/schema\\\/logo\\\/image\\\/\"}}]}<\/script>\n<!-- \/ Yoast SEO plugin. -->","yoast_head_json":{"title":"Franz Keller Schlossberg Achkarren Sp\u00e4tburgunder GG 2020","description":"Kaufe Franz Keller Schlossberg Achkarren Sp\u00e4tburgunder GG 2020 (Pinot Noir, trocken aus Baden, Deutschland) bei Wein Werte, Ihrem nachhaltigen Onlineshop.","robots":{"index":"index","follow":"follow","max-snippet":"max-snippet:-1","max-image-preview":"max-image-preview:large","max-video-preview":"max-video-preview:-1"},"canonical":"https:\/\/wein-werte.com\/de\/produkt\/franz-keller-schlossberg-achkarren-spatburgunder-gg-2020-750ml\/","og_locale":"de_DE","og_type":"article","og_title":"Franz Keller Schlossberg Achkarren Sp\u00e4tburgunder GG 2020","og_description":"Kaufe Franz Keller Schlossberg Achkarren Sp\u00e4tburgunder GG 2020 (Pinot Noir, trocken aus Baden, Deutschland) bei Wein Werte, Ihrem nachhaltigen Onlineshop.","og_url":"https:\/\/wein-werte.com\/de\/produkt\/franz-keller-schlossberg-achkarren-spatburgunder-gg-2020-750ml\/","og_site_name":"Wein Werte","og_image":[{"width":324,"height":1200,"url":"https:\/\/wein-werte.com\/wp-content\/uploads\/2026\/04\/Franz-Keller-Schlossberg-Achkarren-Spatburgunder-GG-2020-750ml.png","type":"image\/png"}],"twitter_card":"summary_large_image","twitter_misc":{"Gesch\u00e4tzte Lesezeit":"1\u00a0Minute"},"schema":{"@context":"https:\/\/schema.org","@graph":[{"@type":"WebPage","@id":"https:\/\/wein-werte.com\/de\/produkt\/franz-keller-schlossberg-achkarren-spatburgunder-gg-2020-750ml\/","url":"https:\/\/wein-werte.com\/de\/produkt\/franz-keller-schlossberg-achkarren-spatburgunder-gg-2020-750ml\/","name":"Franz Keller Schlossberg Achkarren Sp\u00e4tburgunder GG 2020","isPartOf":{"@id":"https:\/\/wein-werte.com\/de\/#website"},"primaryImageOfPage":{"@id":"https:\/\/wein-werte.com\/de\/produkt\/franz-keller-schlossberg-achkarren-spatburgunder-gg-2020-750ml\/#primaryimage"},"image":{"@id":"https:\/\/wein-werte.com\/de\/produkt\/franz-keller-schlossberg-achkarren-spatburgunder-gg-2020-750ml\/#primaryimage"},"thumbnailUrl":"https:\/\/wein-werte.com\/wp-content\/uploads\/2026\/04\/Franz-Keller-Schlossberg-Achkarren-Spatburgunder-GG-2020-750ml.png","datePublished":"2026-05-05T16:23:46+00:00","description":"Kaufe Franz Keller Schlossberg Achkarren Sp\u00e4tburgunder GG 2020 (Pinot Noir, trocken aus Baden, Deutschland) bei Wein Werte, Ihrem nachhaltigen Onlineshop.","breadcrumb":{"@id":"https:\/\/wein-werte.com\/de\/produkt\/franz-keller-schlossberg-achkarren-spatburgunder-gg-2020-750ml\/#breadcrumb"},"inLanguage":"de","potentialAction":[{"@type":"ReadAction","target":["https:\/\/wein-werte.com\/de\/produkt\/franz-keller-schlossberg-achkarren-spatburgunder-gg-2020-750ml\/"]}]},{"@type":"ImageObject","inLanguage":"de","@id":"https:\/\/wein-werte.com\/de\/produkt\/franz-keller-schlossberg-achkarren-spatburgunder-gg-2020-750ml\/#primaryimage","url":"https:\/\/wein-werte.com\/wp-content\/uploads\/2026\/04\/Franz-Keller-Schlossberg-Achkarren-Spatburgunder-GG-2020-750ml.png","contentUrl":"https:\/\/wein-werte.com\/wp-content\/uploads\/2026\/04\/Franz-Keller-Schlossberg-Achkarren-Spatburgunder-GG-2020-750ml.png","width":324,"height":1200,"caption":"Franz Keller Schlossberg Achkarren Sp\u00e4tburgunder GG 2020 750ml"},{"@type":"BreadcrumbList","@id":"https:\/\/wein-werte.com\/de\/produkt\/franz-keller-schlossberg-achkarren-spatburgunder-gg-2020-750ml\/#breadcrumb","itemListElement":[{"@type":"ListItem","position":1,"name":"Home","item":"https:\/\/wein-werte.com\/de\/"},{"@type":"ListItem","position":2,"name":"Shop","item":"https:\/\/wein-werte.com\/de\/shop\/"},{"@type":"ListItem","position":3,"name":"Franz Keller | Baden | Schlossberg Achkarren Sp\u00e4tburgunder GG | 2020 | 750ml"}]},{"@type":"WebSite","@id":"https:\/\/wein-werte.com\/de\/#website","url":"https:\/\/wein-werte.com\/de\/","name":"Wein Werte","description":"","publisher":{"@id":"https:\/\/wein-werte.com\/de\/#organization"},"potentialAction":[{"@type":"SearchAction","target":{"@type":"EntryPoint","urlTemplate":"https:\/\/wein-werte.com\/de\/?s={search_term_string}"},"query-input":{"@type":"PropertyValueSpecification","valueRequired":true,"valueName":"search_term_string"}}],"inLanguage":"de"},{"@type":"Organization","@id":"https:\/\/wein-werte.com\/de\/#organization","name":"Vins Fins Thorrold","url":"https:\/\/wein-werte.com\/de\/","logo":{"@type":"ImageObject","inLanguage":"de","@id":"https:\/\/wein-werte.com\/de\/#\/schema\/logo\/image\/","url":"https:\/\/wein-werte.com\/wp-content\/uploads\/2023\/07\/Wein_werte_Logo700-1.png","contentUrl":"https:\/\/wein-werte.com\/wp-content\/uploads\/2023\/07\/Wein_werte_Logo700-1.png","width":700,"height":272,"caption":"Vins Fins Thorrold"},"image":{"@id":"https:\/\/wein-werte.com\/de\/#\/schema\/logo\/image\/"}}]}},"_links":{"self":[{"href":"https:\/\/wein-werte.com\/de\/wp-json\/wp\/v2\/product\/1131870","targetHints":{"allow":["GET"]}}],"collection":[{"href":"https:\/\/wein-werte.com\/de\/wp-json\/wp\/v2\/product"}],"about":[{"href":"https:\/\/wein-werte.com\/de\/wp-json\/wp\/v2\/types\/product"}],"wp:featuredmedia":[{"embeddable":true,"href":"https:\/\/wein-werte.com\/de\/wp-json\/wp\/v2\/media\/1142666"}],"wp:attachment":[{"href":"https:\/\/wein-werte.com\/de\/wp-json\/wp\/v2\/media?parent=1131870"}],"wp:term":[{"taxonomy":"product_brand","embeddable":true,"href":"https:\/\/wein-werte.com\/de\/wp-json\/wp\/v2\/product_brand?post=1131870"},{"taxonomy":"product_cat","embeddable":true,"href":"https:\/\/wein-werte.com\/de\/wp-json\/wp\/v2\/product_cat?post=1131870"},{"taxonomy":"product_tag","embeddable":true,"href":"https:\/\/wein-werte.com\/de\/wp-json\/wp\/v2\/product_tag?post=1131870"}],"curies":[{"name":"wp","href":"https:\/\/api.w.org\/{rel}","templated":true}]}}