{"id":1131845,"date":"2026-05-05T18:23:45","date_gmt":"2026-05-05T16:23:45","guid":{"rendered":"https:\/\/wein-werte.com\/product\/schatzel-riesling-fuchs-2020-750ml\/"},"modified":"2026-04-27T11:48:06","modified_gmt":"2026-04-27T09:48:06","slug":"schatzel-riesling-fuchs-2020-750ml","status":"publish","type":"product","link":"https:\/\/wein-werte.com\/de\/produkt\/schatzel-riesling-fuchs-2020-750ml\/","title":{"rendered":"Sch\u00e4tzel | Rheinhessen | Riesling &#8220;Fuchs&#8221; | 2020 | 750ml | bio"},"content":{"rendered":"<p>Produktbeschreibung f\u00fcr Sch\u00e4tzel Riesling &#8220;Fuchs&#8221; 2020 (bio) <\/p>\n<h5>Info<\/h5>\n<p> Der Fuchs Riesling stammt aus der VDP.Gro\u00dfe Lage Hipping am Roten Hang. Fuchs steht in diesem Fall f\u00fcr die Parzelle Fuchsloch und prahlt mit vierzig Jahre alten Reben. Die Parzelle ist umgeben von B\u00e4umen, Str\u00e4uchern und Kr\u00e4utern. Die Trauben werden nach der Lese per Hand selektioniert. Mit den F\u00fc\u00dfen wird die Maische angetreten und f\u00fcr 120 Stunden kalt mazeriert. In alten 600l-Eichenf\u00e4ssern folgt die G\u00e4rung und Milchs\u00e4ureabbau. Die Flor-Hefe bildet sich anschlie\u00dfend und der Wein darf darunter f\u00fcr ganze 36 Monate reifen. <\/p>\n<h5>Farbe<\/h5>\n<p> Sattes Goldgelb mit hellen Reflexen bei leichter Tr\u00fcbung <\/p>\n<h5>Nase<\/h5>\n<p> Das 2020er Exemplar wirkt zun\u00e4chst wild und ungest\u00fcm. Damit macht er seinem Namen alle Ehre. Ungew\u00f6hnlich f\u00fcr einen Riesling. Bei ganz dezenter Frucht dominieren balsamische und etherische Aromen. Teilweise betritt der Fuchs Riesling damit auch neue Pfade. Der Duft von Johannisbeerstrauchholz dringt deutlich hervor. Kaffir-Limettenbl\u00e4tter und Heu. Koriandersaat und Anis. Fenchel, Artischocke und Erbsensprossen. Koriander, Melisse und Zitronengras deuten dann schon deutlicher auf die Rebsorte im klassischen Sinne hin. Limettenabrieb und die Schale gelber \u00c4pfel zeigen sich neben wei\u00dfem Pfirsich zeigen sich hinten heraus noch sehr gut. Die Frucht, gepaart mit diesen intensiven bis gr\u00fcnen Aromen wei\u00df sehr zu \u00fcberzeugen. <\/p>\n<h5>Gaumen<\/h5>\n<p> Knochentrocken und griffig zeigt sich der Fuchs. Phenole und Struktur pr\u00e4gen ihn. F\u00fcr mich ist dies immer deutlich an Erinnerungen auf das Kauen von Apfelschalen verbunden. Dabei baut er Druck auf und geht dennoch sehr leichtf\u00fc\u00dfig daher. Ein Purist, naturnah und fordernd. Er packt zu und strengt doch keineswegs an. Wenig Frucht und auch eher leise am Gaumen. Trockengras, Heu sowie Saatgut von Fenchel und Anis pr\u00e4gen ihn noch am ehesten. <\/p>\n<p>Copyright Vinaturel 2025<\/p>\n<p>Keywords: <a href=\"https:\/\/wein-werte.com\/de\/shop\/?swoof=1&#038;pa_producer=Sch\u00e4tzel\">Sch\u00e4tzel<\/a> <a href=\"https:\/\/wein-werte.com\/de\/shop\/?swoof=1&#038;woof_text=Riesling \"Fuchs\"\">Riesling &#8220;Fuchs&#8221;<\/a> 2020 bio <a href=\"https:\/\/wein-werte.com\/de\/shop\/?swoof=1&#038;pa_region=Rheinhessen\">Rheinhessen<\/a> <a href=\"https:\/\/wein-werte.com\/de\/shop\/?swoof=1&#038;pa_country=Deutschland\">Deutschland<\/a><\/p>\n<h3>Vinous<\/h3>\n<p>Punkte: (92-94)<\/p>\n<p>Der Riesling Fuchs 2020 aus der Parzelle Fuchsloch im Hipping reifte drei Jahre auf der Hefe und unter Florhefe im Fass. Der Wein ist noch tr\u00fcb und er\u00f6ffnet mit einer tropischen Note von Passionsfrucht und Mango, die sich aufl\u00f6st und in eine geschmeidige, frische Hefe \u00fcbergeht. Am Gaumen ist er geschmeidig, straff und geradlinig, etwas k\u00fchler und milder als sein 2021er Pendant. Er ist zudem weniger gepuffert und steiniger und endet mit einer bet\u00f6renden Salzigkeit. (Knochentrocken) \u2013 Anne Krebiehl MW<br \/>Trinkfenster: 2024\u20132050<br \/>Testdatum: Oktober 2024<\/p>\n<p>Internetseite des Weinguts: <a href=\"https:\/\/www.schaetzel.de\/home\" target=\"_blank\">https:\/\/www.schaetzel.de\/home<\/a><\/p>\n","protected":false},"excerpt":{"rendered":"<p>Lieferzeit: 1 bis 2 Arbeitstage (DE), 2 bis 5 Arbeitstage (EU and CH)<\/p>\n","protected":false},"featured_media":1142646,"template":"","meta":[],"product_brand":[],"product_cat":[19],"product_tag":[],"class_list":{"0":"post-1131845","1":"product","2":"type-product","3":"status-publish","4":"has-post-thumbnail","6":"product_cat-unkategorisiert","7":"pa_alcohol-for-filter-12893","8":"pa_certified-biodynamic-nein-de","9":"pa_certified-organic-ja-de","10":"pa_colour-weiss","11":"pa_country-deutschland","12":"pa_grape-riesling","13":"pa_price-for-filter-10688","14":"pa_producer-schatzel","15":"pa_region-rheinhessen","16":"pa_size-ml-6584","17":"pa_sweetness-trocken-de","18":"pa_type-2-still-de","19":"pa_vinous-points-for-filter-20029","20":"pa_vintage-2020-de","21":"entry","22":"has-media","24":"first","25":"instock","26":"taxable","27":"shipping-taxable","28":"purchasable","29":"product-type-simple"},"yoast_head":"<!-- This site is optimized with the Yoast SEO plugin v27.5 - https:\/\/yoast.com\/product\/yoast-seo-wordpress\/ -->\n<title>Sch\u00e4tzel Riesling &quot;Fuchs&quot; 2020<\/title>\n<meta name=\"description\" content=\"Kaufe Sch\u00e4tzel Riesling &quot;Fuchs&quot; 2020 (Riesling, trocken aus Rheinhessen, Deutschland) bei Wein Werte, Ihrem nachhaltigen Onlineshop.\" \/>\n<meta name=\"robots\" content=\"index, follow, max-snippet:-1, max-image-preview:large, max-video-preview:-1\" \/>\n<link rel=\"canonical\" href=\"https:\/\/wein-werte.com\/de\/produkt\/schatzel-riesling-fuchs-2020-750ml\/\" \/>\n<meta property=\"og:locale\" content=\"de_DE\" \/>\n<meta property=\"og:type\" content=\"article\" \/>\n<meta property=\"og:title\" content=\"Sch\u00e4tzel Riesling &quot;Fuchs&quot; 2020\" \/>\n<meta property=\"og:description\" content=\"Kaufe Sch\u00e4tzel Riesling &quot;Fuchs&quot; 2020 (Riesling, trocken aus Rheinhessen, Deutschland) bei Wein Werte, Ihrem nachhaltigen Onlineshop.\" \/>\n<meta property=\"og:url\" content=\"https:\/\/wein-werte.com\/de\/produkt\/schatzel-riesling-fuchs-2020-750ml\/\" \/>\n<meta property=\"og:site_name\" content=\"Wein Werte\" \/>\n<meta property=\"og:image\" content=\"https:\/\/wein-werte.com\/wp-content\/uploads\/2026\/04\/Schatzel-Riesling-Fuchs-2020-750ml.png\" \/>\n\t<meta property=\"og:image:width\" content=\"266\" \/>\n\t<meta property=\"og:image:height\" content=\"1200\" \/>\n\t<meta property=\"og:image:type\" content=\"image\/png\" \/>\n<meta name=\"twitter:card\" content=\"summary_large_image\" \/>\n<meta name=\"twitter:label1\" content=\"Gesch\u00e4tzte Lesezeit\" \/>\n\t<meta name=\"twitter:data1\" content=\"2\u00a0Minuten\" \/>\n<script type=\"application\/ld+json\" class=\"yoast-schema-graph\">{\"@context\":\"https:\\\/\\\/schema.org\",\"@graph\":[{\"@type\":\"WebPage\",\"@id\":\"https:\\\/\\\/wein-werte.com\\\/de\\\/produkt\\\/schatzel-riesling-fuchs-2020-750ml\\\/\",\"url\":\"https:\\\/\\\/wein-werte.com\\\/de\\\/produkt\\\/schatzel-riesling-fuchs-2020-750ml\\\/\",\"name\":\"Sch\u00e4tzel Riesling \\\"Fuchs\\\" 2020\",\"isPartOf\":{\"@id\":\"https:\\\/\\\/wein-werte.com\\\/de\\\/#website\"},\"primaryImageOfPage\":{\"@id\":\"https:\\\/\\\/wein-werte.com\\\/de\\\/produkt\\\/schatzel-riesling-fuchs-2020-750ml\\\/#primaryimage\"},\"image\":{\"@id\":\"https:\\\/\\\/wein-werte.com\\\/de\\\/produkt\\\/schatzel-riesling-fuchs-2020-750ml\\\/#primaryimage\"},\"thumbnailUrl\":\"https:\\\/\\\/wein-werte.com\\\/wp-content\\\/uploads\\\/2026\\\/04\\\/Schatzel-Riesling-Fuchs-2020-750ml.png\",\"datePublished\":\"2026-05-05T16:23:45+00:00\",\"description\":\"Kaufe Sch\u00e4tzel Riesling \\\"Fuchs\\\" 2020 (Riesling, trocken aus Rheinhessen, Deutschland) bei Wein Werte, Ihrem nachhaltigen Onlineshop.\",\"breadcrumb\":{\"@id\":\"https:\\\/\\\/wein-werte.com\\\/de\\\/produkt\\\/schatzel-riesling-fuchs-2020-750ml\\\/#breadcrumb\"},\"inLanguage\":\"de\",\"potentialAction\":[{\"@type\":\"ReadAction\",\"target\":[\"https:\\\/\\\/wein-werte.com\\\/de\\\/produkt\\\/schatzel-riesling-fuchs-2020-750ml\\\/\"]}]},{\"@type\":\"ImageObject\",\"inLanguage\":\"de\",\"@id\":\"https:\\\/\\\/wein-werte.com\\\/de\\\/produkt\\\/schatzel-riesling-fuchs-2020-750ml\\\/#primaryimage\",\"url\":\"https:\\\/\\\/wein-werte.com\\\/wp-content\\\/uploads\\\/2026\\\/04\\\/Schatzel-Riesling-Fuchs-2020-750ml.png\",\"contentUrl\":\"https:\\\/\\\/wein-werte.com\\\/wp-content\\\/uploads\\\/2026\\\/04\\\/Schatzel-Riesling-Fuchs-2020-750ml.png\",\"width\":266,\"height\":1200,\"caption\":\"Sch\u00e4tzel Riesling \\\"Fuchs\\\" 2020 750ml\"},{\"@type\":\"BreadcrumbList\",\"@id\":\"https:\\\/\\\/wein-werte.com\\\/de\\\/produkt\\\/schatzel-riesling-fuchs-2020-750ml\\\/#breadcrumb\",\"itemListElement\":[{\"@type\":\"ListItem\",\"position\":1,\"name\":\"Home\",\"item\":\"https:\\\/\\\/wein-werte.com\\\/de\\\/\"},{\"@type\":\"ListItem\",\"position\":2,\"name\":\"Shop\",\"item\":\"https:\\\/\\\/wein-werte.com\\\/de\\\/shop\\\/\"},{\"@type\":\"ListItem\",\"position\":3,\"name\":\"Sch\u00e4tzel | Rheinhessen | Riesling &#8220;Fuchs&#8221; | 2020 | 750ml | bio\"}]},{\"@type\":\"WebSite\",\"@id\":\"https:\\\/\\\/wein-werte.com\\\/de\\\/#website\",\"url\":\"https:\\\/\\\/wein-werte.com\\\/de\\\/\",\"name\":\"Wein Werte\",\"description\":\"\",\"publisher\":{\"@id\":\"https:\\\/\\\/wein-werte.com\\\/de\\\/#organization\"},\"potentialAction\":[{\"@type\":\"SearchAction\",\"target\":{\"@type\":\"EntryPoint\",\"urlTemplate\":\"https:\\\/\\\/wein-werte.com\\\/de\\\/?s={search_term_string}\"},\"query-input\":{\"@type\":\"PropertyValueSpecification\",\"valueRequired\":true,\"valueName\":\"search_term_string\"}}],\"inLanguage\":\"de\"},{\"@type\":\"Organization\",\"@id\":\"https:\\\/\\\/wein-werte.com\\\/de\\\/#organization\",\"name\":\"Vins Fins Thorrold\",\"url\":\"https:\\\/\\\/wein-werte.com\\\/de\\\/\",\"logo\":{\"@type\":\"ImageObject\",\"inLanguage\":\"de\",\"@id\":\"https:\\\/\\\/wein-werte.com\\\/de\\\/#\\\/schema\\\/logo\\\/image\\\/\",\"url\":\"https:\\\/\\\/wein-werte.com\\\/wp-content\\\/uploads\\\/2023\\\/07\\\/Wein_werte_Logo700-1.png\",\"contentUrl\":\"https:\\\/\\\/wein-werte.com\\\/wp-content\\\/uploads\\\/2023\\\/07\\\/Wein_werte_Logo700-1.png\",\"width\":700,\"height\":272,\"caption\":\"Vins Fins Thorrold\"},\"image\":{\"@id\":\"https:\\\/\\\/wein-werte.com\\\/de\\\/#\\\/schema\\\/logo\\\/image\\\/\"}}]}<\/script>\n<!-- \/ Yoast SEO plugin. -->","yoast_head_json":{"title":"Sch\u00e4tzel Riesling \"Fuchs\" 2020","description":"Kaufe Sch\u00e4tzel Riesling \"Fuchs\" 2020 (Riesling, trocken aus Rheinhessen, Deutschland) bei Wein Werte, Ihrem nachhaltigen Onlineshop.","robots":{"index":"index","follow":"follow","max-snippet":"max-snippet:-1","max-image-preview":"max-image-preview:large","max-video-preview":"max-video-preview:-1"},"canonical":"https:\/\/wein-werte.com\/de\/produkt\/schatzel-riesling-fuchs-2020-750ml\/","og_locale":"de_DE","og_type":"article","og_title":"Sch\u00e4tzel Riesling \"Fuchs\" 2020","og_description":"Kaufe Sch\u00e4tzel Riesling \"Fuchs\" 2020 (Riesling, trocken aus Rheinhessen, Deutschland) bei Wein Werte, Ihrem nachhaltigen Onlineshop.","og_url":"https:\/\/wein-werte.com\/de\/produkt\/schatzel-riesling-fuchs-2020-750ml\/","og_site_name":"Wein Werte","og_image":[{"width":266,"height":1200,"url":"https:\/\/wein-werte.com\/wp-content\/uploads\/2026\/04\/Schatzel-Riesling-Fuchs-2020-750ml.png","type":"image\/png"}],"twitter_card":"summary_large_image","twitter_misc":{"Gesch\u00e4tzte Lesezeit":"2\u00a0Minuten"},"schema":{"@context":"https:\/\/schema.org","@graph":[{"@type":"WebPage","@id":"https:\/\/wein-werte.com\/de\/produkt\/schatzel-riesling-fuchs-2020-750ml\/","url":"https:\/\/wein-werte.com\/de\/produkt\/schatzel-riesling-fuchs-2020-750ml\/","name":"Sch\u00e4tzel Riesling \"Fuchs\" 2020","isPartOf":{"@id":"https:\/\/wein-werte.com\/de\/#website"},"primaryImageOfPage":{"@id":"https:\/\/wein-werte.com\/de\/produkt\/schatzel-riesling-fuchs-2020-750ml\/#primaryimage"},"image":{"@id":"https:\/\/wein-werte.com\/de\/produkt\/schatzel-riesling-fuchs-2020-750ml\/#primaryimage"},"thumbnailUrl":"https:\/\/wein-werte.com\/wp-content\/uploads\/2026\/04\/Schatzel-Riesling-Fuchs-2020-750ml.png","datePublished":"2026-05-05T16:23:45+00:00","description":"Kaufe Sch\u00e4tzel Riesling \"Fuchs\" 2020 (Riesling, trocken aus Rheinhessen, Deutschland) bei Wein Werte, Ihrem nachhaltigen Onlineshop.","breadcrumb":{"@id":"https:\/\/wein-werte.com\/de\/produkt\/schatzel-riesling-fuchs-2020-750ml\/#breadcrumb"},"inLanguage":"de","potentialAction":[{"@type":"ReadAction","target":["https:\/\/wein-werte.com\/de\/produkt\/schatzel-riesling-fuchs-2020-750ml\/"]}]},{"@type":"ImageObject","inLanguage":"de","@id":"https:\/\/wein-werte.com\/de\/produkt\/schatzel-riesling-fuchs-2020-750ml\/#primaryimage","url":"https:\/\/wein-werte.com\/wp-content\/uploads\/2026\/04\/Schatzel-Riesling-Fuchs-2020-750ml.png","contentUrl":"https:\/\/wein-werte.com\/wp-content\/uploads\/2026\/04\/Schatzel-Riesling-Fuchs-2020-750ml.png","width":266,"height":1200,"caption":"Sch\u00e4tzel Riesling \"Fuchs\" 2020 750ml"},{"@type":"BreadcrumbList","@id":"https:\/\/wein-werte.com\/de\/produkt\/schatzel-riesling-fuchs-2020-750ml\/#breadcrumb","itemListElement":[{"@type":"ListItem","position":1,"name":"Home","item":"https:\/\/wein-werte.com\/de\/"},{"@type":"ListItem","position":2,"name":"Shop","item":"https:\/\/wein-werte.com\/de\/shop\/"},{"@type":"ListItem","position":3,"name":"Sch\u00e4tzel | Rheinhessen | Riesling &#8220;Fuchs&#8221; | 2020 | 750ml | bio"}]},{"@type":"WebSite","@id":"https:\/\/wein-werte.com\/de\/#website","url":"https:\/\/wein-werte.com\/de\/","name":"Wein Werte","description":"","publisher":{"@id":"https:\/\/wein-werte.com\/de\/#organization"},"potentialAction":[{"@type":"SearchAction","target":{"@type":"EntryPoint","urlTemplate":"https:\/\/wein-werte.com\/de\/?s={search_term_string}"},"query-input":{"@type":"PropertyValueSpecification","valueRequired":true,"valueName":"search_term_string"}}],"inLanguage":"de"},{"@type":"Organization","@id":"https:\/\/wein-werte.com\/de\/#organization","name":"Vins Fins Thorrold","url":"https:\/\/wein-werte.com\/de\/","logo":{"@type":"ImageObject","inLanguage":"de","@id":"https:\/\/wein-werte.com\/de\/#\/schema\/logo\/image\/","url":"https:\/\/wein-werte.com\/wp-content\/uploads\/2023\/07\/Wein_werte_Logo700-1.png","contentUrl":"https:\/\/wein-werte.com\/wp-content\/uploads\/2023\/07\/Wein_werte_Logo700-1.png","width":700,"height":272,"caption":"Vins Fins Thorrold"},"image":{"@id":"https:\/\/wein-werte.com\/de\/#\/schema\/logo\/image\/"}}]}},"_links":{"self":[{"href":"https:\/\/wein-werte.com\/de\/wp-json\/wp\/v2\/product\/1131845","targetHints":{"allow":["GET"]}}],"collection":[{"href":"https:\/\/wein-werte.com\/de\/wp-json\/wp\/v2\/product"}],"about":[{"href":"https:\/\/wein-werte.com\/de\/wp-json\/wp\/v2\/types\/product"}],"wp:featuredmedia":[{"embeddable":true,"href":"https:\/\/wein-werte.com\/de\/wp-json\/wp\/v2\/media\/1142646"}],"wp:attachment":[{"href":"https:\/\/wein-werte.com\/de\/wp-json\/wp\/v2\/media?parent=1131845"}],"wp:term":[{"taxonomy":"product_brand","embeddable":true,"href":"https:\/\/wein-werte.com\/de\/wp-json\/wp\/v2\/product_brand?post=1131845"},{"taxonomy":"product_cat","embeddable":true,"href":"https:\/\/wein-werte.com\/de\/wp-json\/wp\/v2\/product_cat?post=1131845"},{"taxonomy":"product_tag","embeddable":true,"href":"https:\/\/wein-werte.com\/de\/wp-json\/wp\/v2\/product_tag?post=1131845"}],"curies":[{"name":"wp","href":"https:\/\/api.w.org\/{rel}","templated":true}]}}