{"id":1131825,"date":"2026-05-05T18:23:44","date_gmt":"2026-05-05T16:23:44","guid":{"rendered":"https:\/\/wein-werte.com\/product\/schatzel-riesling-pettenthal-gg-2020-750ml\/"},"modified":"2026-04-27T11:48:05","modified_gmt":"2026-04-27T09:48:05","slug":"schatzel-riesling-pettenthal-gg-2020-750ml","status":"publish","type":"product","link":"https:\/\/wein-werte.com\/de\/produkt\/schatzel-riesling-pettenthal-gg-2020-750ml\/","title":{"rendered":"Sch\u00e4tzel | Rheinhessen | Riesling Pettenthal GG | 2020 | 750ml | bio"},"content":{"rendered":"<p>Produktbeschreibung f\u00fcr Sch\u00e4tzel Riesling Pettenthal GG 2020 (bio) <\/p>\n<h5>Info zum Wein<\/h5>\n<p> Die Gro\u00dfe Lage Pettenthal ist sicherlich die dramatischste Lage am Roten Hang, laut Kai Sch\u00e4tzel, die steilen H\u00e4nge sind von markantem rotem Schiefergestein gepr\u00e4gt. Die engen Rebzeilen, die sich selbst beschatten, k\u00f6nnen nur mit viel Handarbeit und M\u00fchen bewirtschaftet werden. <\/p>\n<h5>Info Zum Ausbau<\/h5>\n<p> Spontan in gro\u00dfen Holzf\u00e4ssern vergoren und nach mehreren Monaten auf der Vollhefe gef\u00fcllt. <\/p>\n<h5>Farbe<\/h5>\n<p> Intensives Goldgelb, getr\u00fcbt, zarte gr\u00fcne Reflexe. <\/p>\n<h5>Nase<\/h5>\n<p> Der 2020er Niersteiner Pettenthal Riesling VDP.Erste Lage zeigt sich unter einem Teppich von Hefe und viel Mineralit\u00e4t noch etwas verschlossen, also unbedingt ab in die Karaffe mit ihm, damit er sich in seiner komplexen Sch\u00f6nheit entfalten kann. Mit gen\u00fcgend Sauerstoff zeigt er sich w\u00fcrzig, speckig und voller Intensit\u00e4t, die Frucht von Quitten und Apfelschale, Aprikose, Orange und Weinbergspfirsich noch im Hintergrund. Ein echter Rohdiamant, den Kai dort geschaffen hat. <\/p>\n<h5>Gaumen<\/h5>\n<p> Am Gaumen kann man ihn f\u00f6rmlich bei\u00dfen, griffig, mit herber, zitrischer Frucht und feinem Gerbstoff ausgestattet, er\u00f6ffnet sich ein \u00fcberaus komplexer Wein, der gro\u00dfartiges Reifepotential in sich birgt und sich erst mit weiterer Reife vollends zeigen wird. F\u00fclle und Kraft gepaart mit Tiefe und Eleganz und einem erfreulich niedrigen Alkohol von 11,5 Vol%. Wer ihn zum jetzigen Zeitpunkt bereits genie\u00dfen m\u00f6chte, sollte ihn zwingend dekantieren und nicht zu kalt aus einem gro\u00dfen Burgunderglas trinken. Mit weiterer Reife wird sich ein wundersch\u00f6nes Feuerwerk entfachen voller Eleganz und Intensit\u00e4t, besonders in Kombination mit der richtigen Kulinarik.<\/p>\n<p>Copyright Vinaturel 2025<\/p>\n<p>Keywords: <a href=\"https:\/\/wein-werte.com\/de\/shop\/?swoof=1&#038;pa_producer=Sch\u00e4tzel\">Sch\u00e4tzel<\/a> <a href=\"https:\/\/wein-werte.com\/de\/shop\/?swoof=1&#038;woof_text=Riesling Pettenthal GG\">Riesling Pettenthal GG<\/a> 2020 bio <a href=\"https:\/\/wein-werte.com\/de\/shop\/?swoof=1&#038;pa_region=Rheinhessen\">Rheinhessen<\/a> <a href=\"https:\/\/wein-werte.com\/de\/shop\/?swoof=1&#038;pa_country=Deutschland\">Deutschland<\/a><\/p>\n<h3>Wine Advocate<\/h3>\n<p>Punkte: 94<\/p>\n<p>Der intensiv gelb gef\u00e4rbte Pettenthal Riesling GG 2020, der fast zwei Jahre lang auf der Vollhefe gereift ist, pr\u00e4sentiert sich in einem tiefen, gro\u00dfz\u00fcgigen, sehr eleganten und raffinierten Bouquet mit Jod- und Feuersteinnoten. Am Gaumen rund und raffiniert, pr\u00e4sentiert sich dieser sehr elegante, \u00fcppige und salzige Riesling mit feinen Tanninen, kristalliner S\u00e4ure und einem langen, intensiven und dicht strukturierten Abgang. Der Wein ist wundersch\u00f6n rund, raffiniert und elegant und offenbart eine lange Finesse, mineralische Note und Biss. Einfach ein herrlicher Wein. 11,5 % Alkoholgehalt. Naturkorken. Verkostung im August 2022 auf dem Weingut.<br \/>Stephan Reinhardt<\/p>\n<p>Internetseite des Weinguts: <a href=\"https:\/\/www.schaetzel.de\/home\" target=\"_blank\">https:\/\/www.schaetzel.de\/home<\/a><\/p>\n","protected":false},"excerpt":{"rendered":"<p>Lieferzeit: 1 bis 2 Arbeitstage (DE), 2 bis 5 Arbeitstage (EU and CH)<\/p>\n","protected":false},"featured_media":1142630,"template":"","meta":[],"product_brand":[],"product_cat":[19],"product_tag":[],"class_list":{"0":"post-1131825","1":"product","2":"type-product","3":"status-publish","4":"has-post-thumbnail","6":"product_cat-unkategorisiert","7":"pa_alcohol-for-filter-11-5","8":"pa_certified-biodynamic-nein-de","9":"pa_certified-organic-ja-de","10":"pa_colour-weiss","11":"pa_country-deutschland","12":"pa_grape-riesling","13":"pa_parker-points-for-filter-94-de-2","14":"pa_price-for-filter-10717","15":"pa_producer-schatzel","16":"pa_region-rheinhessen","17":"pa_size-ml-6584","18":"pa_sweetness-trocken-de","19":"pa_type-2-still-de","20":"pa_vintage-2020-de","21":"entry","22":"has-media","24":"first","25":"instock","26":"taxable","27":"shipping-taxable","28":"purchasable","29":"product-type-simple"},"yoast_head":"<!-- This site is optimized with the Yoast SEO plugin v27.5 - https:\/\/yoast.com\/product\/yoast-seo-wordpress\/ -->\n<title>Sch\u00e4tzel Riesling Pettenthal GG 2020<\/title>\n<meta name=\"description\" content=\"Kaufe Sch\u00e4tzel Riesling Pettenthal GG 2020 (Riesling, trocken aus Rheinhessen, Deutschland) bei Wein Werte, Ihrem nachhaltigen Onlineshop.\" \/>\n<meta name=\"robots\" content=\"index, follow, max-snippet:-1, max-image-preview:large, max-video-preview:-1\" \/>\n<link rel=\"canonical\" href=\"https:\/\/wein-werte.com\/de\/produkt\/schatzel-riesling-pettenthal-gg-2020-750ml\/\" \/>\n<meta property=\"og:locale\" content=\"de_DE\" \/>\n<meta property=\"og:type\" content=\"article\" \/>\n<meta property=\"og:title\" content=\"Sch\u00e4tzel Riesling Pettenthal GG 2020\" \/>\n<meta property=\"og:description\" content=\"Kaufe Sch\u00e4tzel Riesling Pettenthal GG 2020 (Riesling, trocken aus Rheinhessen, Deutschland) bei Wein Werte, Ihrem nachhaltigen Onlineshop.\" \/>\n<meta property=\"og:url\" content=\"https:\/\/wein-werte.com\/de\/produkt\/schatzel-riesling-pettenthal-gg-2020-750ml\/\" \/>\n<meta property=\"og:site_name\" content=\"Wein Werte\" \/>\n<meta property=\"og:image\" content=\"https:\/\/wein-werte.com\/wp-content\/uploads\/2026\/04\/Schatzel-Riesling-Pettenthal-GG-2020-750ml.png\" \/>\n\t<meta property=\"og:image:width\" content=\"260\" \/>\n\t<meta property=\"og:image:height\" content=\"1200\" \/>\n\t<meta property=\"og:image:type\" content=\"image\/png\" \/>\n<meta name=\"twitter:card\" content=\"summary_large_image\" \/>\n<meta name=\"twitter:label1\" content=\"Gesch\u00e4tzte Lesezeit\" \/>\n\t<meta name=\"twitter:data1\" content=\"2\u00a0Minuten\" \/>\n<script type=\"application\/ld+json\" class=\"yoast-schema-graph\">{\"@context\":\"https:\\\/\\\/schema.org\",\"@graph\":[{\"@type\":\"WebPage\",\"@id\":\"https:\\\/\\\/wein-werte.com\\\/de\\\/produkt\\\/schatzel-riesling-pettenthal-gg-2020-750ml\\\/\",\"url\":\"https:\\\/\\\/wein-werte.com\\\/de\\\/produkt\\\/schatzel-riesling-pettenthal-gg-2020-750ml\\\/\",\"name\":\"Sch\u00e4tzel Riesling Pettenthal GG 2020\",\"isPartOf\":{\"@id\":\"https:\\\/\\\/wein-werte.com\\\/de\\\/#website\"},\"primaryImageOfPage\":{\"@id\":\"https:\\\/\\\/wein-werte.com\\\/de\\\/produkt\\\/schatzel-riesling-pettenthal-gg-2020-750ml\\\/#primaryimage\"},\"image\":{\"@id\":\"https:\\\/\\\/wein-werte.com\\\/de\\\/produkt\\\/schatzel-riesling-pettenthal-gg-2020-750ml\\\/#primaryimage\"},\"thumbnailUrl\":\"https:\\\/\\\/wein-werte.com\\\/wp-content\\\/uploads\\\/2026\\\/04\\\/Schatzel-Riesling-Pettenthal-GG-2020-750ml.png\",\"datePublished\":\"2026-05-05T16:23:44+00:00\",\"description\":\"Kaufe Sch\u00e4tzel Riesling Pettenthal GG 2020 (Riesling, trocken aus Rheinhessen, Deutschland) bei Wein Werte, Ihrem nachhaltigen Onlineshop.\",\"breadcrumb\":{\"@id\":\"https:\\\/\\\/wein-werte.com\\\/de\\\/produkt\\\/schatzel-riesling-pettenthal-gg-2020-750ml\\\/#breadcrumb\"},\"inLanguage\":\"de\",\"potentialAction\":[{\"@type\":\"ReadAction\",\"target\":[\"https:\\\/\\\/wein-werte.com\\\/de\\\/produkt\\\/schatzel-riesling-pettenthal-gg-2020-750ml\\\/\"]}]},{\"@type\":\"ImageObject\",\"inLanguage\":\"de\",\"@id\":\"https:\\\/\\\/wein-werte.com\\\/de\\\/produkt\\\/schatzel-riesling-pettenthal-gg-2020-750ml\\\/#primaryimage\",\"url\":\"https:\\\/\\\/wein-werte.com\\\/wp-content\\\/uploads\\\/2026\\\/04\\\/Schatzel-Riesling-Pettenthal-GG-2020-750ml.png\",\"contentUrl\":\"https:\\\/\\\/wein-werte.com\\\/wp-content\\\/uploads\\\/2026\\\/04\\\/Schatzel-Riesling-Pettenthal-GG-2020-750ml.png\",\"width\":260,\"height\":1200,\"caption\":\"Sch\u00e4tzel Riesling Pettenthal GG 2020 750ml\"},{\"@type\":\"BreadcrumbList\",\"@id\":\"https:\\\/\\\/wein-werte.com\\\/de\\\/produkt\\\/schatzel-riesling-pettenthal-gg-2020-750ml\\\/#breadcrumb\",\"itemListElement\":[{\"@type\":\"ListItem\",\"position\":1,\"name\":\"Home\",\"item\":\"https:\\\/\\\/wein-werte.com\\\/de\\\/\"},{\"@type\":\"ListItem\",\"position\":2,\"name\":\"Shop\",\"item\":\"https:\\\/\\\/wein-werte.com\\\/de\\\/shop\\\/\"},{\"@type\":\"ListItem\",\"position\":3,\"name\":\"Sch\u00e4tzel | Rheinhessen | Riesling Pettenthal GG | 2020 | 750ml | bio\"}]},{\"@type\":\"WebSite\",\"@id\":\"https:\\\/\\\/wein-werte.com\\\/de\\\/#website\",\"url\":\"https:\\\/\\\/wein-werte.com\\\/de\\\/\",\"name\":\"Wein Werte\",\"description\":\"\",\"publisher\":{\"@id\":\"https:\\\/\\\/wein-werte.com\\\/de\\\/#organization\"},\"potentialAction\":[{\"@type\":\"SearchAction\",\"target\":{\"@type\":\"EntryPoint\",\"urlTemplate\":\"https:\\\/\\\/wein-werte.com\\\/de\\\/?s={search_term_string}\"},\"query-input\":{\"@type\":\"PropertyValueSpecification\",\"valueRequired\":true,\"valueName\":\"search_term_string\"}}],\"inLanguage\":\"de\"},{\"@type\":\"Organization\",\"@id\":\"https:\\\/\\\/wein-werte.com\\\/de\\\/#organization\",\"name\":\"Vins Fins Thorrold\",\"url\":\"https:\\\/\\\/wein-werte.com\\\/de\\\/\",\"logo\":{\"@type\":\"ImageObject\",\"inLanguage\":\"de\",\"@id\":\"https:\\\/\\\/wein-werte.com\\\/de\\\/#\\\/schema\\\/logo\\\/image\\\/\",\"url\":\"https:\\\/\\\/wein-werte.com\\\/wp-content\\\/uploads\\\/2023\\\/07\\\/Wein_werte_Logo700-1.png\",\"contentUrl\":\"https:\\\/\\\/wein-werte.com\\\/wp-content\\\/uploads\\\/2023\\\/07\\\/Wein_werte_Logo700-1.png\",\"width\":700,\"height\":272,\"caption\":\"Vins Fins Thorrold\"},\"image\":{\"@id\":\"https:\\\/\\\/wein-werte.com\\\/de\\\/#\\\/schema\\\/logo\\\/image\\\/\"}}]}<\/script>\n<!-- \/ Yoast SEO plugin. -->","yoast_head_json":{"title":"Sch\u00e4tzel Riesling Pettenthal GG 2020","description":"Kaufe Sch\u00e4tzel Riesling Pettenthal GG 2020 (Riesling, trocken aus Rheinhessen, Deutschland) bei Wein Werte, Ihrem nachhaltigen Onlineshop.","robots":{"index":"index","follow":"follow","max-snippet":"max-snippet:-1","max-image-preview":"max-image-preview:large","max-video-preview":"max-video-preview:-1"},"canonical":"https:\/\/wein-werte.com\/de\/produkt\/schatzel-riesling-pettenthal-gg-2020-750ml\/","og_locale":"de_DE","og_type":"article","og_title":"Sch\u00e4tzel Riesling Pettenthal GG 2020","og_description":"Kaufe Sch\u00e4tzel Riesling Pettenthal GG 2020 (Riesling, trocken aus Rheinhessen, Deutschland) bei Wein Werte, Ihrem nachhaltigen Onlineshop.","og_url":"https:\/\/wein-werte.com\/de\/produkt\/schatzel-riesling-pettenthal-gg-2020-750ml\/","og_site_name":"Wein Werte","og_image":[{"width":260,"height":1200,"url":"https:\/\/wein-werte.com\/wp-content\/uploads\/2026\/04\/Schatzel-Riesling-Pettenthal-GG-2020-750ml.png","type":"image\/png"}],"twitter_card":"summary_large_image","twitter_misc":{"Gesch\u00e4tzte Lesezeit":"2\u00a0Minuten"},"schema":{"@context":"https:\/\/schema.org","@graph":[{"@type":"WebPage","@id":"https:\/\/wein-werte.com\/de\/produkt\/schatzel-riesling-pettenthal-gg-2020-750ml\/","url":"https:\/\/wein-werte.com\/de\/produkt\/schatzel-riesling-pettenthal-gg-2020-750ml\/","name":"Sch\u00e4tzel Riesling Pettenthal GG 2020","isPartOf":{"@id":"https:\/\/wein-werte.com\/de\/#website"},"primaryImageOfPage":{"@id":"https:\/\/wein-werte.com\/de\/produkt\/schatzel-riesling-pettenthal-gg-2020-750ml\/#primaryimage"},"image":{"@id":"https:\/\/wein-werte.com\/de\/produkt\/schatzel-riesling-pettenthal-gg-2020-750ml\/#primaryimage"},"thumbnailUrl":"https:\/\/wein-werte.com\/wp-content\/uploads\/2026\/04\/Schatzel-Riesling-Pettenthal-GG-2020-750ml.png","datePublished":"2026-05-05T16:23:44+00:00","description":"Kaufe Sch\u00e4tzel Riesling Pettenthal GG 2020 (Riesling, trocken aus Rheinhessen, Deutschland) bei Wein Werte, Ihrem nachhaltigen Onlineshop.","breadcrumb":{"@id":"https:\/\/wein-werte.com\/de\/produkt\/schatzel-riesling-pettenthal-gg-2020-750ml\/#breadcrumb"},"inLanguage":"de","potentialAction":[{"@type":"ReadAction","target":["https:\/\/wein-werte.com\/de\/produkt\/schatzel-riesling-pettenthal-gg-2020-750ml\/"]}]},{"@type":"ImageObject","inLanguage":"de","@id":"https:\/\/wein-werte.com\/de\/produkt\/schatzel-riesling-pettenthal-gg-2020-750ml\/#primaryimage","url":"https:\/\/wein-werte.com\/wp-content\/uploads\/2026\/04\/Schatzel-Riesling-Pettenthal-GG-2020-750ml.png","contentUrl":"https:\/\/wein-werte.com\/wp-content\/uploads\/2026\/04\/Schatzel-Riesling-Pettenthal-GG-2020-750ml.png","width":260,"height":1200,"caption":"Sch\u00e4tzel Riesling Pettenthal GG 2020 750ml"},{"@type":"BreadcrumbList","@id":"https:\/\/wein-werte.com\/de\/produkt\/schatzel-riesling-pettenthal-gg-2020-750ml\/#breadcrumb","itemListElement":[{"@type":"ListItem","position":1,"name":"Home","item":"https:\/\/wein-werte.com\/de\/"},{"@type":"ListItem","position":2,"name":"Shop","item":"https:\/\/wein-werte.com\/de\/shop\/"},{"@type":"ListItem","position":3,"name":"Sch\u00e4tzel | Rheinhessen | Riesling Pettenthal GG | 2020 | 750ml | bio"}]},{"@type":"WebSite","@id":"https:\/\/wein-werte.com\/de\/#website","url":"https:\/\/wein-werte.com\/de\/","name":"Wein Werte","description":"","publisher":{"@id":"https:\/\/wein-werte.com\/de\/#organization"},"potentialAction":[{"@type":"SearchAction","target":{"@type":"EntryPoint","urlTemplate":"https:\/\/wein-werte.com\/de\/?s={search_term_string}"},"query-input":{"@type":"PropertyValueSpecification","valueRequired":true,"valueName":"search_term_string"}}],"inLanguage":"de"},{"@type":"Organization","@id":"https:\/\/wein-werte.com\/de\/#organization","name":"Vins Fins Thorrold","url":"https:\/\/wein-werte.com\/de\/","logo":{"@type":"ImageObject","inLanguage":"de","@id":"https:\/\/wein-werte.com\/de\/#\/schema\/logo\/image\/","url":"https:\/\/wein-werte.com\/wp-content\/uploads\/2023\/07\/Wein_werte_Logo700-1.png","contentUrl":"https:\/\/wein-werte.com\/wp-content\/uploads\/2023\/07\/Wein_werte_Logo700-1.png","width":700,"height":272,"caption":"Vins Fins Thorrold"},"image":{"@id":"https:\/\/wein-werte.com\/de\/#\/schema\/logo\/image\/"}}]}},"_links":{"self":[{"href":"https:\/\/wein-werte.com\/de\/wp-json\/wp\/v2\/product\/1131825","targetHints":{"allow":["GET"]}}],"collection":[{"href":"https:\/\/wein-werte.com\/de\/wp-json\/wp\/v2\/product"}],"about":[{"href":"https:\/\/wein-werte.com\/de\/wp-json\/wp\/v2\/types\/product"}],"wp:featuredmedia":[{"embeddable":true,"href":"https:\/\/wein-werte.com\/de\/wp-json\/wp\/v2\/media\/1142630"}],"wp:attachment":[{"href":"https:\/\/wein-werte.com\/de\/wp-json\/wp\/v2\/media?parent=1131825"}],"wp:term":[{"taxonomy":"product_brand","embeddable":true,"href":"https:\/\/wein-werte.com\/de\/wp-json\/wp\/v2\/product_brand?post=1131825"},{"taxonomy":"product_cat","embeddable":true,"href":"https:\/\/wein-werte.com\/de\/wp-json\/wp\/v2\/product_cat?post=1131825"},{"taxonomy":"product_tag","embeddable":true,"href":"https:\/\/wein-werte.com\/de\/wp-json\/wp\/v2\/product_tag?post=1131825"}],"curies":[{"name":"wp","href":"https:\/\/api.w.org\/{rel}","templated":true}]}}