{"id":1131816,"date":"2026-05-05T18:23:43","date_gmt":"2026-05-05T16:23:43","guid":{"rendered":"https:\/\/wein-werte.com\/product\/schatzel-riesling-pettenthal-kabinett-s-2017-750ml\/"},"modified":"2026-04-27T11:48:03","modified_gmt":"2026-04-27T09:48:03","slug":"schatzel-riesling-pettenthal-kabinett-s-2017-750ml","status":"publish","type":"product","link":"https:\/\/wein-werte.com\/de\/produkt\/schatzel-riesling-pettenthal-kabinett-s-2017-750ml\/","title":{"rendered":"Sch\u00e4tzel | Rheinhessen | Riesling Pettenthal Kabinett &#8220;S&#8221; Grosse Lage | 2017 | 750ml"},"content":{"rendered":"<p>Produktbeschreibung f\u00fcr Sch\u00e4tzel Riesling Pettenthal Kabinett &#8220;S&#8221; Grosse Lage 2017 <\/p>\n<p> Christoph Raffelt: Am Gaumen hat der Wein definitiv die Tiefe von Sch\u00e4tzels gro\u00dfen trockenen Einzellagen-Rieslingen. Er profitiert von dessen Arbeitsweise, die bei dem fr\u00fch gelesenen und doch reifen Traubengut zu einer S\u00e4ure von 11 %, einer S\u00fc\u00dfe von 42 Gramm und einem Alkoholgehalt von 7,5 % bei gleichzeitig sehr niedrigem pH-Wert f\u00fchrt. Dies ist so gut wie einzigartig und f\u00fchrt zu einem Wein mit extrem gelungener Balance, zu einem best\u00e4ndigen Wechselspiel von s\u00fc\u00df und sauer, hell und dunkel, komplex und leichtf\u00fc\u00dfig. All das wirkt im Moment noch ein wenig verschleiert hinter einem Seidenschal aus Phenolik und W\u00fcrze, die sich aber integrieren wird. Der Druck am Gaumen ist schon da und ebenso die gro\u00dfe L\u00e4nge, die den puristischen Pettenthal auszeichnet. Alles andere wird sich beizeiten f\u00fcgen. <\/p>\n<h5>Farbe<\/h5>\n<p> mittleres Strohgelb <\/p>\n<h5>Nase<\/h5>\n<p> F\u00fcr Kai Sch\u00e4tzel sind seine Kabinett-Rieslinge mittlerweile so etwas wie die neuen Gro\u00dfen Gew\u00e4chse. Es sind f\u00fcr ihn die Weine, die den h\u00f6heren Trinkfluss haben dank ihres pr\u00e4gnanten S\u00fc\u00dfe-S\u00e4ure-Spiels bei gleicher Komplexit\u00e4t und Tiefe. Deshalb weitet er sein Angebot an Kabinett-Weinen um dieses neue Flaggschiff aus. Der Kabinett aus dem Pettenthal erh\u00e4lt den Zusatz \u00bbS\u00ab und stammt aus den besten Parzellen von den besten St\u00f6cken. Er ist das Ergebnis akribischer Arbeit im Weinberg und einer Lese von bis zu sechs Durchg\u00e4ngen. Der Wein riecht, so jung er noch ist \u2013 typisch f\u00fcr Sch\u00e4tzel \u2013, wild und ungest\u00fcm nach Sponti-Noten und leichtem B\u00f6ckser, was sich in Noten von Rauch, Speck, Autowerkstatt und Knallpl\u00e4ttchen niederschl\u00e4gt. Doch das ist ein Schluckauf, der irgendwann vergeht. Schlie\u00dflich ist dieser Wein nicht f\u00fcr den jetzigen Konsum gedacht, sondern eher f\u00fcr sp\u00e4tere Jahre, wenn man KabiNett und Hipping Kabinett l\u00e4ngst ausgetrunken hat. Viel interessanter ist das, was danach kommt. Es ist ein \u00fcberaus klares und pr\u00e4zises Bouquet von Zitrusfr\u00fcchten, wei\u00dfen und roten Johannisbeeren, knackigem Kernobst samt Schalen, Kr\u00e4utern und Stein. <\/p>\n<h5>Gaumen<\/h5>\n<p> Am Gaumen hat der Wein definitiv die Tiefe von Sch\u00e4tzels gro\u00dfen trockenen Einzellagen-Rieslingen. Er profitiert von dessen Arbeitsweise, die bei dem fr\u00fch gelesenen und doch reifen Traubengut zu einer S\u00e4ure von 11 %, einer S\u00fc\u00dfe von 42 Gramm und einem Alkoholgehalt von 7,5 % bei gleichzeitig sehr niedrigem pH-Wert f\u00fchrt. Dies ist so gut wie einzigartig und f\u00fchrt zu einem Wein mit extrem gelungener Balance, zu einem best\u00e4ndigen Wechselspiel von s\u00fc\u00df und sauer, hell und dunkel, komplex und leichtf\u00fc\u00dfig. All das wirkt im Moment noch ein wenig verschleiert hinter einem Seidenschal aus Phenolik und W\u00fcrze, die sich aber integrieren wird. Der Druck am Gaumen ist schon da und ebenso die gro\u00dfe L\u00e4nge, die den puristischen Pettenthal auszeichnet. Alles andere wird sich beizeiten f\u00fcgen.<\/p>\n<p>Copyright Vinaturel 2025<\/p>\n<p>Keywords: <a href=\"https:\/\/wein-werte.com\/de\/shop\/?swoof=1&#038;pa_producer=Sch\u00e4tzel\">Sch\u00e4tzel<\/a> <a href=\"https:\/\/wein-werte.com\/de\/shop\/?swoof=1&#038;woof_text=Riesling Pettenthal Kabinett \"S\" Grosse Lage\">Riesling Pettenthal Kabinett &#8220;S&#8221; Grosse Lage<\/a> 2017  <a href=\"https:\/\/wein-werte.com\/de\/shop\/?swoof=1&#038;pa_region=Rheinhessen\">Rheinhessen<\/a> <a href=\"https:\/\/wein-werte.com\/de\/shop\/?swoof=1&#038;pa_country=Deutschland\">Deutschland<\/a><\/p>\n<h3>Vinous<\/h3>\n<p>Punkte: 92<\/p>\n<p>Das \u201eS\u201c verweist hier auf die S\u00fcdh\u00e4nge im Pettenthal (fr\u00fchere Sch\u00e4tzel Pettenthal Kabinetts stammen aus einem f\u00fcr Kabinett pr\u00e4destinierten Teil des Pettenthals, der sich nach Norden zum Brudersberg hin erstreckt). Scharfe Aromen von Kumquat und Mandarine in der Nase verwandeln sich in eine geradezu prickelnde W\u00fcrze und Biss am alkoholisch ultraleichten, aber dennoch konzentrierten und fast \u00fcppig fruchtigen Gaumen. Ein lebendig anhaltender Abgang tr\u00e4gt die f\u00fcr Pettenthal typische Rauchnote sowie eine salzige Note, die den Speichelfluss anregt. Der hohe Restzuckergehalt \u2013 der sich in nur 7,5 % Alkohol widerspiegelt \u2013 erzeugt lediglich ein angenehmes und unterst\u00fctzendes S\u00fc\u00dfegef\u00fchl. (Dieser Wein steht auf der Preisliste des Weinguts, w\u00e4hrend sein Gegenst\u00fcck \u201eN\u201c \u2013 wie fr\u00fchere Sch\u00e4tzel Hipping Kabinetts \u2013 eine winzige Menge darstellt, die ausschlie\u00dflich in Magnumflaschen abgef\u00fcllt und versteigert wird.) \u2013 David Schildknecht<br \/>Trinkfenster: 2019\u20132030<br \/>\u00dcberpr\u00fcfungsdatum: Juli 2019<\/p>\n<p>Internetseite des Weinguts: <a href=\"https:\/\/www.schaetzel.de\/home\" target=\"_blank\">https:\/\/www.schaetzel.de\/home<\/a><\/p>\n","protected":false},"excerpt":{"rendered":"<p>Lieferzeit: 1 bis 2 Arbeitstage (DE), 2 bis 5 Arbeitstage (EU and CH)<\/p>\n","protected":false},"featured_media":1147471,"template":"","meta":[],"product_brand":[],"product_cat":[19],"product_tag":[],"class_list":{"0":"post-1131816","1":"product","2":"type-product","3":"status-publish","4":"has-post-thumbnail","6":"product_cat-unkategorisiert","7":"pa_alcohol-for-filter-7-5","8":"pa_certified-biodynamic-nein-de","9":"pa_certified-organic-nein-de","10":"pa_colour-weiss","11":"pa_country-deutschland","12":"pa_grape-riesling","13":"pa_price-for-filter-10642","14":"pa_producer-schatzel","15":"pa_region-rheinhessen","16":"pa_size-ml-6584","17":"pa_sweetness-suess-de","18":"pa_type-2-still-de","19":"pa_vinous-points-for-filter-20029","20":"pa_vintage-2017-de","21":"entry","22":"has-media","24":"first","25":"instock","26":"taxable","27":"shipping-taxable","28":"purchasable","29":"product-type-simple"},"yoast_head":"<!-- This site is optimized with the Yoast SEO plugin v27.5 - https:\/\/yoast.com\/product\/yoast-seo-wordpress\/ -->\n<title>Sch\u00e4tzel Riesling Pettenthal Kabinett &quot;S&quot; 2017<\/title>\n<meta name=\"description\" content=\"Kaufe Sch\u00e4tzel Riesling Pettenthal Kabinett &quot;S&quot; 2017 (Riesling, s\u00fc\u00df aus Rheinhessen, Deutschland) bei Wein Werte, Ihrem nachhaltigen Onlineshop.\" \/>\n<meta name=\"robots\" content=\"index, follow, max-snippet:-1, max-image-preview:large, max-video-preview:-1\" \/>\n<link rel=\"canonical\" href=\"https:\/\/wein-werte.com\/de\/produkt\/schatzel-riesling-pettenthal-kabinett-s-2017-750ml\/\" \/>\n<meta property=\"og:locale\" content=\"de_DE\" \/>\n<meta property=\"og:type\" content=\"article\" \/>\n<meta property=\"og:title\" content=\"Sch\u00e4tzel Riesling Pettenthal Kabinett &quot;S&quot; 2017\" \/>\n<meta property=\"og:description\" content=\"Kaufe Sch\u00e4tzel Riesling Pettenthal Kabinett &quot;S&quot; 2017 (Riesling, s\u00fc\u00df aus Rheinhessen, Deutschland) bei Wein Werte, Ihrem nachhaltigen Onlineshop.\" \/>\n<meta property=\"og:url\" content=\"https:\/\/wein-werte.com\/de\/produkt\/schatzel-riesling-pettenthal-kabinett-s-2017-750ml\/\" \/>\n<meta property=\"og:site_name\" content=\"Wein Werte\" \/>\n<meta property=\"og:image\" content=\"https:\/\/wein-werte.com\/wp-content\/uploads\/2026\/04\/Schatzel-Riesling-Pettenthal-Kabinett-S-2017-750-ml.png\" \/>\n\t<meta property=\"og:image:width\" content=\"153\" \/>\n\t<meta property=\"og:image:height\" content=\"586\" \/>\n\t<meta property=\"og:image:type\" content=\"image\/png\" \/>\n<meta name=\"twitter:card\" content=\"summary_large_image\" \/>\n<meta name=\"twitter:label1\" content=\"Gesch\u00e4tzte Lesezeit\" \/>\n\t<meta name=\"twitter:data1\" content=\"3\u00a0Minuten\" \/>\n<script type=\"application\/ld+json\" class=\"yoast-schema-graph\">{\"@context\":\"https:\\\/\\\/schema.org\",\"@graph\":[{\"@type\":\"WebPage\",\"@id\":\"https:\\\/\\\/wein-werte.com\\\/de\\\/produkt\\\/schatzel-riesling-pettenthal-kabinett-s-2017-750ml\\\/\",\"url\":\"https:\\\/\\\/wein-werte.com\\\/de\\\/produkt\\\/schatzel-riesling-pettenthal-kabinett-s-2017-750ml\\\/\",\"name\":\"Sch\u00e4tzel Riesling Pettenthal Kabinett \\\"S\\\" 2017\",\"isPartOf\":{\"@id\":\"https:\\\/\\\/wein-werte.com\\\/de\\\/#website\"},\"primaryImageOfPage\":{\"@id\":\"https:\\\/\\\/wein-werte.com\\\/de\\\/produkt\\\/schatzel-riesling-pettenthal-kabinett-s-2017-750ml\\\/#primaryimage\"},\"image\":{\"@id\":\"https:\\\/\\\/wein-werte.com\\\/de\\\/produkt\\\/schatzel-riesling-pettenthal-kabinett-s-2017-750ml\\\/#primaryimage\"},\"thumbnailUrl\":\"https:\\\/\\\/wein-werte.com\\\/wp-content\\\/uploads\\\/2026\\\/04\\\/Schatzel-Riesling-Pettenthal-Kabinett-S-2017-750-ml.png\",\"datePublished\":\"2026-05-05T16:23:43+00:00\",\"description\":\"Kaufe Sch\u00e4tzel Riesling Pettenthal Kabinett \\\"S\\\" 2017 (Riesling, s\u00fc\u00df aus Rheinhessen, Deutschland) bei Wein Werte, Ihrem nachhaltigen Onlineshop.\",\"breadcrumb\":{\"@id\":\"https:\\\/\\\/wein-werte.com\\\/de\\\/produkt\\\/schatzel-riesling-pettenthal-kabinett-s-2017-750ml\\\/#breadcrumb\"},\"inLanguage\":\"de\",\"potentialAction\":[{\"@type\":\"ReadAction\",\"target\":[\"https:\\\/\\\/wein-werte.com\\\/de\\\/produkt\\\/schatzel-riesling-pettenthal-kabinett-s-2017-750ml\\\/\"]}]},{\"@type\":\"ImageObject\",\"inLanguage\":\"de\",\"@id\":\"https:\\\/\\\/wein-werte.com\\\/de\\\/produkt\\\/schatzel-riesling-pettenthal-kabinett-s-2017-750ml\\\/#primaryimage\",\"url\":\"https:\\\/\\\/wein-werte.com\\\/wp-content\\\/uploads\\\/2026\\\/04\\\/Schatzel-Riesling-Pettenthal-Kabinett-S-2017-750-ml.png\",\"contentUrl\":\"https:\\\/\\\/wein-werte.com\\\/wp-content\\\/uploads\\\/2026\\\/04\\\/Schatzel-Riesling-Pettenthal-Kabinett-S-2017-750-ml.png\",\"width\":153,\"height\":586},{\"@type\":\"BreadcrumbList\",\"@id\":\"https:\\\/\\\/wein-werte.com\\\/de\\\/produkt\\\/schatzel-riesling-pettenthal-kabinett-s-2017-750ml\\\/#breadcrumb\",\"itemListElement\":[{\"@type\":\"ListItem\",\"position\":1,\"name\":\"Home\",\"item\":\"https:\\\/\\\/wein-werte.com\\\/de\\\/\"},{\"@type\":\"ListItem\",\"position\":2,\"name\":\"Shop\",\"item\":\"https:\\\/\\\/wein-werte.com\\\/de\\\/shop\\\/\"},{\"@type\":\"ListItem\",\"position\":3,\"name\":\"Sch\u00e4tzel | Rheinhessen | Riesling Pettenthal Kabinett &#8220;S&#8221; Grosse Lage | 2017 | 750ml\"}]},{\"@type\":\"WebSite\",\"@id\":\"https:\\\/\\\/wein-werte.com\\\/de\\\/#website\",\"url\":\"https:\\\/\\\/wein-werte.com\\\/de\\\/\",\"name\":\"Wein Werte\",\"description\":\"\",\"publisher\":{\"@id\":\"https:\\\/\\\/wein-werte.com\\\/de\\\/#organization\"},\"potentialAction\":[{\"@type\":\"SearchAction\",\"target\":{\"@type\":\"EntryPoint\",\"urlTemplate\":\"https:\\\/\\\/wein-werte.com\\\/de\\\/?s={search_term_string}\"},\"query-input\":{\"@type\":\"PropertyValueSpecification\",\"valueRequired\":true,\"valueName\":\"search_term_string\"}}],\"inLanguage\":\"de\"},{\"@type\":\"Organization\",\"@id\":\"https:\\\/\\\/wein-werte.com\\\/de\\\/#organization\",\"name\":\"Vins Fins Thorrold\",\"url\":\"https:\\\/\\\/wein-werte.com\\\/de\\\/\",\"logo\":{\"@type\":\"ImageObject\",\"inLanguage\":\"de\",\"@id\":\"https:\\\/\\\/wein-werte.com\\\/de\\\/#\\\/schema\\\/logo\\\/image\\\/\",\"url\":\"https:\\\/\\\/wein-werte.com\\\/wp-content\\\/uploads\\\/2023\\\/07\\\/Wein_werte_Logo700-1.png\",\"contentUrl\":\"https:\\\/\\\/wein-werte.com\\\/wp-content\\\/uploads\\\/2023\\\/07\\\/Wein_werte_Logo700-1.png\",\"width\":700,\"height\":272,\"caption\":\"Vins Fins Thorrold\"},\"image\":{\"@id\":\"https:\\\/\\\/wein-werte.com\\\/de\\\/#\\\/schema\\\/logo\\\/image\\\/\"}}]}<\/script>\n<!-- \/ Yoast SEO plugin. -->","yoast_head_json":{"title":"Sch\u00e4tzel Riesling Pettenthal Kabinett \"S\" 2017","description":"Kaufe Sch\u00e4tzel Riesling Pettenthal Kabinett \"S\" 2017 (Riesling, s\u00fc\u00df aus Rheinhessen, Deutschland) bei Wein Werte, Ihrem nachhaltigen Onlineshop.","robots":{"index":"index","follow":"follow","max-snippet":"max-snippet:-1","max-image-preview":"max-image-preview:large","max-video-preview":"max-video-preview:-1"},"canonical":"https:\/\/wein-werte.com\/de\/produkt\/schatzel-riesling-pettenthal-kabinett-s-2017-750ml\/","og_locale":"de_DE","og_type":"article","og_title":"Sch\u00e4tzel Riesling Pettenthal Kabinett \"S\" 2017","og_description":"Kaufe Sch\u00e4tzel Riesling Pettenthal Kabinett \"S\" 2017 (Riesling, s\u00fc\u00df aus Rheinhessen, Deutschland) bei Wein Werte, Ihrem nachhaltigen Onlineshop.","og_url":"https:\/\/wein-werte.com\/de\/produkt\/schatzel-riesling-pettenthal-kabinett-s-2017-750ml\/","og_site_name":"Wein Werte","og_image":[{"width":153,"height":586,"url":"https:\/\/wein-werte.com\/wp-content\/uploads\/2026\/04\/Schatzel-Riesling-Pettenthal-Kabinett-S-2017-750-ml.png","type":"image\/png"}],"twitter_card":"summary_large_image","twitter_misc":{"Gesch\u00e4tzte Lesezeit":"3\u00a0Minuten"},"schema":{"@context":"https:\/\/schema.org","@graph":[{"@type":"WebPage","@id":"https:\/\/wein-werte.com\/de\/produkt\/schatzel-riesling-pettenthal-kabinett-s-2017-750ml\/","url":"https:\/\/wein-werte.com\/de\/produkt\/schatzel-riesling-pettenthal-kabinett-s-2017-750ml\/","name":"Sch\u00e4tzel Riesling Pettenthal Kabinett \"S\" 2017","isPartOf":{"@id":"https:\/\/wein-werte.com\/de\/#website"},"primaryImageOfPage":{"@id":"https:\/\/wein-werte.com\/de\/produkt\/schatzel-riesling-pettenthal-kabinett-s-2017-750ml\/#primaryimage"},"image":{"@id":"https:\/\/wein-werte.com\/de\/produkt\/schatzel-riesling-pettenthal-kabinett-s-2017-750ml\/#primaryimage"},"thumbnailUrl":"https:\/\/wein-werte.com\/wp-content\/uploads\/2026\/04\/Schatzel-Riesling-Pettenthal-Kabinett-S-2017-750-ml.png","datePublished":"2026-05-05T16:23:43+00:00","description":"Kaufe Sch\u00e4tzel Riesling Pettenthal Kabinett \"S\" 2017 (Riesling, s\u00fc\u00df aus Rheinhessen, Deutschland) bei Wein Werte, Ihrem nachhaltigen Onlineshop.","breadcrumb":{"@id":"https:\/\/wein-werte.com\/de\/produkt\/schatzel-riesling-pettenthal-kabinett-s-2017-750ml\/#breadcrumb"},"inLanguage":"de","potentialAction":[{"@type":"ReadAction","target":["https:\/\/wein-werte.com\/de\/produkt\/schatzel-riesling-pettenthal-kabinett-s-2017-750ml\/"]}]},{"@type":"ImageObject","inLanguage":"de","@id":"https:\/\/wein-werte.com\/de\/produkt\/schatzel-riesling-pettenthal-kabinett-s-2017-750ml\/#primaryimage","url":"https:\/\/wein-werte.com\/wp-content\/uploads\/2026\/04\/Schatzel-Riesling-Pettenthal-Kabinett-S-2017-750-ml.png","contentUrl":"https:\/\/wein-werte.com\/wp-content\/uploads\/2026\/04\/Schatzel-Riesling-Pettenthal-Kabinett-S-2017-750-ml.png","width":153,"height":586},{"@type":"BreadcrumbList","@id":"https:\/\/wein-werte.com\/de\/produkt\/schatzel-riesling-pettenthal-kabinett-s-2017-750ml\/#breadcrumb","itemListElement":[{"@type":"ListItem","position":1,"name":"Home","item":"https:\/\/wein-werte.com\/de\/"},{"@type":"ListItem","position":2,"name":"Shop","item":"https:\/\/wein-werte.com\/de\/shop\/"},{"@type":"ListItem","position":3,"name":"Sch\u00e4tzel | Rheinhessen | Riesling Pettenthal Kabinett &#8220;S&#8221; Grosse Lage | 2017 | 750ml"}]},{"@type":"WebSite","@id":"https:\/\/wein-werte.com\/de\/#website","url":"https:\/\/wein-werte.com\/de\/","name":"Wein Werte","description":"","publisher":{"@id":"https:\/\/wein-werte.com\/de\/#organization"},"potentialAction":[{"@type":"SearchAction","target":{"@type":"EntryPoint","urlTemplate":"https:\/\/wein-werte.com\/de\/?s={search_term_string}"},"query-input":{"@type":"PropertyValueSpecification","valueRequired":true,"valueName":"search_term_string"}}],"inLanguage":"de"},{"@type":"Organization","@id":"https:\/\/wein-werte.com\/de\/#organization","name":"Vins Fins Thorrold","url":"https:\/\/wein-werte.com\/de\/","logo":{"@type":"ImageObject","inLanguage":"de","@id":"https:\/\/wein-werte.com\/de\/#\/schema\/logo\/image\/","url":"https:\/\/wein-werte.com\/wp-content\/uploads\/2023\/07\/Wein_werte_Logo700-1.png","contentUrl":"https:\/\/wein-werte.com\/wp-content\/uploads\/2023\/07\/Wein_werte_Logo700-1.png","width":700,"height":272,"caption":"Vins Fins Thorrold"},"image":{"@id":"https:\/\/wein-werte.com\/de\/#\/schema\/logo\/image\/"}}]}},"_links":{"self":[{"href":"https:\/\/wein-werte.com\/de\/wp-json\/wp\/v2\/product\/1131816","targetHints":{"allow":["GET"]}}],"collection":[{"href":"https:\/\/wein-werte.com\/de\/wp-json\/wp\/v2\/product"}],"about":[{"href":"https:\/\/wein-werte.com\/de\/wp-json\/wp\/v2\/types\/product"}],"wp:featuredmedia":[{"embeddable":true,"href":"https:\/\/wein-werte.com\/de\/wp-json\/wp\/v2\/media\/1147471"}],"wp:attachment":[{"href":"https:\/\/wein-werte.com\/de\/wp-json\/wp\/v2\/media?parent=1131816"}],"wp:term":[{"taxonomy":"product_brand","embeddable":true,"href":"https:\/\/wein-werte.com\/de\/wp-json\/wp\/v2\/product_brand?post=1131816"},{"taxonomy":"product_cat","embeddable":true,"href":"https:\/\/wein-werte.com\/de\/wp-json\/wp\/v2\/product_cat?post=1131816"},{"taxonomy":"product_tag","embeddable":true,"href":"https:\/\/wein-werte.com\/de\/wp-json\/wp\/v2\/product_tag?post=1131816"}],"curies":[{"name":"wp","href":"https:\/\/api.w.org\/{rel}","templated":true}]}}