{"id":1131813,"date":"2026-05-05T18:23:43","date_gmt":"2026-05-05T16:23:43","guid":{"rendered":"https:\/\/wein-werte.com\/product\/schatzel-riesling-pettenthal-kabinett-versteigerung-wein-2016-750ml\/"},"modified":"2026-04-27T11:48:02","modified_gmt":"2026-04-27T09:48:02","slug":"schatzel-riesling-pettenthal-kabinett-versteigerung-wein-2016-750ml","status":"publish","type":"product","link":"https:\/\/wein-werte.com\/de\/produkt\/schatzel-riesling-pettenthal-kabinett-versteigerung-wein-2016-750ml\/","title":{"rendered":"Sch\u00e4tzel | Rheinhessen | Riesling Pettenthal Kabinett Grosse Lage, Versteigerung-Wein | 2016 | 750ml"},"content":{"rendered":"<p>Produktbeschreibung f\u00fcr Sch\u00e4tzel Riesling Pettenthal Kabinett Grosse Lage, Versteigerung-Wein 2016 <\/p>\n<p> Christoph Raffelt: Was f\u00fcr Sch\u00e4tzels Weine ein Markenzeichen ist, zeigt sich beim Versteigerungswein in seiner ganzen Tiefe. Dieser Wein ist kein Wein zum Schnuppern, sondern ein Struktur- und Texturwein von gro\u00dfer Klarheit und Pr\u00e4zision. Der Pettenthal Kabinett schafft eine Balance aus spielerischer Leichtigkeit und gro\u00dfer Ernsthaftigkeit. Er ist druckvoll und saftig, vordergr\u00fcndig hell in seinen Kernobst- und Zitrusfruchtnuancen, dann aber wieder dunkel und geheimnisvoll in seiner erdigen Mineralit\u00e4t. Der S\u00e4ure ist fein und pendelt die S\u00fc\u00dfe aus, der Wein ist elegant, fein und mit einer typisch salzigen Note ausgestattet, die zusammen mit der lebendigen S\u00e4ure das Gef\u00fchl von Mineralit\u00e4t hervorruft. Er ist noch blutjung und eigentlich darauf angelegt, ein paar Jahre im Keller zu verschwinden. <\/p>\n<h5>Farbe<\/h5>\n<p> helles Platingelb <\/p>\n<h5>Nase<\/h5>\n<p> Wer bei Versteigerungsweinen an Kabinette von Mosel, Saar und Ruwer denkt, liegt fast immer richtig. Doch auch rheinhessische Kabinette kommen manchmal unter den Hammer. Dieser Pettenthal Kabinett von Kai Sch\u00e4tzel unterscheidet sich nat\u00fcrlich schon vom Duft her grundlegend von den Moselanern, und ehrlich gesagt auch von allem, was man sonst so an Kabinett an der Rheinfront findet. Der Duft ist markant und einzigartig mit deutlichem Apfel und Apfelmost, mit Zitrusfr\u00fcchten, etwas Feuerstein und einem Hauch von Benzin, feuchtem Gesteinsmehl und Hefe. <\/p>\n<h5>Mund<\/h5>\n<p> Was f\u00fcr Sch\u00e4tzels Weine ein Markenzeichen ist, zeigt sich beim Versteigerungswein in seiner ganzen Tiefe. Dieser Wein ist kein Wein zum Schnuppern, sondern ein Struktur- und Texturwein von gro\u00dfer Klarheit und Pr\u00e4zision. Der Pettenthal Kabinett schafft eine Balance aus spielerischer Leichtigkeit und gro\u00dfer Ernsthaftigkeit. Er ist druckvoll und saftig, vordergr\u00fcndig hell in seinen Kernobst- und Zitrusfruchtnuancen, dann aber wieder dunkel und geheimnisvoll in seiner erdigen Mineralit\u00e4t. Der S\u00e4ure ist fein und pendelt die S\u00fc\u00dfe aus, der Wein ist elegant, fein und mit einer typisch salzigen Note ausgestattet, die zusammen mit der lebendigen S\u00e4ure das Gef\u00fchl von Mineralit\u00e4t hervorruft. Er ist noch blutjung und eigentlich darauf angelegt, ein paar Jahre im Keller zu verschwinden.<\/p>\n<p>Copyright Vinaturel 2025<\/p>\n<p>Keywords: <a href=\"https:\/\/wein-werte.com\/de\/shop\/?swoof=1&#038;pa_producer=Sch\u00e4tzel\">Sch\u00e4tzel<\/a> <a href=\"https:\/\/wein-werte.com\/de\/shop\/?swoof=1&#038;woof_text=Riesling Pettenthal Kabinett Grosse Lage, Versteigerung-Wein\">Riesling Pettenthal Kabinett Grosse Lage, Versteigerung-Wein<\/a> 2016  <a href=\"https:\/\/wein-werte.com\/de\/shop\/?swoof=1&#038;pa_region=Rheinhessen\">Rheinhessen<\/a> <a href=\"https:\/\/wein-werte.com\/de\/shop\/?swoof=1&#038;pa_country=Deutschland\">Deutschland<\/a><\/p>\n<p>Internetseite des Weinguts: <a href=\"https:\/\/www.schaetzel.de\/home\" target=\"_blank\">https:\/\/www.schaetzel.de\/home<\/a><\/p>\n","protected":false},"excerpt":{"rendered":"<p>Lieferzeit: 1 bis 2 Arbeitstage (DE), 2 bis 5 Arbeitstage (EU and CH)<\/p>\n","protected":false},"featured_media":1147469,"template":"","meta":[],"product_brand":[],"product_cat":[19],"product_tag":[],"class_list":{"0":"post-1131813","1":"product","2":"type-product","3":"status-publish","4":"has-post-thumbnail","6":"product_cat-unkategorisiert","7":"pa_alcohol-for-filter-7-5","8":"pa_certified-biodynamic-nein-de","9":"pa_certified-organic-nein-de","10":"pa_colour-weiss","11":"pa_country-deutschland","12":"pa_grape-riesling","13":"pa_price-for-filter-10701","14":"pa_producer-schatzel","15":"pa_region-rheinhessen","16":"pa_size-ml-6584","17":"pa_sweetness-suess-de","18":"pa_type-2-still-de","19":"pa_vintage-2016-de","20":"entry","21":"has-media","23":"first","24":"instock","25":"taxable","26":"shipping-taxable","27":"purchasable","28":"product-type-simple"},"yoast_head":"<!-- This site is optimized with the Yoast SEO plugin v27.5 - https:\/\/yoast.com\/product\/yoast-seo-wordpress\/ -->\n<title>Sch\u00e4tzel Riesling Pettenthal Kabinett Versteigerung-Wein 2016<\/title>\n<meta name=\"description\" content=\"Kaufe Sch\u00e4tzel Riesling Pettenthal Kabinett Versteigerung-Wein 2016 (Riesling, s\u00fc\u00df aus Rheinhessen, Deutschland) bei Wein Werte, Ihrem nachhaltigen Onlineshop.\" \/>\n<meta name=\"robots\" content=\"index, follow, max-snippet:-1, max-image-preview:large, max-video-preview:-1\" \/>\n<link rel=\"canonical\" href=\"https:\/\/wein-werte.com\/de\/produkt\/schatzel-riesling-pettenthal-kabinett-versteigerung-wein-2016-750ml\/\" \/>\n<meta property=\"og:locale\" content=\"de_DE\" \/>\n<meta property=\"og:type\" content=\"article\" \/>\n<meta property=\"og:title\" content=\"Sch\u00e4tzel Riesling Pettenthal Kabinett Versteigerung-Wein 2016\" \/>\n<meta property=\"og:description\" content=\"Kaufe Sch\u00e4tzel Riesling Pettenthal Kabinett Versteigerung-Wein 2016 (Riesling, s\u00fc\u00df aus Rheinhessen, Deutschland) bei Wein Werte, Ihrem nachhaltigen Onlineshop.\" \/>\n<meta property=\"og:url\" content=\"https:\/\/wein-werte.com\/de\/produkt\/schatzel-riesling-pettenthal-kabinett-versteigerung-wein-2016-750ml\/\" \/>\n<meta property=\"og:site_name\" content=\"Wein Werte\" \/>\n<meta property=\"og:image\" content=\"https:\/\/wein-werte.com\/wp-content\/uploads\/2026\/04\/Schatzel-Riesling-Pettenthal-Kabinett-Versteigerung-Wein-2016-750-ml.png\" \/>\n\t<meta property=\"og:image:width\" content=\"314\" \/>\n\t<meta property=\"og:image:height\" content=\"1200\" \/>\n\t<meta property=\"og:image:type\" content=\"image\/png\" \/>\n<meta name=\"twitter:card\" content=\"summary_large_image\" \/>\n<meta name=\"twitter:label1\" content=\"Gesch\u00e4tzte Lesezeit\" \/>\n\t<meta name=\"twitter:data1\" content=\"2\u00a0Minuten\" \/>\n<script type=\"application\/ld+json\" class=\"yoast-schema-graph\">{\"@context\":\"https:\\\/\\\/schema.org\",\"@graph\":[{\"@type\":\"WebPage\",\"@id\":\"https:\\\/\\\/wein-werte.com\\\/de\\\/produkt\\\/schatzel-riesling-pettenthal-kabinett-versteigerung-wein-2016-750ml\\\/\",\"url\":\"https:\\\/\\\/wein-werte.com\\\/de\\\/produkt\\\/schatzel-riesling-pettenthal-kabinett-versteigerung-wein-2016-750ml\\\/\",\"name\":\"Sch\u00e4tzel Riesling Pettenthal Kabinett Versteigerung-Wein 2016\",\"isPartOf\":{\"@id\":\"https:\\\/\\\/wein-werte.com\\\/de\\\/#website\"},\"primaryImageOfPage\":{\"@id\":\"https:\\\/\\\/wein-werte.com\\\/de\\\/produkt\\\/schatzel-riesling-pettenthal-kabinett-versteigerung-wein-2016-750ml\\\/#primaryimage\"},\"image\":{\"@id\":\"https:\\\/\\\/wein-werte.com\\\/de\\\/produkt\\\/schatzel-riesling-pettenthal-kabinett-versteigerung-wein-2016-750ml\\\/#primaryimage\"},\"thumbnailUrl\":\"https:\\\/\\\/wein-werte.com\\\/wp-content\\\/uploads\\\/2026\\\/04\\\/Schatzel-Riesling-Pettenthal-Kabinett-Versteigerung-Wein-2016-750-ml.png\",\"datePublished\":\"2026-05-05T16:23:43+00:00\",\"description\":\"Kaufe Sch\u00e4tzel Riesling Pettenthal Kabinett Versteigerung-Wein 2016 (Riesling, s\u00fc\u00df aus Rheinhessen, Deutschland) bei Wein Werte, Ihrem nachhaltigen Onlineshop.\",\"breadcrumb\":{\"@id\":\"https:\\\/\\\/wein-werte.com\\\/de\\\/produkt\\\/schatzel-riesling-pettenthal-kabinett-versteigerung-wein-2016-750ml\\\/#breadcrumb\"},\"inLanguage\":\"de\",\"potentialAction\":[{\"@type\":\"ReadAction\",\"target\":[\"https:\\\/\\\/wein-werte.com\\\/de\\\/produkt\\\/schatzel-riesling-pettenthal-kabinett-versteigerung-wein-2016-750ml\\\/\"]}]},{\"@type\":\"ImageObject\",\"inLanguage\":\"de\",\"@id\":\"https:\\\/\\\/wein-werte.com\\\/de\\\/produkt\\\/schatzel-riesling-pettenthal-kabinett-versteigerung-wein-2016-750ml\\\/#primaryimage\",\"url\":\"https:\\\/\\\/wein-werte.com\\\/wp-content\\\/uploads\\\/2026\\\/04\\\/Schatzel-Riesling-Pettenthal-Kabinett-Versteigerung-Wein-2016-750-ml.png\",\"contentUrl\":\"https:\\\/\\\/wein-werte.com\\\/wp-content\\\/uploads\\\/2026\\\/04\\\/Schatzel-Riesling-Pettenthal-Kabinett-Versteigerung-Wein-2016-750-ml.png\",\"width\":314,\"height\":1200},{\"@type\":\"BreadcrumbList\",\"@id\":\"https:\\\/\\\/wein-werte.com\\\/de\\\/produkt\\\/schatzel-riesling-pettenthal-kabinett-versteigerung-wein-2016-750ml\\\/#breadcrumb\",\"itemListElement\":[{\"@type\":\"ListItem\",\"position\":1,\"name\":\"Home\",\"item\":\"https:\\\/\\\/wein-werte.com\\\/de\\\/\"},{\"@type\":\"ListItem\",\"position\":2,\"name\":\"Shop\",\"item\":\"https:\\\/\\\/wein-werte.com\\\/de\\\/shop\\\/\"},{\"@type\":\"ListItem\",\"position\":3,\"name\":\"Sch\u00e4tzel | Rheinhessen | Riesling Pettenthal Kabinett Grosse Lage, Versteigerung-Wein | 2016 | 750ml\"}]},{\"@type\":\"WebSite\",\"@id\":\"https:\\\/\\\/wein-werte.com\\\/de\\\/#website\",\"url\":\"https:\\\/\\\/wein-werte.com\\\/de\\\/\",\"name\":\"Wein Werte\",\"description\":\"\",\"publisher\":{\"@id\":\"https:\\\/\\\/wein-werte.com\\\/de\\\/#organization\"},\"potentialAction\":[{\"@type\":\"SearchAction\",\"target\":{\"@type\":\"EntryPoint\",\"urlTemplate\":\"https:\\\/\\\/wein-werte.com\\\/de\\\/?s={search_term_string}\"},\"query-input\":{\"@type\":\"PropertyValueSpecification\",\"valueRequired\":true,\"valueName\":\"search_term_string\"}}],\"inLanguage\":\"de\"},{\"@type\":\"Organization\",\"@id\":\"https:\\\/\\\/wein-werte.com\\\/de\\\/#organization\",\"name\":\"Vins Fins Thorrold\",\"url\":\"https:\\\/\\\/wein-werte.com\\\/de\\\/\",\"logo\":{\"@type\":\"ImageObject\",\"inLanguage\":\"de\",\"@id\":\"https:\\\/\\\/wein-werte.com\\\/de\\\/#\\\/schema\\\/logo\\\/image\\\/\",\"url\":\"https:\\\/\\\/wein-werte.com\\\/wp-content\\\/uploads\\\/2023\\\/07\\\/Wein_werte_Logo700-1.png\",\"contentUrl\":\"https:\\\/\\\/wein-werte.com\\\/wp-content\\\/uploads\\\/2023\\\/07\\\/Wein_werte_Logo700-1.png\",\"width\":700,\"height\":272,\"caption\":\"Vins Fins Thorrold\"},\"image\":{\"@id\":\"https:\\\/\\\/wein-werte.com\\\/de\\\/#\\\/schema\\\/logo\\\/image\\\/\"}}]}<\/script>\n<!-- \/ Yoast SEO plugin. -->","yoast_head_json":{"title":"Sch\u00e4tzel Riesling Pettenthal Kabinett Versteigerung-Wein 2016","description":"Kaufe Sch\u00e4tzel Riesling Pettenthal Kabinett Versteigerung-Wein 2016 (Riesling, s\u00fc\u00df aus Rheinhessen, Deutschland) bei Wein Werte, Ihrem nachhaltigen Onlineshop.","robots":{"index":"index","follow":"follow","max-snippet":"max-snippet:-1","max-image-preview":"max-image-preview:large","max-video-preview":"max-video-preview:-1"},"canonical":"https:\/\/wein-werte.com\/de\/produkt\/schatzel-riesling-pettenthal-kabinett-versteigerung-wein-2016-750ml\/","og_locale":"de_DE","og_type":"article","og_title":"Sch\u00e4tzel Riesling Pettenthal Kabinett Versteigerung-Wein 2016","og_description":"Kaufe Sch\u00e4tzel Riesling Pettenthal Kabinett Versteigerung-Wein 2016 (Riesling, s\u00fc\u00df aus Rheinhessen, Deutschland) bei Wein Werte, Ihrem nachhaltigen Onlineshop.","og_url":"https:\/\/wein-werte.com\/de\/produkt\/schatzel-riesling-pettenthal-kabinett-versteigerung-wein-2016-750ml\/","og_site_name":"Wein Werte","og_image":[{"width":314,"height":1200,"url":"https:\/\/wein-werte.com\/wp-content\/uploads\/2026\/04\/Schatzel-Riesling-Pettenthal-Kabinett-Versteigerung-Wein-2016-750-ml.png","type":"image\/png"}],"twitter_card":"summary_large_image","twitter_misc":{"Gesch\u00e4tzte Lesezeit":"2\u00a0Minuten"},"schema":{"@context":"https:\/\/schema.org","@graph":[{"@type":"WebPage","@id":"https:\/\/wein-werte.com\/de\/produkt\/schatzel-riesling-pettenthal-kabinett-versteigerung-wein-2016-750ml\/","url":"https:\/\/wein-werte.com\/de\/produkt\/schatzel-riesling-pettenthal-kabinett-versteigerung-wein-2016-750ml\/","name":"Sch\u00e4tzel Riesling Pettenthal Kabinett Versteigerung-Wein 2016","isPartOf":{"@id":"https:\/\/wein-werte.com\/de\/#website"},"primaryImageOfPage":{"@id":"https:\/\/wein-werte.com\/de\/produkt\/schatzel-riesling-pettenthal-kabinett-versteigerung-wein-2016-750ml\/#primaryimage"},"image":{"@id":"https:\/\/wein-werte.com\/de\/produkt\/schatzel-riesling-pettenthal-kabinett-versteigerung-wein-2016-750ml\/#primaryimage"},"thumbnailUrl":"https:\/\/wein-werte.com\/wp-content\/uploads\/2026\/04\/Schatzel-Riesling-Pettenthal-Kabinett-Versteigerung-Wein-2016-750-ml.png","datePublished":"2026-05-05T16:23:43+00:00","description":"Kaufe Sch\u00e4tzel Riesling Pettenthal Kabinett Versteigerung-Wein 2016 (Riesling, s\u00fc\u00df aus Rheinhessen, Deutschland) bei Wein Werte, Ihrem nachhaltigen Onlineshop.","breadcrumb":{"@id":"https:\/\/wein-werte.com\/de\/produkt\/schatzel-riesling-pettenthal-kabinett-versteigerung-wein-2016-750ml\/#breadcrumb"},"inLanguage":"de","potentialAction":[{"@type":"ReadAction","target":["https:\/\/wein-werte.com\/de\/produkt\/schatzel-riesling-pettenthal-kabinett-versteigerung-wein-2016-750ml\/"]}]},{"@type":"ImageObject","inLanguage":"de","@id":"https:\/\/wein-werte.com\/de\/produkt\/schatzel-riesling-pettenthal-kabinett-versteigerung-wein-2016-750ml\/#primaryimage","url":"https:\/\/wein-werte.com\/wp-content\/uploads\/2026\/04\/Schatzel-Riesling-Pettenthal-Kabinett-Versteigerung-Wein-2016-750-ml.png","contentUrl":"https:\/\/wein-werte.com\/wp-content\/uploads\/2026\/04\/Schatzel-Riesling-Pettenthal-Kabinett-Versteigerung-Wein-2016-750-ml.png","width":314,"height":1200},{"@type":"BreadcrumbList","@id":"https:\/\/wein-werte.com\/de\/produkt\/schatzel-riesling-pettenthal-kabinett-versteigerung-wein-2016-750ml\/#breadcrumb","itemListElement":[{"@type":"ListItem","position":1,"name":"Home","item":"https:\/\/wein-werte.com\/de\/"},{"@type":"ListItem","position":2,"name":"Shop","item":"https:\/\/wein-werte.com\/de\/shop\/"},{"@type":"ListItem","position":3,"name":"Sch\u00e4tzel | Rheinhessen | Riesling Pettenthal Kabinett Grosse Lage, Versteigerung-Wein | 2016 | 750ml"}]},{"@type":"WebSite","@id":"https:\/\/wein-werte.com\/de\/#website","url":"https:\/\/wein-werte.com\/de\/","name":"Wein Werte","description":"","publisher":{"@id":"https:\/\/wein-werte.com\/de\/#organization"},"potentialAction":[{"@type":"SearchAction","target":{"@type":"EntryPoint","urlTemplate":"https:\/\/wein-werte.com\/de\/?s={search_term_string}"},"query-input":{"@type":"PropertyValueSpecification","valueRequired":true,"valueName":"search_term_string"}}],"inLanguage":"de"},{"@type":"Organization","@id":"https:\/\/wein-werte.com\/de\/#organization","name":"Vins Fins Thorrold","url":"https:\/\/wein-werte.com\/de\/","logo":{"@type":"ImageObject","inLanguage":"de","@id":"https:\/\/wein-werte.com\/de\/#\/schema\/logo\/image\/","url":"https:\/\/wein-werte.com\/wp-content\/uploads\/2023\/07\/Wein_werte_Logo700-1.png","contentUrl":"https:\/\/wein-werte.com\/wp-content\/uploads\/2023\/07\/Wein_werte_Logo700-1.png","width":700,"height":272,"caption":"Vins Fins Thorrold"},"image":{"@id":"https:\/\/wein-werte.com\/de\/#\/schema\/logo\/image\/"}}]}},"_links":{"self":[{"href":"https:\/\/wein-werte.com\/de\/wp-json\/wp\/v2\/product\/1131813","targetHints":{"allow":["GET"]}}],"collection":[{"href":"https:\/\/wein-werte.com\/de\/wp-json\/wp\/v2\/product"}],"about":[{"href":"https:\/\/wein-werte.com\/de\/wp-json\/wp\/v2\/types\/product"}],"wp:featuredmedia":[{"embeddable":true,"href":"https:\/\/wein-werte.com\/de\/wp-json\/wp\/v2\/media\/1147469"}],"wp:attachment":[{"href":"https:\/\/wein-werte.com\/de\/wp-json\/wp\/v2\/media?parent=1131813"}],"wp:term":[{"taxonomy":"product_brand","embeddable":true,"href":"https:\/\/wein-werte.com\/de\/wp-json\/wp\/v2\/product_brand?post=1131813"},{"taxonomy":"product_cat","embeddable":true,"href":"https:\/\/wein-werte.com\/de\/wp-json\/wp\/v2\/product_cat?post=1131813"},{"taxonomy":"product_tag","embeddable":true,"href":"https:\/\/wein-werte.com\/de\/wp-json\/wp\/v2\/product_tag?post=1131813"}],"curies":[{"name":"wp","href":"https:\/\/api.w.org\/{rel}","templated":true}]}}