{"id":1131743,"date":"2026-05-05T18:23:39","date_gmt":"2026-05-05T16:23:39","guid":{"rendered":"https:\/\/wein-werte.com\/product\/battenfeld-spanier-riesling-zellerweg-am-schwarzen-herrgott-gg-2023-750ml\/"},"modified":"2026-04-27T11:47:56","modified_gmt":"2026-04-27T09:47:56","slug":"battenfeld-spanier-riesling-zellerweg-am-schwarzen-herrgott-gg-2023-750ml","status":"publish","type":"product","link":"https:\/\/wein-werte.com\/de\/produkt\/battenfeld-spanier-riesling-zellerweg-am-schwarzen-herrgott-gg-2023-750ml\/","title":{"rendered":"Battenfeld-Spanier | Rheinhessen | Riesling Zellerweg am Schwarzen Herrgott GG | 2023 | 750ml | bio"},"content":{"rendered":"<p>Produktbeschreibung f\u00fcr Battenfeld-Spanier Riesling Zellerweg am Schwarzen Herrgott GG 2023 (bio)<\/p>\n<p>Battenfeld-Spanier Riesling Zellerweg am Schwarzen Herrgott GG 2023 ist ein trockener Wei\u00dfwein hergestellt aus Riesling Trauben in der Region Rheinhessen in Deutschland.<\/p>\n<p>Keywords: <a href=\"https:\/\/wein-werte.com\/de\/shop\/?swoof=1&#038;pa_producer=Battenfeld-Spanier\">Battenfeld-Spanier<\/a> <a href=\"https:\/\/wein-werte.com\/de\/shop\/?swoof=1&#038;woof_text=Riesling Zellerweg am Schwarzen Herrgott GG\">Riesling Zellerweg am Schwarzen Herrgott GG<\/a> 2023 bio <a href=\"https:\/\/wein-werte.com\/de\/shop\/?swoof=1&#038;pa_region=Rheinhessen\">Rheinhessen<\/a> <a href=\"https:\/\/wein-werte.com\/de\/shop\/?swoof=1&#038;pa_country=Deutschland\">Deutschland<\/a><\/p>\n<h3>Vinous<\/h3>\n<p>Punkte: 96<\/p>\n<p>Der Riesling M\u00f6lsheimer Zellerweg Am Schwarzen Herrgott Grosses Gew\u00e4chs 2023 l\u00e4sst bereits in der Nase Zitrusnoten und die Reinheit von Zitronen\u00f6l erahnen. Diese Reinheit geht mit exquisiter Fl\u00fcssigkeit und inh\u00e4renter K\u00fchle am Gaumen einher. Er ist absolut spritzig mit durchdringender Frische, elegant, leicht und anmutig konturiert \u2013 geradezu makellos. (Knochentrocken) \u2013 Anne Krebiehl MW<br \/>Trinkfenster: 2028\u20132060<br \/>Testdatum: Oktober 2024<\/p>\n<p>Internetseite des Weinguts: <a href=\"https:\/\/www.kuehlingandbattenfeld.com\/de\/battenfeldspanier\" target=\"_blank\">https:\/\/www.kuehlingandbattenfeld.com\/de\/battenfeldspanier<\/a><\/p>\n","protected":false},"excerpt":{"rendered":"<p>Lieferzeit: 1 bis 2 Arbeitstage (DE), 2 bis 5 Arbeitstage (EU and CH)<\/p>\n","protected":false},"featured_media":1142566,"template":"","meta":[],"product_brand":[],"product_cat":[19],"product_tag":[],"class_list":{"0":"post-1131743","1":"product","2":"type-product","3":"status-publish","4":"has-post-thumbnail","6":"product_cat-unkategorisiert","7":"pa_alcohol-for-filter-12-5","8":"pa_certified-biodynamic-nein-de","9":"pa_certified-organic-ja-de","10":"pa_colour-weiss","11":"pa_country-deutschland","12":"pa_grape-riesling","13":"pa_price-for-filter-10641","14":"pa_producer-battenfeld-spanier","15":"pa_region-rheinhessen","16":"pa_size-ml-6584","17":"pa_sweetness-trocken-de","18":"pa_type-2-still-de","19":"pa_vinous-points-for-filter-20037","20":"pa_vintage-2023-de","21":"entry","22":"has-media","24":"first","25":"instock","26":"taxable","27":"shipping-taxable","28":"purchasable","29":"product-type-simple"},"yoast_head":"<!-- This site is optimized with the Yoast SEO plugin v27.5 - https:\/\/yoast.com\/product\/yoast-seo-wordpress\/ -->\n<title>Battenfeld-Spanier Riesling Zellerweg am Schwarzen Herrgott GG 2023<\/title>\n<meta name=\"description\" content=\"Kaufe Battenfeld-Spanier Riesling Zellerweg am Schwarzen Herrgott GG 2023 (Riesling, trocken aus Rheinhessen, Deutschland) bei Wein Werte, Ihrem nachhaltigen Onlineshop.\" \/>\n<meta name=\"robots\" content=\"index, follow, max-snippet:-1, max-image-preview:large, max-video-preview:-1\" \/>\n<link rel=\"canonical\" href=\"https:\/\/wein-werte.com\/de\/produkt\/battenfeld-spanier-riesling-zellerweg-am-schwarzen-herrgott-gg-2023-750ml\/\" \/>\n<meta property=\"og:locale\" content=\"de_DE\" \/>\n<meta property=\"og:type\" content=\"article\" \/>\n<meta property=\"og:title\" content=\"Battenfeld-Spanier Riesling Zellerweg am Schwarzen Herrgott GG 2023\" \/>\n<meta property=\"og:description\" content=\"Kaufe Battenfeld-Spanier Riesling Zellerweg am Schwarzen Herrgott GG 2023 (Riesling, trocken aus Rheinhessen, Deutschland) bei Wein Werte, Ihrem nachhaltigen Onlineshop.\" \/>\n<meta property=\"og:url\" content=\"https:\/\/wein-werte.com\/de\/produkt\/battenfeld-spanier-riesling-zellerweg-am-schwarzen-herrgott-gg-2023-750ml\/\" \/>\n<meta property=\"og:site_name\" content=\"Wein Werte\" \/>\n<meta property=\"og:image\" content=\"https:\/\/wein-werte.com\/wp-content\/uploads\/2026\/04\/Battenfeld-Spanier-Riesling-Zellerweg-am-Schwarzen-Herrgott-GG-2023-750ml.png\" \/>\n\t<meta property=\"og:image:width\" content=\"252\" \/>\n\t<meta property=\"og:image:height\" content=\"1200\" \/>\n\t<meta property=\"og:image:type\" content=\"image\/png\" \/>\n<meta name=\"twitter:card\" content=\"summary_large_image\" \/>\n<meta name=\"twitter:label1\" content=\"Gesch\u00e4tzte Lesezeit\" \/>\n\t<meta name=\"twitter:data1\" content=\"1\u00a0Minute\" \/>\n<script type=\"application\/ld+json\" class=\"yoast-schema-graph\">{\"@context\":\"https:\\\/\\\/schema.org\",\"@graph\":[{\"@type\":\"WebPage\",\"@id\":\"https:\\\/\\\/wein-werte.com\\\/de\\\/produkt\\\/battenfeld-spanier-riesling-zellerweg-am-schwarzen-herrgott-gg-2023-750ml\\\/\",\"url\":\"https:\\\/\\\/wein-werte.com\\\/de\\\/produkt\\\/battenfeld-spanier-riesling-zellerweg-am-schwarzen-herrgott-gg-2023-750ml\\\/\",\"name\":\"Battenfeld-Spanier Riesling Zellerweg am Schwarzen Herrgott GG 2023\",\"isPartOf\":{\"@id\":\"https:\\\/\\\/wein-werte.com\\\/de\\\/#website\"},\"primaryImageOfPage\":{\"@id\":\"https:\\\/\\\/wein-werte.com\\\/de\\\/produkt\\\/battenfeld-spanier-riesling-zellerweg-am-schwarzen-herrgott-gg-2023-750ml\\\/#primaryimage\"},\"image\":{\"@id\":\"https:\\\/\\\/wein-werte.com\\\/de\\\/produkt\\\/battenfeld-spanier-riesling-zellerweg-am-schwarzen-herrgott-gg-2023-750ml\\\/#primaryimage\"},\"thumbnailUrl\":\"https:\\\/\\\/wein-werte.com\\\/wp-content\\\/uploads\\\/2026\\\/04\\\/Battenfeld-Spanier-Riesling-Zellerweg-am-Schwarzen-Herrgott-GG-2023-750ml.png\",\"datePublished\":\"2026-05-05T16:23:39+00:00\",\"description\":\"Kaufe Battenfeld-Spanier Riesling Zellerweg am Schwarzen Herrgott GG 2023 (Riesling, trocken aus Rheinhessen, Deutschland) bei Wein Werte, Ihrem nachhaltigen Onlineshop.\",\"breadcrumb\":{\"@id\":\"https:\\\/\\\/wein-werte.com\\\/de\\\/produkt\\\/battenfeld-spanier-riesling-zellerweg-am-schwarzen-herrgott-gg-2023-750ml\\\/#breadcrumb\"},\"inLanguage\":\"de\",\"potentialAction\":[{\"@type\":\"ReadAction\",\"target\":[\"https:\\\/\\\/wein-werte.com\\\/de\\\/produkt\\\/battenfeld-spanier-riesling-zellerweg-am-schwarzen-herrgott-gg-2023-750ml\\\/\"]}]},{\"@type\":\"ImageObject\",\"inLanguage\":\"de\",\"@id\":\"https:\\\/\\\/wein-werte.com\\\/de\\\/produkt\\\/battenfeld-spanier-riesling-zellerweg-am-schwarzen-herrgott-gg-2023-750ml\\\/#primaryimage\",\"url\":\"https:\\\/\\\/wein-werte.com\\\/wp-content\\\/uploads\\\/2026\\\/04\\\/Battenfeld-Spanier-Riesling-Zellerweg-am-Schwarzen-Herrgott-GG-2023-750ml.png\",\"contentUrl\":\"https:\\\/\\\/wein-werte.com\\\/wp-content\\\/uploads\\\/2026\\\/04\\\/Battenfeld-Spanier-Riesling-Zellerweg-am-Schwarzen-Herrgott-GG-2023-750ml.png\",\"width\":252,\"height\":1200,\"caption\":\"Battenfeld-Spanier Riesling Zellerweg am Schwarzen Herrgott GG 2023 750ml\"},{\"@type\":\"BreadcrumbList\",\"@id\":\"https:\\\/\\\/wein-werte.com\\\/de\\\/produkt\\\/battenfeld-spanier-riesling-zellerweg-am-schwarzen-herrgott-gg-2023-750ml\\\/#breadcrumb\",\"itemListElement\":[{\"@type\":\"ListItem\",\"position\":1,\"name\":\"Home\",\"item\":\"https:\\\/\\\/wein-werte.com\\\/de\\\/\"},{\"@type\":\"ListItem\",\"position\":2,\"name\":\"Shop\",\"item\":\"https:\\\/\\\/wein-werte.com\\\/de\\\/shop\\\/\"},{\"@type\":\"ListItem\",\"position\":3,\"name\":\"Battenfeld-Spanier | Rheinhessen | Riesling Zellerweg am Schwarzen Herrgott GG | 2023 | 750ml | bio\"}]},{\"@type\":\"WebSite\",\"@id\":\"https:\\\/\\\/wein-werte.com\\\/de\\\/#website\",\"url\":\"https:\\\/\\\/wein-werte.com\\\/de\\\/\",\"name\":\"Wein Werte\",\"description\":\"\",\"publisher\":{\"@id\":\"https:\\\/\\\/wein-werte.com\\\/de\\\/#organization\"},\"potentialAction\":[{\"@type\":\"SearchAction\",\"target\":{\"@type\":\"EntryPoint\",\"urlTemplate\":\"https:\\\/\\\/wein-werte.com\\\/de\\\/?s={search_term_string}\"},\"query-input\":{\"@type\":\"PropertyValueSpecification\",\"valueRequired\":true,\"valueName\":\"search_term_string\"}}],\"inLanguage\":\"de\"},{\"@type\":\"Organization\",\"@id\":\"https:\\\/\\\/wein-werte.com\\\/de\\\/#organization\",\"name\":\"Vins Fins Thorrold\",\"url\":\"https:\\\/\\\/wein-werte.com\\\/de\\\/\",\"logo\":{\"@type\":\"ImageObject\",\"inLanguage\":\"de\",\"@id\":\"https:\\\/\\\/wein-werte.com\\\/de\\\/#\\\/schema\\\/logo\\\/image\\\/\",\"url\":\"https:\\\/\\\/wein-werte.com\\\/wp-content\\\/uploads\\\/2023\\\/07\\\/Wein_werte_Logo700-1.png\",\"contentUrl\":\"https:\\\/\\\/wein-werte.com\\\/wp-content\\\/uploads\\\/2023\\\/07\\\/Wein_werte_Logo700-1.png\",\"width\":700,\"height\":272,\"caption\":\"Vins Fins Thorrold\"},\"image\":{\"@id\":\"https:\\\/\\\/wein-werte.com\\\/de\\\/#\\\/schema\\\/logo\\\/image\\\/\"}}]}<\/script>\n<!-- \/ Yoast SEO plugin. -->","yoast_head_json":{"title":"Battenfeld-Spanier Riesling Zellerweg am Schwarzen Herrgott GG 2023","description":"Kaufe Battenfeld-Spanier Riesling Zellerweg am Schwarzen Herrgott GG 2023 (Riesling, trocken aus Rheinhessen, Deutschland) bei Wein Werte, Ihrem nachhaltigen Onlineshop.","robots":{"index":"index","follow":"follow","max-snippet":"max-snippet:-1","max-image-preview":"max-image-preview:large","max-video-preview":"max-video-preview:-1"},"canonical":"https:\/\/wein-werte.com\/de\/produkt\/battenfeld-spanier-riesling-zellerweg-am-schwarzen-herrgott-gg-2023-750ml\/","og_locale":"de_DE","og_type":"article","og_title":"Battenfeld-Spanier Riesling Zellerweg am Schwarzen Herrgott GG 2023","og_description":"Kaufe Battenfeld-Spanier Riesling Zellerweg am Schwarzen Herrgott GG 2023 (Riesling, trocken aus Rheinhessen, Deutschland) bei Wein Werte, Ihrem nachhaltigen Onlineshop.","og_url":"https:\/\/wein-werte.com\/de\/produkt\/battenfeld-spanier-riesling-zellerweg-am-schwarzen-herrgott-gg-2023-750ml\/","og_site_name":"Wein Werte","og_image":[{"width":252,"height":1200,"url":"https:\/\/wein-werte.com\/wp-content\/uploads\/2026\/04\/Battenfeld-Spanier-Riesling-Zellerweg-am-Schwarzen-Herrgott-GG-2023-750ml.png","type":"image\/png"}],"twitter_card":"summary_large_image","twitter_misc":{"Gesch\u00e4tzte Lesezeit":"1\u00a0Minute"},"schema":{"@context":"https:\/\/schema.org","@graph":[{"@type":"WebPage","@id":"https:\/\/wein-werte.com\/de\/produkt\/battenfeld-spanier-riesling-zellerweg-am-schwarzen-herrgott-gg-2023-750ml\/","url":"https:\/\/wein-werte.com\/de\/produkt\/battenfeld-spanier-riesling-zellerweg-am-schwarzen-herrgott-gg-2023-750ml\/","name":"Battenfeld-Spanier Riesling Zellerweg am Schwarzen Herrgott GG 2023","isPartOf":{"@id":"https:\/\/wein-werte.com\/de\/#website"},"primaryImageOfPage":{"@id":"https:\/\/wein-werte.com\/de\/produkt\/battenfeld-spanier-riesling-zellerweg-am-schwarzen-herrgott-gg-2023-750ml\/#primaryimage"},"image":{"@id":"https:\/\/wein-werte.com\/de\/produkt\/battenfeld-spanier-riesling-zellerweg-am-schwarzen-herrgott-gg-2023-750ml\/#primaryimage"},"thumbnailUrl":"https:\/\/wein-werte.com\/wp-content\/uploads\/2026\/04\/Battenfeld-Spanier-Riesling-Zellerweg-am-Schwarzen-Herrgott-GG-2023-750ml.png","datePublished":"2026-05-05T16:23:39+00:00","description":"Kaufe Battenfeld-Spanier Riesling Zellerweg am Schwarzen Herrgott GG 2023 (Riesling, trocken aus Rheinhessen, Deutschland) bei Wein Werte, Ihrem nachhaltigen Onlineshop.","breadcrumb":{"@id":"https:\/\/wein-werte.com\/de\/produkt\/battenfeld-spanier-riesling-zellerweg-am-schwarzen-herrgott-gg-2023-750ml\/#breadcrumb"},"inLanguage":"de","potentialAction":[{"@type":"ReadAction","target":["https:\/\/wein-werte.com\/de\/produkt\/battenfeld-spanier-riesling-zellerweg-am-schwarzen-herrgott-gg-2023-750ml\/"]}]},{"@type":"ImageObject","inLanguage":"de","@id":"https:\/\/wein-werte.com\/de\/produkt\/battenfeld-spanier-riesling-zellerweg-am-schwarzen-herrgott-gg-2023-750ml\/#primaryimage","url":"https:\/\/wein-werte.com\/wp-content\/uploads\/2026\/04\/Battenfeld-Spanier-Riesling-Zellerweg-am-Schwarzen-Herrgott-GG-2023-750ml.png","contentUrl":"https:\/\/wein-werte.com\/wp-content\/uploads\/2026\/04\/Battenfeld-Spanier-Riesling-Zellerweg-am-Schwarzen-Herrgott-GG-2023-750ml.png","width":252,"height":1200,"caption":"Battenfeld-Spanier Riesling Zellerweg am Schwarzen Herrgott GG 2023 750ml"},{"@type":"BreadcrumbList","@id":"https:\/\/wein-werte.com\/de\/produkt\/battenfeld-spanier-riesling-zellerweg-am-schwarzen-herrgott-gg-2023-750ml\/#breadcrumb","itemListElement":[{"@type":"ListItem","position":1,"name":"Home","item":"https:\/\/wein-werte.com\/de\/"},{"@type":"ListItem","position":2,"name":"Shop","item":"https:\/\/wein-werte.com\/de\/shop\/"},{"@type":"ListItem","position":3,"name":"Battenfeld-Spanier | Rheinhessen | Riesling Zellerweg am Schwarzen Herrgott GG | 2023 | 750ml | bio"}]},{"@type":"WebSite","@id":"https:\/\/wein-werte.com\/de\/#website","url":"https:\/\/wein-werte.com\/de\/","name":"Wein Werte","description":"","publisher":{"@id":"https:\/\/wein-werte.com\/de\/#organization"},"potentialAction":[{"@type":"SearchAction","target":{"@type":"EntryPoint","urlTemplate":"https:\/\/wein-werte.com\/de\/?s={search_term_string}"},"query-input":{"@type":"PropertyValueSpecification","valueRequired":true,"valueName":"search_term_string"}}],"inLanguage":"de"},{"@type":"Organization","@id":"https:\/\/wein-werte.com\/de\/#organization","name":"Vins Fins Thorrold","url":"https:\/\/wein-werte.com\/de\/","logo":{"@type":"ImageObject","inLanguage":"de","@id":"https:\/\/wein-werte.com\/de\/#\/schema\/logo\/image\/","url":"https:\/\/wein-werte.com\/wp-content\/uploads\/2023\/07\/Wein_werte_Logo700-1.png","contentUrl":"https:\/\/wein-werte.com\/wp-content\/uploads\/2023\/07\/Wein_werte_Logo700-1.png","width":700,"height":272,"caption":"Vins Fins Thorrold"},"image":{"@id":"https:\/\/wein-werte.com\/de\/#\/schema\/logo\/image\/"}}]}},"_links":{"self":[{"href":"https:\/\/wein-werte.com\/de\/wp-json\/wp\/v2\/product\/1131743","targetHints":{"allow":["GET"]}}],"collection":[{"href":"https:\/\/wein-werte.com\/de\/wp-json\/wp\/v2\/product"}],"about":[{"href":"https:\/\/wein-werte.com\/de\/wp-json\/wp\/v2\/types\/product"}],"wp:featuredmedia":[{"embeddable":true,"href":"https:\/\/wein-werte.com\/de\/wp-json\/wp\/v2\/media\/1142566"}],"wp:attachment":[{"href":"https:\/\/wein-werte.com\/de\/wp-json\/wp\/v2\/media?parent=1131743"}],"wp:term":[{"taxonomy":"product_brand","embeddable":true,"href":"https:\/\/wein-werte.com\/de\/wp-json\/wp\/v2\/product_brand?post=1131743"},{"taxonomy":"product_cat","embeddable":true,"href":"https:\/\/wein-werte.com\/de\/wp-json\/wp\/v2\/product_cat?post=1131743"},{"taxonomy":"product_tag","embeddable":true,"href":"https:\/\/wein-werte.com\/de\/wp-json\/wp\/v2\/product_tag?post=1131743"}],"curies":[{"name":"wp","href":"https:\/\/api.w.org\/{rel}","templated":true}]}}