{"id":1131723,"date":"2026-05-05T18:23:39","date_gmt":"2026-05-05T16:23:39","guid":{"rendered":"https:\/\/wein-werte.com\/product\/battenfeld-spanier-riesling-zellerweg-am-schwarzen-herrgott-gg-2022-750ml\/"},"modified":"2026-04-27T11:47:54","modified_gmt":"2026-04-27T09:47:54","slug":"battenfeld-spanier-riesling-zellerweg-am-schwarzen-herrgott-gg-2022-750ml","status":"publish","type":"product","link":"https:\/\/wein-werte.com\/de\/produkt\/battenfeld-spanier-riesling-zellerweg-am-schwarzen-herrgott-gg-2022-750ml\/","title":{"rendered":"Battenfeld-Spanier | Rheinhessen | Riesling Zellerweg am Schwarzen Herrgott GG | 2022 | 750ml | bio"},"content":{"rendered":"<p>Produktbeschreibung f\u00fcr Battenfeld-Spanier Riesling Zellerweg am Schwarzen Herrgott GG 2022 (bio) <\/p>\n<h5>Info zum Wein<\/h5>\n<p> Der Schwarze Herrgott liegt am Beginn des Zellertaler Beckens, das sich einige Kilometer weiter \u00f6stlich \u00f6ffnet und mit dem Frauenberg den Abschluss findet. Hier wie dort herrscht die reine Kalkfelsunterlage vor. Den wesentlichen Unterschied machen die mikroklimatischen Begebenheiten. W\u00e4hrend der Frauenberg von der offenen, exponierten Lage und dem Winddurchzug gepr\u00e4gt ist, befindet sich der Schwarze Herrgott an einer steilen engen Bruchkante, die die Lage nochmals vor Regen und der vollen H\u00e4rte des Lichteinfalls sch\u00fctzt. Zum ersten Mal erw\u00e4hnt wurde der Ort bei den Aufzeichnungen des Heiligen Philipp von Zell. Dieser irische M\u00f6nch christianisierte um 700 n. Chr. die Region und gr\u00fcndete ein Kloster bei Zell (cellular). Der heilige Philipp pflanzte in dieser Lage, die eine viertel Fu\u00dfstunde von seinem Kloster entfernt lag, seinen Messweinberg. Damit die M\u00f6nche nicht jedes Mal zum Gebet zur\u00fccklaufen mussten, errichteten sie auch dort ein Kreuz, was mit der Zeit schwarz verwitterte und der Lage seinen Namen gab. Durch die schriftliche Aufzeichnung z\u00e4hlt der Schwarze Herrgott heute zu den \u00e4ltesten urkundlich erw\u00e4hnten Weinbauorten. Mitten durch den Schwarzen Herrgott verl\u00e4uft die Grenze zwischen Rheinhessen und der n\u00f6rdlichen Pfalz. <\/p>\n<h5>Farbe<\/h5>\n<p> Strahlendes Goldgelb. <\/p>\n<h5>Nase<\/h5>\n<p> Was f\u00fcr eine Offenbarung im Duft, nachdem man ihn einige Stunden dekantiert hat, zeigt sich der 2022er M\u00f6lsheim Zellerweg Am Schwarzen Herrgott Riesling GG trocken mit ausdrucksvoller Mineralit\u00e4t, kompakt und k\u00fchl anmutend und Aromen von Zitrus, Grapefruit, gr\u00fcner Apfel, Verveine, Minze, Muschelschalen und ein Hauch Sojasauce und Krustentierschale ger\u00f6stet. So jugendlich und verschlossen er auch anmutet, so verhei\u00dfungsvoll ist sein Entr\u00e9e. <\/p>\n<h5>Gaumen<\/h5>\n<p> Am Gaumen angelangt packt er zu und zieht mit einer Spur, die an Zitrone in Salz geschwenkt erinnert, \u00fcber die Zunge. Seine K\u00fchle und Eleganz, sowie vibrierende Frische bestimmen seinen Charakter. Klar wie ein Gebirgsquell l\u00e4sst jeder Schluck nach einem weiteren verlangen, die fruchtigen Zitrusaromen und die frischen Kr\u00e4uter sind allgegenw\u00e4rtig und enden im langen Nachhall mit sehr viel Umami. Gro\u00dfartiges Reifepotential! Wenn m\u00f6glich \u00fcber mehrere Stunden bel\u00fcften und aus gro\u00dfen Gl\u00e4sern verkosten!<\/p>\n<p>Copyright Vinaturel 2025<\/p>\n<p>Keywords: <a href=\"https:\/\/wein-werte.com\/de\/shop\/?swoof=1&#038;pa_producer=Battenfeld-Spanier\">Battenfeld-Spanier<\/a> <a href=\"https:\/\/wein-werte.com\/de\/shop\/?swoof=1&#038;woof_text=Riesling Zellerweg am Schwarzen Herrgott GG\">Riesling Zellerweg am Schwarzen Herrgott GG<\/a> 2022 bio <a href=\"https:\/\/wein-werte.com\/de\/shop\/?swoof=1&#038;pa_region=Rheinhessen\">Rheinhessen<\/a> <a href=\"https:\/\/wein-werte.com\/de\/shop\/?swoof=1&#038;pa_country=Deutschland\">Deutschland<\/a><\/p>\n<h3>Vinous<\/h3>\n<p>Punkte: (93-95)<\/p>\n<p>Der Riesling M\u00f6lsheimer Zellerweg Am Schwarzen Herrgott Grosses Gew\u00e4chs 2022 beeindruckt sofort mit Aromen reifer Amalfi-Zitronen, die noch von einer leichten Feuersteinreduktion gepr\u00e4gt sind. Gro\u00dfe Kalkfelsen pr\u00e4gen den steinigen Boden. Darunter entfalten sich Cremigkeit und subtiles Steinobst. Am Gaumen pr\u00e4sentiert er sich k\u00fchl, tiefgr\u00fcndig und subtil. Die Zitronenintensit\u00e4t wird durch eine leicht hefige Textur unterstrichen, die sich in die Zitronenschale hineinzieht. Die Zitronennote ist am st\u00e4rksten, inmitten anhaltender K\u00fchle und sch\u00f6ner Definition. Sehr lang und rein. (Knochentrocken) \u2013 Anne Krebiehl MW<br \/>Trinkfenster: 2028\u20132045<br \/>Testdatum: September 2023<\/p>\n<p>Internetseite des Weinguts: <a href=\"https:\/\/www.kuehlingandbattenfeld.com\/de\/battenfeldspanier\" target=\"_blank\">https:\/\/www.kuehlingandbattenfeld.com\/de\/battenfeldspanier<\/a><\/p>\n","protected":false},"excerpt":{"rendered":"<p>Lieferzeit: 1 bis 2 Arbeitstage (DE), 2 bis 5 Arbeitstage (EU and CH)<\/p>\n","protected":false},"featured_media":1142554,"template":"","meta":[],"product_brand":[],"product_cat":[19],"product_tag":[],"class_list":{"0":"post-1131723","1":"product","2":"type-product","3":"status-publish","4":"has-post-thumbnail","6":"product_cat-unkategorisiert","7":"pa_alcohol-for-filter-12-5","8":"pa_certified-biodynamic-nein-de","9":"pa_certified-organic-ja-de","10":"pa_colour-weiss","11":"pa_country-deutschland","12":"pa_grape-riesling","13":"pa_price-for-filter-10641","14":"pa_producer-battenfeld-spanier","15":"pa_region-rheinhessen","16":"pa_size-ml-6584","17":"pa_sweetness-trocken-de","18":"pa_type-2-still-de","19":"pa_vinous-points-for-filter-20031","20":"pa_vintage-2022-de","21":"entry","22":"has-media","24":"first","25":"instock","26":"taxable","27":"shipping-taxable","28":"purchasable","29":"product-type-simple"},"yoast_head":"<!-- This site is optimized with the Yoast SEO plugin v27.5 - https:\/\/yoast.com\/product\/yoast-seo-wordpress\/ -->\n<title>Battenfeld-Spanier Riesling Zellerweg am Schwarzen Herrgott GG 2022<\/title>\n<meta name=\"description\" content=\"Kaufe Battenfeld-Spanier Riesling Zellerweg am Schwarzen Herrgott GG 2022 (Riesling, trocken aus Rheinhessen, Deutschland) bei Wein Werte, Ihrem nachhaltigen Onlineshop.\" \/>\n<meta name=\"robots\" content=\"index, follow, max-snippet:-1, max-image-preview:large, max-video-preview:-1\" \/>\n<link rel=\"canonical\" href=\"https:\/\/wein-werte.com\/de\/produkt\/battenfeld-spanier-riesling-zellerweg-am-schwarzen-herrgott-gg-2022-750ml\/\" \/>\n<meta property=\"og:locale\" content=\"de_DE\" \/>\n<meta property=\"og:type\" content=\"article\" \/>\n<meta property=\"og:title\" content=\"Battenfeld-Spanier Riesling Zellerweg am Schwarzen Herrgott GG 2022\" \/>\n<meta property=\"og:description\" content=\"Kaufe Battenfeld-Spanier Riesling Zellerweg am Schwarzen Herrgott GG 2022 (Riesling, trocken aus Rheinhessen, Deutschland) bei Wein Werte, Ihrem nachhaltigen Onlineshop.\" \/>\n<meta property=\"og:url\" content=\"https:\/\/wein-werte.com\/de\/produkt\/battenfeld-spanier-riesling-zellerweg-am-schwarzen-herrgott-gg-2022-750ml\/\" \/>\n<meta property=\"og:site_name\" content=\"Wein Werte\" \/>\n<meta property=\"og:image\" content=\"https:\/\/wein-werte.com\/wp-content\/uploads\/2026\/04\/Battenfeld-Spanier-Riesling-Zellerweg-am-Schwarzen-Herrgott-GG-2022-750ml.png\" \/>\n\t<meta property=\"og:image:width\" content=\"263\" \/>\n\t<meta property=\"og:image:height\" content=\"1200\" \/>\n\t<meta property=\"og:image:type\" content=\"image\/png\" \/>\n<meta name=\"twitter:card\" content=\"summary_large_image\" \/>\n<meta name=\"twitter:label1\" content=\"Gesch\u00e4tzte Lesezeit\" \/>\n\t<meta name=\"twitter:data1\" content=\"2\u00a0Minuten\" \/>\n<script type=\"application\/ld+json\" class=\"yoast-schema-graph\">{\"@context\":\"https:\\\/\\\/schema.org\",\"@graph\":[{\"@type\":\"WebPage\",\"@id\":\"https:\\\/\\\/wein-werte.com\\\/de\\\/produkt\\\/battenfeld-spanier-riesling-zellerweg-am-schwarzen-herrgott-gg-2022-750ml\\\/\",\"url\":\"https:\\\/\\\/wein-werte.com\\\/de\\\/produkt\\\/battenfeld-spanier-riesling-zellerweg-am-schwarzen-herrgott-gg-2022-750ml\\\/\",\"name\":\"Battenfeld-Spanier Riesling Zellerweg am Schwarzen Herrgott GG 2022\",\"isPartOf\":{\"@id\":\"https:\\\/\\\/wein-werte.com\\\/de\\\/#website\"},\"primaryImageOfPage\":{\"@id\":\"https:\\\/\\\/wein-werte.com\\\/de\\\/produkt\\\/battenfeld-spanier-riesling-zellerweg-am-schwarzen-herrgott-gg-2022-750ml\\\/#primaryimage\"},\"image\":{\"@id\":\"https:\\\/\\\/wein-werte.com\\\/de\\\/produkt\\\/battenfeld-spanier-riesling-zellerweg-am-schwarzen-herrgott-gg-2022-750ml\\\/#primaryimage\"},\"thumbnailUrl\":\"https:\\\/\\\/wein-werte.com\\\/wp-content\\\/uploads\\\/2026\\\/04\\\/Battenfeld-Spanier-Riesling-Zellerweg-am-Schwarzen-Herrgott-GG-2022-750ml.png\",\"datePublished\":\"2026-05-05T16:23:39+00:00\",\"description\":\"Kaufe Battenfeld-Spanier Riesling Zellerweg am Schwarzen Herrgott GG 2022 (Riesling, trocken aus Rheinhessen, Deutschland) bei Wein Werte, Ihrem nachhaltigen Onlineshop.\",\"breadcrumb\":{\"@id\":\"https:\\\/\\\/wein-werte.com\\\/de\\\/produkt\\\/battenfeld-spanier-riesling-zellerweg-am-schwarzen-herrgott-gg-2022-750ml\\\/#breadcrumb\"},\"inLanguage\":\"de\",\"potentialAction\":[{\"@type\":\"ReadAction\",\"target\":[\"https:\\\/\\\/wein-werte.com\\\/de\\\/produkt\\\/battenfeld-spanier-riesling-zellerweg-am-schwarzen-herrgott-gg-2022-750ml\\\/\"]}]},{\"@type\":\"ImageObject\",\"inLanguage\":\"de\",\"@id\":\"https:\\\/\\\/wein-werte.com\\\/de\\\/produkt\\\/battenfeld-spanier-riesling-zellerweg-am-schwarzen-herrgott-gg-2022-750ml\\\/#primaryimage\",\"url\":\"https:\\\/\\\/wein-werte.com\\\/wp-content\\\/uploads\\\/2026\\\/04\\\/Battenfeld-Spanier-Riesling-Zellerweg-am-Schwarzen-Herrgott-GG-2022-750ml.png\",\"contentUrl\":\"https:\\\/\\\/wein-werte.com\\\/wp-content\\\/uploads\\\/2026\\\/04\\\/Battenfeld-Spanier-Riesling-Zellerweg-am-Schwarzen-Herrgott-GG-2022-750ml.png\",\"width\":263,\"height\":1200,\"caption\":\"Battenfeld-Spanier Riesling Zellerweg am Schwarzen Herrgott GG 2022 750ml\"},{\"@type\":\"BreadcrumbList\",\"@id\":\"https:\\\/\\\/wein-werte.com\\\/de\\\/produkt\\\/battenfeld-spanier-riesling-zellerweg-am-schwarzen-herrgott-gg-2022-750ml\\\/#breadcrumb\",\"itemListElement\":[{\"@type\":\"ListItem\",\"position\":1,\"name\":\"Home\",\"item\":\"https:\\\/\\\/wein-werte.com\\\/de\\\/\"},{\"@type\":\"ListItem\",\"position\":2,\"name\":\"Shop\",\"item\":\"https:\\\/\\\/wein-werte.com\\\/de\\\/shop\\\/\"},{\"@type\":\"ListItem\",\"position\":3,\"name\":\"Battenfeld-Spanier | Rheinhessen | Riesling Zellerweg am Schwarzen Herrgott GG | 2022 | 750ml | bio\"}]},{\"@type\":\"WebSite\",\"@id\":\"https:\\\/\\\/wein-werte.com\\\/de\\\/#website\",\"url\":\"https:\\\/\\\/wein-werte.com\\\/de\\\/\",\"name\":\"Wein Werte\",\"description\":\"\",\"publisher\":{\"@id\":\"https:\\\/\\\/wein-werte.com\\\/de\\\/#organization\"},\"potentialAction\":[{\"@type\":\"SearchAction\",\"target\":{\"@type\":\"EntryPoint\",\"urlTemplate\":\"https:\\\/\\\/wein-werte.com\\\/de\\\/?s={search_term_string}\"},\"query-input\":{\"@type\":\"PropertyValueSpecification\",\"valueRequired\":true,\"valueName\":\"search_term_string\"}}],\"inLanguage\":\"de\"},{\"@type\":\"Organization\",\"@id\":\"https:\\\/\\\/wein-werte.com\\\/de\\\/#organization\",\"name\":\"Vins Fins Thorrold\",\"url\":\"https:\\\/\\\/wein-werte.com\\\/de\\\/\",\"logo\":{\"@type\":\"ImageObject\",\"inLanguage\":\"de\",\"@id\":\"https:\\\/\\\/wein-werte.com\\\/de\\\/#\\\/schema\\\/logo\\\/image\\\/\",\"url\":\"https:\\\/\\\/wein-werte.com\\\/wp-content\\\/uploads\\\/2023\\\/07\\\/Wein_werte_Logo700-1.png\",\"contentUrl\":\"https:\\\/\\\/wein-werte.com\\\/wp-content\\\/uploads\\\/2023\\\/07\\\/Wein_werte_Logo700-1.png\",\"width\":700,\"height\":272,\"caption\":\"Vins Fins Thorrold\"},\"image\":{\"@id\":\"https:\\\/\\\/wein-werte.com\\\/de\\\/#\\\/schema\\\/logo\\\/image\\\/\"}}]}<\/script>\n<!-- \/ Yoast SEO plugin. -->","yoast_head_json":{"title":"Battenfeld-Spanier Riesling Zellerweg am Schwarzen Herrgott GG 2022","description":"Kaufe Battenfeld-Spanier Riesling Zellerweg am Schwarzen Herrgott GG 2022 (Riesling, trocken aus Rheinhessen, Deutschland) bei Wein Werte, Ihrem nachhaltigen Onlineshop.","robots":{"index":"index","follow":"follow","max-snippet":"max-snippet:-1","max-image-preview":"max-image-preview:large","max-video-preview":"max-video-preview:-1"},"canonical":"https:\/\/wein-werte.com\/de\/produkt\/battenfeld-spanier-riesling-zellerweg-am-schwarzen-herrgott-gg-2022-750ml\/","og_locale":"de_DE","og_type":"article","og_title":"Battenfeld-Spanier Riesling Zellerweg am Schwarzen Herrgott GG 2022","og_description":"Kaufe Battenfeld-Spanier Riesling Zellerweg am Schwarzen Herrgott GG 2022 (Riesling, trocken aus Rheinhessen, Deutschland) bei Wein Werte, Ihrem nachhaltigen Onlineshop.","og_url":"https:\/\/wein-werte.com\/de\/produkt\/battenfeld-spanier-riesling-zellerweg-am-schwarzen-herrgott-gg-2022-750ml\/","og_site_name":"Wein Werte","og_image":[{"width":263,"height":1200,"url":"https:\/\/wein-werte.com\/wp-content\/uploads\/2026\/04\/Battenfeld-Spanier-Riesling-Zellerweg-am-Schwarzen-Herrgott-GG-2022-750ml.png","type":"image\/png"}],"twitter_card":"summary_large_image","twitter_misc":{"Gesch\u00e4tzte Lesezeit":"2\u00a0Minuten"},"schema":{"@context":"https:\/\/schema.org","@graph":[{"@type":"WebPage","@id":"https:\/\/wein-werte.com\/de\/produkt\/battenfeld-spanier-riesling-zellerweg-am-schwarzen-herrgott-gg-2022-750ml\/","url":"https:\/\/wein-werte.com\/de\/produkt\/battenfeld-spanier-riesling-zellerweg-am-schwarzen-herrgott-gg-2022-750ml\/","name":"Battenfeld-Spanier Riesling Zellerweg am Schwarzen Herrgott GG 2022","isPartOf":{"@id":"https:\/\/wein-werte.com\/de\/#website"},"primaryImageOfPage":{"@id":"https:\/\/wein-werte.com\/de\/produkt\/battenfeld-spanier-riesling-zellerweg-am-schwarzen-herrgott-gg-2022-750ml\/#primaryimage"},"image":{"@id":"https:\/\/wein-werte.com\/de\/produkt\/battenfeld-spanier-riesling-zellerweg-am-schwarzen-herrgott-gg-2022-750ml\/#primaryimage"},"thumbnailUrl":"https:\/\/wein-werte.com\/wp-content\/uploads\/2026\/04\/Battenfeld-Spanier-Riesling-Zellerweg-am-Schwarzen-Herrgott-GG-2022-750ml.png","datePublished":"2026-05-05T16:23:39+00:00","description":"Kaufe Battenfeld-Spanier Riesling Zellerweg am Schwarzen Herrgott GG 2022 (Riesling, trocken aus Rheinhessen, Deutschland) bei Wein Werte, Ihrem nachhaltigen Onlineshop.","breadcrumb":{"@id":"https:\/\/wein-werte.com\/de\/produkt\/battenfeld-spanier-riesling-zellerweg-am-schwarzen-herrgott-gg-2022-750ml\/#breadcrumb"},"inLanguage":"de","potentialAction":[{"@type":"ReadAction","target":["https:\/\/wein-werte.com\/de\/produkt\/battenfeld-spanier-riesling-zellerweg-am-schwarzen-herrgott-gg-2022-750ml\/"]}]},{"@type":"ImageObject","inLanguage":"de","@id":"https:\/\/wein-werte.com\/de\/produkt\/battenfeld-spanier-riesling-zellerweg-am-schwarzen-herrgott-gg-2022-750ml\/#primaryimage","url":"https:\/\/wein-werte.com\/wp-content\/uploads\/2026\/04\/Battenfeld-Spanier-Riesling-Zellerweg-am-Schwarzen-Herrgott-GG-2022-750ml.png","contentUrl":"https:\/\/wein-werte.com\/wp-content\/uploads\/2026\/04\/Battenfeld-Spanier-Riesling-Zellerweg-am-Schwarzen-Herrgott-GG-2022-750ml.png","width":263,"height":1200,"caption":"Battenfeld-Spanier Riesling Zellerweg am Schwarzen Herrgott GG 2022 750ml"},{"@type":"BreadcrumbList","@id":"https:\/\/wein-werte.com\/de\/produkt\/battenfeld-spanier-riesling-zellerweg-am-schwarzen-herrgott-gg-2022-750ml\/#breadcrumb","itemListElement":[{"@type":"ListItem","position":1,"name":"Home","item":"https:\/\/wein-werte.com\/de\/"},{"@type":"ListItem","position":2,"name":"Shop","item":"https:\/\/wein-werte.com\/de\/shop\/"},{"@type":"ListItem","position":3,"name":"Battenfeld-Spanier | Rheinhessen | Riesling Zellerweg am Schwarzen Herrgott GG | 2022 | 750ml | bio"}]},{"@type":"WebSite","@id":"https:\/\/wein-werte.com\/de\/#website","url":"https:\/\/wein-werte.com\/de\/","name":"Wein Werte","description":"","publisher":{"@id":"https:\/\/wein-werte.com\/de\/#organization"},"potentialAction":[{"@type":"SearchAction","target":{"@type":"EntryPoint","urlTemplate":"https:\/\/wein-werte.com\/de\/?s={search_term_string}"},"query-input":{"@type":"PropertyValueSpecification","valueRequired":true,"valueName":"search_term_string"}}],"inLanguage":"de"},{"@type":"Organization","@id":"https:\/\/wein-werte.com\/de\/#organization","name":"Vins Fins Thorrold","url":"https:\/\/wein-werte.com\/de\/","logo":{"@type":"ImageObject","inLanguage":"de","@id":"https:\/\/wein-werte.com\/de\/#\/schema\/logo\/image\/","url":"https:\/\/wein-werte.com\/wp-content\/uploads\/2023\/07\/Wein_werte_Logo700-1.png","contentUrl":"https:\/\/wein-werte.com\/wp-content\/uploads\/2023\/07\/Wein_werte_Logo700-1.png","width":700,"height":272,"caption":"Vins Fins Thorrold"},"image":{"@id":"https:\/\/wein-werte.com\/de\/#\/schema\/logo\/image\/"}}]}},"_links":{"self":[{"href":"https:\/\/wein-werte.com\/de\/wp-json\/wp\/v2\/product\/1131723","targetHints":{"allow":["GET"]}}],"collection":[{"href":"https:\/\/wein-werte.com\/de\/wp-json\/wp\/v2\/product"}],"about":[{"href":"https:\/\/wein-werte.com\/de\/wp-json\/wp\/v2\/types\/product"}],"wp:featuredmedia":[{"embeddable":true,"href":"https:\/\/wein-werte.com\/de\/wp-json\/wp\/v2\/media\/1142554"}],"wp:attachment":[{"href":"https:\/\/wein-werte.com\/de\/wp-json\/wp\/v2\/media?parent=1131723"}],"wp:term":[{"taxonomy":"product_brand","embeddable":true,"href":"https:\/\/wein-werte.com\/de\/wp-json\/wp\/v2\/product_brand?post=1131723"},{"taxonomy":"product_cat","embeddable":true,"href":"https:\/\/wein-werte.com\/de\/wp-json\/wp\/v2\/product_cat?post=1131723"},{"taxonomy":"product_tag","embeddable":true,"href":"https:\/\/wein-werte.com\/de\/wp-json\/wp\/v2\/product_tag?post=1131723"}],"curies":[{"name":"wp","href":"https:\/\/api.w.org\/{rel}","templated":true}]}}