{"id":1131718,"date":"2026-05-05T18:23:38","date_gmt":"2026-05-05T16:23:38","guid":{"rendered":"https:\/\/wein-werte.com\/product\/battenfeld-spanier-riesling-frauenberg-gg-2022-1500ml\/"},"modified":"2026-04-27T11:47:54","modified_gmt":"2026-04-27T09:47:54","slug":"battenfeld-spanier-riesling-frauenberg-gg-2022-1500ml","status":"publish","type":"product","link":"https:\/\/wein-werte.com\/de\/produkt\/battenfeld-spanier-riesling-frauenberg-gg-2022-1500ml\/","title":{"rendered":"Battenfeld-Spanier | Rheinhessen | Riesling Frauenberg GG | 2022 | 1500ml | bio"},"content":{"rendered":"<p>Produktbeschreibung f\u00fcr Battenfeld-Spanier Riesling Frauenberg GG 2022 (bio) <\/p>\n<h5>Information zum Wein<\/h5>\n<p> Der Frauenberg liegt im s\u00fcdlichen Wonnegau n\u00f6rdlich von Hohen-S\u00fclzen in Richtung Fl\u00f6rsheim auf einer H\u00f6he von bis zu 280 Metern mit bis zu 40 % Hangneigung. Der Weinberg wurde 1290 erstmals als \u00bban frauwenhalten\u00ab erw\u00e4hnt und war damals im Besitz eines Nonnenklosters. Er liegt 250 Meter hoch und ist gepr\u00e4gt von Kalkschotter auf reinem Kalkfelsen. Die Reben dieser exponierten Lage m\u00fcssen sowohl mit Hitze als auch mit k\u00fchlem Wind umgehen k\u00f6nnen. Um an die Mineralstoffe zu gelangen, m\u00fcssen die Reben sehr tief wurzeln. Die Trauben des Frauenbergs wurden von Hand gelesen, streng selektiert, spontan vergoren und in St\u00fcck- und Doppelst\u00fcckf\u00e4ssern ausgebaut. <\/p>\n<h5>Farbe<\/h5>\n<p> mittleres Strohgelb <\/p>\n<h5>Nase<\/h5>\n<p> Das 2022er Gro\u00dfe Gew\u00e4chs aus dem Nieder-Fl\u00f6rsheimer Frauenberg\u00a0bietet viel Charme und Cremigkeit in der Nase in Verbindung mit einer subtil rauchigen Note. Mit Luft wird der Wein dann im w\u00fcrziger und dunkler. Frucht ist hier kaum nennenswert vorhanden. Man findet etwas Zitrone, Zitronenmelisse und Zitronengras. Aber Expression war auch noch nie das Wesen des Frauenbergs. Es ist immer die Finesse. <\/p>\n<h5>Gaumen<\/h5>\n<p> Dieses Feine, das Pure und Subtile, ja Hintergr\u00fcndige pr\u00e4gt auch den Gaumen. Der Frauenberg Riesling wirkt charmant mit einer dezenten Extrakts\u00fc\u00dfe in einer gelb- und wei\u00dffleischigen Frucht. Die Gesteinsw\u00fcrze ist auch hier vorhanden, aber nicht ganz so pr\u00e4sent. Doch da ist schon jetzt eine beeindruckende Balance aus Frucht, W\u00fcrze, pikanten Kr\u00e4uternoten und einem griffigen Extrakt und Phenol vorhanden, die den Wein \u00fcber Jahrzehnte tragen wird, auch wenn er jetzt noch jung und im Werden begriffen ist. Und sowohl im Extrakt wie auch im Gerbstoff, den der Wein besitzt, findet man wieder das Feine, wie bei einem geschliffenen und polierten Halbedelstein.<\/p>\n<p>Copyright Vinaturel 2025<\/p>\n<p>Keywords: <a href=\"https:\/\/wein-werte.com\/de\/shop\/?swoof=1&#038;pa_producer=Battenfeld-Spanier\">Battenfeld-Spanier<\/a> <a href=\"https:\/\/wein-werte.com\/de\/shop\/?swoof=1&#038;woof_text=Riesling Frauenberg GG\">Riesling Frauenberg GG<\/a> 2022 bio <a href=\"https:\/\/wein-werte.com\/de\/shop\/?swoof=1&#038;pa_region=Rheinhessen\">Rheinhessen<\/a> <a href=\"https:\/\/wein-werte.com\/de\/shop\/?swoof=1&#038;pa_country=Deutschland\">Deutschland<\/a><\/p>\n<h3>Vinous<\/h3>\n<p>Punkte: (93-96)<\/p>\n<p>Der Riesling Nieder-Fl\u00f6rsheimer Frauenberg Grosses Gew\u00e4chs 2022 profitierte von seiner Lage auf 280 m H\u00f6he und der exponierten Lage, die f\u00fcr gute Bel\u00fcftung sorgt. Dies ist stets die letzte Lage, die geerntet wird. Die Nase ist noch verhalten. Zarte Cremigkeit, frische Noten von gr\u00fcnen Haselnusskernen, Amalfi-Zitrone und Zitronenmelisse entfalten sich erst langsam und bleiben dezent. Am Gaumen zeigt er sofort eine ausgewogene Balance: K\u00fchle, Cremigkeit, balsamartige und konzentrierte Textur, die wohltuend, k\u00fchlend und wohltuend wirkt. Sehr konzentrierte Noten von reifer Zitrone erscheinen neben phenolischen Tanninen, die an Teebl\u00e4tter erinnern. Der Wein ist umwerfend, vielschichtig, rein, aber vor allem strukturiert. Ein wahres Wunder. Der lange Abgang birgt einen k\u00f6stlichen Hauch von Grapefruitschale. (Knochentrocken) \u2013 Anne Krebiehl MW<br \/>Trinkzeitraum: 2030\u20132050<br \/>Bewertungsdatum: September 2023<\/p>\n<p>Internetseite des Weinguts: <a href=\"https:\/\/www.kuehlingandbattenfeld.com\/de\/battenfeldspanier\" target=\"_blank\">https:\/\/www.kuehlingandbattenfeld.com\/de\/battenfeldspanier<\/a><\/p>\n","protected":false},"excerpt":{"rendered":"<p>Lieferzeit: 1 bis 2 Arbeitstage (DE), 2 bis 5 Arbeitstage (EU and CH)<\/p>\n","protected":false},"featured_media":1142550,"template":"","meta":[],"product_brand":[],"product_cat":[19],"product_tag":[],"class_list":{"0":"post-1131718","1":"product","2":"type-product","3":"status-publish","4":"has-post-thumbnail","6":"product_cat-unkategorisiert","7":"pa_alcohol-for-filter-12-5","8":"pa_certified-biodynamic-nein-de","9":"pa_certified-organic-ja-de","10":"pa_colour-weiss","11":"pa_country-deutschland","12":"pa_grape-riesling","13":"pa_price-for-filter-10646","14":"pa_producer-battenfeld-spanier","15":"pa_region-rheinhessen","16":"pa_size-ml-6657","17":"pa_sweetness-trocken-de","18":"pa_type-2-still-de","19":"pa_vinous-points-for-filter-20031","20":"pa_vintage-2022-de","21":"entry","22":"has-media","24":"first","25":"instock","26":"taxable","27":"shipping-taxable","28":"purchasable","29":"product-type-simple"},"yoast_head":"<!-- This site is optimized with the Yoast SEO plugin v27.5 - https:\/\/yoast.com\/product\/yoast-seo-wordpress\/ -->\n<title>Battenfeld-Spanier Riesling Frauenberg GG 2022, 1500ml<\/title>\n<meta name=\"description\" content=\"Kaufe Battenfeld-Spanier Riesling Frauenberg GG 2022 (Riesling, trocken aus Rheinhessen, Deutschland) bei Wein Werte, Ihrem nachhaltigen Onlineshop.\" \/>\n<meta name=\"robots\" content=\"index, follow, max-snippet:-1, max-image-preview:large, max-video-preview:-1\" \/>\n<link rel=\"canonical\" href=\"https:\/\/wein-werte.com\/de\/produkt\/battenfeld-spanier-riesling-frauenberg-gg-2022-1500ml\/\" \/>\n<meta property=\"og:locale\" content=\"de_DE\" \/>\n<meta property=\"og:type\" content=\"article\" \/>\n<meta property=\"og:title\" content=\"Battenfeld-Spanier Riesling Frauenberg GG 2022, 1500ml\" \/>\n<meta property=\"og:description\" content=\"Kaufe Battenfeld-Spanier Riesling Frauenberg GG 2022 (Riesling, trocken aus Rheinhessen, Deutschland) bei Wein Werte, Ihrem nachhaltigen Onlineshop.\" \/>\n<meta property=\"og:url\" content=\"https:\/\/wein-werte.com\/de\/produkt\/battenfeld-spanier-riesling-frauenberg-gg-2022-1500ml\/\" \/>\n<meta property=\"og:site_name\" content=\"Wein Werte\" \/>\n<meta property=\"og:image\" content=\"https:\/\/wein-werte.com\/wp-content\/uploads\/2026\/04\/Battenfeld-Spanier-Riesling-Frauenberg-GG-2022-1500ml.png\" \/>\n\t<meta property=\"og:image:width\" content=\"234\" \/>\n\t<meta property=\"og:image:height\" content=\"1200\" \/>\n\t<meta property=\"og:image:type\" content=\"image\/png\" \/>\n<meta name=\"twitter:card\" content=\"summary_large_image\" \/>\n<meta name=\"twitter:label1\" content=\"Gesch\u00e4tzte Lesezeit\" \/>\n\t<meta name=\"twitter:data1\" content=\"2\u00a0Minuten\" \/>\n<script type=\"application\/ld+json\" class=\"yoast-schema-graph\">{\"@context\":\"https:\\\/\\\/schema.org\",\"@graph\":[{\"@type\":\"WebPage\",\"@id\":\"https:\\\/\\\/wein-werte.com\\\/de\\\/produkt\\\/battenfeld-spanier-riesling-frauenberg-gg-2022-1500ml\\\/\",\"url\":\"https:\\\/\\\/wein-werte.com\\\/de\\\/produkt\\\/battenfeld-spanier-riesling-frauenberg-gg-2022-1500ml\\\/\",\"name\":\"Battenfeld-Spanier Riesling Frauenberg GG 2022, 1500ml\",\"isPartOf\":{\"@id\":\"https:\\\/\\\/wein-werte.com\\\/de\\\/#website\"},\"primaryImageOfPage\":{\"@id\":\"https:\\\/\\\/wein-werte.com\\\/de\\\/produkt\\\/battenfeld-spanier-riesling-frauenberg-gg-2022-1500ml\\\/#primaryimage\"},\"image\":{\"@id\":\"https:\\\/\\\/wein-werte.com\\\/de\\\/produkt\\\/battenfeld-spanier-riesling-frauenberg-gg-2022-1500ml\\\/#primaryimage\"},\"thumbnailUrl\":\"https:\\\/\\\/wein-werte.com\\\/wp-content\\\/uploads\\\/2026\\\/04\\\/Battenfeld-Spanier-Riesling-Frauenberg-GG-2022-1500ml.png\",\"datePublished\":\"2026-05-05T16:23:38+00:00\",\"description\":\"Kaufe Battenfeld-Spanier Riesling Frauenberg GG 2022 (Riesling, trocken aus Rheinhessen, Deutschland) bei Wein Werte, Ihrem nachhaltigen Onlineshop.\",\"breadcrumb\":{\"@id\":\"https:\\\/\\\/wein-werte.com\\\/de\\\/produkt\\\/battenfeld-spanier-riesling-frauenberg-gg-2022-1500ml\\\/#breadcrumb\"},\"inLanguage\":\"de\",\"potentialAction\":[{\"@type\":\"ReadAction\",\"target\":[\"https:\\\/\\\/wein-werte.com\\\/de\\\/produkt\\\/battenfeld-spanier-riesling-frauenberg-gg-2022-1500ml\\\/\"]}]},{\"@type\":\"ImageObject\",\"inLanguage\":\"de\",\"@id\":\"https:\\\/\\\/wein-werte.com\\\/de\\\/produkt\\\/battenfeld-spanier-riesling-frauenberg-gg-2022-1500ml\\\/#primaryimage\",\"url\":\"https:\\\/\\\/wein-werte.com\\\/wp-content\\\/uploads\\\/2026\\\/04\\\/Battenfeld-Spanier-Riesling-Frauenberg-GG-2022-1500ml.png\",\"contentUrl\":\"https:\\\/\\\/wein-werte.com\\\/wp-content\\\/uploads\\\/2026\\\/04\\\/Battenfeld-Spanier-Riesling-Frauenberg-GG-2022-1500ml.png\",\"width\":234,\"height\":1200,\"caption\":\"Battenfeld-Spanier Riesling Frauenberg GG 2022 1500ml\"},{\"@type\":\"BreadcrumbList\",\"@id\":\"https:\\\/\\\/wein-werte.com\\\/de\\\/produkt\\\/battenfeld-spanier-riesling-frauenberg-gg-2022-1500ml\\\/#breadcrumb\",\"itemListElement\":[{\"@type\":\"ListItem\",\"position\":1,\"name\":\"Home\",\"item\":\"https:\\\/\\\/wein-werte.com\\\/de\\\/\"},{\"@type\":\"ListItem\",\"position\":2,\"name\":\"Shop\",\"item\":\"https:\\\/\\\/wein-werte.com\\\/de\\\/shop\\\/\"},{\"@type\":\"ListItem\",\"position\":3,\"name\":\"Battenfeld-Spanier | Rheinhessen | Riesling Frauenberg GG | 2022 | 1500ml | bio\"}]},{\"@type\":\"WebSite\",\"@id\":\"https:\\\/\\\/wein-werte.com\\\/de\\\/#website\",\"url\":\"https:\\\/\\\/wein-werte.com\\\/de\\\/\",\"name\":\"Wein Werte\",\"description\":\"\",\"publisher\":{\"@id\":\"https:\\\/\\\/wein-werte.com\\\/de\\\/#organization\"},\"potentialAction\":[{\"@type\":\"SearchAction\",\"target\":{\"@type\":\"EntryPoint\",\"urlTemplate\":\"https:\\\/\\\/wein-werte.com\\\/de\\\/?s={search_term_string}\"},\"query-input\":{\"@type\":\"PropertyValueSpecification\",\"valueRequired\":true,\"valueName\":\"search_term_string\"}}],\"inLanguage\":\"de\"},{\"@type\":\"Organization\",\"@id\":\"https:\\\/\\\/wein-werte.com\\\/de\\\/#organization\",\"name\":\"Vins Fins Thorrold\",\"url\":\"https:\\\/\\\/wein-werte.com\\\/de\\\/\",\"logo\":{\"@type\":\"ImageObject\",\"inLanguage\":\"de\",\"@id\":\"https:\\\/\\\/wein-werte.com\\\/de\\\/#\\\/schema\\\/logo\\\/image\\\/\",\"url\":\"https:\\\/\\\/wein-werte.com\\\/wp-content\\\/uploads\\\/2023\\\/07\\\/Wein_werte_Logo700-1.png\",\"contentUrl\":\"https:\\\/\\\/wein-werte.com\\\/wp-content\\\/uploads\\\/2023\\\/07\\\/Wein_werte_Logo700-1.png\",\"width\":700,\"height\":272,\"caption\":\"Vins Fins Thorrold\"},\"image\":{\"@id\":\"https:\\\/\\\/wein-werte.com\\\/de\\\/#\\\/schema\\\/logo\\\/image\\\/\"}}]}<\/script>\n<!-- \/ Yoast SEO plugin. -->","yoast_head_json":{"title":"Battenfeld-Spanier Riesling Frauenberg GG 2022, 1500ml","description":"Kaufe Battenfeld-Spanier Riesling Frauenberg GG 2022 (Riesling, trocken aus Rheinhessen, Deutschland) bei Wein Werte, Ihrem nachhaltigen Onlineshop.","robots":{"index":"index","follow":"follow","max-snippet":"max-snippet:-1","max-image-preview":"max-image-preview:large","max-video-preview":"max-video-preview:-1"},"canonical":"https:\/\/wein-werte.com\/de\/produkt\/battenfeld-spanier-riesling-frauenberg-gg-2022-1500ml\/","og_locale":"de_DE","og_type":"article","og_title":"Battenfeld-Spanier Riesling Frauenberg GG 2022, 1500ml","og_description":"Kaufe Battenfeld-Spanier Riesling Frauenberg GG 2022 (Riesling, trocken aus Rheinhessen, Deutschland) bei Wein Werte, Ihrem nachhaltigen Onlineshop.","og_url":"https:\/\/wein-werte.com\/de\/produkt\/battenfeld-spanier-riesling-frauenberg-gg-2022-1500ml\/","og_site_name":"Wein Werte","og_image":[{"width":234,"height":1200,"url":"https:\/\/wein-werte.com\/wp-content\/uploads\/2026\/04\/Battenfeld-Spanier-Riesling-Frauenberg-GG-2022-1500ml.png","type":"image\/png"}],"twitter_card":"summary_large_image","twitter_misc":{"Gesch\u00e4tzte Lesezeit":"2\u00a0Minuten"},"schema":{"@context":"https:\/\/schema.org","@graph":[{"@type":"WebPage","@id":"https:\/\/wein-werte.com\/de\/produkt\/battenfeld-spanier-riesling-frauenberg-gg-2022-1500ml\/","url":"https:\/\/wein-werte.com\/de\/produkt\/battenfeld-spanier-riesling-frauenberg-gg-2022-1500ml\/","name":"Battenfeld-Spanier Riesling Frauenberg GG 2022, 1500ml","isPartOf":{"@id":"https:\/\/wein-werte.com\/de\/#website"},"primaryImageOfPage":{"@id":"https:\/\/wein-werte.com\/de\/produkt\/battenfeld-spanier-riesling-frauenberg-gg-2022-1500ml\/#primaryimage"},"image":{"@id":"https:\/\/wein-werte.com\/de\/produkt\/battenfeld-spanier-riesling-frauenberg-gg-2022-1500ml\/#primaryimage"},"thumbnailUrl":"https:\/\/wein-werte.com\/wp-content\/uploads\/2026\/04\/Battenfeld-Spanier-Riesling-Frauenberg-GG-2022-1500ml.png","datePublished":"2026-05-05T16:23:38+00:00","description":"Kaufe Battenfeld-Spanier Riesling Frauenberg GG 2022 (Riesling, trocken aus Rheinhessen, Deutschland) bei Wein Werte, Ihrem nachhaltigen Onlineshop.","breadcrumb":{"@id":"https:\/\/wein-werte.com\/de\/produkt\/battenfeld-spanier-riesling-frauenberg-gg-2022-1500ml\/#breadcrumb"},"inLanguage":"de","potentialAction":[{"@type":"ReadAction","target":["https:\/\/wein-werte.com\/de\/produkt\/battenfeld-spanier-riesling-frauenberg-gg-2022-1500ml\/"]}]},{"@type":"ImageObject","inLanguage":"de","@id":"https:\/\/wein-werte.com\/de\/produkt\/battenfeld-spanier-riesling-frauenberg-gg-2022-1500ml\/#primaryimage","url":"https:\/\/wein-werte.com\/wp-content\/uploads\/2026\/04\/Battenfeld-Spanier-Riesling-Frauenberg-GG-2022-1500ml.png","contentUrl":"https:\/\/wein-werte.com\/wp-content\/uploads\/2026\/04\/Battenfeld-Spanier-Riesling-Frauenberg-GG-2022-1500ml.png","width":234,"height":1200,"caption":"Battenfeld-Spanier Riesling Frauenberg GG 2022 1500ml"},{"@type":"BreadcrumbList","@id":"https:\/\/wein-werte.com\/de\/produkt\/battenfeld-spanier-riesling-frauenberg-gg-2022-1500ml\/#breadcrumb","itemListElement":[{"@type":"ListItem","position":1,"name":"Home","item":"https:\/\/wein-werte.com\/de\/"},{"@type":"ListItem","position":2,"name":"Shop","item":"https:\/\/wein-werte.com\/de\/shop\/"},{"@type":"ListItem","position":3,"name":"Battenfeld-Spanier | Rheinhessen | Riesling Frauenberg GG | 2022 | 1500ml | bio"}]},{"@type":"WebSite","@id":"https:\/\/wein-werte.com\/de\/#website","url":"https:\/\/wein-werte.com\/de\/","name":"Wein Werte","description":"","publisher":{"@id":"https:\/\/wein-werte.com\/de\/#organization"},"potentialAction":[{"@type":"SearchAction","target":{"@type":"EntryPoint","urlTemplate":"https:\/\/wein-werte.com\/de\/?s={search_term_string}"},"query-input":{"@type":"PropertyValueSpecification","valueRequired":true,"valueName":"search_term_string"}}],"inLanguage":"de"},{"@type":"Organization","@id":"https:\/\/wein-werte.com\/de\/#organization","name":"Vins Fins Thorrold","url":"https:\/\/wein-werte.com\/de\/","logo":{"@type":"ImageObject","inLanguage":"de","@id":"https:\/\/wein-werte.com\/de\/#\/schema\/logo\/image\/","url":"https:\/\/wein-werte.com\/wp-content\/uploads\/2023\/07\/Wein_werte_Logo700-1.png","contentUrl":"https:\/\/wein-werte.com\/wp-content\/uploads\/2023\/07\/Wein_werte_Logo700-1.png","width":700,"height":272,"caption":"Vins Fins Thorrold"},"image":{"@id":"https:\/\/wein-werte.com\/de\/#\/schema\/logo\/image\/"}}]}},"_links":{"self":[{"href":"https:\/\/wein-werte.com\/de\/wp-json\/wp\/v2\/product\/1131718","targetHints":{"allow":["GET"]}}],"collection":[{"href":"https:\/\/wein-werte.com\/de\/wp-json\/wp\/v2\/product"}],"about":[{"href":"https:\/\/wein-werte.com\/de\/wp-json\/wp\/v2\/types\/product"}],"wp:featuredmedia":[{"embeddable":true,"href":"https:\/\/wein-werte.com\/de\/wp-json\/wp\/v2\/media\/1142550"}],"wp:attachment":[{"href":"https:\/\/wein-werte.com\/de\/wp-json\/wp\/v2\/media?parent=1131718"}],"wp:term":[{"taxonomy":"product_brand","embeddable":true,"href":"https:\/\/wein-werte.com\/de\/wp-json\/wp\/v2\/product_brand?post=1131718"},{"taxonomy":"product_cat","embeddable":true,"href":"https:\/\/wein-werte.com\/de\/wp-json\/wp\/v2\/product_cat?post=1131718"},{"taxonomy":"product_tag","embeddable":true,"href":"https:\/\/wein-werte.com\/de\/wp-json\/wp\/v2\/product_tag?post=1131718"}],"curies":[{"name":"wp","href":"https:\/\/api.w.org\/{rel}","templated":true}]}}