{"id":1131653,"date":"2026-05-08T20:03:18","date_gmt":"2026-05-08T18:03:18","guid":{"rendered":"https:\/\/wein-werte.com\/product\/kuhling-gillot-riesling-nackenheim-rothenberg-gg-wurzelecht-2022-750ml\/"},"modified":"2026-04-27T11:47:49","modified_gmt":"2026-04-27T09:47:49","slug":"kuhling-gillot-riesling-nackenheim-rothenberg-gg-wurzelecht-2022-750ml","status":"publish","type":"product","link":"https:\/\/wein-werte.com\/de\/produkt\/kuhling-gillot-riesling-nackenheim-rothenberg-gg-wurzelecht-2022-750ml\/","title":{"rendered":"K\u00fchling-Gillot | Rheinhessen | Riesling Nackenheim Rothenberg GG &#8220;wurzelecht&#8221; | 2022 | 750ml | bio"},"content":{"rendered":"<p>Produktbeschreibung f\u00fcr K\u00fchling-Gillot Riesling Nackenheim Rothenberg GG &#8220;wurzelecht&#8221; 2022 (bio) <\/p>\n<h5>Informationen zum Wein<\/h5>\n<p> Die Parzelle des Rothenbergs, aus der dieser Wein stammt wurde 1934 noch wurzelecht gepflanzt und ist von einer kleinen Mauer umgeben. Es ist ein steiles St\u00fcck in der n\u00f6rdlichsten Ecke des Roten Hanges, direkt ans Pettenthal anschlie\u00dfend. <\/p>\n<h5>Farbe<\/h5>\n<p> mittleres Strohgelb <\/p>\n<h5>Nase<\/h5>\n<p> Der 2022er Nierstein Rothenbergwirktdunkelw\u00fcrzig und extraktreich in der Nase. Man findet hier eine ganz feine Reduktion. Es duftet nach Rauch, Salzzitrone, zersto\u00dfenem Feuerstein, etwas Petrichor, Kr\u00e4utern, Senfsaat und etwas rosa Pfeffer. Es ist ein dramatischer, fast d\u00fcsterer Auftakt, in den aber immer wieder helle Lichtreflexe scheinen. <\/p>\n<h5>Gaumen<\/h5>\n<p> Am Gaumen ist dies ein kleines Wunderwerk. Auch hier ist der Wein dunkelw\u00fcrzig und extraktreich, mit viel dunklem Stein, viel Grip und Festigkeit. Als w\u00fcrde der Stein auf der Zunge explodieren in einem Gemisch aus schwarzen Beeren, Zitronen, Zesten, Grafit, Salz, Hefe und Kr\u00e4utern. Der Wein ist elegant, baut aber gleichzeitig ganz viel Druck auf, schiebt nach vorne, ist straff, distanziert und braucht noch Zeit. Aber das ist sicher einer der gro\u00dfen Rieslinge des Jahrgangs. <\/p>\n<p>Copyright Vinaturel 2025<\/p>\n<p>Keywords: <a href=\"https:\/\/wein-werte.com\/de\/shop\/?swoof=1&#038;pa_producer=K\u00fchling-Gillot\">K\u00fchling-Gillot<\/a> <a href=\"https:\/\/wein-werte.com\/de\/shop\/?swoof=1&#038;woof_text=Riesling Nackenheim Rothenberg GG \"wurzelecht\"\">Riesling Nackenheim Rothenberg GG &#8220;wurzelecht&#8221;<\/a> 2022 bio <a href=\"https:\/\/wein-werte.com\/de\/shop\/?swoof=1&#038;pa_region=Rheinhessen\">Rheinhessen<\/a> <a href=\"https:\/\/wein-werte.com\/de\/shop\/?swoof=1&#038;pa_country=Deutschland\">Deutschland<\/a><\/p>\n<p>Internetseite des Weinguts: <a href=\"https:\/\/www.kuehlingandbattenfeld.com\/en\/kuehling-gillot\" target=\"_blank\">https:\/\/www.kuehlingandbattenfeld.com\/en\/kuehling-gillot<\/a><\/p>\n","protected":false},"excerpt":{"rendered":"<p>Lieferzeit: 1 bis 2 Arbeitstage (DE), 2 bis 5 Arbeitstage (EU and CH)<\/p>\n","protected":false},"featured_media":1142502,"template":"","meta":[],"product_brand":[],"product_cat":[19],"product_tag":[],"class_list":{"0":"post-1131653","1":"product","2":"type-product","3":"status-publish","4":"has-post-thumbnail","6":"product_cat-unkategorisiert","7":"pa_alcohol-for-filter-12-5","8":"pa_certified-biodynamic-nein-de","9":"pa_certified-organic-ja-de","10":"pa_colour-weiss","11":"pa_country-deutschland","12":"pa_grape-riesling","13":"pa_price-for-filter-10596","14":"pa_producer-kuhling-gillot","15":"pa_region-rheinhessen","16":"pa_size-ml-6584","17":"pa_sweetness-trocken-de","18":"pa_type-2-still-de","19":"pa_vintage-2022-de","20":"entry","21":"has-media","23":"first","24":"instock","25":"taxable","26":"shipping-taxable","27":"purchasable","28":"product-type-simple"},"yoast_head":"<!-- This site is optimized with the Yoast SEO plugin v27.5 - https:\/\/yoast.com\/product\/yoast-seo-wordpress\/ -->\n<title>K\u00fchling-Gillot Riesling Nackenheim Rothenberg GG &quot;wurzelecht&quot; 2022<\/title>\n<meta name=\"description\" content=\"Kaufe K\u00fchling-Gillot Riesling Nackenheim Rothenberg GG &quot;wurzelecht&quot; 2022 (Riesling, trocken aus Rheinhessen, Deutschland) bei Wein Werte, Ihrem nachhaltigen Onlineshop.\" \/>\n<meta name=\"robots\" content=\"index, follow, max-snippet:-1, max-image-preview:large, max-video-preview:-1\" \/>\n<link rel=\"canonical\" href=\"https:\/\/wein-werte.com\/de\/produkt\/kuhling-gillot-riesling-nackenheim-rothenberg-gg-wurzelecht-2022-750ml\/\" \/>\n<meta property=\"og:locale\" content=\"de_DE\" \/>\n<meta property=\"og:type\" content=\"article\" \/>\n<meta property=\"og:title\" content=\"K\u00fchling-Gillot Riesling Nackenheim Rothenberg GG &quot;wurzelecht&quot; 2022\" \/>\n<meta property=\"og:description\" content=\"Kaufe K\u00fchling-Gillot Riesling Nackenheim Rothenberg GG &quot;wurzelecht&quot; 2022 (Riesling, trocken aus Rheinhessen, Deutschland) bei Wein Werte, Ihrem nachhaltigen Onlineshop.\" \/>\n<meta property=\"og:url\" content=\"https:\/\/wein-werte.com\/de\/produkt\/kuhling-gillot-riesling-nackenheim-rothenberg-gg-wurzelecht-2022-750ml\/\" \/>\n<meta property=\"og:site_name\" content=\"Wein Werte\" \/>\n<meta property=\"og:image\" content=\"https:\/\/wein-werte.com\/wp-content\/uploads\/2026\/04\/Kuhling-Gillot-Riesling-Nackenheim-Rothenberg-GG-wurzelecht-2022-750ml.png\" \/>\n\t<meta property=\"og:image:width\" content=\"262\" \/>\n\t<meta property=\"og:image:height\" content=\"1200\" \/>\n\t<meta property=\"og:image:type\" content=\"image\/png\" \/>\n<meta name=\"twitter:card\" content=\"summary_large_image\" \/>\n<meta name=\"twitter:label1\" content=\"Gesch\u00e4tzte Lesezeit\" \/>\n\t<meta name=\"twitter:data1\" content=\"1\u00a0Minute\" \/>\n<script type=\"application\/ld+json\" class=\"yoast-schema-graph\">{\"@context\":\"https:\\\/\\\/schema.org\",\"@graph\":[{\"@type\":\"WebPage\",\"@id\":\"https:\\\/\\\/wein-werte.com\\\/de\\\/produkt\\\/kuhling-gillot-riesling-nackenheim-rothenberg-gg-wurzelecht-2022-750ml\\\/\",\"url\":\"https:\\\/\\\/wein-werte.com\\\/de\\\/produkt\\\/kuhling-gillot-riesling-nackenheim-rothenberg-gg-wurzelecht-2022-750ml\\\/\",\"name\":\"K\u00fchling-Gillot Riesling Nackenheim Rothenberg GG \\\"wurzelecht\\\" 2022\",\"isPartOf\":{\"@id\":\"https:\\\/\\\/wein-werte.com\\\/de\\\/#website\"},\"primaryImageOfPage\":{\"@id\":\"https:\\\/\\\/wein-werte.com\\\/de\\\/produkt\\\/kuhling-gillot-riesling-nackenheim-rothenberg-gg-wurzelecht-2022-750ml\\\/#primaryimage\"},\"image\":{\"@id\":\"https:\\\/\\\/wein-werte.com\\\/de\\\/produkt\\\/kuhling-gillot-riesling-nackenheim-rothenberg-gg-wurzelecht-2022-750ml\\\/#primaryimage\"},\"thumbnailUrl\":\"https:\\\/\\\/wein-werte.com\\\/wp-content\\\/uploads\\\/2026\\\/04\\\/Kuhling-Gillot-Riesling-Nackenheim-Rothenberg-GG-wurzelecht-2022-750ml.png\",\"datePublished\":\"2026-05-08T18:03:18+00:00\",\"description\":\"Kaufe K\u00fchling-Gillot Riesling Nackenheim Rothenberg GG \\\"wurzelecht\\\" 2022 (Riesling, trocken aus Rheinhessen, Deutschland) bei Wein Werte, Ihrem nachhaltigen Onlineshop.\",\"breadcrumb\":{\"@id\":\"https:\\\/\\\/wein-werte.com\\\/de\\\/produkt\\\/kuhling-gillot-riesling-nackenheim-rothenberg-gg-wurzelecht-2022-750ml\\\/#breadcrumb\"},\"inLanguage\":\"de\",\"potentialAction\":[{\"@type\":\"ReadAction\",\"target\":[\"https:\\\/\\\/wein-werte.com\\\/de\\\/produkt\\\/kuhling-gillot-riesling-nackenheim-rothenberg-gg-wurzelecht-2022-750ml\\\/\"]}]},{\"@type\":\"ImageObject\",\"inLanguage\":\"de\",\"@id\":\"https:\\\/\\\/wein-werte.com\\\/de\\\/produkt\\\/kuhling-gillot-riesling-nackenheim-rothenberg-gg-wurzelecht-2022-750ml\\\/#primaryimage\",\"url\":\"https:\\\/\\\/wein-werte.com\\\/wp-content\\\/uploads\\\/2026\\\/04\\\/Kuhling-Gillot-Riesling-Nackenheim-Rothenberg-GG-wurzelecht-2022-750ml.png\",\"contentUrl\":\"https:\\\/\\\/wein-werte.com\\\/wp-content\\\/uploads\\\/2026\\\/04\\\/Kuhling-Gillot-Riesling-Nackenheim-Rothenberg-GG-wurzelecht-2022-750ml.png\",\"width\":262,\"height\":1200,\"caption\":\"K\u00fchling-Gillot Riesling Nackenheim Rothenberg GG \\\"wurzelecht\\\" 2022 750ml\"},{\"@type\":\"BreadcrumbList\",\"@id\":\"https:\\\/\\\/wein-werte.com\\\/de\\\/produkt\\\/kuhling-gillot-riesling-nackenheim-rothenberg-gg-wurzelecht-2022-750ml\\\/#breadcrumb\",\"itemListElement\":[{\"@type\":\"ListItem\",\"position\":1,\"name\":\"Home\",\"item\":\"https:\\\/\\\/wein-werte.com\\\/de\\\/\"},{\"@type\":\"ListItem\",\"position\":2,\"name\":\"Shop\",\"item\":\"https:\\\/\\\/wein-werte.com\\\/de\\\/shop\\\/\"},{\"@type\":\"ListItem\",\"position\":3,\"name\":\"K\u00fchling-Gillot | Rheinhessen | Riesling Nackenheim Rothenberg GG &#8220;wurzelecht&#8221; | 2022 | 750ml | bio\"}]},{\"@type\":\"WebSite\",\"@id\":\"https:\\\/\\\/wein-werte.com\\\/de\\\/#website\",\"url\":\"https:\\\/\\\/wein-werte.com\\\/de\\\/\",\"name\":\"Wein Werte\",\"description\":\"\",\"publisher\":{\"@id\":\"https:\\\/\\\/wein-werte.com\\\/de\\\/#organization\"},\"potentialAction\":[{\"@type\":\"SearchAction\",\"target\":{\"@type\":\"EntryPoint\",\"urlTemplate\":\"https:\\\/\\\/wein-werte.com\\\/de\\\/?s={search_term_string}\"},\"query-input\":{\"@type\":\"PropertyValueSpecification\",\"valueRequired\":true,\"valueName\":\"search_term_string\"}}],\"inLanguage\":\"de\"},{\"@type\":\"Organization\",\"@id\":\"https:\\\/\\\/wein-werte.com\\\/de\\\/#organization\",\"name\":\"Vins Fins Thorrold\",\"url\":\"https:\\\/\\\/wein-werte.com\\\/de\\\/\",\"logo\":{\"@type\":\"ImageObject\",\"inLanguage\":\"de\",\"@id\":\"https:\\\/\\\/wein-werte.com\\\/de\\\/#\\\/schema\\\/logo\\\/image\\\/\",\"url\":\"https:\\\/\\\/wein-werte.com\\\/wp-content\\\/uploads\\\/2023\\\/07\\\/Wein_werte_Logo700-1.png\",\"contentUrl\":\"https:\\\/\\\/wein-werte.com\\\/wp-content\\\/uploads\\\/2023\\\/07\\\/Wein_werte_Logo700-1.png\",\"width\":700,\"height\":272,\"caption\":\"Vins Fins Thorrold\"},\"image\":{\"@id\":\"https:\\\/\\\/wein-werte.com\\\/de\\\/#\\\/schema\\\/logo\\\/image\\\/\"}}]}<\/script>\n<!-- \/ Yoast SEO plugin. -->","yoast_head_json":{"title":"K\u00fchling-Gillot Riesling Nackenheim Rothenberg GG \"wurzelecht\" 2022","description":"Kaufe K\u00fchling-Gillot Riesling Nackenheim Rothenberg GG \"wurzelecht\" 2022 (Riesling, trocken aus Rheinhessen, Deutschland) bei Wein Werte, Ihrem nachhaltigen Onlineshop.","robots":{"index":"index","follow":"follow","max-snippet":"max-snippet:-1","max-image-preview":"max-image-preview:large","max-video-preview":"max-video-preview:-1"},"canonical":"https:\/\/wein-werte.com\/de\/produkt\/kuhling-gillot-riesling-nackenheim-rothenberg-gg-wurzelecht-2022-750ml\/","og_locale":"de_DE","og_type":"article","og_title":"K\u00fchling-Gillot Riesling Nackenheim Rothenberg GG \"wurzelecht\" 2022","og_description":"Kaufe K\u00fchling-Gillot Riesling Nackenheim Rothenberg GG \"wurzelecht\" 2022 (Riesling, trocken aus Rheinhessen, Deutschland) bei Wein Werte, Ihrem nachhaltigen Onlineshop.","og_url":"https:\/\/wein-werte.com\/de\/produkt\/kuhling-gillot-riesling-nackenheim-rothenberg-gg-wurzelecht-2022-750ml\/","og_site_name":"Wein Werte","og_image":[{"width":262,"height":1200,"url":"https:\/\/wein-werte.com\/wp-content\/uploads\/2026\/04\/Kuhling-Gillot-Riesling-Nackenheim-Rothenberg-GG-wurzelecht-2022-750ml.png","type":"image\/png"}],"twitter_card":"summary_large_image","twitter_misc":{"Gesch\u00e4tzte Lesezeit":"1\u00a0Minute"},"schema":{"@context":"https:\/\/schema.org","@graph":[{"@type":"WebPage","@id":"https:\/\/wein-werte.com\/de\/produkt\/kuhling-gillot-riesling-nackenheim-rothenberg-gg-wurzelecht-2022-750ml\/","url":"https:\/\/wein-werte.com\/de\/produkt\/kuhling-gillot-riesling-nackenheim-rothenberg-gg-wurzelecht-2022-750ml\/","name":"K\u00fchling-Gillot Riesling Nackenheim Rothenberg GG \"wurzelecht\" 2022","isPartOf":{"@id":"https:\/\/wein-werte.com\/de\/#website"},"primaryImageOfPage":{"@id":"https:\/\/wein-werte.com\/de\/produkt\/kuhling-gillot-riesling-nackenheim-rothenberg-gg-wurzelecht-2022-750ml\/#primaryimage"},"image":{"@id":"https:\/\/wein-werte.com\/de\/produkt\/kuhling-gillot-riesling-nackenheim-rothenberg-gg-wurzelecht-2022-750ml\/#primaryimage"},"thumbnailUrl":"https:\/\/wein-werte.com\/wp-content\/uploads\/2026\/04\/Kuhling-Gillot-Riesling-Nackenheim-Rothenberg-GG-wurzelecht-2022-750ml.png","datePublished":"2026-05-08T18:03:18+00:00","description":"Kaufe K\u00fchling-Gillot Riesling Nackenheim Rothenberg GG \"wurzelecht\" 2022 (Riesling, trocken aus Rheinhessen, Deutschland) bei Wein Werte, Ihrem nachhaltigen Onlineshop.","breadcrumb":{"@id":"https:\/\/wein-werte.com\/de\/produkt\/kuhling-gillot-riesling-nackenheim-rothenberg-gg-wurzelecht-2022-750ml\/#breadcrumb"},"inLanguage":"de","potentialAction":[{"@type":"ReadAction","target":["https:\/\/wein-werte.com\/de\/produkt\/kuhling-gillot-riesling-nackenheim-rothenberg-gg-wurzelecht-2022-750ml\/"]}]},{"@type":"ImageObject","inLanguage":"de","@id":"https:\/\/wein-werte.com\/de\/produkt\/kuhling-gillot-riesling-nackenheim-rothenberg-gg-wurzelecht-2022-750ml\/#primaryimage","url":"https:\/\/wein-werte.com\/wp-content\/uploads\/2026\/04\/Kuhling-Gillot-Riesling-Nackenheim-Rothenberg-GG-wurzelecht-2022-750ml.png","contentUrl":"https:\/\/wein-werte.com\/wp-content\/uploads\/2026\/04\/Kuhling-Gillot-Riesling-Nackenheim-Rothenberg-GG-wurzelecht-2022-750ml.png","width":262,"height":1200,"caption":"K\u00fchling-Gillot Riesling Nackenheim Rothenberg GG \"wurzelecht\" 2022 750ml"},{"@type":"BreadcrumbList","@id":"https:\/\/wein-werte.com\/de\/produkt\/kuhling-gillot-riesling-nackenheim-rothenberg-gg-wurzelecht-2022-750ml\/#breadcrumb","itemListElement":[{"@type":"ListItem","position":1,"name":"Home","item":"https:\/\/wein-werte.com\/de\/"},{"@type":"ListItem","position":2,"name":"Shop","item":"https:\/\/wein-werte.com\/de\/shop\/"},{"@type":"ListItem","position":3,"name":"K\u00fchling-Gillot | Rheinhessen | Riesling Nackenheim Rothenberg GG &#8220;wurzelecht&#8221; | 2022 | 750ml | bio"}]},{"@type":"WebSite","@id":"https:\/\/wein-werte.com\/de\/#website","url":"https:\/\/wein-werte.com\/de\/","name":"Wein Werte","description":"","publisher":{"@id":"https:\/\/wein-werte.com\/de\/#organization"},"potentialAction":[{"@type":"SearchAction","target":{"@type":"EntryPoint","urlTemplate":"https:\/\/wein-werte.com\/de\/?s={search_term_string}"},"query-input":{"@type":"PropertyValueSpecification","valueRequired":true,"valueName":"search_term_string"}}],"inLanguage":"de"},{"@type":"Organization","@id":"https:\/\/wein-werte.com\/de\/#organization","name":"Vins Fins Thorrold","url":"https:\/\/wein-werte.com\/de\/","logo":{"@type":"ImageObject","inLanguage":"de","@id":"https:\/\/wein-werte.com\/de\/#\/schema\/logo\/image\/","url":"https:\/\/wein-werte.com\/wp-content\/uploads\/2023\/07\/Wein_werte_Logo700-1.png","contentUrl":"https:\/\/wein-werte.com\/wp-content\/uploads\/2023\/07\/Wein_werte_Logo700-1.png","width":700,"height":272,"caption":"Vins Fins Thorrold"},"image":{"@id":"https:\/\/wein-werte.com\/de\/#\/schema\/logo\/image\/"}}]}},"_links":{"self":[{"href":"https:\/\/wein-werte.com\/de\/wp-json\/wp\/v2\/product\/1131653","targetHints":{"allow":["GET"]}}],"collection":[{"href":"https:\/\/wein-werte.com\/de\/wp-json\/wp\/v2\/product"}],"about":[{"href":"https:\/\/wein-werte.com\/de\/wp-json\/wp\/v2\/types\/product"}],"wp:featuredmedia":[{"embeddable":true,"href":"https:\/\/wein-werte.com\/de\/wp-json\/wp\/v2\/media\/1142502"}],"wp:attachment":[{"href":"https:\/\/wein-werte.com\/de\/wp-json\/wp\/v2\/media?parent=1131653"}],"wp:term":[{"taxonomy":"product_brand","embeddable":true,"href":"https:\/\/wein-werte.com\/de\/wp-json\/wp\/v2\/product_brand?post=1131653"},{"taxonomy":"product_cat","embeddable":true,"href":"https:\/\/wein-werte.com\/de\/wp-json\/wp\/v2\/product_cat?post=1131653"},{"taxonomy":"product_tag","embeddable":true,"href":"https:\/\/wein-werte.com\/de\/wp-json\/wp\/v2\/product_tag?post=1131653"}],"curies":[{"name":"wp","href":"https:\/\/api.w.org\/{rel}","templated":true}]}}