{"id":1131607,"date":"2026-05-05T18:23:30","date_gmt":"2026-05-05T16:23:30","guid":{"rendered":"https:\/\/wein-werte.com\/product\/kuhling-gillot-nierstein-riesling-2023-750ml\/"},"modified":"2026-04-27T11:47:45","modified_gmt":"2026-04-27T09:47:45","slug":"kuhling-gillot-nierstein-riesling-2023-750ml","status":"publish","type":"product","link":"https:\/\/wein-werte.com\/de\/produkt\/kuhling-gillot-nierstein-riesling-2023-750ml\/","title":{"rendered":"K\u00fchling-Gillot | Rheinhessen | Nierstein Riesling trocken VDP Erste Lage | 2023 | 750ml | bio"},"content":{"rendered":"<p>Produktbeschreibung f\u00fcr K\u00fchling-Gillot Nierstein Riesling trocken VDP Erste Lage 2023 (bio) <\/p>\n<h5>Info zum Wein<\/h5>\n<p> Im Jahr 2006 wurde diesem Riesling wieder der Namen des wohl bekanntesten Weinorts der Rheinterrasse, in dessen Gemarkung ein Gro\u00dfteil der Rebfl\u00e4chen des Weingutes liegen, gegeben. Carolin und H.O. glauben, dass es einen \u201egenius loci\u201c von Nierstein gibt, der sich in den Weinen ausdr\u00fccken kann &#8211; das, was man heute gerne Terroir nennt. <\/p>\n<h5>Farbe<\/h5>\n<p> Strahlendes Goldgelb mit deutlichen gr\u00fcnen Reflexen. <\/p>\n<h5>Nase<\/h5>\n<p> Das verspr\u00fcht Exotik, pralle gelbe Frucht von Pfirsich, Aprikose, Mango und zugleich eine k\u00fchle und pr\u00e4zise Finesse, die von einer steinigen und rauchigen Anmutung gepr\u00e4gt ist. Ein unglaublich facettenreicher und animierender Auftakt der bereits in der Nase gro\u00dfe Trinkfreude Verhei\u00dfen l\u00e4sst. <\/p>\n<h5>\u00a0<\/h5>\n<h5>Gaumen<\/h5>\n<p> Auf der Zunge angelangt zeigt sich der 2023er Nierstein Riesling VDP. Erste Lage verspielt, saftig, fordernd und markant, belebend, voller Ausdruck und Mineralit\u00e4t. Ein Wein mit einem sehr guten Reifepotential, der sich bereits dem Genie\u00dfer perfekt \u00f6ffnet und sich noch vielschichtiger und spannender zeigen wird mit etwas Reife. Eine Referenz f\u00fcr den Roten Hang in Nierstein, ganz gro\u00dfe Klasse! <\/p>\n<p>Copyright Vinaturel 2025<\/p>\n<p>Keywords: <a href=\"https:\/\/wein-werte.com\/de\/shop\/?swoof=1&#038;pa_producer=K\u00fchling-Gillot\">K\u00fchling-Gillot<\/a> <a href=\"https:\/\/wein-werte.com\/de\/shop\/?swoof=1&#038;woof_text=Nierstein Riesling trocken VDP Erste Lage\">Nierstein Riesling trocken VDP Erste Lage<\/a> 2023 bio <a href=\"https:\/\/wein-werte.com\/de\/shop\/?swoof=1&#038;pa_region=Rheinhessen\">Rheinhessen<\/a> <a href=\"https:\/\/wein-werte.com\/de\/shop\/?swoof=1&#038;pa_country=Deutschland\">Deutschland<\/a><\/p>\n<h3>Wine Advocate<\/h3>\n<p>Punkte: 92<\/p>\n<p>Der Nierstein Riesling 1G 2023 pr\u00e4sentiert sich rein und raffiniert, zugleich aber auch intensiv und mineralisch in der fruchtig-aromatischen Nase und ist ein hervorragender Botschafter des ber\u00fchmten \u201eRoten Hangs\u201c. Vital und w\u00fcrzig am Gaumen, pr\u00e4sentiert sich dieser elegante, ausgewogene und klassische Nierstein Riesling mit einem salzigen und w\u00fcrzigen Abgang. Ein ausdrucksstarker Terroirwein zu einem dennoch erschwinglichen Preis. 12,5 % Vol. Alkoholgehalt. Diam-Korken. Verkostung im August 2024 auf dem Weingut.<br \/>Stephan Reinhardt<\/p>\n<h3>Vinous<\/h3>\n<p>Punkte: 91<\/p>\n<p>Der Riesling Nierstein 2023 wurde im Mittelhang des Pettenthals geerntet (die Trauben werden nicht f\u00fcr den GG verwendet). Ein herrlicher Duft nach zersto\u00dfener Schafgarbe und Kr\u00e4uter\u00f6l geht dem knackigen Apfelgeschmack in der Nase voraus. Am Gaumen ist er leicht, knochentrocken und dennoch geschmeidig. Die sch\u00f6ne Reife des Rieslings prickelt mit Spritzigkeit und pfeffriger W\u00fcrze im Abgang. (Knochentrocken) \u2013 Anne Krebiehl MW<br \/>Trinkfenster: 2024\u20132034<br \/>Testdatum: Oktober 2024<\/p>\n<p>Internetseite des Weinguts: <a href=\"https:\/\/www.kuehlingandbattenfeld.com\/en\/kuehling-gillot\" target=\"_blank\">https:\/\/www.kuehlingandbattenfeld.com\/en\/kuehling-gillot<\/a><\/p>\n","protected":false},"excerpt":{"rendered":"<p>Lieferzeit: 1 bis 2 Arbeitstage (DE), 2 bis 5 Arbeitstage (EU and CH)<\/p>\n","protected":false},"featured_media":1142466,"template":"","meta":[],"product_brand":[],"product_cat":[19],"product_tag":[],"class_list":{"0":"post-1131607","1":"product","2":"type-product","3":"status-publish","4":"has-post-thumbnail","6":"product_cat-unkategorisiert","7":"pa_alcohol-for-filter-12-5","8":"pa_certified-biodynamic-nein-de","9":"pa_certified-organic-ja-de","10":"pa_colour-weiss","11":"pa_country-deutschland","12":"pa_grape-riesling","13":"pa_parker-points-for-filter-92-de","14":"pa_price-for-filter-10568","15":"pa_producer-kuhling-gillot","16":"pa_region-rheinhessen","17":"pa_size-ml-6584","18":"pa_sweetness-trocken-de","19":"pa_type-2-still-de","20":"pa_vinous-points-for-filter-20027","21":"pa_vintage-2023-de","22":"entry","23":"has-media","25":"first","26":"instock","27":"taxable","28":"shipping-taxable","29":"purchasable","30":"product-type-simple"},"yoast_head":"<!-- This site is optimized with the Yoast SEO plugin v27.5 - https:\/\/yoast.com\/product\/yoast-seo-wordpress\/ -->\n<title>K\u00fchling-Gillot Nierstein Riesling 2023<\/title>\n<meta name=\"description\" content=\"Kaufe K\u00fchling-Gillot Nierstein Riesling 2023 (Riesling, trocken aus Rheinhessen, Deutschland) bei Wein Werte, Ihrem nachhaltigen Onlineshop.\" \/>\n<meta name=\"robots\" content=\"index, follow, max-snippet:-1, max-image-preview:large, max-video-preview:-1\" \/>\n<link rel=\"canonical\" href=\"https:\/\/wein-werte.com\/de\/produkt\/kuhling-gillot-nierstein-riesling-2023-750ml\/\" \/>\n<meta property=\"og:locale\" content=\"de_DE\" \/>\n<meta property=\"og:type\" content=\"article\" \/>\n<meta property=\"og:title\" content=\"K\u00fchling-Gillot Nierstein Riesling 2023\" \/>\n<meta property=\"og:description\" content=\"Kaufe K\u00fchling-Gillot Nierstein Riesling 2023 (Riesling, trocken aus Rheinhessen, Deutschland) bei Wein Werte, Ihrem nachhaltigen Onlineshop.\" \/>\n<meta property=\"og:url\" content=\"https:\/\/wein-werte.com\/de\/produkt\/kuhling-gillot-nierstein-riesling-2023-750ml\/\" \/>\n<meta property=\"og:site_name\" content=\"Wein Werte\" \/>\n<meta property=\"og:image\" content=\"https:\/\/wein-werte.com\/wp-content\/uploads\/2026\/04\/Kuhling-Gillot-Nierstein-Riesling-2023-750ml.png\" \/>\n\t<meta property=\"og:image:width\" content=\"254\" \/>\n\t<meta property=\"og:image:height\" content=\"1200\" \/>\n\t<meta property=\"og:image:type\" content=\"image\/png\" \/>\n<meta name=\"twitter:card\" content=\"summary_large_image\" \/>\n<meta name=\"twitter:label1\" content=\"Gesch\u00e4tzte Lesezeit\" \/>\n\t<meta name=\"twitter:data1\" content=\"2\u00a0Minuten\" \/>\n<script type=\"application\/ld+json\" class=\"yoast-schema-graph\">{\"@context\":\"https:\\\/\\\/schema.org\",\"@graph\":[{\"@type\":\"WebPage\",\"@id\":\"https:\\\/\\\/wein-werte.com\\\/de\\\/produkt\\\/kuhling-gillot-nierstein-riesling-2023-750ml\\\/\",\"url\":\"https:\\\/\\\/wein-werte.com\\\/de\\\/produkt\\\/kuhling-gillot-nierstein-riesling-2023-750ml\\\/\",\"name\":\"K\u00fchling-Gillot Nierstein Riesling 2023\",\"isPartOf\":{\"@id\":\"https:\\\/\\\/wein-werte.com\\\/de\\\/#website\"},\"primaryImageOfPage\":{\"@id\":\"https:\\\/\\\/wein-werte.com\\\/de\\\/produkt\\\/kuhling-gillot-nierstein-riesling-2023-750ml\\\/#primaryimage\"},\"image\":{\"@id\":\"https:\\\/\\\/wein-werte.com\\\/de\\\/produkt\\\/kuhling-gillot-nierstein-riesling-2023-750ml\\\/#primaryimage\"},\"thumbnailUrl\":\"https:\\\/\\\/wein-werte.com\\\/wp-content\\\/uploads\\\/2026\\\/04\\\/Kuhling-Gillot-Nierstein-Riesling-2023-750ml.png\",\"datePublished\":\"2026-05-05T16:23:30+00:00\",\"description\":\"Kaufe K\u00fchling-Gillot Nierstein Riesling 2023 (Riesling, trocken aus Rheinhessen, Deutschland) bei Wein Werte, Ihrem nachhaltigen Onlineshop.\",\"breadcrumb\":{\"@id\":\"https:\\\/\\\/wein-werte.com\\\/de\\\/produkt\\\/kuhling-gillot-nierstein-riesling-2023-750ml\\\/#breadcrumb\"},\"inLanguage\":\"de\",\"potentialAction\":[{\"@type\":\"ReadAction\",\"target\":[\"https:\\\/\\\/wein-werte.com\\\/de\\\/produkt\\\/kuhling-gillot-nierstein-riesling-2023-750ml\\\/\"]}]},{\"@type\":\"ImageObject\",\"inLanguage\":\"de\",\"@id\":\"https:\\\/\\\/wein-werte.com\\\/de\\\/produkt\\\/kuhling-gillot-nierstein-riesling-2023-750ml\\\/#primaryimage\",\"url\":\"https:\\\/\\\/wein-werte.com\\\/wp-content\\\/uploads\\\/2026\\\/04\\\/Kuhling-Gillot-Nierstein-Riesling-2023-750ml.png\",\"contentUrl\":\"https:\\\/\\\/wein-werte.com\\\/wp-content\\\/uploads\\\/2026\\\/04\\\/Kuhling-Gillot-Nierstein-Riesling-2023-750ml.png\",\"width\":254,\"height\":1200,\"caption\":\"K\u00fchling-Gillot Nierstein Riesling trocken VDP Erste Lage 2023 750ml\"},{\"@type\":\"BreadcrumbList\",\"@id\":\"https:\\\/\\\/wein-werte.com\\\/de\\\/produkt\\\/kuhling-gillot-nierstein-riesling-2023-750ml\\\/#breadcrumb\",\"itemListElement\":[{\"@type\":\"ListItem\",\"position\":1,\"name\":\"Home\",\"item\":\"https:\\\/\\\/wein-werte.com\\\/de\\\/\"},{\"@type\":\"ListItem\",\"position\":2,\"name\":\"Shop\",\"item\":\"https:\\\/\\\/wein-werte.com\\\/de\\\/shop\\\/\"},{\"@type\":\"ListItem\",\"position\":3,\"name\":\"K\u00fchling-Gillot | Rheinhessen | Nierstein Riesling trocken VDP Erste Lage | 2023 | 750ml | bio\"}]},{\"@type\":\"WebSite\",\"@id\":\"https:\\\/\\\/wein-werte.com\\\/de\\\/#website\",\"url\":\"https:\\\/\\\/wein-werte.com\\\/de\\\/\",\"name\":\"Wein Werte\",\"description\":\"\",\"publisher\":{\"@id\":\"https:\\\/\\\/wein-werte.com\\\/de\\\/#organization\"},\"potentialAction\":[{\"@type\":\"SearchAction\",\"target\":{\"@type\":\"EntryPoint\",\"urlTemplate\":\"https:\\\/\\\/wein-werte.com\\\/de\\\/?s={search_term_string}\"},\"query-input\":{\"@type\":\"PropertyValueSpecification\",\"valueRequired\":true,\"valueName\":\"search_term_string\"}}],\"inLanguage\":\"de\"},{\"@type\":\"Organization\",\"@id\":\"https:\\\/\\\/wein-werte.com\\\/de\\\/#organization\",\"name\":\"Vins Fins Thorrold\",\"url\":\"https:\\\/\\\/wein-werte.com\\\/de\\\/\",\"logo\":{\"@type\":\"ImageObject\",\"inLanguage\":\"de\",\"@id\":\"https:\\\/\\\/wein-werte.com\\\/de\\\/#\\\/schema\\\/logo\\\/image\\\/\",\"url\":\"https:\\\/\\\/wein-werte.com\\\/wp-content\\\/uploads\\\/2023\\\/07\\\/Wein_werte_Logo700-1.png\",\"contentUrl\":\"https:\\\/\\\/wein-werte.com\\\/wp-content\\\/uploads\\\/2023\\\/07\\\/Wein_werte_Logo700-1.png\",\"width\":700,\"height\":272,\"caption\":\"Vins Fins Thorrold\"},\"image\":{\"@id\":\"https:\\\/\\\/wein-werte.com\\\/de\\\/#\\\/schema\\\/logo\\\/image\\\/\"}}]}<\/script>\n<!-- \/ Yoast SEO plugin. -->","yoast_head_json":{"title":"K\u00fchling-Gillot Nierstein Riesling 2023","description":"Kaufe K\u00fchling-Gillot Nierstein Riesling 2023 (Riesling, trocken aus Rheinhessen, Deutschland) bei Wein Werte, Ihrem nachhaltigen Onlineshop.","robots":{"index":"index","follow":"follow","max-snippet":"max-snippet:-1","max-image-preview":"max-image-preview:large","max-video-preview":"max-video-preview:-1"},"canonical":"https:\/\/wein-werte.com\/de\/produkt\/kuhling-gillot-nierstein-riesling-2023-750ml\/","og_locale":"de_DE","og_type":"article","og_title":"K\u00fchling-Gillot Nierstein Riesling 2023","og_description":"Kaufe K\u00fchling-Gillot Nierstein Riesling 2023 (Riesling, trocken aus Rheinhessen, Deutschland) bei Wein Werte, Ihrem nachhaltigen Onlineshop.","og_url":"https:\/\/wein-werte.com\/de\/produkt\/kuhling-gillot-nierstein-riesling-2023-750ml\/","og_site_name":"Wein Werte","og_image":[{"width":254,"height":1200,"url":"https:\/\/wein-werte.com\/wp-content\/uploads\/2026\/04\/Kuhling-Gillot-Nierstein-Riesling-2023-750ml.png","type":"image\/png"}],"twitter_card":"summary_large_image","twitter_misc":{"Gesch\u00e4tzte Lesezeit":"2\u00a0Minuten"},"schema":{"@context":"https:\/\/schema.org","@graph":[{"@type":"WebPage","@id":"https:\/\/wein-werte.com\/de\/produkt\/kuhling-gillot-nierstein-riesling-2023-750ml\/","url":"https:\/\/wein-werte.com\/de\/produkt\/kuhling-gillot-nierstein-riesling-2023-750ml\/","name":"K\u00fchling-Gillot Nierstein Riesling 2023","isPartOf":{"@id":"https:\/\/wein-werte.com\/de\/#website"},"primaryImageOfPage":{"@id":"https:\/\/wein-werte.com\/de\/produkt\/kuhling-gillot-nierstein-riesling-2023-750ml\/#primaryimage"},"image":{"@id":"https:\/\/wein-werte.com\/de\/produkt\/kuhling-gillot-nierstein-riesling-2023-750ml\/#primaryimage"},"thumbnailUrl":"https:\/\/wein-werte.com\/wp-content\/uploads\/2026\/04\/Kuhling-Gillot-Nierstein-Riesling-2023-750ml.png","datePublished":"2026-05-05T16:23:30+00:00","description":"Kaufe K\u00fchling-Gillot Nierstein Riesling 2023 (Riesling, trocken aus Rheinhessen, Deutschland) bei Wein Werte, Ihrem nachhaltigen Onlineshop.","breadcrumb":{"@id":"https:\/\/wein-werte.com\/de\/produkt\/kuhling-gillot-nierstein-riesling-2023-750ml\/#breadcrumb"},"inLanguage":"de","potentialAction":[{"@type":"ReadAction","target":["https:\/\/wein-werte.com\/de\/produkt\/kuhling-gillot-nierstein-riesling-2023-750ml\/"]}]},{"@type":"ImageObject","inLanguage":"de","@id":"https:\/\/wein-werte.com\/de\/produkt\/kuhling-gillot-nierstein-riesling-2023-750ml\/#primaryimage","url":"https:\/\/wein-werte.com\/wp-content\/uploads\/2026\/04\/Kuhling-Gillot-Nierstein-Riesling-2023-750ml.png","contentUrl":"https:\/\/wein-werte.com\/wp-content\/uploads\/2026\/04\/Kuhling-Gillot-Nierstein-Riesling-2023-750ml.png","width":254,"height":1200,"caption":"K\u00fchling-Gillot Nierstein Riesling trocken VDP Erste Lage 2023 750ml"},{"@type":"BreadcrumbList","@id":"https:\/\/wein-werte.com\/de\/produkt\/kuhling-gillot-nierstein-riesling-2023-750ml\/#breadcrumb","itemListElement":[{"@type":"ListItem","position":1,"name":"Home","item":"https:\/\/wein-werte.com\/de\/"},{"@type":"ListItem","position":2,"name":"Shop","item":"https:\/\/wein-werte.com\/de\/shop\/"},{"@type":"ListItem","position":3,"name":"K\u00fchling-Gillot | Rheinhessen | Nierstein Riesling trocken VDP Erste Lage | 2023 | 750ml | bio"}]},{"@type":"WebSite","@id":"https:\/\/wein-werte.com\/de\/#website","url":"https:\/\/wein-werte.com\/de\/","name":"Wein Werte","description":"","publisher":{"@id":"https:\/\/wein-werte.com\/de\/#organization"},"potentialAction":[{"@type":"SearchAction","target":{"@type":"EntryPoint","urlTemplate":"https:\/\/wein-werte.com\/de\/?s={search_term_string}"},"query-input":{"@type":"PropertyValueSpecification","valueRequired":true,"valueName":"search_term_string"}}],"inLanguage":"de"},{"@type":"Organization","@id":"https:\/\/wein-werte.com\/de\/#organization","name":"Vins Fins Thorrold","url":"https:\/\/wein-werte.com\/de\/","logo":{"@type":"ImageObject","inLanguage":"de","@id":"https:\/\/wein-werte.com\/de\/#\/schema\/logo\/image\/","url":"https:\/\/wein-werte.com\/wp-content\/uploads\/2023\/07\/Wein_werte_Logo700-1.png","contentUrl":"https:\/\/wein-werte.com\/wp-content\/uploads\/2023\/07\/Wein_werte_Logo700-1.png","width":700,"height":272,"caption":"Vins Fins Thorrold"},"image":{"@id":"https:\/\/wein-werte.com\/de\/#\/schema\/logo\/image\/"}}]}},"_links":{"self":[{"href":"https:\/\/wein-werte.com\/de\/wp-json\/wp\/v2\/product\/1131607","targetHints":{"allow":["GET"]}}],"collection":[{"href":"https:\/\/wein-werte.com\/de\/wp-json\/wp\/v2\/product"}],"about":[{"href":"https:\/\/wein-werte.com\/de\/wp-json\/wp\/v2\/types\/product"}],"wp:featuredmedia":[{"embeddable":true,"href":"https:\/\/wein-werte.com\/de\/wp-json\/wp\/v2\/media\/1142466"}],"wp:attachment":[{"href":"https:\/\/wein-werte.com\/de\/wp-json\/wp\/v2\/media?parent=1131607"}],"wp:term":[{"taxonomy":"product_brand","embeddable":true,"href":"https:\/\/wein-werte.com\/de\/wp-json\/wp\/v2\/product_brand?post=1131607"},{"taxonomy":"product_cat","embeddable":true,"href":"https:\/\/wein-werte.com\/de\/wp-json\/wp\/v2\/product_cat?post=1131607"},{"taxonomy":"product_tag","embeddable":true,"href":"https:\/\/wein-werte.com\/de\/wp-json\/wp\/v2\/product_tag?post=1131607"}],"curies":[{"name":"wp","href":"https:\/\/api.w.org\/{rel}","templated":true}]}}