{"id":1131602,"date":"2026-05-05T18:23:29","date_gmt":"2026-05-05T16:23:29","guid":{"rendered":"https:\/\/wein-werte.com\/product\/kuhling-gillot-nackenheim-riesling-2023-750ml\/"},"modified":"2026-04-27T11:47:44","modified_gmt":"2026-04-27T09:47:44","slug":"kuhling-gillot-nackenheim-riesling-2023-750ml","status":"publish","type":"product","link":"https:\/\/wein-werte.com\/de\/produkt\/kuhling-gillot-nackenheim-riesling-2023-750ml\/","title":{"rendered":"K\u00fchling-Gillot | Rheinhessen | Nackenheim Riesling trocken VDP Erste Lage | 2023 | 750ml | bio"},"content":{"rendered":"<p>Produktbeschreibung f\u00fcr K\u00fchling-Gillot Nackenheim Riesling trocken VDP Erste Lage 2023 (bio) <\/p>\n<h5>Info zur Lage<\/h5>\n<p> In Nackenheim dr\u00fcckt sich die m\u00e4chtige Tonschieferbank des Roten Hangs an die Oberfl\u00e4che, bevor sie einigeKilometer weiter s\u00fcdlich bei Nierstein wieder unter derErde verschwindet. Inzwischen besitzt das Weingut K\u00fchling Gillot Parzellen in allen spannenden Lagen des Roten Hangs und nachumfangreichen Neuanpflanzungen haben vor allem die Reben in Nackenheim das richtige Alter f\u00fcr einen gro\u00dfen Wein erreicht. <\/p>\n<h5>Info zur Vinifikation<\/h5>\n<p> Der Ausbau erfolgte in gro\u00dfen alten St\u00fcckf\u00e4ssern mit langem Hefelager. <\/p>\n<h5>Farbe<\/h5>\n<p> Helles, strahlendes Goldgelb mit gr\u00fcnen Reflexen <\/p>\n<h5>Nase<\/h5>\n<p> Im Duft zeigt der 2023 er Nackenheimer Riesling VDP.Erste Lage mineralisch komplex und aufgrund seiner Jugendlichkeit noch etwas zur\u00fcckhaltend. Deutlich zu erkennen ist sine rauchige, steinige Ausrichtung und eine wunderbare gelbe und saftige Frucht von Aprikosen, Orangenzeste, ein Hauch Ingwer und unz\u00e4hligen Wiesenkr\u00e4utern. Eine \u00fcberaus einladende Stilistik, die perfekt animiert ihn nach ausreichend Sauerstoff Kontakt zu kosten. <\/p>\n<h5>Gaumen<\/h5>\n<p> Saftig und charmant flie\u00dft er \u00fcber die Zunge, salzige Noten mischen sich mit seiner animierenden Frucht und der feine Gerbstoff gibt ihm Ger\u00fcst und verst\u00e4rkt seinen Ausdruck und seine Komplexit\u00e4t und L\u00e4nge. Ein Wein, der sich \u00fcber weitere Lagerung und die Begleitung einer aromatischen und intensiven K\u00fcche freut. <\/p>\n<p>Copyright Vinaturel 2025<\/p>\n<p>Keywords: <a href=\"https:\/\/wein-werte.com\/de\/shop\/?swoof=1&#038;pa_producer=K\u00fchling-Gillot\">K\u00fchling-Gillot<\/a> <a href=\"https:\/\/wein-werte.com\/de\/shop\/?swoof=1&#038;woof_text=Nackenheim Riesling trocken VDP Erste Lage\">Nackenheim Riesling trocken VDP Erste Lage<\/a> 2023 bio <a href=\"https:\/\/wein-werte.com\/de\/shop\/?swoof=1&#038;pa_region=Rheinhessen\">Rheinhessen<\/a> <a href=\"https:\/\/wein-werte.com\/de\/shop\/?swoof=1&#038;pa_country=Deutschland\">Deutschland<\/a><\/p>\n<h3>Wine Advocate<\/h3>\n<p>Punkte: 92<\/p>\n<p>Der Nackenheim Riesling 1G Jahrgang 2023 ist tiefgr\u00fcndig, rein und komplex in der Nase, pikant und bemerkenswert intensiv. Er offenbart Aromen von verwittertem Schiefer sowie reifen, tropischen Fr\u00fcchten auf einem Jodbett. Am Gaumen pikant, frisch und anregend, ist dieser vollmundige Wein sehr mineralisch, salzig und fein griffig und entwickelt einen langen, intensiven und kraftvollen, aber nicht alkoholischen Abgang. 12 % Alkoholgehalt. Diam Korken. Verkostung im August 2024 auf dem Weingut.<br \/>Stephan Reinhardt<\/p>\n<h3>Vinous<\/h3>\n<p>Punkte: 92<\/p>\n<p>Der Riesling Nackenheim 2023 wurde im Roten Hang aus den Parzellen Engelsberg Erste Lage und den j\u00fcngeren Rebst\u00f6cken des Rothenbergs geerntet. Eisenoxid, roter Apfel und gr\u00fcne Zitrusfr\u00fcchte vereinen sich in der w\u00fcrzigen Nase, mit einem Hauch von Feuerstein. Am Gaumen ist er fl\u00fcssig und geschmeidig und erinnert an reifere Zitrusfr\u00fcchte wie Mandarine in all diesem energiegeladenen Fluss. Die zitronige W\u00fcrze sorgt f\u00fcr einen k\u00f6stlichen Abgang. (Knochentrocken) \u2013 Anne Krebiehl MW<br \/>Trinkfenster: 2024\u20132040<br \/>Testdatum: Oktober 2024<\/p>\n<p>Internetseite des Weinguts: <a href=\"https:\/\/www.kuehlingandbattenfeld.com\/en\/kuehling-gillot\" target=\"_blank\">https:\/\/www.kuehlingandbattenfeld.com\/en\/kuehling-gillot<\/a><\/p>\n","protected":false},"excerpt":{"rendered":"<p>Lieferzeit: 1 bis 2 Arbeitstage (DE), 2 bis 5 Arbeitstage (EU and CH)<\/p>\n","protected":false},"featured_media":1142462,"template":"","meta":[],"product_brand":[],"product_cat":[19],"product_tag":[],"class_list":{"0":"post-1131602","1":"product","2":"type-product","3":"status-publish","4":"has-post-thumbnail","6":"product_cat-unkategorisiert","7":"pa_alcohol-for-filter-12-5","8":"pa_certified-biodynamic-nein-de","9":"pa_certified-organic-ja-de","10":"pa_colour-weiss","11":"pa_country-deutschland","12":"pa_grape-riesling","13":"pa_parker-points-for-filter-92-de","14":"pa_price-for-filter-10568","15":"pa_producer-kuhling-gillot","16":"pa_region-rheinhessen","17":"pa_size-ml-6584","18":"pa_sweetness-trocken-de","19":"pa_type-2-still-de","20":"pa_vinous-points-for-filter-20029","21":"pa_vintage-2023-de","22":"entry","23":"has-media","25":"first","26":"instock","27":"taxable","28":"shipping-taxable","29":"purchasable","30":"product-type-simple"},"yoast_head":"<!-- This site is optimized with the Yoast SEO plugin v27.5 - https:\/\/yoast.com\/product\/yoast-seo-wordpress\/ -->\n<title>K\u00fchling-Gillot Nackenheim Riesling 2023<\/title>\n<meta name=\"description\" content=\"Kaufe K\u00fchling-Gillot Nackenheim Riesling 2023 (Riesling, trocken aus Rheinhessen, Deutschland) bei Wein Werte, Ihrem nachhaltigen Onlineshop.\" \/>\n<meta name=\"robots\" content=\"index, follow, max-snippet:-1, max-image-preview:large, max-video-preview:-1\" \/>\n<link rel=\"canonical\" href=\"https:\/\/wein-werte.com\/de\/produkt\/kuhling-gillot-nackenheim-riesling-2023-750ml\/\" \/>\n<meta property=\"og:locale\" content=\"de_DE\" \/>\n<meta property=\"og:type\" content=\"article\" \/>\n<meta property=\"og:title\" content=\"K\u00fchling-Gillot Nackenheim Riesling 2023\" \/>\n<meta property=\"og:description\" content=\"Kaufe K\u00fchling-Gillot Nackenheim Riesling 2023 (Riesling, trocken aus Rheinhessen, Deutschland) bei Wein Werte, Ihrem nachhaltigen Onlineshop.\" \/>\n<meta property=\"og:url\" content=\"https:\/\/wein-werte.com\/de\/produkt\/kuhling-gillot-nackenheim-riesling-2023-750ml\/\" \/>\n<meta property=\"og:site_name\" content=\"Wein Werte\" \/>\n<meta property=\"og:image\" content=\"https:\/\/wein-werte.com\/wp-content\/uploads\/2026\/04\/Kuhling-Gillot-Nackenheim-Riesling-2023-750ml.png\" \/>\n\t<meta property=\"og:image:width\" content=\"252\" \/>\n\t<meta property=\"og:image:height\" content=\"1200\" \/>\n\t<meta property=\"og:image:type\" content=\"image\/png\" \/>\n<meta name=\"twitter:card\" content=\"summary_large_image\" \/>\n<meta name=\"twitter:label1\" content=\"Gesch\u00e4tzte Lesezeit\" \/>\n\t<meta name=\"twitter:data1\" content=\"2\u00a0Minuten\" \/>\n<script type=\"application\/ld+json\" class=\"yoast-schema-graph\">{\"@context\":\"https:\\\/\\\/schema.org\",\"@graph\":[{\"@type\":\"WebPage\",\"@id\":\"https:\\\/\\\/wein-werte.com\\\/de\\\/produkt\\\/kuhling-gillot-nackenheim-riesling-2023-750ml\\\/\",\"url\":\"https:\\\/\\\/wein-werte.com\\\/de\\\/produkt\\\/kuhling-gillot-nackenheim-riesling-2023-750ml\\\/\",\"name\":\"K\u00fchling-Gillot Nackenheim Riesling 2023\",\"isPartOf\":{\"@id\":\"https:\\\/\\\/wein-werte.com\\\/de\\\/#website\"},\"primaryImageOfPage\":{\"@id\":\"https:\\\/\\\/wein-werte.com\\\/de\\\/produkt\\\/kuhling-gillot-nackenheim-riesling-2023-750ml\\\/#primaryimage\"},\"image\":{\"@id\":\"https:\\\/\\\/wein-werte.com\\\/de\\\/produkt\\\/kuhling-gillot-nackenheim-riesling-2023-750ml\\\/#primaryimage\"},\"thumbnailUrl\":\"https:\\\/\\\/wein-werte.com\\\/wp-content\\\/uploads\\\/2026\\\/04\\\/Kuhling-Gillot-Nackenheim-Riesling-2023-750ml.png\",\"datePublished\":\"2026-05-05T16:23:29+00:00\",\"description\":\"Kaufe K\u00fchling-Gillot Nackenheim Riesling 2023 (Riesling, trocken aus Rheinhessen, Deutschland) bei Wein Werte, Ihrem nachhaltigen Onlineshop.\",\"breadcrumb\":{\"@id\":\"https:\\\/\\\/wein-werte.com\\\/de\\\/produkt\\\/kuhling-gillot-nackenheim-riesling-2023-750ml\\\/#breadcrumb\"},\"inLanguage\":\"de\",\"potentialAction\":[{\"@type\":\"ReadAction\",\"target\":[\"https:\\\/\\\/wein-werte.com\\\/de\\\/produkt\\\/kuhling-gillot-nackenheim-riesling-2023-750ml\\\/\"]}]},{\"@type\":\"ImageObject\",\"inLanguage\":\"de\",\"@id\":\"https:\\\/\\\/wein-werte.com\\\/de\\\/produkt\\\/kuhling-gillot-nackenheim-riesling-2023-750ml\\\/#primaryimage\",\"url\":\"https:\\\/\\\/wein-werte.com\\\/wp-content\\\/uploads\\\/2026\\\/04\\\/Kuhling-Gillot-Nackenheim-Riesling-2023-750ml.png\",\"contentUrl\":\"https:\\\/\\\/wein-werte.com\\\/wp-content\\\/uploads\\\/2026\\\/04\\\/Kuhling-Gillot-Nackenheim-Riesling-2023-750ml.png\",\"width\":252,\"height\":1200,\"caption\":\"K\u00fchling-Gillot Nackenheim Riesling trocken VDP Erste Lage 2023 750ml\"},{\"@type\":\"BreadcrumbList\",\"@id\":\"https:\\\/\\\/wein-werte.com\\\/de\\\/produkt\\\/kuhling-gillot-nackenheim-riesling-2023-750ml\\\/#breadcrumb\",\"itemListElement\":[{\"@type\":\"ListItem\",\"position\":1,\"name\":\"Home\",\"item\":\"https:\\\/\\\/wein-werte.com\\\/de\\\/\"},{\"@type\":\"ListItem\",\"position\":2,\"name\":\"Shop\",\"item\":\"https:\\\/\\\/wein-werte.com\\\/de\\\/shop\\\/\"},{\"@type\":\"ListItem\",\"position\":3,\"name\":\"K\u00fchling-Gillot | Rheinhessen | Nackenheim Riesling trocken VDP Erste Lage | 2023 | 750ml | bio\"}]},{\"@type\":\"WebSite\",\"@id\":\"https:\\\/\\\/wein-werte.com\\\/de\\\/#website\",\"url\":\"https:\\\/\\\/wein-werte.com\\\/de\\\/\",\"name\":\"Wein Werte\",\"description\":\"\",\"publisher\":{\"@id\":\"https:\\\/\\\/wein-werte.com\\\/de\\\/#organization\"},\"potentialAction\":[{\"@type\":\"SearchAction\",\"target\":{\"@type\":\"EntryPoint\",\"urlTemplate\":\"https:\\\/\\\/wein-werte.com\\\/de\\\/?s={search_term_string}\"},\"query-input\":{\"@type\":\"PropertyValueSpecification\",\"valueRequired\":true,\"valueName\":\"search_term_string\"}}],\"inLanguage\":\"de\"},{\"@type\":\"Organization\",\"@id\":\"https:\\\/\\\/wein-werte.com\\\/de\\\/#organization\",\"name\":\"Vins Fins Thorrold\",\"url\":\"https:\\\/\\\/wein-werte.com\\\/de\\\/\",\"logo\":{\"@type\":\"ImageObject\",\"inLanguage\":\"de\",\"@id\":\"https:\\\/\\\/wein-werte.com\\\/de\\\/#\\\/schema\\\/logo\\\/image\\\/\",\"url\":\"https:\\\/\\\/wein-werte.com\\\/wp-content\\\/uploads\\\/2023\\\/07\\\/Wein_werte_Logo700-1.png\",\"contentUrl\":\"https:\\\/\\\/wein-werte.com\\\/wp-content\\\/uploads\\\/2023\\\/07\\\/Wein_werte_Logo700-1.png\",\"width\":700,\"height\":272,\"caption\":\"Vins Fins Thorrold\"},\"image\":{\"@id\":\"https:\\\/\\\/wein-werte.com\\\/de\\\/#\\\/schema\\\/logo\\\/image\\\/\"}}]}<\/script>\n<!-- \/ Yoast SEO plugin. -->","yoast_head_json":{"title":"K\u00fchling-Gillot Nackenheim Riesling 2023","description":"Kaufe K\u00fchling-Gillot Nackenheim Riesling 2023 (Riesling, trocken aus Rheinhessen, Deutschland) bei Wein Werte, Ihrem nachhaltigen Onlineshop.","robots":{"index":"index","follow":"follow","max-snippet":"max-snippet:-1","max-image-preview":"max-image-preview:large","max-video-preview":"max-video-preview:-1"},"canonical":"https:\/\/wein-werte.com\/de\/produkt\/kuhling-gillot-nackenheim-riesling-2023-750ml\/","og_locale":"de_DE","og_type":"article","og_title":"K\u00fchling-Gillot Nackenheim Riesling 2023","og_description":"Kaufe K\u00fchling-Gillot Nackenheim Riesling 2023 (Riesling, trocken aus Rheinhessen, Deutschland) bei Wein Werte, Ihrem nachhaltigen Onlineshop.","og_url":"https:\/\/wein-werte.com\/de\/produkt\/kuhling-gillot-nackenheim-riesling-2023-750ml\/","og_site_name":"Wein Werte","og_image":[{"width":252,"height":1200,"url":"https:\/\/wein-werte.com\/wp-content\/uploads\/2026\/04\/Kuhling-Gillot-Nackenheim-Riesling-2023-750ml.png","type":"image\/png"}],"twitter_card":"summary_large_image","twitter_misc":{"Gesch\u00e4tzte Lesezeit":"2\u00a0Minuten"},"schema":{"@context":"https:\/\/schema.org","@graph":[{"@type":"WebPage","@id":"https:\/\/wein-werte.com\/de\/produkt\/kuhling-gillot-nackenheim-riesling-2023-750ml\/","url":"https:\/\/wein-werte.com\/de\/produkt\/kuhling-gillot-nackenheim-riesling-2023-750ml\/","name":"K\u00fchling-Gillot Nackenheim Riesling 2023","isPartOf":{"@id":"https:\/\/wein-werte.com\/de\/#website"},"primaryImageOfPage":{"@id":"https:\/\/wein-werte.com\/de\/produkt\/kuhling-gillot-nackenheim-riesling-2023-750ml\/#primaryimage"},"image":{"@id":"https:\/\/wein-werte.com\/de\/produkt\/kuhling-gillot-nackenheim-riesling-2023-750ml\/#primaryimage"},"thumbnailUrl":"https:\/\/wein-werte.com\/wp-content\/uploads\/2026\/04\/Kuhling-Gillot-Nackenheim-Riesling-2023-750ml.png","datePublished":"2026-05-05T16:23:29+00:00","description":"Kaufe K\u00fchling-Gillot Nackenheim Riesling 2023 (Riesling, trocken aus Rheinhessen, Deutschland) bei Wein Werte, Ihrem nachhaltigen Onlineshop.","breadcrumb":{"@id":"https:\/\/wein-werte.com\/de\/produkt\/kuhling-gillot-nackenheim-riesling-2023-750ml\/#breadcrumb"},"inLanguage":"de","potentialAction":[{"@type":"ReadAction","target":["https:\/\/wein-werte.com\/de\/produkt\/kuhling-gillot-nackenheim-riesling-2023-750ml\/"]}]},{"@type":"ImageObject","inLanguage":"de","@id":"https:\/\/wein-werte.com\/de\/produkt\/kuhling-gillot-nackenheim-riesling-2023-750ml\/#primaryimage","url":"https:\/\/wein-werte.com\/wp-content\/uploads\/2026\/04\/Kuhling-Gillot-Nackenheim-Riesling-2023-750ml.png","contentUrl":"https:\/\/wein-werte.com\/wp-content\/uploads\/2026\/04\/Kuhling-Gillot-Nackenheim-Riesling-2023-750ml.png","width":252,"height":1200,"caption":"K\u00fchling-Gillot Nackenheim Riesling trocken VDP Erste Lage 2023 750ml"},{"@type":"BreadcrumbList","@id":"https:\/\/wein-werte.com\/de\/produkt\/kuhling-gillot-nackenheim-riesling-2023-750ml\/#breadcrumb","itemListElement":[{"@type":"ListItem","position":1,"name":"Home","item":"https:\/\/wein-werte.com\/de\/"},{"@type":"ListItem","position":2,"name":"Shop","item":"https:\/\/wein-werte.com\/de\/shop\/"},{"@type":"ListItem","position":3,"name":"K\u00fchling-Gillot | Rheinhessen | Nackenheim Riesling trocken VDP Erste Lage | 2023 | 750ml | bio"}]},{"@type":"WebSite","@id":"https:\/\/wein-werte.com\/de\/#website","url":"https:\/\/wein-werte.com\/de\/","name":"Wein Werte","description":"","publisher":{"@id":"https:\/\/wein-werte.com\/de\/#organization"},"potentialAction":[{"@type":"SearchAction","target":{"@type":"EntryPoint","urlTemplate":"https:\/\/wein-werte.com\/de\/?s={search_term_string}"},"query-input":{"@type":"PropertyValueSpecification","valueRequired":true,"valueName":"search_term_string"}}],"inLanguage":"de"},{"@type":"Organization","@id":"https:\/\/wein-werte.com\/de\/#organization","name":"Vins Fins Thorrold","url":"https:\/\/wein-werte.com\/de\/","logo":{"@type":"ImageObject","inLanguage":"de","@id":"https:\/\/wein-werte.com\/de\/#\/schema\/logo\/image\/","url":"https:\/\/wein-werte.com\/wp-content\/uploads\/2023\/07\/Wein_werte_Logo700-1.png","contentUrl":"https:\/\/wein-werte.com\/wp-content\/uploads\/2023\/07\/Wein_werte_Logo700-1.png","width":700,"height":272,"caption":"Vins Fins Thorrold"},"image":{"@id":"https:\/\/wein-werte.com\/de\/#\/schema\/logo\/image\/"}}]}},"_links":{"self":[{"href":"https:\/\/wein-werte.com\/de\/wp-json\/wp\/v2\/product\/1131602","targetHints":{"allow":["GET"]}}],"collection":[{"href":"https:\/\/wein-werte.com\/de\/wp-json\/wp\/v2\/product"}],"about":[{"href":"https:\/\/wein-werte.com\/de\/wp-json\/wp\/v2\/types\/product"}],"wp:featuredmedia":[{"embeddable":true,"href":"https:\/\/wein-werte.com\/de\/wp-json\/wp\/v2\/media\/1142462"}],"wp:attachment":[{"href":"https:\/\/wein-werte.com\/de\/wp-json\/wp\/v2\/media?parent=1131602"}],"wp:term":[{"taxonomy":"product_brand","embeddable":true,"href":"https:\/\/wein-werte.com\/de\/wp-json\/wp\/v2\/product_brand?post=1131602"},{"taxonomy":"product_cat","embeddable":true,"href":"https:\/\/wein-werte.com\/de\/wp-json\/wp\/v2\/product_cat?post=1131602"},{"taxonomy":"product_tag","embeddable":true,"href":"https:\/\/wein-werte.com\/de\/wp-json\/wp\/v2\/product_tag?post=1131602"}],"curies":[{"name":"wp","href":"https:\/\/api.w.org\/{rel}","templated":true}]}}