{"id":1131557,"date":"2026-05-05T18:23:28","date_gmt":"2026-05-05T16:23:28","guid":{"rendered":"https:\/\/wein-werte.com\/product\/odinstal-cidre-pet-nat-apfelperlwein-2023-750ml\/"},"modified":"2026-04-27T11:47:42","modified_gmt":"2026-04-27T09:47:42","slug":"odinstal-cidre-pet-nat-apfelperlwein-2023-750ml","status":"publish","type":"product","link":"https:\/\/wein-werte.com\/de\/produkt\/odinstal-cidre-pet-nat-apfelperlwein-2023-750ml\/","title":{"rendered":"Odinstal | Pfalz | Cidre P\u00e9t-nat, Apfelperlwein | 2023 | 750ml | bio"},"content":{"rendered":"<p>Produktbeschreibung f\u00fcr Odinstal Cidre P\u00e9t-nat, Apfelperlwein 2023 (bio) <\/p>\n<h5>Information zum Cidre<\/h5>\n<p> Die Idee der Kreislaufwirtschaft eines idealen biodynamisch wirtschaftenden Hofes schlie\u00dft viele Komponenten mit ein. Neben dem Wein sind das beispielsweise Tiere, Gem\u00fcse-, Obst- oder Getreideanbau. Auf Odinstal, wo diese Idee der Kreislaufwirtschaft, der ganzheitlichen, nachhaltigen Landwirtschaft und auch der Permakultur umgesetzt wird, gibt es Rinder und auch Streuobstwiesen. Von diesen Streuobstwiesen stammen die \u00c4pfel f\u00fcr den Cidre, der als P\u00e9tillant naturel entsteht. Dabei wird der g\u00e4rende Apfelwein auf die Flaschen gef\u00fcllt und g\u00e4rt in der Flasche weiter. <\/p>\n<h5>Farbe\/Aussehen<\/h5>\n<p> Intensives Goldgelb mit Hefetr\u00fcbung\/feinste P\u00e9rlage. <\/p>\n<h5>Nase<\/h5>\n<p> In der Nase zeigt sich der 2023er Cidre P\u00e9t-nat mit s\u00fc\u00dfer Apfelfrucht, Apfelschale, zarte Hefenote und dem Duft von frischem Gras und feinen Wei\u00dfdornbl\u00fcten. Ein \u00fcberaus einladendes, erfrischendes Aroma, sehr puristisch und inspirierend. <\/p>\n<h5>Gaumen<\/h5>\n<p> Am Gaumen nimmt man deutlich die Handschrift von Andreas Schumann wahr, wie auch bei den Weinen gl\u00e4nzt dieser Cidre mit puristischer und klarer Stilistik. Markante S\u00e4ure und der Eindruck der gr\u00fcnen Apfelfrucht begleitet vom feinen Gerbstoff der Apfelschale. Ein knackig-frisches Produkt mit zur\u00fcckhaltendem Alkohol von 7 Vol.%. Weckt pure Trinklust und macht Appetit auf k\u00f6stliche Begleitung. <\/p>\n<p>Copyright Vinaturel 2025<\/p>\n<p>Keywords: <a href=\"https:\/\/wein-werte.com\/de\/shop\/?swoof=1&#038;pa_producer=Odinstal\">Odinstal<\/a> <a href=\"https:\/\/wein-werte.com\/de\/shop\/?swoof=1&#038;woof_text=Cidre P\u00e9t-nat, Apfelperlwein\">Cidre P\u00e9t-nat, Apfelperlwein<\/a> 2023 bio <a href=\"https:\/\/wein-werte.com\/de\/shop\/?swoof=1&#038;pa_region=Pfalz\">Pfalz<\/a> <a href=\"https:\/\/wein-werte.com\/de\/shop\/?swoof=1&#038;pa_country=Deutschland\">Deutschland<\/a><\/p>\n<p>Internetseite des Weinguts: <a href=\"https:\/\/odinstal.de\/\" target=\"_blank\">https:\/\/odinstal.de\/<\/a><\/p>\n","protected":false},"excerpt":{"rendered":"<p>Lieferzeit: 1 bis 2 Arbeitstage (DE), 2 bis 5 Arbeitstage (EU and CH)<\/p>\n","protected":false},"featured_media":1142430,"template":"","meta":[],"product_brand":[],"product_cat":[19],"product_tag":[],"class_list":{"0":"post-1131557","1":"product","2":"type-product","3":"status-publish","4":"has-post-thumbnail","6":"product_cat-unkategorisiert","7":"pa_alcohol-for-filter-12907","8":"pa_certified-biodynamic-ja-de","9":"pa_certified-organic-ja-de","10":"pa_colour-weiss","11":"pa_country-deutschland","12":"pa_price-for-filter-10586","13":"pa_producer-odinstal","14":"pa_region-pfalz","15":"pa_size-ml-6584","16":"pa_sweetness-trocken-de","17":"pa_type-2-pet-nat-de","18":"pa_vintage-2023-de","19":"entry","20":"has-media","22":"first","23":"instock","24":"taxable","25":"shipping-taxable","26":"purchasable","27":"product-type-simple"},"yoast_head":"<!-- This site is optimized with the Yoast SEO plugin v27.5 - https:\/\/yoast.com\/product\/yoast-seo-wordpress\/ -->\n<title>Odinstal Cidre P\u00e9t-nat Apfelperlwein 2023<\/title>\n<meta name=\"description\" content=\"Kaufe Odinstal Cidre P\u00e9t-nat Apfelperlwein 2023 (, trocken Schaumwein aus Pfalz, Deutschland) bei Wein Werte, Ihrem nachhaltigen Onlineshop.\" \/>\n<meta name=\"robots\" content=\"index, follow, max-snippet:-1, max-image-preview:large, max-video-preview:-1\" \/>\n<link rel=\"canonical\" href=\"https:\/\/wein-werte.com\/de\/produkt\/odinstal-cidre-pet-nat-apfelperlwein-2023-750ml\/\" \/>\n<meta property=\"og:locale\" content=\"de_DE\" \/>\n<meta property=\"og:type\" content=\"article\" \/>\n<meta property=\"og:title\" content=\"Odinstal Cidre P\u00e9t-nat Apfelperlwein 2023\" \/>\n<meta property=\"og:description\" content=\"Kaufe Odinstal Cidre P\u00e9t-nat Apfelperlwein 2023 (, trocken Schaumwein aus Pfalz, Deutschland) bei Wein Werte, Ihrem nachhaltigen Onlineshop.\" \/>\n<meta property=\"og:url\" content=\"https:\/\/wein-werte.com\/de\/produkt\/odinstal-cidre-pet-nat-apfelperlwein-2023-750ml\/\" \/>\n<meta property=\"og:site_name\" content=\"Wein Werte\" \/>\n<meta property=\"og:image\" content=\"https:\/\/wein-werte.com\/wp-content\/uploads\/2026\/04\/Odinstal-Cidre-Pet-nat-Apfelperlwein-2023-750ml.png\" \/>\n\t<meta property=\"og:image:width\" content=\"336\" \/>\n\t<meta property=\"og:image:height\" content=\"1200\" \/>\n\t<meta property=\"og:image:type\" content=\"image\/png\" \/>\n<meta name=\"twitter:card\" content=\"summary_large_image\" \/>\n<meta name=\"twitter:label1\" content=\"Gesch\u00e4tzte Lesezeit\" \/>\n\t<meta name=\"twitter:data1\" content=\"1\u00a0Minute\" \/>\n<script type=\"application\/ld+json\" class=\"yoast-schema-graph\">{\"@context\":\"https:\\\/\\\/schema.org\",\"@graph\":[{\"@type\":\"WebPage\",\"@id\":\"https:\\\/\\\/wein-werte.com\\\/de\\\/produkt\\\/odinstal-cidre-pet-nat-apfelperlwein-2023-750ml\\\/\",\"url\":\"https:\\\/\\\/wein-werte.com\\\/de\\\/produkt\\\/odinstal-cidre-pet-nat-apfelperlwein-2023-750ml\\\/\",\"name\":\"Odinstal Cidre P\u00e9t-nat Apfelperlwein 2023\",\"isPartOf\":{\"@id\":\"https:\\\/\\\/wein-werte.com\\\/de\\\/#website\"},\"primaryImageOfPage\":{\"@id\":\"https:\\\/\\\/wein-werte.com\\\/de\\\/produkt\\\/odinstal-cidre-pet-nat-apfelperlwein-2023-750ml\\\/#primaryimage\"},\"image\":{\"@id\":\"https:\\\/\\\/wein-werte.com\\\/de\\\/produkt\\\/odinstal-cidre-pet-nat-apfelperlwein-2023-750ml\\\/#primaryimage\"},\"thumbnailUrl\":\"https:\\\/\\\/wein-werte.com\\\/wp-content\\\/uploads\\\/2026\\\/04\\\/Odinstal-Cidre-Pet-nat-Apfelperlwein-2023-750ml.png\",\"datePublished\":\"2026-05-05T16:23:28+00:00\",\"description\":\"Kaufe Odinstal Cidre P\u00e9t-nat Apfelperlwein 2023 (, trocken Schaumwein aus Pfalz, Deutschland) bei Wein Werte, Ihrem nachhaltigen Onlineshop.\",\"breadcrumb\":{\"@id\":\"https:\\\/\\\/wein-werte.com\\\/de\\\/produkt\\\/odinstal-cidre-pet-nat-apfelperlwein-2023-750ml\\\/#breadcrumb\"},\"inLanguage\":\"de\",\"potentialAction\":[{\"@type\":\"ReadAction\",\"target\":[\"https:\\\/\\\/wein-werte.com\\\/de\\\/produkt\\\/odinstal-cidre-pet-nat-apfelperlwein-2023-750ml\\\/\"]}]},{\"@type\":\"ImageObject\",\"inLanguage\":\"de\",\"@id\":\"https:\\\/\\\/wein-werte.com\\\/de\\\/produkt\\\/odinstal-cidre-pet-nat-apfelperlwein-2023-750ml\\\/#primaryimage\",\"url\":\"https:\\\/\\\/wein-werte.com\\\/wp-content\\\/uploads\\\/2026\\\/04\\\/Odinstal-Cidre-Pet-nat-Apfelperlwein-2023-750ml.png\",\"contentUrl\":\"https:\\\/\\\/wein-werte.com\\\/wp-content\\\/uploads\\\/2026\\\/04\\\/Odinstal-Cidre-Pet-nat-Apfelperlwein-2023-750ml.png\",\"width\":336,\"height\":1200,\"caption\":\"Odinstal Cidre P\u00e9t-nat, Apfelperlwein 2023 750ml\"},{\"@type\":\"BreadcrumbList\",\"@id\":\"https:\\\/\\\/wein-werte.com\\\/de\\\/produkt\\\/odinstal-cidre-pet-nat-apfelperlwein-2023-750ml\\\/#breadcrumb\",\"itemListElement\":[{\"@type\":\"ListItem\",\"position\":1,\"name\":\"Home\",\"item\":\"https:\\\/\\\/wein-werte.com\\\/de\\\/\"},{\"@type\":\"ListItem\",\"position\":2,\"name\":\"Shop\",\"item\":\"https:\\\/\\\/wein-werte.com\\\/de\\\/shop\\\/\"},{\"@type\":\"ListItem\",\"position\":3,\"name\":\"Odinstal | Pfalz | Cidre P\u00e9t-nat, Apfelperlwein | 2023 | 750ml | bio\"}]},{\"@type\":\"WebSite\",\"@id\":\"https:\\\/\\\/wein-werte.com\\\/de\\\/#website\",\"url\":\"https:\\\/\\\/wein-werte.com\\\/de\\\/\",\"name\":\"Wein Werte\",\"description\":\"\",\"publisher\":{\"@id\":\"https:\\\/\\\/wein-werte.com\\\/de\\\/#organization\"},\"potentialAction\":[{\"@type\":\"SearchAction\",\"target\":{\"@type\":\"EntryPoint\",\"urlTemplate\":\"https:\\\/\\\/wein-werte.com\\\/de\\\/?s={search_term_string}\"},\"query-input\":{\"@type\":\"PropertyValueSpecification\",\"valueRequired\":true,\"valueName\":\"search_term_string\"}}],\"inLanguage\":\"de\"},{\"@type\":\"Organization\",\"@id\":\"https:\\\/\\\/wein-werte.com\\\/de\\\/#organization\",\"name\":\"Vins Fins Thorrold\",\"url\":\"https:\\\/\\\/wein-werte.com\\\/de\\\/\",\"logo\":{\"@type\":\"ImageObject\",\"inLanguage\":\"de\",\"@id\":\"https:\\\/\\\/wein-werte.com\\\/de\\\/#\\\/schema\\\/logo\\\/image\\\/\",\"url\":\"https:\\\/\\\/wein-werte.com\\\/wp-content\\\/uploads\\\/2023\\\/07\\\/Wein_werte_Logo700-1.png\",\"contentUrl\":\"https:\\\/\\\/wein-werte.com\\\/wp-content\\\/uploads\\\/2023\\\/07\\\/Wein_werte_Logo700-1.png\",\"width\":700,\"height\":272,\"caption\":\"Vins Fins Thorrold\"},\"image\":{\"@id\":\"https:\\\/\\\/wein-werte.com\\\/de\\\/#\\\/schema\\\/logo\\\/image\\\/\"}}]}<\/script>\n<!-- \/ Yoast SEO plugin. -->","yoast_head_json":{"title":"Odinstal Cidre P\u00e9t-nat Apfelperlwein 2023","description":"Kaufe Odinstal Cidre P\u00e9t-nat Apfelperlwein 2023 (, trocken Schaumwein aus Pfalz, Deutschland) bei Wein Werte, Ihrem nachhaltigen Onlineshop.","robots":{"index":"index","follow":"follow","max-snippet":"max-snippet:-1","max-image-preview":"max-image-preview:large","max-video-preview":"max-video-preview:-1"},"canonical":"https:\/\/wein-werte.com\/de\/produkt\/odinstal-cidre-pet-nat-apfelperlwein-2023-750ml\/","og_locale":"de_DE","og_type":"article","og_title":"Odinstal Cidre P\u00e9t-nat Apfelperlwein 2023","og_description":"Kaufe Odinstal Cidre P\u00e9t-nat Apfelperlwein 2023 (, trocken Schaumwein aus Pfalz, Deutschland) bei Wein Werte, Ihrem nachhaltigen Onlineshop.","og_url":"https:\/\/wein-werte.com\/de\/produkt\/odinstal-cidre-pet-nat-apfelperlwein-2023-750ml\/","og_site_name":"Wein Werte","og_image":[{"width":336,"height":1200,"url":"https:\/\/wein-werte.com\/wp-content\/uploads\/2026\/04\/Odinstal-Cidre-Pet-nat-Apfelperlwein-2023-750ml.png","type":"image\/png"}],"twitter_card":"summary_large_image","twitter_misc":{"Gesch\u00e4tzte Lesezeit":"1\u00a0Minute"},"schema":{"@context":"https:\/\/schema.org","@graph":[{"@type":"WebPage","@id":"https:\/\/wein-werte.com\/de\/produkt\/odinstal-cidre-pet-nat-apfelperlwein-2023-750ml\/","url":"https:\/\/wein-werte.com\/de\/produkt\/odinstal-cidre-pet-nat-apfelperlwein-2023-750ml\/","name":"Odinstal Cidre P\u00e9t-nat Apfelperlwein 2023","isPartOf":{"@id":"https:\/\/wein-werte.com\/de\/#website"},"primaryImageOfPage":{"@id":"https:\/\/wein-werte.com\/de\/produkt\/odinstal-cidre-pet-nat-apfelperlwein-2023-750ml\/#primaryimage"},"image":{"@id":"https:\/\/wein-werte.com\/de\/produkt\/odinstal-cidre-pet-nat-apfelperlwein-2023-750ml\/#primaryimage"},"thumbnailUrl":"https:\/\/wein-werte.com\/wp-content\/uploads\/2026\/04\/Odinstal-Cidre-Pet-nat-Apfelperlwein-2023-750ml.png","datePublished":"2026-05-05T16:23:28+00:00","description":"Kaufe Odinstal Cidre P\u00e9t-nat Apfelperlwein 2023 (, trocken Schaumwein aus Pfalz, Deutschland) bei Wein Werte, Ihrem nachhaltigen Onlineshop.","breadcrumb":{"@id":"https:\/\/wein-werte.com\/de\/produkt\/odinstal-cidre-pet-nat-apfelperlwein-2023-750ml\/#breadcrumb"},"inLanguage":"de","potentialAction":[{"@type":"ReadAction","target":["https:\/\/wein-werte.com\/de\/produkt\/odinstal-cidre-pet-nat-apfelperlwein-2023-750ml\/"]}]},{"@type":"ImageObject","inLanguage":"de","@id":"https:\/\/wein-werte.com\/de\/produkt\/odinstal-cidre-pet-nat-apfelperlwein-2023-750ml\/#primaryimage","url":"https:\/\/wein-werte.com\/wp-content\/uploads\/2026\/04\/Odinstal-Cidre-Pet-nat-Apfelperlwein-2023-750ml.png","contentUrl":"https:\/\/wein-werte.com\/wp-content\/uploads\/2026\/04\/Odinstal-Cidre-Pet-nat-Apfelperlwein-2023-750ml.png","width":336,"height":1200,"caption":"Odinstal Cidre P\u00e9t-nat, Apfelperlwein 2023 750ml"},{"@type":"BreadcrumbList","@id":"https:\/\/wein-werte.com\/de\/produkt\/odinstal-cidre-pet-nat-apfelperlwein-2023-750ml\/#breadcrumb","itemListElement":[{"@type":"ListItem","position":1,"name":"Home","item":"https:\/\/wein-werte.com\/de\/"},{"@type":"ListItem","position":2,"name":"Shop","item":"https:\/\/wein-werte.com\/de\/shop\/"},{"@type":"ListItem","position":3,"name":"Odinstal | Pfalz | Cidre P\u00e9t-nat, Apfelperlwein | 2023 | 750ml | bio"}]},{"@type":"WebSite","@id":"https:\/\/wein-werte.com\/de\/#website","url":"https:\/\/wein-werte.com\/de\/","name":"Wein Werte","description":"","publisher":{"@id":"https:\/\/wein-werte.com\/de\/#organization"},"potentialAction":[{"@type":"SearchAction","target":{"@type":"EntryPoint","urlTemplate":"https:\/\/wein-werte.com\/de\/?s={search_term_string}"},"query-input":{"@type":"PropertyValueSpecification","valueRequired":true,"valueName":"search_term_string"}}],"inLanguage":"de"},{"@type":"Organization","@id":"https:\/\/wein-werte.com\/de\/#organization","name":"Vins Fins Thorrold","url":"https:\/\/wein-werte.com\/de\/","logo":{"@type":"ImageObject","inLanguage":"de","@id":"https:\/\/wein-werte.com\/de\/#\/schema\/logo\/image\/","url":"https:\/\/wein-werte.com\/wp-content\/uploads\/2023\/07\/Wein_werte_Logo700-1.png","contentUrl":"https:\/\/wein-werte.com\/wp-content\/uploads\/2023\/07\/Wein_werte_Logo700-1.png","width":700,"height":272,"caption":"Vins Fins Thorrold"},"image":{"@id":"https:\/\/wein-werte.com\/de\/#\/schema\/logo\/image\/"}}]}},"_links":{"self":[{"href":"https:\/\/wein-werte.com\/de\/wp-json\/wp\/v2\/product\/1131557","targetHints":{"allow":["GET"]}}],"collection":[{"href":"https:\/\/wein-werte.com\/de\/wp-json\/wp\/v2\/product"}],"about":[{"href":"https:\/\/wein-werte.com\/de\/wp-json\/wp\/v2\/types\/product"}],"wp:featuredmedia":[{"embeddable":true,"href":"https:\/\/wein-werte.com\/de\/wp-json\/wp\/v2\/media\/1142430"}],"wp:attachment":[{"href":"https:\/\/wein-werte.com\/de\/wp-json\/wp\/v2\/media?parent=1131557"}],"wp:term":[{"taxonomy":"product_brand","embeddable":true,"href":"https:\/\/wein-werte.com\/de\/wp-json\/wp\/v2\/product_brand?post=1131557"},{"taxonomy":"product_cat","embeddable":true,"href":"https:\/\/wein-werte.com\/de\/wp-json\/wp\/v2\/product_cat?post=1131557"},{"taxonomy":"product_tag","embeddable":true,"href":"https:\/\/wein-werte.com\/de\/wp-json\/wp\/v2\/product_tag?post=1131557"}],"curies":[{"name":"wp","href":"https:\/\/api.w.org\/{rel}","templated":true}]}}