{"id":1131552,"date":"2026-05-05T18:23:28","date_gmt":"2026-05-05T16:23:28","guid":{"rendered":"https:\/\/wein-werte.com\/product\/odinstal-wachenheimer-schlossberg-rieslaner-auslese-2023-375ml\/"},"modified":"2026-04-27T11:47:40","modified_gmt":"2026-04-27T09:47:40","slug":"odinstal-wachenheimer-schlossberg-rieslaner-auslese-2023-375ml","status":"publish","type":"product","link":"https:\/\/wein-werte.com\/de\/produkt\/odinstal-wachenheimer-schlossberg-rieslaner-auslese-2023-375ml\/","title":{"rendered":"Odinstal | Pfalz | Wachenheimer Schlossberg Rieslaner Auslese | 2023 | 375ml | bio"},"content":{"rendered":"<p>Produktbeschreibung f\u00fcr Odinstal Wachenheimer Schlossberg Rieslaner Auslese 2023 (bio)<\/p>\n<p>Odinstal Wachenheimer Schlossberg Rieslaner Auslese 2023 ist ein s\u00fc\u00dfer Wei\u00dfwein hergestellt aus Rieslaner Trauben in der Region Pfalz in Deutschland.<\/p>\n<p>Keywords: <a href=\"https:\/\/wein-werte.com\/de\/shop\/?swoof=1&#038;pa_producer=Odinstal\">Odinstal<\/a> <a href=\"https:\/\/wein-werte.com\/de\/shop\/?swoof=1&#038;woof_text=Wachenheimer Schlossberg Rieslaner Auslese\">Wachenheimer Schlossberg Rieslaner Auslese<\/a> 2023 bio <a href=\"https:\/\/wein-werte.com\/de\/shop\/?swoof=1&#038;pa_region=Pfalz\">Pfalz<\/a> <a href=\"https:\/\/wein-werte.com\/de\/shop\/?swoof=1&#038;pa_country=Deutschland\">Deutschland<\/a><\/p>\n<h3>Wine Advocate<\/h3>\n<p>Punkte: 92<\/p>\n<p>Die Wachenheimer Schlossberg Rieslaner Auslese 2023 pr\u00e4sentiert sich in der Nase sehr klar und aromatisch und erinnert an gelbe und wei\u00dfe tropische Fr\u00fcchte wie Papaya, Mango und Litschi, verwoben mit Geb\u00e4cknoten. Am Gaumen \u00fcppig und elegant, mit w\u00fcrzigem mineralischem und phenolischem Grip, ist dies eine (eher moderat) s\u00fc\u00dfe Auslese mit kristalliner und anregender Salzs\u00e4ure und reifen, \u00fcppigen Ananasaromen im Abgang. 11 % Alkoholgehalt. Naturkorken. Verkostet im Oktober 2024.<br \/>Stephan Reinhardt<\/p>\n<p>Internetseite des Weinguts: <a href=\"https:\/\/odinstal.de\/\" target=\"_blank\">https:\/\/odinstal.de\/<\/a><\/p>\n","protected":false},"excerpt":{"rendered":"<p>Lieferzeit: 1 bis 2 Arbeitstage (DE), 2 bis 5 Arbeitstage (EU and CH)<\/p>\n","protected":false},"featured_media":1142426,"template":"","meta":[],"product_brand":[],"product_cat":[19],"product_tag":[],"class_list":{"0":"post-1131552","1":"product","2":"type-product","3":"status-publish","4":"has-post-thumbnail","6":"product_cat-unkategorisiert","7":"pa_alcohol-for-filter-12895","8":"pa_certified-biodynamic-ja-de","9":"pa_certified-organic-ja-de","10":"pa_colour-weiss","11":"pa_country-deutschland","12":"pa_grape-rieslaner","13":"pa_parker-points-for-filter-92-de","14":"pa_price-for-filter-10621","15":"pa_producer-odinstal","16":"pa_region-pfalz","17":"pa_size-ml-6721","18":"pa_sweetness-suess-de","19":"pa_type-2-still-de","20":"pa_vintage-2023-de","21":"entry","22":"has-media","24":"first","25":"instock","26":"taxable","27":"shipping-taxable","28":"purchasable","29":"product-type-simple"},"yoast_head":"<!-- This site is optimized with the Yoast SEO plugin v27.5 - https:\/\/yoast.com\/product\/yoast-seo-wordpress\/ -->\n<title>Odinstal Wachenheimer Schlossberg Rieslaner Auslese 2023, 375ml<\/title>\n<meta name=\"description\" content=\"Kaufe Odinstal Wachenheimer Schlossberg Rieslaner Auslese 2023 (Rieslaner, s\u00fc\u00df aus Pfalz, Deutschland) bei Wein Werte, Ihrem nachhaltigen Onlineshop.\" \/>\n<meta name=\"robots\" content=\"index, follow, max-snippet:-1, max-image-preview:large, max-video-preview:-1\" \/>\n<link rel=\"canonical\" href=\"https:\/\/wein-werte.com\/de\/produkt\/odinstal-wachenheimer-schlossberg-rieslaner-auslese-2023-375ml\/\" \/>\n<meta property=\"og:locale\" content=\"de_DE\" \/>\n<meta property=\"og:type\" content=\"article\" \/>\n<meta property=\"og:title\" content=\"Odinstal Wachenheimer Schlossberg Rieslaner Auslese 2023, 375ml\" \/>\n<meta property=\"og:description\" content=\"Kaufe Odinstal Wachenheimer Schlossberg Rieslaner Auslese 2023 (Rieslaner, s\u00fc\u00df aus Pfalz, Deutschland) bei Wein Werte, Ihrem nachhaltigen Onlineshop.\" \/>\n<meta property=\"og:url\" content=\"https:\/\/wein-werte.com\/de\/produkt\/odinstal-wachenheimer-schlossberg-rieslaner-auslese-2023-375ml\/\" \/>\n<meta property=\"og:site_name\" content=\"Wein Werte\" \/>\n<meta property=\"og:image\" content=\"https:\/\/wein-werte.com\/wp-content\/uploads\/2026\/04\/Odinstal-Wachenheimer-Schlossberg-Rieslaner-Auslese-2023-375ml.png\" \/>\n\t<meta property=\"og:image:width\" content=\"264\" \/>\n\t<meta property=\"og:image:height\" content=\"1200\" \/>\n\t<meta property=\"og:image:type\" content=\"image\/png\" \/>\n<meta name=\"twitter:card\" content=\"summary_large_image\" \/>\n<meta name=\"twitter:label1\" content=\"Gesch\u00e4tzte Lesezeit\" \/>\n\t<meta name=\"twitter:data1\" content=\"1\u00a0Minute\" \/>\n<script type=\"application\/ld+json\" class=\"yoast-schema-graph\">{\"@context\":\"https:\\\/\\\/schema.org\",\"@graph\":[{\"@type\":\"WebPage\",\"@id\":\"https:\\\/\\\/wein-werte.com\\\/de\\\/produkt\\\/odinstal-wachenheimer-schlossberg-rieslaner-auslese-2023-375ml\\\/\",\"url\":\"https:\\\/\\\/wein-werte.com\\\/de\\\/produkt\\\/odinstal-wachenheimer-schlossberg-rieslaner-auslese-2023-375ml\\\/\",\"name\":\"Odinstal Wachenheimer Schlossberg Rieslaner Auslese 2023, 375ml\",\"isPartOf\":{\"@id\":\"https:\\\/\\\/wein-werte.com\\\/de\\\/#website\"},\"primaryImageOfPage\":{\"@id\":\"https:\\\/\\\/wein-werte.com\\\/de\\\/produkt\\\/odinstal-wachenheimer-schlossberg-rieslaner-auslese-2023-375ml\\\/#primaryimage\"},\"image\":{\"@id\":\"https:\\\/\\\/wein-werte.com\\\/de\\\/produkt\\\/odinstal-wachenheimer-schlossberg-rieslaner-auslese-2023-375ml\\\/#primaryimage\"},\"thumbnailUrl\":\"https:\\\/\\\/wein-werte.com\\\/wp-content\\\/uploads\\\/2026\\\/04\\\/Odinstal-Wachenheimer-Schlossberg-Rieslaner-Auslese-2023-375ml.png\",\"datePublished\":\"2026-05-05T16:23:28+00:00\",\"description\":\"Kaufe Odinstal Wachenheimer Schlossberg Rieslaner Auslese 2023 (Rieslaner, s\u00fc\u00df aus Pfalz, Deutschland) bei Wein Werte, Ihrem nachhaltigen Onlineshop.\",\"breadcrumb\":{\"@id\":\"https:\\\/\\\/wein-werte.com\\\/de\\\/produkt\\\/odinstal-wachenheimer-schlossberg-rieslaner-auslese-2023-375ml\\\/#breadcrumb\"},\"inLanguage\":\"de\",\"potentialAction\":[{\"@type\":\"ReadAction\",\"target\":[\"https:\\\/\\\/wein-werte.com\\\/de\\\/produkt\\\/odinstal-wachenheimer-schlossberg-rieslaner-auslese-2023-375ml\\\/\"]}]},{\"@type\":\"ImageObject\",\"inLanguage\":\"de\",\"@id\":\"https:\\\/\\\/wein-werte.com\\\/de\\\/produkt\\\/odinstal-wachenheimer-schlossberg-rieslaner-auslese-2023-375ml\\\/#primaryimage\",\"url\":\"https:\\\/\\\/wein-werte.com\\\/wp-content\\\/uploads\\\/2026\\\/04\\\/Odinstal-Wachenheimer-Schlossberg-Rieslaner-Auslese-2023-375ml.png\",\"contentUrl\":\"https:\\\/\\\/wein-werte.com\\\/wp-content\\\/uploads\\\/2026\\\/04\\\/Odinstal-Wachenheimer-Schlossberg-Rieslaner-Auslese-2023-375ml.png\",\"width\":264,\"height\":1200,\"caption\":\"Odinstal Wachenheimer Schlossberg Rieslaner Auslese 2023 375ml\"},{\"@type\":\"BreadcrumbList\",\"@id\":\"https:\\\/\\\/wein-werte.com\\\/de\\\/produkt\\\/odinstal-wachenheimer-schlossberg-rieslaner-auslese-2023-375ml\\\/#breadcrumb\",\"itemListElement\":[{\"@type\":\"ListItem\",\"position\":1,\"name\":\"Home\",\"item\":\"https:\\\/\\\/wein-werte.com\\\/de\\\/\"},{\"@type\":\"ListItem\",\"position\":2,\"name\":\"Shop\",\"item\":\"https:\\\/\\\/wein-werte.com\\\/de\\\/shop\\\/\"},{\"@type\":\"ListItem\",\"position\":3,\"name\":\"Odinstal | Pfalz | Wachenheimer Schlossberg Rieslaner Auslese | 2023 | 375ml | bio\"}]},{\"@type\":\"WebSite\",\"@id\":\"https:\\\/\\\/wein-werte.com\\\/de\\\/#website\",\"url\":\"https:\\\/\\\/wein-werte.com\\\/de\\\/\",\"name\":\"Wein Werte\",\"description\":\"\",\"publisher\":{\"@id\":\"https:\\\/\\\/wein-werte.com\\\/de\\\/#organization\"},\"potentialAction\":[{\"@type\":\"SearchAction\",\"target\":{\"@type\":\"EntryPoint\",\"urlTemplate\":\"https:\\\/\\\/wein-werte.com\\\/de\\\/?s={search_term_string}\"},\"query-input\":{\"@type\":\"PropertyValueSpecification\",\"valueRequired\":true,\"valueName\":\"search_term_string\"}}],\"inLanguage\":\"de\"},{\"@type\":\"Organization\",\"@id\":\"https:\\\/\\\/wein-werte.com\\\/de\\\/#organization\",\"name\":\"Vins Fins Thorrold\",\"url\":\"https:\\\/\\\/wein-werte.com\\\/de\\\/\",\"logo\":{\"@type\":\"ImageObject\",\"inLanguage\":\"de\",\"@id\":\"https:\\\/\\\/wein-werte.com\\\/de\\\/#\\\/schema\\\/logo\\\/image\\\/\",\"url\":\"https:\\\/\\\/wein-werte.com\\\/wp-content\\\/uploads\\\/2023\\\/07\\\/Wein_werte_Logo700-1.png\",\"contentUrl\":\"https:\\\/\\\/wein-werte.com\\\/wp-content\\\/uploads\\\/2023\\\/07\\\/Wein_werte_Logo700-1.png\",\"width\":700,\"height\":272,\"caption\":\"Vins Fins Thorrold\"},\"image\":{\"@id\":\"https:\\\/\\\/wein-werte.com\\\/de\\\/#\\\/schema\\\/logo\\\/image\\\/\"}}]}<\/script>\n<!-- \/ Yoast SEO plugin. -->","yoast_head_json":{"title":"Odinstal Wachenheimer Schlossberg Rieslaner Auslese 2023, 375ml","description":"Kaufe Odinstal Wachenheimer Schlossberg Rieslaner Auslese 2023 (Rieslaner, s\u00fc\u00df aus Pfalz, Deutschland) bei Wein Werte, Ihrem nachhaltigen Onlineshop.","robots":{"index":"index","follow":"follow","max-snippet":"max-snippet:-1","max-image-preview":"max-image-preview:large","max-video-preview":"max-video-preview:-1"},"canonical":"https:\/\/wein-werte.com\/de\/produkt\/odinstal-wachenheimer-schlossberg-rieslaner-auslese-2023-375ml\/","og_locale":"de_DE","og_type":"article","og_title":"Odinstal Wachenheimer Schlossberg Rieslaner Auslese 2023, 375ml","og_description":"Kaufe Odinstal Wachenheimer Schlossberg Rieslaner Auslese 2023 (Rieslaner, s\u00fc\u00df aus Pfalz, Deutschland) bei Wein Werte, Ihrem nachhaltigen Onlineshop.","og_url":"https:\/\/wein-werte.com\/de\/produkt\/odinstal-wachenheimer-schlossberg-rieslaner-auslese-2023-375ml\/","og_site_name":"Wein Werte","og_image":[{"width":264,"height":1200,"url":"https:\/\/wein-werte.com\/wp-content\/uploads\/2026\/04\/Odinstal-Wachenheimer-Schlossberg-Rieslaner-Auslese-2023-375ml.png","type":"image\/png"}],"twitter_card":"summary_large_image","twitter_misc":{"Gesch\u00e4tzte Lesezeit":"1\u00a0Minute"},"schema":{"@context":"https:\/\/schema.org","@graph":[{"@type":"WebPage","@id":"https:\/\/wein-werte.com\/de\/produkt\/odinstal-wachenheimer-schlossberg-rieslaner-auslese-2023-375ml\/","url":"https:\/\/wein-werte.com\/de\/produkt\/odinstal-wachenheimer-schlossberg-rieslaner-auslese-2023-375ml\/","name":"Odinstal Wachenheimer Schlossberg Rieslaner Auslese 2023, 375ml","isPartOf":{"@id":"https:\/\/wein-werte.com\/de\/#website"},"primaryImageOfPage":{"@id":"https:\/\/wein-werte.com\/de\/produkt\/odinstal-wachenheimer-schlossberg-rieslaner-auslese-2023-375ml\/#primaryimage"},"image":{"@id":"https:\/\/wein-werte.com\/de\/produkt\/odinstal-wachenheimer-schlossberg-rieslaner-auslese-2023-375ml\/#primaryimage"},"thumbnailUrl":"https:\/\/wein-werte.com\/wp-content\/uploads\/2026\/04\/Odinstal-Wachenheimer-Schlossberg-Rieslaner-Auslese-2023-375ml.png","datePublished":"2026-05-05T16:23:28+00:00","description":"Kaufe Odinstal Wachenheimer Schlossberg Rieslaner Auslese 2023 (Rieslaner, s\u00fc\u00df aus Pfalz, Deutschland) bei Wein Werte, Ihrem nachhaltigen Onlineshop.","breadcrumb":{"@id":"https:\/\/wein-werte.com\/de\/produkt\/odinstal-wachenheimer-schlossberg-rieslaner-auslese-2023-375ml\/#breadcrumb"},"inLanguage":"de","potentialAction":[{"@type":"ReadAction","target":["https:\/\/wein-werte.com\/de\/produkt\/odinstal-wachenheimer-schlossberg-rieslaner-auslese-2023-375ml\/"]}]},{"@type":"ImageObject","inLanguage":"de","@id":"https:\/\/wein-werte.com\/de\/produkt\/odinstal-wachenheimer-schlossberg-rieslaner-auslese-2023-375ml\/#primaryimage","url":"https:\/\/wein-werte.com\/wp-content\/uploads\/2026\/04\/Odinstal-Wachenheimer-Schlossberg-Rieslaner-Auslese-2023-375ml.png","contentUrl":"https:\/\/wein-werte.com\/wp-content\/uploads\/2026\/04\/Odinstal-Wachenheimer-Schlossberg-Rieslaner-Auslese-2023-375ml.png","width":264,"height":1200,"caption":"Odinstal Wachenheimer Schlossberg Rieslaner Auslese 2023 375ml"},{"@type":"BreadcrumbList","@id":"https:\/\/wein-werte.com\/de\/produkt\/odinstal-wachenheimer-schlossberg-rieslaner-auslese-2023-375ml\/#breadcrumb","itemListElement":[{"@type":"ListItem","position":1,"name":"Home","item":"https:\/\/wein-werte.com\/de\/"},{"@type":"ListItem","position":2,"name":"Shop","item":"https:\/\/wein-werte.com\/de\/shop\/"},{"@type":"ListItem","position":3,"name":"Odinstal | Pfalz | Wachenheimer Schlossberg Rieslaner Auslese | 2023 | 375ml | bio"}]},{"@type":"WebSite","@id":"https:\/\/wein-werte.com\/de\/#website","url":"https:\/\/wein-werte.com\/de\/","name":"Wein Werte","description":"","publisher":{"@id":"https:\/\/wein-werte.com\/de\/#organization"},"potentialAction":[{"@type":"SearchAction","target":{"@type":"EntryPoint","urlTemplate":"https:\/\/wein-werte.com\/de\/?s={search_term_string}"},"query-input":{"@type":"PropertyValueSpecification","valueRequired":true,"valueName":"search_term_string"}}],"inLanguage":"de"},{"@type":"Organization","@id":"https:\/\/wein-werte.com\/de\/#organization","name":"Vins Fins Thorrold","url":"https:\/\/wein-werte.com\/de\/","logo":{"@type":"ImageObject","inLanguage":"de","@id":"https:\/\/wein-werte.com\/de\/#\/schema\/logo\/image\/","url":"https:\/\/wein-werte.com\/wp-content\/uploads\/2023\/07\/Wein_werte_Logo700-1.png","contentUrl":"https:\/\/wein-werte.com\/wp-content\/uploads\/2023\/07\/Wein_werte_Logo700-1.png","width":700,"height":272,"caption":"Vins Fins Thorrold"},"image":{"@id":"https:\/\/wein-werte.com\/de\/#\/schema\/logo\/image\/"}}]}},"_links":{"self":[{"href":"https:\/\/wein-werte.com\/de\/wp-json\/wp\/v2\/product\/1131552","targetHints":{"allow":["GET"]}}],"collection":[{"href":"https:\/\/wein-werte.com\/de\/wp-json\/wp\/v2\/product"}],"about":[{"href":"https:\/\/wein-werte.com\/de\/wp-json\/wp\/v2\/types\/product"}],"wp:featuredmedia":[{"embeddable":true,"href":"https:\/\/wein-werte.com\/de\/wp-json\/wp\/v2\/media\/1142426"}],"wp:attachment":[{"href":"https:\/\/wein-werte.com\/de\/wp-json\/wp\/v2\/media?parent=1131552"}],"wp:term":[{"taxonomy":"product_brand","embeddable":true,"href":"https:\/\/wein-werte.com\/de\/wp-json\/wp\/v2\/product_brand?post=1131552"},{"taxonomy":"product_cat","embeddable":true,"href":"https:\/\/wein-werte.com\/de\/wp-json\/wp\/v2\/product_cat?post=1131552"},{"taxonomy":"product_tag","embeddable":true,"href":"https:\/\/wein-werte.com\/de\/wp-json\/wp\/v2\/product_tag?post=1131552"}],"curies":[{"name":"wp","href":"https:\/\/api.w.org\/{rel}","templated":true}]}}