{"id":1131532,"date":"2026-05-08T20:03:12","date_gmt":"2026-05-08T18:03:12","guid":{"rendered":"https:\/\/wein-werte.com\/product\/odinstal-gewurztraminer-350-n-n-2023-750ml\/"},"modified":"2026-04-27T11:47:40","modified_gmt":"2026-04-27T09:47:40","slug":"odinstal-gewurztraminer-350-n-n-2023-750ml","status":"publish","type":"product","link":"https:\/\/wein-werte.com\/de\/produkt\/odinstal-gewurztraminer-350-n-n-2023-750ml\/","title":{"rendered":"Odinstal | Pfalz | Gew\u00fcrztraminer 350 N.N. | 2023 | 750ml | bio"},"content":{"rendered":"<p>Produktbeschreibung f\u00fcr Odinstal Gew\u00fcrztraminer 350 N.N. 2023 (bio) <\/p>\n<h5>Info<\/h5>\n<p> Der Gew\u00fcrztraminer bei Odinstal w\u00e4chst auf Basalt in 350 H\u00f6he. Die Rebst\u00f6cke wurden dort im Jahr 2004 gesetzt. Vom 14. bis 16. September wurde hier gelesen und Edelstahltank vergoren. Satte 80% wurden in ganzen Trauben verarbeitet und abgepresst. Das verbleibende F\u00fcnftel wurde auch auf der Maische vergoren. Alkoholische als auch malolaktische G\u00e4rung finden hier nacheinander im Stahltank statt. Das Ergebnis spricht f\u00fcr sich selbst. Bei niedrigen 28mg\/l wurde der Schwefel eingestellt. <\/p>\n<h5>Farbe<\/h5>\n<p> Auff\u00e4llig hell leuchtendes Strohgelb mit zartgr\u00fcnen Einschl\u00fcssen <\/p>\n<h5>Nase<\/h5>\n<p> Der Gew\u00fcrztraminer 350 N.N. duftet so herrlich subtil, dass man zun\u00e4chst aufmerksam die Flasche be\u00e4ugt, um sicher zu gehen, sich nicht vergriffen zu haben. Seien herbale Frische und Intensit\u00e4t ist so bahnbrechend und wegweisend. Doch wer suchet, der findet. Und so l\u00e4sst sich auch hier zart im Hintergrund die Bl\u00fcte von Rose sowie Rosenwasser ausmachen. Gepaart mit reichlicher floraler, aber sehr zarter Eleganz. Viel deutlicher ist er aber von der Reduktion gezeichnet. Diese l\u00e4sst ihn noch etwas im Mysterium verweilen. Ankl\u00e4nge von hellem und gelbem Kernobst in allen erdenklichen Reifestufen lassen sich erkennen. Kr\u00e4uter heimischer Provenienz tauchen sowohl getrocknet als auch frisch geschnitten auf. Ein sehr einladendes Glas Wein steht vor mir. <\/p>\n<h5>Gaumen<\/h5>\n<p> Ein typischer Odinstal-Wein. Ein untypischer Gew\u00fcrztraminer. Bei niedrigem Alkohol und hohem S\u00e4uredruck sind wir weit entfernt von Alsace oder S\u00fcdtirol. Ein ehrlicher Wein voller Charakter und Herkunft. Er l\u00e4sst einem f\u00f6rmlich das Wasser im Mund zusammenlaufen. Seine S\u00e4ure steht ungew\u00f6hnlich hoch und bringt knackige Momente mit sich. Das f\u00fchrt zu hoher Trinkanimation und viel Finesse. Am Gaumen taucht bis auf frisch geschnittene Nashi-Birne relativ wenig Frucht auf. Die herbale Frische ist daf\u00fcr umso angenehmer und belebender. Und ja, auch hier l\u00e4sst sich wieder hinten raus das duftige, charmante der Rebsorte wahrnehmen. Aber eben auf die subtilste M\u00f6glichkeit. <\/p>\n<p>Copyright Vinaturel 2025<\/p>\n<p>Keywords: <a href=\"https:\/\/wein-werte.com\/de\/shop\/?swoof=1&#038;pa_producer=Odinstal\">Odinstal<\/a> <a href=\"https:\/\/wein-werte.com\/de\/shop\/?swoof=1&#038;woof_text=Gew\u00fcrztraminer 350 N.N.\">Gew\u00fcrztraminer 350 N.N.<\/a> 2023 bio <a href=\"https:\/\/wein-werte.com\/de\/shop\/?swoof=1&#038;pa_region=Pfalz\">Pfalz<\/a> <a href=\"https:\/\/wein-werte.com\/de\/shop\/?swoof=1&#038;pa_country=Deutschland\">Deutschland<\/a><\/p>\n<p>Internetseite des Weinguts: <a href=\"https:\/\/odinstal.de\/\" target=\"_blank\">https:\/\/odinstal.de\/<\/a><\/p>\n","protected":false},"excerpt":{"rendered":"<p>Lieferzeit: 1 bis 2 Arbeitstage (DE), 2 bis 5 Arbeitstage (EU and CH)<\/p>\n","protected":false},"featured_media":1142410,"template":"","meta":[],"product_brand":[],"product_cat":[19],"product_tag":[],"class_list":{"0":"post-1131532","1":"product","2":"type-product","3":"status-publish","4":"has-post-thumbnail","6":"product_cat-unkategorisiert","7":"pa_alcohol-for-filter-12893","8":"pa_certified-biodynamic-ja-de","9":"pa_certified-organic-ja-de","10":"pa_colour-weiss","11":"pa_country-deutschland","12":"pa_grape-gewurztraminer","13":"pa_price-for-filter-10601","14":"pa_producer-odinstal","15":"pa_region-pfalz","16":"pa_size-ml-6584","17":"pa_sweetness-trocken-de","18":"pa_type-2-still-de","19":"pa_vintage-2023-de","20":"entry","21":"has-media","23":"first","24":"instock","25":"taxable","26":"shipping-taxable","27":"purchasable","28":"product-type-simple"},"yoast_head":"<!-- This site is optimized with the Yoast SEO plugin v27.5 - https:\/\/yoast.com\/product\/yoast-seo-wordpress\/ -->\n<title>Odinstal Gew\u00fcrztraminer 350 N.N. 2023<\/title>\n<meta name=\"description\" content=\"Kaufe Odinstal Gew\u00fcrztraminer 350 N.N. 2023 (Gew\u00fcrztraminer, trocken aus Pfalz, Deutschland) bei Wein Werte, Ihrem nachhaltigen Onlineshop.\" \/>\n<meta name=\"robots\" content=\"index, follow, max-snippet:-1, max-image-preview:large, max-video-preview:-1\" \/>\n<link rel=\"canonical\" href=\"https:\/\/wein-werte.com\/de\/produkt\/odinstal-gewurztraminer-350-n-n-2023-750ml\/\" \/>\n<meta property=\"og:locale\" content=\"de_DE\" \/>\n<meta property=\"og:type\" content=\"article\" \/>\n<meta property=\"og:title\" content=\"Odinstal Gew\u00fcrztraminer 350 N.N. 2023\" \/>\n<meta property=\"og:description\" content=\"Kaufe Odinstal Gew\u00fcrztraminer 350 N.N. 2023 (Gew\u00fcrztraminer, trocken aus Pfalz, Deutschland) bei Wein Werte, Ihrem nachhaltigen Onlineshop.\" \/>\n<meta property=\"og:url\" content=\"https:\/\/wein-werte.com\/de\/produkt\/odinstal-gewurztraminer-350-n-n-2023-750ml\/\" \/>\n<meta property=\"og:site_name\" content=\"Wein Werte\" \/>\n<meta property=\"og:image\" content=\"https:\/\/wein-werte.com\/wp-content\/uploads\/2026\/04\/Odinstal-Gewurztraminer-350-N.N.-2023-750ml.png\" \/>\n\t<meta property=\"og:image:width\" content=\"252\" \/>\n\t<meta property=\"og:image:height\" content=\"1200\" \/>\n\t<meta property=\"og:image:type\" content=\"image\/png\" \/>\n<meta name=\"twitter:card\" content=\"summary_large_image\" \/>\n<meta name=\"twitter:label1\" content=\"Gesch\u00e4tzte Lesezeit\" \/>\n\t<meta name=\"twitter:data1\" content=\"2\u00a0Minuten\" \/>\n<script type=\"application\/ld+json\" class=\"yoast-schema-graph\">{\"@context\":\"https:\\\/\\\/schema.org\",\"@graph\":[{\"@type\":\"WebPage\",\"@id\":\"https:\\\/\\\/wein-werte.com\\\/de\\\/produkt\\\/odinstal-gewurztraminer-350-n-n-2023-750ml\\\/\",\"url\":\"https:\\\/\\\/wein-werte.com\\\/de\\\/produkt\\\/odinstal-gewurztraminer-350-n-n-2023-750ml\\\/\",\"name\":\"Odinstal Gew\u00fcrztraminer 350 N.N. 2023\",\"isPartOf\":{\"@id\":\"https:\\\/\\\/wein-werte.com\\\/de\\\/#website\"},\"primaryImageOfPage\":{\"@id\":\"https:\\\/\\\/wein-werte.com\\\/de\\\/produkt\\\/odinstal-gewurztraminer-350-n-n-2023-750ml\\\/#primaryimage\"},\"image\":{\"@id\":\"https:\\\/\\\/wein-werte.com\\\/de\\\/produkt\\\/odinstal-gewurztraminer-350-n-n-2023-750ml\\\/#primaryimage\"},\"thumbnailUrl\":\"https:\\\/\\\/wein-werte.com\\\/wp-content\\\/uploads\\\/2026\\\/04\\\/Odinstal-Gewurztraminer-350-N.N.-2023-750ml.png\",\"datePublished\":\"2026-05-08T18:03:12+00:00\",\"description\":\"Kaufe Odinstal Gew\u00fcrztraminer 350 N.N. 2023 (Gew\u00fcrztraminer, trocken aus Pfalz, Deutschland) bei Wein Werte, Ihrem nachhaltigen Onlineshop.\",\"breadcrumb\":{\"@id\":\"https:\\\/\\\/wein-werte.com\\\/de\\\/produkt\\\/odinstal-gewurztraminer-350-n-n-2023-750ml\\\/#breadcrumb\"},\"inLanguage\":\"de\",\"potentialAction\":[{\"@type\":\"ReadAction\",\"target\":[\"https:\\\/\\\/wein-werte.com\\\/de\\\/produkt\\\/odinstal-gewurztraminer-350-n-n-2023-750ml\\\/\"]}]},{\"@type\":\"ImageObject\",\"inLanguage\":\"de\",\"@id\":\"https:\\\/\\\/wein-werte.com\\\/de\\\/produkt\\\/odinstal-gewurztraminer-350-n-n-2023-750ml\\\/#primaryimage\",\"url\":\"https:\\\/\\\/wein-werte.com\\\/wp-content\\\/uploads\\\/2026\\\/04\\\/Odinstal-Gewurztraminer-350-N.N.-2023-750ml.png\",\"contentUrl\":\"https:\\\/\\\/wein-werte.com\\\/wp-content\\\/uploads\\\/2026\\\/04\\\/Odinstal-Gewurztraminer-350-N.N.-2023-750ml.png\",\"width\":252,\"height\":1200,\"caption\":\"Odinstal Gew\u00fcrztraminer 350 N.N. 2023 750ml\"},{\"@type\":\"BreadcrumbList\",\"@id\":\"https:\\\/\\\/wein-werte.com\\\/de\\\/produkt\\\/odinstal-gewurztraminer-350-n-n-2023-750ml\\\/#breadcrumb\",\"itemListElement\":[{\"@type\":\"ListItem\",\"position\":1,\"name\":\"Home\",\"item\":\"https:\\\/\\\/wein-werte.com\\\/de\\\/\"},{\"@type\":\"ListItem\",\"position\":2,\"name\":\"Shop\",\"item\":\"https:\\\/\\\/wein-werte.com\\\/de\\\/shop\\\/\"},{\"@type\":\"ListItem\",\"position\":3,\"name\":\"Odinstal | Pfalz | Gew\u00fcrztraminer 350 N.N. | 2023 | 750ml | bio\"}]},{\"@type\":\"WebSite\",\"@id\":\"https:\\\/\\\/wein-werte.com\\\/de\\\/#website\",\"url\":\"https:\\\/\\\/wein-werte.com\\\/de\\\/\",\"name\":\"Wein Werte\",\"description\":\"\",\"publisher\":{\"@id\":\"https:\\\/\\\/wein-werte.com\\\/de\\\/#organization\"},\"potentialAction\":[{\"@type\":\"SearchAction\",\"target\":{\"@type\":\"EntryPoint\",\"urlTemplate\":\"https:\\\/\\\/wein-werte.com\\\/de\\\/?s={search_term_string}\"},\"query-input\":{\"@type\":\"PropertyValueSpecification\",\"valueRequired\":true,\"valueName\":\"search_term_string\"}}],\"inLanguage\":\"de\"},{\"@type\":\"Organization\",\"@id\":\"https:\\\/\\\/wein-werte.com\\\/de\\\/#organization\",\"name\":\"Vins Fins Thorrold\",\"url\":\"https:\\\/\\\/wein-werte.com\\\/de\\\/\",\"logo\":{\"@type\":\"ImageObject\",\"inLanguage\":\"de\",\"@id\":\"https:\\\/\\\/wein-werte.com\\\/de\\\/#\\\/schema\\\/logo\\\/image\\\/\",\"url\":\"https:\\\/\\\/wein-werte.com\\\/wp-content\\\/uploads\\\/2023\\\/07\\\/Wein_werte_Logo700-1.png\",\"contentUrl\":\"https:\\\/\\\/wein-werte.com\\\/wp-content\\\/uploads\\\/2023\\\/07\\\/Wein_werte_Logo700-1.png\",\"width\":700,\"height\":272,\"caption\":\"Vins Fins Thorrold\"},\"image\":{\"@id\":\"https:\\\/\\\/wein-werte.com\\\/de\\\/#\\\/schema\\\/logo\\\/image\\\/\"}}]}<\/script>\n<!-- \/ Yoast SEO plugin. -->","yoast_head_json":{"title":"Odinstal Gew\u00fcrztraminer 350 N.N. 2023","description":"Kaufe Odinstal Gew\u00fcrztraminer 350 N.N. 2023 (Gew\u00fcrztraminer, trocken aus Pfalz, Deutschland) bei Wein Werte, Ihrem nachhaltigen Onlineshop.","robots":{"index":"index","follow":"follow","max-snippet":"max-snippet:-1","max-image-preview":"max-image-preview:large","max-video-preview":"max-video-preview:-1"},"canonical":"https:\/\/wein-werte.com\/de\/produkt\/odinstal-gewurztraminer-350-n-n-2023-750ml\/","og_locale":"de_DE","og_type":"article","og_title":"Odinstal Gew\u00fcrztraminer 350 N.N. 2023","og_description":"Kaufe Odinstal Gew\u00fcrztraminer 350 N.N. 2023 (Gew\u00fcrztraminer, trocken aus Pfalz, Deutschland) bei Wein Werte, Ihrem nachhaltigen Onlineshop.","og_url":"https:\/\/wein-werte.com\/de\/produkt\/odinstal-gewurztraminer-350-n-n-2023-750ml\/","og_site_name":"Wein Werte","og_image":[{"width":252,"height":1200,"url":"https:\/\/wein-werte.com\/wp-content\/uploads\/2026\/04\/Odinstal-Gewurztraminer-350-N.N.-2023-750ml.png","type":"image\/png"}],"twitter_card":"summary_large_image","twitter_misc":{"Gesch\u00e4tzte Lesezeit":"2\u00a0Minuten"},"schema":{"@context":"https:\/\/schema.org","@graph":[{"@type":"WebPage","@id":"https:\/\/wein-werte.com\/de\/produkt\/odinstal-gewurztraminer-350-n-n-2023-750ml\/","url":"https:\/\/wein-werte.com\/de\/produkt\/odinstal-gewurztraminer-350-n-n-2023-750ml\/","name":"Odinstal Gew\u00fcrztraminer 350 N.N. 2023","isPartOf":{"@id":"https:\/\/wein-werte.com\/de\/#website"},"primaryImageOfPage":{"@id":"https:\/\/wein-werte.com\/de\/produkt\/odinstal-gewurztraminer-350-n-n-2023-750ml\/#primaryimage"},"image":{"@id":"https:\/\/wein-werte.com\/de\/produkt\/odinstal-gewurztraminer-350-n-n-2023-750ml\/#primaryimage"},"thumbnailUrl":"https:\/\/wein-werte.com\/wp-content\/uploads\/2026\/04\/Odinstal-Gewurztraminer-350-N.N.-2023-750ml.png","datePublished":"2026-05-08T18:03:12+00:00","description":"Kaufe Odinstal Gew\u00fcrztraminer 350 N.N. 2023 (Gew\u00fcrztraminer, trocken aus Pfalz, Deutschland) bei Wein Werte, Ihrem nachhaltigen Onlineshop.","breadcrumb":{"@id":"https:\/\/wein-werte.com\/de\/produkt\/odinstal-gewurztraminer-350-n-n-2023-750ml\/#breadcrumb"},"inLanguage":"de","potentialAction":[{"@type":"ReadAction","target":["https:\/\/wein-werte.com\/de\/produkt\/odinstal-gewurztraminer-350-n-n-2023-750ml\/"]}]},{"@type":"ImageObject","inLanguage":"de","@id":"https:\/\/wein-werte.com\/de\/produkt\/odinstal-gewurztraminer-350-n-n-2023-750ml\/#primaryimage","url":"https:\/\/wein-werte.com\/wp-content\/uploads\/2026\/04\/Odinstal-Gewurztraminer-350-N.N.-2023-750ml.png","contentUrl":"https:\/\/wein-werte.com\/wp-content\/uploads\/2026\/04\/Odinstal-Gewurztraminer-350-N.N.-2023-750ml.png","width":252,"height":1200,"caption":"Odinstal Gew\u00fcrztraminer 350 N.N. 2023 750ml"},{"@type":"BreadcrumbList","@id":"https:\/\/wein-werte.com\/de\/produkt\/odinstal-gewurztraminer-350-n-n-2023-750ml\/#breadcrumb","itemListElement":[{"@type":"ListItem","position":1,"name":"Home","item":"https:\/\/wein-werte.com\/de\/"},{"@type":"ListItem","position":2,"name":"Shop","item":"https:\/\/wein-werte.com\/de\/shop\/"},{"@type":"ListItem","position":3,"name":"Odinstal | Pfalz | Gew\u00fcrztraminer 350 N.N. | 2023 | 750ml | bio"}]},{"@type":"WebSite","@id":"https:\/\/wein-werte.com\/de\/#website","url":"https:\/\/wein-werte.com\/de\/","name":"Wein Werte","description":"","publisher":{"@id":"https:\/\/wein-werte.com\/de\/#organization"},"potentialAction":[{"@type":"SearchAction","target":{"@type":"EntryPoint","urlTemplate":"https:\/\/wein-werte.com\/de\/?s={search_term_string}"},"query-input":{"@type":"PropertyValueSpecification","valueRequired":true,"valueName":"search_term_string"}}],"inLanguage":"de"},{"@type":"Organization","@id":"https:\/\/wein-werte.com\/de\/#organization","name":"Vins Fins Thorrold","url":"https:\/\/wein-werte.com\/de\/","logo":{"@type":"ImageObject","inLanguage":"de","@id":"https:\/\/wein-werte.com\/de\/#\/schema\/logo\/image\/","url":"https:\/\/wein-werte.com\/wp-content\/uploads\/2023\/07\/Wein_werte_Logo700-1.png","contentUrl":"https:\/\/wein-werte.com\/wp-content\/uploads\/2023\/07\/Wein_werte_Logo700-1.png","width":700,"height":272,"caption":"Vins Fins Thorrold"},"image":{"@id":"https:\/\/wein-werte.com\/de\/#\/schema\/logo\/image\/"}}]}},"_links":{"self":[{"href":"https:\/\/wein-werte.com\/de\/wp-json\/wp\/v2\/product\/1131532","targetHints":{"allow":["GET"]}}],"collection":[{"href":"https:\/\/wein-werte.com\/de\/wp-json\/wp\/v2\/product"}],"about":[{"href":"https:\/\/wein-werte.com\/de\/wp-json\/wp\/v2\/types\/product"}],"wp:featuredmedia":[{"embeddable":true,"href":"https:\/\/wein-werte.com\/de\/wp-json\/wp\/v2\/media\/1142410"}],"wp:attachment":[{"href":"https:\/\/wein-werte.com\/de\/wp-json\/wp\/v2\/media?parent=1131532"}],"wp:term":[{"taxonomy":"product_brand","embeddable":true,"href":"https:\/\/wein-werte.com\/de\/wp-json\/wp\/v2\/product_brand?post=1131532"},{"taxonomy":"product_cat","embeddable":true,"href":"https:\/\/wein-werte.com\/de\/wp-json\/wp\/v2\/product_cat?post=1131532"},{"taxonomy":"product_tag","embeddable":true,"href":"https:\/\/wein-werte.com\/de\/wp-json\/wp\/v2\/product_tag?post=1131532"}],"curies":[{"name":"wp","href":"https:\/\/api.w.org\/{rel}","templated":true}]}}