{"id":1131522,"date":"2026-05-08T20:03:12","date_gmt":"2026-05-08T18:03:12","guid":{"rendered":"https:\/\/wein-werte.com\/product\/odinstal-weissburgunder-350-n-n-2023-750ml\/"},"modified":"2026-04-27T11:47:38","modified_gmt":"2026-04-27T09:47:38","slug":"odinstal-weissburgunder-350-n-n-2023-750ml","status":"publish","type":"product","link":"https:\/\/wein-werte.com\/de\/produkt\/odinstal-weissburgunder-350-n-n-2023-750ml\/","title":{"rendered":"Odinstal | Pfalz | Weissburgunder 350 N.N. | 2023 | 750ml | bio"},"content":{"rendered":"<p>Produktbeschreibung f\u00fcr Odinstal Weissburgunder 350 N.N. 2023 (bio) <\/p>\n<h5>Info<\/h5>\n<p> Die Wei\u00dfburgunder stehen auf gleich drei Bodenformationen auf Odinstal: Keuper, Buntsandstein und Basalt auf 350 H\u00f6henmetern. Die Reben wurden dort im Jahr 1988 und 2004 ausgebracht. Vom 21. bis 28. September wurde hier gelesen und im Edelstahltank vergoren. 5% wurde dabei in ganzen Trauben verarbeitet. Der Most und sp\u00e4ter Wein durften sieben Monate auf der Vollhefe reifen. Vor der Abf\u00fcllung wurde leicht filtriert und eine geringe Menge von 56mg\/l Schwefel eingestellt. <\/p>\n<h5>Farbe<\/h5>\n<p> Helles Strohgelb mit goldenen Reflexen und hellem Rand <\/p>\n<h5>Nase<\/h5>\n<p> Hefe und Oxidation sind zun\u00e4chst auf angenehme deutlich zu erkennen. Dies l\u00e4sst R\u00fcckschl\u00fcsse zu, dass der Wein sowohl eine gesunde Mostoxidation erfahren hat als auch lange auf der Hefe reifen durfte. Ruhe und Zeit sind seit Anbeginn Stilmittel von Andreas Schumann. Ein kompakter nussiger Ton ergibt sich dadurch. Waln\u00fcsse, in Form von gr\u00fcnen Fr\u00fcchten als auch er Schale, Paran\u00fcsse und Mandel. Butterscotch und Hefegeb\u00e4ck zeugen von der langen Reife auf der Hefe. Salzkaramell und Tarte Tatin. Kandierte Quitte und Ingwer. Enorm vielschichtige Aromatik. Heimische Fr\u00fcchte als auch Exotik zugleich. Dies m\u00fcndet in gegrillter Ananas. Abrieb von Limette und Blutorangensaft runden ihn lebendig ab. Ein Hauch Kurkuma und Sternanis mischen sich darunter. Fenchelsaat und getrocknete Kr\u00e4uter in Form von Oregano sowie Salbei und Thymian sorgen f\u00fcr eine tiefgr\u00fcndige, etherische Nuance. <\/p>\n<h5>Gaumen<\/h5>\n<p> Im Antrunk zeigt sich der Wei\u00dfburgunder aus den h\u00f6heren Lagen der Pfalz stoffig und druckvoll. Er ist kernig und kompakt mit einer adstringierenden S\u00e4ure als Kontrast. Die Frucht zeigt sich sehr verhalten. In Ans\u00e4tzen zeigen sich kandierte und ged\u00f6rrte Fr\u00fcchte. Dagegen dominieren die getrockneten Kr\u00e4uter aus der Nase. Viel spannender ist seine Haptik. Bei einem schlanken Mundgef\u00fchl und voller Leichtigkeit gelingt es ihm viel S\u00e4uredruck aufzubauen. Der Weissburgunder kommt dabei v\u00f6llig ohne Schmelz aus und ist eher karg einzustufen. Sein Verlauf dagegen ist vertikal und enorm in die L\u00e4nge gestreckt. Gro\u00dfartig. Im Nachhall wirkt dann wieder seien nussige Seite auf uns ein. <\/p>\n<p>Copyright Vinaturel 2025<\/p>\n<p>Keywords: <a href=\"https:\/\/wein-werte.com\/de\/shop\/?swoof=1&#038;pa_producer=Odinstal\">Odinstal<\/a> <a href=\"https:\/\/wein-werte.com\/de\/shop\/?swoof=1&#038;woof_text=Weissburgunder 350 N.N.\">Weissburgunder 350 N.N.<\/a> 2023 bio <a href=\"https:\/\/wein-werte.com\/de\/shop\/?swoof=1&#038;pa_region=Pfalz\">Pfalz<\/a> <a href=\"https:\/\/wein-werte.com\/de\/shop\/?swoof=1&#038;pa_country=Deutschland\">Deutschland<\/a><\/p>\n<h3>Wine Advocate<\/h3>\n<p>Punkte: 92<\/p>\n<p>Der Wei\u00dfburgunder 350 NN Jahrgang 2023 stammt von \u00fcber 30 Jahre alten Rebst\u00f6cken, die auf unterschiedlichen B\u00f6den von Keupermergel und Buntsandstein bis hin zu Basalt wurzeln. Er pr\u00e4sentiert sich k\u00fchl, pr\u00e4zise, frisch und steinig in der tiefen, salzigen, sch\u00f6n mineralischen Nase, die zudem ein zartes Sur-lie-Aroma offenbart. Rund und saftig am Gaumen, mit einer reifen, pikanten S\u00e4ure und m\u00f6glicherweise einer charmanten Menge an Restzucker, ist dies ein eleganter und finessenreicher, anregender, salziger und spritziger Wei\u00dfburgunder aus einem der h\u00f6chstgelegenen Weinberge der Region. Er ist leicht im Alkohol, aber nicht im Geschmack. 11,5 % Vol. Alkoholgehalt. Naturkorken. Verkostet im Oktober 2024.<br \/>Stephan Reinhardt<\/p>\n<p>Internetseite des Weinguts: <a href=\"https:\/\/odinstal.de\/\" target=\"_blank\">https:\/\/odinstal.de\/<\/a><\/p>\n","protected":false},"excerpt":{"rendered":"<p>Lieferzeit: 1 bis 2 Arbeitstage (DE), 2 bis 5 Arbeitstage (EU and CH)<\/p>\n","protected":false},"featured_media":1142402,"template":"","meta":[],"product_brand":[],"product_cat":[19],"product_tag":[],"class_list":{"0":"post-1131522","1":"product","2":"type-product","3":"status-publish","4":"has-post-thumbnail","6":"product_cat-unkategorisiert","7":"pa_alcohol-for-filter-11-5","8":"pa_certified-biodynamic-ja-de","9":"pa_certified-organic-ja-de","10":"pa_colour-weiss","11":"pa_country-deutschland","12":"pa_grape-weisburgunder-pinot-blanc","13":"pa_parker-points-for-filter-92-de","14":"pa_price-for-filter-10584","15":"pa_producer-odinstal","16":"pa_region-pfalz","17":"pa_size-ml-6584","18":"pa_sweetness-trocken-de","19":"pa_type-2-still-de","20":"pa_vintage-2023-de","21":"entry","22":"has-media","24":"first","25":"instock","26":"taxable","27":"shipping-taxable","28":"purchasable","29":"product-type-simple"},"yoast_head":"<!-- This site is optimized with the Yoast SEO plugin v27.5 - https:\/\/yoast.com\/product\/yoast-seo-wordpress\/ -->\n<title>Odinstal Weissburgunder 350 N.N. 2023<\/title>\n<meta name=\"description\" content=\"Kaufe Odinstal Weissburgunder 350 N.N. 2023 (Wei\u00dfburgunder, trocken aus Pfalz, Deutschland) bei Wein Werte, Ihrem nachhaltigen Onlineshop.\" \/>\n<meta name=\"robots\" content=\"index, follow, max-snippet:-1, max-image-preview:large, max-video-preview:-1\" \/>\n<link rel=\"canonical\" href=\"https:\/\/wein-werte.com\/de\/produkt\/odinstal-weissburgunder-350-n-n-2023-750ml\/\" \/>\n<meta property=\"og:locale\" content=\"de_DE\" \/>\n<meta property=\"og:type\" content=\"article\" \/>\n<meta property=\"og:title\" content=\"Odinstal Weissburgunder 350 N.N. 2023\" \/>\n<meta property=\"og:description\" content=\"Kaufe Odinstal Weissburgunder 350 N.N. 2023 (Wei\u00dfburgunder, trocken aus Pfalz, Deutschland) bei Wein Werte, Ihrem nachhaltigen Onlineshop.\" \/>\n<meta property=\"og:url\" content=\"https:\/\/wein-werte.com\/de\/produkt\/odinstal-weissburgunder-350-n-n-2023-750ml\/\" \/>\n<meta property=\"og:site_name\" content=\"Wein Werte\" \/>\n<meta property=\"og:image\" content=\"https:\/\/wein-werte.com\/wp-content\/uploads\/2026\/04\/Odinstal-Weissburgunder-350-N.N.-2023-750ml.png\" \/>\n\t<meta property=\"og:image:width\" content=\"324\" \/>\n\t<meta property=\"og:image:height\" content=\"1200\" \/>\n\t<meta property=\"og:image:type\" content=\"image\/png\" \/>\n<meta name=\"twitter:card\" content=\"summary_large_image\" \/>\n<meta name=\"twitter:label1\" content=\"Gesch\u00e4tzte Lesezeit\" \/>\n\t<meta name=\"twitter:data1\" content=\"2\u00a0Minuten\" \/>\n<script type=\"application\/ld+json\" class=\"yoast-schema-graph\">{\"@context\":\"https:\\\/\\\/schema.org\",\"@graph\":[{\"@type\":\"WebPage\",\"@id\":\"https:\\\/\\\/wein-werte.com\\\/de\\\/produkt\\\/odinstal-weissburgunder-350-n-n-2023-750ml\\\/\",\"url\":\"https:\\\/\\\/wein-werte.com\\\/de\\\/produkt\\\/odinstal-weissburgunder-350-n-n-2023-750ml\\\/\",\"name\":\"Odinstal Weissburgunder 350 N.N. 2023\",\"isPartOf\":{\"@id\":\"https:\\\/\\\/wein-werte.com\\\/de\\\/#website\"},\"primaryImageOfPage\":{\"@id\":\"https:\\\/\\\/wein-werte.com\\\/de\\\/produkt\\\/odinstal-weissburgunder-350-n-n-2023-750ml\\\/#primaryimage\"},\"image\":{\"@id\":\"https:\\\/\\\/wein-werte.com\\\/de\\\/produkt\\\/odinstal-weissburgunder-350-n-n-2023-750ml\\\/#primaryimage\"},\"thumbnailUrl\":\"https:\\\/\\\/wein-werte.com\\\/wp-content\\\/uploads\\\/2026\\\/04\\\/Odinstal-Weissburgunder-350-N.N.-2023-750ml.png\",\"datePublished\":\"2026-05-08T18:03:12+00:00\",\"description\":\"Kaufe Odinstal Weissburgunder 350 N.N. 2023 (Wei\u00dfburgunder, trocken aus Pfalz, Deutschland) bei Wein Werte, Ihrem nachhaltigen Onlineshop.\",\"breadcrumb\":{\"@id\":\"https:\\\/\\\/wein-werte.com\\\/de\\\/produkt\\\/odinstal-weissburgunder-350-n-n-2023-750ml\\\/#breadcrumb\"},\"inLanguage\":\"de\",\"potentialAction\":[{\"@type\":\"ReadAction\",\"target\":[\"https:\\\/\\\/wein-werte.com\\\/de\\\/produkt\\\/odinstal-weissburgunder-350-n-n-2023-750ml\\\/\"]}]},{\"@type\":\"ImageObject\",\"inLanguage\":\"de\",\"@id\":\"https:\\\/\\\/wein-werte.com\\\/de\\\/produkt\\\/odinstal-weissburgunder-350-n-n-2023-750ml\\\/#primaryimage\",\"url\":\"https:\\\/\\\/wein-werte.com\\\/wp-content\\\/uploads\\\/2026\\\/04\\\/Odinstal-Weissburgunder-350-N.N.-2023-750ml.png\",\"contentUrl\":\"https:\\\/\\\/wein-werte.com\\\/wp-content\\\/uploads\\\/2026\\\/04\\\/Odinstal-Weissburgunder-350-N.N.-2023-750ml.png\",\"width\":324,\"height\":1200,\"caption\":\"Odinstal Weissburgunder 350 N.N. 2023 750ml\"},{\"@type\":\"BreadcrumbList\",\"@id\":\"https:\\\/\\\/wein-werte.com\\\/de\\\/produkt\\\/odinstal-weissburgunder-350-n-n-2023-750ml\\\/#breadcrumb\",\"itemListElement\":[{\"@type\":\"ListItem\",\"position\":1,\"name\":\"Home\",\"item\":\"https:\\\/\\\/wein-werte.com\\\/de\\\/\"},{\"@type\":\"ListItem\",\"position\":2,\"name\":\"Shop\",\"item\":\"https:\\\/\\\/wein-werte.com\\\/de\\\/shop\\\/\"},{\"@type\":\"ListItem\",\"position\":3,\"name\":\"Odinstal | Pfalz | Weissburgunder 350 N.N. | 2023 | 750ml | bio\"}]},{\"@type\":\"WebSite\",\"@id\":\"https:\\\/\\\/wein-werte.com\\\/de\\\/#website\",\"url\":\"https:\\\/\\\/wein-werte.com\\\/de\\\/\",\"name\":\"Wein Werte\",\"description\":\"\",\"publisher\":{\"@id\":\"https:\\\/\\\/wein-werte.com\\\/de\\\/#organization\"},\"potentialAction\":[{\"@type\":\"SearchAction\",\"target\":{\"@type\":\"EntryPoint\",\"urlTemplate\":\"https:\\\/\\\/wein-werte.com\\\/de\\\/?s={search_term_string}\"},\"query-input\":{\"@type\":\"PropertyValueSpecification\",\"valueRequired\":true,\"valueName\":\"search_term_string\"}}],\"inLanguage\":\"de\"},{\"@type\":\"Organization\",\"@id\":\"https:\\\/\\\/wein-werte.com\\\/de\\\/#organization\",\"name\":\"Vins Fins Thorrold\",\"url\":\"https:\\\/\\\/wein-werte.com\\\/de\\\/\",\"logo\":{\"@type\":\"ImageObject\",\"inLanguage\":\"de\",\"@id\":\"https:\\\/\\\/wein-werte.com\\\/de\\\/#\\\/schema\\\/logo\\\/image\\\/\",\"url\":\"https:\\\/\\\/wein-werte.com\\\/wp-content\\\/uploads\\\/2023\\\/07\\\/Wein_werte_Logo700-1.png\",\"contentUrl\":\"https:\\\/\\\/wein-werte.com\\\/wp-content\\\/uploads\\\/2023\\\/07\\\/Wein_werte_Logo700-1.png\",\"width\":700,\"height\":272,\"caption\":\"Vins Fins Thorrold\"},\"image\":{\"@id\":\"https:\\\/\\\/wein-werte.com\\\/de\\\/#\\\/schema\\\/logo\\\/image\\\/\"}}]}<\/script>\n<!-- \/ Yoast SEO plugin. -->","yoast_head_json":{"title":"Odinstal Weissburgunder 350 N.N. 2023","description":"Kaufe Odinstal Weissburgunder 350 N.N. 2023 (Wei\u00dfburgunder, trocken aus Pfalz, Deutschland) bei Wein Werte, Ihrem nachhaltigen Onlineshop.","robots":{"index":"index","follow":"follow","max-snippet":"max-snippet:-1","max-image-preview":"max-image-preview:large","max-video-preview":"max-video-preview:-1"},"canonical":"https:\/\/wein-werte.com\/de\/produkt\/odinstal-weissburgunder-350-n-n-2023-750ml\/","og_locale":"de_DE","og_type":"article","og_title":"Odinstal Weissburgunder 350 N.N. 2023","og_description":"Kaufe Odinstal Weissburgunder 350 N.N. 2023 (Wei\u00dfburgunder, trocken aus Pfalz, Deutschland) bei Wein Werte, Ihrem nachhaltigen Onlineshop.","og_url":"https:\/\/wein-werte.com\/de\/produkt\/odinstal-weissburgunder-350-n-n-2023-750ml\/","og_site_name":"Wein Werte","og_image":[{"width":324,"height":1200,"url":"https:\/\/wein-werte.com\/wp-content\/uploads\/2026\/04\/Odinstal-Weissburgunder-350-N.N.-2023-750ml.png","type":"image\/png"}],"twitter_card":"summary_large_image","twitter_misc":{"Gesch\u00e4tzte Lesezeit":"2\u00a0Minuten"},"schema":{"@context":"https:\/\/schema.org","@graph":[{"@type":"WebPage","@id":"https:\/\/wein-werte.com\/de\/produkt\/odinstal-weissburgunder-350-n-n-2023-750ml\/","url":"https:\/\/wein-werte.com\/de\/produkt\/odinstal-weissburgunder-350-n-n-2023-750ml\/","name":"Odinstal Weissburgunder 350 N.N. 2023","isPartOf":{"@id":"https:\/\/wein-werte.com\/de\/#website"},"primaryImageOfPage":{"@id":"https:\/\/wein-werte.com\/de\/produkt\/odinstal-weissburgunder-350-n-n-2023-750ml\/#primaryimage"},"image":{"@id":"https:\/\/wein-werte.com\/de\/produkt\/odinstal-weissburgunder-350-n-n-2023-750ml\/#primaryimage"},"thumbnailUrl":"https:\/\/wein-werte.com\/wp-content\/uploads\/2026\/04\/Odinstal-Weissburgunder-350-N.N.-2023-750ml.png","datePublished":"2026-05-08T18:03:12+00:00","description":"Kaufe Odinstal Weissburgunder 350 N.N. 2023 (Wei\u00dfburgunder, trocken aus Pfalz, Deutschland) bei Wein Werte, Ihrem nachhaltigen Onlineshop.","breadcrumb":{"@id":"https:\/\/wein-werte.com\/de\/produkt\/odinstal-weissburgunder-350-n-n-2023-750ml\/#breadcrumb"},"inLanguage":"de","potentialAction":[{"@type":"ReadAction","target":["https:\/\/wein-werte.com\/de\/produkt\/odinstal-weissburgunder-350-n-n-2023-750ml\/"]}]},{"@type":"ImageObject","inLanguage":"de","@id":"https:\/\/wein-werte.com\/de\/produkt\/odinstal-weissburgunder-350-n-n-2023-750ml\/#primaryimage","url":"https:\/\/wein-werte.com\/wp-content\/uploads\/2026\/04\/Odinstal-Weissburgunder-350-N.N.-2023-750ml.png","contentUrl":"https:\/\/wein-werte.com\/wp-content\/uploads\/2026\/04\/Odinstal-Weissburgunder-350-N.N.-2023-750ml.png","width":324,"height":1200,"caption":"Odinstal Weissburgunder 350 N.N. 2023 750ml"},{"@type":"BreadcrumbList","@id":"https:\/\/wein-werte.com\/de\/produkt\/odinstal-weissburgunder-350-n-n-2023-750ml\/#breadcrumb","itemListElement":[{"@type":"ListItem","position":1,"name":"Home","item":"https:\/\/wein-werte.com\/de\/"},{"@type":"ListItem","position":2,"name":"Shop","item":"https:\/\/wein-werte.com\/de\/shop\/"},{"@type":"ListItem","position":3,"name":"Odinstal | Pfalz | Weissburgunder 350 N.N. | 2023 | 750ml | bio"}]},{"@type":"WebSite","@id":"https:\/\/wein-werte.com\/de\/#website","url":"https:\/\/wein-werte.com\/de\/","name":"Wein Werte","description":"","publisher":{"@id":"https:\/\/wein-werte.com\/de\/#organization"},"potentialAction":[{"@type":"SearchAction","target":{"@type":"EntryPoint","urlTemplate":"https:\/\/wein-werte.com\/de\/?s={search_term_string}"},"query-input":{"@type":"PropertyValueSpecification","valueRequired":true,"valueName":"search_term_string"}}],"inLanguage":"de"},{"@type":"Organization","@id":"https:\/\/wein-werte.com\/de\/#organization","name":"Vins Fins Thorrold","url":"https:\/\/wein-werte.com\/de\/","logo":{"@type":"ImageObject","inLanguage":"de","@id":"https:\/\/wein-werte.com\/de\/#\/schema\/logo\/image\/","url":"https:\/\/wein-werte.com\/wp-content\/uploads\/2023\/07\/Wein_werte_Logo700-1.png","contentUrl":"https:\/\/wein-werte.com\/wp-content\/uploads\/2023\/07\/Wein_werte_Logo700-1.png","width":700,"height":272,"caption":"Vins Fins Thorrold"},"image":{"@id":"https:\/\/wein-werte.com\/de\/#\/schema\/logo\/image\/"}}]}},"_links":{"self":[{"href":"https:\/\/wein-werte.com\/de\/wp-json\/wp\/v2\/product\/1131522","targetHints":{"allow":["GET"]}}],"collection":[{"href":"https:\/\/wein-werte.com\/de\/wp-json\/wp\/v2\/product"}],"about":[{"href":"https:\/\/wein-werte.com\/de\/wp-json\/wp\/v2\/types\/product"}],"wp:featuredmedia":[{"embeddable":true,"href":"https:\/\/wein-werte.com\/de\/wp-json\/wp\/v2\/media\/1142402"}],"wp:attachment":[{"href":"https:\/\/wein-werte.com\/de\/wp-json\/wp\/v2\/media?parent=1131522"}],"wp:term":[{"taxonomy":"product_brand","embeddable":true,"href":"https:\/\/wein-werte.com\/de\/wp-json\/wp\/v2\/product_brand?post=1131522"},{"taxonomy":"product_cat","embeddable":true,"href":"https:\/\/wein-werte.com\/de\/wp-json\/wp\/v2\/product_cat?post=1131522"},{"taxonomy":"product_tag","embeddable":true,"href":"https:\/\/wein-werte.com\/de\/wp-json\/wp\/v2\/product_tag?post=1131522"}],"curies":[{"name":"wp","href":"https:\/\/api.w.org\/{rel}","templated":true}]}}