{"id":1131442,"date":"2026-05-05T18:23:20","date_gmt":"2026-05-05T16:23:20","guid":{"rendered":"https:\/\/wein-werte.com\/product\/michael-andres-spatburgunder-n-2022-750ml\/"},"modified":"2026-04-27T11:47:29","modified_gmt":"2026-04-27T09:47:29","slug":"michael-andres-spatburgunder-n-2022-750ml","status":"publish","type":"product","link":"https:\/\/wein-werte.com\/de\/produkt\/michael-andres-spatburgunder-n-2022-750ml\/","title":{"rendered":"Michael Andres | Pfalz | Sp\u00e4tburgunder -N- | 2022 | 750ml | bio"},"content":{"rendered":"<p>Produktbeschreibung f\u00fcr Michael Andres Sp\u00e4tburgunder -N- 2022 (bio)<\/p>\n<h5>Info zum Wein<\/h5>\n<p>Die &#8220;N&#8221;-Weine werden mit wilden Hefen vergoren, nicht filtriert und<br \/>\nzeugen von maximaler Freiheit. &#8220;N&#8221; steht f\u00fcr &#8220;N-atural, N-o filtration, N-o limits,<br \/>\nN-ext Level&#8221;.<\/p>\n<h5>Info zum Ausbau<\/h5>\n<p>Die Trauben wurden 14 Tage lang mit offener Maischeg\u00e4rung spontan<br \/>\nvergoren. Der biologische S\u00e4ureabbau erfolgte ebenfalls spontan im Tonneau, wo<br \/>\nder Wein anschlie\u00dfend 15 Monate reifte. Er wurde unfiltriert abgef\u00fcllt.<\/p>\n<h5>Info zur Lage<\/h5>\n<p>Die Trauben stammen zu 75 % aus dem Reiterpfad und zu 25 % aus einer Parzelle<br \/>\nim Ruppertsberger Nussbien.<\/p>\n<h5>Farbe<\/h5>\n<p>Gedecktes Granatrot mit rubinroten Aufhellungen am Rand.<\/p>\n<h5>Nase<\/h5>\n<p>In der Nase versinkt man f\u00f6rmlich in einer k\u00fchlen, opulenten, saftigen und<br \/>\nbet\u00f6renden dunklen Frucht. Aromen von Kirsche, Heidelbeere, schwarzer<br \/>\nJohannisbeere und wilden Himbeeren werden wunderbar von Noten, die an Unterholz,<br \/>\nBaumrinde, Kakao und Leder erinnern aufgefangen. Veilchen, Efeu und Rosenbl\u00fcten<br \/>\nverleihen ihm zus\u00e4tzliche verf\u00fchrerische Eleganz.<\/p>\n<h5>Gaumen<\/h5>\n<p>Am Gaumen \u00fcberzeugt vor allem die Frische des 2022er Sp\u00e4tburgunder<br \/>\n&#8220;N&#8221;, die den Eindruck erweckt, als w\u00fcrde man in Sauerkirschen und<br \/>\nfrische Beeren bei\u00dfen. Graphitnoten und eine feinmaschige Tannin Struktur<br \/>\nzeigen sich perfekt. K\u00fchle und Eleganz sind hier das Credo. Wundervoll,<br \/>\nlebendig und unverf\u00e4lscht bereitet er bereits Solo gro\u00dfe Freude, gewinnt aber<br \/>\nnoch zus\u00e4tzlich in Kombination mit urspr\u00fcnglicher und w\u00fcrziger K\u00fcche.<\/p>\n<p>Copyright Vinaturel 2025<\/p>\n<p>Keywords: <a href=\"https:\/\/wein-werte.com\/de\/shop\/?swoof=1&#038;pa_producer=Michael-Andres\">Michael Andres<\/a> <a href=\"https:\/\/wein-werte.com\/de\/shop\/?swoof=1&#038;woof_text=Sp\u00e4tburgunder -N-\">Sp\u00e4tburgunder -N-<\/a> 2022 bio <a href=\"https:\/\/wein-werte.com\/de\/shop\/?swoof=1&#038;pa_region=Pfalz\">Pfalz<\/a> <a href=\"https:\/\/wein-werte.com\/de\/shop\/?swoof=1&#038;pa_country=Deutschland\">Deutschland<\/a><\/p>\n<p>Internetseite des Weinguts: <a href=\"https:\/\/www.andres-wein.de\/en\/\" target=\"_blank\">https:\/\/www.andres-wein.de\/en\/<\/a><\/p>\n","protected":false},"excerpt":{"rendered":"<p>Lieferzeit: 1 bis 2 Arbeitstage (DE), 2 bis 5 Arbeitstage (EU and CH)<\/p>\n","protected":false},"featured_media":1142348,"template":"","meta":[],"product_brand":[],"product_cat":[19],"product_tag":[],"class_list":{"0":"post-1131442","1":"product","2":"type-product","3":"status-publish","4":"has-post-thumbnail","6":"product_cat-unkategorisiert","7":"pa_alcohol-for-filter-12-5","8":"pa_certified-biodynamic-nein-de","9":"pa_certified-organic-ja-de","10":"pa_colour-rot","11":"pa_country-deutschland","12":"pa_grape-pinot-noir-spatburgunder","13":"pa_price-for-filter-10588","14":"pa_producer-michael-andres","15":"pa_region-pfalz","16":"pa_size-ml-6584","17":"pa_sweetness-trocken-de","18":"pa_type-2-still-de","19":"pa_vintage-2022-de","20":"entry","21":"has-media","23":"first","24":"instock","25":"taxable","26":"shipping-taxable","27":"purchasable","28":"product-type-simple"},"yoast_head":"<!-- This site is optimized with the Yoast SEO plugin v27.5 - https:\/\/yoast.com\/product\/yoast-seo-wordpress\/ -->\n<title>Michael Andres Sp\u00e4tburgunder -N- 2022<\/title>\n<meta name=\"description\" content=\"Kaufe Michael Andres Sp\u00e4tburgunder -N- 2022 (Pinot Noir, trocken aus Pfalz, Deutschland) bei Wein Werte, Ihrem nachhaltigen Onlineshop.\" \/>\n<meta name=\"robots\" content=\"index, follow, max-snippet:-1, max-image-preview:large, max-video-preview:-1\" \/>\n<link rel=\"canonical\" href=\"https:\/\/wein-werte.com\/de\/produkt\/michael-andres-spatburgunder-n-2022-750ml\/\" \/>\n<meta property=\"og:locale\" content=\"de_DE\" \/>\n<meta property=\"og:type\" content=\"article\" \/>\n<meta property=\"og:title\" content=\"Michael Andres Sp\u00e4tburgunder -N- 2022\" \/>\n<meta property=\"og:description\" content=\"Kaufe Michael Andres Sp\u00e4tburgunder -N- 2022 (Pinot Noir, trocken aus Pfalz, Deutschland) bei Wein Werte, Ihrem nachhaltigen Onlineshop.\" \/>\n<meta property=\"og:url\" content=\"https:\/\/wein-werte.com\/de\/produkt\/michael-andres-spatburgunder-n-2022-750ml\/\" \/>\n<meta property=\"og:site_name\" content=\"Wein Werte\" \/>\n<meta property=\"og:image\" content=\"https:\/\/wein-werte.com\/wp-content\/uploads\/2026\/04\/Michael-Andres-Spatburgunder-N-2022-750ml.png\" \/>\n\t<meta property=\"og:image:width\" content=\"348\" \/>\n\t<meta property=\"og:image:height\" content=\"1200\" \/>\n\t<meta property=\"og:image:type\" content=\"image\/png\" \/>\n<meta name=\"twitter:card\" content=\"summary_large_image\" \/>\n<meta name=\"twitter:label1\" content=\"Gesch\u00e4tzte Lesezeit\" \/>\n\t<meta name=\"twitter:data1\" content=\"1\u00a0Minute\" \/>\n<script type=\"application\/ld+json\" class=\"yoast-schema-graph\">{\"@context\":\"https:\\\/\\\/schema.org\",\"@graph\":[{\"@type\":\"WebPage\",\"@id\":\"https:\\\/\\\/wein-werte.com\\\/de\\\/produkt\\\/michael-andres-spatburgunder-n-2022-750ml\\\/\",\"url\":\"https:\\\/\\\/wein-werte.com\\\/de\\\/produkt\\\/michael-andres-spatburgunder-n-2022-750ml\\\/\",\"name\":\"Michael Andres Sp\u00e4tburgunder -N- 2022\",\"isPartOf\":{\"@id\":\"https:\\\/\\\/wein-werte.com\\\/de\\\/#website\"},\"primaryImageOfPage\":{\"@id\":\"https:\\\/\\\/wein-werte.com\\\/de\\\/produkt\\\/michael-andres-spatburgunder-n-2022-750ml\\\/#primaryimage\"},\"image\":{\"@id\":\"https:\\\/\\\/wein-werte.com\\\/de\\\/produkt\\\/michael-andres-spatburgunder-n-2022-750ml\\\/#primaryimage\"},\"thumbnailUrl\":\"https:\\\/\\\/wein-werte.com\\\/wp-content\\\/uploads\\\/2026\\\/04\\\/Michael-Andres-Spatburgunder-N-2022-750ml.png\",\"datePublished\":\"2026-05-05T16:23:20+00:00\",\"description\":\"Kaufe Michael Andres Sp\u00e4tburgunder -N- 2022 (Pinot Noir, trocken aus Pfalz, Deutschland) bei Wein Werte, Ihrem nachhaltigen Onlineshop.\",\"breadcrumb\":{\"@id\":\"https:\\\/\\\/wein-werte.com\\\/de\\\/produkt\\\/michael-andres-spatburgunder-n-2022-750ml\\\/#breadcrumb\"},\"inLanguage\":\"de\",\"potentialAction\":[{\"@type\":\"ReadAction\",\"target\":[\"https:\\\/\\\/wein-werte.com\\\/de\\\/produkt\\\/michael-andres-spatburgunder-n-2022-750ml\\\/\"]}]},{\"@type\":\"ImageObject\",\"inLanguage\":\"de\",\"@id\":\"https:\\\/\\\/wein-werte.com\\\/de\\\/produkt\\\/michael-andres-spatburgunder-n-2022-750ml\\\/#primaryimage\",\"url\":\"https:\\\/\\\/wein-werte.com\\\/wp-content\\\/uploads\\\/2026\\\/04\\\/Michael-Andres-Spatburgunder-N-2022-750ml.png\",\"contentUrl\":\"https:\\\/\\\/wein-werte.com\\\/wp-content\\\/uploads\\\/2026\\\/04\\\/Michael-Andres-Spatburgunder-N-2022-750ml.png\",\"width\":348,\"height\":1200,\"caption\":\"Michael Andres Sp\u00e4tburgunder -N- 2022 750ml\"},{\"@type\":\"BreadcrumbList\",\"@id\":\"https:\\\/\\\/wein-werte.com\\\/de\\\/produkt\\\/michael-andres-spatburgunder-n-2022-750ml\\\/#breadcrumb\",\"itemListElement\":[{\"@type\":\"ListItem\",\"position\":1,\"name\":\"Home\",\"item\":\"https:\\\/\\\/wein-werte.com\\\/de\\\/\"},{\"@type\":\"ListItem\",\"position\":2,\"name\":\"Shop\",\"item\":\"https:\\\/\\\/wein-werte.com\\\/de\\\/shop\\\/\"},{\"@type\":\"ListItem\",\"position\":3,\"name\":\"Michael Andres | Pfalz | Sp\u00e4tburgunder -N- | 2022 | 750ml | bio\"}]},{\"@type\":\"WebSite\",\"@id\":\"https:\\\/\\\/wein-werte.com\\\/de\\\/#website\",\"url\":\"https:\\\/\\\/wein-werte.com\\\/de\\\/\",\"name\":\"Wein Werte\",\"description\":\"\",\"publisher\":{\"@id\":\"https:\\\/\\\/wein-werte.com\\\/de\\\/#organization\"},\"potentialAction\":[{\"@type\":\"SearchAction\",\"target\":{\"@type\":\"EntryPoint\",\"urlTemplate\":\"https:\\\/\\\/wein-werte.com\\\/de\\\/?s={search_term_string}\"},\"query-input\":{\"@type\":\"PropertyValueSpecification\",\"valueRequired\":true,\"valueName\":\"search_term_string\"}}],\"inLanguage\":\"de\"},{\"@type\":\"Organization\",\"@id\":\"https:\\\/\\\/wein-werte.com\\\/de\\\/#organization\",\"name\":\"Vins Fins Thorrold\",\"url\":\"https:\\\/\\\/wein-werte.com\\\/de\\\/\",\"logo\":{\"@type\":\"ImageObject\",\"inLanguage\":\"de\",\"@id\":\"https:\\\/\\\/wein-werte.com\\\/de\\\/#\\\/schema\\\/logo\\\/image\\\/\",\"url\":\"https:\\\/\\\/wein-werte.com\\\/wp-content\\\/uploads\\\/2023\\\/07\\\/Wein_werte_Logo700-1.png\",\"contentUrl\":\"https:\\\/\\\/wein-werte.com\\\/wp-content\\\/uploads\\\/2023\\\/07\\\/Wein_werte_Logo700-1.png\",\"width\":700,\"height\":272,\"caption\":\"Vins Fins Thorrold\"},\"image\":{\"@id\":\"https:\\\/\\\/wein-werte.com\\\/de\\\/#\\\/schema\\\/logo\\\/image\\\/\"}}]}<\/script>\n<!-- \/ Yoast SEO plugin. -->","yoast_head_json":{"title":"Michael Andres Sp\u00e4tburgunder -N- 2022","description":"Kaufe Michael Andres Sp\u00e4tburgunder -N- 2022 (Pinot Noir, trocken aus Pfalz, Deutschland) bei Wein Werte, Ihrem nachhaltigen Onlineshop.","robots":{"index":"index","follow":"follow","max-snippet":"max-snippet:-1","max-image-preview":"max-image-preview:large","max-video-preview":"max-video-preview:-1"},"canonical":"https:\/\/wein-werte.com\/de\/produkt\/michael-andres-spatburgunder-n-2022-750ml\/","og_locale":"de_DE","og_type":"article","og_title":"Michael Andres Sp\u00e4tburgunder -N- 2022","og_description":"Kaufe Michael Andres Sp\u00e4tburgunder -N- 2022 (Pinot Noir, trocken aus Pfalz, Deutschland) bei Wein Werte, Ihrem nachhaltigen Onlineshop.","og_url":"https:\/\/wein-werte.com\/de\/produkt\/michael-andres-spatburgunder-n-2022-750ml\/","og_site_name":"Wein Werte","og_image":[{"width":348,"height":1200,"url":"https:\/\/wein-werte.com\/wp-content\/uploads\/2026\/04\/Michael-Andres-Spatburgunder-N-2022-750ml.png","type":"image\/png"}],"twitter_card":"summary_large_image","twitter_misc":{"Gesch\u00e4tzte Lesezeit":"1\u00a0Minute"},"schema":{"@context":"https:\/\/schema.org","@graph":[{"@type":"WebPage","@id":"https:\/\/wein-werte.com\/de\/produkt\/michael-andres-spatburgunder-n-2022-750ml\/","url":"https:\/\/wein-werte.com\/de\/produkt\/michael-andres-spatburgunder-n-2022-750ml\/","name":"Michael Andres Sp\u00e4tburgunder -N- 2022","isPartOf":{"@id":"https:\/\/wein-werte.com\/de\/#website"},"primaryImageOfPage":{"@id":"https:\/\/wein-werte.com\/de\/produkt\/michael-andres-spatburgunder-n-2022-750ml\/#primaryimage"},"image":{"@id":"https:\/\/wein-werte.com\/de\/produkt\/michael-andres-spatburgunder-n-2022-750ml\/#primaryimage"},"thumbnailUrl":"https:\/\/wein-werte.com\/wp-content\/uploads\/2026\/04\/Michael-Andres-Spatburgunder-N-2022-750ml.png","datePublished":"2026-05-05T16:23:20+00:00","description":"Kaufe Michael Andres Sp\u00e4tburgunder -N- 2022 (Pinot Noir, trocken aus Pfalz, Deutschland) bei Wein Werte, Ihrem nachhaltigen Onlineshop.","breadcrumb":{"@id":"https:\/\/wein-werte.com\/de\/produkt\/michael-andres-spatburgunder-n-2022-750ml\/#breadcrumb"},"inLanguage":"de","potentialAction":[{"@type":"ReadAction","target":["https:\/\/wein-werte.com\/de\/produkt\/michael-andres-spatburgunder-n-2022-750ml\/"]}]},{"@type":"ImageObject","inLanguage":"de","@id":"https:\/\/wein-werte.com\/de\/produkt\/michael-andres-spatburgunder-n-2022-750ml\/#primaryimage","url":"https:\/\/wein-werte.com\/wp-content\/uploads\/2026\/04\/Michael-Andres-Spatburgunder-N-2022-750ml.png","contentUrl":"https:\/\/wein-werte.com\/wp-content\/uploads\/2026\/04\/Michael-Andres-Spatburgunder-N-2022-750ml.png","width":348,"height":1200,"caption":"Michael Andres Sp\u00e4tburgunder -N- 2022 750ml"},{"@type":"BreadcrumbList","@id":"https:\/\/wein-werte.com\/de\/produkt\/michael-andres-spatburgunder-n-2022-750ml\/#breadcrumb","itemListElement":[{"@type":"ListItem","position":1,"name":"Home","item":"https:\/\/wein-werte.com\/de\/"},{"@type":"ListItem","position":2,"name":"Shop","item":"https:\/\/wein-werte.com\/de\/shop\/"},{"@type":"ListItem","position":3,"name":"Michael Andres | Pfalz | Sp\u00e4tburgunder -N- | 2022 | 750ml | bio"}]},{"@type":"WebSite","@id":"https:\/\/wein-werte.com\/de\/#website","url":"https:\/\/wein-werte.com\/de\/","name":"Wein Werte","description":"","publisher":{"@id":"https:\/\/wein-werte.com\/de\/#organization"},"potentialAction":[{"@type":"SearchAction","target":{"@type":"EntryPoint","urlTemplate":"https:\/\/wein-werte.com\/de\/?s={search_term_string}"},"query-input":{"@type":"PropertyValueSpecification","valueRequired":true,"valueName":"search_term_string"}}],"inLanguage":"de"},{"@type":"Organization","@id":"https:\/\/wein-werte.com\/de\/#organization","name":"Vins Fins Thorrold","url":"https:\/\/wein-werte.com\/de\/","logo":{"@type":"ImageObject","inLanguage":"de","@id":"https:\/\/wein-werte.com\/de\/#\/schema\/logo\/image\/","url":"https:\/\/wein-werte.com\/wp-content\/uploads\/2023\/07\/Wein_werte_Logo700-1.png","contentUrl":"https:\/\/wein-werte.com\/wp-content\/uploads\/2023\/07\/Wein_werte_Logo700-1.png","width":700,"height":272,"caption":"Vins Fins Thorrold"},"image":{"@id":"https:\/\/wein-werte.com\/de\/#\/schema\/logo\/image\/"}}]}},"_links":{"self":[{"href":"https:\/\/wein-werte.com\/de\/wp-json\/wp\/v2\/product\/1131442","targetHints":{"allow":["GET"]}}],"collection":[{"href":"https:\/\/wein-werte.com\/de\/wp-json\/wp\/v2\/product"}],"about":[{"href":"https:\/\/wein-werte.com\/de\/wp-json\/wp\/v2\/types\/product"}],"wp:featuredmedia":[{"embeddable":true,"href":"https:\/\/wein-werte.com\/de\/wp-json\/wp\/v2\/media\/1142348"}],"wp:attachment":[{"href":"https:\/\/wein-werte.com\/de\/wp-json\/wp\/v2\/media?parent=1131442"}],"wp:term":[{"taxonomy":"product_brand","embeddable":true,"href":"https:\/\/wein-werte.com\/de\/wp-json\/wp\/v2\/product_brand?post=1131442"},{"taxonomy":"product_cat","embeddable":true,"href":"https:\/\/wein-werte.com\/de\/wp-json\/wp\/v2\/product_cat?post=1131442"},{"taxonomy":"product_tag","embeddable":true,"href":"https:\/\/wein-werte.com\/de\/wp-json\/wp\/v2\/product_tag?post=1131442"}],"curies":[{"name":"wp","href":"https:\/\/api.w.org\/{rel}","templated":true}]}}