{"id":1131439,"date":"2026-05-08T20:03:04","date_gmt":"2026-05-08T18:03:04","guid":{"rendered":"https:\/\/wein-werte.com\/product\/michael-andres-leinhohle-n-2021-750ml\/"},"modified":"2026-04-27T11:47:28","modified_gmt":"2026-04-27T09:47:28","slug":"michael-andres-leinhohle-n-2021-750ml","status":"publish","type":"product","link":"https:\/\/wein-werte.com\/de\/produkt\/michael-andres-leinhohle-n-2021-750ml\/","title":{"rendered":"Michael Andres | Pfalz | Leinh\u00f6hle -N- | 2021 | 750ml | bio"},"content":{"rendered":"<p>Produktbeschreibung f\u00fcr Michael Andres Leinh\u00f6hle -N- 2021 (bio) <\/p>\n<h5>Info<\/h5>\n<p> Die Weine der N-Serie stellen eine experimentelle und hochkreative Spielwiese f\u00fcr Michael Andres dar. Kleine Partien erfahren hier maximale Freiheit und Zeit in jeglichen Prozessen. Spontane G\u00e4rung und keine angewandte Filtration einen sie alle. N steht f\u00fcr Natural, No filtration, No Limits und Next Level. Diese Parzelle von Michael Andres befindet sich in der Deidesheimer Leinh\u00f6hle in einem warmen S\u00fcdhang, ganz nah zur Ortsgrenze von Deidesheim. Er wird spontan im Tonneau vergoren und vollzieht dort auch den biologischen S\u00e4ureabbau. Bis zum Abstich reift der Wein bis zum Juni 2022 auf der Vollhefe. Minimal wird Schwefel bei der Abf\u00fcllung eingesetzt. <\/p>\n<h5>Farbe<\/h5>\n<p> Leuchtendes Zitronengelb mit hellen Reflexen <\/p>\n<h5>Nase<\/h5>\n<p> 2021 Leinh\u00f6hle Riesling aus der N-Serie von Michael Andres offenbart eine ungew\u00f6hnliche Frucht f\u00fcr Riesling. Rooibos und Hagebutte pr\u00e4sentieren sich neben einem Hauch Himbeere. Wei\u00dfe Johannisbeere und Mirabelle erg\u00e4nzen den fruchtigen Reigen. Douglasien und Akazien sorgen f\u00fcr reichlich florale, elegante und weiche Akzente. Mit etwas Geduld, Sauerstoff und Temperatur kommen die gelben Steinfr\u00fcchte deutlich besser zu Vorschein. Dunkles Gestein, eine Nuance kalter Rauch und gr\u00fcner Pfeffer verleihen ihm eine ganz eigene, w\u00fcrzige Identit\u00e4t. <\/p>\n<h5>Gaumen<\/h5>\n<p> Die W\u00fcrze setzt auch am Gaumen direkt ein. Er wirkt dicht und gelbfruchtig. Dabei jedoch immer saftig und belebend. Am Gaumen kommen erstaunliche viele vegetabile Aromen zur Oberfl\u00e4che. Die Frucht kommt bestens mit der S\u00e4ure und seinem geradlinigen Ger\u00fcst zur Geltung. Wacholder, Fenchelsaat und frischer Koriander sorgen im Nachhall f\u00fcr reichlich etherische und wieder Riesling-untypische Momente.<\/p>\n<p>Copyright Vinaturel 2025<\/p>\n<p>Keywords: <a href=\"https:\/\/wein-werte.com\/de\/shop\/?swoof=1&#038;pa_producer=Michael-Andres\">Michael Andres<\/a> <a href=\"https:\/\/wein-werte.com\/de\/shop\/?swoof=1&#038;woof_text=Leinh\u00f6hle -N-\">Leinh\u00f6hle -N-<\/a> 2021 bio <a href=\"https:\/\/wein-werte.com\/de\/shop\/?swoof=1&#038;pa_region=Pfalz\">Pfalz<\/a> <a href=\"https:\/\/wein-werte.com\/de\/shop\/?swoof=1&#038;pa_country=Deutschland\">Deutschland<\/a><\/p>\n<h3>Wine Advocate<\/h3>\n<p>Punkte: 92<\/p>\n<p>Der Leinh\u00f6hle Riesling \u2013N\u2013 2021 pr\u00e4sentiert sich intensiv und zitronig in der enorm konzentrierten, vollen und hefigen sowie tonischen und wacholderartigen Nase, die enorm dicht und komplex, salzig und positiv oxidativ ist. Am Gaumen pr\u00e4sentiert sich ein dichter und komplexer, kraftvoller, salzig-griffiger Riesling mit feinen Tanninen im intensiven, sehr dichten Abgang. 13 % Alkoholgehalt. Naturkorken. Verkostet im Juni 2023.<br \/>Stephan Reinhardt<\/p>\n<p>Internetseite des Weinguts: <a href=\"https:\/\/www.andres-wein.de\/en\/\" target=\"_blank\">https:\/\/www.andres-wein.de\/en\/<\/a><\/p>\n","protected":false},"excerpt":{"rendered":"<p>Lieferzeit: 1 bis 2 Arbeitstage (DE), 2 bis 5 Arbeitstage (EU and CH)<\/p>\n","protected":false},"featured_media":1142346,"template":"","meta":[],"product_brand":[],"product_cat":[19],"product_tag":[],"class_list":{"0":"post-1131439","1":"product","2":"type-product","3":"status-publish","4":"has-post-thumbnail","6":"product_cat-unkategorisiert","7":"pa_alcohol-for-filter-12897","8":"pa_certified-biodynamic-nein-de","9":"pa_certified-organic-ja-de","10":"pa_colour-weiss","11":"pa_country-deutschland","12":"pa_grape-riesling","13":"pa_parker-points-for-filter-92-de","14":"pa_price-for-filter-10589","15":"pa_producer-michael-andres","16":"pa_region-pfalz","17":"pa_size-ml-6584","18":"pa_sweetness-trocken-de","19":"pa_type-2-still-de","20":"pa_vintage-2021-de","21":"entry","22":"has-media","24":"first","25":"instock","26":"taxable","27":"shipping-taxable","28":"purchasable","29":"product-type-simple"},"yoast_head":"<!-- This site is optimized with the Yoast SEO plugin v27.5 - https:\/\/yoast.com\/product\/yoast-seo-wordpress\/ -->\n<title>Michael Andres Leinh\u00f6hle -N- 2021<\/title>\n<meta name=\"description\" content=\"Kaufe Michael Andres Leinh\u00f6hle -N- 2021 (Riesling, trocken aus Pfalz, Deutschland) bei Wein Werte, Ihrem nachhaltigen Onlineshop.\" \/>\n<meta name=\"robots\" content=\"index, follow, max-snippet:-1, max-image-preview:large, max-video-preview:-1\" \/>\n<link rel=\"canonical\" href=\"https:\/\/wein-werte.com\/de\/produkt\/michael-andres-leinhohle-n-2021-750ml\/\" \/>\n<meta property=\"og:locale\" content=\"de_DE\" \/>\n<meta property=\"og:type\" content=\"article\" \/>\n<meta property=\"og:title\" content=\"Michael Andres Leinh\u00f6hle -N- 2021\" \/>\n<meta property=\"og:description\" content=\"Kaufe Michael Andres Leinh\u00f6hle -N- 2021 (Riesling, trocken aus Pfalz, Deutschland) bei Wein Werte, Ihrem nachhaltigen Onlineshop.\" \/>\n<meta property=\"og:url\" content=\"https:\/\/wein-werte.com\/de\/produkt\/michael-andres-leinhohle-n-2021-750ml\/\" \/>\n<meta property=\"og:site_name\" content=\"Wein Werte\" \/>\n<meta property=\"og:image\" content=\"https:\/\/wein-werte.com\/wp-content\/uploads\/2026\/04\/Michael-Andres-Leinhohle-N-2021-750ml.png\" \/>\n\t<meta property=\"og:image:width\" content=\"265\" \/>\n\t<meta property=\"og:image:height\" content=\"1200\" \/>\n\t<meta property=\"og:image:type\" content=\"image\/png\" \/>\n<meta name=\"twitter:card\" content=\"summary_large_image\" \/>\n<meta name=\"twitter:label1\" content=\"Gesch\u00e4tzte Lesezeit\" \/>\n\t<meta name=\"twitter:data1\" content=\"2\u00a0Minuten\" \/>\n<script type=\"application\/ld+json\" class=\"yoast-schema-graph\">{\"@context\":\"https:\\\/\\\/schema.org\",\"@graph\":[{\"@type\":\"WebPage\",\"@id\":\"https:\\\/\\\/wein-werte.com\\\/de\\\/produkt\\\/michael-andres-leinhohle-n-2021-750ml\\\/\",\"url\":\"https:\\\/\\\/wein-werte.com\\\/de\\\/produkt\\\/michael-andres-leinhohle-n-2021-750ml\\\/\",\"name\":\"Michael Andres Leinh\u00f6hle -N- 2021\",\"isPartOf\":{\"@id\":\"https:\\\/\\\/wein-werte.com\\\/de\\\/#website\"},\"primaryImageOfPage\":{\"@id\":\"https:\\\/\\\/wein-werte.com\\\/de\\\/produkt\\\/michael-andres-leinhohle-n-2021-750ml\\\/#primaryimage\"},\"image\":{\"@id\":\"https:\\\/\\\/wein-werte.com\\\/de\\\/produkt\\\/michael-andres-leinhohle-n-2021-750ml\\\/#primaryimage\"},\"thumbnailUrl\":\"https:\\\/\\\/wein-werte.com\\\/wp-content\\\/uploads\\\/2026\\\/04\\\/Michael-Andres-Leinhohle-N-2021-750ml.png\",\"datePublished\":\"2026-05-08T18:03:04+00:00\",\"description\":\"Kaufe Michael Andres Leinh\u00f6hle -N- 2021 (Riesling, trocken aus Pfalz, Deutschland) bei Wein Werte, Ihrem nachhaltigen Onlineshop.\",\"breadcrumb\":{\"@id\":\"https:\\\/\\\/wein-werte.com\\\/de\\\/produkt\\\/michael-andres-leinhohle-n-2021-750ml\\\/#breadcrumb\"},\"inLanguage\":\"de\",\"potentialAction\":[{\"@type\":\"ReadAction\",\"target\":[\"https:\\\/\\\/wein-werte.com\\\/de\\\/produkt\\\/michael-andres-leinhohle-n-2021-750ml\\\/\"]}]},{\"@type\":\"ImageObject\",\"inLanguage\":\"de\",\"@id\":\"https:\\\/\\\/wein-werte.com\\\/de\\\/produkt\\\/michael-andres-leinhohle-n-2021-750ml\\\/#primaryimage\",\"url\":\"https:\\\/\\\/wein-werte.com\\\/wp-content\\\/uploads\\\/2026\\\/04\\\/Michael-Andres-Leinhohle-N-2021-750ml.png\",\"contentUrl\":\"https:\\\/\\\/wein-werte.com\\\/wp-content\\\/uploads\\\/2026\\\/04\\\/Michael-Andres-Leinhohle-N-2021-750ml.png\",\"width\":265,\"height\":1200,\"caption\":\"Michael Andres Leinh\u00f6hle -N- 2021 750ml\"},{\"@type\":\"BreadcrumbList\",\"@id\":\"https:\\\/\\\/wein-werte.com\\\/de\\\/produkt\\\/michael-andres-leinhohle-n-2021-750ml\\\/#breadcrumb\",\"itemListElement\":[{\"@type\":\"ListItem\",\"position\":1,\"name\":\"Home\",\"item\":\"https:\\\/\\\/wein-werte.com\\\/de\\\/\"},{\"@type\":\"ListItem\",\"position\":2,\"name\":\"Shop\",\"item\":\"https:\\\/\\\/wein-werte.com\\\/de\\\/shop\\\/\"},{\"@type\":\"ListItem\",\"position\":3,\"name\":\"Michael Andres | Pfalz | Leinh\u00f6hle -N- | 2021 | 750ml | bio\"}]},{\"@type\":\"WebSite\",\"@id\":\"https:\\\/\\\/wein-werte.com\\\/de\\\/#website\",\"url\":\"https:\\\/\\\/wein-werte.com\\\/de\\\/\",\"name\":\"Wein Werte\",\"description\":\"\",\"publisher\":{\"@id\":\"https:\\\/\\\/wein-werte.com\\\/de\\\/#organization\"},\"potentialAction\":[{\"@type\":\"SearchAction\",\"target\":{\"@type\":\"EntryPoint\",\"urlTemplate\":\"https:\\\/\\\/wein-werte.com\\\/de\\\/?s={search_term_string}\"},\"query-input\":{\"@type\":\"PropertyValueSpecification\",\"valueRequired\":true,\"valueName\":\"search_term_string\"}}],\"inLanguage\":\"de\"},{\"@type\":\"Organization\",\"@id\":\"https:\\\/\\\/wein-werte.com\\\/de\\\/#organization\",\"name\":\"Vins Fins Thorrold\",\"url\":\"https:\\\/\\\/wein-werte.com\\\/de\\\/\",\"logo\":{\"@type\":\"ImageObject\",\"inLanguage\":\"de\",\"@id\":\"https:\\\/\\\/wein-werte.com\\\/de\\\/#\\\/schema\\\/logo\\\/image\\\/\",\"url\":\"https:\\\/\\\/wein-werte.com\\\/wp-content\\\/uploads\\\/2023\\\/07\\\/Wein_werte_Logo700-1.png\",\"contentUrl\":\"https:\\\/\\\/wein-werte.com\\\/wp-content\\\/uploads\\\/2023\\\/07\\\/Wein_werte_Logo700-1.png\",\"width\":700,\"height\":272,\"caption\":\"Vins Fins Thorrold\"},\"image\":{\"@id\":\"https:\\\/\\\/wein-werte.com\\\/de\\\/#\\\/schema\\\/logo\\\/image\\\/\"}}]}<\/script>\n<!-- \/ Yoast SEO plugin. -->","yoast_head_json":{"title":"Michael Andres Leinh\u00f6hle -N- 2021","description":"Kaufe Michael Andres Leinh\u00f6hle -N- 2021 (Riesling, trocken aus Pfalz, Deutschland) bei Wein Werte, Ihrem nachhaltigen Onlineshop.","robots":{"index":"index","follow":"follow","max-snippet":"max-snippet:-1","max-image-preview":"max-image-preview:large","max-video-preview":"max-video-preview:-1"},"canonical":"https:\/\/wein-werte.com\/de\/produkt\/michael-andres-leinhohle-n-2021-750ml\/","og_locale":"de_DE","og_type":"article","og_title":"Michael Andres Leinh\u00f6hle -N- 2021","og_description":"Kaufe Michael Andres Leinh\u00f6hle -N- 2021 (Riesling, trocken aus Pfalz, Deutschland) bei Wein Werte, Ihrem nachhaltigen Onlineshop.","og_url":"https:\/\/wein-werte.com\/de\/produkt\/michael-andres-leinhohle-n-2021-750ml\/","og_site_name":"Wein Werte","og_image":[{"width":265,"height":1200,"url":"https:\/\/wein-werte.com\/wp-content\/uploads\/2026\/04\/Michael-Andres-Leinhohle-N-2021-750ml.png","type":"image\/png"}],"twitter_card":"summary_large_image","twitter_misc":{"Gesch\u00e4tzte Lesezeit":"2\u00a0Minuten"},"schema":{"@context":"https:\/\/schema.org","@graph":[{"@type":"WebPage","@id":"https:\/\/wein-werte.com\/de\/produkt\/michael-andres-leinhohle-n-2021-750ml\/","url":"https:\/\/wein-werte.com\/de\/produkt\/michael-andres-leinhohle-n-2021-750ml\/","name":"Michael Andres Leinh\u00f6hle -N- 2021","isPartOf":{"@id":"https:\/\/wein-werte.com\/de\/#website"},"primaryImageOfPage":{"@id":"https:\/\/wein-werte.com\/de\/produkt\/michael-andres-leinhohle-n-2021-750ml\/#primaryimage"},"image":{"@id":"https:\/\/wein-werte.com\/de\/produkt\/michael-andres-leinhohle-n-2021-750ml\/#primaryimage"},"thumbnailUrl":"https:\/\/wein-werte.com\/wp-content\/uploads\/2026\/04\/Michael-Andres-Leinhohle-N-2021-750ml.png","datePublished":"2026-05-08T18:03:04+00:00","description":"Kaufe Michael Andres Leinh\u00f6hle -N- 2021 (Riesling, trocken aus Pfalz, Deutschland) bei Wein Werte, Ihrem nachhaltigen Onlineshop.","breadcrumb":{"@id":"https:\/\/wein-werte.com\/de\/produkt\/michael-andres-leinhohle-n-2021-750ml\/#breadcrumb"},"inLanguage":"de","potentialAction":[{"@type":"ReadAction","target":["https:\/\/wein-werte.com\/de\/produkt\/michael-andres-leinhohle-n-2021-750ml\/"]}]},{"@type":"ImageObject","inLanguage":"de","@id":"https:\/\/wein-werte.com\/de\/produkt\/michael-andres-leinhohle-n-2021-750ml\/#primaryimage","url":"https:\/\/wein-werte.com\/wp-content\/uploads\/2026\/04\/Michael-Andres-Leinhohle-N-2021-750ml.png","contentUrl":"https:\/\/wein-werte.com\/wp-content\/uploads\/2026\/04\/Michael-Andres-Leinhohle-N-2021-750ml.png","width":265,"height":1200,"caption":"Michael Andres Leinh\u00f6hle -N- 2021 750ml"},{"@type":"BreadcrumbList","@id":"https:\/\/wein-werte.com\/de\/produkt\/michael-andres-leinhohle-n-2021-750ml\/#breadcrumb","itemListElement":[{"@type":"ListItem","position":1,"name":"Home","item":"https:\/\/wein-werte.com\/de\/"},{"@type":"ListItem","position":2,"name":"Shop","item":"https:\/\/wein-werte.com\/de\/shop\/"},{"@type":"ListItem","position":3,"name":"Michael Andres | Pfalz | Leinh\u00f6hle -N- | 2021 | 750ml | bio"}]},{"@type":"WebSite","@id":"https:\/\/wein-werte.com\/de\/#website","url":"https:\/\/wein-werte.com\/de\/","name":"Wein Werte","description":"","publisher":{"@id":"https:\/\/wein-werte.com\/de\/#organization"},"potentialAction":[{"@type":"SearchAction","target":{"@type":"EntryPoint","urlTemplate":"https:\/\/wein-werte.com\/de\/?s={search_term_string}"},"query-input":{"@type":"PropertyValueSpecification","valueRequired":true,"valueName":"search_term_string"}}],"inLanguage":"de"},{"@type":"Organization","@id":"https:\/\/wein-werte.com\/de\/#organization","name":"Vins Fins Thorrold","url":"https:\/\/wein-werte.com\/de\/","logo":{"@type":"ImageObject","inLanguage":"de","@id":"https:\/\/wein-werte.com\/de\/#\/schema\/logo\/image\/","url":"https:\/\/wein-werte.com\/wp-content\/uploads\/2023\/07\/Wein_werte_Logo700-1.png","contentUrl":"https:\/\/wein-werte.com\/wp-content\/uploads\/2023\/07\/Wein_werte_Logo700-1.png","width":700,"height":272,"caption":"Vins Fins Thorrold"},"image":{"@id":"https:\/\/wein-werte.com\/de\/#\/schema\/logo\/image\/"}}]}},"_links":{"self":[{"href":"https:\/\/wein-werte.com\/de\/wp-json\/wp\/v2\/product\/1131439","targetHints":{"allow":["GET"]}}],"collection":[{"href":"https:\/\/wein-werte.com\/de\/wp-json\/wp\/v2\/product"}],"about":[{"href":"https:\/\/wein-werte.com\/de\/wp-json\/wp\/v2\/types\/product"}],"wp:featuredmedia":[{"embeddable":true,"href":"https:\/\/wein-werte.com\/de\/wp-json\/wp\/v2\/media\/1142346"}],"wp:attachment":[{"href":"https:\/\/wein-werte.com\/de\/wp-json\/wp\/v2\/media?parent=1131439"}],"wp:term":[{"taxonomy":"product_brand","embeddable":true,"href":"https:\/\/wein-werte.com\/de\/wp-json\/wp\/v2\/product_brand?post=1131439"},{"taxonomy":"product_cat","embeddable":true,"href":"https:\/\/wein-werte.com\/de\/wp-json\/wp\/v2\/product_cat?post=1131439"},{"taxonomy":"product_tag","embeddable":true,"href":"https:\/\/wein-werte.com\/de\/wp-json\/wp\/v2\/product_tag?post=1131439"}],"curies":[{"name":"wp","href":"https:\/\/api.w.org\/{rel}","templated":true}]}}