{"id":1131436,"date":"2026-05-05T18:23:19","date_gmt":"2026-05-05T16:23:19","guid":{"rendered":"https:\/\/wein-werte.com\/product\/michael-andres-reiterpfad-hochseel-n-2021-750ml\/"},"modified":"2026-04-27T11:47:28","modified_gmt":"2026-04-27T09:47:28","slug":"michael-andres-reiterpfad-hochseel-n-2021-750ml","status":"publish","type":"product","link":"https:\/\/wein-werte.com\/de\/produkt\/michael-andres-reiterpfad-hochseel-n-2021-750ml\/","title":{"rendered":"Michael Andres | Pfalz | Reiterpfad Hochseel -N- | 2021 | 750ml | bio"},"content":{"rendered":"<p>Produktbeschreibung f\u00fcr Michael Andres Reiterpfad Hochseel -N- 2021 (bio)<\/p>\n<p>Christina Hilker: Am Gaumen er\u00f6ffnet der 2020er Riesling Reiterpfad Hochseel \u201eN\u201c pure und k\u00fchle Frische in Kombination mit viel saftiger Frucht und deutlichen zitrischen Ankl\u00e4ngen. Im Moment h\u00e4lt er sich noch etwas zur\u00fcck, wirkt sehr tiefgr\u00fcndig und komplex und besticht mit feiner Herbe im langen Nachhall. Etwas Lagerung steht ihm gut zu Gesicht, auch wenn sein frischer und pikanter Charakter zum jetzigen Zeitpunkt schon ungemein verf\u00fchrt und bet\u00f6rt. <\/p>\n<h5>Info<\/h5>\n<p> Die Weine der N-Serie stellen eine experimentelle und hochkreative Spielwiese f\u00fcr Michael Andres dar. Kleine Partien erfahren hier maximale Freiheit und Zeit in jeglichen Prozessen. Spontane G\u00e4rung und keine angewandte Filtration einen sie alle. N steht f\u00fcr Natural, No filtration, No Limits und Next Level. Die Gewanne Hochseel befindet sich innerhalb des Forster Reiterpfads. Nahe am Wald gelegen weist sie dezent niedrigere Temperaturen auf und kalkreiche B\u00f6den. Er wird spontan im Tonneau vergoren und vollzieht dort auch den biologischen S\u00e4ureabbau. Bis zum Abstich reift der Wein bis zum Juni 2022 auf der Vollhefe. <\/p>\n<h5>Farbe<\/h5>\n<p> Leuchtendes Zitronengelb, gr\u00fcne Reflexe <\/p>\n<h5>Nase<\/h5>\n<p> Leiser, sch\u00fcchterner Auftritt in der Nase. Die herbale Komponente \u00fcbersteigt die Frucht um L\u00e4ngen. Zitronenmelisse, Kerbel, Thymian sowie etwas Kresse schwirren im Glas. Ein Hauch Limonenabrieb sowie frisch geriebener Inger gesellen sich dazu. Wei\u00dfer Tee und duftende Jasminbl\u00fcten verleihen ihm zarte, elegante Ankl\u00e4nge. Gesto\u00dfene Koriandersaat und frischer Fenchel sorgen f\u00fcr etherische und vegetabile Nuancen. <\/p>\n<h5>Gaumen<\/h5>\n<p> Am Gaumen setzt sich das sensorische Konzept fort. Straff und schlank zun\u00e4chst. Die S\u00e4ure findet einen feinen Nerv, dominiert aber nicht. Vielmehr hebt sie die Steinigkeit, die Salzigkeit auf eine andere Ebene. Nur zart klingen die Kr\u00e4uteraromen wieder an. Im Nachhall dominiert die etherische Nuance deutlich und die vegetabilen Gedanken setzen sich fort. Er wirkt dabei enorm karg und f\u00fcr einen Riesling herrlich schlank bei erstaunlich wenig Frucht.<\/p>\n<p>Copyright Vinaturel 2025<\/p>\n<p>Keywords: <a href=\"https:\/\/wein-werte.com\/de\/shop\/?swoof=1&#038;pa_producer=Michael-Andres\">Michael Andres<\/a> <a href=\"https:\/\/wein-werte.com\/de\/shop\/?swoof=1&#038;woof_text=Reiterpfad Hochseel -N-\">Reiterpfad Hochseel -N-<\/a> 2021 bio <a href=\"https:\/\/wein-werte.com\/de\/shop\/?swoof=1&#038;pa_region=Pfalz\">Pfalz<\/a> <a href=\"https:\/\/wein-werte.com\/de\/shop\/?swoof=1&#038;pa_country=Deutschland\">Deutschland<\/a><\/p>\n<h3>Wine Advocate<\/h3>\n<p>Punkte: 93<\/p>\n<p>Der 2021er Reiterpfad Hochseel Riesling \u2013N\u2013, der aus dem Wald stammt und Kalkstein im Boden hat, bietet eine tiefe und konzentrierte, noch etwas reduktive, hefige und phenolische Nase, die auf eine ausgepr\u00e4gte Substanz und Jodkomplexit\u00e4t mit frischen Zitronenaromen hindeutet. Elegant und saftig am Gaumen, ist dies ein vollmundiger und runder, anhaltend salziger und geschmeidiger trockener Riesling mit cremiger Textur und intensiver, gro\u00dfz\u00fcgiger Frucht mit feinen Tanninen im Abgang. Er ist definitiv ein Wein, der mindestens drei bis vier Jahre im Keller lagern sollte. Er wurde in einem 500-Liter-Tonneau vinifiziert und direkt vom Fass mit 30 Milligramm Schwefel pro Liter abgef\u00fcllt. 13 % Alkoholgehalt. Naturkorken. Verkostet im Juni 2023.<br \/>Stephan Reinhardt<\/p>\n<p>Internetseite des Weinguts: <a href=\"https:\/\/www.andres-wein.de\/en\/\" target=\"_blank\">https:\/\/www.andres-wein.de\/en\/<\/a><\/p>\n","protected":false},"excerpt":{"rendered":"<p>Lieferzeit: 1 bis 2 Arbeitstage (DE), 2 bis 5 Arbeitstage (EU and CH)<\/p>\n","protected":false},"featured_media":1142344,"template":"","meta":[],"product_brand":[],"product_cat":[19],"product_tag":[],"class_list":{"0":"post-1131436","1":"product","2":"type-product","3":"status-publish","4":"has-post-thumbnail","6":"product_cat-unkategorisiert","7":"pa_alcohol-for-filter-12897","8":"pa_certified-biodynamic-nein-de","9":"pa_certified-organic-ja-de","10":"pa_colour-weiss","11":"pa_country-deutschland","12":"pa_grape-riesling","13":"pa_parker-points-for-filter-93-de-2","14":"pa_price-for-filter-10582","15":"pa_producer-michael-andres","16":"pa_region-pfalz","17":"pa_size-ml-6584","18":"pa_sweetness-trocken-de","19":"pa_type-2-still-de","20":"pa_vintage-2021-de","21":"entry","22":"has-media","24":"first","25":"instock","26":"taxable","27":"shipping-taxable","28":"purchasable","29":"product-type-simple"},"yoast_head":"<!-- This site is optimized with the Yoast SEO plugin v27.5 - https:\/\/yoast.com\/product\/yoast-seo-wordpress\/ -->\n<title>Michael Andres Reiterpfad Hochseel -N- 2021<\/title>\n<meta name=\"description\" content=\"Kaufe Michael Andres Reiterpfad Hochseel -N- 2021 (Riesling, trocken aus Pfalz, Deutschland) bei Wein Werte, Ihrem nachhaltigen Onlineshop.\" \/>\n<meta name=\"robots\" content=\"index, follow, max-snippet:-1, max-image-preview:large, max-video-preview:-1\" \/>\n<link rel=\"canonical\" href=\"https:\/\/wein-werte.com\/de\/produkt\/michael-andres-reiterpfad-hochseel-n-2021-750ml\/\" \/>\n<meta property=\"og:locale\" content=\"de_DE\" \/>\n<meta property=\"og:type\" content=\"article\" \/>\n<meta property=\"og:title\" content=\"Michael Andres Reiterpfad Hochseel -N- 2021\" \/>\n<meta property=\"og:description\" content=\"Kaufe Michael Andres Reiterpfad Hochseel -N- 2021 (Riesling, trocken aus Pfalz, Deutschland) bei Wein Werte, Ihrem nachhaltigen Onlineshop.\" \/>\n<meta property=\"og:url\" content=\"https:\/\/wein-werte.com\/de\/produkt\/michael-andres-reiterpfad-hochseel-n-2021-750ml\/\" \/>\n<meta property=\"og:site_name\" content=\"Wein Werte\" \/>\n<meta property=\"og:image\" content=\"https:\/\/wein-werte.com\/wp-content\/uploads\/2026\/04\/Michael-Andres-Reiterpfad-Hochseel-N-2021-750ml.png\" \/>\n\t<meta property=\"og:image:width\" content=\"267\" \/>\n\t<meta property=\"og:image:height\" content=\"1200\" \/>\n\t<meta property=\"og:image:type\" content=\"image\/png\" \/>\n<meta name=\"twitter:card\" content=\"summary_large_image\" \/>\n<meta name=\"twitter:label1\" content=\"Gesch\u00e4tzte Lesezeit\" \/>\n\t<meta name=\"twitter:data1\" content=\"2\u00a0Minuten\" \/>\n<script type=\"application\/ld+json\" class=\"yoast-schema-graph\">{\"@context\":\"https:\\\/\\\/schema.org\",\"@graph\":[{\"@type\":\"WebPage\",\"@id\":\"https:\\\/\\\/wein-werte.com\\\/de\\\/produkt\\\/michael-andres-reiterpfad-hochseel-n-2021-750ml\\\/\",\"url\":\"https:\\\/\\\/wein-werte.com\\\/de\\\/produkt\\\/michael-andres-reiterpfad-hochseel-n-2021-750ml\\\/\",\"name\":\"Michael Andres Reiterpfad Hochseel -N- 2021\",\"isPartOf\":{\"@id\":\"https:\\\/\\\/wein-werte.com\\\/de\\\/#website\"},\"primaryImageOfPage\":{\"@id\":\"https:\\\/\\\/wein-werte.com\\\/de\\\/produkt\\\/michael-andres-reiterpfad-hochseel-n-2021-750ml\\\/#primaryimage\"},\"image\":{\"@id\":\"https:\\\/\\\/wein-werte.com\\\/de\\\/produkt\\\/michael-andres-reiterpfad-hochseel-n-2021-750ml\\\/#primaryimage\"},\"thumbnailUrl\":\"https:\\\/\\\/wein-werte.com\\\/wp-content\\\/uploads\\\/2026\\\/04\\\/Michael-Andres-Reiterpfad-Hochseel-N-2021-750ml.png\",\"datePublished\":\"2026-05-05T16:23:19+00:00\",\"description\":\"Kaufe Michael Andres Reiterpfad Hochseel -N- 2021 (Riesling, trocken aus Pfalz, Deutschland) bei Wein Werte, Ihrem nachhaltigen Onlineshop.\",\"breadcrumb\":{\"@id\":\"https:\\\/\\\/wein-werte.com\\\/de\\\/produkt\\\/michael-andres-reiterpfad-hochseel-n-2021-750ml\\\/#breadcrumb\"},\"inLanguage\":\"de\",\"potentialAction\":[{\"@type\":\"ReadAction\",\"target\":[\"https:\\\/\\\/wein-werte.com\\\/de\\\/produkt\\\/michael-andres-reiterpfad-hochseel-n-2021-750ml\\\/\"]}]},{\"@type\":\"ImageObject\",\"inLanguage\":\"de\",\"@id\":\"https:\\\/\\\/wein-werte.com\\\/de\\\/produkt\\\/michael-andres-reiterpfad-hochseel-n-2021-750ml\\\/#primaryimage\",\"url\":\"https:\\\/\\\/wein-werte.com\\\/wp-content\\\/uploads\\\/2026\\\/04\\\/Michael-Andres-Reiterpfad-Hochseel-N-2021-750ml.png\",\"contentUrl\":\"https:\\\/\\\/wein-werte.com\\\/wp-content\\\/uploads\\\/2026\\\/04\\\/Michael-Andres-Reiterpfad-Hochseel-N-2021-750ml.png\",\"width\":267,\"height\":1200,\"caption\":\"Michael Andres Reiterpfad Hochseel -N- 2021 750ml\"},{\"@type\":\"BreadcrumbList\",\"@id\":\"https:\\\/\\\/wein-werte.com\\\/de\\\/produkt\\\/michael-andres-reiterpfad-hochseel-n-2021-750ml\\\/#breadcrumb\",\"itemListElement\":[{\"@type\":\"ListItem\",\"position\":1,\"name\":\"Home\",\"item\":\"https:\\\/\\\/wein-werte.com\\\/de\\\/\"},{\"@type\":\"ListItem\",\"position\":2,\"name\":\"Shop\",\"item\":\"https:\\\/\\\/wein-werte.com\\\/de\\\/shop\\\/\"},{\"@type\":\"ListItem\",\"position\":3,\"name\":\"Michael Andres | Pfalz | Reiterpfad Hochseel -N- | 2021 | 750ml | bio\"}]},{\"@type\":\"WebSite\",\"@id\":\"https:\\\/\\\/wein-werte.com\\\/de\\\/#website\",\"url\":\"https:\\\/\\\/wein-werte.com\\\/de\\\/\",\"name\":\"Wein Werte\",\"description\":\"\",\"publisher\":{\"@id\":\"https:\\\/\\\/wein-werte.com\\\/de\\\/#organization\"},\"potentialAction\":[{\"@type\":\"SearchAction\",\"target\":{\"@type\":\"EntryPoint\",\"urlTemplate\":\"https:\\\/\\\/wein-werte.com\\\/de\\\/?s={search_term_string}\"},\"query-input\":{\"@type\":\"PropertyValueSpecification\",\"valueRequired\":true,\"valueName\":\"search_term_string\"}}],\"inLanguage\":\"de\"},{\"@type\":\"Organization\",\"@id\":\"https:\\\/\\\/wein-werte.com\\\/de\\\/#organization\",\"name\":\"Vins Fins Thorrold\",\"url\":\"https:\\\/\\\/wein-werte.com\\\/de\\\/\",\"logo\":{\"@type\":\"ImageObject\",\"inLanguage\":\"de\",\"@id\":\"https:\\\/\\\/wein-werte.com\\\/de\\\/#\\\/schema\\\/logo\\\/image\\\/\",\"url\":\"https:\\\/\\\/wein-werte.com\\\/wp-content\\\/uploads\\\/2023\\\/07\\\/Wein_werte_Logo700-1.png\",\"contentUrl\":\"https:\\\/\\\/wein-werte.com\\\/wp-content\\\/uploads\\\/2023\\\/07\\\/Wein_werte_Logo700-1.png\",\"width\":700,\"height\":272,\"caption\":\"Vins Fins Thorrold\"},\"image\":{\"@id\":\"https:\\\/\\\/wein-werte.com\\\/de\\\/#\\\/schema\\\/logo\\\/image\\\/\"}}]}<\/script>\n<!-- \/ Yoast SEO plugin. -->","yoast_head_json":{"title":"Michael Andres Reiterpfad Hochseel -N- 2021","description":"Kaufe Michael Andres Reiterpfad Hochseel -N- 2021 (Riesling, trocken aus Pfalz, Deutschland) bei Wein Werte, Ihrem nachhaltigen Onlineshop.","robots":{"index":"index","follow":"follow","max-snippet":"max-snippet:-1","max-image-preview":"max-image-preview:large","max-video-preview":"max-video-preview:-1"},"canonical":"https:\/\/wein-werte.com\/de\/produkt\/michael-andres-reiterpfad-hochseel-n-2021-750ml\/","og_locale":"de_DE","og_type":"article","og_title":"Michael Andres Reiterpfad Hochseel -N- 2021","og_description":"Kaufe Michael Andres Reiterpfad Hochseel -N- 2021 (Riesling, trocken aus Pfalz, Deutschland) bei Wein Werte, Ihrem nachhaltigen Onlineshop.","og_url":"https:\/\/wein-werte.com\/de\/produkt\/michael-andres-reiterpfad-hochseel-n-2021-750ml\/","og_site_name":"Wein Werte","og_image":[{"width":267,"height":1200,"url":"https:\/\/wein-werte.com\/wp-content\/uploads\/2026\/04\/Michael-Andres-Reiterpfad-Hochseel-N-2021-750ml.png","type":"image\/png"}],"twitter_card":"summary_large_image","twitter_misc":{"Gesch\u00e4tzte Lesezeit":"2\u00a0Minuten"},"schema":{"@context":"https:\/\/schema.org","@graph":[{"@type":"WebPage","@id":"https:\/\/wein-werte.com\/de\/produkt\/michael-andres-reiterpfad-hochseel-n-2021-750ml\/","url":"https:\/\/wein-werte.com\/de\/produkt\/michael-andres-reiterpfad-hochseel-n-2021-750ml\/","name":"Michael Andres Reiterpfad Hochseel -N- 2021","isPartOf":{"@id":"https:\/\/wein-werte.com\/de\/#website"},"primaryImageOfPage":{"@id":"https:\/\/wein-werte.com\/de\/produkt\/michael-andres-reiterpfad-hochseel-n-2021-750ml\/#primaryimage"},"image":{"@id":"https:\/\/wein-werte.com\/de\/produkt\/michael-andres-reiterpfad-hochseel-n-2021-750ml\/#primaryimage"},"thumbnailUrl":"https:\/\/wein-werte.com\/wp-content\/uploads\/2026\/04\/Michael-Andres-Reiterpfad-Hochseel-N-2021-750ml.png","datePublished":"2026-05-05T16:23:19+00:00","description":"Kaufe Michael Andres Reiterpfad Hochseel -N- 2021 (Riesling, trocken aus Pfalz, Deutschland) bei Wein Werte, Ihrem nachhaltigen Onlineshop.","breadcrumb":{"@id":"https:\/\/wein-werte.com\/de\/produkt\/michael-andres-reiterpfad-hochseel-n-2021-750ml\/#breadcrumb"},"inLanguage":"de","potentialAction":[{"@type":"ReadAction","target":["https:\/\/wein-werte.com\/de\/produkt\/michael-andres-reiterpfad-hochseel-n-2021-750ml\/"]}]},{"@type":"ImageObject","inLanguage":"de","@id":"https:\/\/wein-werte.com\/de\/produkt\/michael-andres-reiterpfad-hochseel-n-2021-750ml\/#primaryimage","url":"https:\/\/wein-werte.com\/wp-content\/uploads\/2026\/04\/Michael-Andres-Reiterpfad-Hochseel-N-2021-750ml.png","contentUrl":"https:\/\/wein-werte.com\/wp-content\/uploads\/2026\/04\/Michael-Andres-Reiterpfad-Hochseel-N-2021-750ml.png","width":267,"height":1200,"caption":"Michael Andres Reiterpfad Hochseel -N- 2021 750ml"},{"@type":"BreadcrumbList","@id":"https:\/\/wein-werte.com\/de\/produkt\/michael-andres-reiterpfad-hochseel-n-2021-750ml\/#breadcrumb","itemListElement":[{"@type":"ListItem","position":1,"name":"Home","item":"https:\/\/wein-werte.com\/de\/"},{"@type":"ListItem","position":2,"name":"Shop","item":"https:\/\/wein-werte.com\/de\/shop\/"},{"@type":"ListItem","position":3,"name":"Michael Andres | Pfalz | Reiterpfad Hochseel -N- | 2021 | 750ml | bio"}]},{"@type":"WebSite","@id":"https:\/\/wein-werte.com\/de\/#website","url":"https:\/\/wein-werte.com\/de\/","name":"Wein Werte","description":"","publisher":{"@id":"https:\/\/wein-werte.com\/de\/#organization"},"potentialAction":[{"@type":"SearchAction","target":{"@type":"EntryPoint","urlTemplate":"https:\/\/wein-werte.com\/de\/?s={search_term_string}"},"query-input":{"@type":"PropertyValueSpecification","valueRequired":true,"valueName":"search_term_string"}}],"inLanguage":"de"},{"@type":"Organization","@id":"https:\/\/wein-werte.com\/de\/#organization","name":"Vins Fins Thorrold","url":"https:\/\/wein-werte.com\/de\/","logo":{"@type":"ImageObject","inLanguage":"de","@id":"https:\/\/wein-werte.com\/de\/#\/schema\/logo\/image\/","url":"https:\/\/wein-werte.com\/wp-content\/uploads\/2023\/07\/Wein_werte_Logo700-1.png","contentUrl":"https:\/\/wein-werte.com\/wp-content\/uploads\/2023\/07\/Wein_werte_Logo700-1.png","width":700,"height":272,"caption":"Vins Fins Thorrold"},"image":{"@id":"https:\/\/wein-werte.com\/de\/#\/schema\/logo\/image\/"}}]}},"_links":{"self":[{"href":"https:\/\/wein-werte.com\/de\/wp-json\/wp\/v2\/product\/1131436","targetHints":{"allow":["GET"]}}],"collection":[{"href":"https:\/\/wein-werte.com\/de\/wp-json\/wp\/v2\/product"}],"about":[{"href":"https:\/\/wein-werte.com\/de\/wp-json\/wp\/v2\/types\/product"}],"wp:featuredmedia":[{"embeddable":true,"href":"https:\/\/wein-werte.com\/de\/wp-json\/wp\/v2\/media\/1142344"}],"wp:attachment":[{"href":"https:\/\/wein-werte.com\/de\/wp-json\/wp\/v2\/media?parent=1131436"}],"wp:term":[{"taxonomy":"product_brand","embeddable":true,"href":"https:\/\/wein-werte.com\/de\/wp-json\/wp\/v2\/product_brand?post=1131436"},{"taxonomy":"product_cat","embeddable":true,"href":"https:\/\/wein-werte.com\/de\/wp-json\/wp\/v2\/product_cat?post=1131436"},{"taxonomy":"product_tag","embeddable":true,"href":"https:\/\/wein-werte.com\/de\/wp-json\/wp\/v2\/product_tag?post=1131436"}],"curies":[{"name":"wp","href":"https:\/\/api.w.org\/{rel}","templated":true}]}}