{"id":1131361,"date":"2026-05-08T20:03:00","date_gmt":"2026-05-08T18:03:00","guid":{"rendered":"https:\/\/wein-werte.com\/product\/m-schadler-steffen-mugler-mugler-riesling-2024-750ml\/"},"modified":"2026-04-27T11:47:21","modified_gmt":"2026-04-27T09:47:21","slug":"m-schadler-steffen-mugler-mugler-riesling-2024-750ml","status":"publish","type":"product","link":"https:\/\/wein-werte.com\/de\/produkt\/m-schadler-steffen-mugler-mugler-riesling-2024-750ml\/","title":{"rendered":"M. Sch\u00e4dler &#8211; Steffen Mugler | Pfalz | Mugler Riesling trocken | 2024 | 750ml | bio"},"content":{"rendered":"<p>Produktbeschreibung f\u00fcr M. Sch\u00e4dler &#8211; Steffen Mugler Mugler Riesling trocken 2024 (bio) <\/p>\n<h5>Info zum Weingut<\/h5>\n<p> Im Jahre 2002 \u00fcbernahmen Steffen und Daniela Mugler das Weingut Sch\u00e4dler in Maikammer. Der Betrieb wurde modernisiert, dabei wurden die Strukturen des Familienbetriebes erhalten und auf biologisch-biodynamische Bewirtschaftung umgestellt. F\u00fcr Muglers steht der Rhythmus der Natur an oberster Stelle, ausgehend von der der Grundlage allen Lebens: den B\u00f6den. Die Reben im Sinne einer nat\u00fcrlichen Kreislaufwirtschaft zu st\u00e4rken, ist die Voraussetzung f\u00fcr bestes Lesegut f\u00fcr beste Weine. Von der Lese bis zum Ausbau erfolgen alle Schritte in Handarbeit. <\/p>\n<h5>Farbe<\/h5>\n<p> Helles Gelb mit deutlichen silbrigen Reflexen und zarten gr\u00fcnen Noten. <\/p>\n<h5>Nase<\/h5>\n<p> Hellfruchtig und erfrischend str\u00f6mt es aus dem Glas hervor, Zitrone, Limettenabrieb, gr\u00fcner Apfel tanzen zusammen mit hellen Bl\u00fcten den Reigen untermauert von feiner Mineralit\u00e4t. <\/p>\n<h5>Gaumen<\/h5>\n<p> Auf der Zunge paart sich die feine Frucht mit salziger Anmutung und einer knackigen S\u00e4ure, die perfekt in den Fruchtschmelz eingebettet ist. Der Speichelfluss wird unmittelbar anregt und man freut sich mit jedem Schluck auf ein weiteres Glas, was der moderate Alkohol von nur 11,5Vol% noch zus\u00e4tzlich unterst\u00fctzt. Klasse Preis- Werte Verh\u00e4ltnis! <\/p>\n<p>Copyright Vinaturel 2025<\/p>\n<p>Keywords: <a href=\"https:\/\/wein-werte.com\/de\/shop\/?swoof=1&#038;pa_producer=M.-Sch\u00e4dler---Steffen-Mugler\">M. Sch\u00e4dler &#8211; Steffen Mugler<\/a> <a href=\"https:\/\/wein-werte.com\/de\/shop\/?swoof=1&#038;woof_text=Mugler Riesling trocken\">Mugler Riesling trocken<\/a> 2024 bio <a href=\"https:\/\/wein-werte.com\/de\/shop\/?swoof=1&#038;pa_region=Pfalz\">Pfalz<\/a> <a href=\"https:\/\/wein-werte.com\/de\/shop\/?swoof=1&#038;pa_country=Deutschland\">Deutschland<\/a><\/p>\n<p>Internetseite des Weinguts: <a href=\"https:\/\/www.wein-mugler.com\/\" target=\"_blank\">https:\/\/www.wein-mugler.com\/<\/a><\/p>\n","protected":false},"excerpt":{"rendered":"<p>Lieferzeit: 1 bis 2 Arbeitstage (DE), 2 bis 5 Arbeitstage (EU and CH)<\/p>\n","protected":false},"featured_media":1142292,"template":"","meta":[],"product_brand":[],"product_cat":[19],"product_tag":[],"class_list":{"0":"post-1131361","1":"product","2":"type-product","3":"status-publish","4":"has-post-thumbnail","6":"product_cat-unkategorisiert","7":"pa_alcohol-for-filter-11-5","8":"pa_certified-biodynamic-nein-de","9":"pa_certified-organic-ja-de","10":"pa_colour-weiss","11":"pa_country-deutschland","12":"pa_grape-riesling","13":"pa_price-for-filter-10695","14":"pa_producer-m-schadler-steffen-mugler","15":"pa_region-pfalz","16":"pa_size-ml-6584","17":"pa_sweetness-trocken-de","18":"pa_type-2-still-de","19":"pa_vintage-2024-de","20":"entry","21":"has-media","23":"first","24":"instock","25":"taxable","26":"shipping-taxable","27":"purchasable","28":"product-type-simple"},"yoast_head":"<!-- This site is optimized with the Yoast SEO plugin v27.5 - https:\/\/yoast.com\/product\/yoast-seo-wordpress\/ -->\n<title>M. Sch\u00e4dler - Steffen Mugler Mugler Riesling 2024<\/title>\n<meta name=\"description\" content=\"Kaufe M. Sch\u00e4dler - Steffen Mugler Mugler Riesling 2024 (Riesling, trocken aus Pfalz, Deutschland) bei Wein Werte, Ihrem nachhaltigen Onlineshop.\" \/>\n<meta name=\"robots\" content=\"index, follow, max-snippet:-1, max-image-preview:large, max-video-preview:-1\" \/>\n<link rel=\"canonical\" href=\"https:\/\/wein-werte.com\/de\/produkt\/m-schadler-steffen-mugler-mugler-riesling-2024-750ml\/\" \/>\n<meta property=\"og:locale\" content=\"de_DE\" \/>\n<meta property=\"og:type\" content=\"article\" \/>\n<meta property=\"og:title\" content=\"M. Sch\u00e4dler - Steffen Mugler Mugler Riesling 2024\" \/>\n<meta property=\"og:description\" content=\"Kaufe M. Sch\u00e4dler - Steffen Mugler Mugler Riesling 2024 (Riesling, trocken aus Pfalz, Deutschland) bei Wein Werte, Ihrem nachhaltigen Onlineshop.\" \/>\n<meta property=\"og:url\" content=\"https:\/\/wein-werte.com\/de\/produkt\/m-schadler-steffen-mugler-mugler-riesling-2024-750ml\/\" \/>\n<meta property=\"og:site_name\" content=\"Wein Werte\" \/>\n<meta property=\"og:image\" content=\"https:\/\/wein-werte.com\/wp-content\/uploads\/2026\/04\/M.-Schadler-Steffen-Mugler-Mugler-Riesling-2024-750ml.png\" \/>\n\t<meta property=\"og:image:width\" content=\"276\" \/>\n\t<meta property=\"og:image:height\" content=\"1200\" \/>\n\t<meta property=\"og:image:type\" content=\"image\/png\" \/>\n<meta name=\"twitter:card\" content=\"summary_large_image\" \/>\n<meta name=\"twitter:label1\" content=\"Gesch\u00e4tzte Lesezeit\" \/>\n\t<meta name=\"twitter:data1\" content=\"1\u00a0Minute\" \/>\n<script type=\"application\/ld+json\" class=\"yoast-schema-graph\">{\"@context\":\"https:\\\/\\\/schema.org\",\"@graph\":[{\"@type\":\"WebPage\",\"@id\":\"https:\\\/\\\/wein-werte.com\\\/de\\\/produkt\\\/m-schadler-steffen-mugler-mugler-riesling-2024-750ml\\\/\",\"url\":\"https:\\\/\\\/wein-werte.com\\\/de\\\/produkt\\\/m-schadler-steffen-mugler-mugler-riesling-2024-750ml\\\/\",\"name\":\"M. Sch\u00e4dler - Steffen Mugler Mugler Riesling 2024\",\"isPartOf\":{\"@id\":\"https:\\\/\\\/wein-werte.com\\\/de\\\/#website\"},\"primaryImageOfPage\":{\"@id\":\"https:\\\/\\\/wein-werte.com\\\/de\\\/produkt\\\/m-schadler-steffen-mugler-mugler-riesling-2024-750ml\\\/#primaryimage\"},\"image\":{\"@id\":\"https:\\\/\\\/wein-werte.com\\\/de\\\/produkt\\\/m-schadler-steffen-mugler-mugler-riesling-2024-750ml\\\/#primaryimage\"},\"thumbnailUrl\":\"https:\\\/\\\/wein-werte.com\\\/wp-content\\\/uploads\\\/2026\\\/04\\\/M.-Schadler-Steffen-Mugler-Mugler-Riesling-2024-750ml.png\",\"datePublished\":\"2026-05-08T18:03:00+00:00\",\"description\":\"Kaufe M. Sch\u00e4dler - Steffen Mugler Mugler Riesling 2024 (Riesling, trocken aus Pfalz, Deutschland) bei Wein Werte, Ihrem nachhaltigen Onlineshop.\",\"breadcrumb\":{\"@id\":\"https:\\\/\\\/wein-werte.com\\\/de\\\/produkt\\\/m-schadler-steffen-mugler-mugler-riesling-2024-750ml\\\/#breadcrumb\"},\"inLanguage\":\"de\",\"potentialAction\":[{\"@type\":\"ReadAction\",\"target\":[\"https:\\\/\\\/wein-werte.com\\\/de\\\/produkt\\\/m-schadler-steffen-mugler-mugler-riesling-2024-750ml\\\/\"]}]},{\"@type\":\"ImageObject\",\"inLanguage\":\"de\",\"@id\":\"https:\\\/\\\/wein-werte.com\\\/de\\\/produkt\\\/m-schadler-steffen-mugler-mugler-riesling-2024-750ml\\\/#primaryimage\",\"url\":\"https:\\\/\\\/wein-werte.com\\\/wp-content\\\/uploads\\\/2026\\\/04\\\/M.-Schadler-Steffen-Mugler-Mugler-Riesling-2024-750ml.png\",\"contentUrl\":\"https:\\\/\\\/wein-werte.com\\\/wp-content\\\/uploads\\\/2026\\\/04\\\/M.-Schadler-Steffen-Mugler-Mugler-Riesling-2024-750ml.png\",\"width\":276,\"height\":1200,\"caption\":\"M. Sch\u00e4dler - Steffen Mugler Mugler Riesling trocken 2024 750ml\"},{\"@type\":\"BreadcrumbList\",\"@id\":\"https:\\\/\\\/wein-werte.com\\\/de\\\/produkt\\\/m-schadler-steffen-mugler-mugler-riesling-2024-750ml\\\/#breadcrumb\",\"itemListElement\":[{\"@type\":\"ListItem\",\"position\":1,\"name\":\"Home\",\"item\":\"https:\\\/\\\/wein-werte.com\\\/de\\\/\"},{\"@type\":\"ListItem\",\"position\":2,\"name\":\"Shop\",\"item\":\"https:\\\/\\\/wein-werte.com\\\/de\\\/shop\\\/\"},{\"@type\":\"ListItem\",\"position\":3,\"name\":\"M. Sch\u00e4dler &#8211; Steffen Mugler | Pfalz | Mugler Riesling trocken | 2024 | 750ml | bio\"}]},{\"@type\":\"WebSite\",\"@id\":\"https:\\\/\\\/wein-werte.com\\\/de\\\/#website\",\"url\":\"https:\\\/\\\/wein-werte.com\\\/de\\\/\",\"name\":\"Wein Werte\",\"description\":\"\",\"publisher\":{\"@id\":\"https:\\\/\\\/wein-werte.com\\\/de\\\/#organization\"},\"potentialAction\":[{\"@type\":\"SearchAction\",\"target\":{\"@type\":\"EntryPoint\",\"urlTemplate\":\"https:\\\/\\\/wein-werte.com\\\/de\\\/?s={search_term_string}\"},\"query-input\":{\"@type\":\"PropertyValueSpecification\",\"valueRequired\":true,\"valueName\":\"search_term_string\"}}],\"inLanguage\":\"de\"},{\"@type\":\"Organization\",\"@id\":\"https:\\\/\\\/wein-werte.com\\\/de\\\/#organization\",\"name\":\"Vins Fins Thorrold\",\"url\":\"https:\\\/\\\/wein-werte.com\\\/de\\\/\",\"logo\":{\"@type\":\"ImageObject\",\"inLanguage\":\"de\",\"@id\":\"https:\\\/\\\/wein-werte.com\\\/de\\\/#\\\/schema\\\/logo\\\/image\\\/\",\"url\":\"https:\\\/\\\/wein-werte.com\\\/wp-content\\\/uploads\\\/2023\\\/07\\\/Wein_werte_Logo700-1.png\",\"contentUrl\":\"https:\\\/\\\/wein-werte.com\\\/wp-content\\\/uploads\\\/2023\\\/07\\\/Wein_werte_Logo700-1.png\",\"width\":700,\"height\":272,\"caption\":\"Vins Fins Thorrold\"},\"image\":{\"@id\":\"https:\\\/\\\/wein-werte.com\\\/de\\\/#\\\/schema\\\/logo\\\/image\\\/\"}}]}<\/script>\n<!-- \/ Yoast SEO plugin. -->","yoast_head_json":{"title":"M. Sch\u00e4dler - Steffen Mugler Mugler Riesling 2024","description":"Kaufe M. Sch\u00e4dler - Steffen Mugler Mugler Riesling 2024 (Riesling, trocken aus Pfalz, Deutschland) bei Wein Werte, Ihrem nachhaltigen Onlineshop.","robots":{"index":"index","follow":"follow","max-snippet":"max-snippet:-1","max-image-preview":"max-image-preview:large","max-video-preview":"max-video-preview:-1"},"canonical":"https:\/\/wein-werte.com\/de\/produkt\/m-schadler-steffen-mugler-mugler-riesling-2024-750ml\/","og_locale":"de_DE","og_type":"article","og_title":"M. Sch\u00e4dler - Steffen Mugler Mugler Riesling 2024","og_description":"Kaufe M. Sch\u00e4dler - Steffen Mugler Mugler Riesling 2024 (Riesling, trocken aus Pfalz, Deutschland) bei Wein Werte, Ihrem nachhaltigen Onlineshop.","og_url":"https:\/\/wein-werte.com\/de\/produkt\/m-schadler-steffen-mugler-mugler-riesling-2024-750ml\/","og_site_name":"Wein Werte","og_image":[{"width":276,"height":1200,"url":"https:\/\/wein-werte.com\/wp-content\/uploads\/2026\/04\/M.-Schadler-Steffen-Mugler-Mugler-Riesling-2024-750ml.png","type":"image\/png"}],"twitter_card":"summary_large_image","twitter_misc":{"Gesch\u00e4tzte Lesezeit":"1\u00a0Minute"},"schema":{"@context":"https:\/\/schema.org","@graph":[{"@type":"WebPage","@id":"https:\/\/wein-werte.com\/de\/produkt\/m-schadler-steffen-mugler-mugler-riesling-2024-750ml\/","url":"https:\/\/wein-werte.com\/de\/produkt\/m-schadler-steffen-mugler-mugler-riesling-2024-750ml\/","name":"M. Sch\u00e4dler - Steffen Mugler Mugler Riesling 2024","isPartOf":{"@id":"https:\/\/wein-werte.com\/de\/#website"},"primaryImageOfPage":{"@id":"https:\/\/wein-werte.com\/de\/produkt\/m-schadler-steffen-mugler-mugler-riesling-2024-750ml\/#primaryimage"},"image":{"@id":"https:\/\/wein-werte.com\/de\/produkt\/m-schadler-steffen-mugler-mugler-riesling-2024-750ml\/#primaryimage"},"thumbnailUrl":"https:\/\/wein-werte.com\/wp-content\/uploads\/2026\/04\/M.-Schadler-Steffen-Mugler-Mugler-Riesling-2024-750ml.png","datePublished":"2026-05-08T18:03:00+00:00","description":"Kaufe M. Sch\u00e4dler - Steffen Mugler Mugler Riesling 2024 (Riesling, trocken aus Pfalz, Deutschland) bei Wein Werte, Ihrem nachhaltigen Onlineshop.","breadcrumb":{"@id":"https:\/\/wein-werte.com\/de\/produkt\/m-schadler-steffen-mugler-mugler-riesling-2024-750ml\/#breadcrumb"},"inLanguage":"de","potentialAction":[{"@type":"ReadAction","target":["https:\/\/wein-werte.com\/de\/produkt\/m-schadler-steffen-mugler-mugler-riesling-2024-750ml\/"]}]},{"@type":"ImageObject","inLanguage":"de","@id":"https:\/\/wein-werte.com\/de\/produkt\/m-schadler-steffen-mugler-mugler-riesling-2024-750ml\/#primaryimage","url":"https:\/\/wein-werte.com\/wp-content\/uploads\/2026\/04\/M.-Schadler-Steffen-Mugler-Mugler-Riesling-2024-750ml.png","contentUrl":"https:\/\/wein-werte.com\/wp-content\/uploads\/2026\/04\/M.-Schadler-Steffen-Mugler-Mugler-Riesling-2024-750ml.png","width":276,"height":1200,"caption":"M. Sch\u00e4dler - Steffen Mugler Mugler Riesling trocken 2024 750ml"},{"@type":"BreadcrumbList","@id":"https:\/\/wein-werte.com\/de\/produkt\/m-schadler-steffen-mugler-mugler-riesling-2024-750ml\/#breadcrumb","itemListElement":[{"@type":"ListItem","position":1,"name":"Home","item":"https:\/\/wein-werte.com\/de\/"},{"@type":"ListItem","position":2,"name":"Shop","item":"https:\/\/wein-werte.com\/de\/shop\/"},{"@type":"ListItem","position":3,"name":"M. Sch\u00e4dler &#8211; Steffen Mugler | Pfalz | Mugler Riesling trocken | 2024 | 750ml | bio"}]},{"@type":"WebSite","@id":"https:\/\/wein-werte.com\/de\/#website","url":"https:\/\/wein-werte.com\/de\/","name":"Wein Werte","description":"","publisher":{"@id":"https:\/\/wein-werte.com\/de\/#organization"},"potentialAction":[{"@type":"SearchAction","target":{"@type":"EntryPoint","urlTemplate":"https:\/\/wein-werte.com\/de\/?s={search_term_string}"},"query-input":{"@type":"PropertyValueSpecification","valueRequired":true,"valueName":"search_term_string"}}],"inLanguage":"de"},{"@type":"Organization","@id":"https:\/\/wein-werte.com\/de\/#organization","name":"Vins Fins Thorrold","url":"https:\/\/wein-werte.com\/de\/","logo":{"@type":"ImageObject","inLanguage":"de","@id":"https:\/\/wein-werte.com\/de\/#\/schema\/logo\/image\/","url":"https:\/\/wein-werte.com\/wp-content\/uploads\/2023\/07\/Wein_werte_Logo700-1.png","contentUrl":"https:\/\/wein-werte.com\/wp-content\/uploads\/2023\/07\/Wein_werte_Logo700-1.png","width":700,"height":272,"caption":"Vins Fins Thorrold"},"image":{"@id":"https:\/\/wein-werte.com\/de\/#\/schema\/logo\/image\/"}}]}},"_links":{"self":[{"href":"https:\/\/wein-werte.com\/de\/wp-json\/wp\/v2\/product\/1131361","targetHints":{"allow":["GET"]}}],"collection":[{"href":"https:\/\/wein-werte.com\/de\/wp-json\/wp\/v2\/product"}],"about":[{"href":"https:\/\/wein-werte.com\/de\/wp-json\/wp\/v2\/types\/product"}],"wp:featuredmedia":[{"embeddable":true,"href":"https:\/\/wein-werte.com\/de\/wp-json\/wp\/v2\/media\/1142292"}],"wp:attachment":[{"href":"https:\/\/wein-werte.com\/de\/wp-json\/wp\/v2\/media?parent=1131361"}],"wp:term":[{"taxonomy":"product_brand","embeddable":true,"href":"https:\/\/wein-werte.com\/de\/wp-json\/wp\/v2\/product_brand?post=1131361"},{"taxonomy":"product_cat","embeddable":true,"href":"https:\/\/wein-werte.com\/de\/wp-json\/wp\/v2\/product_cat?post=1131361"},{"taxonomy":"product_tag","embeddable":true,"href":"https:\/\/wein-werte.com\/de\/wp-json\/wp\/v2\/product_tag?post=1131361"}],"curies":[{"name":"wp","href":"https:\/\/api.w.org\/{rel}","templated":true}]}}