{"id":1131245,"date":"2026-05-08T20:02:54","date_gmt":"2026-05-08T18:02:54","guid":{"rendered":"https:\/\/wein-werte.com\/product\/okonomierat-rebholz-kastanienbusch-riesling-gg-2023-750ml\/"},"modified":"2026-04-27T11:47:09","modified_gmt":"2026-04-27T09:47:09","slug":"okonomierat-rebholz-kastanienbusch-riesling-gg-2023-750ml","status":"publish","type":"product","link":"https:\/\/wein-werte.com\/de\/produkt\/okonomierat-rebholz-kastanienbusch-riesling-gg-2023-750ml\/","title":{"rendered":"\u00d6konomierat Rebholz | Pfalz | Kastanienbusch Riesling GG | 2023 | 750ml | bio"},"content":{"rendered":"<p>Produktbeschreibung f\u00fcr \u00d6konomierat Rebholz Kastanienbusch Riesling GG 2023 (bio) <\/p>\n<h5>Informationen zum Wein<\/h5>\n<p> Westlich des Ortes Birkweiler befindet sich die Lage \u00bbKastanienbusch\u00ab am Rande eines Talkessels, in dem sie vor den k\u00fchlen Winden gesch\u00fctzt ist, die aus dem Pf\u00e4lzer Wald kommen. Die vom eisenhaltigen sogenannten Oberrotliegenden gepr\u00e4gte Lage ist mit 320 Metern \u00fc. NN die h\u00f6chste GG-Lage der Pfalz. Der Weinberg aus lockeren Granit-, Schiefer- und Melaphyrablagerungen hat eine Neigung von 30 bis 35 %. Die Parzellen von Rebholz geh\u00f6ren zur Urparzelle der Lage Kastanienbusch. Ausgebaut wurde der Wein nach Entrappung und einer rund 24-st\u00fcndigen Maischestandzeit. Nach Vorkl\u00e4rung und nat\u00fcrlicher Sedimentation erfolgte die G\u00e4rung im Edelstahl sowie ein sechsmonatiger Ausbau auf der Feinhefe. <\/p>\n<h5>Farbe<\/h5>\n<p> leuchtend Zitronengelb <\/p>\n<h5>Nase<\/h5>\n<p> Rebholz\u2019 Kastanienbusch 2023 ist der beste junge Jahrgang, den ich bisher von diesem Wein im Glas hatte. Er zeigt im Duft viel W\u00fcrze, viel Gestein, blonden Tabak, dazu reife Zitronen, Blutorangen und Grapefruits mit Schalen, au\u00dferdem wirkt er leicht traubig, extraktreich und kr\u00e4uterduftig mit Thymian, Nessel und Calendula. <\/p>\n<h5>Mund<\/h5>\n<p> Am Gaumen wirkt der Kastanienbusch wiederum recht saftig, fast s\u00fcffig und offen mit wei\u00dffleischiger Frucht und Zitrusnoten. Die S\u00e4urestruktur ist typisch 2023 mit Gro\u00dfz\u00fcgigkeit und Spannung zugleich. Zum Finale hin wird der Riesling zudem immer straffer mit leichtem Extrakt-Grip am Gaumen und \u00fcberbordender Mineralit\u00e4t und Salzigkeit. Der Kastanienbusch wirkt k\u00fchl, aber \u00fcberhaupt nicht abweisend, irgendwie filigran, trotz seiner Super-Power. Es ist ein gro\u00dfer Wein, das ist jetzt schon klar! <\/p>\n<p>Copyright Vinaturel 2025<\/p>\n<p>Keywords: <a href=\"https:\/\/wein-werte.com\/de\/shop\/?swoof=1&#038;pa_producer=\u00d6konomierat-Rebholz\">\u00d6konomierat Rebholz<\/a> <a href=\"https:\/\/wein-werte.com\/de\/shop\/?swoof=1&#038;woof_text=Kastanienbusch Riesling GG\">Kastanienbusch Riesling GG<\/a> 2023 bio <a href=\"https:\/\/wein-werte.com\/de\/shop\/?swoof=1&#038;pa_region=Pfalz\">Pfalz<\/a> <a href=\"https:\/\/wein-werte.com\/de\/shop\/?swoof=1&#038;pa_country=Deutschland\">Deutschland<\/a><\/p>\n<h3>Wine Advocate<\/h3>\n<p>Punkte: 97<\/p>\n<p>Der Kirrweiler 2023 Kastanienbusch Riesling GG er\u00f6ffnet bemerkenswert fein und feuersteinartig, mit einem atemberaubend tropischen Bouquet aus frisch reifen Mangoaromen, vermischt mit Tee- und Kr\u00e4uter- sowie Rosenharz- und Pflanzenaromen. Sehr komplex und zugleich hochgradig raffiniert, bietet er ein wunderbar intensives und edles Bouquet. Er stammt aus dem h\u00f6chsten, steilsten und flachsten Teil von Rebholz&#8217; vier Hektar gro\u00dfen Weinbergen in diesem 18 Hektar gro\u00dfen Cru und ist ein bemerkenswert reiner und salzhaltiger, aber dennoch dichter und intensiver, sehr komplexer Riesling aus rot gef\u00e4rbten Rotliegend-B\u00f6den, einem Konglomerat aus vulkanischem (Melaphyr-)Gestein, Schiefer, Sand und Ton. Dies ist ein faszinierender, knochentrockener, aber nicht asketischer, sondern saftiger und strukturierter Riesling, der der vollst\u00e4ndigste der GGs ist. 12,5 % Alkoholgehalt. Naturkorken. Verkostung im Januar 2025 im Weingut.<br \/>Stephan Reinhardt<\/p>\n<h3>Vinous<\/h3>\n<p>Punkte: (94-96)<\/p>\n<p>Der Riesling Birkweiler Kastanienbusch Grosses Gew\u00e4chs 2023 w\u00e4chst auf permischen Vulkanformationen. Ein Hauch von Passionsfrucht verleiht der Nase eine tropische Note, sehr aromatisch mit einem knackigen Feuersteinaroma. Am Gaumen ist er saftig und hat eine dunklere Note, die an die Schalen von Reine Claude erinnert, beh\u00e4lt aber dennoch eine zitronige Note. Im Abgang schimmern reifere Fr\u00fcchte durch, die saftigen Pfirsich und reifste Nektarine mit einer herrlichen Bitterkeit offenbaren, die das Wasser im Mund zusammenlaufen l\u00e4sst. (Knochentrocken) \u2013 Anne Krebiehl MW<br \/>Trinkfenster: 2028\u20132060<br \/>Testdatum: September 2024<\/p>\n<p>Internetseite des Weinguts: <a href=\"https:\/\/www.oekonomierat-rebholz.com\/en\/\" target=\"_blank\">https:\/\/www.oekonomierat-rebholz.com\/en\/<\/a><\/p>\n","protected":false},"excerpt":{"rendered":"<p>Lieferzeit: 1 bis 2 Arbeitstage (DE), 2 bis 5 Arbeitstage (EU and CH)<\/p>\n","protected":false},"featured_media":1142196,"template":"","meta":[],"product_brand":[],"product_cat":[19],"product_tag":[],"class_list":{"0":"post-1131245","1":"product","2":"type-product","3":"status-publish","4":"has-post-thumbnail","6":"product_cat-unkategorisiert","7":"pa_alcohol-for-filter-12-5","8":"pa_certified-biodynamic-ja-de","9":"pa_certified-organic-ja-de","10":"pa_colour-weiss","11":"pa_country-deutschland","12":"pa_grape-riesling","13":"pa_parker-points-for-filter-97-de-2","14":"pa_price-for-filter-10623","15":"pa_producer-okonomierat-rebholz","16":"pa_region-pfalz","17":"pa_size-ml-6584","18":"pa_sweetness-trocken-de","19":"pa_type-2-still-de","20":"pa_vinous-points-for-filter-20033","21":"pa_vintage-2023-de","22":"entry","23":"has-media","25":"first","26":"instock","27":"taxable","28":"shipping-taxable","29":"purchasable","30":"product-type-simple"},"yoast_head":"<!-- This site is optimized with the Yoast SEO plugin v27.5 - https:\/\/yoast.com\/product\/yoast-seo-wordpress\/ -->\n<title>\u00d6konomierat Rebholz Kastanienbusch Riesling GG 2023<\/title>\n<meta name=\"description\" content=\"Kaufe \u00d6konomierat Rebholz Kastanienbusch Riesling GG 2023 (Riesling, trocken aus Pfalz, Deutschland) bei Wein Werte, Ihrem nachhaltigen Onlineshop.\" \/>\n<meta name=\"robots\" content=\"index, follow, max-snippet:-1, max-image-preview:large, max-video-preview:-1\" \/>\n<link rel=\"canonical\" href=\"https:\/\/wein-werte.com\/de\/produkt\/okonomierat-rebholz-kastanienbusch-riesling-gg-2023-750ml\/\" \/>\n<meta property=\"og:locale\" content=\"de_DE\" \/>\n<meta property=\"og:type\" content=\"article\" \/>\n<meta property=\"og:title\" content=\"\u00d6konomierat Rebholz Kastanienbusch Riesling GG 2023\" \/>\n<meta property=\"og:description\" content=\"Kaufe \u00d6konomierat Rebholz Kastanienbusch Riesling GG 2023 (Riesling, trocken aus Pfalz, Deutschland) bei Wein Werte, Ihrem nachhaltigen Onlineshop.\" \/>\n<meta property=\"og:url\" content=\"https:\/\/wein-werte.com\/de\/produkt\/okonomierat-rebholz-kastanienbusch-riesling-gg-2023-750ml\/\" \/>\n<meta property=\"og:site_name\" content=\"Wein Werte\" \/>\n<meta property=\"og:image\" content=\"https:\/\/wein-werte.com\/wp-content\/uploads\/2026\/04\/Okonomierat-Rebholz-Kastanienbusch-Riesling-GG-2023-750ml.png\" \/>\n\t<meta property=\"og:image:width\" content=\"251\" \/>\n\t<meta property=\"og:image:height\" content=\"1200\" \/>\n\t<meta property=\"og:image:type\" content=\"image\/png\" \/>\n<meta name=\"twitter:card\" content=\"summary_large_image\" \/>\n<meta name=\"twitter:label1\" content=\"Gesch\u00e4tzte Lesezeit\" \/>\n\t<meta name=\"twitter:data1\" content=\"2\u00a0Minuten\" \/>\n<script type=\"application\/ld+json\" class=\"yoast-schema-graph\">{\"@context\":\"https:\\\/\\\/schema.org\",\"@graph\":[{\"@type\":\"WebPage\",\"@id\":\"https:\\\/\\\/wein-werte.com\\\/de\\\/produkt\\\/okonomierat-rebholz-kastanienbusch-riesling-gg-2023-750ml\\\/\",\"url\":\"https:\\\/\\\/wein-werte.com\\\/de\\\/produkt\\\/okonomierat-rebholz-kastanienbusch-riesling-gg-2023-750ml\\\/\",\"name\":\"\u00d6konomierat Rebholz Kastanienbusch Riesling GG 2023\",\"isPartOf\":{\"@id\":\"https:\\\/\\\/wein-werte.com\\\/de\\\/#website\"},\"primaryImageOfPage\":{\"@id\":\"https:\\\/\\\/wein-werte.com\\\/de\\\/produkt\\\/okonomierat-rebholz-kastanienbusch-riesling-gg-2023-750ml\\\/#primaryimage\"},\"image\":{\"@id\":\"https:\\\/\\\/wein-werte.com\\\/de\\\/produkt\\\/okonomierat-rebholz-kastanienbusch-riesling-gg-2023-750ml\\\/#primaryimage\"},\"thumbnailUrl\":\"https:\\\/\\\/wein-werte.com\\\/wp-content\\\/uploads\\\/2026\\\/04\\\/Okonomierat-Rebholz-Kastanienbusch-Riesling-GG-2023-750ml.png\",\"datePublished\":\"2026-05-08T18:02:54+00:00\",\"description\":\"Kaufe \u00d6konomierat Rebholz Kastanienbusch Riesling GG 2023 (Riesling, trocken aus Pfalz, Deutschland) bei Wein Werte, Ihrem nachhaltigen Onlineshop.\",\"breadcrumb\":{\"@id\":\"https:\\\/\\\/wein-werte.com\\\/de\\\/produkt\\\/okonomierat-rebholz-kastanienbusch-riesling-gg-2023-750ml\\\/#breadcrumb\"},\"inLanguage\":\"de\",\"potentialAction\":[{\"@type\":\"ReadAction\",\"target\":[\"https:\\\/\\\/wein-werte.com\\\/de\\\/produkt\\\/okonomierat-rebholz-kastanienbusch-riesling-gg-2023-750ml\\\/\"]}]},{\"@type\":\"ImageObject\",\"inLanguage\":\"de\",\"@id\":\"https:\\\/\\\/wein-werte.com\\\/de\\\/produkt\\\/okonomierat-rebholz-kastanienbusch-riesling-gg-2023-750ml\\\/#primaryimage\",\"url\":\"https:\\\/\\\/wein-werte.com\\\/wp-content\\\/uploads\\\/2026\\\/04\\\/Okonomierat-Rebholz-Kastanienbusch-Riesling-GG-2023-750ml.png\",\"contentUrl\":\"https:\\\/\\\/wein-werte.com\\\/wp-content\\\/uploads\\\/2026\\\/04\\\/Okonomierat-Rebholz-Kastanienbusch-Riesling-GG-2023-750ml.png\",\"width\":251,\"height\":1200,\"caption\":\"\u00d6konomierat Rebholz Kastanienbusch Riesling GG 2023 750ml\"},{\"@type\":\"BreadcrumbList\",\"@id\":\"https:\\\/\\\/wein-werte.com\\\/de\\\/produkt\\\/okonomierat-rebholz-kastanienbusch-riesling-gg-2023-750ml\\\/#breadcrumb\",\"itemListElement\":[{\"@type\":\"ListItem\",\"position\":1,\"name\":\"Home\",\"item\":\"https:\\\/\\\/wein-werte.com\\\/de\\\/\"},{\"@type\":\"ListItem\",\"position\":2,\"name\":\"Shop\",\"item\":\"https:\\\/\\\/wein-werte.com\\\/de\\\/shop\\\/\"},{\"@type\":\"ListItem\",\"position\":3,\"name\":\"\u00d6konomierat Rebholz | Pfalz | Kastanienbusch Riesling GG | 2023 | 750ml | bio\"}]},{\"@type\":\"WebSite\",\"@id\":\"https:\\\/\\\/wein-werte.com\\\/de\\\/#website\",\"url\":\"https:\\\/\\\/wein-werte.com\\\/de\\\/\",\"name\":\"Wein Werte\",\"description\":\"\",\"publisher\":{\"@id\":\"https:\\\/\\\/wein-werte.com\\\/de\\\/#organization\"},\"potentialAction\":[{\"@type\":\"SearchAction\",\"target\":{\"@type\":\"EntryPoint\",\"urlTemplate\":\"https:\\\/\\\/wein-werte.com\\\/de\\\/?s={search_term_string}\"},\"query-input\":{\"@type\":\"PropertyValueSpecification\",\"valueRequired\":true,\"valueName\":\"search_term_string\"}}],\"inLanguage\":\"de\"},{\"@type\":\"Organization\",\"@id\":\"https:\\\/\\\/wein-werte.com\\\/de\\\/#organization\",\"name\":\"Vins Fins Thorrold\",\"url\":\"https:\\\/\\\/wein-werte.com\\\/de\\\/\",\"logo\":{\"@type\":\"ImageObject\",\"inLanguage\":\"de\",\"@id\":\"https:\\\/\\\/wein-werte.com\\\/de\\\/#\\\/schema\\\/logo\\\/image\\\/\",\"url\":\"https:\\\/\\\/wein-werte.com\\\/wp-content\\\/uploads\\\/2023\\\/07\\\/Wein_werte_Logo700-1.png\",\"contentUrl\":\"https:\\\/\\\/wein-werte.com\\\/wp-content\\\/uploads\\\/2023\\\/07\\\/Wein_werte_Logo700-1.png\",\"width\":700,\"height\":272,\"caption\":\"Vins Fins Thorrold\"},\"image\":{\"@id\":\"https:\\\/\\\/wein-werte.com\\\/de\\\/#\\\/schema\\\/logo\\\/image\\\/\"}}]}<\/script>\n<!-- \/ Yoast SEO plugin. -->","yoast_head_json":{"title":"\u00d6konomierat Rebholz Kastanienbusch Riesling GG 2023","description":"Kaufe \u00d6konomierat Rebholz Kastanienbusch Riesling GG 2023 (Riesling, trocken aus Pfalz, Deutschland) bei Wein Werte, Ihrem nachhaltigen Onlineshop.","robots":{"index":"index","follow":"follow","max-snippet":"max-snippet:-1","max-image-preview":"max-image-preview:large","max-video-preview":"max-video-preview:-1"},"canonical":"https:\/\/wein-werte.com\/de\/produkt\/okonomierat-rebholz-kastanienbusch-riesling-gg-2023-750ml\/","og_locale":"de_DE","og_type":"article","og_title":"\u00d6konomierat Rebholz Kastanienbusch Riesling GG 2023","og_description":"Kaufe \u00d6konomierat Rebholz Kastanienbusch Riesling GG 2023 (Riesling, trocken aus Pfalz, Deutschland) bei Wein Werte, Ihrem nachhaltigen Onlineshop.","og_url":"https:\/\/wein-werte.com\/de\/produkt\/okonomierat-rebholz-kastanienbusch-riesling-gg-2023-750ml\/","og_site_name":"Wein Werte","og_image":[{"width":251,"height":1200,"url":"https:\/\/wein-werte.com\/wp-content\/uploads\/2026\/04\/Okonomierat-Rebholz-Kastanienbusch-Riesling-GG-2023-750ml.png","type":"image\/png"}],"twitter_card":"summary_large_image","twitter_misc":{"Gesch\u00e4tzte Lesezeit":"2\u00a0Minuten"},"schema":{"@context":"https:\/\/schema.org","@graph":[{"@type":"WebPage","@id":"https:\/\/wein-werte.com\/de\/produkt\/okonomierat-rebholz-kastanienbusch-riesling-gg-2023-750ml\/","url":"https:\/\/wein-werte.com\/de\/produkt\/okonomierat-rebholz-kastanienbusch-riesling-gg-2023-750ml\/","name":"\u00d6konomierat Rebholz Kastanienbusch Riesling GG 2023","isPartOf":{"@id":"https:\/\/wein-werte.com\/de\/#website"},"primaryImageOfPage":{"@id":"https:\/\/wein-werte.com\/de\/produkt\/okonomierat-rebholz-kastanienbusch-riesling-gg-2023-750ml\/#primaryimage"},"image":{"@id":"https:\/\/wein-werte.com\/de\/produkt\/okonomierat-rebholz-kastanienbusch-riesling-gg-2023-750ml\/#primaryimage"},"thumbnailUrl":"https:\/\/wein-werte.com\/wp-content\/uploads\/2026\/04\/Okonomierat-Rebholz-Kastanienbusch-Riesling-GG-2023-750ml.png","datePublished":"2026-05-08T18:02:54+00:00","description":"Kaufe \u00d6konomierat Rebholz Kastanienbusch Riesling GG 2023 (Riesling, trocken aus Pfalz, Deutschland) bei Wein Werte, Ihrem nachhaltigen Onlineshop.","breadcrumb":{"@id":"https:\/\/wein-werte.com\/de\/produkt\/okonomierat-rebholz-kastanienbusch-riesling-gg-2023-750ml\/#breadcrumb"},"inLanguage":"de","potentialAction":[{"@type":"ReadAction","target":["https:\/\/wein-werte.com\/de\/produkt\/okonomierat-rebholz-kastanienbusch-riesling-gg-2023-750ml\/"]}]},{"@type":"ImageObject","inLanguage":"de","@id":"https:\/\/wein-werte.com\/de\/produkt\/okonomierat-rebholz-kastanienbusch-riesling-gg-2023-750ml\/#primaryimage","url":"https:\/\/wein-werte.com\/wp-content\/uploads\/2026\/04\/Okonomierat-Rebholz-Kastanienbusch-Riesling-GG-2023-750ml.png","contentUrl":"https:\/\/wein-werte.com\/wp-content\/uploads\/2026\/04\/Okonomierat-Rebholz-Kastanienbusch-Riesling-GG-2023-750ml.png","width":251,"height":1200,"caption":"\u00d6konomierat Rebholz Kastanienbusch Riesling GG 2023 750ml"},{"@type":"BreadcrumbList","@id":"https:\/\/wein-werte.com\/de\/produkt\/okonomierat-rebholz-kastanienbusch-riesling-gg-2023-750ml\/#breadcrumb","itemListElement":[{"@type":"ListItem","position":1,"name":"Home","item":"https:\/\/wein-werte.com\/de\/"},{"@type":"ListItem","position":2,"name":"Shop","item":"https:\/\/wein-werte.com\/de\/shop\/"},{"@type":"ListItem","position":3,"name":"\u00d6konomierat Rebholz | Pfalz | Kastanienbusch Riesling GG | 2023 | 750ml | bio"}]},{"@type":"WebSite","@id":"https:\/\/wein-werte.com\/de\/#website","url":"https:\/\/wein-werte.com\/de\/","name":"Wein Werte","description":"","publisher":{"@id":"https:\/\/wein-werte.com\/de\/#organization"},"potentialAction":[{"@type":"SearchAction","target":{"@type":"EntryPoint","urlTemplate":"https:\/\/wein-werte.com\/de\/?s={search_term_string}"},"query-input":{"@type":"PropertyValueSpecification","valueRequired":true,"valueName":"search_term_string"}}],"inLanguage":"de"},{"@type":"Organization","@id":"https:\/\/wein-werte.com\/de\/#organization","name":"Vins Fins Thorrold","url":"https:\/\/wein-werte.com\/de\/","logo":{"@type":"ImageObject","inLanguage":"de","@id":"https:\/\/wein-werte.com\/de\/#\/schema\/logo\/image\/","url":"https:\/\/wein-werte.com\/wp-content\/uploads\/2023\/07\/Wein_werte_Logo700-1.png","contentUrl":"https:\/\/wein-werte.com\/wp-content\/uploads\/2023\/07\/Wein_werte_Logo700-1.png","width":700,"height":272,"caption":"Vins Fins Thorrold"},"image":{"@id":"https:\/\/wein-werte.com\/de\/#\/schema\/logo\/image\/"}}]}},"_links":{"self":[{"href":"https:\/\/wein-werte.com\/de\/wp-json\/wp\/v2\/product\/1131245","targetHints":{"allow":["GET"]}}],"collection":[{"href":"https:\/\/wein-werte.com\/de\/wp-json\/wp\/v2\/product"}],"about":[{"href":"https:\/\/wein-werte.com\/de\/wp-json\/wp\/v2\/types\/product"}],"wp:featuredmedia":[{"embeddable":true,"href":"https:\/\/wein-werte.com\/de\/wp-json\/wp\/v2\/media\/1142196"}],"wp:attachment":[{"href":"https:\/\/wein-werte.com\/de\/wp-json\/wp\/v2\/media?parent=1131245"}],"wp:term":[{"taxonomy":"product_brand","embeddable":true,"href":"https:\/\/wein-werte.com\/de\/wp-json\/wp\/v2\/product_brand?post=1131245"},{"taxonomy":"product_cat","embeddable":true,"href":"https:\/\/wein-werte.com\/de\/wp-json\/wp\/v2\/product_cat?post=1131245"},{"taxonomy":"product_tag","embeddable":true,"href":"https:\/\/wein-werte.com\/de\/wp-json\/wp\/v2\/product_tag?post=1131245"}],"curies":[{"name":"wp","href":"https:\/\/api.w.org\/{rel}","templated":true}]}}