{"id":1131240,"date":"2026-05-05T18:23:10","date_gmt":"2026-05-05T16:23:10","guid":{"rendered":"https:\/\/wein-werte.com\/product\/okonomierat-rebholz-riesling-im-sonnenschein-gg-2023-750ml\/"},"modified":"2026-04-27T11:47:09","modified_gmt":"2026-04-27T09:47:09","slug":"okonomierat-rebholz-riesling-im-sonnenschein-gg-2023-750ml","status":"publish","type":"product","link":"https:\/\/wein-werte.com\/de\/produkt\/okonomierat-rebholz-riesling-im-sonnenschein-gg-2023-750ml\/","title":{"rendered":"\u00d6konomierat Rebholz | Pfalz | Riesling &#8220;Im Sonnenschein&#8221; GG | 2023 | 750ml | bio"},"content":{"rendered":"<p>Produktbeschreibung f\u00fcr \u00d6konomierat Rebholz Riesling &#8220;Im Sonnenschein&#8221; GG 2023 (bio) <\/p>\n<h5>Informationen zum Wein<\/h5>\n<p> Die meisten Weinberge am Haardtrand im \u00dcbergang von der Rheinebene zum Pf\u00e4lzer Wald sind nach Osten ausgerichtet. Im Sonnenschein liegt allerdings die gleichnamige Siebeldinger Lage im Queichtal; denn sie ist s\u00fcdlich exponiert. Der Weinberg liegt auf 160 bis 250 Metern und hat eine Hangneigung von 5 bis 20 %. Der Riesling steht auf Muschelkalkboden aus dem Trias. Ausgebaut wurde der Wein nach der Entrappung und einer 24-st\u00fcndigen Maischestandzeit. Nach Vorkl\u00e4rung und nat\u00fcrlicher Sedimentation erfolgte die G\u00e4rung im Edelstahl und danach ein sechsmonatiger Ausbau auf der Feinhefe. <\/p>\n<h5>Farbe<\/h5>\n<p> mittleres Strohgelb <\/p>\n<h5>Nase<\/h5>\n<p> Der 2023er Riesling Im Sonnenschein und der Ganz Horn tauschen in 2023 die Rollen. In diesem ist der Im Sonnenschein der eher leicht herbe und tonisch wirkende Riesling von Apfelschalen, Grapefruitzesten und nussige Noten, reifer Zitrone, viel zersto\u00dfenem Kalk, Austernschale und Jod, aber auch mit Mirabelle und einem Hauch von Mango. <\/p>\n<h5>Mund<\/h5>\n<p> Der Wein bietet am Gaumen einen guten S\u00e4uredruck mit viel Energie. Hier wirkt der Wein ebenfalls zun\u00e4chst herb und zudem salzig. Der Muschelkalk verbindet die Kraft und Mineralit\u00e4t mit feiner Cremigkeit, w\u00e4hrend die S\u00e4ure extrempr\u00e4zise und glasklar durch die helle Frucht schneidet. Es ist ein saftiger, aber auch tabakiger, kr\u00e4utriger, phenolischer Riesling kreidiger K\u00fchle und prickelnder Mineralit\u00e4t, Saft und Salz. <\/p>\n<p>Copyright Vinaturel 2025<\/p>\n<p>Keywords: <a href=\"https:\/\/wein-werte.com\/de\/shop\/?swoof=1&#038;pa_producer=\u00d6konomierat-Rebholz\">\u00d6konomierat Rebholz<\/a> <a href=\"https:\/\/wein-werte.com\/de\/shop\/?swoof=1&#038;woof_text=Riesling \"Im Sonnenschein\" GG\">Riesling &#8220;Im Sonnenschein&#8221; GG<\/a> 2023 bio <a href=\"https:\/\/wein-werte.com\/de\/shop\/?swoof=1&#038;pa_region=Pfalz\">Pfalz<\/a> <a href=\"https:\/\/wein-werte.com\/de\/shop\/?swoof=1&#038;pa_country=Deutschland\">Deutschland<\/a><\/p>\n<h3>Wine Advocate<\/h3>\n<p>Punkte: 97+<\/p>\n<p>Der 2023er Im Sonnenschein Riesling GG basiert auf \u00fcber 60 Jahre alten Rebst\u00f6cken auf Muschelkalkb\u00f6den. Er er\u00f6ffnet mit einem spektakul\u00e4r reinen, salzigen, intensiven und kalkhaltigen Duft nach reifen, dichten Kernfr\u00fcchten mit kristallinen, salzigen Noten von zerkleinertem Gestein (und es gibt viele Gesteine in dieser Lage). Rein, salzig und mit dem Griff von nassen Steinen am Gaumen ist dies ein vollmundiger, saftiger, eleganter und strukturierter Riesling mit feinen Tanninen und einem langen, komplexen und w\u00fcrzigen Abgang. 12,5 % Alkoholgehalt. Naturkorken. Verkostung im Januar 2025 auf dem Weingut.<br \/>Stephan Reinhardt<\/p>\n<h3>Vinous<\/h3>\n<p>Punkte: (95-97)<\/p>\n<p>Der Riesling Siebeldinger Im Sonnenschein Grosses Gew\u00e4chs 2023 stammt von 64 Jahre alten Rebst\u00f6cken, die zu den \u00e4ltesten der Pfalz geh\u00f6ren. Die Nase gl\u00fcht f\u00f6rmlich vor Frucht \u2013 herrlich reife Reine-Claude-Pflaume erscheint, die in feinste, ruhige Amalfi-Zitrone \u00fcbergeht. Alles scheint in K\u00fchle und Spritzigkeit zu versinken, saftig, steinig, salzig und schlank. So lang und so elegant, dieser Wein ist absolut pr\u00e4zise. (Knochentrocken) \u2013 Anne Krebiehl MW<br \/>Trinkfenster: 2028\u20132060<br \/>Testdatum: September 2024<\/p>\n<p>Internetseite des Weinguts: <a href=\"https:\/\/www.oekonomierat-rebholz.com\/en\/\" target=\"_blank\">https:\/\/www.oekonomierat-rebholz.com\/en\/<\/a><\/p>\n","protected":false},"excerpt":{"rendered":"<p>Lieferzeit: 1 bis 2 Arbeitstage (DE), 2 bis 5 Arbeitstage (EU and CH)<\/p>\n","protected":false},"featured_media":1142192,"template":"","meta":[],"product_brand":[],"product_cat":[19],"product_tag":[],"class_list":{"0":"post-1131240","1":"product","2":"type-product","3":"status-publish","4":"has-post-thumbnail","6":"product_cat-unkategorisiert","7":"pa_alcohol-for-filter-12-5","8":"pa_certified-biodynamic-ja-de","9":"pa_certified-organic-ja-de","10":"pa_colour-weiss","11":"pa_country-deutschland","12":"pa_grape-riesling","13":"pa_parker-points-for-filter-97-de-2","14":"pa_price-for-filter-10620","15":"pa_producer-okonomierat-rebholz","16":"pa_region-pfalz","17":"pa_size-ml-6584","18":"pa_sweetness-trocken-de","19":"pa_type-2-still-de","20":"pa_vinous-points-for-filter-20035","21":"pa_vintage-2023-de","22":"entry","23":"has-media","25":"first","26":"instock","27":"taxable","28":"shipping-taxable","29":"purchasable","30":"product-type-simple"},"yoast_head":"<!-- This site is optimized with the Yoast SEO plugin v27.5 - https:\/\/yoast.com\/product\/yoast-seo-wordpress\/ -->\n<title>\u00d6konomierat Rebholz Riesling &quot;Im Sonnenschein&quot; GG 2023<\/title>\n<meta name=\"description\" content=\"Kaufe \u00d6konomierat Rebholz Riesling &quot;Im Sonnenschein&quot; GG 2023 (Riesling, trocken aus Pfalz, Deutschland) bei Wein Werte, Ihrem nachhaltigen Onlineshop.\" \/>\n<meta name=\"robots\" content=\"index, follow, max-snippet:-1, max-image-preview:large, max-video-preview:-1\" \/>\n<link rel=\"canonical\" href=\"https:\/\/wein-werte.com\/de\/produkt\/okonomierat-rebholz-riesling-im-sonnenschein-gg-2023-750ml\/\" \/>\n<meta property=\"og:locale\" content=\"de_DE\" \/>\n<meta property=\"og:type\" content=\"article\" \/>\n<meta property=\"og:title\" content=\"\u00d6konomierat Rebholz Riesling &quot;Im Sonnenschein&quot; GG 2023\" \/>\n<meta property=\"og:description\" content=\"Kaufe \u00d6konomierat Rebholz Riesling &quot;Im Sonnenschein&quot; GG 2023 (Riesling, trocken aus Pfalz, Deutschland) bei Wein Werte, Ihrem nachhaltigen Onlineshop.\" \/>\n<meta property=\"og:url\" content=\"https:\/\/wein-werte.com\/de\/produkt\/okonomierat-rebholz-riesling-im-sonnenschein-gg-2023-750ml\/\" \/>\n<meta property=\"og:site_name\" content=\"Wein Werte\" \/>\n<meta property=\"og:image\" content=\"https:\/\/wein-werte.com\/wp-content\/uploads\/2026\/04\/Okonomierat-Rebholz-Riesling-Im-Sonnenschein-GG-2023-750ml.png\" \/>\n\t<meta property=\"og:image:width\" content=\"258\" \/>\n\t<meta property=\"og:image:height\" content=\"1200\" \/>\n\t<meta property=\"og:image:type\" content=\"image\/png\" \/>\n<meta name=\"twitter:card\" content=\"summary_large_image\" \/>\n<meta name=\"twitter:label1\" content=\"Gesch\u00e4tzte Lesezeit\" \/>\n\t<meta name=\"twitter:data1\" content=\"2\u00a0Minuten\" \/>\n<script type=\"application\/ld+json\" class=\"yoast-schema-graph\">{\"@context\":\"https:\\\/\\\/schema.org\",\"@graph\":[{\"@type\":\"WebPage\",\"@id\":\"https:\\\/\\\/wein-werte.com\\\/de\\\/produkt\\\/okonomierat-rebholz-riesling-im-sonnenschein-gg-2023-750ml\\\/\",\"url\":\"https:\\\/\\\/wein-werte.com\\\/de\\\/produkt\\\/okonomierat-rebholz-riesling-im-sonnenschein-gg-2023-750ml\\\/\",\"name\":\"\u00d6konomierat Rebholz Riesling \\\"Im Sonnenschein\\\" GG 2023\",\"isPartOf\":{\"@id\":\"https:\\\/\\\/wein-werte.com\\\/de\\\/#website\"},\"primaryImageOfPage\":{\"@id\":\"https:\\\/\\\/wein-werte.com\\\/de\\\/produkt\\\/okonomierat-rebholz-riesling-im-sonnenschein-gg-2023-750ml\\\/#primaryimage\"},\"image\":{\"@id\":\"https:\\\/\\\/wein-werte.com\\\/de\\\/produkt\\\/okonomierat-rebholz-riesling-im-sonnenschein-gg-2023-750ml\\\/#primaryimage\"},\"thumbnailUrl\":\"https:\\\/\\\/wein-werte.com\\\/wp-content\\\/uploads\\\/2026\\\/04\\\/Okonomierat-Rebholz-Riesling-Im-Sonnenschein-GG-2023-750ml.png\",\"datePublished\":\"2026-05-05T16:23:10+00:00\",\"description\":\"Kaufe \u00d6konomierat Rebholz Riesling \\\"Im Sonnenschein\\\" GG 2023 (Riesling, trocken aus Pfalz, Deutschland) bei Wein Werte, Ihrem nachhaltigen Onlineshop.\",\"breadcrumb\":{\"@id\":\"https:\\\/\\\/wein-werte.com\\\/de\\\/produkt\\\/okonomierat-rebholz-riesling-im-sonnenschein-gg-2023-750ml\\\/#breadcrumb\"},\"inLanguage\":\"de\",\"potentialAction\":[{\"@type\":\"ReadAction\",\"target\":[\"https:\\\/\\\/wein-werte.com\\\/de\\\/produkt\\\/okonomierat-rebholz-riesling-im-sonnenschein-gg-2023-750ml\\\/\"]}]},{\"@type\":\"ImageObject\",\"inLanguage\":\"de\",\"@id\":\"https:\\\/\\\/wein-werte.com\\\/de\\\/produkt\\\/okonomierat-rebholz-riesling-im-sonnenschein-gg-2023-750ml\\\/#primaryimage\",\"url\":\"https:\\\/\\\/wein-werte.com\\\/wp-content\\\/uploads\\\/2026\\\/04\\\/Okonomierat-Rebholz-Riesling-Im-Sonnenschein-GG-2023-750ml.png\",\"contentUrl\":\"https:\\\/\\\/wein-werte.com\\\/wp-content\\\/uploads\\\/2026\\\/04\\\/Okonomierat-Rebholz-Riesling-Im-Sonnenschein-GG-2023-750ml.png\",\"width\":258,\"height\":1200,\"caption\":\"\u00d6konomierat Rebholz Riesling \\\"Im Sonnenschein\\\" GG 2023 750ml\"},{\"@type\":\"BreadcrumbList\",\"@id\":\"https:\\\/\\\/wein-werte.com\\\/de\\\/produkt\\\/okonomierat-rebholz-riesling-im-sonnenschein-gg-2023-750ml\\\/#breadcrumb\",\"itemListElement\":[{\"@type\":\"ListItem\",\"position\":1,\"name\":\"Home\",\"item\":\"https:\\\/\\\/wein-werte.com\\\/de\\\/\"},{\"@type\":\"ListItem\",\"position\":2,\"name\":\"Shop\",\"item\":\"https:\\\/\\\/wein-werte.com\\\/de\\\/shop\\\/\"},{\"@type\":\"ListItem\",\"position\":3,\"name\":\"\u00d6konomierat Rebholz | Pfalz | Riesling &#8220;Im Sonnenschein&#8221; GG | 2023 | 750ml | bio\"}]},{\"@type\":\"WebSite\",\"@id\":\"https:\\\/\\\/wein-werte.com\\\/de\\\/#website\",\"url\":\"https:\\\/\\\/wein-werte.com\\\/de\\\/\",\"name\":\"Wein Werte\",\"description\":\"\",\"publisher\":{\"@id\":\"https:\\\/\\\/wein-werte.com\\\/de\\\/#organization\"},\"potentialAction\":[{\"@type\":\"SearchAction\",\"target\":{\"@type\":\"EntryPoint\",\"urlTemplate\":\"https:\\\/\\\/wein-werte.com\\\/de\\\/?s={search_term_string}\"},\"query-input\":{\"@type\":\"PropertyValueSpecification\",\"valueRequired\":true,\"valueName\":\"search_term_string\"}}],\"inLanguage\":\"de\"},{\"@type\":\"Organization\",\"@id\":\"https:\\\/\\\/wein-werte.com\\\/de\\\/#organization\",\"name\":\"Vins Fins Thorrold\",\"url\":\"https:\\\/\\\/wein-werte.com\\\/de\\\/\",\"logo\":{\"@type\":\"ImageObject\",\"inLanguage\":\"de\",\"@id\":\"https:\\\/\\\/wein-werte.com\\\/de\\\/#\\\/schema\\\/logo\\\/image\\\/\",\"url\":\"https:\\\/\\\/wein-werte.com\\\/wp-content\\\/uploads\\\/2023\\\/07\\\/Wein_werte_Logo700-1.png\",\"contentUrl\":\"https:\\\/\\\/wein-werte.com\\\/wp-content\\\/uploads\\\/2023\\\/07\\\/Wein_werte_Logo700-1.png\",\"width\":700,\"height\":272,\"caption\":\"Vins Fins Thorrold\"},\"image\":{\"@id\":\"https:\\\/\\\/wein-werte.com\\\/de\\\/#\\\/schema\\\/logo\\\/image\\\/\"}}]}<\/script>\n<!-- \/ Yoast SEO plugin. -->","yoast_head_json":{"title":"\u00d6konomierat Rebholz Riesling \"Im Sonnenschein\" GG 2023","description":"Kaufe \u00d6konomierat Rebholz Riesling \"Im Sonnenschein\" GG 2023 (Riesling, trocken aus Pfalz, Deutschland) bei Wein Werte, Ihrem nachhaltigen Onlineshop.","robots":{"index":"index","follow":"follow","max-snippet":"max-snippet:-1","max-image-preview":"max-image-preview:large","max-video-preview":"max-video-preview:-1"},"canonical":"https:\/\/wein-werte.com\/de\/produkt\/okonomierat-rebholz-riesling-im-sonnenschein-gg-2023-750ml\/","og_locale":"de_DE","og_type":"article","og_title":"\u00d6konomierat Rebholz Riesling \"Im Sonnenschein\" GG 2023","og_description":"Kaufe \u00d6konomierat Rebholz Riesling \"Im Sonnenschein\" GG 2023 (Riesling, trocken aus Pfalz, Deutschland) bei Wein Werte, Ihrem nachhaltigen Onlineshop.","og_url":"https:\/\/wein-werte.com\/de\/produkt\/okonomierat-rebholz-riesling-im-sonnenschein-gg-2023-750ml\/","og_site_name":"Wein Werte","og_image":[{"width":258,"height":1200,"url":"https:\/\/wein-werte.com\/wp-content\/uploads\/2026\/04\/Okonomierat-Rebholz-Riesling-Im-Sonnenschein-GG-2023-750ml.png","type":"image\/png"}],"twitter_card":"summary_large_image","twitter_misc":{"Gesch\u00e4tzte Lesezeit":"2\u00a0Minuten"},"schema":{"@context":"https:\/\/schema.org","@graph":[{"@type":"WebPage","@id":"https:\/\/wein-werte.com\/de\/produkt\/okonomierat-rebholz-riesling-im-sonnenschein-gg-2023-750ml\/","url":"https:\/\/wein-werte.com\/de\/produkt\/okonomierat-rebholz-riesling-im-sonnenschein-gg-2023-750ml\/","name":"\u00d6konomierat Rebholz Riesling \"Im Sonnenschein\" GG 2023","isPartOf":{"@id":"https:\/\/wein-werte.com\/de\/#website"},"primaryImageOfPage":{"@id":"https:\/\/wein-werte.com\/de\/produkt\/okonomierat-rebholz-riesling-im-sonnenschein-gg-2023-750ml\/#primaryimage"},"image":{"@id":"https:\/\/wein-werte.com\/de\/produkt\/okonomierat-rebholz-riesling-im-sonnenschein-gg-2023-750ml\/#primaryimage"},"thumbnailUrl":"https:\/\/wein-werte.com\/wp-content\/uploads\/2026\/04\/Okonomierat-Rebholz-Riesling-Im-Sonnenschein-GG-2023-750ml.png","datePublished":"2026-05-05T16:23:10+00:00","description":"Kaufe \u00d6konomierat Rebholz Riesling \"Im Sonnenschein\" GG 2023 (Riesling, trocken aus Pfalz, Deutschland) bei Wein Werte, Ihrem nachhaltigen Onlineshop.","breadcrumb":{"@id":"https:\/\/wein-werte.com\/de\/produkt\/okonomierat-rebholz-riesling-im-sonnenschein-gg-2023-750ml\/#breadcrumb"},"inLanguage":"de","potentialAction":[{"@type":"ReadAction","target":["https:\/\/wein-werte.com\/de\/produkt\/okonomierat-rebholz-riesling-im-sonnenschein-gg-2023-750ml\/"]}]},{"@type":"ImageObject","inLanguage":"de","@id":"https:\/\/wein-werte.com\/de\/produkt\/okonomierat-rebholz-riesling-im-sonnenschein-gg-2023-750ml\/#primaryimage","url":"https:\/\/wein-werte.com\/wp-content\/uploads\/2026\/04\/Okonomierat-Rebholz-Riesling-Im-Sonnenschein-GG-2023-750ml.png","contentUrl":"https:\/\/wein-werte.com\/wp-content\/uploads\/2026\/04\/Okonomierat-Rebholz-Riesling-Im-Sonnenschein-GG-2023-750ml.png","width":258,"height":1200,"caption":"\u00d6konomierat Rebholz Riesling \"Im Sonnenschein\" GG 2023 750ml"},{"@type":"BreadcrumbList","@id":"https:\/\/wein-werte.com\/de\/produkt\/okonomierat-rebholz-riesling-im-sonnenschein-gg-2023-750ml\/#breadcrumb","itemListElement":[{"@type":"ListItem","position":1,"name":"Home","item":"https:\/\/wein-werte.com\/de\/"},{"@type":"ListItem","position":2,"name":"Shop","item":"https:\/\/wein-werte.com\/de\/shop\/"},{"@type":"ListItem","position":3,"name":"\u00d6konomierat Rebholz | Pfalz | Riesling &#8220;Im Sonnenschein&#8221; GG | 2023 | 750ml | bio"}]},{"@type":"WebSite","@id":"https:\/\/wein-werte.com\/de\/#website","url":"https:\/\/wein-werte.com\/de\/","name":"Wein Werte","description":"","publisher":{"@id":"https:\/\/wein-werte.com\/de\/#organization"},"potentialAction":[{"@type":"SearchAction","target":{"@type":"EntryPoint","urlTemplate":"https:\/\/wein-werte.com\/de\/?s={search_term_string}"},"query-input":{"@type":"PropertyValueSpecification","valueRequired":true,"valueName":"search_term_string"}}],"inLanguage":"de"},{"@type":"Organization","@id":"https:\/\/wein-werte.com\/de\/#organization","name":"Vins Fins Thorrold","url":"https:\/\/wein-werte.com\/de\/","logo":{"@type":"ImageObject","inLanguage":"de","@id":"https:\/\/wein-werte.com\/de\/#\/schema\/logo\/image\/","url":"https:\/\/wein-werte.com\/wp-content\/uploads\/2023\/07\/Wein_werte_Logo700-1.png","contentUrl":"https:\/\/wein-werte.com\/wp-content\/uploads\/2023\/07\/Wein_werte_Logo700-1.png","width":700,"height":272,"caption":"Vins Fins Thorrold"},"image":{"@id":"https:\/\/wein-werte.com\/de\/#\/schema\/logo\/image\/"}}]}},"_links":{"self":[{"href":"https:\/\/wein-werte.com\/de\/wp-json\/wp\/v2\/product\/1131240","targetHints":{"allow":["GET"]}}],"collection":[{"href":"https:\/\/wein-werte.com\/de\/wp-json\/wp\/v2\/product"}],"about":[{"href":"https:\/\/wein-werte.com\/de\/wp-json\/wp\/v2\/types\/product"}],"wp:featuredmedia":[{"embeddable":true,"href":"https:\/\/wein-werte.com\/de\/wp-json\/wp\/v2\/media\/1142192"}],"wp:attachment":[{"href":"https:\/\/wein-werte.com\/de\/wp-json\/wp\/v2\/media?parent=1131240"}],"wp:term":[{"taxonomy":"product_brand","embeddable":true,"href":"https:\/\/wein-werte.com\/de\/wp-json\/wp\/v2\/product_brand?post=1131240"},{"taxonomy":"product_cat","embeddable":true,"href":"https:\/\/wein-werte.com\/de\/wp-json\/wp\/v2\/product_cat?post=1131240"},{"taxonomy":"product_tag","embeddable":true,"href":"https:\/\/wein-werte.com\/de\/wp-json\/wp\/v2\/product_tag?post=1131240"}],"curies":[{"name":"wp","href":"https:\/\/api.w.org\/{rel}","templated":true}]}}