{"id":1131230,"date":"2026-05-05T18:23:10","date_gmt":"2026-05-05T16:23:10","guid":{"rendered":"https:\/\/wein-werte.com\/product\/okonomierat-rebholz-weisser-burgunder-mandelberg-gg-2023-750ml\/"},"modified":"2026-04-27T11:47:08","modified_gmt":"2026-04-27T09:47:08","slug":"okonomierat-rebholz-weisser-burgunder-mandelberg-gg-2023-750ml","status":"publish","type":"product","link":"https:\/\/wein-werte.com\/de\/produkt\/okonomierat-rebholz-weisser-burgunder-mandelberg-gg-2023-750ml\/","title":{"rendered":"\u00d6konomierat Rebholz | Pfalz | Weisser Burgunder &#8220;Mandelberg&#8221; GG | 2023 | 750ml | bio"},"content":{"rendered":"<p>Produktbeschreibung f\u00fcr \u00d6konomierat Rebholz Weisser Burgunder &#8220;Mandelberg&#8221; GG 2023 (bio) <\/p>\n<h5>Informationen zum Wein<\/h5>\n<p> Der Mandelberg befindet sich s\u00fcdwestlich von Birkweiler und nur 500 Meter vom Kastanienbusch entfernt. Der Parzellen, die f\u00fcr den Wein Verwendung finden, liegen auf rund 250 Metern Seeh\u00f6he und sind s\u00fcd\u00f6stlich ausgerichtet. Die Erhebung, die sich vom Hohenberg zum Rauhberg zieht, ist eine Verwerfung des Rheingrabens mit Rotliegendem aus dem Perm und Buntsandstein, Muschelkalk und Keuper aus dem Trias. Der Wei\u00dfburgunder steht vor allem im Muschelkalk, der mit Lehm durchsetzt ist und etwas tiefgr\u00fcndiger ist als die vergleichbare Lage Im Sonnenschein. Ausgebaut wurde der Wein nach langsamer Pressung und spontaner Verg\u00e4rung im Edelstahl. <\/p>\n<h5>Farbe<\/h5>\n<p> helles Strohgelb mit gr\u00fcnem Reflex <\/p>\n<h5>Nase<\/h5>\n<p> Der Wei\u00dfburgunder Mandelberg ist das etwas fruchtbetontere, sahnigere, reif wirkende Pendant zum Im Sonnenschein, das aber genau klar und pr\u00e4zise, fein und raffiniert vinifiziert wurde. Man hat hier mehr Lehm im Boden und etwas mehr Speck auf der H\u00fcfte, die sich in leicht tropischen Noten und mehr reifer Steinobstfrucht ausdr\u00fcckt. Dazu finden sich auch hier zitrische Ankl\u00e4nge, Kr\u00e4uter, Gestein. <\/p>\n<h5>Gaumen<\/h5>\n<p> Am Gaumen wirkt der Mandelberg saftig und mundf\u00fcllend mit einer puren, reifen, charmanten Frucht von Steinobst, Kernobst, etwas Papaya und Zitronen. Hinzu kommt etwas Lemoncurd, Extrakts\u00fc\u00dfe und eine feine, seidige Textur, war den Wein extrem charmant macht. Was hier aber genauso vorhanden ist, ist eine klare S\u00e4ure, die f\u00fcr Spannung und eine Mineralit\u00e4t, die f\u00fcr Vibration sorgt. Dazu gibt es Salz und Grip. Auch wird auf Holz verzichtet, so dass von dem puren Ausdruck des Wei\u00dfburgunders in aller seiner Vielschichtigkeit nichts verloren geht. <\/p>\n<p>Copyright Vinaturel 2025<\/p>\n<p>Keywords: <a href=\"https:\/\/wein-werte.com\/de\/shop\/?swoof=1&#038;pa_producer=\u00d6konomierat-Rebholz\">\u00d6konomierat Rebholz<\/a> <a href=\"https:\/\/wein-werte.com\/de\/shop\/?swoof=1&#038;woof_text=Weisser Burgunder \"Mandelberg\" GG\">Weisser Burgunder &#8220;Mandelberg&#8221; GG<\/a> 2023 bio <a href=\"https:\/\/wein-werte.com\/de\/shop\/?swoof=1&#038;pa_region=Pfalz\">Pfalz<\/a> <a href=\"https:\/\/wein-werte.com\/de\/shop\/?swoof=1&#038;pa_country=Deutschland\">Deutschland<\/a><\/p>\n<h3>Wine Advocate<\/h3>\n<p>Punkte: 93<\/p>\n<p>Der Mandelberg Weisser Burgunder GG 2023 stammt aus einer h\u00f6her gelegenen Ostlage (im Vergleich zum Im Sonnenschein) und wird zu 100 % in Edelstahl ausgebaut. Er vereint reife, elegante und saftige Fr\u00fcchte mit Noten von Ingwer, erdigen Noten (Karotten), ger\u00e4uchertem Speck und frischem Zitronensaft. Am Gaumen sehr raffiniert und elegant, ist dieser vollmundige, intensive und strukturierte, w\u00fcrzige und salzig wirkende Pinot Blanc mit enormer Kraft, bleibt aber dennoch elegant, fein und saftig. 13 % Alkoholgehalt. Naturkorken. Verkostung im Januar 2025 auf dem Weingut.<br \/>Stephan Reinhardt<\/p>\n<h3>Vinous<\/h3>\n<p>Punkte: (92-94)<\/p>\n<p>Der Weisse Burgunder Birkweiler Mandelberg Grosses Gew\u00e4chs 2023 stammt aus einer sp\u00e4treifen Kalksteinlage mit Ostausrichtung und etwas erh\u00f6hter Lage. Zarte Apfelbl\u00fctennoten harmonieren mit leuchtender Zitronenschale in der Nase. Am Gaumen ist er sofort griffig und erinnert an die zarte Haut frischer Mandeln, mit einer angenehmen Bitterkeit und salzigen Noten. Eine konzentrierte Frische pr\u00e4sentiert sich als pure W\u00fcrze. Fein und leuchtend mit zitronigem Schwung. (Knochentrocken) \u2013 Anne Krebiehl MW<br \/>Trinkfenster: 2026\u20132046<br \/>Testdatum: September 2024<\/p>\n<p>Internetseite des Weinguts: <a href=\"https:\/\/www.oekonomierat-rebholz.com\/en\/\" target=\"_blank\">https:\/\/www.oekonomierat-rebholz.com\/en\/<\/a><\/p>\n","protected":false},"excerpt":{"rendered":"<p>Lieferzeit: 1 bis 2 Arbeitstage (DE), 2 bis 5 Arbeitstage (EU and CH)<\/p>\n","protected":false},"featured_media":1142184,"template":"","meta":[],"product_brand":[],"product_cat":[19],"product_tag":[],"class_list":{"0":"post-1131230","1":"product","2":"type-product","3":"status-publish","4":"has-post-thumbnail","6":"product_cat-unkategorisiert","7":"pa_alcohol-for-filter-12897","8":"pa_certified-biodynamic-ja-de","9":"pa_certified-organic-ja-de","10":"pa_colour-weiss","11":"pa_country-deutschland","12":"pa_grape-weisburgunder-pinot-blanc","13":"pa_parker-points-for-filter-93-de-2","14":"pa_price-for-filter-10573","15":"pa_producer-okonomierat-rebholz","16":"pa_region-pfalz","17":"pa_size-ml-6584","18":"pa_sweetness-trocken-de","19":"pa_type-2-still-de","20":"pa_vinous-points-for-filter-20029","21":"pa_vintage-2023-de","22":"entry","23":"has-media","25":"first","26":"instock","27":"taxable","28":"shipping-taxable","29":"purchasable","30":"product-type-simple"},"yoast_head":"<!-- This site is optimized with the Yoast SEO plugin v27.5 - https:\/\/yoast.com\/product\/yoast-seo-wordpress\/ -->\n<title>\u00d6konomierat Rebholz Weisser Burgunder &quot;Mandelberg&quot; GG 2023<\/title>\n<meta name=\"description\" content=\"Kaufe \u00d6konomierat Rebholz Weisser Burgunder &quot;Mandelberg&quot; GG 2023 (Wei\u00dfburgunder, trocken aus Pfalz, Deutschland) bei Wein Werte, Ihrem nachhaltigen Onlineshop.\" \/>\n<meta name=\"robots\" content=\"index, follow, max-snippet:-1, max-image-preview:large, max-video-preview:-1\" \/>\n<link rel=\"canonical\" href=\"https:\/\/wein-werte.com\/de\/produkt\/okonomierat-rebholz-weisser-burgunder-mandelberg-gg-2023-750ml\/\" \/>\n<meta property=\"og:locale\" content=\"de_DE\" \/>\n<meta property=\"og:type\" content=\"article\" \/>\n<meta property=\"og:title\" content=\"\u00d6konomierat Rebholz Weisser Burgunder &quot;Mandelberg&quot; GG 2023\" \/>\n<meta property=\"og:description\" content=\"Kaufe \u00d6konomierat Rebholz Weisser Burgunder &quot;Mandelberg&quot; GG 2023 (Wei\u00dfburgunder, trocken aus Pfalz, Deutschland) bei Wein Werte, Ihrem nachhaltigen Onlineshop.\" \/>\n<meta property=\"og:url\" content=\"https:\/\/wein-werte.com\/de\/produkt\/okonomierat-rebholz-weisser-burgunder-mandelberg-gg-2023-750ml\/\" \/>\n<meta property=\"og:site_name\" content=\"Wein Werte\" \/>\n<meta property=\"og:image\" content=\"https:\/\/wein-werte.com\/wp-content\/uploads\/2026\/04\/Okonomierat-Rebholz-Weisser-Burgunder-Mandelberg-GG-2023-750ml.png\" \/>\n\t<meta property=\"og:image:width\" content=\"265\" \/>\n\t<meta property=\"og:image:height\" content=\"1200\" \/>\n\t<meta property=\"og:image:type\" content=\"image\/png\" \/>\n<meta name=\"twitter:card\" content=\"summary_large_image\" \/>\n<meta name=\"twitter:label1\" content=\"Gesch\u00e4tzte Lesezeit\" \/>\n\t<meta name=\"twitter:data1\" content=\"2\u00a0Minuten\" \/>\n<script type=\"application\/ld+json\" class=\"yoast-schema-graph\">{\"@context\":\"https:\\\/\\\/schema.org\",\"@graph\":[{\"@type\":\"WebPage\",\"@id\":\"https:\\\/\\\/wein-werte.com\\\/de\\\/produkt\\\/okonomierat-rebholz-weisser-burgunder-mandelberg-gg-2023-750ml\\\/\",\"url\":\"https:\\\/\\\/wein-werte.com\\\/de\\\/produkt\\\/okonomierat-rebholz-weisser-burgunder-mandelberg-gg-2023-750ml\\\/\",\"name\":\"\u00d6konomierat Rebholz Weisser Burgunder \\\"Mandelberg\\\" GG 2023\",\"isPartOf\":{\"@id\":\"https:\\\/\\\/wein-werte.com\\\/de\\\/#website\"},\"primaryImageOfPage\":{\"@id\":\"https:\\\/\\\/wein-werte.com\\\/de\\\/produkt\\\/okonomierat-rebholz-weisser-burgunder-mandelberg-gg-2023-750ml\\\/#primaryimage\"},\"image\":{\"@id\":\"https:\\\/\\\/wein-werte.com\\\/de\\\/produkt\\\/okonomierat-rebholz-weisser-burgunder-mandelberg-gg-2023-750ml\\\/#primaryimage\"},\"thumbnailUrl\":\"https:\\\/\\\/wein-werte.com\\\/wp-content\\\/uploads\\\/2026\\\/04\\\/Okonomierat-Rebholz-Weisser-Burgunder-Mandelberg-GG-2023-750ml.png\",\"datePublished\":\"2026-05-05T16:23:10+00:00\",\"description\":\"Kaufe \u00d6konomierat Rebholz Weisser Burgunder \\\"Mandelberg\\\" GG 2023 (Wei\u00dfburgunder, trocken aus Pfalz, Deutschland) bei Wein Werte, Ihrem nachhaltigen Onlineshop.\",\"breadcrumb\":{\"@id\":\"https:\\\/\\\/wein-werte.com\\\/de\\\/produkt\\\/okonomierat-rebholz-weisser-burgunder-mandelberg-gg-2023-750ml\\\/#breadcrumb\"},\"inLanguage\":\"de\",\"potentialAction\":[{\"@type\":\"ReadAction\",\"target\":[\"https:\\\/\\\/wein-werte.com\\\/de\\\/produkt\\\/okonomierat-rebholz-weisser-burgunder-mandelberg-gg-2023-750ml\\\/\"]}]},{\"@type\":\"ImageObject\",\"inLanguage\":\"de\",\"@id\":\"https:\\\/\\\/wein-werte.com\\\/de\\\/produkt\\\/okonomierat-rebholz-weisser-burgunder-mandelberg-gg-2023-750ml\\\/#primaryimage\",\"url\":\"https:\\\/\\\/wein-werte.com\\\/wp-content\\\/uploads\\\/2026\\\/04\\\/Okonomierat-Rebholz-Weisser-Burgunder-Mandelberg-GG-2023-750ml.png\",\"contentUrl\":\"https:\\\/\\\/wein-werte.com\\\/wp-content\\\/uploads\\\/2026\\\/04\\\/Okonomierat-Rebholz-Weisser-Burgunder-Mandelberg-GG-2023-750ml.png\",\"width\":265,\"height\":1200,\"caption\":\"\u00d6konomierat Rebholz Weisser Burgunder \\\"Mandelberg\\\" GG 2023 750ml\"},{\"@type\":\"BreadcrumbList\",\"@id\":\"https:\\\/\\\/wein-werte.com\\\/de\\\/produkt\\\/okonomierat-rebholz-weisser-burgunder-mandelberg-gg-2023-750ml\\\/#breadcrumb\",\"itemListElement\":[{\"@type\":\"ListItem\",\"position\":1,\"name\":\"Home\",\"item\":\"https:\\\/\\\/wein-werte.com\\\/de\\\/\"},{\"@type\":\"ListItem\",\"position\":2,\"name\":\"Shop\",\"item\":\"https:\\\/\\\/wein-werte.com\\\/de\\\/shop\\\/\"},{\"@type\":\"ListItem\",\"position\":3,\"name\":\"\u00d6konomierat Rebholz | Pfalz | Weisser Burgunder &#8220;Mandelberg&#8221; GG | 2023 | 750ml | bio\"}]},{\"@type\":\"WebSite\",\"@id\":\"https:\\\/\\\/wein-werte.com\\\/de\\\/#website\",\"url\":\"https:\\\/\\\/wein-werte.com\\\/de\\\/\",\"name\":\"Wein Werte\",\"description\":\"\",\"publisher\":{\"@id\":\"https:\\\/\\\/wein-werte.com\\\/de\\\/#organization\"},\"potentialAction\":[{\"@type\":\"SearchAction\",\"target\":{\"@type\":\"EntryPoint\",\"urlTemplate\":\"https:\\\/\\\/wein-werte.com\\\/de\\\/?s={search_term_string}\"},\"query-input\":{\"@type\":\"PropertyValueSpecification\",\"valueRequired\":true,\"valueName\":\"search_term_string\"}}],\"inLanguage\":\"de\"},{\"@type\":\"Organization\",\"@id\":\"https:\\\/\\\/wein-werte.com\\\/de\\\/#organization\",\"name\":\"Vins Fins Thorrold\",\"url\":\"https:\\\/\\\/wein-werte.com\\\/de\\\/\",\"logo\":{\"@type\":\"ImageObject\",\"inLanguage\":\"de\",\"@id\":\"https:\\\/\\\/wein-werte.com\\\/de\\\/#\\\/schema\\\/logo\\\/image\\\/\",\"url\":\"https:\\\/\\\/wein-werte.com\\\/wp-content\\\/uploads\\\/2023\\\/07\\\/Wein_werte_Logo700-1.png\",\"contentUrl\":\"https:\\\/\\\/wein-werte.com\\\/wp-content\\\/uploads\\\/2023\\\/07\\\/Wein_werte_Logo700-1.png\",\"width\":700,\"height\":272,\"caption\":\"Vins Fins Thorrold\"},\"image\":{\"@id\":\"https:\\\/\\\/wein-werte.com\\\/de\\\/#\\\/schema\\\/logo\\\/image\\\/\"}}]}<\/script>\n<!-- \/ Yoast SEO plugin. -->","yoast_head_json":{"title":"\u00d6konomierat Rebholz Weisser Burgunder \"Mandelberg\" GG 2023","description":"Kaufe \u00d6konomierat Rebholz Weisser Burgunder \"Mandelberg\" GG 2023 (Wei\u00dfburgunder, trocken aus Pfalz, Deutschland) bei Wein Werte, Ihrem nachhaltigen Onlineshop.","robots":{"index":"index","follow":"follow","max-snippet":"max-snippet:-1","max-image-preview":"max-image-preview:large","max-video-preview":"max-video-preview:-1"},"canonical":"https:\/\/wein-werte.com\/de\/produkt\/okonomierat-rebholz-weisser-burgunder-mandelberg-gg-2023-750ml\/","og_locale":"de_DE","og_type":"article","og_title":"\u00d6konomierat Rebholz Weisser Burgunder \"Mandelberg\" GG 2023","og_description":"Kaufe \u00d6konomierat Rebholz Weisser Burgunder \"Mandelberg\" GG 2023 (Wei\u00dfburgunder, trocken aus Pfalz, Deutschland) bei Wein Werte, Ihrem nachhaltigen Onlineshop.","og_url":"https:\/\/wein-werte.com\/de\/produkt\/okonomierat-rebholz-weisser-burgunder-mandelberg-gg-2023-750ml\/","og_site_name":"Wein Werte","og_image":[{"width":265,"height":1200,"url":"https:\/\/wein-werte.com\/wp-content\/uploads\/2026\/04\/Okonomierat-Rebholz-Weisser-Burgunder-Mandelberg-GG-2023-750ml.png","type":"image\/png"}],"twitter_card":"summary_large_image","twitter_misc":{"Gesch\u00e4tzte Lesezeit":"2\u00a0Minuten"},"schema":{"@context":"https:\/\/schema.org","@graph":[{"@type":"WebPage","@id":"https:\/\/wein-werte.com\/de\/produkt\/okonomierat-rebholz-weisser-burgunder-mandelberg-gg-2023-750ml\/","url":"https:\/\/wein-werte.com\/de\/produkt\/okonomierat-rebholz-weisser-burgunder-mandelberg-gg-2023-750ml\/","name":"\u00d6konomierat Rebholz Weisser Burgunder \"Mandelberg\" GG 2023","isPartOf":{"@id":"https:\/\/wein-werte.com\/de\/#website"},"primaryImageOfPage":{"@id":"https:\/\/wein-werte.com\/de\/produkt\/okonomierat-rebholz-weisser-burgunder-mandelberg-gg-2023-750ml\/#primaryimage"},"image":{"@id":"https:\/\/wein-werte.com\/de\/produkt\/okonomierat-rebholz-weisser-burgunder-mandelberg-gg-2023-750ml\/#primaryimage"},"thumbnailUrl":"https:\/\/wein-werte.com\/wp-content\/uploads\/2026\/04\/Okonomierat-Rebholz-Weisser-Burgunder-Mandelberg-GG-2023-750ml.png","datePublished":"2026-05-05T16:23:10+00:00","description":"Kaufe \u00d6konomierat Rebholz Weisser Burgunder \"Mandelberg\" GG 2023 (Wei\u00dfburgunder, trocken aus Pfalz, Deutschland) bei Wein Werte, Ihrem nachhaltigen Onlineshop.","breadcrumb":{"@id":"https:\/\/wein-werte.com\/de\/produkt\/okonomierat-rebholz-weisser-burgunder-mandelberg-gg-2023-750ml\/#breadcrumb"},"inLanguage":"de","potentialAction":[{"@type":"ReadAction","target":["https:\/\/wein-werte.com\/de\/produkt\/okonomierat-rebholz-weisser-burgunder-mandelberg-gg-2023-750ml\/"]}]},{"@type":"ImageObject","inLanguage":"de","@id":"https:\/\/wein-werte.com\/de\/produkt\/okonomierat-rebholz-weisser-burgunder-mandelberg-gg-2023-750ml\/#primaryimage","url":"https:\/\/wein-werte.com\/wp-content\/uploads\/2026\/04\/Okonomierat-Rebholz-Weisser-Burgunder-Mandelberg-GG-2023-750ml.png","contentUrl":"https:\/\/wein-werte.com\/wp-content\/uploads\/2026\/04\/Okonomierat-Rebholz-Weisser-Burgunder-Mandelberg-GG-2023-750ml.png","width":265,"height":1200,"caption":"\u00d6konomierat Rebholz Weisser Burgunder \"Mandelberg\" GG 2023 750ml"},{"@type":"BreadcrumbList","@id":"https:\/\/wein-werte.com\/de\/produkt\/okonomierat-rebholz-weisser-burgunder-mandelberg-gg-2023-750ml\/#breadcrumb","itemListElement":[{"@type":"ListItem","position":1,"name":"Home","item":"https:\/\/wein-werte.com\/de\/"},{"@type":"ListItem","position":2,"name":"Shop","item":"https:\/\/wein-werte.com\/de\/shop\/"},{"@type":"ListItem","position":3,"name":"\u00d6konomierat Rebholz | Pfalz | Weisser Burgunder &#8220;Mandelberg&#8221; GG | 2023 | 750ml | bio"}]},{"@type":"WebSite","@id":"https:\/\/wein-werte.com\/de\/#website","url":"https:\/\/wein-werte.com\/de\/","name":"Wein Werte","description":"","publisher":{"@id":"https:\/\/wein-werte.com\/de\/#organization"},"potentialAction":[{"@type":"SearchAction","target":{"@type":"EntryPoint","urlTemplate":"https:\/\/wein-werte.com\/de\/?s={search_term_string}"},"query-input":{"@type":"PropertyValueSpecification","valueRequired":true,"valueName":"search_term_string"}}],"inLanguage":"de"},{"@type":"Organization","@id":"https:\/\/wein-werte.com\/de\/#organization","name":"Vins Fins Thorrold","url":"https:\/\/wein-werte.com\/de\/","logo":{"@type":"ImageObject","inLanguage":"de","@id":"https:\/\/wein-werte.com\/de\/#\/schema\/logo\/image\/","url":"https:\/\/wein-werte.com\/wp-content\/uploads\/2023\/07\/Wein_werte_Logo700-1.png","contentUrl":"https:\/\/wein-werte.com\/wp-content\/uploads\/2023\/07\/Wein_werte_Logo700-1.png","width":700,"height":272,"caption":"Vins Fins Thorrold"},"image":{"@id":"https:\/\/wein-werte.com\/de\/#\/schema\/logo\/image\/"}}]}},"_links":{"self":[{"href":"https:\/\/wein-werte.com\/de\/wp-json\/wp\/v2\/product\/1131230","targetHints":{"allow":["GET"]}}],"collection":[{"href":"https:\/\/wein-werte.com\/de\/wp-json\/wp\/v2\/product"}],"about":[{"href":"https:\/\/wein-werte.com\/de\/wp-json\/wp\/v2\/types\/product"}],"wp:featuredmedia":[{"embeddable":true,"href":"https:\/\/wein-werte.com\/de\/wp-json\/wp\/v2\/media\/1142184"}],"wp:attachment":[{"href":"https:\/\/wein-werte.com\/de\/wp-json\/wp\/v2\/media?parent=1131230"}],"wp:term":[{"taxonomy":"product_brand","embeddable":true,"href":"https:\/\/wein-werte.com\/de\/wp-json\/wp\/v2\/product_brand?post=1131230"},{"taxonomy":"product_cat","embeddable":true,"href":"https:\/\/wein-werte.com\/de\/wp-json\/wp\/v2\/product_cat?post=1131230"},{"taxonomy":"product_tag","embeddable":true,"href":"https:\/\/wein-werte.com\/de\/wp-json\/wp\/v2\/product_tag?post=1131230"}],"curies":[{"name":"wp","href":"https:\/\/api.w.org\/{rel}","templated":true}]}}