{"id":1131220,"date":"2026-05-05T18:23:10","date_gmt":"2026-05-05T16:23:10","guid":{"rendered":"https:\/\/wein-werte.com\/product\/okonomierat-rebholz-kastanienbusch-riesling-gg-2022-1500ml\/"},"modified":"2026-04-27T11:47:07","modified_gmt":"2026-04-27T09:47:07","slug":"okonomierat-rebholz-kastanienbusch-riesling-gg-2022-1500ml","status":"publish","type":"product","link":"https:\/\/wein-werte.com\/de\/produkt\/okonomierat-rebholz-kastanienbusch-riesling-gg-2022-1500ml\/","title":{"rendered":"\u00d6konomierat Rebholz | Pfalz | Kastanienbusch Riesling GG | 2022 | 1500ml | bio"},"content":{"rendered":"<p>Produktbeschreibung f\u00fcr \u00d6konomierat Rebholz Kastanienbusch Riesling GG 2022 (bio) <\/p>\n<h5>Info zur Lage<\/h5>\n<p> Der Kastanienbusch liegt westlich von Birkweiler. Das Kernst\u00fcck der Lage befindet sich in einem Talkessel, der von den H\u00e4ngen des Taschbergs im Osten, des Kleinen- und des Hohenbergs im Norden und Westen und des Kastanienbusch im S\u00fcden gebildet wird. Dadurch ist der Kastanienbusch vollst\u00e4ndig gegen die aus dem Pf\u00e4lzer Wald einstr\u00f6mende Kaltluft abgeschirmt. Die Weinberge liegen 220 bis 320 m \u00fcber NN und sind bis zu 40% steil. Die \u00fcber 2 ha gro\u00dfe \u201eKastanienbusch-Urparzelle\u201c des Weingutes Rebholz liegt in der obersten Gewanne, der bis zu 35% steile S\u00fcd-S\u00fcdost-Hang ist mit 280 bis 320 m \u00fc. NN der h\u00f6chstgelegene GG-Weinberg der Pfalz. Der gesamter Besitz von mehr als 4 Hektar befindet sich ausschlie\u00dflich in dem 20,8 Hektar umfassenden Kernst\u00fcck. Durch die Verwerfungen des Rheingrabens ist im Gebiet um Birkweiler, Albersweiler und Frankweiler eine starke Hebung erfolgt, die sehr alte und sonst sehr tiefliegende geologische Formationen zu Tage brachte. So befinden sich im bekanntesten und urspr\u00fcnglichen Teil der Weinlage Kastanienbusch gr\u00f6\u00dftenteils Gesteine des \u201eOberrotliegenden\u201c, die zu Beginn der geologischen Epoche Perm vor 280 Millionen Jahren entstanden sind. Sie bestehen aus lockeren Ablagerungen von kantigem Granit, Schiefer oder Melaphyr. Durch den hohen Eisengehalt ist der Boden dunkelrot gef\u00e4rbt (Rost) und verf\u00fcgt \u00fcber eine sehr gute W\u00e4rmespeicherkapazit\u00e4t. <\/p>\n<h5>Info zum Ausbau<\/h5>\n<p> Nach selektiver Handlese in mehreren Lesedurchg\u00e4ngen wurden die Trauben entrappt. Auf die 24-st\u00fcndige Maischestandzeit folgte eine schonende Pressung. Die Vorkl\u00e4rung erfolgte durch nat\u00fcrliche Sedimentation des Mosttrubes, anschlie\u00dfend wurde der Most in Edelstahltanks vergoren. Nach 5-monatiger Lagerung auf der Vollhefe folgte im M\u00e4rz 2023 der Abstich und im Juli 2023 die Flaschenf\u00fcllung. <\/p>\n<h5>Farbe<\/h5>\n<p> Funkelndes Goldgelb. <\/p>\n<h5>Nase<\/h5>\n<p> Der 2022er Riesling \u201cBirkweiler Kastanienbusch \u201d GG pr\u00e4sentiert sich wie gewohnt in seiner Jugend noch etwas verschlossen und deutlich markant in der Nase. Er ben\u00f6tigt direkt nach der \u00d6ffnung vor allem eins: Luft, Luft, Luft. Nach einem Tag der \u00d6ffnung offenbart er sich dann mit den typischen Apfel-, Zitrus- und Weinbergs Pfirsich- Noten, aber auch mit Aromen von Erde, Rauch, etwas Baumrinde, Wildkr\u00e4uter und Pfeffer. Er h\u00e4lt sich im Moment noch zur\u00fcck und will uns noch nicht ganz an sich heranlassen. Man erahnt aber schon die Sch\u00f6nheit und das Feuerwerk, welches dieser Wein uns mit etwas Reife offenbaren wird. <\/p>\n<h5>Gaumen<\/h5>\n<p> \u00c4hnlich kraftvoll, wie in der Nase pr\u00e4sentiert sich der 2022er Riesling \u201cBirkweiler Kastanienbusch \u201d GG auch auf der Zunge in Kombination mit einer ausgepr\u00e4gt frischen S\u00e4ure die einen sch\u00f6nen Kontrapunkt zu den w\u00fcrzigen und erdigen Komponenten setzt, die man auf der Zunge ebenso deutlich wahrnimmt, wie in der Nase. Auch in diesem Fall ist es der Familie Rebholz auch bei diesem Gro\u00dfes Gew\u00e4chs ein Wein gelungen, der mit seinem niedrigen Alkohol gl\u00e4nzt und zeigt das Kraft und Ausdruck auch mit moderaten 12,5vol% vortrefflich gelingen k\u00f6nnen. Einige Tage der \u00d6ffnung steigern seine wundersch\u00f6ne Eleganz und Komplexit\u00e4t, deshalb sollte man ihn, wenn man ihn in diesem jugendlichen Stadium schon genie\u00dfen m\u00f6chte, unbedingt fr\u00fchzeitig \u00f6ffnen und dekantieren.<\/p>\n<p>Copyright Vinaturel 2025<\/p>\n<p>Keywords: <a href=\"https:\/\/wein-werte.com\/de\/shop\/?swoof=1&#038;pa_producer=\u00d6konomierat-Rebholz\">\u00d6konomierat Rebholz<\/a> <a href=\"https:\/\/wein-werte.com\/de\/shop\/?swoof=1&#038;woof_text=Kastanienbusch Riesling GG\">Kastanienbusch Riesling GG<\/a> 2022 bio <a href=\"https:\/\/wein-werte.com\/de\/shop\/?swoof=1&#038;pa_region=Pfalz\">Pfalz<\/a> <a href=\"https:\/\/wein-werte.com\/de\/shop\/?swoof=1&#038;pa_country=Deutschland\">Deutschland<\/a><\/p>\n<h3>Wine Advocate<\/h3>\n<p>Punkte: 92<\/p>\n<p>Der Kastanienbusch Riesling GG 2022 ist intensiv und reif, mit dichter, vollmundiger Frucht, und er ist eher w\u00e4rmer und geschmeidiger als k\u00fchl \u2013 ein authentischer 2022er. Am Gaumen ist er vollmundig und dicht, dabei aber cremig und elegant, und sein Abgang ist dank der feinen, spritzigen S\u00e4ure ausgewogen. Mit ersten leichten Bitter- und Petrolnoten d\u00fcrfte er kein Langstreckenl\u00e4ufer sein. Im Vergleich zum Vorjahr hat sich der Wein zur\u00fcckgenommen oder sogar leicht abgeschw\u00e4cht. Verkostet im Rahmen der Vertikalverkostung Rebholz Kastanienbusch\/Christmann Idig\/Wittmann Morstein in Westhofen im August 2024.<br \/>Stephan Reinhardt<\/p>\n<h3>Vinous<\/h3>\n<p>Punkte: 95<\/p>\n<p>Der Riesling Birkweiler Kastanienbusch Grosses Gew\u00e4chs 2022 stammt aus den Perm-Anbaugebieten. Er ist duftend und der einzige GG, der mehr von sich selbst zeigt. Er verstr\u00f6mt fast einen Hauch von Passionsfrucht mit seinem fruchtig-herben Aroma. Reifere Noten scheinen durchzuscheinen. Am Gaumen ist er straff, nuanciert und offener als seine Geschwister, mit dieser wunderbar aromatischen W\u00fcrze, aber auch hier mit einem feinen, leichten Fluss, der durch die Textur erm\u00f6glicht wird. Die zitronige L\u00e4nge ist ein perfektes Versprechen f\u00fcr die Zukunft. (Knochentrocken) \u2013 Anne Krebiehl MW<br \/>Trinkfenster: 2025\u20132050<br \/>Testdatum: Dezember 2023<\/p>\n<p>Internetseite des Weinguts: <a href=\"https:\/\/www.oekonomierat-rebholz.com\/en\/\" target=\"_blank\">https:\/\/www.oekonomierat-rebholz.com\/en\/<\/a><\/p>\n","protected":false},"excerpt":{"rendered":"<p>Lieferzeit: 1 bis 2 Arbeitstage (DE), 2 bis 5 Arbeitstage (EU and CH)<\/p>\n","protected":false},"featured_media":1142176,"template":"","meta":[],"product_brand":[],"product_cat":[19],"product_tag":[],"class_list":{"0":"post-1131220","1":"product","2":"type-product","3":"status-publish","4":"has-post-thumbnail","6":"product_cat-unkategorisiert","7":"pa_alcohol-for-filter-12-5","8":"pa_certified-biodynamic-ja-de","9":"pa_certified-organic-ja-de","10":"pa_colour-weiss","11":"pa_country-deutschland","12":"pa_grape-riesling","13":"pa_parker-points-for-filter-92-de","14":"pa_price-for-filter-10663","15":"pa_producer-okonomierat-rebholz","16":"pa_region-pfalz","17":"pa_size-ml-6657","18":"pa_sweetness-trocken-de","19":"pa_type-2-still-de","20":"pa_vinous-points-for-filter-20035","21":"pa_vintage-2022-de","22":"entry","23":"has-media","25":"first","26":"instock","27":"taxable","28":"shipping-taxable","29":"purchasable","30":"product-type-simple"},"yoast_head":"<!-- This site is optimized with the Yoast SEO plugin v27.5 - https:\/\/yoast.com\/product\/yoast-seo-wordpress\/ -->\n<title>\u00d6konomierat Rebholz Kastanienbusch Riesling GG 2022, 1500ml<\/title>\n<meta name=\"description\" content=\"Kaufe \u00d6konomierat Rebholz Kastanienbusch Riesling GG 2022 (Riesling, trocken aus Pfalz, Deutschland) bei Wein Werte, Ihrem nachhaltigen Onlineshop.\" \/>\n<meta name=\"robots\" content=\"index, follow, max-snippet:-1, max-image-preview:large, max-video-preview:-1\" \/>\n<link rel=\"canonical\" href=\"https:\/\/wein-werte.com\/de\/produkt\/okonomierat-rebholz-kastanienbusch-riesling-gg-2022-1500ml\/\" \/>\n<meta property=\"og:locale\" content=\"de_DE\" \/>\n<meta property=\"og:type\" content=\"article\" \/>\n<meta property=\"og:title\" content=\"\u00d6konomierat Rebholz Kastanienbusch Riesling GG 2022, 1500ml\" \/>\n<meta property=\"og:description\" content=\"Kaufe \u00d6konomierat Rebholz Kastanienbusch Riesling GG 2022 (Riesling, trocken aus Pfalz, Deutschland) bei Wein Werte, Ihrem nachhaltigen Onlineshop.\" \/>\n<meta property=\"og:url\" content=\"https:\/\/wein-werte.com\/de\/produkt\/okonomierat-rebholz-kastanienbusch-riesling-gg-2022-1500ml\/\" \/>\n<meta property=\"og:site_name\" content=\"Wein Werte\" \/>\n<meta property=\"og:image\" content=\"https:\/\/wein-werte.com\/wp-content\/uploads\/2026\/04\/Okonomierat-Rebholz-Kastanienbusch-Riesling-GG-2022-1500ml.png\" \/>\n\t<meta property=\"og:image:width\" content=\"234\" \/>\n\t<meta property=\"og:image:height\" content=\"1200\" \/>\n\t<meta property=\"og:image:type\" content=\"image\/png\" \/>\n<meta name=\"twitter:card\" content=\"summary_large_image\" \/>\n<meta name=\"twitter:label1\" content=\"Gesch\u00e4tzte Lesezeit\" \/>\n\t<meta name=\"twitter:data1\" content=\"4\u00a0Minuten\" \/>\n<script type=\"application\/ld+json\" class=\"yoast-schema-graph\">{\"@context\":\"https:\\\/\\\/schema.org\",\"@graph\":[{\"@type\":\"WebPage\",\"@id\":\"https:\\\/\\\/wein-werte.com\\\/de\\\/produkt\\\/okonomierat-rebholz-kastanienbusch-riesling-gg-2022-1500ml\\\/\",\"url\":\"https:\\\/\\\/wein-werte.com\\\/de\\\/produkt\\\/okonomierat-rebholz-kastanienbusch-riesling-gg-2022-1500ml\\\/\",\"name\":\"\u00d6konomierat Rebholz Kastanienbusch Riesling GG 2022, 1500ml\",\"isPartOf\":{\"@id\":\"https:\\\/\\\/wein-werte.com\\\/de\\\/#website\"},\"primaryImageOfPage\":{\"@id\":\"https:\\\/\\\/wein-werte.com\\\/de\\\/produkt\\\/okonomierat-rebholz-kastanienbusch-riesling-gg-2022-1500ml\\\/#primaryimage\"},\"image\":{\"@id\":\"https:\\\/\\\/wein-werte.com\\\/de\\\/produkt\\\/okonomierat-rebholz-kastanienbusch-riesling-gg-2022-1500ml\\\/#primaryimage\"},\"thumbnailUrl\":\"https:\\\/\\\/wein-werte.com\\\/wp-content\\\/uploads\\\/2026\\\/04\\\/Okonomierat-Rebholz-Kastanienbusch-Riesling-GG-2022-1500ml.png\",\"datePublished\":\"2026-05-05T16:23:10+00:00\",\"description\":\"Kaufe \u00d6konomierat Rebholz Kastanienbusch Riesling GG 2022 (Riesling, trocken aus Pfalz, Deutschland) bei Wein Werte, Ihrem nachhaltigen Onlineshop.\",\"breadcrumb\":{\"@id\":\"https:\\\/\\\/wein-werte.com\\\/de\\\/produkt\\\/okonomierat-rebholz-kastanienbusch-riesling-gg-2022-1500ml\\\/#breadcrumb\"},\"inLanguage\":\"de\",\"potentialAction\":[{\"@type\":\"ReadAction\",\"target\":[\"https:\\\/\\\/wein-werte.com\\\/de\\\/produkt\\\/okonomierat-rebholz-kastanienbusch-riesling-gg-2022-1500ml\\\/\"]}]},{\"@type\":\"ImageObject\",\"inLanguage\":\"de\",\"@id\":\"https:\\\/\\\/wein-werte.com\\\/de\\\/produkt\\\/okonomierat-rebholz-kastanienbusch-riesling-gg-2022-1500ml\\\/#primaryimage\",\"url\":\"https:\\\/\\\/wein-werte.com\\\/wp-content\\\/uploads\\\/2026\\\/04\\\/Okonomierat-Rebholz-Kastanienbusch-Riesling-GG-2022-1500ml.png\",\"contentUrl\":\"https:\\\/\\\/wein-werte.com\\\/wp-content\\\/uploads\\\/2026\\\/04\\\/Okonomierat-Rebholz-Kastanienbusch-Riesling-GG-2022-1500ml.png\",\"width\":234,\"height\":1200,\"caption\":\"\u00d6konomierat Rebholz Kastanienbusch Riesling GG 2022 1500ml\"},{\"@type\":\"BreadcrumbList\",\"@id\":\"https:\\\/\\\/wein-werte.com\\\/de\\\/produkt\\\/okonomierat-rebholz-kastanienbusch-riesling-gg-2022-1500ml\\\/#breadcrumb\",\"itemListElement\":[{\"@type\":\"ListItem\",\"position\":1,\"name\":\"Home\",\"item\":\"https:\\\/\\\/wein-werte.com\\\/de\\\/\"},{\"@type\":\"ListItem\",\"position\":2,\"name\":\"Shop\",\"item\":\"https:\\\/\\\/wein-werte.com\\\/de\\\/shop\\\/\"},{\"@type\":\"ListItem\",\"position\":3,\"name\":\"\u00d6konomierat Rebholz | Pfalz | Kastanienbusch Riesling GG | 2022 | 1500ml | bio\"}]},{\"@type\":\"WebSite\",\"@id\":\"https:\\\/\\\/wein-werte.com\\\/de\\\/#website\",\"url\":\"https:\\\/\\\/wein-werte.com\\\/de\\\/\",\"name\":\"Wein Werte\",\"description\":\"\",\"publisher\":{\"@id\":\"https:\\\/\\\/wein-werte.com\\\/de\\\/#organization\"},\"potentialAction\":[{\"@type\":\"SearchAction\",\"target\":{\"@type\":\"EntryPoint\",\"urlTemplate\":\"https:\\\/\\\/wein-werte.com\\\/de\\\/?s={search_term_string}\"},\"query-input\":{\"@type\":\"PropertyValueSpecification\",\"valueRequired\":true,\"valueName\":\"search_term_string\"}}],\"inLanguage\":\"de\"},{\"@type\":\"Organization\",\"@id\":\"https:\\\/\\\/wein-werte.com\\\/de\\\/#organization\",\"name\":\"Vins Fins Thorrold\",\"url\":\"https:\\\/\\\/wein-werte.com\\\/de\\\/\",\"logo\":{\"@type\":\"ImageObject\",\"inLanguage\":\"de\",\"@id\":\"https:\\\/\\\/wein-werte.com\\\/de\\\/#\\\/schema\\\/logo\\\/image\\\/\",\"url\":\"https:\\\/\\\/wein-werte.com\\\/wp-content\\\/uploads\\\/2023\\\/07\\\/Wein_werte_Logo700-1.png\",\"contentUrl\":\"https:\\\/\\\/wein-werte.com\\\/wp-content\\\/uploads\\\/2023\\\/07\\\/Wein_werte_Logo700-1.png\",\"width\":700,\"height\":272,\"caption\":\"Vins Fins Thorrold\"},\"image\":{\"@id\":\"https:\\\/\\\/wein-werte.com\\\/de\\\/#\\\/schema\\\/logo\\\/image\\\/\"}}]}<\/script>\n<!-- \/ Yoast SEO plugin. -->","yoast_head_json":{"title":"\u00d6konomierat Rebholz Kastanienbusch Riesling GG 2022, 1500ml","description":"Kaufe \u00d6konomierat Rebholz Kastanienbusch Riesling GG 2022 (Riesling, trocken aus Pfalz, Deutschland) bei Wein Werte, Ihrem nachhaltigen Onlineshop.","robots":{"index":"index","follow":"follow","max-snippet":"max-snippet:-1","max-image-preview":"max-image-preview:large","max-video-preview":"max-video-preview:-1"},"canonical":"https:\/\/wein-werte.com\/de\/produkt\/okonomierat-rebholz-kastanienbusch-riesling-gg-2022-1500ml\/","og_locale":"de_DE","og_type":"article","og_title":"\u00d6konomierat Rebholz Kastanienbusch Riesling GG 2022, 1500ml","og_description":"Kaufe \u00d6konomierat Rebholz Kastanienbusch Riesling GG 2022 (Riesling, trocken aus Pfalz, Deutschland) bei Wein Werte, Ihrem nachhaltigen Onlineshop.","og_url":"https:\/\/wein-werte.com\/de\/produkt\/okonomierat-rebholz-kastanienbusch-riesling-gg-2022-1500ml\/","og_site_name":"Wein Werte","og_image":[{"width":234,"height":1200,"url":"https:\/\/wein-werte.com\/wp-content\/uploads\/2026\/04\/Okonomierat-Rebholz-Kastanienbusch-Riesling-GG-2022-1500ml.png","type":"image\/png"}],"twitter_card":"summary_large_image","twitter_misc":{"Gesch\u00e4tzte Lesezeit":"4\u00a0Minuten"},"schema":{"@context":"https:\/\/schema.org","@graph":[{"@type":"WebPage","@id":"https:\/\/wein-werte.com\/de\/produkt\/okonomierat-rebholz-kastanienbusch-riesling-gg-2022-1500ml\/","url":"https:\/\/wein-werte.com\/de\/produkt\/okonomierat-rebholz-kastanienbusch-riesling-gg-2022-1500ml\/","name":"\u00d6konomierat Rebholz Kastanienbusch Riesling GG 2022, 1500ml","isPartOf":{"@id":"https:\/\/wein-werte.com\/de\/#website"},"primaryImageOfPage":{"@id":"https:\/\/wein-werte.com\/de\/produkt\/okonomierat-rebholz-kastanienbusch-riesling-gg-2022-1500ml\/#primaryimage"},"image":{"@id":"https:\/\/wein-werte.com\/de\/produkt\/okonomierat-rebholz-kastanienbusch-riesling-gg-2022-1500ml\/#primaryimage"},"thumbnailUrl":"https:\/\/wein-werte.com\/wp-content\/uploads\/2026\/04\/Okonomierat-Rebholz-Kastanienbusch-Riesling-GG-2022-1500ml.png","datePublished":"2026-05-05T16:23:10+00:00","description":"Kaufe \u00d6konomierat Rebholz Kastanienbusch Riesling GG 2022 (Riesling, trocken aus Pfalz, Deutschland) bei Wein Werte, Ihrem nachhaltigen Onlineshop.","breadcrumb":{"@id":"https:\/\/wein-werte.com\/de\/produkt\/okonomierat-rebholz-kastanienbusch-riesling-gg-2022-1500ml\/#breadcrumb"},"inLanguage":"de","potentialAction":[{"@type":"ReadAction","target":["https:\/\/wein-werte.com\/de\/produkt\/okonomierat-rebholz-kastanienbusch-riesling-gg-2022-1500ml\/"]}]},{"@type":"ImageObject","inLanguage":"de","@id":"https:\/\/wein-werte.com\/de\/produkt\/okonomierat-rebholz-kastanienbusch-riesling-gg-2022-1500ml\/#primaryimage","url":"https:\/\/wein-werte.com\/wp-content\/uploads\/2026\/04\/Okonomierat-Rebholz-Kastanienbusch-Riesling-GG-2022-1500ml.png","contentUrl":"https:\/\/wein-werte.com\/wp-content\/uploads\/2026\/04\/Okonomierat-Rebholz-Kastanienbusch-Riesling-GG-2022-1500ml.png","width":234,"height":1200,"caption":"\u00d6konomierat Rebholz Kastanienbusch Riesling GG 2022 1500ml"},{"@type":"BreadcrumbList","@id":"https:\/\/wein-werte.com\/de\/produkt\/okonomierat-rebholz-kastanienbusch-riesling-gg-2022-1500ml\/#breadcrumb","itemListElement":[{"@type":"ListItem","position":1,"name":"Home","item":"https:\/\/wein-werte.com\/de\/"},{"@type":"ListItem","position":2,"name":"Shop","item":"https:\/\/wein-werte.com\/de\/shop\/"},{"@type":"ListItem","position":3,"name":"\u00d6konomierat Rebholz | Pfalz | Kastanienbusch Riesling GG | 2022 | 1500ml | bio"}]},{"@type":"WebSite","@id":"https:\/\/wein-werte.com\/de\/#website","url":"https:\/\/wein-werte.com\/de\/","name":"Wein Werte","description":"","publisher":{"@id":"https:\/\/wein-werte.com\/de\/#organization"},"potentialAction":[{"@type":"SearchAction","target":{"@type":"EntryPoint","urlTemplate":"https:\/\/wein-werte.com\/de\/?s={search_term_string}"},"query-input":{"@type":"PropertyValueSpecification","valueRequired":true,"valueName":"search_term_string"}}],"inLanguage":"de"},{"@type":"Organization","@id":"https:\/\/wein-werte.com\/de\/#organization","name":"Vins Fins Thorrold","url":"https:\/\/wein-werte.com\/de\/","logo":{"@type":"ImageObject","inLanguage":"de","@id":"https:\/\/wein-werte.com\/de\/#\/schema\/logo\/image\/","url":"https:\/\/wein-werte.com\/wp-content\/uploads\/2023\/07\/Wein_werte_Logo700-1.png","contentUrl":"https:\/\/wein-werte.com\/wp-content\/uploads\/2023\/07\/Wein_werte_Logo700-1.png","width":700,"height":272,"caption":"Vins Fins Thorrold"},"image":{"@id":"https:\/\/wein-werte.com\/de\/#\/schema\/logo\/image\/"}}]}},"_links":{"self":[{"href":"https:\/\/wein-werte.com\/de\/wp-json\/wp\/v2\/product\/1131220","targetHints":{"allow":["GET"]}}],"collection":[{"href":"https:\/\/wein-werte.com\/de\/wp-json\/wp\/v2\/product"}],"about":[{"href":"https:\/\/wein-werte.com\/de\/wp-json\/wp\/v2\/types\/product"}],"wp:featuredmedia":[{"embeddable":true,"href":"https:\/\/wein-werte.com\/de\/wp-json\/wp\/v2\/media\/1142176"}],"wp:attachment":[{"href":"https:\/\/wein-werte.com\/de\/wp-json\/wp\/v2\/media?parent=1131220"}],"wp:term":[{"taxonomy":"product_brand","embeddable":true,"href":"https:\/\/wein-werte.com\/de\/wp-json\/wp\/v2\/product_brand?post=1131220"},{"taxonomy":"product_cat","embeddable":true,"href":"https:\/\/wein-werte.com\/de\/wp-json\/wp\/v2\/product_cat?post=1131220"},{"taxonomy":"product_tag","embeddable":true,"href":"https:\/\/wein-werte.com\/de\/wp-json\/wp\/v2\/product_tag?post=1131220"}],"curies":[{"name":"wp","href":"https:\/\/api.w.org\/{rel}","templated":true}]}}