{"id":1131200,"date":"2026-05-05T18:23:08","date_gmt":"2026-05-05T16:23:08","guid":{"rendered":"https:\/\/wein-werte.com\/product\/okonomierat-rebholz-riesling-im-sonnenschein-gg-2022-750ml\/"},"modified":"2026-04-27T11:47:05","modified_gmt":"2026-04-27T09:47:05","slug":"okonomierat-rebholz-riesling-im-sonnenschein-gg-2022-750ml","status":"publish","type":"product","link":"https:\/\/wein-werte.com\/de\/produkt\/okonomierat-rebholz-riesling-im-sonnenschein-gg-2022-750ml\/","title":{"rendered":"\u00d6konomierat Rebholz | Pfalz | Riesling &#8220;Im Sonnenschein&#8221; GG | 2022 | 750ml | bio"},"content":{"rendered":"<p>Produktbeschreibung f\u00fcr \u00d6konomierat Rebholz Riesling &#8220;Im Sonnenschein&#8221; GG 2022 (bio) <\/p>\n<h5>Farbe<\/h5>\n<p> Leuchtendes Zitronengelb mit hellen und goldenen Einschl\u00fcssen <\/p>\n<h5>Nase<\/h5>\n<p> In Absoluter Rebholz-Manier zeigt sich der Siebeldingen im Sonnenschein Riesling Gro\u00dfes Gew\u00e4chs \u00e4u\u00dferst filigran, etherisch und feinfruchtig. Seine Frucht ist dabei \u00e4u\u00dferst subtil, aber gleichzeitig persistent. Wei\u00dfer Pfirsich, Nashi-Birne und Mirabelle breiten sich angenehm aber intensiv aus. Abrieb von Bergamotte sowie Kaffir-Limettenbl\u00e4tter unterst\u00fctzen ihn dabei pr\u00e4chtig. Im Hintergrund schiebt seine k\u00fchlende Kr\u00e4uterw\u00fcrze m\u00e4chtig an. Eukalyptus, Minze und Zitronenmelisse bilden die starke etherische Flanke. Auf der anderen Seite kommen auch Thymian und Salbei in etwas sch\u00fcchterner Form zur Geltung. Er weist vegetabile Nuancen in Form von Erbse und Fenchel auf. In sich ist er enorm stimmig und vollendet. <\/p>\n<h5>Gaumen<\/h5>\n<p> Rebholz steht f\u00fcr absolut gro\u00dfes Lagerpotenzial. Auch dieser 2022er ist ein Langstreckenl\u00e4ufer. Voller Rasse und Struktur baut er sich auf. Mit reichlich Phenolik best\u00fcckt baut er m\u00e4chtig Druck am Gaumen auf. Dicht gewoben und enorm engmaschig. Dann schnalzt die S\u00e4urestruktur Lasso-artig ein. B\u00e4\u00e4hm! Frucht und S\u00e4ure duellieren sich auf eine enorm animierende Art. Sein steiniger, kalkiger Part wirkt wie das sprichw\u00f6rtliche Salz in der Suppe unterst\u00fctzend hinzu. Bildlich gesehen verschwimmen bei ihm gelb und gr\u00fcn. Die herbalen, etherischen und vegetabilen Aromen der Nase bestimmen hier aktuell das Aromenbild. Aus der Erfahrung heraus kann ich versprechen, dass die Frucht \u00fcber die Reife zunehmen wird. Sehr trinkfreudiger und schlanker Typus Riesling GG. Dennoch ist er voller Aromendichte und Komplexit\u00e4t.<\/p>\n<p>Copyright Vinaturel 2025<\/p>\n<p>Keywords: <a href=\"https:\/\/wein-werte.com\/de\/shop\/?swoof=1&#038;pa_producer=\u00d6konomierat-Rebholz\">\u00d6konomierat Rebholz<\/a> <a href=\"https:\/\/wein-werte.com\/de\/shop\/?swoof=1&#038;woof_text=Riesling \"Im Sonnenschein\" GG\">Riesling &#8220;Im Sonnenschein&#8221; GG<\/a> 2022 bio <a href=\"https:\/\/wein-werte.com\/de\/shop\/?swoof=1&#038;pa_region=Pfalz\">Pfalz<\/a> <a href=\"https:\/\/wein-werte.com\/de\/shop\/?swoof=1&#038;pa_country=Deutschland\">Deutschland<\/a><\/p>\n<h3>Wine Advocate<\/h3>\n<p>Punkte: 93<\/p>\n<p>Der Im Sonnenschein Riesling GG 2022 er\u00f6ffnet mit einer puristischen, w\u00fcrzigen Nase, die an Jod erinnert, aber auch duftige, ja sogar leicht \u00fcberreife Fr\u00fcchte zeigt. Vollmundig, rund und saftig am Gaumen, w\u00fcrzig und anhaltend salzig, ist dies ein dichter, recht kraftvoller und muskul\u00f6ser Riesling mit salzigem Abgang. Naturkorken. Verkostung im September 2023 auf dem Weingut.<br \/>Stephan Reinhardt<\/p>\n<h3>Vinous<\/h3>\n<p>Punkte: 96<\/p>\n<p>Der Riesling Siebeldinger Im Sonnenschein Grosses Gew\u00e4chs 2022 ist in der Nase noch reduziert, doch ein Nachhall von entfernten Fr\u00fcchten ist zu sp\u00fcren. Am Gaumen ist er spritzig, k\u00fchlend und wohltuend, mit feinster, strahlender Frische, aber dennoch rundum ausgeglichen und saftig, wieder mit dieser salzig-k\u00f6stlichen Note. Er ist so gut eingefangen, so rein und gelassen. Der schlanke, spritzige, strahlende Abgang ist entscheidend. Er stammt von Parzellen mit etwas mehr Lehm im unteren Bereich. (Knochentrocken) \u2013 Anne Krebiehl MW<br \/>Trinkfenster: 2025\u20132050<br \/>Bewertungsdatum: Dezember 2023<\/p>\n<p>Internetseite des Weinguts: <a href=\"https:\/\/www.oekonomierat-rebholz.com\/en\/\" target=\"_blank\">https:\/\/www.oekonomierat-rebholz.com\/en\/<\/a><\/p>\n","protected":false},"excerpt":{"rendered":"<p>Lieferzeit: 1 bis 2 Arbeitstage (DE), 2 bis 5 Arbeitstage (EU and CH)<\/p>\n","protected":false},"featured_media":1142160,"template":"","meta":[],"product_brand":[],"product_cat":[19],"product_tag":[],"class_list":{"0":"post-1131200","1":"product","2":"type-product","3":"status-publish","4":"has-post-thumbnail","6":"product_cat-unkategorisiert","7":"pa_alcohol-for-filter-12-5","8":"pa_certified-biodynamic-ja-de","9":"pa_certified-organic-ja-de","10":"pa_colour-weiss","11":"pa_country-deutschland","12":"pa_grape-riesling","13":"pa_parker-points-for-filter-93-de-2","14":"pa_price-for-filter-10620","15":"pa_producer-okonomierat-rebholz","16":"pa_region-pfalz","17":"pa_size-ml-6584","18":"pa_sweetness-trocken-de","19":"pa_type-2-still-de","20":"pa_vinous-points-for-filter-20037","21":"pa_vintage-2022-de","22":"entry","23":"has-media","25":"first","26":"instock","27":"taxable","28":"shipping-taxable","29":"purchasable","30":"product-type-simple"},"yoast_head":"<!-- This site is optimized with the Yoast SEO plugin v27.5 - https:\/\/yoast.com\/product\/yoast-seo-wordpress\/ -->\n<title>\u00d6konomierat Rebholz Riesling &quot;Im Sonnenschein&quot; GG 2022<\/title>\n<meta name=\"description\" content=\"Kaufe \u00d6konomierat Rebholz Riesling &quot;Im Sonnenschein&quot; GG 2022 (Riesling, trocken aus Pfalz, Deutschland) bei Wein Werte, Ihrem nachhaltigen Onlineshop.\" \/>\n<meta name=\"robots\" content=\"index, follow, max-snippet:-1, max-image-preview:large, max-video-preview:-1\" \/>\n<link rel=\"canonical\" href=\"https:\/\/wein-werte.com\/de\/produkt\/okonomierat-rebholz-riesling-im-sonnenschein-gg-2022-750ml\/\" \/>\n<meta property=\"og:locale\" content=\"de_DE\" \/>\n<meta property=\"og:type\" content=\"article\" \/>\n<meta property=\"og:title\" content=\"\u00d6konomierat Rebholz Riesling &quot;Im Sonnenschein&quot; GG 2022\" \/>\n<meta property=\"og:description\" content=\"Kaufe \u00d6konomierat Rebholz Riesling &quot;Im Sonnenschein&quot; GG 2022 (Riesling, trocken aus Pfalz, Deutschland) bei Wein Werte, Ihrem nachhaltigen Onlineshop.\" \/>\n<meta property=\"og:url\" content=\"https:\/\/wein-werte.com\/de\/produkt\/okonomierat-rebholz-riesling-im-sonnenschein-gg-2022-750ml\/\" \/>\n<meta property=\"og:site_name\" content=\"Wein Werte\" \/>\n<meta property=\"og:image\" content=\"https:\/\/wein-werte.com\/wp-content\/uploads\/2026\/04\/Okonomierat-Rebholz-Riesling-Im-Sonnenschein-GG-2022-750ml.png\" \/>\n\t<meta property=\"og:image:width\" content=\"253\" \/>\n\t<meta property=\"og:image:height\" content=\"1200\" \/>\n\t<meta property=\"og:image:type\" content=\"image\/png\" \/>\n<meta name=\"twitter:card\" content=\"summary_large_image\" \/>\n<meta name=\"twitter:label1\" content=\"Gesch\u00e4tzte Lesezeit\" \/>\n\t<meta name=\"twitter:data1\" content=\"2\u00a0Minuten\" \/>\n<script type=\"application\/ld+json\" class=\"yoast-schema-graph\">{\"@context\":\"https:\\\/\\\/schema.org\",\"@graph\":[{\"@type\":\"WebPage\",\"@id\":\"https:\\\/\\\/wein-werte.com\\\/de\\\/produkt\\\/okonomierat-rebholz-riesling-im-sonnenschein-gg-2022-750ml\\\/\",\"url\":\"https:\\\/\\\/wein-werte.com\\\/de\\\/produkt\\\/okonomierat-rebholz-riesling-im-sonnenschein-gg-2022-750ml\\\/\",\"name\":\"\u00d6konomierat Rebholz Riesling \\\"Im Sonnenschein\\\" GG 2022\",\"isPartOf\":{\"@id\":\"https:\\\/\\\/wein-werte.com\\\/de\\\/#website\"},\"primaryImageOfPage\":{\"@id\":\"https:\\\/\\\/wein-werte.com\\\/de\\\/produkt\\\/okonomierat-rebholz-riesling-im-sonnenschein-gg-2022-750ml\\\/#primaryimage\"},\"image\":{\"@id\":\"https:\\\/\\\/wein-werte.com\\\/de\\\/produkt\\\/okonomierat-rebholz-riesling-im-sonnenschein-gg-2022-750ml\\\/#primaryimage\"},\"thumbnailUrl\":\"https:\\\/\\\/wein-werte.com\\\/wp-content\\\/uploads\\\/2026\\\/04\\\/Okonomierat-Rebholz-Riesling-Im-Sonnenschein-GG-2022-750ml.png\",\"datePublished\":\"2026-05-05T16:23:08+00:00\",\"description\":\"Kaufe \u00d6konomierat Rebholz Riesling \\\"Im Sonnenschein\\\" GG 2022 (Riesling, trocken aus Pfalz, Deutschland) bei Wein Werte, Ihrem nachhaltigen Onlineshop.\",\"breadcrumb\":{\"@id\":\"https:\\\/\\\/wein-werte.com\\\/de\\\/produkt\\\/okonomierat-rebholz-riesling-im-sonnenschein-gg-2022-750ml\\\/#breadcrumb\"},\"inLanguage\":\"de\",\"potentialAction\":[{\"@type\":\"ReadAction\",\"target\":[\"https:\\\/\\\/wein-werte.com\\\/de\\\/produkt\\\/okonomierat-rebholz-riesling-im-sonnenschein-gg-2022-750ml\\\/\"]}]},{\"@type\":\"ImageObject\",\"inLanguage\":\"de\",\"@id\":\"https:\\\/\\\/wein-werte.com\\\/de\\\/produkt\\\/okonomierat-rebholz-riesling-im-sonnenschein-gg-2022-750ml\\\/#primaryimage\",\"url\":\"https:\\\/\\\/wein-werte.com\\\/wp-content\\\/uploads\\\/2026\\\/04\\\/Okonomierat-Rebholz-Riesling-Im-Sonnenschein-GG-2022-750ml.png\",\"contentUrl\":\"https:\\\/\\\/wein-werte.com\\\/wp-content\\\/uploads\\\/2026\\\/04\\\/Okonomierat-Rebholz-Riesling-Im-Sonnenschein-GG-2022-750ml.png\",\"width\":253,\"height\":1200,\"caption\":\"\u00d6konomierat Rebholz Riesling \\\"Im Sonnenschein\\\" GG 2022 750ml\"},{\"@type\":\"BreadcrumbList\",\"@id\":\"https:\\\/\\\/wein-werte.com\\\/de\\\/produkt\\\/okonomierat-rebholz-riesling-im-sonnenschein-gg-2022-750ml\\\/#breadcrumb\",\"itemListElement\":[{\"@type\":\"ListItem\",\"position\":1,\"name\":\"Home\",\"item\":\"https:\\\/\\\/wein-werte.com\\\/de\\\/\"},{\"@type\":\"ListItem\",\"position\":2,\"name\":\"Shop\",\"item\":\"https:\\\/\\\/wein-werte.com\\\/de\\\/shop\\\/\"},{\"@type\":\"ListItem\",\"position\":3,\"name\":\"\u00d6konomierat Rebholz | Pfalz | Riesling &#8220;Im Sonnenschein&#8221; GG | 2022 | 750ml | bio\"}]},{\"@type\":\"WebSite\",\"@id\":\"https:\\\/\\\/wein-werte.com\\\/de\\\/#website\",\"url\":\"https:\\\/\\\/wein-werte.com\\\/de\\\/\",\"name\":\"Wein Werte\",\"description\":\"\",\"publisher\":{\"@id\":\"https:\\\/\\\/wein-werte.com\\\/de\\\/#organization\"},\"potentialAction\":[{\"@type\":\"SearchAction\",\"target\":{\"@type\":\"EntryPoint\",\"urlTemplate\":\"https:\\\/\\\/wein-werte.com\\\/de\\\/?s={search_term_string}\"},\"query-input\":{\"@type\":\"PropertyValueSpecification\",\"valueRequired\":true,\"valueName\":\"search_term_string\"}}],\"inLanguage\":\"de\"},{\"@type\":\"Organization\",\"@id\":\"https:\\\/\\\/wein-werte.com\\\/de\\\/#organization\",\"name\":\"Vins Fins Thorrold\",\"url\":\"https:\\\/\\\/wein-werte.com\\\/de\\\/\",\"logo\":{\"@type\":\"ImageObject\",\"inLanguage\":\"de\",\"@id\":\"https:\\\/\\\/wein-werte.com\\\/de\\\/#\\\/schema\\\/logo\\\/image\\\/\",\"url\":\"https:\\\/\\\/wein-werte.com\\\/wp-content\\\/uploads\\\/2023\\\/07\\\/Wein_werte_Logo700-1.png\",\"contentUrl\":\"https:\\\/\\\/wein-werte.com\\\/wp-content\\\/uploads\\\/2023\\\/07\\\/Wein_werte_Logo700-1.png\",\"width\":700,\"height\":272,\"caption\":\"Vins Fins Thorrold\"},\"image\":{\"@id\":\"https:\\\/\\\/wein-werte.com\\\/de\\\/#\\\/schema\\\/logo\\\/image\\\/\"}}]}<\/script>\n<!-- \/ Yoast SEO plugin. -->","yoast_head_json":{"title":"\u00d6konomierat Rebholz Riesling \"Im Sonnenschein\" GG 2022","description":"Kaufe \u00d6konomierat Rebholz Riesling \"Im Sonnenschein\" GG 2022 (Riesling, trocken aus Pfalz, Deutschland) bei Wein Werte, Ihrem nachhaltigen Onlineshop.","robots":{"index":"index","follow":"follow","max-snippet":"max-snippet:-1","max-image-preview":"max-image-preview:large","max-video-preview":"max-video-preview:-1"},"canonical":"https:\/\/wein-werte.com\/de\/produkt\/okonomierat-rebholz-riesling-im-sonnenschein-gg-2022-750ml\/","og_locale":"de_DE","og_type":"article","og_title":"\u00d6konomierat Rebholz Riesling \"Im Sonnenschein\" GG 2022","og_description":"Kaufe \u00d6konomierat Rebholz Riesling \"Im Sonnenschein\" GG 2022 (Riesling, trocken aus Pfalz, Deutschland) bei Wein Werte, Ihrem nachhaltigen Onlineshop.","og_url":"https:\/\/wein-werte.com\/de\/produkt\/okonomierat-rebholz-riesling-im-sonnenschein-gg-2022-750ml\/","og_site_name":"Wein Werte","og_image":[{"width":253,"height":1200,"url":"https:\/\/wein-werte.com\/wp-content\/uploads\/2026\/04\/Okonomierat-Rebholz-Riesling-Im-Sonnenschein-GG-2022-750ml.png","type":"image\/png"}],"twitter_card":"summary_large_image","twitter_misc":{"Gesch\u00e4tzte Lesezeit":"2\u00a0Minuten"},"schema":{"@context":"https:\/\/schema.org","@graph":[{"@type":"WebPage","@id":"https:\/\/wein-werte.com\/de\/produkt\/okonomierat-rebholz-riesling-im-sonnenschein-gg-2022-750ml\/","url":"https:\/\/wein-werte.com\/de\/produkt\/okonomierat-rebholz-riesling-im-sonnenschein-gg-2022-750ml\/","name":"\u00d6konomierat Rebholz Riesling \"Im Sonnenschein\" GG 2022","isPartOf":{"@id":"https:\/\/wein-werte.com\/de\/#website"},"primaryImageOfPage":{"@id":"https:\/\/wein-werte.com\/de\/produkt\/okonomierat-rebholz-riesling-im-sonnenschein-gg-2022-750ml\/#primaryimage"},"image":{"@id":"https:\/\/wein-werte.com\/de\/produkt\/okonomierat-rebholz-riesling-im-sonnenschein-gg-2022-750ml\/#primaryimage"},"thumbnailUrl":"https:\/\/wein-werte.com\/wp-content\/uploads\/2026\/04\/Okonomierat-Rebholz-Riesling-Im-Sonnenschein-GG-2022-750ml.png","datePublished":"2026-05-05T16:23:08+00:00","description":"Kaufe \u00d6konomierat Rebholz Riesling \"Im Sonnenschein\" GG 2022 (Riesling, trocken aus Pfalz, Deutschland) bei Wein Werte, Ihrem nachhaltigen Onlineshop.","breadcrumb":{"@id":"https:\/\/wein-werte.com\/de\/produkt\/okonomierat-rebholz-riesling-im-sonnenschein-gg-2022-750ml\/#breadcrumb"},"inLanguage":"de","potentialAction":[{"@type":"ReadAction","target":["https:\/\/wein-werte.com\/de\/produkt\/okonomierat-rebholz-riesling-im-sonnenschein-gg-2022-750ml\/"]}]},{"@type":"ImageObject","inLanguage":"de","@id":"https:\/\/wein-werte.com\/de\/produkt\/okonomierat-rebholz-riesling-im-sonnenschein-gg-2022-750ml\/#primaryimage","url":"https:\/\/wein-werte.com\/wp-content\/uploads\/2026\/04\/Okonomierat-Rebholz-Riesling-Im-Sonnenschein-GG-2022-750ml.png","contentUrl":"https:\/\/wein-werte.com\/wp-content\/uploads\/2026\/04\/Okonomierat-Rebholz-Riesling-Im-Sonnenschein-GG-2022-750ml.png","width":253,"height":1200,"caption":"\u00d6konomierat Rebholz Riesling \"Im Sonnenschein\" GG 2022 750ml"},{"@type":"BreadcrumbList","@id":"https:\/\/wein-werte.com\/de\/produkt\/okonomierat-rebholz-riesling-im-sonnenschein-gg-2022-750ml\/#breadcrumb","itemListElement":[{"@type":"ListItem","position":1,"name":"Home","item":"https:\/\/wein-werte.com\/de\/"},{"@type":"ListItem","position":2,"name":"Shop","item":"https:\/\/wein-werte.com\/de\/shop\/"},{"@type":"ListItem","position":3,"name":"\u00d6konomierat Rebholz | Pfalz | Riesling &#8220;Im Sonnenschein&#8221; GG | 2022 | 750ml | bio"}]},{"@type":"WebSite","@id":"https:\/\/wein-werte.com\/de\/#website","url":"https:\/\/wein-werte.com\/de\/","name":"Wein Werte","description":"","publisher":{"@id":"https:\/\/wein-werte.com\/de\/#organization"},"potentialAction":[{"@type":"SearchAction","target":{"@type":"EntryPoint","urlTemplate":"https:\/\/wein-werte.com\/de\/?s={search_term_string}"},"query-input":{"@type":"PropertyValueSpecification","valueRequired":true,"valueName":"search_term_string"}}],"inLanguage":"de"},{"@type":"Organization","@id":"https:\/\/wein-werte.com\/de\/#organization","name":"Vins Fins Thorrold","url":"https:\/\/wein-werte.com\/de\/","logo":{"@type":"ImageObject","inLanguage":"de","@id":"https:\/\/wein-werte.com\/de\/#\/schema\/logo\/image\/","url":"https:\/\/wein-werte.com\/wp-content\/uploads\/2023\/07\/Wein_werte_Logo700-1.png","contentUrl":"https:\/\/wein-werte.com\/wp-content\/uploads\/2023\/07\/Wein_werte_Logo700-1.png","width":700,"height":272,"caption":"Vins Fins Thorrold"},"image":{"@id":"https:\/\/wein-werte.com\/de\/#\/schema\/logo\/image\/"}}]}},"_links":{"self":[{"href":"https:\/\/wein-werte.com\/de\/wp-json\/wp\/v2\/product\/1131200","targetHints":{"allow":["GET"]}}],"collection":[{"href":"https:\/\/wein-werte.com\/de\/wp-json\/wp\/v2\/product"}],"about":[{"href":"https:\/\/wein-werte.com\/de\/wp-json\/wp\/v2\/types\/product"}],"wp:featuredmedia":[{"embeddable":true,"href":"https:\/\/wein-werte.com\/de\/wp-json\/wp\/v2\/media\/1142160"}],"wp:attachment":[{"href":"https:\/\/wein-werte.com\/de\/wp-json\/wp\/v2\/media?parent=1131200"}],"wp:term":[{"taxonomy":"product_brand","embeddable":true,"href":"https:\/\/wein-werte.com\/de\/wp-json\/wp\/v2\/product_brand?post=1131200"},{"taxonomy":"product_cat","embeddable":true,"href":"https:\/\/wein-werte.com\/de\/wp-json\/wp\/v2\/product_cat?post=1131200"},{"taxonomy":"product_tag","embeddable":true,"href":"https:\/\/wein-werte.com\/de\/wp-json\/wp\/v2\/product_tag?post=1131200"}],"curies":[{"name":"wp","href":"https:\/\/api.w.org\/{rel}","templated":true}]}}