{"id":1131180,"date":"2026-05-05T18:23:07","date_gmt":"2026-05-05T16:23:07","guid":{"rendered":"https:\/\/wein-werte.com\/product\/okonomierat-rebholz-weisser-burgunder-mandelberg-gg-2022-750ml\/"},"modified":"2026-04-27T11:47:04","modified_gmt":"2026-04-27T09:47:04","slug":"okonomierat-rebholz-weisser-burgunder-mandelberg-gg-2022-750ml","status":"publish","type":"product","link":"https:\/\/wein-werte.com\/de\/produkt\/okonomierat-rebholz-weisser-burgunder-mandelberg-gg-2022-750ml\/","title":{"rendered":"\u00d6konomierat Rebholz | Pfalz | Weisser Burgunder &#8220;Mandelberg&#8221; GG | 2022 | 750ml | bio"},"content":{"rendered":"<p>Produktbeschreibung f\u00fcr \u00d6konomierat Rebholz Weisser Burgunder &#8220;Mandelberg&#8221; GG 2022 (bio) <\/p>\n<h5>Info zur Lage<\/h5>\n<p> Die Weinlage Mandelberg liegt s\u00fcdwestlich von Birkweiler und etwa 500m s\u00fcd\u00f6stlich von der Weinlage Kastanienbusch entfernt. Die Weinberge befinden sich auf einem Bergr\u00fccken, der vom Hohenberg im Westen \u00fcber den Rauhberg nach Osten in die Rheinebene zieht. Die besten Parzellen der Weinlage Mandelberg sind bis zu 250m \u00fcber NN hoch gelegene Osth\u00e4nge. Die Hangneigung liegt zwischen 10% und 30% Steigung. Durch die Verwerfungen des Rheingrabens ist im Gebiet um Siebeldingen, Birkweiler, Albersweiler und Frankweiler eine sehr starke \u201eHebung\u201c erfolgt, die sehr tiefliegende geologische Formationen zu Tage brachte, beispielsweise das \u201eRotliegende\u201c aus der Zeit des Perms im nahen Kastanienbusch und Formationen aus der Trias-Zeit: Buntsandstein, Muschelkalk und Keuper. Die Reben in den besten Weinbergen des Mandelbergs wurzeln in B\u00f6den, die vor mehr als 200 Millionen Jahren, in der Zeit des Muschelkalks, entstanden sind. Typisch f\u00fcr diese sehr kalkreichen B\u00f6den aus marinen Sedimenten sind die beige-grauen, recht kantigen Kalksteine. In ihnen findet man h\u00e4ufig Versteinerungen von Meerestieren und Pflanzen, wie die namensgebenden Muscheln. Muschelkalk ist die ideale Grundlage f\u00fcr feine, elegante Weine mit ganz gro\u00dfem Entwicklungs-und Reifepotential. Der Boden des Mandelbergs ist etwas lehmiger und tiefgr\u00fcndiger als der Muschelkalkboden in der Siebeldinger Lage \u201eIm Sonnenschein\u201c. <\/p>\n<h5>Info zum Ausbau<\/h5>\n<p> Nach selektiver Handlese in mehreren Durchg\u00e4ngen folgte die f\u00fcr unser Weingut seit \u00fcber 70 Jahren typische, nur die Schwerkraft nutzende Traubenverarbeitung. Dabei ist auch die Standzeit der entrappten Maische von 24 Stunden, um mehr Aromen und Mineralit\u00e4t aus den Beerenschalen zu l\u00f6sen, der Ausbau im Edelstahltank, der Verzicht auf Chaptalisation, Weinsch\u00f6nung oder S\u00fc\u00dfung, sowie die lange Lagerung auf der Hefe f\u00fcr mehr Stabilit\u00e4t, Komplexit\u00e4t und Entwicklungspotenzialf\u00fcr unseren Weinstil unverzichtbar. Die sp\u00e4te, ganz schonende Flaschenf\u00fcllung bildet den letzten Schritt unserer Begleitung zu einem ausdrucksstarken, m\u00f6glichst unverf\u00e4lschten, herkunftsgepr\u00e4gten und jahrgangstypischen Wein. <\/p>\n<h5>Farbe<\/h5>\n<p> Helles funkelndes Goldgelb mit zarten gr\u00fcnen Reflexen. <\/p>\n<h5>Nase<\/h5>\n<p> Der 2022er Wei\u00dfer Burgunder Mandelberg GG duftet nach reifen Fr\u00fcchten, wie Birne, Weinbergs Pfirsich, Orange und etwas Mango. Er suggeriert Saftigkeit und wundersch\u00f6ne Dichte und Konzentration bereits in der Nase. Subtil deuten sich Aromen von Kr\u00e4utern, sowie kalkige und rauchige Ankl\u00e4nge , die ihm Facette und Verve verleihen an. <\/p>\n<h5>Gaumen<\/h5>\n<p> Auf der Zunge angelangt \u00fcberzeugt er mit Frische, Salzigkeit und der saftigen Frucht der Nase. Sein feiner Gerbstoff im langen Nachhall regt nicht nur zum zweiten Schluck, sondern auch dazu an ihn mit feinen Speisen zu kombinieren, subtil Bitternoten und Zitrus sind hier Trumpf.Sehr gutes Reifepotential! Wenn man ihn in diesem jugendlichen Stadium schon genie\u00dfen m\u00f6chte sollte man ihn unbedingt fr\u00fchzeitig \u00f6ffnen und dekantieren.<\/p>\n<p>Copyright Vinaturel 2025<\/p>\n<p>Keywords: <a href=\"https:\/\/wein-werte.com\/de\/shop\/?swoof=1&#038;pa_producer=\u00d6konomierat-Rebholz\">\u00d6konomierat Rebholz<\/a> <a href=\"https:\/\/wein-werte.com\/de\/shop\/?swoof=1&#038;woof_text=Weisser Burgunder \"Mandelberg\" GG\">Weisser Burgunder &#8220;Mandelberg&#8221; GG<\/a> 2022 bio <a href=\"https:\/\/wein-werte.com\/de\/shop\/?swoof=1&#038;pa_region=Pfalz\">Pfalz<\/a> <a href=\"https:\/\/wein-werte.com\/de\/shop\/?swoof=1&#038;pa_country=Deutschland\">Deutschland<\/a><\/p>\n<h3>Wine Advocate<\/h3>\n<p>Punkte: 94<\/p>\n<p>Der Birkweiler 2022 Mandelberg Weisser Burgunder GG ist f\u00fcr einen Wei\u00dfburgunder sehr aromatisch und zeigt in der Nase kleine, konzentrierte Steinobstaromen, die sich mit Feuersteinnoten vermischen. Rund und saftig sowie herzhaft am Gaumen und mit herausforderndem phenolischem Grip ist dies ein dichter, sehr intensiver und eleganter sowie anhaltender Mandelberg mit feinen Tanninen und einem langen, intensiven Abgang. Dies ist ein beeindruckender Wein und ein H\u00f6hepunkt des Jahrgangs, zumindest in der Pfalz. Verkostet in Wiesbaden bei der Vorpremiere VDP.Grosses Gew\u00e4chs im August 2023.<br \/>Stephan Reinhardt<\/p>\n<p>Internetseite des Weinguts: <a href=\"https:\/\/www.oekonomierat-rebholz.com\/en\/\" target=\"_blank\">https:\/\/www.oekonomierat-rebholz.com\/en\/<\/a><\/p>\n","protected":false},"excerpt":{"rendered":"<p>Lieferzeit: 1 bis 2 Arbeitstage (DE), 2 bis 5 Arbeitstage (EU and CH)<\/p>\n","protected":false},"featured_media":1142144,"template":"","meta":[],"product_brand":[],"product_cat":[19],"product_tag":[],"class_list":{"0":"post-1131180","1":"product","2":"type-product","3":"status-publish","4":"has-post-thumbnail","6":"product_cat-unkategorisiert","7":"pa_alcohol-for-filter-12892","8":"pa_certified-biodynamic-ja-de","9":"pa_certified-organic-ja-de","10":"pa_colour-weiss","11":"pa_country-deutschland","12":"pa_grape-weisburgunder-pinot-blanc","13":"pa_parker-points-for-filter-94-de-2","14":"pa_price-for-filter-10573","15":"pa_producer-okonomierat-rebholz","16":"pa_region-pfalz","17":"pa_size-ml-6584","18":"pa_sweetness-trocken-de","19":"pa_type-2-still-de","20":"pa_vintage-2022-de","21":"entry","22":"has-media","24":"first","25":"instock","26":"taxable","27":"shipping-taxable","28":"purchasable","29":"product-type-simple"},"yoast_head":"<!-- This site is optimized with the Yoast SEO plugin v27.5 - https:\/\/yoast.com\/product\/yoast-seo-wordpress\/ -->\n<title>\u00d6konomierat Rebholz Weisser Burgunder &quot;Mandelberg&quot; GG 2022<\/title>\n<meta name=\"description\" content=\"Kaufe \u00d6konomierat Rebholz Weisser Burgunder &quot;Mandelberg&quot; GG 2022 (Wei\u00dfburgunder, trocken aus Pfalz, Deutschland) bei Wein Werte, Ihrem nachhaltigen Onlineshop.\" \/>\n<meta name=\"robots\" content=\"index, follow, max-snippet:-1, max-image-preview:large, max-video-preview:-1\" \/>\n<link rel=\"canonical\" href=\"https:\/\/wein-werte.com\/de\/produkt\/okonomierat-rebholz-weisser-burgunder-mandelberg-gg-2022-750ml\/\" \/>\n<meta property=\"og:locale\" content=\"de_DE\" \/>\n<meta property=\"og:type\" content=\"article\" \/>\n<meta property=\"og:title\" content=\"\u00d6konomierat Rebholz Weisser Burgunder &quot;Mandelberg&quot; GG 2022\" \/>\n<meta property=\"og:description\" content=\"Kaufe \u00d6konomierat Rebholz Weisser Burgunder &quot;Mandelberg&quot; GG 2022 (Wei\u00dfburgunder, trocken aus Pfalz, Deutschland) bei Wein Werte, Ihrem nachhaltigen Onlineshop.\" \/>\n<meta property=\"og:url\" content=\"https:\/\/wein-werte.com\/de\/produkt\/okonomierat-rebholz-weisser-burgunder-mandelberg-gg-2022-750ml\/\" \/>\n<meta property=\"og:site_name\" content=\"Wein Werte\" \/>\n<meta property=\"og:image\" content=\"https:\/\/wein-werte.com\/wp-content\/uploads\/2026\/04\/Okonomierat-Rebholz-Weisser-Burgunder-Mandelberg-GG-2022-750ml.png\" \/>\n\t<meta property=\"og:image:width\" content=\"253\" \/>\n\t<meta property=\"og:image:height\" content=\"1200\" \/>\n\t<meta property=\"og:image:type\" content=\"image\/png\" \/>\n<meta name=\"twitter:card\" content=\"summary_large_image\" \/>\n<meta name=\"twitter:label1\" content=\"Gesch\u00e4tzte Lesezeit\" \/>\n\t<meta name=\"twitter:data1\" content=\"3\u00a0Minuten\" \/>\n<script type=\"application\/ld+json\" class=\"yoast-schema-graph\">{\"@context\":\"https:\\\/\\\/schema.org\",\"@graph\":[{\"@type\":\"WebPage\",\"@id\":\"https:\\\/\\\/wein-werte.com\\\/de\\\/produkt\\\/okonomierat-rebholz-weisser-burgunder-mandelberg-gg-2022-750ml\\\/\",\"url\":\"https:\\\/\\\/wein-werte.com\\\/de\\\/produkt\\\/okonomierat-rebholz-weisser-burgunder-mandelberg-gg-2022-750ml\\\/\",\"name\":\"\u00d6konomierat Rebholz Weisser Burgunder \\\"Mandelberg\\\" GG 2022\",\"isPartOf\":{\"@id\":\"https:\\\/\\\/wein-werte.com\\\/de\\\/#website\"},\"primaryImageOfPage\":{\"@id\":\"https:\\\/\\\/wein-werte.com\\\/de\\\/produkt\\\/okonomierat-rebholz-weisser-burgunder-mandelberg-gg-2022-750ml\\\/#primaryimage\"},\"image\":{\"@id\":\"https:\\\/\\\/wein-werte.com\\\/de\\\/produkt\\\/okonomierat-rebholz-weisser-burgunder-mandelberg-gg-2022-750ml\\\/#primaryimage\"},\"thumbnailUrl\":\"https:\\\/\\\/wein-werte.com\\\/wp-content\\\/uploads\\\/2026\\\/04\\\/Okonomierat-Rebholz-Weisser-Burgunder-Mandelberg-GG-2022-750ml.png\",\"datePublished\":\"2026-05-05T16:23:07+00:00\",\"description\":\"Kaufe \u00d6konomierat Rebholz Weisser Burgunder \\\"Mandelberg\\\" GG 2022 (Wei\u00dfburgunder, trocken aus Pfalz, Deutschland) bei Wein Werte, Ihrem nachhaltigen Onlineshop.\",\"breadcrumb\":{\"@id\":\"https:\\\/\\\/wein-werte.com\\\/de\\\/produkt\\\/okonomierat-rebholz-weisser-burgunder-mandelberg-gg-2022-750ml\\\/#breadcrumb\"},\"inLanguage\":\"de\",\"potentialAction\":[{\"@type\":\"ReadAction\",\"target\":[\"https:\\\/\\\/wein-werte.com\\\/de\\\/produkt\\\/okonomierat-rebholz-weisser-burgunder-mandelberg-gg-2022-750ml\\\/\"]}]},{\"@type\":\"ImageObject\",\"inLanguage\":\"de\",\"@id\":\"https:\\\/\\\/wein-werte.com\\\/de\\\/produkt\\\/okonomierat-rebholz-weisser-burgunder-mandelberg-gg-2022-750ml\\\/#primaryimage\",\"url\":\"https:\\\/\\\/wein-werte.com\\\/wp-content\\\/uploads\\\/2026\\\/04\\\/Okonomierat-Rebholz-Weisser-Burgunder-Mandelberg-GG-2022-750ml.png\",\"contentUrl\":\"https:\\\/\\\/wein-werte.com\\\/wp-content\\\/uploads\\\/2026\\\/04\\\/Okonomierat-Rebholz-Weisser-Burgunder-Mandelberg-GG-2022-750ml.png\",\"width\":253,\"height\":1200,\"caption\":\"\u00d6konomierat Rebholz Weisser Burgunder \\\"Mandelberg\\\" GG 2022 750ml\"},{\"@type\":\"BreadcrumbList\",\"@id\":\"https:\\\/\\\/wein-werte.com\\\/de\\\/produkt\\\/okonomierat-rebholz-weisser-burgunder-mandelberg-gg-2022-750ml\\\/#breadcrumb\",\"itemListElement\":[{\"@type\":\"ListItem\",\"position\":1,\"name\":\"Home\",\"item\":\"https:\\\/\\\/wein-werte.com\\\/de\\\/\"},{\"@type\":\"ListItem\",\"position\":2,\"name\":\"Shop\",\"item\":\"https:\\\/\\\/wein-werte.com\\\/de\\\/shop\\\/\"},{\"@type\":\"ListItem\",\"position\":3,\"name\":\"\u00d6konomierat Rebholz | Pfalz | Weisser Burgunder &#8220;Mandelberg&#8221; GG | 2022 | 750ml | bio\"}]},{\"@type\":\"WebSite\",\"@id\":\"https:\\\/\\\/wein-werte.com\\\/de\\\/#website\",\"url\":\"https:\\\/\\\/wein-werte.com\\\/de\\\/\",\"name\":\"Wein Werte\",\"description\":\"\",\"publisher\":{\"@id\":\"https:\\\/\\\/wein-werte.com\\\/de\\\/#organization\"},\"potentialAction\":[{\"@type\":\"SearchAction\",\"target\":{\"@type\":\"EntryPoint\",\"urlTemplate\":\"https:\\\/\\\/wein-werte.com\\\/de\\\/?s={search_term_string}\"},\"query-input\":{\"@type\":\"PropertyValueSpecification\",\"valueRequired\":true,\"valueName\":\"search_term_string\"}}],\"inLanguage\":\"de\"},{\"@type\":\"Organization\",\"@id\":\"https:\\\/\\\/wein-werte.com\\\/de\\\/#organization\",\"name\":\"Vins Fins Thorrold\",\"url\":\"https:\\\/\\\/wein-werte.com\\\/de\\\/\",\"logo\":{\"@type\":\"ImageObject\",\"inLanguage\":\"de\",\"@id\":\"https:\\\/\\\/wein-werte.com\\\/de\\\/#\\\/schema\\\/logo\\\/image\\\/\",\"url\":\"https:\\\/\\\/wein-werte.com\\\/wp-content\\\/uploads\\\/2023\\\/07\\\/Wein_werte_Logo700-1.png\",\"contentUrl\":\"https:\\\/\\\/wein-werte.com\\\/wp-content\\\/uploads\\\/2023\\\/07\\\/Wein_werte_Logo700-1.png\",\"width\":700,\"height\":272,\"caption\":\"Vins Fins Thorrold\"},\"image\":{\"@id\":\"https:\\\/\\\/wein-werte.com\\\/de\\\/#\\\/schema\\\/logo\\\/image\\\/\"}}]}<\/script>\n<!-- \/ Yoast SEO plugin. -->","yoast_head_json":{"title":"\u00d6konomierat Rebholz Weisser Burgunder \"Mandelberg\" GG 2022","description":"Kaufe \u00d6konomierat Rebholz Weisser Burgunder \"Mandelberg\" GG 2022 (Wei\u00dfburgunder, trocken aus Pfalz, Deutschland) bei Wein Werte, Ihrem nachhaltigen Onlineshop.","robots":{"index":"index","follow":"follow","max-snippet":"max-snippet:-1","max-image-preview":"max-image-preview:large","max-video-preview":"max-video-preview:-1"},"canonical":"https:\/\/wein-werte.com\/de\/produkt\/okonomierat-rebholz-weisser-burgunder-mandelberg-gg-2022-750ml\/","og_locale":"de_DE","og_type":"article","og_title":"\u00d6konomierat Rebholz Weisser Burgunder \"Mandelberg\" GG 2022","og_description":"Kaufe \u00d6konomierat Rebholz Weisser Burgunder \"Mandelberg\" GG 2022 (Wei\u00dfburgunder, trocken aus Pfalz, Deutschland) bei Wein Werte, Ihrem nachhaltigen Onlineshop.","og_url":"https:\/\/wein-werte.com\/de\/produkt\/okonomierat-rebholz-weisser-burgunder-mandelberg-gg-2022-750ml\/","og_site_name":"Wein Werte","og_image":[{"width":253,"height":1200,"url":"https:\/\/wein-werte.com\/wp-content\/uploads\/2026\/04\/Okonomierat-Rebholz-Weisser-Burgunder-Mandelberg-GG-2022-750ml.png","type":"image\/png"}],"twitter_card":"summary_large_image","twitter_misc":{"Gesch\u00e4tzte Lesezeit":"3\u00a0Minuten"},"schema":{"@context":"https:\/\/schema.org","@graph":[{"@type":"WebPage","@id":"https:\/\/wein-werte.com\/de\/produkt\/okonomierat-rebholz-weisser-burgunder-mandelberg-gg-2022-750ml\/","url":"https:\/\/wein-werte.com\/de\/produkt\/okonomierat-rebholz-weisser-burgunder-mandelberg-gg-2022-750ml\/","name":"\u00d6konomierat Rebholz Weisser Burgunder \"Mandelberg\" GG 2022","isPartOf":{"@id":"https:\/\/wein-werte.com\/de\/#website"},"primaryImageOfPage":{"@id":"https:\/\/wein-werte.com\/de\/produkt\/okonomierat-rebholz-weisser-burgunder-mandelberg-gg-2022-750ml\/#primaryimage"},"image":{"@id":"https:\/\/wein-werte.com\/de\/produkt\/okonomierat-rebholz-weisser-burgunder-mandelberg-gg-2022-750ml\/#primaryimage"},"thumbnailUrl":"https:\/\/wein-werte.com\/wp-content\/uploads\/2026\/04\/Okonomierat-Rebholz-Weisser-Burgunder-Mandelberg-GG-2022-750ml.png","datePublished":"2026-05-05T16:23:07+00:00","description":"Kaufe \u00d6konomierat Rebholz Weisser Burgunder \"Mandelberg\" GG 2022 (Wei\u00dfburgunder, trocken aus Pfalz, Deutschland) bei Wein Werte, Ihrem nachhaltigen Onlineshop.","breadcrumb":{"@id":"https:\/\/wein-werte.com\/de\/produkt\/okonomierat-rebholz-weisser-burgunder-mandelberg-gg-2022-750ml\/#breadcrumb"},"inLanguage":"de","potentialAction":[{"@type":"ReadAction","target":["https:\/\/wein-werte.com\/de\/produkt\/okonomierat-rebholz-weisser-burgunder-mandelberg-gg-2022-750ml\/"]}]},{"@type":"ImageObject","inLanguage":"de","@id":"https:\/\/wein-werte.com\/de\/produkt\/okonomierat-rebholz-weisser-burgunder-mandelberg-gg-2022-750ml\/#primaryimage","url":"https:\/\/wein-werte.com\/wp-content\/uploads\/2026\/04\/Okonomierat-Rebholz-Weisser-Burgunder-Mandelberg-GG-2022-750ml.png","contentUrl":"https:\/\/wein-werte.com\/wp-content\/uploads\/2026\/04\/Okonomierat-Rebholz-Weisser-Burgunder-Mandelberg-GG-2022-750ml.png","width":253,"height":1200,"caption":"\u00d6konomierat Rebholz Weisser Burgunder \"Mandelberg\" GG 2022 750ml"},{"@type":"BreadcrumbList","@id":"https:\/\/wein-werte.com\/de\/produkt\/okonomierat-rebholz-weisser-burgunder-mandelberg-gg-2022-750ml\/#breadcrumb","itemListElement":[{"@type":"ListItem","position":1,"name":"Home","item":"https:\/\/wein-werte.com\/de\/"},{"@type":"ListItem","position":2,"name":"Shop","item":"https:\/\/wein-werte.com\/de\/shop\/"},{"@type":"ListItem","position":3,"name":"\u00d6konomierat Rebholz | Pfalz | Weisser Burgunder &#8220;Mandelberg&#8221; GG | 2022 | 750ml | bio"}]},{"@type":"WebSite","@id":"https:\/\/wein-werte.com\/de\/#website","url":"https:\/\/wein-werte.com\/de\/","name":"Wein Werte","description":"","publisher":{"@id":"https:\/\/wein-werte.com\/de\/#organization"},"potentialAction":[{"@type":"SearchAction","target":{"@type":"EntryPoint","urlTemplate":"https:\/\/wein-werte.com\/de\/?s={search_term_string}"},"query-input":{"@type":"PropertyValueSpecification","valueRequired":true,"valueName":"search_term_string"}}],"inLanguage":"de"},{"@type":"Organization","@id":"https:\/\/wein-werte.com\/de\/#organization","name":"Vins Fins Thorrold","url":"https:\/\/wein-werte.com\/de\/","logo":{"@type":"ImageObject","inLanguage":"de","@id":"https:\/\/wein-werte.com\/de\/#\/schema\/logo\/image\/","url":"https:\/\/wein-werte.com\/wp-content\/uploads\/2023\/07\/Wein_werte_Logo700-1.png","contentUrl":"https:\/\/wein-werte.com\/wp-content\/uploads\/2023\/07\/Wein_werte_Logo700-1.png","width":700,"height":272,"caption":"Vins Fins Thorrold"},"image":{"@id":"https:\/\/wein-werte.com\/de\/#\/schema\/logo\/image\/"}}]}},"_links":{"self":[{"href":"https:\/\/wein-werte.com\/de\/wp-json\/wp\/v2\/product\/1131180","targetHints":{"allow":["GET"]}}],"collection":[{"href":"https:\/\/wein-werte.com\/de\/wp-json\/wp\/v2\/product"}],"about":[{"href":"https:\/\/wein-werte.com\/de\/wp-json\/wp\/v2\/types\/product"}],"wp:featuredmedia":[{"embeddable":true,"href":"https:\/\/wein-werte.com\/de\/wp-json\/wp\/v2\/media\/1142144"}],"wp:attachment":[{"href":"https:\/\/wein-werte.com\/de\/wp-json\/wp\/v2\/media?parent=1131180"}],"wp:term":[{"taxonomy":"product_brand","embeddable":true,"href":"https:\/\/wein-werte.com\/de\/wp-json\/wp\/v2\/product_brand?post=1131180"},{"taxonomy":"product_cat","embeddable":true,"href":"https:\/\/wein-werte.com\/de\/wp-json\/wp\/v2\/product_cat?post=1131180"},{"taxonomy":"product_tag","embeddable":true,"href":"https:\/\/wein-werte.com\/de\/wp-json\/wp\/v2\/product_tag?post=1131180"}],"curies":[{"name":"wp","href":"https:\/\/api.w.org\/{rel}","templated":true}]}}