{"id":1131163,"date":"2026-05-05T18:23:06","date_gmt":"2026-05-05T16:23:06","guid":{"rendered":"https:\/\/wein-werte.com\/product\/okonomierat-rebholz-kastanienbusch-riesling-gg-2020-1500ml\/"},"modified":"2026-04-27T11:47:02","modified_gmt":"2026-04-27T09:47:02","slug":"okonomierat-rebholz-kastanienbusch-riesling-gg-2020-1500ml","status":"publish","type":"product","link":"https:\/\/wein-werte.com\/de\/produkt\/okonomierat-rebholz-kastanienbusch-riesling-gg-2020-1500ml\/","title":{"rendered":"\u00d6konomierat Rebholz | Pfalz | Kastanienbusch Riesling GG | 2020 | 1500ml | bio"},"content":{"rendered":"<p>Produktbeschreibung f\u00fcr \u00d6konomierat Rebholz Kastanienbusch Riesling GG 2020 (bio)<\/p>\n<p> Der Kastanienbusch ist arrondiert von den namensgebenden Kastanienb\u00e4umen. Seine B\u00f6den gehen zur\u00fcck auf das Zeitalter des Perm, das sie vor rund 280 Mio. Jahren erschuf. Als eine der h\u00f6chsten Lagen des s\u00fcdlichen Pf\u00e4lzer Waldes liegt der Kastanienbusch auf bis zu 320m \u00fcber NN und ist damit die h\u00f6chste VDP-klassifizierte Lage in der Pfalz. Der Rebholz\u2019sche Teil des Kastanienbuschs beschr\u00e4nkt sich auf einen Talkessel mit steilem S\u00fcdhang. Dort wachsen die \u00fcberaus langlebigen GGs auf Rotliegendem aus lockeren Granit-, Schiefer- und Melaphyrablagerungen. Die handgelesenen Trauben wurden entrappt und nach 24-st\u00fcndiger Maischestandzeit im Stahl vergoren. <\/p>\n<h5>Farbe<\/h5>\n<p> Helles Gelb, strahlend und klar. <\/p>\n<h5>Nase<\/h5>\n<p> Der 2020 Kastanienbusch Riesling Gro\u00dfes Gew\u00e4chs von \u00d6konomierat Rebholz zeigt sich in jugendlichem Stadium stets von seiner verschwiegenen Seite. Mit feiner W\u00fcrze im Obertonbereich erinnert er an roten Pfeffer und Gesteinsmehl. Dunkel und warm ist er derzeit skizziert durch rote Johannisbeere, Zitronenzeste, Kr\u00e4uterw\u00fcrze sowie Piment und Vetiver. Geschlossen und fest braucht der Kastanienbusch erfahrungsgem\u00e4\u00df sehr lange, bevor er sich aromatisch voll entfaltet. Rechtzeitiges karaffieren ist daher unumg\u00e4nglich, hinreichende Flaschenreife mehr als angeraten. <\/p>\n<h5>Mund<\/h5>\n<p> Fest und fleischig am Gaumen ist er skizziert von anregender Phenolik mit animierender Adstringenz. Zitronen- und Grapefruitzesten werden flankiert von Kr\u00e4utern und rotem Kampot-Pfeffer. Mit wohliger W\u00e4rme im Antrunk trinkt er sich puristisch und klar ohne jeglichen aromatischen Zierrat. Wie ein Fahnenmast ragt er am Gaumen empor, vertikal und gradlinig wird er von juveniler S\u00e4ure orchestriert und zum Zenit getrieben. Verschlossen und fest bietet er derzeit vielmehr perspektivischen Weingenuss, der den geduldigen Zecher jedoch reich belohnen wird. Gross.<\/p>\n<p>Copyright Vinaturel 2025<\/p>\n<p>Keywords: <a href=\"https:\/\/wein-werte.com\/de\/shop\/?swoof=1&#038;pa_producer=\u00d6konomierat-Rebholz\">\u00d6konomierat Rebholz<\/a> <a href=\"https:\/\/wein-werte.com\/de\/shop\/?swoof=1&#038;woof_text=Kastanienbusch Riesling GG\">Kastanienbusch Riesling GG<\/a> 2020 bio <a href=\"https:\/\/wein-werte.com\/de\/shop\/?swoof=1&#038;pa_region=Pfalz\">Pfalz<\/a> <a href=\"https:\/\/wein-werte.com\/de\/shop\/?swoof=1&#038;pa_country=Deutschland\">Deutschland<\/a><\/p>\n<h3>Wine Advocate<\/h3>\n<p>Punkte: 93<\/p>\n<p>Der 2020er Kastanienbusch Riesling GG stammt aus einem reifen Jahrgang und zeigt eine intensive helle Frucht, die eher an Kernobst als an Steinobst erinnert. Anfangs noch ohne die k\u00fchle Ader der Lage in hei\u00dfen Jahren, ist er dennoch subtil und wird mit mehr Luft erz\u00e4hlender. Dicht und geschmeidig am Gaumen, aber fein und elegant, mit einem ausgesprochen klaren und mineralischen Abgang, sogar salzig, ist dies ein Riesling mit wenigen hedonistischen Talenten. Er bleibt schlank und lebendig, mit einer feinen W\u00fcrze und Salzigkeit sowie tonischen Noten von Bitterzitrone. Eher zur\u00fcckhaltend im langen Abgang, der Intensit\u00e4t und Kraft, aber aktuell wenig Verspieltheit zeigt. Verkostet bei der Vertikalverkostung Rebholz Kastanienbusch\/Christmann Idig\/Wittmann Morstein in Westhofen im August 2024.<br \/>Stephan Reinhardt<\/p>\n<p>Internetseite des Weinguts: <a href=\"https:\/\/www.oekonomierat-rebholz.com\/en\/\" target=\"_blank\">https:\/\/www.oekonomierat-rebholz.com\/en\/<\/a><\/p>\n","protected":false},"excerpt":{"rendered":"<p>Lieferzeit: 1 bis 2 Arbeitstage (DE), 2 bis 5 Arbeitstage (EU and CH)<\/p>\n","protected":false},"featured_media":1142132,"template":"","meta":[],"product_brand":[],"product_cat":[19],"product_tag":[],"class_list":{"0":"post-1131163","1":"product","2":"type-product","3":"status-publish","4":"has-post-thumbnail","6":"product_cat-unkategorisiert","7":"pa_alcohol-for-filter-12-5","8":"pa_certified-biodynamic-ja-de","9":"pa_certified-organic-ja-de","10":"pa_colour-weiss","11":"pa_country-deutschland","12":"pa_grape-riesling","13":"pa_parker-points-for-filter-93-de-2","14":"pa_price-for-filter-10663","15":"pa_producer-okonomierat-rebholz","16":"pa_region-pfalz","17":"pa_size-ml-6657","18":"pa_sweetness-trocken-de","19":"pa_type-2-still-de","20":"pa_vintage-2020-de","21":"entry","22":"has-media","24":"first","25":"instock","26":"taxable","27":"shipping-taxable","28":"purchasable","29":"product-type-simple"},"yoast_head":"<!-- This site is optimized with the Yoast SEO plugin v27.5 - https:\/\/yoast.com\/product\/yoast-seo-wordpress\/ -->\n<title>\u00d6konomierat Rebholz Kastanienbusch Riesling GG 2020, 1500ml<\/title>\n<meta name=\"description\" content=\"Kaufe \u00d6konomierat Rebholz Kastanienbusch Riesling GG 2020 (Riesling, trocken aus Pfalz, Deutschland) bei Wein Werte, Ihrem nachhaltigen Onlineshop.\" \/>\n<meta name=\"robots\" content=\"index, follow, max-snippet:-1, max-image-preview:large, max-video-preview:-1\" \/>\n<link rel=\"canonical\" href=\"https:\/\/wein-werte.com\/de\/produkt\/okonomierat-rebholz-kastanienbusch-riesling-gg-2020-1500ml\/\" \/>\n<meta property=\"og:locale\" content=\"de_DE\" \/>\n<meta property=\"og:type\" content=\"article\" \/>\n<meta property=\"og:title\" content=\"\u00d6konomierat Rebholz Kastanienbusch Riesling GG 2020, 1500ml\" \/>\n<meta property=\"og:description\" content=\"Kaufe \u00d6konomierat Rebholz Kastanienbusch Riesling GG 2020 (Riesling, trocken aus Pfalz, Deutschland) bei Wein Werte, Ihrem nachhaltigen Onlineshop.\" \/>\n<meta property=\"og:url\" content=\"https:\/\/wein-werte.com\/de\/produkt\/okonomierat-rebholz-kastanienbusch-riesling-gg-2020-1500ml\/\" \/>\n<meta property=\"og:site_name\" content=\"Wein Werte\" \/>\n<meta property=\"og:image\" content=\"https:\/\/wein-werte.com\/wp-content\/uploads\/2026\/04\/Okonomierat-Rebholz-Kastanienbusch-Riesling-GG-2020-1500ml.png\" \/>\n\t<meta property=\"og:image:width\" content=\"223\" \/>\n\t<meta property=\"og:image:height\" content=\"1200\" \/>\n\t<meta property=\"og:image:type\" content=\"image\/png\" \/>\n<meta name=\"twitter:card\" content=\"summary_large_image\" \/>\n<meta name=\"twitter:label1\" content=\"Gesch\u00e4tzte Lesezeit\" \/>\n\t<meta name=\"twitter:data1\" content=\"2\u00a0Minuten\" \/>\n<script type=\"application\/ld+json\" class=\"yoast-schema-graph\">{\"@context\":\"https:\\\/\\\/schema.org\",\"@graph\":[{\"@type\":\"WebPage\",\"@id\":\"https:\\\/\\\/wein-werte.com\\\/de\\\/produkt\\\/okonomierat-rebholz-kastanienbusch-riesling-gg-2020-1500ml\\\/\",\"url\":\"https:\\\/\\\/wein-werte.com\\\/de\\\/produkt\\\/okonomierat-rebholz-kastanienbusch-riesling-gg-2020-1500ml\\\/\",\"name\":\"\u00d6konomierat Rebholz Kastanienbusch Riesling GG 2020, 1500ml\",\"isPartOf\":{\"@id\":\"https:\\\/\\\/wein-werte.com\\\/de\\\/#website\"},\"primaryImageOfPage\":{\"@id\":\"https:\\\/\\\/wein-werte.com\\\/de\\\/produkt\\\/okonomierat-rebholz-kastanienbusch-riesling-gg-2020-1500ml\\\/#primaryimage\"},\"image\":{\"@id\":\"https:\\\/\\\/wein-werte.com\\\/de\\\/produkt\\\/okonomierat-rebholz-kastanienbusch-riesling-gg-2020-1500ml\\\/#primaryimage\"},\"thumbnailUrl\":\"https:\\\/\\\/wein-werte.com\\\/wp-content\\\/uploads\\\/2026\\\/04\\\/Okonomierat-Rebholz-Kastanienbusch-Riesling-GG-2020-1500ml.png\",\"datePublished\":\"2026-05-05T16:23:06+00:00\",\"description\":\"Kaufe \u00d6konomierat Rebholz Kastanienbusch Riesling GG 2020 (Riesling, trocken aus Pfalz, Deutschland) bei Wein Werte, Ihrem nachhaltigen Onlineshop.\",\"breadcrumb\":{\"@id\":\"https:\\\/\\\/wein-werte.com\\\/de\\\/produkt\\\/okonomierat-rebholz-kastanienbusch-riesling-gg-2020-1500ml\\\/#breadcrumb\"},\"inLanguage\":\"de\",\"potentialAction\":[{\"@type\":\"ReadAction\",\"target\":[\"https:\\\/\\\/wein-werte.com\\\/de\\\/produkt\\\/okonomierat-rebholz-kastanienbusch-riesling-gg-2020-1500ml\\\/\"]}]},{\"@type\":\"ImageObject\",\"inLanguage\":\"de\",\"@id\":\"https:\\\/\\\/wein-werte.com\\\/de\\\/produkt\\\/okonomierat-rebholz-kastanienbusch-riesling-gg-2020-1500ml\\\/#primaryimage\",\"url\":\"https:\\\/\\\/wein-werte.com\\\/wp-content\\\/uploads\\\/2026\\\/04\\\/Okonomierat-Rebholz-Kastanienbusch-Riesling-GG-2020-1500ml.png\",\"contentUrl\":\"https:\\\/\\\/wein-werte.com\\\/wp-content\\\/uploads\\\/2026\\\/04\\\/Okonomierat-Rebholz-Kastanienbusch-Riesling-GG-2020-1500ml.png\",\"width\":223,\"height\":1200,\"caption\":\"\u00d6konomierat Rebholz Kastanienbusch Riesling GG 2020 1500ml\"},{\"@type\":\"BreadcrumbList\",\"@id\":\"https:\\\/\\\/wein-werte.com\\\/de\\\/produkt\\\/okonomierat-rebholz-kastanienbusch-riesling-gg-2020-1500ml\\\/#breadcrumb\",\"itemListElement\":[{\"@type\":\"ListItem\",\"position\":1,\"name\":\"Home\",\"item\":\"https:\\\/\\\/wein-werte.com\\\/de\\\/\"},{\"@type\":\"ListItem\",\"position\":2,\"name\":\"Shop\",\"item\":\"https:\\\/\\\/wein-werte.com\\\/de\\\/shop\\\/\"},{\"@type\":\"ListItem\",\"position\":3,\"name\":\"\u00d6konomierat Rebholz | Pfalz | Kastanienbusch Riesling GG | 2020 | 1500ml | bio\"}]},{\"@type\":\"WebSite\",\"@id\":\"https:\\\/\\\/wein-werte.com\\\/de\\\/#website\",\"url\":\"https:\\\/\\\/wein-werte.com\\\/de\\\/\",\"name\":\"Wein Werte\",\"description\":\"\",\"publisher\":{\"@id\":\"https:\\\/\\\/wein-werte.com\\\/de\\\/#organization\"},\"potentialAction\":[{\"@type\":\"SearchAction\",\"target\":{\"@type\":\"EntryPoint\",\"urlTemplate\":\"https:\\\/\\\/wein-werte.com\\\/de\\\/?s={search_term_string}\"},\"query-input\":{\"@type\":\"PropertyValueSpecification\",\"valueRequired\":true,\"valueName\":\"search_term_string\"}}],\"inLanguage\":\"de\"},{\"@type\":\"Organization\",\"@id\":\"https:\\\/\\\/wein-werte.com\\\/de\\\/#organization\",\"name\":\"Vins Fins Thorrold\",\"url\":\"https:\\\/\\\/wein-werte.com\\\/de\\\/\",\"logo\":{\"@type\":\"ImageObject\",\"inLanguage\":\"de\",\"@id\":\"https:\\\/\\\/wein-werte.com\\\/de\\\/#\\\/schema\\\/logo\\\/image\\\/\",\"url\":\"https:\\\/\\\/wein-werte.com\\\/wp-content\\\/uploads\\\/2023\\\/07\\\/Wein_werte_Logo700-1.png\",\"contentUrl\":\"https:\\\/\\\/wein-werte.com\\\/wp-content\\\/uploads\\\/2023\\\/07\\\/Wein_werte_Logo700-1.png\",\"width\":700,\"height\":272,\"caption\":\"Vins Fins Thorrold\"},\"image\":{\"@id\":\"https:\\\/\\\/wein-werte.com\\\/de\\\/#\\\/schema\\\/logo\\\/image\\\/\"}}]}<\/script>\n<!-- \/ Yoast SEO plugin. -->","yoast_head_json":{"title":"\u00d6konomierat Rebholz Kastanienbusch Riesling GG 2020, 1500ml","description":"Kaufe \u00d6konomierat Rebholz Kastanienbusch Riesling GG 2020 (Riesling, trocken aus Pfalz, Deutschland) bei Wein Werte, Ihrem nachhaltigen Onlineshop.","robots":{"index":"index","follow":"follow","max-snippet":"max-snippet:-1","max-image-preview":"max-image-preview:large","max-video-preview":"max-video-preview:-1"},"canonical":"https:\/\/wein-werte.com\/de\/produkt\/okonomierat-rebholz-kastanienbusch-riesling-gg-2020-1500ml\/","og_locale":"de_DE","og_type":"article","og_title":"\u00d6konomierat Rebholz Kastanienbusch Riesling GG 2020, 1500ml","og_description":"Kaufe \u00d6konomierat Rebholz Kastanienbusch Riesling GG 2020 (Riesling, trocken aus Pfalz, Deutschland) bei Wein Werte, Ihrem nachhaltigen Onlineshop.","og_url":"https:\/\/wein-werte.com\/de\/produkt\/okonomierat-rebholz-kastanienbusch-riesling-gg-2020-1500ml\/","og_site_name":"Wein Werte","og_image":[{"width":223,"height":1200,"url":"https:\/\/wein-werte.com\/wp-content\/uploads\/2026\/04\/Okonomierat-Rebholz-Kastanienbusch-Riesling-GG-2020-1500ml.png","type":"image\/png"}],"twitter_card":"summary_large_image","twitter_misc":{"Gesch\u00e4tzte Lesezeit":"2\u00a0Minuten"},"schema":{"@context":"https:\/\/schema.org","@graph":[{"@type":"WebPage","@id":"https:\/\/wein-werte.com\/de\/produkt\/okonomierat-rebholz-kastanienbusch-riesling-gg-2020-1500ml\/","url":"https:\/\/wein-werte.com\/de\/produkt\/okonomierat-rebholz-kastanienbusch-riesling-gg-2020-1500ml\/","name":"\u00d6konomierat Rebholz Kastanienbusch Riesling GG 2020, 1500ml","isPartOf":{"@id":"https:\/\/wein-werte.com\/de\/#website"},"primaryImageOfPage":{"@id":"https:\/\/wein-werte.com\/de\/produkt\/okonomierat-rebholz-kastanienbusch-riesling-gg-2020-1500ml\/#primaryimage"},"image":{"@id":"https:\/\/wein-werte.com\/de\/produkt\/okonomierat-rebholz-kastanienbusch-riesling-gg-2020-1500ml\/#primaryimage"},"thumbnailUrl":"https:\/\/wein-werte.com\/wp-content\/uploads\/2026\/04\/Okonomierat-Rebholz-Kastanienbusch-Riesling-GG-2020-1500ml.png","datePublished":"2026-05-05T16:23:06+00:00","description":"Kaufe \u00d6konomierat Rebholz Kastanienbusch Riesling GG 2020 (Riesling, trocken aus Pfalz, Deutschland) bei Wein Werte, Ihrem nachhaltigen Onlineshop.","breadcrumb":{"@id":"https:\/\/wein-werte.com\/de\/produkt\/okonomierat-rebholz-kastanienbusch-riesling-gg-2020-1500ml\/#breadcrumb"},"inLanguage":"de","potentialAction":[{"@type":"ReadAction","target":["https:\/\/wein-werte.com\/de\/produkt\/okonomierat-rebholz-kastanienbusch-riesling-gg-2020-1500ml\/"]}]},{"@type":"ImageObject","inLanguage":"de","@id":"https:\/\/wein-werte.com\/de\/produkt\/okonomierat-rebholz-kastanienbusch-riesling-gg-2020-1500ml\/#primaryimage","url":"https:\/\/wein-werte.com\/wp-content\/uploads\/2026\/04\/Okonomierat-Rebholz-Kastanienbusch-Riesling-GG-2020-1500ml.png","contentUrl":"https:\/\/wein-werte.com\/wp-content\/uploads\/2026\/04\/Okonomierat-Rebholz-Kastanienbusch-Riesling-GG-2020-1500ml.png","width":223,"height":1200,"caption":"\u00d6konomierat Rebholz Kastanienbusch Riesling GG 2020 1500ml"},{"@type":"BreadcrumbList","@id":"https:\/\/wein-werte.com\/de\/produkt\/okonomierat-rebholz-kastanienbusch-riesling-gg-2020-1500ml\/#breadcrumb","itemListElement":[{"@type":"ListItem","position":1,"name":"Home","item":"https:\/\/wein-werte.com\/de\/"},{"@type":"ListItem","position":2,"name":"Shop","item":"https:\/\/wein-werte.com\/de\/shop\/"},{"@type":"ListItem","position":3,"name":"\u00d6konomierat Rebholz | Pfalz | Kastanienbusch Riesling GG | 2020 | 1500ml | bio"}]},{"@type":"WebSite","@id":"https:\/\/wein-werte.com\/de\/#website","url":"https:\/\/wein-werte.com\/de\/","name":"Wein Werte","description":"","publisher":{"@id":"https:\/\/wein-werte.com\/de\/#organization"},"potentialAction":[{"@type":"SearchAction","target":{"@type":"EntryPoint","urlTemplate":"https:\/\/wein-werte.com\/de\/?s={search_term_string}"},"query-input":{"@type":"PropertyValueSpecification","valueRequired":true,"valueName":"search_term_string"}}],"inLanguage":"de"},{"@type":"Organization","@id":"https:\/\/wein-werte.com\/de\/#organization","name":"Vins Fins Thorrold","url":"https:\/\/wein-werte.com\/de\/","logo":{"@type":"ImageObject","inLanguage":"de","@id":"https:\/\/wein-werte.com\/de\/#\/schema\/logo\/image\/","url":"https:\/\/wein-werte.com\/wp-content\/uploads\/2023\/07\/Wein_werte_Logo700-1.png","contentUrl":"https:\/\/wein-werte.com\/wp-content\/uploads\/2023\/07\/Wein_werte_Logo700-1.png","width":700,"height":272,"caption":"Vins Fins Thorrold"},"image":{"@id":"https:\/\/wein-werte.com\/de\/#\/schema\/logo\/image\/"}}]}},"_links":{"self":[{"href":"https:\/\/wein-werte.com\/de\/wp-json\/wp\/v2\/product\/1131163","targetHints":{"allow":["GET"]}}],"collection":[{"href":"https:\/\/wein-werte.com\/de\/wp-json\/wp\/v2\/product"}],"about":[{"href":"https:\/\/wein-werte.com\/de\/wp-json\/wp\/v2\/types\/product"}],"wp:featuredmedia":[{"embeddable":true,"href":"https:\/\/wein-werte.com\/de\/wp-json\/wp\/v2\/media\/1142132"}],"wp:attachment":[{"href":"https:\/\/wein-werte.com\/de\/wp-json\/wp\/v2\/media?parent=1131163"}],"wp:term":[{"taxonomy":"product_brand","embeddable":true,"href":"https:\/\/wein-werte.com\/de\/wp-json\/wp\/v2\/product_brand?post=1131163"},{"taxonomy":"product_cat","embeddable":true,"href":"https:\/\/wein-werte.com\/de\/wp-json\/wp\/v2\/product_cat?post=1131163"},{"taxonomy":"product_tag","embeddable":true,"href":"https:\/\/wein-werte.com\/de\/wp-json\/wp\/v2\/product_tag?post=1131163"}],"curies":[{"name":"wp","href":"https:\/\/api.w.org\/{rel}","templated":true}]}}