{"id":1131138,"date":"2026-05-08T20:02:45","date_gmt":"2026-05-08T18:02:45","guid":{"rendered":"https:\/\/wein-werte.com\/product\/weiser-kunstler-enkircher-ellergrub-auslese-2023-375ml\/"},"modified":"2026-04-27T11:47:00","modified_gmt":"2026-04-27T09:47:00","slug":"weiser-kunstler-enkircher-ellergrub-auslese-2023-375ml","status":"publish","type":"product","link":"https:\/\/wein-werte.com\/de\/produkt\/weiser-kunstler-enkircher-ellergrub-auslese-2023-375ml\/","title":{"rendered":"Weiser-K\u00fcnstler | Mosel | Enkircher Ellergrub, Auslese | 2023 | 375ml"},"content":{"rendered":"<p>Produktbeschreibung f\u00fcr Weiser-K\u00fcnstler Enkircher Ellergrub, Auslese 2023  <\/p>\n<h5>Info<\/h5>\n<p>. Ein einzigartiger Wein aus der terrassierten Steilstlage Enkircher Ellergrub mit uralten wurzelechten Reben. Die Reben sind im Durchschnitt \u00e4lter als 100 Jahre. Sie wachsen auf einem blauen, harten Schiefer mit reichlich Quarziteinschl\u00fcssen. Lediglich 15hl\/ha Ertrag bringen die alten Reben noch ein. In 2023 war aufgrund der vielen nassen Tage w\u00e4hrend der Lese eine intensive Selektion gefragt. Lediglich 300l stehen als Ausbeute in den B\u00fcchern. Der Ausbau erfolgt selbstredend im kleinen Stahlgebinde. Die Auslese Goldkapsel aus der Lage Enkicher Ellergrub w\u00e4re viel mehr eine Beerenauslese. Vollkommen nachvollziehbar wurde jedoch stilistisch und nicht analytisch entschieden. Rein sensorisch betrachtet zeigt sich das 2023er Exemplar nun mal wie eine straffe, trinkfreudige Auslese. Sie lebt von Zug am Gaumen und einem enormen S\u00e4uredruck. Intensive 10,6 g\/l S\u00e4ure warten hier auf die 156 g\/l Restzucker. Der Alkohol ist mit 7,5 g\/l bemessen. <\/p>\n<h5>Farbe<\/h5>\n<p> Leuchtendes Goldgelb mit zartgr\u00fcnen Reflexen <\/p>\n<h5>Nase<\/h5>\n<p> Die Nase zieht einen direkt in ihren Bann. Die Frucht ist konzentriert, gleicht einem Nektar und doch ist sie in ein dunkles Gewand aus Seide geh\u00fcllt. Ellergrub eben. Diese ph\u00e4nomenale Lage aus wurzelechten Reben von \u00fcber 100 Jahren Rebalter bietet die besten Bedingungen. Karamellisierte Birne, Quittenkompott und Bratapfel str\u00f6men aus dem Glas. Kandierter Ingwer sowie die Zeste von Limone sorgen f\u00fcr deutliche Akzente. Akazienhonig setzt deutliche Merkmale ab. Kurkuma und Safran sorgen f\u00fcr eine intensive W\u00fcrze. Frisch gehackte Mandeln passen sehr gut dazu. Es kommen Trockenfr\u00fcchte ins Spiel. Aprikose, Feige und Rosine versetzen ihn in eine weitere Dimension der Aromatik. Im Hintergrund schwirren immer die Assoziationen an getrocknete Kr\u00e4uter, die ihn st\u00e4ndig mit herber Frische versorgen. Und all dies scheint nie aufh\u00f6ren zu wollen. <\/p>\n<h5>Gaumen<\/h5>\n<p> Mit dem ersten Schluck beweist er dann, dass die Frucht von all diesen Komponenten der Nase profitiert. Und doch folgt dem ersten, \u00fcppigen Schluck ein Moment der Erhellung. Seine Nektar-artige Struktur flie\u00dft \u00fcber den Gaumen, dann \u00f6ffnet er sich aber direkt und empf\u00e4ngt die zahlreichen Akzente. Die Gew\u00fcrze wie Kurkuma und Safran sowie der kandierte Ingwer sind enorm sch\u00f6n zu erkennen. Die getrockneten Kr\u00e4uter wirken auch im Mundraum belebend. Die Frucht bleibt so facettenreich wie in der Nase. Seine S\u00fc\u00dfe b\u00fcndelt er sehr gut und wird von einer druckvollen S\u00e4ure sowie der steinigen Struktur seiner Herkunft flankiert. Und genau so strebt er einem unendlichen Finale entgegen. WOW! <\/p>\n<p>Copyright Vinaturel 2025<\/p>\n<p>Keywords: <a href=\"https:\/\/wein-werte.com\/de\/shop\/?swoof=1&#038;pa_producer=Weiser-K\u00fcnstler\">Weiser-K\u00fcnstler<\/a> <a href=\"https:\/\/wein-werte.com\/de\/shop\/?swoof=1&#038;woof_text=Enkircher Ellergrub, Auslese\">Enkircher Ellergrub, Auslese<\/a> 2023  <a href=\"https:\/\/wein-werte.com\/de\/shop\/?swoof=1&#038;pa_region=Mosel\">Mosel<\/a> <a href=\"https:\/\/wein-werte.com\/de\/shop\/?swoof=1&#038;pa_country=Deutschland\">Deutschland<\/a><\/p>\n<p>Internetseite des Weinguts: <a href=\"http:\/\/www.weiser-kuenstler.de\/\" target=\"_blank\">http:\/\/www.weiser-kuenstler.de\/<\/a><\/p>\n","protected":false},"excerpt":{"rendered":"<p>Lieferzeit: 1 bis 2 Arbeitstage (DE), 2 bis 5 Arbeitstage (EU and CH)<\/p>\n","protected":false},"featured_media":1142112,"template":"","meta":[],"product_brand":[],"product_cat":[19],"product_tag":[],"class_list":{"0":"post-1131138","1":"product","2":"type-product","3":"status-publish","4":"has-post-thumbnail","6":"product_cat-unkategorisiert","7":"pa_alcohol-for-filter-7-5","8":"pa_certified-biodynamic-nein-de","9":"pa_certified-organic-nein-de","10":"pa_colour-weiss","11":"pa_country-deutschland","12":"pa_grape-riesling","13":"pa_price-for-filter-10692","14":"pa_producer-weiser-kunstler","15":"pa_region-mosel","16":"pa_size-ml-6721","17":"pa_sweetness-suess-de","18":"pa_type-2-still-de","19":"pa_vintage-2023-de","20":"entry","21":"has-media","23":"first","24":"instock","25":"taxable","26":"shipping-taxable","27":"purchasable","28":"product-type-simple"},"yoast_head":"<!-- This site is optimized with the Yoast SEO plugin v27.5 - https:\/\/yoast.com\/product\/yoast-seo-wordpress\/ -->\n<title>Weiser-K\u00fcnstler Enkircher Ellergrub Auslese 2023, 375ml<\/title>\n<meta name=\"description\" content=\"Kaufe Weiser-K\u00fcnstler Enkircher Ellergrub Auslese 2023 (Riesling, s\u00fc\u00df aus Mosel, Deutschland) bei Wein Werte, Ihrem nachhaltigen Onlineshop.\" \/>\n<meta name=\"robots\" content=\"index, follow, max-snippet:-1, max-image-preview:large, max-video-preview:-1\" \/>\n<link rel=\"canonical\" href=\"https:\/\/wein-werte.com\/de\/produkt\/weiser-kunstler-enkircher-ellergrub-auslese-2023-375ml\/\" \/>\n<meta property=\"og:locale\" content=\"de_DE\" \/>\n<meta property=\"og:type\" content=\"article\" \/>\n<meta property=\"og:title\" content=\"Weiser-K\u00fcnstler Enkircher Ellergrub Auslese 2023, 375ml\" \/>\n<meta property=\"og:description\" content=\"Kaufe Weiser-K\u00fcnstler Enkircher Ellergrub Auslese 2023 (Riesling, s\u00fc\u00df aus Mosel, Deutschland) bei Wein Werte, Ihrem nachhaltigen Onlineshop.\" \/>\n<meta property=\"og:url\" content=\"https:\/\/wein-werte.com\/de\/produkt\/weiser-kunstler-enkircher-ellergrub-auslese-2023-375ml\/\" \/>\n<meta property=\"og:site_name\" content=\"Wein Werte\" \/>\n<meta property=\"og:image\" content=\"https:\/\/wein-werte.com\/wp-content\/uploads\/2026\/04\/Weiser-Kunstler-Enkircher-Ellergrub-Auslese-2023-375ml.png\" \/>\n\t<meta property=\"og:image:width\" content=\"252\" \/>\n\t<meta property=\"og:image:height\" content=\"1200\" \/>\n\t<meta property=\"og:image:type\" content=\"image\/png\" \/>\n<meta name=\"twitter:card\" content=\"summary_large_image\" \/>\n<meta name=\"twitter:label1\" content=\"Gesch\u00e4tzte Lesezeit\" \/>\n\t<meta name=\"twitter:data1\" content=\"2\u00a0Minuten\" \/>\n<script type=\"application\/ld+json\" class=\"yoast-schema-graph\">{\"@context\":\"https:\\\/\\\/schema.org\",\"@graph\":[{\"@type\":\"WebPage\",\"@id\":\"https:\\\/\\\/wein-werte.com\\\/de\\\/produkt\\\/weiser-kunstler-enkircher-ellergrub-auslese-2023-375ml\\\/\",\"url\":\"https:\\\/\\\/wein-werte.com\\\/de\\\/produkt\\\/weiser-kunstler-enkircher-ellergrub-auslese-2023-375ml\\\/\",\"name\":\"Weiser-K\u00fcnstler Enkircher Ellergrub Auslese 2023, 375ml\",\"isPartOf\":{\"@id\":\"https:\\\/\\\/wein-werte.com\\\/de\\\/#website\"},\"primaryImageOfPage\":{\"@id\":\"https:\\\/\\\/wein-werte.com\\\/de\\\/produkt\\\/weiser-kunstler-enkircher-ellergrub-auslese-2023-375ml\\\/#primaryimage\"},\"image\":{\"@id\":\"https:\\\/\\\/wein-werte.com\\\/de\\\/produkt\\\/weiser-kunstler-enkircher-ellergrub-auslese-2023-375ml\\\/#primaryimage\"},\"thumbnailUrl\":\"https:\\\/\\\/wein-werte.com\\\/wp-content\\\/uploads\\\/2026\\\/04\\\/Weiser-Kunstler-Enkircher-Ellergrub-Auslese-2023-375ml.png\",\"datePublished\":\"2026-05-08T18:02:45+00:00\",\"description\":\"Kaufe Weiser-K\u00fcnstler Enkircher Ellergrub Auslese 2023 (Riesling, s\u00fc\u00df aus Mosel, Deutschland) bei Wein Werte, Ihrem nachhaltigen Onlineshop.\",\"breadcrumb\":{\"@id\":\"https:\\\/\\\/wein-werte.com\\\/de\\\/produkt\\\/weiser-kunstler-enkircher-ellergrub-auslese-2023-375ml\\\/#breadcrumb\"},\"inLanguage\":\"de\",\"potentialAction\":[{\"@type\":\"ReadAction\",\"target\":[\"https:\\\/\\\/wein-werte.com\\\/de\\\/produkt\\\/weiser-kunstler-enkircher-ellergrub-auslese-2023-375ml\\\/\"]}]},{\"@type\":\"ImageObject\",\"inLanguage\":\"de\",\"@id\":\"https:\\\/\\\/wein-werte.com\\\/de\\\/produkt\\\/weiser-kunstler-enkircher-ellergrub-auslese-2023-375ml\\\/#primaryimage\",\"url\":\"https:\\\/\\\/wein-werte.com\\\/wp-content\\\/uploads\\\/2026\\\/04\\\/Weiser-Kunstler-Enkircher-Ellergrub-Auslese-2023-375ml.png\",\"contentUrl\":\"https:\\\/\\\/wein-werte.com\\\/wp-content\\\/uploads\\\/2026\\\/04\\\/Weiser-Kunstler-Enkircher-Ellergrub-Auslese-2023-375ml.png\",\"width\":252,\"height\":1200,\"caption\":\"Weiser-K\u00fcnstler Enkircher Ellergrub, Auslese 2023 375ml\"},{\"@type\":\"BreadcrumbList\",\"@id\":\"https:\\\/\\\/wein-werte.com\\\/de\\\/produkt\\\/weiser-kunstler-enkircher-ellergrub-auslese-2023-375ml\\\/#breadcrumb\",\"itemListElement\":[{\"@type\":\"ListItem\",\"position\":1,\"name\":\"Home\",\"item\":\"https:\\\/\\\/wein-werte.com\\\/de\\\/\"},{\"@type\":\"ListItem\",\"position\":2,\"name\":\"Shop\",\"item\":\"https:\\\/\\\/wein-werte.com\\\/de\\\/shop\\\/\"},{\"@type\":\"ListItem\",\"position\":3,\"name\":\"Weiser-K\u00fcnstler | Mosel | Enkircher Ellergrub, Auslese | 2023 | 375ml\"}]},{\"@type\":\"WebSite\",\"@id\":\"https:\\\/\\\/wein-werte.com\\\/de\\\/#website\",\"url\":\"https:\\\/\\\/wein-werte.com\\\/de\\\/\",\"name\":\"Wein Werte\",\"description\":\"\",\"publisher\":{\"@id\":\"https:\\\/\\\/wein-werte.com\\\/de\\\/#organization\"},\"potentialAction\":[{\"@type\":\"SearchAction\",\"target\":{\"@type\":\"EntryPoint\",\"urlTemplate\":\"https:\\\/\\\/wein-werte.com\\\/de\\\/?s={search_term_string}\"},\"query-input\":{\"@type\":\"PropertyValueSpecification\",\"valueRequired\":true,\"valueName\":\"search_term_string\"}}],\"inLanguage\":\"de\"},{\"@type\":\"Organization\",\"@id\":\"https:\\\/\\\/wein-werte.com\\\/de\\\/#organization\",\"name\":\"Vins Fins Thorrold\",\"url\":\"https:\\\/\\\/wein-werte.com\\\/de\\\/\",\"logo\":{\"@type\":\"ImageObject\",\"inLanguage\":\"de\",\"@id\":\"https:\\\/\\\/wein-werte.com\\\/de\\\/#\\\/schema\\\/logo\\\/image\\\/\",\"url\":\"https:\\\/\\\/wein-werte.com\\\/wp-content\\\/uploads\\\/2023\\\/07\\\/Wein_werte_Logo700-1.png\",\"contentUrl\":\"https:\\\/\\\/wein-werte.com\\\/wp-content\\\/uploads\\\/2023\\\/07\\\/Wein_werte_Logo700-1.png\",\"width\":700,\"height\":272,\"caption\":\"Vins Fins Thorrold\"},\"image\":{\"@id\":\"https:\\\/\\\/wein-werte.com\\\/de\\\/#\\\/schema\\\/logo\\\/image\\\/\"}}]}<\/script>\n<!-- \/ Yoast SEO plugin. -->","yoast_head_json":{"title":"Weiser-K\u00fcnstler Enkircher Ellergrub Auslese 2023, 375ml","description":"Kaufe Weiser-K\u00fcnstler Enkircher Ellergrub Auslese 2023 (Riesling, s\u00fc\u00df aus Mosel, Deutschland) bei Wein Werte, Ihrem nachhaltigen Onlineshop.","robots":{"index":"index","follow":"follow","max-snippet":"max-snippet:-1","max-image-preview":"max-image-preview:large","max-video-preview":"max-video-preview:-1"},"canonical":"https:\/\/wein-werte.com\/de\/produkt\/weiser-kunstler-enkircher-ellergrub-auslese-2023-375ml\/","og_locale":"de_DE","og_type":"article","og_title":"Weiser-K\u00fcnstler Enkircher Ellergrub Auslese 2023, 375ml","og_description":"Kaufe Weiser-K\u00fcnstler Enkircher Ellergrub Auslese 2023 (Riesling, s\u00fc\u00df aus Mosel, Deutschland) bei Wein Werte, Ihrem nachhaltigen Onlineshop.","og_url":"https:\/\/wein-werte.com\/de\/produkt\/weiser-kunstler-enkircher-ellergrub-auslese-2023-375ml\/","og_site_name":"Wein Werte","og_image":[{"width":252,"height":1200,"url":"https:\/\/wein-werte.com\/wp-content\/uploads\/2026\/04\/Weiser-Kunstler-Enkircher-Ellergrub-Auslese-2023-375ml.png","type":"image\/png"}],"twitter_card":"summary_large_image","twitter_misc":{"Gesch\u00e4tzte Lesezeit":"2\u00a0Minuten"},"schema":{"@context":"https:\/\/schema.org","@graph":[{"@type":"WebPage","@id":"https:\/\/wein-werte.com\/de\/produkt\/weiser-kunstler-enkircher-ellergrub-auslese-2023-375ml\/","url":"https:\/\/wein-werte.com\/de\/produkt\/weiser-kunstler-enkircher-ellergrub-auslese-2023-375ml\/","name":"Weiser-K\u00fcnstler Enkircher Ellergrub Auslese 2023, 375ml","isPartOf":{"@id":"https:\/\/wein-werte.com\/de\/#website"},"primaryImageOfPage":{"@id":"https:\/\/wein-werte.com\/de\/produkt\/weiser-kunstler-enkircher-ellergrub-auslese-2023-375ml\/#primaryimage"},"image":{"@id":"https:\/\/wein-werte.com\/de\/produkt\/weiser-kunstler-enkircher-ellergrub-auslese-2023-375ml\/#primaryimage"},"thumbnailUrl":"https:\/\/wein-werte.com\/wp-content\/uploads\/2026\/04\/Weiser-Kunstler-Enkircher-Ellergrub-Auslese-2023-375ml.png","datePublished":"2026-05-08T18:02:45+00:00","description":"Kaufe Weiser-K\u00fcnstler Enkircher Ellergrub Auslese 2023 (Riesling, s\u00fc\u00df aus Mosel, Deutschland) bei Wein Werte, Ihrem nachhaltigen Onlineshop.","breadcrumb":{"@id":"https:\/\/wein-werte.com\/de\/produkt\/weiser-kunstler-enkircher-ellergrub-auslese-2023-375ml\/#breadcrumb"},"inLanguage":"de","potentialAction":[{"@type":"ReadAction","target":["https:\/\/wein-werte.com\/de\/produkt\/weiser-kunstler-enkircher-ellergrub-auslese-2023-375ml\/"]}]},{"@type":"ImageObject","inLanguage":"de","@id":"https:\/\/wein-werte.com\/de\/produkt\/weiser-kunstler-enkircher-ellergrub-auslese-2023-375ml\/#primaryimage","url":"https:\/\/wein-werte.com\/wp-content\/uploads\/2026\/04\/Weiser-Kunstler-Enkircher-Ellergrub-Auslese-2023-375ml.png","contentUrl":"https:\/\/wein-werte.com\/wp-content\/uploads\/2026\/04\/Weiser-Kunstler-Enkircher-Ellergrub-Auslese-2023-375ml.png","width":252,"height":1200,"caption":"Weiser-K\u00fcnstler Enkircher Ellergrub, Auslese 2023 375ml"},{"@type":"BreadcrumbList","@id":"https:\/\/wein-werte.com\/de\/produkt\/weiser-kunstler-enkircher-ellergrub-auslese-2023-375ml\/#breadcrumb","itemListElement":[{"@type":"ListItem","position":1,"name":"Home","item":"https:\/\/wein-werte.com\/de\/"},{"@type":"ListItem","position":2,"name":"Shop","item":"https:\/\/wein-werte.com\/de\/shop\/"},{"@type":"ListItem","position":3,"name":"Weiser-K\u00fcnstler | Mosel | Enkircher Ellergrub, Auslese | 2023 | 375ml"}]},{"@type":"WebSite","@id":"https:\/\/wein-werte.com\/de\/#website","url":"https:\/\/wein-werte.com\/de\/","name":"Wein Werte","description":"","publisher":{"@id":"https:\/\/wein-werte.com\/de\/#organization"},"potentialAction":[{"@type":"SearchAction","target":{"@type":"EntryPoint","urlTemplate":"https:\/\/wein-werte.com\/de\/?s={search_term_string}"},"query-input":{"@type":"PropertyValueSpecification","valueRequired":true,"valueName":"search_term_string"}}],"inLanguage":"de"},{"@type":"Organization","@id":"https:\/\/wein-werte.com\/de\/#organization","name":"Vins Fins Thorrold","url":"https:\/\/wein-werte.com\/de\/","logo":{"@type":"ImageObject","inLanguage":"de","@id":"https:\/\/wein-werte.com\/de\/#\/schema\/logo\/image\/","url":"https:\/\/wein-werte.com\/wp-content\/uploads\/2023\/07\/Wein_werte_Logo700-1.png","contentUrl":"https:\/\/wein-werte.com\/wp-content\/uploads\/2023\/07\/Wein_werte_Logo700-1.png","width":700,"height":272,"caption":"Vins Fins Thorrold"},"image":{"@id":"https:\/\/wein-werte.com\/de\/#\/schema\/logo\/image\/"}}]}},"_links":{"self":[{"href":"https:\/\/wein-werte.com\/de\/wp-json\/wp\/v2\/product\/1131138","targetHints":{"allow":["GET"]}}],"collection":[{"href":"https:\/\/wein-werte.com\/de\/wp-json\/wp\/v2\/product"}],"about":[{"href":"https:\/\/wein-werte.com\/de\/wp-json\/wp\/v2\/types\/product"}],"wp:featuredmedia":[{"embeddable":true,"href":"https:\/\/wein-werte.com\/de\/wp-json\/wp\/v2\/media\/1142112"}],"wp:attachment":[{"href":"https:\/\/wein-werte.com\/de\/wp-json\/wp\/v2\/media?parent=1131138"}],"wp:term":[{"taxonomy":"product_brand","embeddable":true,"href":"https:\/\/wein-werte.com\/de\/wp-json\/wp\/v2\/product_brand?post=1131138"},{"taxonomy":"product_cat","embeddable":true,"href":"https:\/\/wein-werte.com\/de\/wp-json\/wp\/v2\/product_cat?post=1131138"},{"taxonomy":"product_tag","embeddable":true,"href":"https:\/\/wein-werte.com\/de\/wp-json\/wp\/v2\/product_tag?post=1131138"}],"curies":[{"name":"wp","href":"https:\/\/api.w.org\/{rel}","templated":true}]}}