{"id":1131128,"date":"2026-05-05T18:23:05","date_gmt":"2026-05-05T16:23:05","guid":{"rendered":"https:\/\/wein-werte.com\/product\/weiser-kunstler-trarbacher-schlossberg-riesling-kabinett-2023-750ml\/"},"modified":"2026-04-27T11:46:58","modified_gmt":"2026-04-27T09:46:58","slug":"weiser-kunstler-trarbacher-schlossberg-riesling-kabinett-2023-750ml","status":"publish","type":"product","link":"https:\/\/wein-werte.com\/de\/produkt\/weiser-kunstler-trarbacher-schlossberg-riesling-kabinett-2023-750ml\/","title":{"rendered":"Weiser-K\u00fcnstler | Mosel | &#8220;Trarbacher Schlossberg&#8221; Riesling Kabinett | 2023 | 750ml | bio"},"content":{"rendered":"<p>Produktbeschreibung f\u00fcr Weiser-K\u00fcnstler &#8220;Trarbacher Schlossberg&#8221; Riesling Kabinett 2023 (bio) <\/p>\n<h5>Info<\/h5>\n<p> Im Trarbacher Seitental steht der Schlossberg auf blauem Schiefer. Die j\u00fcngsten Reben sind dort 25 Jahre alt. Die Exposition im Schlossberg ist stets s\u00fcdlich Mit nat\u00fcrlichen Hefen wird im gro\u00dfen Holz vergoren und nach dem Abstich in Stahltanks umgezogen. Schlanke 8 vol % Alkohol treffen auf knackige 9,7 g\/l S\u00e4ure bei RZ 44 g\/l Restzucker. <\/p>\n<h5>Farbe<\/h5>\n<p> Silbrig schimmerndes Strohgelb mit hellen und gr\u00fcnen Reflexen <\/p>\n<h5>Nase<\/h5>\n<p> Verspielt und leichtf\u00fc\u00dfig wirkt der Trabacher Schlossberg Riesling Kabinett mit dem ersten Ber\u00fchrungspunkt. Die Frucht zeigt sich typisch f\u00fcr Rebsorte und Herkunft. Im Hintergrund wirkt immer sein steiniger Charakter des Schiefers. Wei\u00dfer Pfirsich, Nashi-Birne und gelber Apfel. Die Frucht ist gespickt mit Akzenten von Zitrusfr\u00fcchten. Das setzt frische und herbe Momente. Feine Kr\u00e4uteraromen in Form von Melisse, Zitronenthymian und Minze sorgen f\u00fcr reichlich Frische. <\/p>\n<h5>Gaumen<\/h5>\n<p> Nahtlos kn\u00fcpft der Gaumen an die Eindr\u00fccke der Nase an. Er bleibt sich treu. Verspielt und fruchtig. S\u00e4ure und S\u00fc\u00dfe duellieren sich auf Augenh\u00f6he. Er wirkt griffig und kompakt strukturiert. Ein herber Kern animiert dabei deutlich den Schluckreflex. Pikant und erfrischend. Die feine Fruchts\u00fc\u00dfe schmeichelt sich auch \u00fcber den feinen Mineralit\u00e4t hinweg. Ein enorm leichtf\u00fc\u00dfiger Kabinett im klassischen Sinne. K\u00fchl, fruchtig und elegant. Ein zeitgem\u00e4\u00dfer Wein aus dem Lehrbuch. <\/p>\n<p>Copyright Vinaturel 2025<\/p>\n<p>Keywords: <a href=\"https:\/\/wein-werte.com\/de\/shop\/?swoof=1&#038;pa_producer=Weiser-K\u00fcnstler\">Weiser-K\u00fcnstler<\/a> <a href=\"https:\/\/wein-werte.com\/de\/shop\/?swoof=1&#038;woof_text=\"Trarbacher Schlossberg\" Riesling Kabinett\">&#8220;Trarbacher Schlossberg&#8221; Riesling Kabinett<\/a> 2023 bio <a href=\"https:\/\/wein-werte.com\/de\/shop\/?swoof=1&#038;pa_region=Mosel\">Mosel<\/a> <a href=\"https:\/\/wein-werte.com\/de\/shop\/?swoof=1&#038;pa_country=Deutschland\">Deutschland<\/a><\/p>\n<p>Internetseite des Weinguts: <a href=\"http:\/\/www.weiser-kuenstler.de\/\" target=\"_blank\">http:\/\/www.weiser-kuenstler.de\/<\/a><\/p>\n","protected":false},"excerpt":{"rendered":"<p>Lieferzeit: 1 bis 2 Arbeitstage (DE), 2 bis 5 Arbeitstage (EU and CH)<\/p>\n","protected":false},"featured_media":1142104,"template":"","meta":[],"product_brand":[],"product_cat":[19],"product_tag":[],"class_list":{"0":"post-1131128","1":"product","2":"type-product","3":"status-publish","4":"has-post-thumbnail","6":"product_cat-unkategorisiert","7":"pa_alcohol-for-filter-12904","8":"pa_certified-biodynamic-nein-de","9":"pa_certified-organic-ja-de","10":"pa_colour-weiss","11":"pa_country-deutschland","12":"pa_grape-riesling","13":"pa_price-for-filter-10627","14":"pa_producer-weiser-kunstler","15":"pa_region-mosel","16":"pa_size-ml-6584","17":"pa_sweetness-lieblich-de-2","18":"pa_type-2-still-de","19":"pa_vintage-2023-de","20":"entry","21":"has-media","23":"first","24":"instock","25":"taxable","26":"shipping-taxable","27":"purchasable","28":"product-type-simple"},"yoast_head":"<!-- This site is optimized with the Yoast SEO plugin v27.5 - https:\/\/yoast.com\/product\/yoast-seo-wordpress\/ -->\n<title>Weiser-K\u00fcnstler &quot;Trarbacher Schlossberg&quot; Riesling Kabinett 2023<\/title>\n<meta name=\"description\" content=\"Kaufe Weiser-K\u00fcnstler &quot;Trarbacher Schlossberg&quot; Riesling Kabinett 2023 (Riesling, lieblich aus Mosel, Deutschland) bei Wein Werte, Ihrem nachhaltigen Onlineshop.\" \/>\n<meta name=\"robots\" content=\"index, follow, max-snippet:-1, max-image-preview:large, max-video-preview:-1\" \/>\n<link rel=\"canonical\" href=\"https:\/\/wein-werte.com\/de\/produkt\/weiser-kunstler-trarbacher-schlossberg-riesling-kabinett-2023-750ml\/\" \/>\n<meta property=\"og:locale\" content=\"de_DE\" \/>\n<meta property=\"og:type\" content=\"article\" \/>\n<meta property=\"og:title\" content=\"Weiser-K\u00fcnstler &quot;Trarbacher Schlossberg&quot; Riesling Kabinett 2023\" \/>\n<meta property=\"og:description\" content=\"Kaufe Weiser-K\u00fcnstler &quot;Trarbacher Schlossberg&quot; Riesling Kabinett 2023 (Riesling, lieblich aus Mosel, Deutschland) bei Wein Werte, Ihrem nachhaltigen Onlineshop.\" \/>\n<meta property=\"og:url\" content=\"https:\/\/wein-werte.com\/de\/produkt\/weiser-kunstler-trarbacher-schlossberg-riesling-kabinett-2023-750ml\/\" \/>\n<meta property=\"og:site_name\" content=\"Wein Werte\" \/>\n<meta property=\"og:image\" content=\"https:\/\/wein-werte.com\/wp-content\/uploads\/2026\/04\/Weiser-Kunstler-Trarbacher-Schlossberg-Riesling-Kabinett-2023-750ml.png\" \/>\n\t<meta property=\"og:image:width\" content=\"269\" \/>\n\t<meta property=\"og:image:height\" content=\"1200\" \/>\n\t<meta property=\"og:image:type\" content=\"image\/png\" \/>\n<meta name=\"twitter:card\" content=\"summary_large_image\" \/>\n<meta name=\"twitter:label1\" content=\"Gesch\u00e4tzte Lesezeit\" \/>\n\t<meta name=\"twitter:data1\" content=\"1\u00a0Minute\" \/>\n<script type=\"application\/ld+json\" class=\"yoast-schema-graph\">{\"@context\":\"https:\\\/\\\/schema.org\",\"@graph\":[{\"@type\":\"WebPage\",\"@id\":\"https:\\\/\\\/wein-werte.com\\\/de\\\/produkt\\\/weiser-kunstler-trarbacher-schlossberg-riesling-kabinett-2023-750ml\\\/\",\"url\":\"https:\\\/\\\/wein-werte.com\\\/de\\\/produkt\\\/weiser-kunstler-trarbacher-schlossberg-riesling-kabinett-2023-750ml\\\/\",\"name\":\"Weiser-K\u00fcnstler \\\"Trarbacher Schlossberg\\\" Riesling Kabinett 2023\",\"isPartOf\":{\"@id\":\"https:\\\/\\\/wein-werte.com\\\/de\\\/#website\"},\"primaryImageOfPage\":{\"@id\":\"https:\\\/\\\/wein-werte.com\\\/de\\\/produkt\\\/weiser-kunstler-trarbacher-schlossberg-riesling-kabinett-2023-750ml\\\/#primaryimage\"},\"image\":{\"@id\":\"https:\\\/\\\/wein-werte.com\\\/de\\\/produkt\\\/weiser-kunstler-trarbacher-schlossberg-riesling-kabinett-2023-750ml\\\/#primaryimage\"},\"thumbnailUrl\":\"https:\\\/\\\/wein-werte.com\\\/wp-content\\\/uploads\\\/2026\\\/04\\\/Weiser-Kunstler-Trarbacher-Schlossberg-Riesling-Kabinett-2023-750ml.png\",\"datePublished\":\"2026-05-05T16:23:05+00:00\",\"description\":\"Kaufe Weiser-K\u00fcnstler \\\"Trarbacher Schlossberg\\\" Riesling Kabinett 2023 (Riesling, lieblich aus Mosel, Deutschland) bei Wein Werte, Ihrem nachhaltigen Onlineshop.\",\"breadcrumb\":{\"@id\":\"https:\\\/\\\/wein-werte.com\\\/de\\\/produkt\\\/weiser-kunstler-trarbacher-schlossberg-riesling-kabinett-2023-750ml\\\/#breadcrumb\"},\"inLanguage\":\"de\",\"potentialAction\":[{\"@type\":\"ReadAction\",\"target\":[\"https:\\\/\\\/wein-werte.com\\\/de\\\/produkt\\\/weiser-kunstler-trarbacher-schlossberg-riesling-kabinett-2023-750ml\\\/\"]}]},{\"@type\":\"ImageObject\",\"inLanguage\":\"de\",\"@id\":\"https:\\\/\\\/wein-werte.com\\\/de\\\/produkt\\\/weiser-kunstler-trarbacher-schlossberg-riesling-kabinett-2023-750ml\\\/#primaryimage\",\"url\":\"https:\\\/\\\/wein-werte.com\\\/wp-content\\\/uploads\\\/2026\\\/04\\\/Weiser-Kunstler-Trarbacher-Schlossberg-Riesling-Kabinett-2023-750ml.png\",\"contentUrl\":\"https:\\\/\\\/wein-werte.com\\\/wp-content\\\/uploads\\\/2026\\\/04\\\/Weiser-Kunstler-Trarbacher-Schlossberg-Riesling-Kabinett-2023-750ml.png\",\"width\":269,\"height\":1200,\"caption\":\"Weiser-K\u00fcnstler \\\"Trarbacher Schlossberg\\\" Riesling Kabinett 2023 750ml\"},{\"@type\":\"BreadcrumbList\",\"@id\":\"https:\\\/\\\/wein-werte.com\\\/de\\\/produkt\\\/weiser-kunstler-trarbacher-schlossberg-riesling-kabinett-2023-750ml\\\/#breadcrumb\",\"itemListElement\":[{\"@type\":\"ListItem\",\"position\":1,\"name\":\"Home\",\"item\":\"https:\\\/\\\/wein-werte.com\\\/de\\\/\"},{\"@type\":\"ListItem\",\"position\":2,\"name\":\"Shop\",\"item\":\"https:\\\/\\\/wein-werte.com\\\/de\\\/shop\\\/\"},{\"@type\":\"ListItem\",\"position\":3,\"name\":\"Weiser-K\u00fcnstler | Mosel | &#8220;Trarbacher Schlossberg&#8221; Riesling Kabinett | 2023 | 750ml | bio\"}]},{\"@type\":\"WebSite\",\"@id\":\"https:\\\/\\\/wein-werte.com\\\/de\\\/#website\",\"url\":\"https:\\\/\\\/wein-werte.com\\\/de\\\/\",\"name\":\"Wein Werte\",\"description\":\"\",\"publisher\":{\"@id\":\"https:\\\/\\\/wein-werte.com\\\/de\\\/#organization\"},\"potentialAction\":[{\"@type\":\"SearchAction\",\"target\":{\"@type\":\"EntryPoint\",\"urlTemplate\":\"https:\\\/\\\/wein-werte.com\\\/de\\\/?s={search_term_string}\"},\"query-input\":{\"@type\":\"PropertyValueSpecification\",\"valueRequired\":true,\"valueName\":\"search_term_string\"}}],\"inLanguage\":\"de\"},{\"@type\":\"Organization\",\"@id\":\"https:\\\/\\\/wein-werte.com\\\/de\\\/#organization\",\"name\":\"Vins Fins Thorrold\",\"url\":\"https:\\\/\\\/wein-werte.com\\\/de\\\/\",\"logo\":{\"@type\":\"ImageObject\",\"inLanguage\":\"de\",\"@id\":\"https:\\\/\\\/wein-werte.com\\\/de\\\/#\\\/schema\\\/logo\\\/image\\\/\",\"url\":\"https:\\\/\\\/wein-werte.com\\\/wp-content\\\/uploads\\\/2023\\\/07\\\/Wein_werte_Logo700-1.png\",\"contentUrl\":\"https:\\\/\\\/wein-werte.com\\\/wp-content\\\/uploads\\\/2023\\\/07\\\/Wein_werte_Logo700-1.png\",\"width\":700,\"height\":272,\"caption\":\"Vins Fins Thorrold\"},\"image\":{\"@id\":\"https:\\\/\\\/wein-werte.com\\\/de\\\/#\\\/schema\\\/logo\\\/image\\\/\"}}]}<\/script>\n<!-- \/ Yoast SEO plugin. -->","yoast_head_json":{"title":"Weiser-K\u00fcnstler \"Trarbacher Schlossberg\" Riesling Kabinett 2023","description":"Kaufe Weiser-K\u00fcnstler \"Trarbacher Schlossberg\" Riesling Kabinett 2023 (Riesling, lieblich aus Mosel, Deutschland) bei Wein Werte, Ihrem nachhaltigen Onlineshop.","robots":{"index":"index","follow":"follow","max-snippet":"max-snippet:-1","max-image-preview":"max-image-preview:large","max-video-preview":"max-video-preview:-1"},"canonical":"https:\/\/wein-werte.com\/de\/produkt\/weiser-kunstler-trarbacher-schlossberg-riesling-kabinett-2023-750ml\/","og_locale":"de_DE","og_type":"article","og_title":"Weiser-K\u00fcnstler \"Trarbacher Schlossberg\" Riesling Kabinett 2023","og_description":"Kaufe Weiser-K\u00fcnstler \"Trarbacher Schlossberg\" Riesling Kabinett 2023 (Riesling, lieblich aus Mosel, Deutschland) bei Wein Werte, Ihrem nachhaltigen Onlineshop.","og_url":"https:\/\/wein-werte.com\/de\/produkt\/weiser-kunstler-trarbacher-schlossberg-riesling-kabinett-2023-750ml\/","og_site_name":"Wein Werte","og_image":[{"width":269,"height":1200,"url":"https:\/\/wein-werte.com\/wp-content\/uploads\/2026\/04\/Weiser-Kunstler-Trarbacher-Schlossberg-Riesling-Kabinett-2023-750ml.png","type":"image\/png"}],"twitter_card":"summary_large_image","twitter_misc":{"Gesch\u00e4tzte Lesezeit":"1\u00a0Minute"},"schema":{"@context":"https:\/\/schema.org","@graph":[{"@type":"WebPage","@id":"https:\/\/wein-werte.com\/de\/produkt\/weiser-kunstler-trarbacher-schlossberg-riesling-kabinett-2023-750ml\/","url":"https:\/\/wein-werte.com\/de\/produkt\/weiser-kunstler-trarbacher-schlossberg-riesling-kabinett-2023-750ml\/","name":"Weiser-K\u00fcnstler \"Trarbacher Schlossberg\" Riesling Kabinett 2023","isPartOf":{"@id":"https:\/\/wein-werte.com\/de\/#website"},"primaryImageOfPage":{"@id":"https:\/\/wein-werte.com\/de\/produkt\/weiser-kunstler-trarbacher-schlossberg-riesling-kabinett-2023-750ml\/#primaryimage"},"image":{"@id":"https:\/\/wein-werte.com\/de\/produkt\/weiser-kunstler-trarbacher-schlossberg-riesling-kabinett-2023-750ml\/#primaryimage"},"thumbnailUrl":"https:\/\/wein-werte.com\/wp-content\/uploads\/2026\/04\/Weiser-Kunstler-Trarbacher-Schlossberg-Riesling-Kabinett-2023-750ml.png","datePublished":"2026-05-05T16:23:05+00:00","description":"Kaufe Weiser-K\u00fcnstler \"Trarbacher Schlossberg\" Riesling Kabinett 2023 (Riesling, lieblich aus Mosel, Deutschland) bei Wein Werte, Ihrem nachhaltigen Onlineshop.","breadcrumb":{"@id":"https:\/\/wein-werte.com\/de\/produkt\/weiser-kunstler-trarbacher-schlossberg-riesling-kabinett-2023-750ml\/#breadcrumb"},"inLanguage":"de","potentialAction":[{"@type":"ReadAction","target":["https:\/\/wein-werte.com\/de\/produkt\/weiser-kunstler-trarbacher-schlossberg-riesling-kabinett-2023-750ml\/"]}]},{"@type":"ImageObject","inLanguage":"de","@id":"https:\/\/wein-werte.com\/de\/produkt\/weiser-kunstler-trarbacher-schlossberg-riesling-kabinett-2023-750ml\/#primaryimage","url":"https:\/\/wein-werte.com\/wp-content\/uploads\/2026\/04\/Weiser-Kunstler-Trarbacher-Schlossberg-Riesling-Kabinett-2023-750ml.png","contentUrl":"https:\/\/wein-werte.com\/wp-content\/uploads\/2026\/04\/Weiser-Kunstler-Trarbacher-Schlossberg-Riesling-Kabinett-2023-750ml.png","width":269,"height":1200,"caption":"Weiser-K\u00fcnstler \"Trarbacher Schlossberg\" Riesling Kabinett 2023 750ml"},{"@type":"BreadcrumbList","@id":"https:\/\/wein-werte.com\/de\/produkt\/weiser-kunstler-trarbacher-schlossberg-riesling-kabinett-2023-750ml\/#breadcrumb","itemListElement":[{"@type":"ListItem","position":1,"name":"Home","item":"https:\/\/wein-werte.com\/de\/"},{"@type":"ListItem","position":2,"name":"Shop","item":"https:\/\/wein-werte.com\/de\/shop\/"},{"@type":"ListItem","position":3,"name":"Weiser-K\u00fcnstler | Mosel | &#8220;Trarbacher Schlossberg&#8221; Riesling Kabinett | 2023 | 750ml | bio"}]},{"@type":"WebSite","@id":"https:\/\/wein-werte.com\/de\/#website","url":"https:\/\/wein-werte.com\/de\/","name":"Wein Werte","description":"","publisher":{"@id":"https:\/\/wein-werte.com\/de\/#organization"},"potentialAction":[{"@type":"SearchAction","target":{"@type":"EntryPoint","urlTemplate":"https:\/\/wein-werte.com\/de\/?s={search_term_string}"},"query-input":{"@type":"PropertyValueSpecification","valueRequired":true,"valueName":"search_term_string"}}],"inLanguage":"de"},{"@type":"Organization","@id":"https:\/\/wein-werte.com\/de\/#organization","name":"Vins Fins Thorrold","url":"https:\/\/wein-werte.com\/de\/","logo":{"@type":"ImageObject","inLanguage":"de","@id":"https:\/\/wein-werte.com\/de\/#\/schema\/logo\/image\/","url":"https:\/\/wein-werte.com\/wp-content\/uploads\/2023\/07\/Wein_werte_Logo700-1.png","contentUrl":"https:\/\/wein-werte.com\/wp-content\/uploads\/2023\/07\/Wein_werte_Logo700-1.png","width":700,"height":272,"caption":"Vins Fins Thorrold"},"image":{"@id":"https:\/\/wein-werte.com\/de\/#\/schema\/logo\/image\/"}}]}},"_links":{"self":[{"href":"https:\/\/wein-werte.com\/de\/wp-json\/wp\/v2\/product\/1131128","targetHints":{"allow":["GET"]}}],"collection":[{"href":"https:\/\/wein-werte.com\/de\/wp-json\/wp\/v2\/product"}],"about":[{"href":"https:\/\/wein-werte.com\/de\/wp-json\/wp\/v2\/types\/product"}],"wp:featuredmedia":[{"embeddable":true,"href":"https:\/\/wein-werte.com\/de\/wp-json\/wp\/v2\/media\/1142104"}],"wp:attachment":[{"href":"https:\/\/wein-werte.com\/de\/wp-json\/wp\/v2\/media?parent=1131128"}],"wp:term":[{"taxonomy":"product_brand","embeddable":true,"href":"https:\/\/wein-werte.com\/de\/wp-json\/wp\/v2\/product_brand?post=1131128"},{"taxonomy":"product_cat","embeddable":true,"href":"https:\/\/wein-werte.com\/de\/wp-json\/wp\/v2\/product_cat?post=1131128"},{"taxonomy":"product_tag","embeddable":true,"href":"https:\/\/wein-werte.com\/de\/wp-json\/wp\/v2\/product_tag?post=1131128"}],"curies":[{"name":"wp","href":"https:\/\/api.w.org\/{rel}","templated":true}]}}