{"id":1131063,"date":"2026-05-05T18:23:00","date_gmt":"2026-05-05T16:23:00","guid":{"rendered":"https:\/\/wein-werte.com\/product\/zehnthof-luckert-sulzfelder-blauer-silvaner-2024-750ml\/"},"modified":"2026-04-27T11:46:52","modified_gmt":"2026-04-27T09:46:52","slug":"zehnthof-luckert-sulzfelder-blauer-silvaner-2024-750ml","status":"publish","type":"product","link":"https:\/\/wein-werte.com\/de\/produkt\/zehnthof-luckert-sulzfelder-blauer-silvaner-2024-750ml\/","title":{"rendered":"Zehnthof Luckert | Franken | Sulzfelder Blauer Silvaner trocken | 2024 | 750ml | bio"},"content":{"rendered":"<p>Produktbeschreibung f\u00fcr Zehnthof Luckert Sulzfelder Blauer Silvaner trocken 2024 (bio)<\/p>\n<h5>Information<\/h5>\n<p> Der Blaue Silvaner ist neben dem Gr\u00fcnen, Roten und Gelben eine weitere historische Spielart des Silvaners. Alle vier Varianten stehen in den Weinbergen der Luckerts. Wie \u00fcblich, wurde der Silvaner nach leicht verl\u00e4ngerter Standzeit, Spontanverg\u00e4rung und biologischem S\u00e4ureabbau im gro\u00dfen Holz ausgebaut.  <\/p>\n<h5>Farbe<\/h5>\n<p> Mittleres Goldgelb  \u00a0 <\/p>\n<h5>Nase<\/h5>\n<p> Der Sulzfelder Blaue Silvaner duftet wild und w\u00fcrzig. Man findet hier Noten von Apfelschalen, Heublumen, blauen Beeren, Blutorangenschale und Grapefruit. Dazu kommen Ankl\u00e4nge von Trockenholz, N\u00fcssen, hellem Tabak, leicht feuchtem Gestein und ein wenig Lanolin. \u00a0 <\/p>\n<h5>Gaumen<\/h5>\n<p> Auch am Gaumen findet man das W\u00fcrzige und Urw\u00fcchsige. Es ist ein Silvaner, der dicht und fest, saftig und mundw\u00e4ssernd salzig wirkt. Ein zeitlos sch\u00f6ner Wein mit einer wunderbaren Intensit\u00e4t, L\u00e4nge und Spannung, der seinen Charakter am Gaumen weniger \u00fcber die Frucht als \u00fcber die Textur und Struktur definiert.<\/p>\n<p>Copyright Vinaturel 2025<\/p>\n<p>Keywords: <a href=\"https:\/\/wein-werte.com\/de\/shop\/?swoof=1&#038;pa_producer=Luckert,-Zehnthof\">Luckert, Zehnthof<\/a> <a href=\"https:\/\/wein-werte.com\/de\/shop\/?swoof=1&#038;woof_text=Sulzfelder Blauer Silvaner trocken\">Sulzfelder Blauer Silvaner trocken<\/a> 2024 bio <a href=\"https:\/\/wein-werte.com\/de\/shop\/?swoof=1&#038;pa_region=Franken\">Franken<\/a> <a href=\"https:\/\/wein-werte.com\/de\/shop\/?swoof=1&#038;pa_country=Deutschland\">Deutschland<\/a><\/p>\n<p>Internetseite des Weinguts: <a href=\"https:\/\/www.weingut-zehnthof.de\/\" target=\"_blank\">https:\/\/www.weingut-zehnthof.de\/<\/a><\/p>\n","protected":false},"excerpt":{"rendered":"<p>Lieferzeit: 1 bis 2 Arbeitstage (DE), 2 bis 5 Arbeitstage (EU and CH)<\/p>\n","protected":false},"featured_media":1142056,"template":"","meta":[],"product_brand":[],"product_cat":[19],"product_tag":[],"class_list":{"0":"post-1131063","1":"product","2":"type-product","3":"status-publish","4":"has-post-thumbnail","6":"product_cat-unkategorisiert","7":"pa_certified-biodynamic-nein-de","8":"pa_certified-organic-ja-de","9":"pa_colour-weiss","10":"pa_country-deutschland","11":"pa_producer-zehnthof-luckert","12":"pa_sweetness-trocken-de","13":"pa_type-2-still-de","14":"pa_vintage-2024-de","15":"entry","16":"has-media","18":"first","19":"instock","20":"taxable","21":"shipping-taxable","22":"purchasable","23":"product-type-simple"},"yoast_head":"<!-- This site is optimized with the Yoast SEO plugin v27.5 - https:\/\/yoast.com\/product\/yoast-seo-wordpress\/ -->\n<title>Zehnthof Luckert Sulzfelder Blauer Silvaner 2024<\/title>\n<meta name=\"description\" content=\"Kaufe Zehnthof Luckert Sulzfelder Blauer Silvaner 2024 (Silvaner, trocken aus Franken, Deutschland) bei Wein Werte, Ihrem nachhaltigen Onlineshop.\" \/>\n<meta name=\"robots\" content=\"index, follow, max-snippet:-1, max-image-preview:large, max-video-preview:-1\" \/>\n<link rel=\"canonical\" href=\"https:\/\/wein-werte.com\/de\/produkt\/zehnthof-luckert-sulzfelder-blauer-silvaner-2024-750ml\/\" \/>\n<meta property=\"og:locale\" content=\"de_DE\" \/>\n<meta property=\"og:type\" content=\"article\" \/>\n<meta property=\"og:title\" content=\"Zehnthof Luckert Sulzfelder Blauer Silvaner 2024\" \/>\n<meta property=\"og:description\" content=\"Kaufe Zehnthof Luckert Sulzfelder Blauer Silvaner 2024 (Silvaner, trocken aus Franken, Deutschland) bei Wein Werte, Ihrem nachhaltigen Onlineshop.\" \/>\n<meta property=\"og:url\" content=\"https:\/\/wein-werte.com\/de\/produkt\/zehnthof-luckert-sulzfelder-blauer-silvaner-2024-750ml\/\" \/>\n<meta property=\"og:site_name\" content=\"Wein Werte\" \/>\n<meta property=\"og:image\" content=\"https:\/\/wein-werte.com\/wp-content\/uploads\/2026\/04\/Zehnthof-Luckert-Sulzfelder-Blauer-Silvaner-2024-750ml.png\" \/>\n\t<meta property=\"og:image:width\" content=\"258\" \/>\n\t<meta property=\"og:image:height\" content=\"1200\" \/>\n\t<meta property=\"og:image:type\" content=\"image\/png\" \/>\n<meta name=\"twitter:card\" content=\"summary_large_image\" \/>\n<meta name=\"twitter:label1\" content=\"Gesch\u00e4tzte Lesezeit\" \/>\n\t<meta name=\"twitter:data1\" content=\"1\u00a0Minute\" \/>\n<script type=\"application\/ld+json\" class=\"yoast-schema-graph\">{\"@context\":\"https:\\\/\\\/schema.org\",\"@graph\":[{\"@type\":\"WebPage\",\"@id\":\"https:\\\/\\\/wein-werte.com\\\/de\\\/produkt\\\/zehnthof-luckert-sulzfelder-blauer-silvaner-2024-750ml\\\/\",\"url\":\"https:\\\/\\\/wein-werte.com\\\/de\\\/produkt\\\/zehnthof-luckert-sulzfelder-blauer-silvaner-2024-750ml\\\/\",\"name\":\"Zehnthof Luckert Sulzfelder Blauer Silvaner 2024\",\"isPartOf\":{\"@id\":\"https:\\\/\\\/wein-werte.com\\\/de\\\/#website\"},\"primaryImageOfPage\":{\"@id\":\"https:\\\/\\\/wein-werte.com\\\/de\\\/produkt\\\/zehnthof-luckert-sulzfelder-blauer-silvaner-2024-750ml\\\/#primaryimage\"},\"image\":{\"@id\":\"https:\\\/\\\/wein-werte.com\\\/de\\\/produkt\\\/zehnthof-luckert-sulzfelder-blauer-silvaner-2024-750ml\\\/#primaryimage\"},\"thumbnailUrl\":\"https:\\\/\\\/wein-werte.com\\\/wp-content\\\/uploads\\\/2026\\\/04\\\/Zehnthof-Luckert-Sulzfelder-Blauer-Silvaner-2024-750ml.png\",\"datePublished\":\"2026-05-05T16:23:00+00:00\",\"description\":\"Kaufe Zehnthof Luckert Sulzfelder Blauer Silvaner 2024 (Silvaner, trocken aus Franken, Deutschland) bei Wein Werte, Ihrem nachhaltigen Onlineshop.\",\"breadcrumb\":{\"@id\":\"https:\\\/\\\/wein-werte.com\\\/de\\\/produkt\\\/zehnthof-luckert-sulzfelder-blauer-silvaner-2024-750ml\\\/#breadcrumb\"},\"inLanguage\":\"de\",\"potentialAction\":[{\"@type\":\"ReadAction\",\"target\":[\"https:\\\/\\\/wein-werte.com\\\/de\\\/produkt\\\/zehnthof-luckert-sulzfelder-blauer-silvaner-2024-750ml\\\/\"]}]},{\"@type\":\"ImageObject\",\"inLanguage\":\"de\",\"@id\":\"https:\\\/\\\/wein-werte.com\\\/de\\\/produkt\\\/zehnthof-luckert-sulzfelder-blauer-silvaner-2024-750ml\\\/#primaryimage\",\"url\":\"https:\\\/\\\/wein-werte.com\\\/wp-content\\\/uploads\\\/2026\\\/04\\\/Zehnthof-Luckert-Sulzfelder-Blauer-Silvaner-2024-750ml.png\",\"contentUrl\":\"https:\\\/\\\/wein-werte.com\\\/wp-content\\\/uploads\\\/2026\\\/04\\\/Zehnthof-Luckert-Sulzfelder-Blauer-Silvaner-2024-750ml.png\",\"width\":258,\"height\":1200,\"caption\":\"Zehnthof Luckert Sulzfelder Blauer Silvaner trocken 2024 750ml\"},{\"@type\":\"BreadcrumbList\",\"@id\":\"https:\\\/\\\/wein-werte.com\\\/de\\\/produkt\\\/zehnthof-luckert-sulzfelder-blauer-silvaner-2024-750ml\\\/#breadcrumb\",\"itemListElement\":[{\"@type\":\"ListItem\",\"position\":1,\"name\":\"Home\",\"item\":\"https:\\\/\\\/wein-werte.com\\\/de\\\/\"},{\"@type\":\"ListItem\",\"position\":2,\"name\":\"Shop\",\"item\":\"https:\\\/\\\/wein-werte.com\\\/de\\\/shop\\\/\"},{\"@type\":\"ListItem\",\"position\":3,\"name\":\"Zehnthof Luckert | Franken | Sulzfelder Blauer Silvaner trocken | 2024 | 750ml | bio\"}]},{\"@type\":\"WebSite\",\"@id\":\"https:\\\/\\\/wein-werte.com\\\/de\\\/#website\",\"url\":\"https:\\\/\\\/wein-werte.com\\\/de\\\/\",\"name\":\"Wein Werte\",\"description\":\"\",\"publisher\":{\"@id\":\"https:\\\/\\\/wein-werte.com\\\/de\\\/#organization\"},\"potentialAction\":[{\"@type\":\"SearchAction\",\"target\":{\"@type\":\"EntryPoint\",\"urlTemplate\":\"https:\\\/\\\/wein-werte.com\\\/de\\\/?s={search_term_string}\"},\"query-input\":{\"@type\":\"PropertyValueSpecification\",\"valueRequired\":true,\"valueName\":\"search_term_string\"}}],\"inLanguage\":\"de\"},{\"@type\":\"Organization\",\"@id\":\"https:\\\/\\\/wein-werte.com\\\/de\\\/#organization\",\"name\":\"Vins Fins Thorrold\",\"url\":\"https:\\\/\\\/wein-werte.com\\\/de\\\/\",\"logo\":{\"@type\":\"ImageObject\",\"inLanguage\":\"de\",\"@id\":\"https:\\\/\\\/wein-werte.com\\\/de\\\/#\\\/schema\\\/logo\\\/image\\\/\",\"url\":\"https:\\\/\\\/wein-werte.com\\\/wp-content\\\/uploads\\\/2023\\\/07\\\/Wein_werte_Logo700-1.png\",\"contentUrl\":\"https:\\\/\\\/wein-werte.com\\\/wp-content\\\/uploads\\\/2023\\\/07\\\/Wein_werte_Logo700-1.png\",\"width\":700,\"height\":272,\"caption\":\"Vins Fins Thorrold\"},\"image\":{\"@id\":\"https:\\\/\\\/wein-werte.com\\\/de\\\/#\\\/schema\\\/logo\\\/image\\\/\"}}]}<\/script>\n<!-- \/ Yoast SEO plugin. -->","yoast_head_json":{"title":"Zehnthof Luckert Sulzfelder Blauer Silvaner 2024","description":"Kaufe Zehnthof Luckert Sulzfelder Blauer Silvaner 2024 (Silvaner, trocken aus Franken, Deutschland) bei Wein Werte, Ihrem nachhaltigen Onlineshop.","robots":{"index":"index","follow":"follow","max-snippet":"max-snippet:-1","max-image-preview":"max-image-preview:large","max-video-preview":"max-video-preview:-1"},"canonical":"https:\/\/wein-werte.com\/de\/produkt\/zehnthof-luckert-sulzfelder-blauer-silvaner-2024-750ml\/","og_locale":"de_DE","og_type":"article","og_title":"Zehnthof Luckert Sulzfelder Blauer Silvaner 2024","og_description":"Kaufe Zehnthof Luckert Sulzfelder Blauer Silvaner 2024 (Silvaner, trocken aus Franken, Deutschland) bei Wein Werte, Ihrem nachhaltigen Onlineshop.","og_url":"https:\/\/wein-werte.com\/de\/produkt\/zehnthof-luckert-sulzfelder-blauer-silvaner-2024-750ml\/","og_site_name":"Wein Werte","og_image":[{"width":258,"height":1200,"url":"https:\/\/wein-werte.com\/wp-content\/uploads\/2026\/04\/Zehnthof-Luckert-Sulzfelder-Blauer-Silvaner-2024-750ml.png","type":"image\/png"}],"twitter_card":"summary_large_image","twitter_misc":{"Gesch\u00e4tzte Lesezeit":"1\u00a0Minute"},"schema":{"@context":"https:\/\/schema.org","@graph":[{"@type":"WebPage","@id":"https:\/\/wein-werte.com\/de\/produkt\/zehnthof-luckert-sulzfelder-blauer-silvaner-2024-750ml\/","url":"https:\/\/wein-werte.com\/de\/produkt\/zehnthof-luckert-sulzfelder-blauer-silvaner-2024-750ml\/","name":"Zehnthof Luckert Sulzfelder Blauer Silvaner 2024","isPartOf":{"@id":"https:\/\/wein-werte.com\/de\/#website"},"primaryImageOfPage":{"@id":"https:\/\/wein-werte.com\/de\/produkt\/zehnthof-luckert-sulzfelder-blauer-silvaner-2024-750ml\/#primaryimage"},"image":{"@id":"https:\/\/wein-werte.com\/de\/produkt\/zehnthof-luckert-sulzfelder-blauer-silvaner-2024-750ml\/#primaryimage"},"thumbnailUrl":"https:\/\/wein-werte.com\/wp-content\/uploads\/2026\/04\/Zehnthof-Luckert-Sulzfelder-Blauer-Silvaner-2024-750ml.png","datePublished":"2026-05-05T16:23:00+00:00","description":"Kaufe Zehnthof Luckert Sulzfelder Blauer Silvaner 2024 (Silvaner, trocken aus Franken, Deutschland) bei Wein Werte, Ihrem nachhaltigen Onlineshop.","breadcrumb":{"@id":"https:\/\/wein-werte.com\/de\/produkt\/zehnthof-luckert-sulzfelder-blauer-silvaner-2024-750ml\/#breadcrumb"},"inLanguage":"de","potentialAction":[{"@type":"ReadAction","target":["https:\/\/wein-werte.com\/de\/produkt\/zehnthof-luckert-sulzfelder-blauer-silvaner-2024-750ml\/"]}]},{"@type":"ImageObject","inLanguage":"de","@id":"https:\/\/wein-werte.com\/de\/produkt\/zehnthof-luckert-sulzfelder-blauer-silvaner-2024-750ml\/#primaryimage","url":"https:\/\/wein-werte.com\/wp-content\/uploads\/2026\/04\/Zehnthof-Luckert-Sulzfelder-Blauer-Silvaner-2024-750ml.png","contentUrl":"https:\/\/wein-werte.com\/wp-content\/uploads\/2026\/04\/Zehnthof-Luckert-Sulzfelder-Blauer-Silvaner-2024-750ml.png","width":258,"height":1200,"caption":"Zehnthof Luckert Sulzfelder Blauer Silvaner trocken 2024 750ml"},{"@type":"BreadcrumbList","@id":"https:\/\/wein-werte.com\/de\/produkt\/zehnthof-luckert-sulzfelder-blauer-silvaner-2024-750ml\/#breadcrumb","itemListElement":[{"@type":"ListItem","position":1,"name":"Home","item":"https:\/\/wein-werte.com\/de\/"},{"@type":"ListItem","position":2,"name":"Shop","item":"https:\/\/wein-werte.com\/de\/shop\/"},{"@type":"ListItem","position":3,"name":"Zehnthof Luckert | Franken | Sulzfelder Blauer Silvaner trocken | 2024 | 750ml | bio"}]},{"@type":"WebSite","@id":"https:\/\/wein-werte.com\/de\/#website","url":"https:\/\/wein-werte.com\/de\/","name":"Wein Werte","description":"","publisher":{"@id":"https:\/\/wein-werte.com\/de\/#organization"},"potentialAction":[{"@type":"SearchAction","target":{"@type":"EntryPoint","urlTemplate":"https:\/\/wein-werte.com\/de\/?s={search_term_string}"},"query-input":{"@type":"PropertyValueSpecification","valueRequired":true,"valueName":"search_term_string"}}],"inLanguage":"de"},{"@type":"Organization","@id":"https:\/\/wein-werte.com\/de\/#organization","name":"Vins Fins Thorrold","url":"https:\/\/wein-werte.com\/de\/","logo":{"@type":"ImageObject","inLanguage":"de","@id":"https:\/\/wein-werte.com\/de\/#\/schema\/logo\/image\/","url":"https:\/\/wein-werte.com\/wp-content\/uploads\/2023\/07\/Wein_werte_Logo700-1.png","contentUrl":"https:\/\/wein-werte.com\/wp-content\/uploads\/2023\/07\/Wein_werte_Logo700-1.png","width":700,"height":272,"caption":"Vins Fins Thorrold"},"image":{"@id":"https:\/\/wein-werte.com\/de\/#\/schema\/logo\/image\/"}}]}},"_links":{"self":[{"href":"https:\/\/wein-werte.com\/de\/wp-json\/wp\/v2\/product\/1131063","targetHints":{"allow":["GET"]}}],"collection":[{"href":"https:\/\/wein-werte.com\/de\/wp-json\/wp\/v2\/product"}],"about":[{"href":"https:\/\/wein-werte.com\/de\/wp-json\/wp\/v2\/types\/product"}],"wp:featuredmedia":[{"embeddable":true,"href":"https:\/\/wein-werte.com\/de\/wp-json\/wp\/v2\/media\/1142056"}],"wp:attachment":[{"href":"https:\/\/wein-werte.com\/de\/wp-json\/wp\/v2\/media?parent=1131063"}],"wp:term":[{"taxonomy":"product_brand","embeddable":true,"href":"https:\/\/wein-werte.com\/de\/wp-json\/wp\/v2\/product_brand?post=1131063"},{"taxonomy":"product_cat","embeddable":true,"href":"https:\/\/wein-werte.com\/de\/wp-json\/wp\/v2\/product_cat?post=1131063"},{"taxonomy":"product_tag","embeddable":true,"href":"https:\/\/wein-werte.com\/de\/wp-json\/wp\/v2\/product_tag?post=1131063"}],"curies":[{"name":"wp","href":"https:\/\/api.w.org\/{rel}","templated":true}]}}