{"id":1131048,"date":"2026-05-08T20:02:40","date_gmt":"2026-05-08T18:02:40","guid":{"rendered":"https:\/\/wein-werte.com\/product\/zehnthof-luckert-maustal-silvaner-grosses-gewachs-2023-750ml\/"},"modified":"2026-04-27T11:46:52","modified_gmt":"2026-04-27T09:46:52","slug":"zehnthof-luckert-maustal-silvaner-grosses-gewachs-2023-750ml","status":"publish","type":"product","link":"https:\/\/wein-werte.com\/de\/produkt\/zehnthof-luckert-maustal-silvaner-grosses-gewachs-2023-750ml\/","title":{"rendered":"Zehnthof Luckert | Franken | Maustal Silvaner Gro\u00dfes Gew\u00e4chs | 2023 | 750ml | bio"},"content":{"rendered":"<p>Produktbeschreibung f\u00fcr Zehnthof Luckert Maustal Silvaner Gro\u00dfes Gew\u00e4chs 2023 (bio) <\/p>\n<h5>Information zum Wein<\/h5>\n<p> Der Silvaner stammt aus der Weinlage Maustal, einem s\u00fcdlich von Sulzfeld am Main gelegenen vier Hektar gro\u00dfen Weinberg in s\u00fcd- und s\u00fcd\u00f6stlicher Ausrichtung. Die Steillage wird vom kargen und skelettreichen Oberen Muschelkalk gepr\u00e4gt. Die Reben f\u00fcr den Silvaner sind die \u00e4ltesten selbst gesetzten Reben und stammen aus den Jahren 1962 und 1963. Besonders ist hier, dass es Gelber Silvaner und nicht der Gr\u00fcne Silvaner ist, der hier gepflanzt wurde. Wie immer beim Weingut Zehnthof Luckert wird hier von Hand gelesen, gerebelt, eine etwas l\u00e4ngere Maischestandzeit gew\u00e4hrt und spontan vergoren. Ausgebaut werden Luckerts Weine im klassischen Doppelst\u00fcckfass aus Spessart-Eiche. <\/p>\n<h5>Farbe<\/h5>\n<p> mittleres Strohgelb <\/p>\n<h5>Nase<\/h5>\n<p> Luckerts Silvaner Maustal geh\u00f6rt auch in 2023 wieder zu den gro\u00dfen deutschen Weinen. Die Balance dieses Weines ist umwerfend. Schon im Duft passt hier alles zusammen. Die feine Frucht, das Florale, das nur leicht Steinige und W\u00fcrzige, markiert durch Flechten auf feuchtem Gestein, einer ganz dezenten Reduktion, nussigen, tabakigen Noten, etwas Curry, gr\u00fcnen Fruchtnoten, etwas Wurzelgem\u00fcse und einer ganz feinen S\u00fc\u00dfe. <\/p>\n<h5>Gaumen<\/h5>\n<p> Am Gaumen pr\u00e4sentiert der Silvaner Maustal eine elegante S\u00e4ure, eine seidige Textur und eine Mischung aus gelber Paprika, wei\u00dffleischiger Frucht und etwa Zitrus, durch die sich die S\u00e4ure schl\u00e4ngelt und die feine Energie der Mineralit\u00e4t im Schlepptau hat. Hinzu kommt die in der Nase schon wahrnehmbare W\u00fcrze und Kr\u00e4utrigkeit, das Tabakige und Nussige. Das ist Weltklasse-Silvaner mit Dichte und Konzentration, Struktur und einer einzigartigen entspannten Selbstgewissheit. <\/p>\n<p>Copyright Vinaturel 2025<\/p>\n<p>Keywords: <a href=\"https:\/\/wein-werte.com\/de\/shop\/?swoof=1&#038;pa_producer=Luckert,-Zehnthof\">Luckert, Zehnthof<\/a> <a href=\"https:\/\/wein-werte.com\/de\/shop\/?swoof=1&#038;woof_text=Maustal Silvaner Gro\u00dfes Gew\u00e4chs\">Maustal Silvaner Gro\u00dfes Gew\u00e4chs<\/a> 2023 bio <a href=\"https:\/\/wein-werte.com\/de\/shop\/?swoof=1&#038;pa_region=Franken\">Franken<\/a> <a href=\"https:\/\/wein-werte.com\/de\/shop\/?swoof=1&#038;pa_country=Deutschland\">Deutschland<\/a><\/p>\n<p>Internetseite des Weinguts: <a href=\"https:\/\/www.weingut-zehnthof.de\/\" target=\"_blank\">https:\/\/www.weingut-zehnthof.de\/<\/a><\/p>\n","protected":false},"excerpt":{"rendered":"<p>Lieferzeit: 1 bis 2 Arbeitstage (DE), 2 bis 5 Arbeitstage (EU and CH)<\/p>\n","protected":false},"featured_media":1142044,"template":"","meta":[],"product_brand":[],"product_cat":[19],"product_tag":[],"class_list":{"0":"post-1131048","1":"product","2":"type-product","3":"status-publish","4":"has-post-thumbnail","6":"product_cat-unkategorisiert","7":"pa_certified-biodynamic-nein-de","8":"pa_certified-organic-ja-de","9":"pa_colour-weiss","10":"pa_country-deutschland","11":"pa_producer-zehnthof-luckert","12":"pa_sweetness-trocken-de","13":"pa_type-2-still-de","14":"pa_vintage-2023-de","15":"entry","16":"has-media","18":"first","19":"instock","20":"taxable","21":"shipping-taxable","22":"purchasable","23":"product-type-simple"},"yoast_head":"<!-- This site is optimized with the Yoast SEO plugin v27.5 - https:\/\/yoast.com\/product\/yoast-seo-wordpress\/ -->\n<title>Zehnthof Luckert Maustal Silvaner Gro\u00dfes Gew\u00e4chs 2023<\/title>\n<meta name=\"description\" content=\"Kaufe Zehnthof Luckert Maustal Silvaner Gro\u00dfes Gew\u00e4chs 2023 (Silvaner, trocken aus Franken, Deutschland) bei Wein Werte, Ihrem nachhaltigen Onlineshop.\" \/>\n<meta name=\"robots\" content=\"index, follow, max-snippet:-1, max-image-preview:large, max-video-preview:-1\" \/>\n<link rel=\"canonical\" href=\"https:\/\/wein-werte.com\/de\/produkt\/zehnthof-luckert-maustal-silvaner-grosses-gewachs-2023-750ml\/\" \/>\n<meta property=\"og:locale\" content=\"de_DE\" \/>\n<meta property=\"og:type\" content=\"article\" \/>\n<meta property=\"og:title\" content=\"Zehnthof Luckert Maustal Silvaner Gro\u00dfes Gew\u00e4chs 2023\" \/>\n<meta property=\"og:description\" content=\"Kaufe Zehnthof Luckert Maustal Silvaner Gro\u00dfes Gew\u00e4chs 2023 (Silvaner, trocken aus Franken, Deutschland) bei Wein Werte, Ihrem nachhaltigen Onlineshop.\" \/>\n<meta property=\"og:url\" content=\"https:\/\/wein-werte.com\/de\/produkt\/zehnthof-luckert-maustal-silvaner-grosses-gewachs-2023-750ml\/\" \/>\n<meta property=\"og:site_name\" content=\"Wein Werte\" \/>\n<meta property=\"og:image\" content=\"https:\/\/wein-werte.com\/wp-content\/uploads\/2026\/04\/Zehnthof-Luckert-Maustal-Silvaner-Grosses-Gewachs-2023-750ml.png\" \/>\n\t<meta property=\"og:image:width\" content=\"260\" \/>\n\t<meta property=\"og:image:height\" content=\"1200\" \/>\n\t<meta property=\"og:image:type\" content=\"image\/png\" \/>\n<meta name=\"twitter:card\" content=\"summary_large_image\" \/>\n<meta name=\"twitter:label1\" content=\"Gesch\u00e4tzte Lesezeit\" \/>\n\t<meta name=\"twitter:data1\" content=\"1\u00a0Minute\" \/>\n<script type=\"application\/ld+json\" class=\"yoast-schema-graph\">{\"@context\":\"https:\\\/\\\/schema.org\",\"@graph\":[{\"@type\":\"WebPage\",\"@id\":\"https:\\\/\\\/wein-werte.com\\\/de\\\/produkt\\\/zehnthof-luckert-maustal-silvaner-grosses-gewachs-2023-750ml\\\/\",\"url\":\"https:\\\/\\\/wein-werte.com\\\/de\\\/produkt\\\/zehnthof-luckert-maustal-silvaner-grosses-gewachs-2023-750ml\\\/\",\"name\":\"Zehnthof Luckert Maustal Silvaner Gro\u00dfes Gew\u00e4chs 2023\",\"isPartOf\":{\"@id\":\"https:\\\/\\\/wein-werte.com\\\/de\\\/#website\"},\"primaryImageOfPage\":{\"@id\":\"https:\\\/\\\/wein-werte.com\\\/de\\\/produkt\\\/zehnthof-luckert-maustal-silvaner-grosses-gewachs-2023-750ml\\\/#primaryimage\"},\"image\":{\"@id\":\"https:\\\/\\\/wein-werte.com\\\/de\\\/produkt\\\/zehnthof-luckert-maustal-silvaner-grosses-gewachs-2023-750ml\\\/#primaryimage\"},\"thumbnailUrl\":\"https:\\\/\\\/wein-werte.com\\\/wp-content\\\/uploads\\\/2026\\\/04\\\/Zehnthof-Luckert-Maustal-Silvaner-Grosses-Gewachs-2023-750ml.png\",\"datePublished\":\"2026-05-08T18:02:40+00:00\",\"description\":\"Kaufe Zehnthof Luckert Maustal Silvaner Gro\u00dfes Gew\u00e4chs 2023 (Silvaner, trocken aus Franken, Deutschland) bei Wein Werte, Ihrem nachhaltigen Onlineshop.\",\"breadcrumb\":{\"@id\":\"https:\\\/\\\/wein-werte.com\\\/de\\\/produkt\\\/zehnthof-luckert-maustal-silvaner-grosses-gewachs-2023-750ml\\\/#breadcrumb\"},\"inLanguage\":\"de\",\"potentialAction\":[{\"@type\":\"ReadAction\",\"target\":[\"https:\\\/\\\/wein-werte.com\\\/de\\\/produkt\\\/zehnthof-luckert-maustal-silvaner-grosses-gewachs-2023-750ml\\\/\"]}]},{\"@type\":\"ImageObject\",\"inLanguage\":\"de\",\"@id\":\"https:\\\/\\\/wein-werte.com\\\/de\\\/produkt\\\/zehnthof-luckert-maustal-silvaner-grosses-gewachs-2023-750ml\\\/#primaryimage\",\"url\":\"https:\\\/\\\/wein-werte.com\\\/wp-content\\\/uploads\\\/2026\\\/04\\\/Zehnthof-Luckert-Maustal-Silvaner-Grosses-Gewachs-2023-750ml.png\",\"contentUrl\":\"https:\\\/\\\/wein-werte.com\\\/wp-content\\\/uploads\\\/2026\\\/04\\\/Zehnthof-Luckert-Maustal-Silvaner-Grosses-Gewachs-2023-750ml.png\",\"width\":260,\"height\":1200,\"caption\":\"Zehnthof Luckert Maustal Silvaner Gro\u00dfes Gew\u00e4chs 2023 750ml\"},{\"@type\":\"BreadcrumbList\",\"@id\":\"https:\\\/\\\/wein-werte.com\\\/de\\\/produkt\\\/zehnthof-luckert-maustal-silvaner-grosses-gewachs-2023-750ml\\\/#breadcrumb\",\"itemListElement\":[{\"@type\":\"ListItem\",\"position\":1,\"name\":\"Home\",\"item\":\"https:\\\/\\\/wein-werte.com\\\/de\\\/\"},{\"@type\":\"ListItem\",\"position\":2,\"name\":\"Shop\",\"item\":\"https:\\\/\\\/wein-werte.com\\\/de\\\/shop\\\/\"},{\"@type\":\"ListItem\",\"position\":3,\"name\":\"Zehnthof Luckert | Franken | Maustal Silvaner Gro\u00dfes Gew\u00e4chs | 2023 | 750ml | bio\"}]},{\"@type\":\"WebSite\",\"@id\":\"https:\\\/\\\/wein-werte.com\\\/de\\\/#website\",\"url\":\"https:\\\/\\\/wein-werte.com\\\/de\\\/\",\"name\":\"Wein Werte\",\"description\":\"\",\"publisher\":{\"@id\":\"https:\\\/\\\/wein-werte.com\\\/de\\\/#organization\"},\"potentialAction\":[{\"@type\":\"SearchAction\",\"target\":{\"@type\":\"EntryPoint\",\"urlTemplate\":\"https:\\\/\\\/wein-werte.com\\\/de\\\/?s={search_term_string}\"},\"query-input\":{\"@type\":\"PropertyValueSpecification\",\"valueRequired\":true,\"valueName\":\"search_term_string\"}}],\"inLanguage\":\"de\"},{\"@type\":\"Organization\",\"@id\":\"https:\\\/\\\/wein-werte.com\\\/de\\\/#organization\",\"name\":\"Vins Fins Thorrold\",\"url\":\"https:\\\/\\\/wein-werte.com\\\/de\\\/\",\"logo\":{\"@type\":\"ImageObject\",\"inLanguage\":\"de\",\"@id\":\"https:\\\/\\\/wein-werte.com\\\/de\\\/#\\\/schema\\\/logo\\\/image\\\/\",\"url\":\"https:\\\/\\\/wein-werte.com\\\/wp-content\\\/uploads\\\/2023\\\/07\\\/Wein_werte_Logo700-1.png\",\"contentUrl\":\"https:\\\/\\\/wein-werte.com\\\/wp-content\\\/uploads\\\/2023\\\/07\\\/Wein_werte_Logo700-1.png\",\"width\":700,\"height\":272,\"caption\":\"Vins Fins Thorrold\"},\"image\":{\"@id\":\"https:\\\/\\\/wein-werte.com\\\/de\\\/#\\\/schema\\\/logo\\\/image\\\/\"}}]}<\/script>\n<!-- \/ Yoast SEO plugin. -->","yoast_head_json":{"title":"Zehnthof Luckert Maustal Silvaner Gro\u00dfes Gew\u00e4chs 2023","description":"Kaufe Zehnthof Luckert Maustal Silvaner Gro\u00dfes Gew\u00e4chs 2023 (Silvaner, trocken aus Franken, Deutschland) bei Wein Werte, Ihrem nachhaltigen Onlineshop.","robots":{"index":"index","follow":"follow","max-snippet":"max-snippet:-1","max-image-preview":"max-image-preview:large","max-video-preview":"max-video-preview:-1"},"canonical":"https:\/\/wein-werte.com\/de\/produkt\/zehnthof-luckert-maustal-silvaner-grosses-gewachs-2023-750ml\/","og_locale":"de_DE","og_type":"article","og_title":"Zehnthof Luckert Maustal Silvaner Gro\u00dfes Gew\u00e4chs 2023","og_description":"Kaufe Zehnthof Luckert Maustal Silvaner Gro\u00dfes Gew\u00e4chs 2023 (Silvaner, trocken aus Franken, Deutschland) bei Wein Werte, Ihrem nachhaltigen Onlineshop.","og_url":"https:\/\/wein-werte.com\/de\/produkt\/zehnthof-luckert-maustal-silvaner-grosses-gewachs-2023-750ml\/","og_site_name":"Wein Werte","og_image":[{"width":260,"height":1200,"url":"https:\/\/wein-werte.com\/wp-content\/uploads\/2026\/04\/Zehnthof-Luckert-Maustal-Silvaner-Grosses-Gewachs-2023-750ml.png","type":"image\/png"}],"twitter_card":"summary_large_image","twitter_misc":{"Gesch\u00e4tzte Lesezeit":"1\u00a0Minute"},"schema":{"@context":"https:\/\/schema.org","@graph":[{"@type":"WebPage","@id":"https:\/\/wein-werte.com\/de\/produkt\/zehnthof-luckert-maustal-silvaner-grosses-gewachs-2023-750ml\/","url":"https:\/\/wein-werte.com\/de\/produkt\/zehnthof-luckert-maustal-silvaner-grosses-gewachs-2023-750ml\/","name":"Zehnthof Luckert Maustal Silvaner Gro\u00dfes Gew\u00e4chs 2023","isPartOf":{"@id":"https:\/\/wein-werte.com\/de\/#website"},"primaryImageOfPage":{"@id":"https:\/\/wein-werte.com\/de\/produkt\/zehnthof-luckert-maustal-silvaner-grosses-gewachs-2023-750ml\/#primaryimage"},"image":{"@id":"https:\/\/wein-werte.com\/de\/produkt\/zehnthof-luckert-maustal-silvaner-grosses-gewachs-2023-750ml\/#primaryimage"},"thumbnailUrl":"https:\/\/wein-werte.com\/wp-content\/uploads\/2026\/04\/Zehnthof-Luckert-Maustal-Silvaner-Grosses-Gewachs-2023-750ml.png","datePublished":"2026-05-08T18:02:40+00:00","description":"Kaufe Zehnthof Luckert Maustal Silvaner Gro\u00dfes Gew\u00e4chs 2023 (Silvaner, trocken aus Franken, Deutschland) bei Wein Werte, Ihrem nachhaltigen Onlineshop.","breadcrumb":{"@id":"https:\/\/wein-werte.com\/de\/produkt\/zehnthof-luckert-maustal-silvaner-grosses-gewachs-2023-750ml\/#breadcrumb"},"inLanguage":"de","potentialAction":[{"@type":"ReadAction","target":["https:\/\/wein-werte.com\/de\/produkt\/zehnthof-luckert-maustal-silvaner-grosses-gewachs-2023-750ml\/"]}]},{"@type":"ImageObject","inLanguage":"de","@id":"https:\/\/wein-werte.com\/de\/produkt\/zehnthof-luckert-maustal-silvaner-grosses-gewachs-2023-750ml\/#primaryimage","url":"https:\/\/wein-werte.com\/wp-content\/uploads\/2026\/04\/Zehnthof-Luckert-Maustal-Silvaner-Grosses-Gewachs-2023-750ml.png","contentUrl":"https:\/\/wein-werte.com\/wp-content\/uploads\/2026\/04\/Zehnthof-Luckert-Maustal-Silvaner-Grosses-Gewachs-2023-750ml.png","width":260,"height":1200,"caption":"Zehnthof Luckert Maustal Silvaner Gro\u00dfes Gew\u00e4chs 2023 750ml"},{"@type":"BreadcrumbList","@id":"https:\/\/wein-werte.com\/de\/produkt\/zehnthof-luckert-maustal-silvaner-grosses-gewachs-2023-750ml\/#breadcrumb","itemListElement":[{"@type":"ListItem","position":1,"name":"Home","item":"https:\/\/wein-werte.com\/de\/"},{"@type":"ListItem","position":2,"name":"Shop","item":"https:\/\/wein-werte.com\/de\/shop\/"},{"@type":"ListItem","position":3,"name":"Zehnthof Luckert | Franken | Maustal Silvaner Gro\u00dfes Gew\u00e4chs | 2023 | 750ml | bio"}]},{"@type":"WebSite","@id":"https:\/\/wein-werte.com\/de\/#website","url":"https:\/\/wein-werte.com\/de\/","name":"Wein Werte","description":"","publisher":{"@id":"https:\/\/wein-werte.com\/de\/#organization"},"potentialAction":[{"@type":"SearchAction","target":{"@type":"EntryPoint","urlTemplate":"https:\/\/wein-werte.com\/de\/?s={search_term_string}"},"query-input":{"@type":"PropertyValueSpecification","valueRequired":true,"valueName":"search_term_string"}}],"inLanguage":"de"},{"@type":"Organization","@id":"https:\/\/wein-werte.com\/de\/#organization","name":"Vins Fins Thorrold","url":"https:\/\/wein-werte.com\/de\/","logo":{"@type":"ImageObject","inLanguage":"de","@id":"https:\/\/wein-werte.com\/de\/#\/schema\/logo\/image\/","url":"https:\/\/wein-werte.com\/wp-content\/uploads\/2023\/07\/Wein_werte_Logo700-1.png","contentUrl":"https:\/\/wein-werte.com\/wp-content\/uploads\/2023\/07\/Wein_werte_Logo700-1.png","width":700,"height":272,"caption":"Vins Fins Thorrold"},"image":{"@id":"https:\/\/wein-werte.com\/de\/#\/schema\/logo\/image\/"}}]}},"_links":{"self":[{"href":"https:\/\/wein-werte.com\/de\/wp-json\/wp\/v2\/product\/1131048","targetHints":{"allow":["GET"]}}],"collection":[{"href":"https:\/\/wein-werte.com\/de\/wp-json\/wp\/v2\/product"}],"about":[{"href":"https:\/\/wein-werte.com\/de\/wp-json\/wp\/v2\/types\/product"}],"wp:featuredmedia":[{"embeddable":true,"href":"https:\/\/wein-werte.com\/de\/wp-json\/wp\/v2\/media\/1142044"}],"wp:attachment":[{"href":"https:\/\/wein-werte.com\/de\/wp-json\/wp\/v2\/media?parent=1131048"}],"wp:term":[{"taxonomy":"product_brand","embeddable":true,"href":"https:\/\/wein-werte.com\/de\/wp-json\/wp\/v2\/product_brand?post=1131048"},{"taxonomy":"product_cat","embeddable":true,"href":"https:\/\/wein-werte.com\/de\/wp-json\/wp\/v2\/product_cat?post=1131048"},{"taxonomy":"product_tag","embeddable":true,"href":"https:\/\/wein-werte.com\/de\/wp-json\/wp\/v2\/product_tag?post=1131048"}],"curies":[{"name":"wp","href":"https:\/\/api.w.org\/{rel}","templated":true}]}}