{"id":1131043,"date":"2026-05-05T18:23:00","date_gmt":"2026-05-05T16:23:00","guid":{"rendered":"https:\/\/wein-werte.com\/product\/zehnthof-luckert-maustal-spatburgunder-grosses-gewachs-2020-750ml\/"},"modified":"2026-04-27T11:46:51","modified_gmt":"2026-04-27T09:46:51","slug":"zehnthof-luckert-maustal-spatburgunder-grosses-gewachs-2020-750ml","status":"publish","type":"product","link":"https:\/\/wein-werte.com\/de\/produkt\/zehnthof-luckert-maustal-spatburgunder-grosses-gewachs-2020-750ml\/","title":{"rendered":"Zehnthof Luckert | Franken | Maustal Sp\u00e4tburgunder Gro\u00dfes Gew\u00e4chs | 2020 | 750ml | bio"},"content":{"rendered":"<p>Produktbeschreibung f\u00fcr Zehnthof Luckert Maustal Sp\u00e4tburgunder Gro\u00dfes Gew\u00e4chs 2020 (bio) <\/p>\n<h5>Information zum Wein<\/h5>\n<p> Der Sp\u00e4tburgunder stammt aus der Weinlage Maustal, einem s\u00fcdlich von Sulzfeld am Main gelegenen vier Hektar gro\u00dfen Weinberg in s\u00fcd- und s\u00fcd\u00f6stlicher Ausrichtung. Die Steillage wird vom kargen und skelettreichen Oberen Muschelkalk gepr\u00e4gt. Die Reben dieser Lage sind die \u00e4ltesten selbst gesetzten Reben. Wie immer beim Weingut Zehnthof Luckert wird von Hand gelesen, dann folgen Einmaischung im offenen G\u00e4rbeh\u00e4lter, Spontang\u00e4rung, keine Chaptalisierung, keine k\u00fchle Vorverg\u00e4rung, rund zwei Wochen auf der Maische, Ausbau \u00fcber anderthalb Jahre in Burgunderf\u00e4ssern, ein Drittel davon neu. In 2022 wurde komplett entrappt. <\/p>\n<h5>Information zum Wein<\/h5>\n<p> Altes Maustal, unterer Muschelkalk, ca. 25 Jahre alte Reben, <\/p>\n<h5>Farbe<\/h5>\n<p> Gedecktes Granatrot mit violetten Reflexen. <\/p>\n<h5>Nase<\/h5>\n<p> Der 2020er Maustaler Sp\u00e4tburgunder GG h\u00e4lt Graphit und erdige Noten genauso parat wie eine noch jugendliche und erfrischende Frucht, die an Sauerkirschen, Waldhimbeeren, rote Johannisbeeren und Granatapfel denken l\u00e4sst. Sein duftiger; jugendlicher Charakter wird von deutlichen floralen Rosen, Efeu und Holunder feminin mitbestimmt. Elegante und burgundische Finesse bereits in der Nase. <\/p>\n<h5>Gaumen<\/h5>\n<p> Am Gaumen wirkt er t\u00e4nzerisch, lebendig und jugendlich. Seine S\u00e4ure ist angenehm frisch und fordernd, die Gerbstoffstruktur feink\u00f6rnig und pikant und der lange Nachhall verspricht ein gro\u00dfartiges Entwicklungspotential. Wer ihn in diesem jugendlichen Stadium bereits genie\u00dfen m\u00f6chte, tut gut daran ihn in die Karaffe umzuf\u00fcllen.<\/p>\n<p>Copyright Vinaturel 2025<\/p>\n<p>Keywords: <a href=\"https:\/\/wein-werte.com\/de\/shop\/?swoof=1&#038;pa_producer=Luckert,-Zehnthof\">Luckert, Zehnthof<\/a> <a href=\"https:\/\/wein-werte.com\/de\/shop\/?swoof=1&#038;woof_text=Maustal Sp\u00e4tburgunder Gro\u00dfes Gew\u00e4chs\">Maustal Sp\u00e4tburgunder Gro\u00dfes Gew\u00e4chs<\/a> 2020 bio <a href=\"https:\/\/wein-werte.com\/de\/shop\/?swoof=1&#038;pa_region=Franken\">Franken<\/a> <a href=\"https:\/\/wein-werte.com\/de\/shop\/?swoof=1&#038;pa_country=Deutschland\">Deutschland<\/a><\/p>\n<p>Internetseite des Weinguts: <a href=\"https:\/\/www.weingut-zehnthof.de\/\" target=\"_blank\">https:\/\/www.weingut-zehnthof.de\/<\/a><\/p>\n","protected":false},"excerpt":{"rendered":"<p>Lieferzeit: 1 bis 2 Arbeitstage (DE), 2 bis 5 Arbeitstage (EU and CH)<\/p>\n","protected":false},"featured_media":1142040,"template":"","meta":[],"product_brand":[],"product_cat":[19],"product_tag":[],"class_list":{"0":"post-1131043","1":"product","2":"type-product","3":"status-publish","4":"has-post-thumbnail","6":"product_cat-unkategorisiert","7":"pa_alcohol-for-filter-12897","8":"pa_certified-biodynamic-nein-de","9":"pa_certified-organic-ja-de","10":"pa_colour-rot","11":"pa_country-deutschland","12":"pa_grape-pinot-noir-spatburgunder","13":"pa_price-for-filter-10646","14":"pa_producer-zehnthof-luckert","15":"pa_region-franken","16":"pa_size-ml-6584","17":"pa_sweetness-trocken-de","18":"pa_type-2-still-de","19":"pa_vintage-2020-de","20":"entry","21":"has-media","23":"first","24":"instock","25":"taxable","26":"shipping-taxable","27":"purchasable","28":"product-type-simple"},"yoast_head":"<!-- This site is optimized with the Yoast SEO plugin v27.5 - https:\/\/yoast.com\/product\/yoast-seo-wordpress\/ -->\n<title>Zehnthof Luckert Maustal Sp\u00e4tburgunder Gro\u00dfes Gew\u00e4chs 2020<\/title>\n<meta name=\"description\" content=\"Kaufe Zehnthof Luckert Maustal Sp\u00e4tburgunder Gro\u00dfes Gew\u00e4chs 2020 (Pinot Noir, trocken aus Franken, Deutschland) bei Wein Werte, Ihrem nachhaltigen Onlineshop.\" \/>\n<meta name=\"robots\" content=\"index, follow, max-snippet:-1, max-image-preview:large, max-video-preview:-1\" \/>\n<link rel=\"canonical\" href=\"https:\/\/wein-werte.com\/de\/produkt\/zehnthof-luckert-maustal-spatburgunder-grosses-gewachs-2020-750ml\/\" \/>\n<meta property=\"og:locale\" content=\"de_DE\" \/>\n<meta property=\"og:type\" content=\"article\" \/>\n<meta property=\"og:title\" content=\"Zehnthof Luckert Maustal Sp\u00e4tburgunder Gro\u00dfes Gew\u00e4chs 2020\" \/>\n<meta property=\"og:description\" content=\"Kaufe Zehnthof Luckert Maustal Sp\u00e4tburgunder Gro\u00dfes Gew\u00e4chs 2020 (Pinot Noir, trocken aus Franken, Deutschland) bei Wein Werte, Ihrem nachhaltigen Onlineshop.\" \/>\n<meta property=\"og:url\" content=\"https:\/\/wein-werte.com\/de\/produkt\/zehnthof-luckert-maustal-spatburgunder-grosses-gewachs-2020-750ml\/\" \/>\n<meta property=\"og:site_name\" content=\"Wein Werte\" \/>\n<meta property=\"og:image\" content=\"https:\/\/wein-werte.com\/wp-content\/uploads\/2026\/04\/Zehnthof-Luckert-Maustal-Spatburgunder-Grosses-Gewachs-2020-750ml.png\" \/>\n\t<meta property=\"og:image:width\" content=\"400\" \/>\n\t<meta property=\"og:image:height\" content=\"1170\" \/>\n\t<meta property=\"og:image:type\" content=\"image\/png\" \/>\n<meta name=\"twitter:card\" content=\"summary_large_image\" \/>\n<meta name=\"twitter:label1\" content=\"Gesch\u00e4tzte Lesezeit\" \/>\n\t<meta name=\"twitter:data1\" content=\"1\u00a0Minute\" \/>\n<script type=\"application\/ld+json\" class=\"yoast-schema-graph\">{\"@context\":\"https:\\\/\\\/schema.org\",\"@graph\":[{\"@type\":\"WebPage\",\"@id\":\"https:\\\/\\\/wein-werte.com\\\/de\\\/produkt\\\/zehnthof-luckert-maustal-spatburgunder-grosses-gewachs-2020-750ml\\\/\",\"url\":\"https:\\\/\\\/wein-werte.com\\\/de\\\/produkt\\\/zehnthof-luckert-maustal-spatburgunder-grosses-gewachs-2020-750ml\\\/\",\"name\":\"Zehnthof Luckert Maustal Sp\u00e4tburgunder Gro\u00dfes Gew\u00e4chs 2020\",\"isPartOf\":{\"@id\":\"https:\\\/\\\/wein-werte.com\\\/de\\\/#website\"},\"primaryImageOfPage\":{\"@id\":\"https:\\\/\\\/wein-werte.com\\\/de\\\/produkt\\\/zehnthof-luckert-maustal-spatburgunder-grosses-gewachs-2020-750ml\\\/#primaryimage\"},\"image\":{\"@id\":\"https:\\\/\\\/wein-werte.com\\\/de\\\/produkt\\\/zehnthof-luckert-maustal-spatburgunder-grosses-gewachs-2020-750ml\\\/#primaryimage\"},\"thumbnailUrl\":\"https:\\\/\\\/wein-werte.com\\\/wp-content\\\/uploads\\\/2026\\\/04\\\/Zehnthof-Luckert-Maustal-Spatburgunder-Grosses-Gewachs-2020-750ml.png\",\"datePublished\":\"2026-05-05T16:23:00+00:00\",\"description\":\"Kaufe Zehnthof Luckert Maustal Sp\u00e4tburgunder Gro\u00dfes Gew\u00e4chs 2020 (Pinot Noir, trocken aus Franken, Deutschland) bei Wein Werte, Ihrem nachhaltigen Onlineshop.\",\"breadcrumb\":{\"@id\":\"https:\\\/\\\/wein-werte.com\\\/de\\\/produkt\\\/zehnthof-luckert-maustal-spatburgunder-grosses-gewachs-2020-750ml\\\/#breadcrumb\"},\"inLanguage\":\"de\",\"potentialAction\":[{\"@type\":\"ReadAction\",\"target\":[\"https:\\\/\\\/wein-werte.com\\\/de\\\/produkt\\\/zehnthof-luckert-maustal-spatburgunder-grosses-gewachs-2020-750ml\\\/\"]}]},{\"@type\":\"ImageObject\",\"inLanguage\":\"de\",\"@id\":\"https:\\\/\\\/wein-werte.com\\\/de\\\/produkt\\\/zehnthof-luckert-maustal-spatburgunder-grosses-gewachs-2020-750ml\\\/#primaryimage\",\"url\":\"https:\\\/\\\/wein-werte.com\\\/wp-content\\\/uploads\\\/2026\\\/04\\\/Zehnthof-Luckert-Maustal-Spatburgunder-Grosses-Gewachs-2020-750ml.png\",\"contentUrl\":\"https:\\\/\\\/wein-werte.com\\\/wp-content\\\/uploads\\\/2026\\\/04\\\/Zehnthof-Luckert-Maustal-Spatburgunder-Grosses-Gewachs-2020-750ml.png\",\"width\":400,\"height\":1170,\"caption\":\"Zehnthof Luckert Maustal Sp\u00e4tburgunder Gro\u00dfes Gew\u00e4chs 2020 750ml\"},{\"@type\":\"BreadcrumbList\",\"@id\":\"https:\\\/\\\/wein-werte.com\\\/de\\\/produkt\\\/zehnthof-luckert-maustal-spatburgunder-grosses-gewachs-2020-750ml\\\/#breadcrumb\",\"itemListElement\":[{\"@type\":\"ListItem\",\"position\":1,\"name\":\"Home\",\"item\":\"https:\\\/\\\/wein-werte.com\\\/de\\\/\"},{\"@type\":\"ListItem\",\"position\":2,\"name\":\"Shop\",\"item\":\"https:\\\/\\\/wein-werte.com\\\/de\\\/shop\\\/\"},{\"@type\":\"ListItem\",\"position\":3,\"name\":\"Zehnthof Luckert | Franken | Maustal Sp\u00e4tburgunder Gro\u00dfes Gew\u00e4chs | 2020 | 750ml | bio\"}]},{\"@type\":\"WebSite\",\"@id\":\"https:\\\/\\\/wein-werte.com\\\/de\\\/#website\",\"url\":\"https:\\\/\\\/wein-werte.com\\\/de\\\/\",\"name\":\"Wein Werte\",\"description\":\"\",\"publisher\":{\"@id\":\"https:\\\/\\\/wein-werte.com\\\/de\\\/#organization\"},\"potentialAction\":[{\"@type\":\"SearchAction\",\"target\":{\"@type\":\"EntryPoint\",\"urlTemplate\":\"https:\\\/\\\/wein-werte.com\\\/de\\\/?s={search_term_string}\"},\"query-input\":{\"@type\":\"PropertyValueSpecification\",\"valueRequired\":true,\"valueName\":\"search_term_string\"}}],\"inLanguage\":\"de\"},{\"@type\":\"Organization\",\"@id\":\"https:\\\/\\\/wein-werte.com\\\/de\\\/#organization\",\"name\":\"Vins Fins Thorrold\",\"url\":\"https:\\\/\\\/wein-werte.com\\\/de\\\/\",\"logo\":{\"@type\":\"ImageObject\",\"inLanguage\":\"de\",\"@id\":\"https:\\\/\\\/wein-werte.com\\\/de\\\/#\\\/schema\\\/logo\\\/image\\\/\",\"url\":\"https:\\\/\\\/wein-werte.com\\\/wp-content\\\/uploads\\\/2023\\\/07\\\/Wein_werte_Logo700-1.png\",\"contentUrl\":\"https:\\\/\\\/wein-werte.com\\\/wp-content\\\/uploads\\\/2023\\\/07\\\/Wein_werte_Logo700-1.png\",\"width\":700,\"height\":272,\"caption\":\"Vins Fins Thorrold\"},\"image\":{\"@id\":\"https:\\\/\\\/wein-werte.com\\\/de\\\/#\\\/schema\\\/logo\\\/image\\\/\"}}]}<\/script>\n<!-- \/ Yoast SEO plugin. -->","yoast_head_json":{"title":"Zehnthof Luckert Maustal Sp\u00e4tburgunder Gro\u00dfes Gew\u00e4chs 2020","description":"Kaufe Zehnthof Luckert Maustal Sp\u00e4tburgunder Gro\u00dfes Gew\u00e4chs 2020 (Pinot Noir, trocken aus Franken, Deutschland) bei Wein Werte, Ihrem nachhaltigen Onlineshop.","robots":{"index":"index","follow":"follow","max-snippet":"max-snippet:-1","max-image-preview":"max-image-preview:large","max-video-preview":"max-video-preview:-1"},"canonical":"https:\/\/wein-werte.com\/de\/produkt\/zehnthof-luckert-maustal-spatburgunder-grosses-gewachs-2020-750ml\/","og_locale":"de_DE","og_type":"article","og_title":"Zehnthof Luckert Maustal Sp\u00e4tburgunder Gro\u00dfes Gew\u00e4chs 2020","og_description":"Kaufe Zehnthof Luckert Maustal Sp\u00e4tburgunder Gro\u00dfes Gew\u00e4chs 2020 (Pinot Noir, trocken aus Franken, Deutschland) bei Wein Werte, Ihrem nachhaltigen Onlineshop.","og_url":"https:\/\/wein-werte.com\/de\/produkt\/zehnthof-luckert-maustal-spatburgunder-grosses-gewachs-2020-750ml\/","og_site_name":"Wein Werte","og_image":[{"width":400,"height":1170,"url":"https:\/\/wein-werte.com\/wp-content\/uploads\/2026\/04\/Zehnthof-Luckert-Maustal-Spatburgunder-Grosses-Gewachs-2020-750ml.png","type":"image\/png"}],"twitter_card":"summary_large_image","twitter_misc":{"Gesch\u00e4tzte Lesezeit":"1\u00a0Minute"},"schema":{"@context":"https:\/\/schema.org","@graph":[{"@type":"WebPage","@id":"https:\/\/wein-werte.com\/de\/produkt\/zehnthof-luckert-maustal-spatburgunder-grosses-gewachs-2020-750ml\/","url":"https:\/\/wein-werte.com\/de\/produkt\/zehnthof-luckert-maustal-spatburgunder-grosses-gewachs-2020-750ml\/","name":"Zehnthof Luckert Maustal Sp\u00e4tburgunder Gro\u00dfes Gew\u00e4chs 2020","isPartOf":{"@id":"https:\/\/wein-werte.com\/de\/#website"},"primaryImageOfPage":{"@id":"https:\/\/wein-werte.com\/de\/produkt\/zehnthof-luckert-maustal-spatburgunder-grosses-gewachs-2020-750ml\/#primaryimage"},"image":{"@id":"https:\/\/wein-werte.com\/de\/produkt\/zehnthof-luckert-maustal-spatburgunder-grosses-gewachs-2020-750ml\/#primaryimage"},"thumbnailUrl":"https:\/\/wein-werte.com\/wp-content\/uploads\/2026\/04\/Zehnthof-Luckert-Maustal-Spatburgunder-Grosses-Gewachs-2020-750ml.png","datePublished":"2026-05-05T16:23:00+00:00","description":"Kaufe Zehnthof Luckert Maustal Sp\u00e4tburgunder Gro\u00dfes Gew\u00e4chs 2020 (Pinot Noir, trocken aus Franken, Deutschland) bei Wein Werte, Ihrem nachhaltigen Onlineshop.","breadcrumb":{"@id":"https:\/\/wein-werte.com\/de\/produkt\/zehnthof-luckert-maustal-spatburgunder-grosses-gewachs-2020-750ml\/#breadcrumb"},"inLanguage":"de","potentialAction":[{"@type":"ReadAction","target":["https:\/\/wein-werte.com\/de\/produkt\/zehnthof-luckert-maustal-spatburgunder-grosses-gewachs-2020-750ml\/"]}]},{"@type":"ImageObject","inLanguage":"de","@id":"https:\/\/wein-werte.com\/de\/produkt\/zehnthof-luckert-maustal-spatburgunder-grosses-gewachs-2020-750ml\/#primaryimage","url":"https:\/\/wein-werte.com\/wp-content\/uploads\/2026\/04\/Zehnthof-Luckert-Maustal-Spatburgunder-Grosses-Gewachs-2020-750ml.png","contentUrl":"https:\/\/wein-werte.com\/wp-content\/uploads\/2026\/04\/Zehnthof-Luckert-Maustal-Spatburgunder-Grosses-Gewachs-2020-750ml.png","width":400,"height":1170,"caption":"Zehnthof Luckert Maustal Sp\u00e4tburgunder Gro\u00dfes Gew\u00e4chs 2020 750ml"},{"@type":"BreadcrumbList","@id":"https:\/\/wein-werte.com\/de\/produkt\/zehnthof-luckert-maustal-spatburgunder-grosses-gewachs-2020-750ml\/#breadcrumb","itemListElement":[{"@type":"ListItem","position":1,"name":"Home","item":"https:\/\/wein-werte.com\/de\/"},{"@type":"ListItem","position":2,"name":"Shop","item":"https:\/\/wein-werte.com\/de\/shop\/"},{"@type":"ListItem","position":3,"name":"Zehnthof Luckert | Franken | Maustal Sp\u00e4tburgunder Gro\u00dfes Gew\u00e4chs | 2020 | 750ml | bio"}]},{"@type":"WebSite","@id":"https:\/\/wein-werte.com\/de\/#website","url":"https:\/\/wein-werte.com\/de\/","name":"Wein Werte","description":"","publisher":{"@id":"https:\/\/wein-werte.com\/de\/#organization"},"potentialAction":[{"@type":"SearchAction","target":{"@type":"EntryPoint","urlTemplate":"https:\/\/wein-werte.com\/de\/?s={search_term_string}"},"query-input":{"@type":"PropertyValueSpecification","valueRequired":true,"valueName":"search_term_string"}}],"inLanguage":"de"},{"@type":"Organization","@id":"https:\/\/wein-werte.com\/de\/#organization","name":"Vins Fins Thorrold","url":"https:\/\/wein-werte.com\/de\/","logo":{"@type":"ImageObject","inLanguage":"de","@id":"https:\/\/wein-werte.com\/de\/#\/schema\/logo\/image\/","url":"https:\/\/wein-werte.com\/wp-content\/uploads\/2023\/07\/Wein_werte_Logo700-1.png","contentUrl":"https:\/\/wein-werte.com\/wp-content\/uploads\/2023\/07\/Wein_werte_Logo700-1.png","width":700,"height":272,"caption":"Vins Fins Thorrold"},"image":{"@id":"https:\/\/wein-werte.com\/de\/#\/schema\/logo\/image\/"}}]}},"_links":{"self":[{"href":"https:\/\/wein-werte.com\/de\/wp-json\/wp\/v2\/product\/1131043","targetHints":{"allow":["GET"]}}],"collection":[{"href":"https:\/\/wein-werte.com\/de\/wp-json\/wp\/v2\/product"}],"about":[{"href":"https:\/\/wein-werte.com\/de\/wp-json\/wp\/v2\/types\/product"}],"wp:featuredmedia":[{"embeddable":true,"href":"https:\/\/wein-werte.com\/de\/wp-json\/wp\/v2\/media\/1142040"}],"wp:attachment":[{"href":"https:\/\/wein-werte.com\/de\/wp-json\/wp\/v2\/media?parent=1131043"}],"wp:term":[{"taxonomy":"product_brand","embeddable":true,"href":"https:\/\/wein-werte.com\/de\/wp-json\/wp\/v2\/product_brand?post=1131043"},{"taxonomy":"product_cat","embeddable":true,"href":"https:\/\/wein-werte.com\/de\/wp-json\/wp\/v2\/product_cat?post=1131043"},{"taxonomy":"product_tag","embeddable":true,"href":"https:\/\/wein-werte.com\/de\/wp-json\/wp\/v2\/product_tag?post=1131043"}],"curies":[{"name":"wp","href":"https:\/\/api.w.org\/{rel}","templated":true}]}}