{"id":1131030,"date":"2026-05-05T18:22:59","date_gmt":"2026-05-05T16:22:59","guid":{"rendered":"https:\/\/wein-werte.com\/product\/zehnthof-luckert-maustal-riesling-grosses-gewachs-2021-750ml\/"},"modified":"2026-04-27T11:46:50","modified_gmt":"2026-04-27T09:46:50","slug":"zehnthof-luckert-maustal-riesling-grosses-gewachs-2021-750ml","status":"publish","type":"product","link":"https:\/\/wein-werte.com\/de\/produkt\/zehnthof-luckert-maustal-riesling-grosses-gewachs-2021-750ml\/","title":{"rendered":"Zehnthof Luckert | Franken | Maustal Riesling Gro\u00dfes Gew\u00e4chs | 2021 | 750ml | bio"},"content":{"rendered":"<p>Produktbeschreibung f\u00fcr Zehnthof Luckert Maustal Riesling Gro\u00dfes Gew\u00e4chs 2021 (bio) <\/p>\n<h5>Information zum Wein<\/h5>\n<p> Der Riesling stammt aus der Weinlage Maustal, einem s\u00fcdlich von Sulzfeld am Main gelegenen vier Hektar gro\u00dfen Weinberg in s\u00fcd- und s\u00fcd\u00f6stlicher Ausrichtung. Die Steillage wird vom kargen und skelettreichen Oberen Muschelkalk gepr\u00e4gt. Die Reben wurden vor 36 bis 42 Jahren gepflanzt. Wie immer beim Weingut Zehnthof Luckert wird hier von Hand gelesen, gerebelt, eine etwas l\u00e4ngere Maischestandzeit gew\u00e4hrt und spontan vergoren. Ausgebaut werden Luckerts Weine im klassischen Doppelst\u00fcckfass aus Spessart-Eiche. <\/p>\n<h5>Farbe<\/h5>\n<p> helles Strohgelb <\/p>\n<h5>Nase<\/h5>\n<p> Der Riesling Maustal \u00f6ffnet sich mit straffen Noten von Asche, Tabak, Gestein und Petrichor, Kr\u00e4utern und einer leicht cremigen und leicht zitrischen Note. Dazu kommen ein paar N\u00fcsse und auch etwas Senfsaat und etwas Grapefruit-Abrieb. Mit Luft und W\u00e4rme tauchen dann auch noch ein paar zus\u00e4tzliche saftige Steinobst-Noten auf. <\/p>\n<h5>Gaumen<\/h5>\n<p> Am Gaumen beh\u00e4lt der Riesling diese straffe und k\u00fchle Anmutung, die von S\u00e4uredruck und Mineralit\u00e4t noch unterstrichen wird. Der Wein presst sich geradezu an den Gaumen, wirkt knalltrocken und griffig, salzig und zitrisch. Das ist ein pures, kompromissloses Gro\u00dfes Gew\u00e4chs, das trotzdem erstaunlich charmant wirkt. Vielleicht entsteht diese Bindung durch die feine Cremigkeit, diesen Schmelz und das Florale, dass der Maustal gleichzeitig in sich birgt.<\/p>\n<p>Copyright Vinaturel 2025<\/p>\n<p>Keywords: <a href=\"https:\/\/wein-werte.com\/de\/shop\/?swoof=1&#038;pa_producer=Luckert,-Zehnthof\">Luckert, Zehnthof<\/a> <a href=\"https:\/\/wein-werte.com\/de\/shop\/?swoof=1&#038;woof_text=Maustal Riesling Gro\u00dfes Gew\u00e4chs\">Maustal Riesling Gro\u00dfes Gew\u00e4chs<\/a> 2021 bio <a href=\"https:\/\/wein-werte.com\/de\/shop\/?swoof=1&#038;pa_region=Franken\">Franken<\/a> <a href=\"https:\/\/wein-werte.com\/de\/shop\/?swoof=1&#038;pa_country=Deutschland\">Deutschland<\/a><\/p>\n<p>Internetseite des Weinguts: <a href=\"https:\/\/www.weingut-zehnthof.de\/\" target=\"_blank\">https:\/\/www.weingut-zehnthof.de\/<\/a><\/p>\n","protected":false},"excerpt":{"rendered":"<p>Lieferzeit: 1 bis 2 Arbeitstage (DE), 2 bis 5 Arbeitstage (EU and CH)<\/p>\n","protected":false},"featured_media":1142030,"template":"","meta":[],"product_brand":[],"product_cat":[19],"product_tag":[],"class_list":{"0":"post-1131030","1":"product","2":"type-product","3":"status-publish","4":"has-post-thumbnail","6":"product_cat-unkategorisiert","7":"pa_alcohol-for-filter-12897","8":"pa_certified-biodynamic-nein-de","9":"pa_certified-organic-ja-de","10":"pa_colour-weiss","11":"pa_country-deutschland","12":"pa_grape-riesling","13":"pa_price-for-filter-10571","14":"pa_producer-zehnthof-luckert","15":"pa_region-franken","16":"pa_size-ml-6584","17":"pa_sweetness-trocken-de","18":"pa_type-2-still-de","19":"pa_vintage-2021-de","20":"entry","21":"has-media","23":"first","24":"instock","25":"taxable","26":"shipping-taxable","27":"purchasable","28":"product-type-simple"},"yoast_head":"<!-- This site is optimized with the Yoast SEO plugin v27.5 - https:\/\/yoast.com\/product\/yoast-seo-wordpress\/ -->\n<title>Zehnthof Luckert Maustal Riesling Gro\u00dfes Gew\u00e4chs 2021<\/title>\n<meta name=\"description\" content=\"Kaufe Zehnthof Luckert Maustal Riesling Gro\u00dfes Gew\u00e4chs 2021 (Riesling, trocken aus Franken, Deutschland) bei Wein Werte, Ihrem nachhaltigen Onlineshop.\" \/>\n<meta name=\"robots\" content=\"index, follow, max-snippet:-1, max-image-preview:large, max-video-preview:-1\" \/>\n<link rel=\"canonical\" href=\"https:\/\/wein-werte.com\/de\/produkt\/zehnthof-luckert-maustal-riesling-grosses-gewachs-2021-750ml\/\" \/>\n<meta property=\"og:locale\" content=\"de_DE\" \/>\n<meta property=\"og:type\" content=\"article\" \/>\n<meta property=\"og:title\" content=\"Zehnthof Luckert Maustal Riesling Gro\u00dfes Gew\u00e4chs 2021\" \/>\n<meta property=\"og:description\" content=\"Kaufe Zehnthof Luckert Maustal Riesling Gro\u00dfes Gew\u00e4chs 2021 (Riesling, trocken aus Franken, Deutschland) bei Wein Werte, Ihrem nachhaltigen Onlineshop.\" \/>\n<meta property=\"og:url\" content=\"https:\/\/wein-werte.com\/de\/produkt\/zehnthof-luckert-maustal-riesling-grosses-gewachs-2021-750ml\/\" \/>\n<meta property=\"og:site_name\" content=\"Wein Werte\" \/>\n<meta property=\"og:image\" content=\"https:\/\/wein-werte.com\/wp-content\/uploads\/2026\/04\/Zehnthof-Luckert-Maustal-Riesling-Grosses-Gewachs-2021-750ml.png\" \/>\n\t<meta property=\"og:image:width\" content=\"262\" \/>\n\t<meta property=\"og:image:height\" content=\"1200\" \/>\n\t<meta property=\"og:image:type\" content=\"image\/png\" \/>\n<meta name=\"twitter:card\" content=\"summary_large_image\" \/>\n<meta name=\"twitter:label1\" content=\"Gesch\u00e4tzte Lesezeit\" \/>\n\t<meta name=\"twitter:data1\" content=\"1\u00a0Minute\" \/>\n<script type=\"application\/ld+json\" class=\"yoast-schema-graph\">{\"@context\":\"https:\\\/\\\/schema.org\",\"@graph\":[{\"@type\":\"WebPage\",\"@id\":\"https:\\\/\\\/wein-werte.com\\\/de\\\/produkt\\\/zehnthof-luckert-maustal-riesling-grosses-gewachs-2021-750ml\\\/\",\"url\":\"https:\\\/\\\/wein-werte.com\\\/de\\\/produkt\\\/zehnthof-luckert-maustal-riesling-grosses-gewachs-2021-750ml\\\/\",\"name\":\"Zehnthof Luckert Maustal Riesling Gro\u00dfes Gew\u00e4chs 2021\",\"isPartOf\":{\"@id\":\"https:\\\/\\\/wein-werte.com\\\/de\\\/#website\"},\"primaryImageOfPage\":{\"@id\":\"https:\\\/\\\/wein-werte.com\\\/de\\\/produkt\\\/zehnthof-luckert-maustal-riesling-grosses-gewachs-2021-750ml\\\/#primaryimage\"},\"image\":{\"@id\":\"https:\\\/\\\/wein-werte.com\\\/de\\\/produkt\\\/zehnthof-luckert-maustal-riesling-grosses-gewachs-2021-750ml\\\/#primaryimage\"},\"thumbnailUrl\":\"https:\\\/\\\/wein-werte.com\\\/wp-content\\\/uploads\\\/2026\\\/04\\\/Zehnthof-Luckert-Maustal-Riesling-Grosses-Gewachs-2021-750ml.png\",\"datePublished\":\"2026-05-05T16:22:59+00:00\",\"description\":\"Kaufe Zehnthof Luckert Maustal Riesling Gro\u00dfes Gew\u00e4chs 2021 (Riesling, trocken aus Franken, Deutschland) bei Wein Werte, Ihrem nachhaltigen Onlineshop.\",\"breadcrumb\":{\"@id\":\"https:\\\/\\\/wein-werte.com\\\/de\\\/produkt\\\/zehnthof-luckert-maustal-riesling-grosses-gewachs-2021-750ml\\\/#breadcrumb\"},\"inLanguage\":\"de\",\"potentialAction\":[{\"@type\":\"ReadAction\",\"target\":[\"https:\\\/\\\/wein-werte.com\\\/de\\\/produkt\\\/zehnthof-luckert-maustal-riesling-grosses-gewachs-2021-750ml\\\/\"]}]},{\"@type\":\"ImageObject\",\"inLanguage\":\"de\",\"@id\":\"https:\\\/\\\/wein-werte.com\\\/de\\\/produkt\\\/zehnthof-luckert-maustal-riesling-grosses-gewachs-2021-750ml\\\/#primaryimage\",\"url\":\"https:\\\/\\\/wein-werte.com\\\/wp-content\\\/uploads\\\/2026\\\/04\\\/Zehnthof-Luckert-Maustal-Riesling-Grosses-Gewachs-2021-750ml.png\",\"contentUrl\":\"https:\\\/\\\/wein-werte.com\\\/wp-content\\\/uploads\\\/2026\\\/04\\\/Zehnthof-Luckert-Maustal-Riesling-Grosses-Gewachs-2021-750ml.png\",\"width\":262,\"height\":1200,\"caption\":\"Zehnthof Luckert Maustal Riesling Gro\u00dfes Gew\u00e4chs 2021 750ml\"},{\"@type\":\"BreadcrumbList\",\"@id\":\"https:\\\/\\\/wein-werte.com\\\/de\\\/produkt\\\/zehnthof-luckert-maustal-riesling-grosses-gewachs-2021-750ml\\\/#breadcrumb\",\"itemListElement\":[{\"@type\":\"ListItem\",\"position\":1,\"name\":\"Home\",\"item\":\"https:\\\/\\\/wein-werte.com\\\/de\\\/\"},{\"@type\":\"ListItem\",\"position\":2,\"name\":\"Shop\",\"item\":\"https:\\\/\\\/wein-werte.com\\\/de\\\/shop\\\/\"},{\"@type\":\"ListItem\",\"position\":3,\"name\":\"Zehnthof Luckert | Franken | Maustal Riesling Gro\u00dfes Gew\u00e4chs | 2021 | 750ml | bio\"}]},{\"@type\":\"WebSite\",\"@id\":\"https:\\\/\\\/wein-werte.com\\\/de\\\/#website\",\"url\":\"https:\\\/\\\/wein-werte.com\\\/de\\\/\",\"name\":\"Wein Werte\",\"description\":\"\",\"publisher\":{\"@id\":\"https:\\\/\\\/wein-werte.com\\\/de\\\/#organization\"},\"potentialAction\":[{\"@type\":\"SearchAction\",\"target\":{\"@type\":\"EntryPoint\",\"urlTemplate\":\"https:\\\/\\\/wein-werte.com\\\/de\\\/?s={search_term_string}\"},\"query-input\":{\"@type\":\"PropertyValueSpecification\",\"valueRequired\":true,\"valueName\":\"search_term_string\"}}],\"inLanguage\":\"de\"},{\"@type\":\"Organization\",\"@id\":\"https:\\\/\\\/wein-werte.com\\\/de\\\/#organization\",\"name\":\"Vins Fins Thorrold\",\"url\":\"https:\\\/\\\/wein-werte.com\\\/de\\\/\",\"logo\":{\"@type\":\"ImageObject\",\"inLanguage\":\"de\",\"@id\":\"https:\\\/\\\/wein-werte.com\\\/de\\\/#\\\/schema\\\/logo\\\/image\\\/\",\"url\":\"https:\\\/\\\/wein-werte.com\\\/wp-content\\\/uploads\\\/2023\\\/07\\\/Wein_werte_Logo700-1.png\",\"contentUrl\":\"https:\\\/\\\/wein-werte.com\\\/wp-content\\\/uploads\\\/2023\\\/07\\\/Wein_werte_Logo700-1.png\",\"width\":700,\"height\":272,\"caption\":\"Vins Fins Thorrold\"},\"image\":{\"@id\":\"https:\\\/\\\/wein-werte.com\\\/de\\\/#\\\/schema\\\/logo\\\/image\\\/\"}}]}<\/script>\n<!-- \/ Yoast SEO plugin. -->","yoast_head_json":{"title":"Zehnthof Luckert Maustal Riesling Gro\u00dfes Gew\u00e4chs 2021","description":"Kaufe Zehnthof Luckert Maustal Riesling Gro\u00dfes Gew\u00e4chs 2021 (Riesling, trocken aus Franken, Deutschland) bei Wein Werte, Ihrem nachhaltigen Onlineshop.","robots":{"index":"index","follow":"follow","max-snippet":"max-snippet:-1","max-image-preview":"max-image-preview:large","max-video-preview":"max-video-preview:-1"},"canonical":"https:\/\/wein-werte.com\/de\/produkt\/zehnthof-luckert-maustal-riesling-grosses-gewachs-2021-750ml\/","og_locale":"de_DE","og_type":"article","og_title":"Zehnthof Luckert Maustal Riesling Gro\u00dfes Gew\u00e4chs 2021","og_description":"Kaufe Zehnthof Luckert Maustal Riesling Gro\u00dfes Gew\u00e4chs 2021 (Riesling, trocken aus Franken, Deutschland) bei Wein Werte, Ihrem nachhaltigen Onlineshop.","og_url":"https:\/\/wein-werte.com\/de\/produkt\/zehnthof-luckert-maustal-riesling-grosses-gewachs-2021-750ml\/","og_site_name":"Wein Werte","og_image":[{"width":262,"height":1200,"url":"https:\/\/wein-werte.com\/wp-content\/uploads\/2026\/04\/Zehnthof-Luckert-Maustal-Riesling-Grosses-Gewachs-2021-750ml.png","type":"image\/png"}],"twitter_card":"summary_large_image","twitter_misc":{"Gesch\u00e4tzte Lesezeit":"1\u00a0Minute"},"schema":{"@context":"https:\/\/schema.org","@graph":[{"@type":"WebPage","@id":"https:\/\/wein-werte.com\/de\/produkt\/zehnthof-luckert-maustal-riesling-grosses-gewachs-2021-750ml\/","url":"https:\/\/wein-werte.com\/de\/produkt\/zehnthof-luckert-maustal-riesling-grosses-gewachs-2021-750ml\/","name":"Zehnthof Luckert Maustal Riesling Gro\u00dfes Gew\u00e4chs 2021","isPartOf":{"@id":"https:\/\/wein-werte.com\/de\/#website"},"primaryImageOfPage":{"@id":"https:\/\/wein-werte.com\/de\/produkt\/zehnthof-luckert-maustal-riesling-grosses-gewachs-2021-750ml\/#primaryimage"},"image":{"@id":"https:\/\/wein-werte.com\/de\/produkt\/zehnthof-luckert-maustal-riesling-grosses-gewachs-2021-750ml\/#primaryimage"},"thumbnailUrl":"https:\/\/wein-werte.com\/wp-content\/uploads\/2026\/04\/Zehnthof-Luckert-Maustal-Riesling-Grosses-Gewachs-2021-750ml.png","datePublished":"2026-05-05T16:22:59+00:00","description":"Kaufe Zehnthof Luckert Maustal Riesling Gro\u00dfes Gew\u00e4chs 2021 (Riesling, trocken aus Franken, Deutschland) bei Wein Werte, Ihrem nachhaltigen Onlineshop.","breadcrumb":{"@id":"https:\/\/wein-werte.com\/de\/produkt\/zehnthof-luckert-maustal-riesling-grosses-gewachs-2021-750ml\/#breadcrumb"},"inLanguage":"de","potentialAction":[{"@type":"ReadAction","target":["https:\/\/wein-werte.com\/de\/produkt\/zehnthof-luckert-maustal-riesling-grosses-gewachs-2021-750ml\/"]}]},{"@type":"ImageObject","inLanguage":"de","@id":"https:\/\/wein-werte.com\/de\/produkt\/zehnthof-luckert-maustal-riesling-grosses-gewachs-2021-750ml\/#primaryimage","url":"https:\/\/wein-werte.com\/wp-content\/uploads\/2026\/04\/Zehnthof-Luckert-Maustal-Riesling-Grosses-Gewachs-2021-750ml.png","contentUrl":"https:\/\/wein-werte.com\/wp-content\/uploads\/2026\/04\/Zehnthof-Luckert-Maustal-Riesling-Grosses-Gewachs-2021-750ml.png","width":262,"height":1200,"caption":"Zehnthof Luckert Maustal Riesling Gro\u00dfes Gew\u00e4chs 2021 750ml"},{"@type":"BreadcrumbList","@id":"https:\/\/wein-werte.com\/de\/produkt\/zehnthof-luckert-maustal-riesling-grosses-gewachs-2021-750ml\/#breadcrumb","itemListElement":[{"@type":"ListItem","position":1,"name":"Home","item":"https:\/\/wein-werte.com\/de\/"},{"@type":"ListItem","position":2,"name":"Shop","item":"https:\/\/wein-werte.com\/de\/shop\/"},{"@type":"ListItem","position":3,"name":"Zehnthof Luckert | Franken | Maustal Riesling Gro\u00dfes Gew\u00e4chs | 2021 | 750ml | bio"}]},{"@type":"WebSite","@id":"https:\/\/wein-werte.com\/de\/#website","url":"https:\/\/wein-werte.com\/de\/","name":"Wein Werte","description":"","publisher":{"@id":"https:\/\/wein-werte.com\/de\/#organization"},"potentialAction":[{"@type":"SearchAction","target":{"@type":"EntryPoint","urlTemplate":"https:\/\/wein-werte.com\/de\/?s={search_term_string}"},"query-input":{"@type":"PropertyValueSpecification","valueRequired":true,"valueName":"search_term_string"}}],"inLanguage":"de"},{"@type":"Organization","@id":"https:\/\/wein-werte.com\/de\/#organization","name":"Vins Fins Thorrold","url":"https:\/\/wein-werte.com\/de\/","logo":{"@type":"ImageObject","inLanguage":"de","@id":"https:\/\/wein-werte.com\/de\/#\/schema\/logo\/image\/","url":"https:\/\/wein-werte.com\/wp-content\/uploads\/2023\/07\/Wein_werte_Logo700-1.png","contentUrl":"https:\/\/wein-werte.com\/wp-content\/uploads\/2023\/07\/Wein_werte_Logo700-1.png","width":700,"height":272,"caption":"Vins Fins Thorrold"},"image":{"@id":"https:\/\/wein-werte.com\/de\/#\/schema\/logo\/image\/"}}]}},"_links":{"self":[{"href":"https:\/\/wein-werte.com\/de\/wp-json\/wp\/v2\/product\/1131030","targetHints":{"allow":["GET"]}}],"collection":[{"href":"https:\/\/wein-werte.com\/de\/wp-json\/wp\/v2\/product"}],"about":[{"href":"https:\/\/wein-werte.com\/de\/wp-json\/wp\/v2\/types\/product"}],"wp:featuredmedia":[{"embeddable":true,"href":"https:\/\/wein-werte.com\/de\/wp-json\/wp\/v2\/media\/1142030"}],"wp:attachment":[{"href":"https:\/\/wein-werte.com\/de\/wp-json\/wp\/v2\/media?parent=1131030"}],"wp:term":[{"taxonomy":"product_brand","embeddable":true,"href":"https:\/\/wein-werte.com\/de\/wp-json\/wp\/v2\/product_brand?post=1131030"},{"taxonomy":"product_cat","embeddable":true,"href":"https:\/\/wein-werte.com\/de\/wp-json\/wp\/v2\/product_cat?post=1131030"},{"taxonomy":"product_tag","embeddable":true,"href":"https:\/\/wein-werte.com\/de\/wp-json\/wp\/v2\/product_tag?post=1131030"}],"curies":[{"name":"wp","href":"https:\/\/api.w.org\/{rel}","templated":true}]}}