{"id":1130917,"date":"2026-05-05T18:22:54","date_gmt":"2026-05-05T16:22:54","guid":{"rendered":"https:\/\/wein-werte.com\/product\/christmann-idig-konigsbach-riesling-grosses-gewachs-2023-1500ml\/"},"modified":"2026-04-27T11:46:38","modified_gmt":"2026-04-27T09:46:38","slug":"christmann-idig-konigsbach-riesling-grosses-gewachs-2023-1500ml","status":"publish","type":"product","link":"https:\/\/wein-werte.com\/de\/produkt\/christmann-idig-konigsbach-riesling-grosses-gewachs-2023-1500ml\/","title":{"rendered":"Christmann | Pfalz | IDIG K\u00f6nigsbach Riesling Grosses Gew\u00e4chs | 2023 | 1500ml | bio"},"content":{"rendered":"<p>Produktbeschreibung f\u00fcr Christmann IDIG K\u00f6nigsbach Riesling Grosses Gew\u00e4chs 2023 (bio) <\/p>\n<h5>Information um Wein<\/h5>\n<p> Die Lage Idig ist das Kernst\u00fcck des Weinguts Christmann. Erstmals im 14. Jahrhundert erw\u00e4hnt, ist sie bis heute eine ungeteilte, vier Hektar gro\u00dfe Monopollage. Der Hang f\u00e4llt steil nach S\u00fcds\u00fcdost ab und ist gepr\u00e4gt von einem massiven Kalkunterboden sowie einer Terra-Fusca-Kalkger\u00f6llauflage mit Buntsandsteinger\u00f6ll und Basalt. Der Idig kann sicher zu den wenigen wirklichen Grand-Cru-Lagen gez\u00e4hlt werden, die Deutschland zu bieten hat. Der Saft stand einige Stunden auf der Maische, wurde spontan und recht warm vergoren und im gro\u00dfen Doppelst\u00fcckfass ausgebaut. <\/p>\n<h5>Farbe<\/h5>\n<p> Platin <\/p>\n<h5>Nase<\/h5>\n<p> Der 2023er K\u00f6nigsbach Idig<\/p>\n<h5> <\/h5>\n<p>wirkt auf mich deutlich offener als 2021 oder 2022.Er pr\u00e4sentiert sich von Beginn an k\u00fchl, kreidig, kr\u00e4uter- und dann zunhmend bl\u00fctenduftig mit einer feinen wei\u00dffleischigen Frucht. Dar\u00fcber liegt eine leichte Reduktion, darunter eine Melange aus Bergamotte, einer Limette, die mit Luft immer mehr zur Zitrone wird, etwas Quitte und Aprikose. <\/p>\n<h5>Gaumen<\/h5>\n<p> Am Gaumen besitzt der Idig viel Spiel, ist saftig, hell, steinig und leicht zestig, aber auch hier ungew\u00f6hnlich charmant und offen. Schlie\u00dflich wirkt er zunehmend elektrisierend mit angenehmer Festigkeit und gro\u00dfer L\u00e4nge, salziger Mineralit\u00e4t und einer packenden Frische und S\u00e4ure von Zitronen. Es ist ein Wein von gro\u00dfer Konzentration, der sie aber luftig-leicht verpackt. Was f\u00fcr ein ungew\u00f6hnlich jugendlich charmanter Idig und was f\u00fcr ein gro\u00dfer Wein! <\/p>\n<p>Copyright Vinaturel 2025<\/p>\n<p>Keywords: <a href=\"https:\/\/wein-werte.com\/de\/shop\/?swoof=1&#038;pa_producer=Christmann\">Christmann<\/a> <a href=\"https:\/\/wein-werte.com\/de\/shop\/?swoof=1&#038;woof_text=IDIG K\u00f6nigsbach Riesling Grosses Gew\u00e4chs\">IDIG K\u00f6nigsbach Riesling Grosses Gew\u00e4chs<\/a> 2023 bio <a href=\"https:\/\/wein-werte.com\/de\/shop\/?swoof=1&#038;pa_region=Pfalz\">Pfalz<\/a> <a href=\"https:\/\/wein-werte.com\/de\/shop\/?swoof=1&#038;pa_country=Deutschland\">Deutschland<\/a><\/p>\n<p>Internetseite des Weinguts: <a href=\"https:\/\/weingut-christmann.de\/en\/\" target=\"_blank\">https:\/\/weingut-christmann.de\/en\/<\/a><\/p>\n","protected":false},"excerpt":{"rendered":"<p>Lieferzeit: 1 bis 2 Arbeitstage (DE), 2 bis 5 Arbeitstage (EU and CH)<\/p>\n","protected":false},"featured_media":1141940,"template":"","meta":[],"product_brand":[],"product_cat":[19],"product_tag":[],"class_list":{"0":"post-1130917","1":"product","2":"type-product","3":"status-publish","4":"has-post-thumbnail","6":"product_cat-unkategorisiert","7":"pa_alcohol-for-filter-12893","8":"pa_certified-biodynamic-ja-de","9":"pa_certified-organic-ja-de","10":"pa_colour-weiss","11":"pa_country-deutschland","12":"pa_grape-riesling","13":"pa_price-for-filter-10646","14":"pa_producer-christmann","15":"pa_region-pfalz","16":"pa_size-ml-6657","17":"pa_sweetness-trocken-de","18":"pa_type-2-still-de","19":"pa_vintage-2023-de","20":"entry","21":"has-media","23":"first","24":"instock","25":"taxable","26":"shipping-taxable","27":"purchasable","28":"product-type-simple"},"yoast_head":"<!-- This site is optimized with the Yoast SEO plugin v27.5 - https:\/\/yoast.com\/product\/yoast-seo-wordpress\/ -->\n<title>Christmann IDIG K\u00f6nigsbach Riesling Grosses Gew\u00e4chs 2023, 1500ml<\/title>\n<meta name=\"description\" content=\"Kaufe Christmann IDIG K\u00f6nigsbach Riesling Grosses Gew\u00e4chs 2023 (Riesling, trocken aus Pfalz, Deutschland) bei Wein Werte, Ihrem nachhaltigen Onlineshop.\" \/>\n<meta name=\"robots\" content=\"index, follow, max-snippet:-1, max-image-preview:large, max-video-preview:-1\" \/>\n<link rel=\"canonical\" href=\"https:\/\/wein-werte.com\/de\/produkt\/christmann-idig-konigsbach-riesling-grosses-gewachs-2023-1500ml\/\" \/>\n<meta property=\"og:locale\" content=\"de_DE\" \/>\n<meta property=\"og:type\" content=\"article\" \/>\n<meta property=\"og:title\" content=\"Christmann IDIG K\u00f6nigsbach Riesling Grosses Gew\u00e4chs 2023, 1500ml\" \/>\n<meta property=\"og:description\" content=\"Kaufe Christmann IDIG K\u00f6nigsbach Riesling Grosses Gew\u00e4chs 2023 (Riesling, trocken aus Pfalz, Deutschland) bei Wein Werte, Ihrem nachhaltigen Onlineshop.\" \/>\n<meta property=\"og:url\" content=\"https:\/\/wein-werte.com\/de\/produkt\/christmann-idig-konigsbach-riesling-grosses-gewachs-2023-1500ml\/\" \/>\n<meta property=\"og:site_name\" content=\"Wein Werte\" \/>\n<meta property=\"og:image\" content=\"https:\/\/wein-werte.com\/wp-content\/uploads\/2026\/04\/Christmann-IDIG-Konigsbach-Riesling-Grosses-Gewachs-2023-1500ml.png\" \/>\n\t<meta property=\"og:image:width\" content=\"231\" \/>\n\t<meta property=\"og:image:height\" content=\"1200\" \/>\n\t<meta property=\"og:image:type\" content=\"image\/png\" \/>\n<meta name=\"twitter:card\" content=\"summary_large_image\" \/>\n<meta name=\"twitter:label1\" content=\"Gesch\u00e4tzte Lesezeit\" \/>\n\t<meta name=\"twitter:data1\" content=\"1\u00a0Minute\" \/>\n<script type=\"application\/ld+json\" class=\"yoast-schema-graph\">{\"@context\":\"https:\\\/\\\/schema.org\",\"@graph\":[{\"@type\":\"WebPage\",\"@id\":\"https:\\\/\\\/wein-werte.com\\\/de\\\/produkt\\\/christmann-idig-konigsbach-riesling-grosses-gewachs-2023-1500ml\\\/\",\"url\":\"https:\\\/\\\/wein-werte.com\\\/de\\\/produkt\\\/christmann-idig-konigsbach-riesling-grosses-gewachs-2023-1500ml\\\/\",\"name\":\"Christmann IDIG K\u00f6nigsbach Riesling Grosses Gew\u00e4chs 2023, 1500ml\",\"isPartOf\":{\"@id\":\"https:\\\/\\\/wein-werte.com\\\/de\\\/#website\"},\"primaryImageOfPage\":{\"@id\":\"https:\\\/\\\/wein-werte.com\\\/de\\\/produkt\\\/christmann-idig-konigsbach-riesling-grosses-gewachs-2023-1500ml\\\/#primaryimage\"},\"image\":{\"@id\":\"https:\\\/\\\/wein-werte.com\\\/de\\\/produkt\\\/christmann-idig-konigsbach-riesling-grosses-gewachs-2023-1500ml\\\/#primaryimage\"},\"thumbnailUrl\":\"https:\\\/\\\/wein-werte.com\\\/wp-content\\\/uploads\\\/2026\\\/04\\\/Christmann-IDIG-Konigsbach-Riesling-Grosses-Gewachs-2023-1500ml.png\",\"datePublished\":\"2026-05-05T16:22:54+00:00\",\"description\":\"Kaufe Christmann IDIG K\u00f6nigsbach Riesling Grosses Gew\u00e4chs 2023 (Riesling, trocken aus Pfalz, Deutschland) bei Wein Werte, Ihrem nachhaltigen Onlineshop.\",\"breadcrumb\":{\"@id\":\"https:\\\/\\\/wein-werte.com\\\/de\\\/produkt\\\/christmann-idig-konigsbach-riesling-grosses-gewachs-2023-1500ml\\\/#breadcrumb\"},\"inLanguage\":\"de\",\"potentialAction\":[{\"@type\":\"ReadAction\",\"target\":[\"https:\\\/\\\/wein-werte.com\\\/de\\\/produkt\\\/christmann-idig-konigsbach-riesling-grosses-gewachs-2023-1500ml\\\/\"]}]},{\"@type\":\"ImageObject\",\"inLanguage\":\"de\",\"@id\":\"https:\\\/\\\/wein-werte.com\\\/de\\\/produkt\\\/christmann-idig-konigsbach-riesling-grosses-gewachs-2023-1500ml\\\/#primaryimage\",\"url\":\"https:\\\/\\\/wein-werte.com\\\/wp-content\\\/uploads\\\/2026\\\/04\\\/Christmann-IDIG-Konigsbach-Riesling-Grosses-Gewachs-2023-1500ml.png\",\"contentUrl\":\"https:\\\/\\\/wein-werte.com\\\/wp-content\\\/uploads\\\/2026\\\/04\\\/Christmann-IDIG-Konigsbach-Riesling-Grosses-Gewachs-2023-1500ml.png\",\"width\":231,\"height\":1200,\"caption\":\"Christmann IDIG K\u00f6nigsbach Riesling Grosses Gew\u00e4chs 2023 1500ml\"},{\"@type\":\"BreadcrumbList\",\"@id\":\"https:\\\/\\\/wein-werte.com\\\/de\\\/produkt\\\/christmann-idig-konigsbach-riesling-grosses-gewachs-2023-1500ml\\\/#breadcrumb\",\"itemListElement\":[{\"@type\":\"ListItem\",\"position\":1,\"name\":\"Home\",\"item\":\"https:\\\/\\\/wein-werte.com\\\/de\\\/\"},{\"@type\":\"ListItem\",\"position\":2,\"name\":\"Shop\",\"item\":\"https:\\\/\\\/wein-werte.com\\\/de\\\/shop\\\/\"},{\"@type\":\"ListItem\",\"position\":3,\"name\":\"Christmann | Pfalz | IDIG K\u00f6nigsbach Riesling Grosses Gew\u00e4chs | 2023 | 1500ml | bio\"}]},{\"@type\":\"WebSite\",\"@id\":\"https:\\\/\\\/wein-werte.com\\\/de\\\/#website\",\"url\":\"https:\\\/\\\/wein-werte.com\\\/de\\\/\",\"name\":\"Wein Werte\",\"description\":\"\",\"publisher\":{\"@id\":\"https:\\\/\\\/wein-werte.com\\\/de\\\/#organization\"},\"potentialAction\":[{\"@type\":\"SearchAction\",\"target\":{\"@type\":\"EntryPoint\",\"urlTemplate\":\"https:\\\/\\\/wein-werte.com\\\/de\\\/?s={search_term_string}\"},\"query-input\":{\"@type\":\"PropertyValueSpecification\",\"valueRequired\":true,\"valueName\":\"search_term_string\"}}],\"inLanguage\":\"de\"},{\"@type\":\"Organization\",\"@id\":\"https:\\\/\\\/wein-werte.com\\\/de\\\/#organization\",\"name\":\"Vins Fins Thorrold\",\"url\":\"https:\\\/\\\/wein-werte.com\\\/de\\\/\",\"logo\":{\"@type\":\"ImageObject\",\"inLanguage\":\"de\",\"@id\":\"https:\\\/\\\/wein-werte.com\\\/de\\\/#\\\/schema\\\/logo\\\/image\\\/\",\"url\":\"https:\\\/\\\/wein-werte.com\\\/wp-content\\\/uploads\\\/2023\\\/07\\\/Wein_werte_Logo700-1.png\",\"contentUrl\":\"https:\\\/\\\/wein-werte.com\\\/wp-content\\\/uploads\\\/2023\\\/07\\\/Wein_werte_Logo700-1.png\",\"width\":700,\"height\":272,\"caption\":\"Vins Fins Thorrold\"},\"image\":{\"@id\":\"https:\\\/\\\/wein-werte.com\\\/de\\\/#\\\/schema\\\/logo\\\/image\\\/\"}}]}<\/script>\n<!-- \/ Yoast SEO plugin. -->","yoast_head_json":{"title":"Christmann IDIG K\u00f6nigsbach Riesling Grosses Gew\u00e4chs 2023, 1500ml","description":"Kaufe Christmann IDIG K\u00f6nigsbach Riesling Grosses Gew\u00e4chs 2023 (Riesling, trocken aus Pfalz, Deutschland) bei Wein Werte, Ihrem nachhaltigen Onlineshop.","robots":{"index":"index","follow":"follow","max-snippet":"max-snippet:-1","max-image-preview":"max-image-preview:large","max-video-preview":"max-video-preview:-1"},"canonical":"https:\/\/wein-werte.com\/de\/produkt\/christmann-idig-konigsbach-riesling-grosses-gewachs-2023-1500ml\/","og_locale":"de_DE","og_type":"article","og_title":"Christmann IDIG K\u00f6nigsbach Riesling Grosses Gew\u00e4chs 2023, 1500ml","og_description":"Kaufe Christmann IDIG K\u00f6nigsbach Riesling Grosses Gew\u00e4chs 2023 (Riesling, trocken aus Pfalz, Deutschland) bei Wein Werte, Ihrem nachhaltigen Onlineshop.","og_url":"https:\/\/wein-werte.com\/de\/produkt\/christmann-idig-konigsbach-riesling-grosses-gewachs-2023-1500ml\/","og_site_name":"Wein Werte","og_image":[{"width":231,"height":1200,"url":"https:\/\/wein-werte.com\/wp-content\/uploads\/2026\/04\/Christmann-IDIG-Konigsbach-Riesling-Grosses-Gewachs-2023-1500ml.png","type":"image\/png"}],"twitter_card":"summary_large_image","twitter_misc":{"Gesch\u00e4tzte Lesezeit":"1\u00a0Minute"},"schema":{"@context":"https:\/\/schema.org","@graph":[{"@type":"WebPage","@id":"https:\/\/wein-werte.com\/de\/produkt\/christmann-idig-konigsbach-riesling-grosses-gewachs-2023-1500ml\/","url":"https:\/\/wein-werte.com\/de\/produkt\/christmann-idig-konigsbach-riesling-grosses-gewachs-2023-1500ml\/","name":"Christmann IDIG K\u00f6nigsbach Riesling Grosses Gew\u00e4chs 2023, 1500ml","isPartOf":{"@id":"https:\/\/wein-werte.com\/de\/#website"},"primaryImageOfPage":{"@id":"https:\/\/wein-werte.com\/de\/produkt\/christmann-idig-konigsbach-riesling-grosses-gewachs-2023-1500ml\/#primaryimage"},"image":{"@id":"https:\/\/wein-werte.com\/de\/produkt\/christmann-idig-konigsbach-riesling-grosses-gewachs-2023-1500ml\/#primaryimage"},"thumbnailUrl":"https:\/\/wein-werte.com\/wp-content\/uploads\/2026\/04\/Christmann-IDIG-Konigsbach-Riesling-Grosses-Gewachs-2023-1500ml.png","datePublished":"2026-05-05T16:22:54+00:00","description":"Kaufe Christmann IDIG K\u00f6nigsbach Riesling Grosses Gew\u00e4chs 2023 (Riesling, trocken aus Pfalz, Deutschland) bei Wein Werte, Ihrem nachhaltigen Onlineshop.","breadcrumb":{"@id":"https:\/\/wein-werte.com\/de\/produkt\/christmann-idig-konigsbach-riesling-grosses-gewachs-2023-1500ml\/#breadcrumb"},"inLanguage":"de","potentialAction":[{"@type":"ReadAction","target":["https:\/\/wein-werte.com\/de\/produkt\/christmann-idig-konigsbach-riesling-grosses-gewachs-2023-1500ml\/"]}]},{"@type":"ImageObject","inLanguage":"de","@id":"https:\/\/wein-werte.com\/de\/produkt\/christmann-idig-konigsbach-riesling-grosses-gewachs-2023-1500ml\/#primaryimage","url":"https:\/\/wein-werte.com\/wp-content\/uploads\/2026\/04\/Christmann-IDIG-Konigsbach-Riesling-Grosses-Gewachs-2023-1500ml.png","contentUrl":"https:\/\/wein-werte.com\/wp-content\/uploads\/2026\/04\/Christmann-IDIG-Konigsbach-Riesling-Grosses-Gewachs-2023-1500ml.png","width":231,"height":1200,"caption":"Christmann IDIG K\u00f6nigsbach Riesling Grosses Gew\u00e4chs 2023 1500ml"},{"@type":"BreadcrumbList","@id":"https:\/\/wein-werte.com\/de\/produkt\/christmann-idig-konigsbach-riesling-grosses-gewachs-2023-1500ml\/#breadcrumb","itemListElement":[{"@type":"ListItem","position":1,"name":"Home","item":"https:\/\/wein-werte.com\/de\/"},{"@type":"ListItem","position":2,"name":"Shop","item":"https:\/\/wein-werte.com\/de\/shop\/"},{"@type":"ListItem","position":3,"name":"Christmann | Pfalz | IDIG K\u00f6nigsbach Riesling Grosses Gew\u00e4chs | 2023 | 1500ml | bio"}]},{"@type":"WebSite","@id":"https:\/\/wein-werte.com\/de\/#website","url":"https:\/\/wein-werte.com\/de\/","name":"Wein Werte","description":"","publisher":{"@id":"https:\/\/wein-werte.com\/de\/#organization"},"potentialAction":[{"@type":"SearchAction","target":{"@type":"EntryPoint","urlTemplate":"https:\/\/wein-werte.com\/de\/?s={search_term_string}"},"query-input":{"@type":"PropertyValueSpecification","valueRequired":true,"valueName":"search_term_string"}}],"inLanguage":"de"},{"@type":"Organization","@id":"https:\/\/wein-werte.com\/de\/#organization","name":"Vins Fins Thorrold","url":"https:\/\/wein-werte.com\/de\/","logo":{"@type":"ImageObject","inLanguage":"de","@id":"https:\/\/wein-werte.com\/de\/#\/schema\/logo\/image\/","url":"https:\/\/wein-werte.com\/wp-content\/uploads\/2023\/07\/Wein_werte_Logo700-1.png","contentUrl":"https:\/\/wein-werte.com\/wp-content\/uploads\/2023\/07\/Wein_werte_Logo700-1.png","width":700,"height":272,"caption":"Vins Fins Thorrold"},"image":{"@id":"https:\/\/wein-werte.com\/de\/#\/schema\/logo\/image\/"}}]}},"_links":{"self":[{"href":"https:\/\/wein-werte.com\/de\/wp-json\/wp\/v2\/product\/1130917","targetHints":{"allow":["GET"]}}],"collection":[{"href":"https:\/\/wein-werte.com\/de\/wp-json\/wp\/v2\/product"}],"about":[{"href":"https:\/\/wein-werte.com\/de\/wp-json\/wp\/v2\/types\/product"}],"wp:featuredmedia":[{"embeddable":true,"href":"https:\/\/wein-werte.com\/de\/wp-json\/wp\/v2\/media\/1141940"}],"wp:attachment":[{"href":"https:\/\/wein-werte.com\/de\/wp-json\/wp\/v2\/media?parent=1130917"}],"wp:term":[{"taxonomy":"product_brand","embeddable":true,"href":"https:\/\/wein-werte.com\/de\/wp-json\/wp\/v2\/product_brand?post=1130917"},{"taxonomy":"product_cat","embeddable":true,"href":"https:\/\/wein-werte.com\/de\/wp-json\/wp\/v2\/product_cat?post=1130917"},{"taxonomy":"product_tag","embeddable":true,"href":"https:\/\/wein-werte.com\/de\/wp-json\/wp\/v2\/product_tag?post=1130917"}],"curies":[{"name":"wp","href":"https:\/\/api.w.org\/{rel}","templated":true}]}}