{"id":1130907,"date":"2026-05-08T20:02:30","date_gmt":"2026-05-08T18:02:30","guid":{"rendered":"https:\/\/wein-werte.com\/product\/christmann-vogelsang-neustadt-riesling-grosses-gewachs-2023-750ml\/"},"modified":"2026-04-27T11:46:37","modified_gmt":"2026-04-27T09:46:37","slug":"christmann-vogelsang-neustadt-riesling-grosses-gewachs-2023-750ml","status":"publish","type":"product","link":"https:\/\/wein-werte.com\/de\/produkt\/christmann-vogelsang-neustadt-riesling-grosses-gewachs-2023-750ml\/","title":{"rendered":"Christmann | Pfalz | Vogelsang Neustadt Riesling Grosses Gew\u00e4chs | 2023 | 750ml | bio"},"content":{"rendered":"<p>Produktbeschreibung f\u00fcr Christmann Vogelsang Neustadt Riesling Grosses Gew\u00e4chs 2023 (bio) <\/p>\n<h5>Information um Wein<\/h5>\n<p> Das ist das erste Gro\u00dfe Gew\u00e4chs aus dieser einst bekannten, aber in Vergessenheit geratenen Lage oberhalb von Neustadt an der Weinstra\u00dfe. Der Weinberg kam 2017 nach Jahren konventionellster Bewirtschaftung durch Tausch zu den Christmanns. Direkt folgte die Umstellung auf Biodynamie. Mehrere Jahre wurde der Wein als VDP.Ortswein unter dem Namen Neustadt V. abgef\u00fcllt. Der Boden besteht aus vor mehr als 200 Millionen Jahren entstandenem Muschelkalk. Der Weinberg f\u00e4llt mit einer Neigung von bis zu 50 % recht steil nach S\u00fcden ab und liegt bis zu 260 Meter hoch. Die Ertr\u00e4ge liegen hier bei nur 40 hl\/ha, sodass die Trauben eine optimale Geschmacksf\u00fclle erreichen k\u00f6nnen. Der Saft stand einige Stunden auf der Maische, wurde spontan und recht warm vergoren und im gro\u00dfen Doppelst\u00fcckfass ausgebaut. <\/p>\n<h5>Farbe<\/h5>\n<p> Platin <\/p>\n<h5>Nase<\/h5>\n<p> Der Vogelsang entwickelt sich Jahr f\u00fcr Jahr weiter zu einem der gro\u00dfen Rieslinge der Region. Das 2023er Exemplar ist ein weiterer energiegelandener, absolut druckvoller Wein, der aber ebenfalls nicht so puristisch ausf\u00e4llt, wie in den letzten beiden Jahren. Das hier mag ich sehr. Es wirkt frisch, saftig, pulsierend, dunkelw\u00fcrzig, hellt\u00f6nig und zitrisch in der Frucht, herb und zestig. <\/p>\n<h5>Gaumen<\/h5>\n<p> Am Gaumen wirkt das Gro\u00dfe Gew\u00e4chs zun\u00e4chst straff und sehnig, dann aber kommt hier eine ganz leichte, charmante Extrakts\u00fc\u00dfe hinzu sowie ein Hauch von Cremigkeit \u2013 wie ein Sweetspot in einer salzigen Meeresbrise. Gleichzeitig findet sich hier viel Druck, eine S\u00e4ure, die kristallin, du doch dem Jahrgang gem\u00e4\u00df charmanter wirkt als im Jahr zuvor. Hier passiert schon sehr viel, der Wein wirkt k\u00fchl, fest und wild in der Gesteins-, Tabaks- und Kr\u00e4uteraromatik. <\/p>\n<p>Copyright Vinaturel 2025<\/p>\n<p>Keywords: <a href=\"https:\/\/wein-werte.com\/de\/shop\/?swoof=1&#038;pa_producer=Christmann\">Christmann<\/a> <a href=\"https:\/\/wein-werte.com\/de\/shop\/?swoof=1&#038;woof_text=Vogelsang Neustadt Riesling Grosses Gew\u00e4chs\">Vogelsang Neustadt Riesling Grosses Gew\u00e4chs<\/a> 2023 bio <a href=\"https:\/\/wein-werte.com\/de\/shop\/?swoof=1&#038;pa_region=Pfalz\">Pfalz<\/a> <a href=\"https:\/\/wein-werte.com\/de\/shop\/?swoof=1&#038;pa_country=Deutschland\">Deutschland<\/a><\/p>\n<h3>Vinous<\/h3>\n<p>Punkte: 94<\/p>\n<p>Der Riesling Neustadter Vogelsang Grosses Gew\u00e4chs 2023 w\u00e4chst auf Trias-Kalkstein, erhebt sich bis auf 320 Meter H\u00f6he und profitiert von k\u00fchleren Nachtwinden, ist aber dennoch nach S\u00fcden ausgerichtet. Ein Hauch von Gew\u00fcrzen, die an Kreuzk\u00fcmmel erinnern, erscheint in der verhaltenen Nase. Am Gaumen ist er schlank und zeichnet sich durch eine leuchtende Zitrusnote aus, die tief in den Boden einzudringen scheint. Er ist geradlinig, zitronig, straff, hell, lebhaft, makellos und rein. (Knochentrocken) \u2013 Anne Krebiehl MW<br \/>Trinkfenster: 2028\u20132050<br \/>Testdatum: September 2024<\/p>\n<p>Internetseite des Weinguts: <a href=\"https:\/\/weingut-christmann.de\/en\/\" target=\"_blank\">https:\/\/weingut-christmann.de\/en\/<\/a><\/p>\n","protected":false},"excerpt":{"rendered":"<p>Lieferzeit: 1 bis 2 Arbeitstage (DE), 2 bis 5 Arbeitstage (EU and CH)<\/p>\n","protected":false},"featured_media":1141932,"template":"","meta":[],"product_brand":[],"product_cat":[19],"product_tag":[],"class_list":{"0":"post-1130907","1":"product","2":"type-product","3":"status-publish","4":"has-post-thumbnail","6":"product_cat-unkategorisiert","7":"pa_alcohol-for-filter-12893","8":"pa_certified-biodynamic-ja-de","9":"pa_certified-organic-ja-de","10":"pa_colour-weiss","11":"pa_country-deutschland","12":"pa_grape-riesling","13":"pa_price-for-filter-10662","14":"pa_producer-christmann","15":"pa_region-pfalz","16":"pa_size-ml-6584","17":"pa_sweetness-trocken-de","18":"pa_type-2-still-de","19":"pa_vinous-points-for-filter-20033","20":"pa_vintage-2023-de","21":"entry","22":"has-media","24":"first","25":"instock","26":"taxable","27":"shipping-taxable","28":"purchasable","29":"product-type-simple"},"yoast_head":"<!-- This site is optimized with the Yoast SEO plugin v27.5 - https:\/\/yoast.com\/product\/yoast-seo-wordpress\/ -->\n<title>Christmann Vogelsang Neustadt Riesling Grosses Gew\u00e4chs 2023<\/title>\n<meta name=\"description\" content=\"Kaufe Christmann Vogelsang Neustadt Riesling Grosses Gew\u00e4chs 2023 (Riesling, trocken aus Pfalz, Deutschland) bei Wein Werte, Ihrem nachhaltigen Onlineshop.\" \/>\n<meta name=\"robots\" content=\"index, follow, max-snippet:-1, max-image-preview:large, max-video-preview:-1\" \/>\n<link rel=\"canonical\" href=\"https:\/\/wein-werte.com\/de\/produkt\/christmann-vogelsang-neustadt-riesling-grosses-gewachs-2023-750ml\/\" \/>\n<meta property=\"og:locale\" content=\"de_DE\" \/>\n<meta property=\"og:type\" content=\"article\" \/>\n<meta property=\"og:title\" content=\"Christmann Vogelsang Neustadt Riesling Grosses Gew\u00e4chs 2023\" \/>\n<meta property=\"og:description\" content=\"Kaufe Christmann Vogelsang Neustadt Riesling Grosses Gew\u00e4chs 2023 (Riesling, trocken aus Pfalz, Deutschland) bei Wein Werte, Ihrem nachhaltigen Onlineshop.\" \/>\n<meta property=\"og:url\" content=\"https:\/\/wein-werte.com\/de\/produkt\/christmann-vogelsang-neustadt-riesling-grosses-gewachs-2023-750ml\/\" \/>\n<meta property=\"og:site_name\" content=\"Wein Werte\" \/>\n<meta property=\"og:image\" content=\"https:\/\/wein-werte.com\/wp-content\/uploads\/2026\/04\/Christmann-Vogelsang-Neustadt-Riesling-Grosses-Gewachs-2023-750ml.png\" \/>\n\t<meta property=\"og:image:width\" content=\"256\" \/>\n\t<meta property=\"og:image:height\" content=\"1200\" \/>\n\t<meta property=\"og:image:type\" content=\"image\/png\" \/>\n<meta name=\"twitter:card\" content=\"summary_large_image\" \/>\n<meta name=\"twitter:label1\" content=\"Gesch\u00e4tzte Lesezeit\" \/>\n\t<meta name=\"twitter:data1\" content=\"2\u00a0Minuten\" \/>\n<script type=\"application\/ld+json\" class=\"yoast-schema-graph\">{\"@context\":\"https:\\\/\\\/schema.org\",\"@graph\":[{\"@type\":\"WebPage\",\"@id\":\"https:\\\/\\\/wein-werte.com\\\/de\\\/produkt\\\/christmann-vogelsang-neustadt-riesling-grosses-gewachs-2023-750ml\\\/\",\"url\":\"https:\\\/\\\/wein-werte.com\\\/de\\\/produkt\\\/christmann-vogelsang-neustadt-riesling-grosses-gewachs-2023-750ml\\\/\",\"name\":\"Christmann Vogelsang Neustadt Riesling Grosses Gew\u00e4chs 2023\",\"isPartOf\":{\"@id\":\"https:\\\/\\\/wein-werte.com\\\/de\\\/#website\"},\"primaryImageOfPage\":{\"@id\":\"https:\\\/\\\/wein-werte.com\\\/de\\\/produkt\\\/christmann-vogelsang-neustadt-riesling-grosses-gewachs-2023-750ml\\\/#primaryimage\"},\"image\":{\"@id\":\"https:\\\/\\\/wein-werte.com\\\/de\\\/produkt\\\/christmann-vogelsang-neustadt-riesling-grosses-gewachs-2023-750ml\\\/#primaryimage\"},\"thumbnailUrl\":\"https:\\\/\\\/wein-werte.com\\\/wp-content\\\/uploads\\\/2026\\\/04\\\/Christmann-Vogelsang-Neustadt-Riesling-Grosses-Gewachs-2023-750ml.png\",\"datePublished\":\"2026-05-08T18:02:30+00:00\",\"description\":\"Kaufe Christmann Vogelsang Neustadt Riesling Grosses Gew\u00e4chs 2023 (Riesling, trocken aus Pfalz, Deutschland) bei Wein Werte, Ihrem nachhaltigen Onlineshop.\",\"breadcrumb\":{\"@id\":\"https:\\\/\\\/wein-werte.com\\\/de\\\/produkt\\\/christmann-vogelsang-neustadt-riesling-grosses-gewachs-2023-750ml\\\/#breadcrumb\"},\"inLanguage\":\"de\",\"potentialAction\":[{\"@type\":\"ReadAction\",\"target\":[\"https:\\\/\\\/wein-werte.com\\\/de\\\/produkt\\\/christmann-vogelsang-neustadt-riesling-grosses-gewachs-2023-750ml\\\/\"]}]},{\"@type\":\"ImageObject\",\"inLanguage\":\"de\",\"@id\":\"https:\\\/\\\/wein-werte.com\\\/de\\\/produkt\\\/christmann-vogelsang-neustadt-riesling-grosses-gewachs-2023-750ml\\\/#primaryimage\",\"url\":\"https:\\\/\\\/wein-werte.com\\\/wp-content\\\/uploads\\\/2026\\\/04\\\/Christmann-Vogelsang-Neustadt-Riesling-Grosses-Gewachs-2023-750ml.png\",\"contentUrl\":\"https:\\\/\\\/wein-werte.com\\\/wp-content\\\/uploads\\\/2026\\\/04\\\/Christmann-Vogelsang-Neustadt-Riesling-Grosses-Gewachs-2023-750ml.png\",\"width\":256,\"height\":1200,\"caption\":\"Christmann Vogelsang Neustadt Riesling Grosses Gew\u00e4chs 2023 750ml\"},{\"@type\":\"BreadcrumbList\",\"@id\":\"https:\\\/\\\/wein-werte.com\\\/de\\\/produkt\\\/christmann-vogelsang-neustadt-riesling-grosses-gewachs-2023-750ml\\\/#breadcrumb\",\"itemListElement\":[{\"@type\":\"ListItem\",\"position\":1,\"name\":\"Home\",\"item\":\"https:\\\/\\\/wein-werte.com\\\/de\\\/\"},{\"@type\":\"ListItem\",\"position\":2,\"name\":\"Shop\",\"item\":\"https:\\\/\\\/wein-werte.com\\\/de\\\/shop\\\/\"},{\"@type\":\"ListItem\",\"position\":3,\"name\":\"Christmann | Pfalz | Vogelsang Neustadt Riesling Grosses Gew\u00e4chs | 2023 | 750ml | bio\"}]},{\"@type\":\"WebSite\",\"@id\":\"https:\\\/\\\/wein-werte.com\\\/de\\\/#website\",\"url\":\"https:\\\/\\\/wein-werte.com\\\/de\\\/\",\"name\":\"Wein Werte\",\"description\":\"\",\"publisher\":{\"@id\":\"https:\\\/\\\/wein-werte.com\\\/de\\\/#organization\"},\"potentialAction\":[{\"@type\":\"SearchAction\",\"target\":{\"@type\":\"EntryPoint\",\"urlTemplate\":\"https:\\\/\\\/wein-werte.com\\\/de\\\/?s={search_term_string}\"},\"query-input\":{\"@type\":\"PropertyValueSpecification\",\"valueRequired\":true,\"valueName\":\"search_term_string\"}}],\"inLanguage\":\"de\"},{\"@type\":\"Organization\",\"@id\":\"https:\\\/\\\/wein-werte.com\\\/de\\\/#organization\",\"name\":\"Vins Fins Thorrold\",\"url\":\"https:\\\/\\\/wein-werte.com\\\/de\\\/\",\"logo\":{\"@type\":\"ImageObject\",\"inLanguage\":\"de\",\"@id\":\"https:\\\/\\\/wein-werte.com\\\/de\\\/#\\\/schema\\\/logo\\\/image\\\/\",\"url\":\"https:\\\/\\\/wein-werte.com\\\/wp-content\\\/uploads\\\/2023\\\/07\\\/Wein_werte_Logo700-1.png\",\"contentUrl\":\"https:\\\/\\\/wein-werte.com\\\/wp-content\\\/uploads\\\/2023\\\/07\\\/Wein_werte_Logo700-1.png\",\"width\":700,\"height\":272,\"caption\":\"Vins Fins Thorrold\"},\"image\":{\"@id\":\"https:\\\/\\\/wein-werte.com\\\/de\\\/#\\\/schema\\\/logo\\\/image\\\/\"}}]}<\/script>\n<!-- \/ Yoast SEO plugin. -->","yoast_head_json":{"title":"Christmann Vogelsang Neustadt Riesling Grosses Gew\u00e4chs 2023","description":"Kaufe Christmann Vogelsang Neustadt Riesling Grosses Gew\u00e4chs 2023 (Riesling, trocken aus Pfalz, Deutschland) bei Wein Werte, Ihrem nachhaltigen Onlineshop.","robots":{"index":"index","follow":"follow","max-snippet":"max-snippet:-1","max-image-preview":"max-image-preview:large","max-video-preview":"max-video-preview:-1"},"canonical":"https:\/\/wein-werte.com\/de\/produkt\/christmann-vogelsang-neustadt-riesling-grosses-gewachs-2023-750ml\/","og_locale":"de_DE","og_type":"article","og_title":"Christmann Vogelsang Neustadt Riesling Grosses Gew\u00e4chs 2023","og_description":"Kaufe Christmann Vogelsang Neustadt Riesling Grosses Gew\u00e4chs 2023 (Riesling, trocken aus Pfalz, Deutschland) bei Wein Werte, Ihrem nachhaltigen Onlineshop.","og_url":"https:\/\/wein-werte.com\/de\/produkt\/christmann-vogelsang-neustadt-riesling-grosses-gewachs-2023-750ml\/","og_site_name":"Wein Werte","og_image":[{"width":256,"height":1200,"url":"https:\/\/wein-werte.com\/wp-content\/uploads\/2026\/04\/Christmann-Vogelsang-Neustadt-Riesling-Grosses-Gewachs-2023-750ml.png","type":"image\/png"}],"twitter_card":"summary_large_image","twitter_misc":{"Gesch\u00e4tzte Lesezeit":"2\u00a0Minuten"},"schema":{"@context":"https:\/\/schema.org","@graph":[{"@type":"WebPage","@id":"https:\/\/wein-werte.com\/de\/produkt\/christmann-vogelsang-neustadt-riesling-grosses-gewachs-2023-750ml\/","url":"https:\/\/wein-werte.com\/de\/produkt\/christmann-vogelsang-neustadt-riesling-grosses-gewachs-2023-750ml\/","name":"Christmann Vogelsang Neustadt Riesling Grosses Gew\u00e4chs 2023","isPartOf":{"@id":"https:\/\/wein-werte.com\/de\/#website"},"primaryImageOfPage":{"@id":"https:\/\/wein-werte.com\/de\/produkt\/christmann-vogelsang-neustadt-riesling-grosses-gewachs-2023-750ml\/#primaryimage"},"image":{"@id":"https:\/\/wein-werte.com\/de\/produkt\/christmann-vogelsang-neustadt-riesling-grosses-gewachs-2023-750ml\/#primaryimage"},"thumbnailUrl":"https:\/\/wein-werte.com\/wp-content\/uploads\/2026\/04\/Christmann-Vogelsang-Neustadt-Riesling-Grosses-Gewachs-2023-750ml.png","datePublished":"2026-05-08T18:02:30+00:00","description":"Kaufe Christmann Vogelsang Neustadt Riesling Grosses Gew\u00e4chs 2023 (Riesling, trocken aus Pfalz, Deutschland) bei Wein Werte, Ihrem nachhaltigen Onlineshop.","breadcrumb":{"@id":"https:\/\/wein-werte.com\/de\/produkt\/christmann-vogelsang-neustadt-riesling-grosses-gewachs-2023-750ml\/#breadcrumb"},"inLanguage":"de","potentialAction":[{"@type":"ReadAction","target":["https:\/\/wein-werte.com\/de\/produkt\/christmann-vogelsang-neustadt-riesling-grosses-gewachs-2023-750ml\/"]}]},{"@type":"ImageObject","inLanguage":"de","@id":"https:\/\/wein-werte.com\/de\/produkt\/christmann-vogelsang-neustadt-riesling-grosses-gewachs-2023-750ml\/#primaryimage","url":"https:\/\/wein-werte.com\/wp-content\/uploads\/2026\/04\/Christmann-Vogelsang-Neustadt-Riesling-Grosses-Gewachs-2023-750ml.png","contentUrl":"https:\/\/wein-werte.com\/wp-content\/uploads\/2026\/04\/Christmann-Vogelsang-Neustadt-Riesling-Grosses-Gewachs-2023-750ml.png","width":256,"height":1200,"caption":"Christmann Vogelsang Neustadt Riesling Grosses Gew\u00e4chs 2023 750ml"},{"@type":"BreadcrumbList","@id":"https:\/\/wein-werte.com\/de\/produkt\/christmann-vogelsang-neustadt-riesling-grosses-gewachs-2023-750ml\/#breadcrumb","itemListElement":[{"@type":"ListItem","position":1,"name":"Home","item":"https:\/\/wein-werte.com\/de\/"},{"@type":"ListItem","position":2,"name":"Shop","item":"https:\/\/wein-werte.com\/de\/shop\/"},{"@type":"ListItem","position":3,"name":"Christmann | Pfalz | Vogelsang Neustadt Riesling Grosses Gew\u00e4chs | 2023 | 750ml | bio"}]},{"@type":"WebSite","@id":"https:\/\/wein-werte.com\/de\/#website","url":"https:\/\/wein-werte.com\/de\/","name":"Wein Werte","description":"","publisher":{"@id":"https:\/\/wein-werte.com\/de\/#organization"},"potentialAction":[{"@type":"SearchAction","target":{"@type":"EntryPoint","urlTemplate":"https:\/\/wein-werte.com\/de\/?s={search_term_string}"},"query-input":{"@type":"PropertyValueSpecification","valueRequired":true,"valueName":"search_term_string"}}],"inLanguage":"de"},{"@type":"Organization","@id":"https:\/\/wein-werte.com\/de\/#organization","name":"Vins Fins Thorrold","url":"https:\/\/wein-werte.com\/de\/","logo":{"@type":"ImageObject","inLanguage":"de","@id":"https:\/\/wein-werte.com\/de\/#\/schema\/logo\/image\/","url":"https:\/\/wein-werte.com\/wp-content\/uploads\/2023\/07\/Wein_werte_Logo700-1.png","contentUrl":"https:\/\/wein-werte.com\/wp-content\/uploads\/2023\/07\/Wein_werte_Logo700-1.png","width":700,"height":272,"caption":"Vins Fins Thorrold"},"image":{"@id":"https:\/\/wein-werte.com\/de\/#\/schema\/logo\/image\/"}}]}},"_links":{"self":[{"href":"https:\/\/wein-werte.com\/de\/wp-json\/wp\/v2\/product\/1130907","targetHints":{"allow":["GET"]}}],"collection":[{"href":"https:\/\/wein-werte.com\/de\/wp-json\/wp\/v2\/product"}],"about":[{"href":"https:\/\/wein-werte.com\/de\/wp-json\/wp\/v2\/types\/product"}],"wp:featuredmedia":[{"embeddable":true,"href":"https:\/\/wein-werte.com\/de\/wp-json\/wp\/v2\/media\/1141932"}],"wp:attachment":[{"href":"https:\/\/wein-werte.com\/de\/wp-json\/wp\/v2\/media?parent=1130907"}],"wp:term":[{"taxonomy":"product_brand","embeddable":true,"href":"https:\/\/wein-werte.com\/de\/wp-json\/wp\/v2\/product_brand?post=1130907"},{"taxonomy":"product_cat","embeddable":true,"href":"https:\/\/wein-werte.com\/de\/wp-json\/wp\/v2\/product_cat?post=1130907"},{"taxonomy":"product_tag","embeddable":true,"href":"https:\/\/wein-werte.com\/de\/wp-json\/wp\/v2\/product_tag?post=1130907"}],"curies":[{"name":"wp","href":"https:\/\/api.w.org\/{rel}","templated":true}]}}