{"id":1130892,"date":"2026-05-05T18:22:53","date_gmt":"2026-05-05T16:22:53","guid":{"rendered":"https:\/\/wein-werte.com\/product\/christmann-ruppertsberger-reiterpfad-riesling-2023-750ml\/"},"modified":"2026-04-27T11:46:36","modified_gmt":"2026-04-27T09:46:36","slug":"christmann-ruppertsberger-reiterpfad-riesling-2023-750ml","status":"publish","type":"product","link":"https:\/\/wein-werte.com\/de\/produkt\/christmann-ruppertsberger-reiterpfad-riesling-2023-750ml\/","title":{"rendered":"Christmann | Pfalz | Ruppertsberger Reiterpfad Riesling VDP Erste Lage | 2023 | 750ml | bio"},"content":{"rendered":"<p>Produktbeschreibung f\u00fcr Christmann Ruppertsberger Reiterpfad Riesling VDP Erste Lage 2023 (bio) <\/p>\n<h5>Info<\/h5>\n<p> Das Jahr 2023 war lange dankbar und voller sch\u00f6nen Wetterperioden. Der lang ersehnte Regen im Juli und August sollte sp\u00e4ter zum Risiko werden. Die Trauben nahmen so viel Wasser auf, dass sie drohten zu platzen und eben dann der F\u00e4ulnis ausgesetzt w\u00e4ren. P\u00fcnktlich zu Lesebeginn setzte dann Anfang September eine lange Sch\u00f6nwetterphase ein, ein goldener Sp\u00e4tsommer, so dass hier alles gut verlief. Per Hand wurde aussortiert. Die Ergebnisse waren gro\u00dfartig. Die Lage Reiterpad in Ruppertsberg wurde am 24. September gelesen, abgef\u00fcllt wurde im Juli 2024. Die Lage Reiterpfad umfasst knapp 60ha mit einem leichten Gef\u00e4lle nach Ost-S\u00fcdost. Diese Terrassen-f\u00f6rmige Lage hat sich \u00fcber Jahrtausende aus dem Buntsandsteinger\u00f6ll des Haardtgebirges gebildet. Die Besonnungszeiten sind dank der Exposition lang und gut \u00fcber den tag verteilt. Die Gro\u00dfen Gew\u00e4chse aus der Lage entstammen kleineren Parzellen, die n\u00e4her am Waldrand liegen und k\u00fchler sind. Die Reben dort wurden 1992 gepflanzt. Die spontane G\u00e4rung und der Ausbau finden sowohl in gro\u00dfen, neutralen Holzf\u00e4ssern als auch im Edelstahltank statt. <\/p>\n<h5>Farbe<\/h5>\n<p> Leuchtendes Strohgelb mit hellen und gr\u00fcnen Reflexen <\/p>\n<h5>Nase<\/h5>\n<p> Der Riesling aus der Lage Reiterpfad in Ruppertsberg duftet herrlich nach Buntsandstein und Steinobst. Er riecht nach Pfalz sowie einem geradlinigen und k\u00fchlen Typus Riesling. Wei\u00dfer Pfirsich, Nashi-Birne und Aprikose sind dabei hervorzuheben. Ein Hauch wei\u00dfe Johannisbeere und fast unreife Himbeere treten in Erscheinung. Unterlegt wird die Frucht von kaltem Rauch und feuchtem Gestein. Linear und geradlinig. Kreidig und puristisch. Brennnessel, Kaffir-Limettenbl\u00e4tter sowie der Abrieb von Bergamotte kommen hinzu. Melisse, Zitronenthymian und Koriander sorgen f\u00fcr die n\u00f6tige Frische. Saat von Fenchel sowie Kerbel unterstreichen diese sehr gelungen. <\/p>\n<h5>Gaumen<\/h5>\n<p> Am Gaumen baut er sich dich und satt auf. Er ist gro\u00dfz\u00fcgig und ausladend. Die Fruchtkonzentration vermittelt keine Schwere, daf\u00fcr intensive Frucht. Kernig, markant, knackig und herb. Die Bitterstoffe bleiben dabei elementar. Er sorgt f\u00fcr hohe Trinkanimation. Er b\u00fcndelt die Frucht zart und hell in einem filigranen Strahl. Innerhalb dieses Kontexts kann durchaus Druck aufgebaut werden. Voller Finesse zieht er schnurstracks bis zum Nachhall durch. Dort erst treten die herbalen Aromen der Nase wieder in Erscheinung. Und dort in intensiver Form\u2026. <\/p>\n<p>Copyright Vinaturel 2025<\/p>\n<p>Keywords: <a href=\"https:\/\/wein-werte.com\/de\/shop\/?swoof=1&#038;pa_producer=Christmann\">Christmann<\/a> <a href=\"https:\/\/wein-werte.com\/de\/shop\/?swoof=1&#038;woof_text=Ruppertsberger Reiterpfad Riesling VDP Erste Lage\">Ruppertsberger Reiterpfad Riesling VDP Erste Lage<\/a> 2023 bio <a href=\"https:\/\/wein-werte.com\/de\/shop\/?swoof=1&#038;pa_region=Pfalz\">Pfalz<\/a> <a href=\"https:\/\/wein-werte.com\/de\/shop\/?swoof=1&#038;pa_country=Deutschland\">Deutschland<\/a><\/p>\n<h3>Wine Advocate<\/h3>\n<p>Punkte: 92+<\/p>\n<p>Der Ruppertsberger Reiterpfad Riesling VDP.Erste Lage 2023 ist in der Nase noch recht reduktiv, aber tiefgr\u00fcndig und intensiv und basiert auf reifen, intensiven Fr\u00fcchten. Angebaut auf verwitterten Sandsteinb\u00f6den, ist dieser Riesling rund und strukturiert. Der malolaktische G\u00e4rungsprozess hat ihm eine ausgepr\u00e4gte Textur verliehen und zeichnet sich eher durch seine feinen Tannine als durch die zarte, gut integrierte S\u00e4ure aus. 12 % Alkoholgehalt. 30 Korken. Verkostung im Januar 2024 im Weingut.<br \/>Stephan Reinhardt<\/p>\n<h3>Vinous<\/h3>\n<p>Punkte: 93<\/p>\n<p>Der Riesling Ruppertsberger Reiterpfad Erste Lage 2023 besticht durch seine zarte Cremigkeit in der Nase und cremige Steinobstnoten am Gaumen, darunter reifer, geschmeidiger wei\u00dfer Pfirsich und helle Reine-Claude-Pflaume. Die Aromen vereinen sich wunderbar zart am Gaumen, aber mit einer steinigen Textur, die durch zartes Holz geschmeidig gemacht wird. (Knochentrocken) \u2013 Anne Krebiehl MW<br \/>Trinkfenster: 2028\u20132050<br \/>Testdatum: September 2024<\/p>\n<p>Internetseite des Weinguts: <a href=\"https:\/\/weingut-christmann.de\/en\/\" target=\"_blank\">https:\/\/weingut-christmann.de\/en\/<\/a><\/p>\n","protected":false},"excerpt":{"rendered":"<p>Lieferzeit: 1 bis 2 Arbeitstage (DE), 2 bis 5 Arbeitstage (EU and CH)<\/p>\n","protected":false},"featured_media":1141920,"template":"","meta":[],"product_brand":[],"product_cat":[19],"product_tag":[],"class_list":{"0":"post-1130892","1":"product","2":"type-product","3":"status-publish","4":"has-post-thumbnail","6":"product_cat-unkategorisiert","7":"pa_alcohol-for-filter-12893","8":"pa_certified-biodynamic-ja-de","9":"pa_certified-organic-ja-de","10":"pa_colour-weiss","11":"pa_country-deutschland","12":"pa_grape-riesling","13":"pa_parker-points-for-filter-92-de","14":"pa_price-for-filter-10611","15":"pa_producer-christmann","16":"pa_region-pfalz","17":"pa_size-ml-6584","18":"pa_sweetness-trocken-de","19":"pa_type-2-still-de","20":"pa_vinous-points-for-filter-20031","21":"pa_vintage-2023-de","22":"entry","23":"has-media","25":"first","26":"instock","27":"taxable","28":"shipping-taxable","29":"purchasable","30":"product-type-simple"},"yoast_head":"<!-- This site is optimized with the Yoast SEO plugin v27.5 - https:\/\/yoast.com\/product\/yoast-seo-wordpress\/ -->\n<title>Christmann Ruppertsberger Reiterpfad Riesling 2023<\/title>\n<meta name=\"description\" content=\"Kaufe Christmann Ruppertsberger Reiterpfad Riesling 2023 (Riesling, trocken aus Pfalz, Deutschland) bei Wein Werte, Ihrem nachhaltigen Onlineshop.\" \/>\n<meta name=\"robots\" content=\"index, follow, max-snippet:-1, max-image-preview:large, max-video-preview:-1\" \/>\n<link rel=\"canonical\" href=\"https:\/\/wein-werte.com\/de\/produkt\/christmann-ruppertsberger-reiterpfad-riesling-2023-750ml\/\" \/>\n<meta property=\"og:locale\" content=\"de_DE\" \/>\n<meta property=\"og:type\" content=\"article\" \/>\n<meta property=\"og:title\" content=\"Christmann Ruppertsberger Reiterpfad Riesling 2023\" \/>\n<meta property=\"og:description\" content=\"Kaufe Christmann Ruppertsberger Reiterpfad Riesling 2023 (Riesling, trocken aus Pfalz, Deutschland) bei Wein Werte, Ihrem nachhaltigen Onlineshop.\" \/>\n<meta property=\"og:url\" content=\"https:\/\/wein-werte.com\/de\/produkt\/christmann-ruppertsberger-reiterpfad-riesling-2023-750ml\/\" \/>\n<meta property=\"og:site_name\" content=\"Wein Werte\" \/>\n<meta property=\"og:image\" content=\"https:\/\/wein-werte.com\/wp-content\/uploads\/2026\/04\/Christmann-Ruppertsberger-Reiterpfad-Riesling-2023-750ml.png\" \/>\n\t<meta property=\"og:image:width\" content=\"253\" \/>\n\t<meta property=\"og:image:height\" content=\"1200\" \/>\n\t<meta property=\"og:image:type\" content=\"image\/png\" \/>\n<meta name=\"twitter:card\" content=\"summary_large_image\" \/>\n<meta name=\"twitter:label1\" content=\"Gesch\u00e4tzte Lesezeit\" \/>\n\t<meta name=\"twitter:data1\" content=\"3\u00a0Minuten\" \/>\n<script type=\"application\/ld+json\" class=\"yoast-schema-graph\">{\"@context\":\"https:\\\/\\\/schema.org\",\"@graph\":[{\"@type\":\"WebPage\",\"@id\":\"https:\\\/\\\/wein-werte.com\\\/de\\\/produkt\\\/christmann-ruppertsberger-reiterpfad-riesling-2023-750ml\\\/\",\"url\":\"https:\\\/\\\/wein-werte.com\\\/de\\\/produkt\\\/christmann-ruppertsberger-reiterpfad-riesling-2023-750ml\\\/\",\"name\":\"Christmann Ruppertsberger Reiterpfad Riesling 2023\",\"isPartOf\":{\"@id\":\"https:\\\/\\\/wein-werte.com\\\/de\\\/#website\"},\"primaryImageOfPage\":{\"@id\":\"https:\\\/\\\/wein-werte.com\\\/de\\\/produkt\\\/christmann-ruppertsberger-reiterpfad-riesling-2023-750ml\\\/#primaryimage\"},\"image\":{\"@id\":\"https:\\\/\\\/wein-werte.com\\\/de\\\/produkt\\\/christmann-ruppertsberger-reiterpfad-riesling-2023-750ml\\\/#primaryimage\"},\"thumbnailUrl\":\"https:\\\/\\\/wein-werte.com\\\/wp-content\\\/uploads\\\/2026\\\/04\\\/Christmann-Ruppertsberger-Reiterpfad-Riesling-2023-750ml.png\",\"datePublished\":\"2026-05-05T16:22:53+00:00\",\"description\":\"Kaufe Christmann Ruppertsberger Reiterpfad Riesling 2023 (Riesling, trocken aus Pfalz, Deutschland) bei Wein Werte, Ihrem nachhaltigen Onlineshop.\",\"breadcrumb\":{\"@id\":\"https:\\\/\\\/wein-werte.com\\\/de\\\/produkt\\\/christmann-ruppertsberger-reiterpfad-riesling-2023-750ml\\\/#breadcrumb\"},\"inLanguage\":\"de\",\"potentialAction\":[{\"@type\":\"ReadAction\",\"target\":[\"https:\\\/\\\/wein-werte.com\\\/de\\\/produkt\\\/christmann-ruppertsberger-reiterpfad-riesling-2023-750ml\\\/\"]}]},{\"@type\":\"ImageObject\",\"inLanguage\":\"de\",\"@id\":\"https:\\\/\\\/wein-werte.com\\\/de\\\/produkt\\\/christmann-ruppertsberger-reiterpfad-riesling-2023-750ml\\\/#primaryimage\",\"url\":\"https:\\\/\\\/wein-werte.com\\\/wp-content\\\/uploads\\\/2026\\\/04\\\/Christmann-Ruppertsberger-Reiterpfad-Riesling-2023-750ml.png\",\"contentUrl\":\"https:\\\/\\\/wein-werte.com\\\/wp-content\\\/uploads\\\/2026\\\/04\\\/Christmann-Ruppertsberger-Reiterpfad-Riesling-2023-750ml.png\",\"width\":253,\"height\":1200,\"caption\":\"Christmann Ruppertsberger Reiterpfad Riesling VDP Erste Lage 2023 750ml\"},{\"@type\":\"BreadcrumbList\",\"@id\":\"https:\\\/\\\/wein-werte.com\\\/de\\\/produkt\\\/christmann-ruppertsberger-reiterpfad-riesling-2023-750ml\\\/#breadcrumb\",\"itemListElement\":[{\"@type\":\"ListItem\",\"position\":1,\"name\":\"Home\",\"item\":\"https:\\\/\\\/wein-werte.com\\\/de\\\/\"},{\"@type\":\"ListItem\",\"position\":2,\"name\":\"Shop\",\"item\":\"https:\\\/\\\/wein-werte.com\\\/de\\\/shop\\\/\"},{\"@type\":\"ListItem\",\"position\":3,\"name\":\"Christmann | Pfalz | Ruppertsberger Reiterpfad Riesling VDP Erste Lage | 2023 | 750ml | bio\"}]},{\"@type\":\"WebSite\",\"@id\":\"https:\\\/\\\/wein-werte.com\\\/de\\\/#website\",\"url\":\"https:\\\/\\\/wein-werte.com\\\/de\\\/\",\"name\":\"Wein Werte\",\"description\":\"\",\"publisher\":{\"@id\":\"https:\\\/\\\/wein-werte.com\\\/de\\\/#organization\"},\"potentialAction\":[{\"@type\":\"SearchAction\",\"target\":{\"@type\":\"EntryPoint\",\"urlTemplate\":\"https:\\\/\\\/wein-werte.com\\\/de\\\/?s={search_term_string}\"},\"query-input\":{\"@type\":\"PropertyValueSpecification\",\"valueRequired\":true,\"valueName\":\"search_term_string\"}}],\"inLanguage\":\"de\"},{\"@type\":\"Organization\",\"@id\":\"https:\\\/\\\/wein-werte.com\\\/de\\\/#organization\",\"name\":\"Vins Fins Thorrold\",\"url\":\"https:\\\/\\\/wein-werte.com\\\/de\\\/\",\"logo\":{\"@type\":\"ImageObject\",\"inLanguage\":\"de\",\"@id\":\"https:\\\/\\\/wein-werte.com\\\/de\\\/#\\\/schema\\\/logo\\\/image\\\/\",\"url\":\"https:\\\/\\\/wein-werte.com\\\/wp-content\\\/uploads\\\/2023\\\/07\\\/Wein_werte_Logo700-1.png\",\"contentUrl\":\"https:\\\/\\\/wein-werte.com\\\/wp-content\\\/uploads\\\/2023\\\/07\\\/Wein_werte_Logo700-1.png\",\"width\":700,\"height\":272,\"caption\":\"Vins Fins Thorrold\"},\"image\":{\"@id\":\"https:\\\/\\\/wein-werte.com\\\/de\\\/#\\\/schema\\\/logo\\\/image\\\/\"}}]}<\/script>\n<!-- \/ Yoast SEO plugin. -->","yoast_head_json":{"title":"Christmann Ruppertsberger Reiterpfad Riesling 2023","description":"Kaufe Christmann Ruppertsberger Reiterpfad Riesling 2023 (Riesling, trocken aus Pfalz, Deutschland) bei Wein Werte, Ihrem nachhaltigen Onlineshop.","robots":{"index":"index","follow":"follow","max-snippet":"max-snippet:-1","max-image-preview":"max-image-preview:large","max-video-preview":"max-video-preview:-1"},"canonical":"https:\/\/wein-werte.com\/de\/produkt\/christmann-ruppertsberger-reiterpfad-riesling-2023-750ml\/","og_locale":"de_DE","og_type":"article","og_title":"Christmann Ruppertsberger Reiterpfad Riesling 2023","og_description":"Kaufe Christmann Ruppertsberger Reiterpfad Riesling 2023 (Riesling, trocken aus Pfalz, Deutschland) bei Wein Werte, Ihrem nachhaltigen Onlineshop.","og_url":"https:\/\/wein-werte.com\/de\/produkt\/christmann-ruppertsberger-reiterpfad-riesling-2023-750ml\/","og_site_name":"Wein Werte","og_image":[{"width":253,"height":1200,"url":"https:\/\/wein-werte.com\/wp-content\/uploads\/2026\/04\/Christmann-Ruppertsberger-Reiterpfad-Riesling-2023-750ml.png","type":"image\/png"}],"twitter_card":"summary_large_image","twitter_misc":{"Gesch\u00e4tzte Lesezeit":"3\u00a0Minuten"},"schema":{"@context":"https:\/\/schema.org","@graph":[{"@type":"WebPage","@id":"https:\/\/wein-werte.com\/de\/produkt\/christmann-ruppertsberger-reiterpfad-riesling-2023-750ml\/","url":"https:\/\/wein-werte.com\/de\/produkt\/christmann-ruppertsberger-reiterpfad-riesling-2023-750ml\/","name":"Christmann Ruppertsberger Reiterpfad Riesling 2023","isPartOf":{"@id":"https:\/\/wein-werte.com\/de\/#website"},"primaryImageOfPage":{"@id":"https:\/\/wein-werte.com\/de\/produkt\/christmann-ruppertsberger-reiterpfad-riesling-2023-750ml\/#primaryimage"},"image":{"@id":"https:\/\/wein-werte.com\/de\/produkt\/christmann-ruppertsberger-reiterpfad-riesling-2023-750ml\/#primaryimage"},"thumbnailUrl":"https:\/\/wein-werte.com\/wp-content\/uploads\/2026\/04\/Christmann-Ruppertsberger-Reiterpfad-Riesling-2023-750ml.png","datePublished":"2026-05-05T16:22:53+00:00","description":"Kaufe Christmann Ruppertsberger Reiterpfad Riesling 2023 (Riesling, trocken aus Pfalz, Deutschland) bei Wein Werte, Ihrem nachhaltigen Onlineshop.","breadcrumb":{"@id":"https:\/\/wein-werte.com\/de\/produkt\/christmann-ruppertsberger-reiterpfad-riesling-2023-750ml\/#breadcrumb"},"inLanguage":"de","potentialAction":[{"@type":"ReadAction","target":["https:\/\/wein-werte.com\/de\/produkt\/christmann-ruppertsberger-reiterpfad-riesling-2023-750ml\/"]}]},{"@type":"ImageObject","inLanguage":"de","@id":"https:\/\/wein-werte.com\/de\/produkt\/christmann-ruppertsberger-reiterpfad-riesling-2023-750ml\/#primaryimage","url":"https:\/\/wein-werte.com\/wp-content\/uploads\/2026\/04\/Christmann-Ruppertsberger-Reiterpfad-Riesling-2023-750ml.png","contentUrl":"https:\/\/wein-werte.com\/wp-content\/uploads\/2026\/04\/Christmann-Ruppertsberger-Reiterpfad-Riesling-2023-750ml.png","width":253,"height":1200,"caption":"Christmann Ruppertsberger Reiterpfad Riesling VDP Erste Lage 2023 750ml"},{"@type":"BreadcrumbList","@id":"https:\/\/wein-werte.com\/de\/produkt\/christmann-ruppertsberger-reiterpfad-riesling-2023-750ml\/#breadcrumb","itemListElement":[{"@type":"ListItem","position":1,"name":"Home","item":"https:\/\/wein-werte.com\/de\/"},{"@type":"ListItem","position":2,"name":"Shop","item":"https:\/\/wein-werte.com\/de\/shop\/"},{"@type":"ListItem","position":3,"name":"Christmann | Pfalz | Ruppertsberger Reiterpfad Riesling VDP Erste Lage | 2023 | 750ml | bio"}]},{"@type":"WebSite","@id":"https:\/\/wein-werte.com\/de\/#website","url":"https:\/\/wein-werte.com\/de\/","name":"Wein Werte","description":"","publisher":{"@id":"https:\/\/wein-werte.com\/de\/#organization"},"potentialAction":[{"@type":"SearchAction","target":{"@type":"EntryPoint","urlTemplate":"https:\/\/wein-werte.com\/de\/?s={search_term_string}"},"query-input":{"@type":"PropertyValueSpecification","valueRequired":true,"valueName":"search_term_string"}}],"inLanguage":"de"},{"@type":"Organization","@id":"https:\/\/wein-werte.com\/de\/#organization","name":"Vins Fins Thorrold","url":"https:\/\/wein-werte.com\/de\/","logo":{"@type":"ImageObject","inLanguage":"de","@id":"https:\/\/wein-werte.com\/de\/#\/schema\/logo\/image\/","url":"https:\/\/wein-werte.com\/wp-content\/uploads\/2023\/07\/Wein_werte_Logo700-1.png","contentUrl":"https:\/\/wein-werte.com\/wp-content\/uploads\/2023\/07\/Wein_werte_Logo700-1.png","width":700,"height":272,"caption":"Vins Fins Thorrold"},"image":{"@id":"https:\/\/wein-werte.com\/de\/#\/schema\/logo\/image\/"}}]}},"_links":{"self":[{"href":"https:\/\/wein-werte.com\/de\/wp-json\/wp\/v2\/product\/1130892","targetHints":{"allow":["GET"]}}],"collection":[{"href":"https:\/\/wein-werte.com\/de\/wp-json\/wp\/v2\/product"}],"about":[{"href":"https:\/\/wein-werte.com\/de\/wp-json\/wp\/v2\/types\/product"}],"wp:featuredmedia":[{"embeddable":true,"href":"https:\/\/wein-werte.com\/de\/wp-json\/wp\/v2\/media\/1141920"}],"wp:attachment":[{"href":"https:\/\/wein-werte.com\/de\/wp-json\/wp\/v2\/media?parent=1130892"}],"wp:term":[{"taxonomy":"product_brand","embeddable":true,"href":"https:\/\/wein-werte.com\/de\/wp-json\/wp\/v2\/product_brand?post=1130892"},{"taxonomy":"product_cat","embeddable":true,"href":"https:\/\/wein-werte.com\/de\/wp-json\/wp\/v2\/product_cat?post=1130892"},{"taxonomy":"product_tag","embeddable":true,"href":"https:\/\/wein-werte.com\/de\/wp-json\/wp\/v2\/product_tag?post=1130892"}],"curies":[{"name":"wp","href":"https:\/\/api.w.org\/{rel}","templated":true}]}}