{"id":1130882,"date":"2026-05-05T18:22:51","date_gmt":"2026-05-05T16:22:51","guid":{"rendered":"https:\/\/wein-werte.com\/product\/christmann-idig-konigsbach-spatburgunder-gg-2021-750ml\/"},"modified":"2026-04-27T11:46:35","modified_gmt":"2026-04-27T09:46:35","slug":"christmann-idig-konigsbach-spatburgunder-gg-2021-750ml","status":"publish","type":"product","link":"https:\/\/wein-werte.com\/de\/produkt\/christmann-idig-konigsbach-spatburgunder-gg-2021-750ml\/","title":{"rendered":"Christmann | Pfalz | IDIG K\u00f6nigsbach Sp\u00e4tburgunder GG VDP Grosse Lage | 2021 | 750ml | bio"},"content":{"rendered":"<p>Produktbeschreibung f\u00fcr Christmann IDIG K\u00f6nigsbach Sp\u00e4tburgunder GG VDP Grosse Lage 2021 (bio) <\/p>\n<h5>I<\/h5>\n<h5>nfo<\/h5>\n<p> Satte 3,9ha der 6,5ha umfassenden Lage geh\u00f6ren Familie Christmann. Die Sp\u00e4tburgunder-St\u00f6cke wurden 1977 und 2008 gepflanzt. Der Sp\u00e4tburgunder w\u00e4chst im oberen Teil des Idig. 2008 wurde mit einem franz\u00f6sischen Klon aus einer Selektion Massale erg\u00e4nzt. Der Idig ruht auf einem Kalkfelsmassiv aus dem Terti\u00e4r. Der Oberboden besteht aus Terra fusca, der aus Kalk und Ton entstanden ist. Man findet darin aber auch Kalksteine und Basaltaus dem Forster Pechsteinkopf, einem Ur-Vulkan. Die Familie von Buhl aus Deidesheim, fr\u00fcherer Besitzer dieser Parzellen im Idig hat vor 150 Jahren Basaltsteine dorthin bringen lassen. Gelesen wurde am 18. Und 19. September 2021. Spontan vergoren bei 10% ganzen Trauben. Im Barrique wurde der Wein ausgebaut bi sin den Februar 2023. Im Mai dann schlie\u00dflich abgef\u00fcllt. 10% der F\u00e4sser waren Erstbelegung. <\/p>\n<h5>Farbe<\/h5>\n<p> Leuchtendes Kirschrot mit dunklem Kern und hellerem Rand <\/p>\n<h5>Nase<\/h5>\n<p> Der Sp\u00e4tburgunder aus der VDP. Gro\u00dfe Lage Idig in K\u00f6nigsbach ist eine Wucht. Er zeigt sich in dunkelster Form und wirkt enorm anziehend. Seine Gr\u00f6\u00dfe und Eleganz sind ab dem ersten Moment auszumachen. Pflaume, Schattenmorelle und S\u00fc\u00dfkirsche geben den Takt vor. Ebenso lassen sich Himbeere, Brombeere und die erdige, s\u00fc\u00dfe Rote Bete entdecken. Seien Frucht scheint in ein Seidenpapier geh\u00fcllt zu sein. Der Duft von hellen und dunkelroten bis schwarzen Bl\u00fcten liegt in der Luft. Etwas Zedernholz, Waldboden und Moos sorgen f\u00fcr intensive Aromen. Diese werden auch von Wacholder, schwarzem Pfeffer und Kardamom gest\u00fctzt. Koriandersaat sowie auch Kerbel, Salbei und Rosmarin setzen dagegen vitalisierende Kr\u00e4uternuancen ab. Mit einem dezent nussigen Aroma von Mandel und Walnuss scheint er nicht enden zu wollen. Man f\u00e4ngt am besten wieder von vorne an. <\/p>\n<h5>Gaumen<\/h5>\n<p> Er verbindet ihm Antrunk seine Gr\u00f6\u00dfe mit viel Leichtigkeit und Finesse. Dunkel und w\u00fcrzig baut er sich auf. Jedoch ist er auch gepr\u00e4gt von einer straffen S\u00e4ure, von einer Kernigkeit, gro\u00dfer Adstringenz und damit Trinkanimation sowie Frische. Mit hohem Trinktempo leert sich so mein Glas, so dass ich prompt nachschenken muss. Trotz seiner kompakten S\u00e4ure, die sehr druckvoll daherkommt, flie\u00dft er seidig und elegant \u00fcber die Lippen. Jeder Tropfen ist ein Genuss und voller Intensit\u00e4t bei einer gewissen Dichte an Textur und Aromen. W\u00fcrze, Frucht, Erdigkeit, S\u00e4ure, Bitterstoffe stehen in perfekter Harmonie zueinander. Sein feines Tannin sorgt f\u00fcr sehr animierende Bitterstoffe, die gemeinsam mit seiner erdigen, herben Frucht sehr animierend wirken. Minutenlang wirkt er nach, er scheint nie enden zu wollen. Schlicht ein gro\u00dfer Wein, der die Finesse eines k\u00fchlen Jahrgangs tr\u00e4gt. Diese K\u00fchle dr\u00fcckt sich auch in seinem schlanken Auftritt aus.<\/p>\n<p>Copyright Vinaturel 2025<\/p>\n<p>Keywords: <a href=\"https:\/\/wein-werte.com\/de\/shop\/?swoof=1&#038;pa_producer=Christmann\">Christmann<\/a> <a href=\"https:\/\/wein-werte.com\/de\/shop\/?swoof=1&#038;woof_text=IDIG K\u00f6nigsbach Sp\u00e4tburgunder GG VDP Grosse Lage\">IDIG K\u00f6nigsbach Sp\u00e4tburgunder GG VDP Grosse Lage<\/a> 2021 bio <a href=\"https:\/\/wein-werte.com\/de\/shop\/?swoof=1&#038;pa_region=Pfalz\">Pfalz<\/a> <a href=\"https:\/\/wein-werte.com\/de\/shop\/?swoof=1&#038;pa_country=Deutschland\">Deutschland<\/a><\/p>\n<p>Internetseite des Weinguts: <a href=\"https:\/\/weingut-christmann.de\/en\/\" target=\"_blank\">https:\/\/weingut-christmann.de\/en\/<\/a><\/p>\n","protected":false},"excerpt":{"rendered":"<p>Lieferzeit: 1 bis 2 Arbeitstage (DE), 2 bis 5 Arbeitstage (EU and CH)<\/p>\n","protected":false},"featured_media":1141912,"template":"","meta":[],"product_brand":[],"product_cat":[19],"product_tag":[],"class_list":{"0":"post-1130882","1":"product","2":"type-product","3":"status-publish","4":"has-post-thumbnail","6":"product_cat-unkategorisiert","7":"pa_alcohol-for-filter-12897","8":"pa_certified-biodynamic-ja-de","9":"pa_certified-organic-ja-de","10":"pa_colour-rot","11":"pa_country-deutschland","12":"pa_grape-pinot-noir-spatburgunder","13":"pa_price-for-filter-10686","14":"pa_producer-christmann","15":"pa_region-pfalz","16":"pa_size-ml-6584","17":"pa_sweetness-trocken-de","18":"pa_type-2-still-de","19":"pa_vintage-2021-de","20":"entry","21":"has-media","23":"first","24":"instock","25":"taxable","26":"shipping-taxable","27":"purchasable","28":"product-type-simple"},"yoast_head":"<!-- This site is optimized with the Yoast SEO plugin v27.5 - https:\/\/yoast.com\/product\/yoast-seo-wordpress\/ -->\n<title>Christmann IDIG K\u00f6nigsbach Sp\u00e4tburgunder GG 2021<\/title>\n<meta name=\"description\" content=\"Kaufe Christmann IDIG K\u00f6nigsbach Sp\u00e4tburgunder GG 2021 (Pinot Noir, trocken aus Pfalz, Deutschland) bei Wein Werte, Ihrem nachhaltigen Onlineshop.\" \/>\n<meta name=\"robots\" content=\"index, follow, max-snippet:-1, max-image-preview:large, max-video-preview:-1\" \/>\n<link rel=\"canonical\" href=\"https:\/\/wein-werte.com\/de\/produkt\/christmann-idig-konigsbach-spatburgunder-gg-2021-750ml\/\" \/>\n<meta property=\"og:locale\" content=\"de_DE\" \/>\n<meta property=\"og:type\" content=\"article\" \/>\n<meta property=\"og:title\" content=\"Christmann IDIG K\u00f6nigsbach Sp\u00e4tburgunder GG 2021\" \/>\n<meta property=\"og:description\" content=\"Kaufe Christmann IDIG K\u00f6nigsbach Sp\u00e4tburgunder GG 2021 (Pinot Noir, trocken aus Pfalz, Deutschland) bei Wein Werte, Ihrem nachhaltigen Onlineshop.\" \/>\n<meta property=\"og:url\" content=\"https:\/\/wein-werte.com\/de\/produkt\/christmann-idig-konigsbach-spatburgunder-gg-2021-750ml\/\" \/>\n<meta property=\"og:site_name\" content=\"Wein Werte\" \/>\n<meta property=\"og:image\" content=\"https:\/\/wein-werte.com\/wp-content\/uploads\/2026\/04\/Christmann-IDIG-Konigsbach-Spatburgunder-GG-2021-750ml.png\" \/>\n\t<meta property=\"og:image:width\" content=\"323\" \/>\n\t<meta property=\"og:image:height\" content=\"1200\" \/>\n\t<meta property=\"og:image:type\" content=\"image\/png\" \/>\n<meta name=\"twitter:card\" content=\"summary_large_image\" \/>\n<meta name=\"twitter:label1\" content=\"Gesch\u00e4tzte Lesezeit\" \/>\n\t<meta name=\"twitter:data1\" content=\"2\u00a0Minuten\" \/>\n<script type=\"application\/ld+json\" class=\"yoast-schema-graph\">{\"@context\":\"https:\\\/\\\/schema.org\",\"@graph\":[{\"@type\":\"WebPage\",\"@id\":\"https:\\\/\\\/wein-werte.com\\\/de\\\/produkt\\\/christmann-idig-konigsbach-spatburgunder-gg-2021-750ml\\\/\",\"url\":\"https:\\\/\\\/wein-werte.com\\\/de\\\/produkt\\\/christmann-idig-konigsbach-spatburgunder-gg-2021-750ml\\\/\",\"name\":\"Christmann IDIG K\u00f6nigsbach Sp\u00e4tburgunder GG 2021\",\"isPartOf\":{\"@id\":\"https:\\\/\\\/wein-werte.com\\\/de\\\/#website\"},\"primaryImageOfPage\":{\"@id\":\"https:\\\/\\\/wein-werte.com\\\/de\\\/produkt\\\/christmann-idig-konigsbach-spatburgunder-gg-2021-750ml\\\/#primaryimage\"},\"image\":{\"@id\":\"https:\\\/\\\/wein-werte.com\\\/de\\\/produkt\\\/christmann-idig-konigsbach-spatburgunder-gg-2021-750ml\\\/#primaryimage\"},\"thumbnailUrl\":\"https:\\\/\\\/wein-werte.com\\\/wp-content\\\/uploads\\\/2026\\\/04\\\/Christmann-IDIG-Konigsbach-Spatburgunder-GG-2021-750ml.png\",\"datePublished\":\"2026-05-05T16:22:51+00:00\",\"description\":\"Kaufe Christmann IDIG K\u00f6nigsbach Sp\u00e4tburgunder GG 2021 (Pinot Noir, trocken aus Pfalz, Deutschland) bei Wein Werte, Ihrem nachhaltigen Onlineshop.\",\"breadcrumb\":{\"@id\":\"https:\\\/\\\/wein-werte.com\\\/de\\\/produkt\\\/christmann-idig-konigsbach-spatburgunder-gg-2021-750ml\\\/#breadcrumb\"},\"inLanguage\":\"de\",\"potentialAction\":[{\"@type\":\"ReadAction\",\"target\":[\"https:\\\/\\\/wein-werte.com\\\/de\\\/produkt\\\/christmann-idig-konigsbach-spatburgunder-gg-2021-750ml\\\/\"]}]},{\"@type\":\"ImageObject\",\"inLanguage\":\"de\",\"@id\":\"https:\\\/\\\/wein-werte.com\\\/de\\\/produkt\\\/christmann-idig-konigsbach-spatburgunder-gg-2021-750ml\\\/#primaryimage\",\"url\":\"https:\\\/\\\/wein-werte.com\\\/wp-content\\\/uploads\\\/2026\\\/04\\\/Christmann-IDIG-Konigsbach-Spatburgunder-GG-2021-750ml.png\",\"contentUrl\":\"https:\\\/\\\/wein-werte.com\\\/wp-content\\\/uploads\\\/2026\\\/04\\\/Christmann-IDIG-Konigsbach-Spatburgunder-GG-2021-750ml.png\",\"width\":323,\"height\":1200,\"caption\":\"Christmann IDIG K\u00f6nigsbach Sp\u00e4tburgunder GG VDP Grosse Lage 2021 750ml\"},{\"@type\":\"BreadcrumbList\",\"@id\":\"https:\\\/\\\/wein-werte.com\\\/de\\\/produkt\\\/christmann-idig-konigsbach-spatburgunder-gg-2021-750ml\\\/#breadcrumb\",\"itemListElement\":[{\"@type\":\"ListItem\",\"position\":1,\"name\":\"Home\",\"item\":\"https:\\\/\\\/wein-werte.com\\\/de\\\/\"},{\"@type\":\"ListItem\",\"position\":2,\"name\":\"Shop\",\"item\":\"https:\\\/\\\/wein-werte.com\\\/de\\\/shop\\\/\"},{\"@type\":\"ListItem\",\"position\":3,\"name\":\"Christmann | Pfalz | IDIG K\u00f6nigsbach Sp\u00e4tburgunder GG VDP Grosse Lage | 2021 | 750ml | bio\"}]},{\"@type\":\"WebSite\",\"@id\":\"https:\\\/\\\/wein-werte.com\\\/de\\\/#website\",\"url\":\"https:\\\/\\\/wein-werte.com\\\/de\\\/\",\"name\":\"Wein Werte\",\"description\":\"\",\"publisher\":{\"@id\":\"https:\\\/\\\/wein-werte.com\\\/de\\\/#organization\"},\"potentialAction\":[{\"@type\":\"SearchAction\",\"target\":{\"@type\":\"EntryPoint\",\"urlTemplate\":\"https:\\\/\\\/wein-werte.com\\\/de\\\/?s={search_term_string}\"},\"query-input\":{\"@type\":\"PropertyValueSpecification\",\"valueRequired\":true,\"valueName\":\"search_term_string\"}}],\"inLanguage\":\"de\"},{\"@type\":\"Organization\",\"@id\":\"https:\\\/\\\/wein-werte.com\\\/de\\\/#organization\",\"name\":\"Vins Fins Thorrold\",\"url\":\"https:\\\/\\\/wein-werte.com\\\/de\\\/\",\"logo\":{\"@type\":\"ImageObject\",\"inLanguage\":\"de\",\"@id\":\"https:\\\/\\\/wein-werte.com\\\/de\\\/#\\\/schema\\\/logo\\\/image\\\/\",\"url\":\"https:\\\/\\\/wein-werte.com\\\/wp-content\\\/uploads\\\/2023\\\/07\\\/Wein_werte_Logo700-1.png\",\"contentUrl\":\"https:\\\/\\\/wein-werte.com\\\/wp-content\\\/uploads\\\/2023\\\/07\\\/Wein_werte_Logo700-1.png\",\"width\":700,\"height\":272,\"caption\":\"Vins Fins Thorrold\"},\"image\":{\"@id\":\"https:\\\/\\\/wein-werte.com\\\/de\\\/#\\\/schema\\\/logo\\\/image\\\/\"}}]}<\/script>\n<!-- \/ Yoast SEO plugin. -->","yoast_head_json":{"title":"Christmann IDIG K\u00f6nigsbach Sp\u00e4tburgunder GG 2021","description":"Kaufe Christmann IDIG K\u00f6nigsbach Sp\u00e4tburgunder GG 2021 (Pinot Noir, trocken aus Pfalz, Deutschland) bei Wein Werte, Ihrem nachhaltigen Onlineshop.","robots":{"index":"index","follow":"follow","max-snippet":"max-snippet:-1","max-image-preview":"max-image-preview:large","max-video-preview":"max-video-preview:-1"},"canonical":"https:\/\/wein-werte.com\/de\/produkt\/christmann-idig-konigsbach-spatburgunder-gg-2021-750ml\/","og_locale":"de_DE","og_type":"article","og_title":"Christmann IDIG K\u00f6nigsbach Sp\u00e4tburgunder GG 2021","og_description":"Kaufe Christmann IDIG K\u00f6nigsbach Sp\u00e4tburgunder GG 2021 (Pinot Noir, trocken aus Pfalz, Deutschland) bei Wein Werte, Ihrem nachhaltigen Onlineshop.","og_url":"https:\/\/wein-werte.com\/de\/produkt\/christmann-idig-konigsbach-spatburgunder-gg-2021-750ml\/","og_site_name":"Wein Werte","og_image":[{"width":323,"height":1200,"url":"https:\/\/wein-werte.com\/wp-content\/uploads\/2026\/04\/Christmann-IDIG-Konigsbach-Spatburgunder-GG-2021-750ml.png","type":"image\/png"}],"twitter_card":"summary_large_image","twitter_misc":{"Gesch\u00e4tzte Lesezeit":"2\u00a0Minuten"},"schema":{"@context":"https:\/\/schema.org","@graph":[{"@type":"WebPage","@id":"https:\/\/wein-werte.com\/de\/produkt\/christmann-idig-konigsbach-spatburgunder-gg-2021-750ml\/","url":"https:\/\/wein-werte.com\/de\/produkt\/christmann-idig-konigsbach-spatburgunder-gg-2021-750ml\/","name":"Christmann IDIG K\u00f6nigsbach Sp\u00e4tburgunder GG 2021","isPartOf":{"@id":"https:\/\/wein-werte.com\/de\/#website"},"primaryImageOfPage":{"@id":"https:\/\/wein-werte.com\/de\/produkt\/christmann-idig-konigsbach-spatburgunder-gg-2021-750ml\/#primaryimage"},"image":{"@id":"https:\/\/wein-werte.com\/de\/produkt\/christmann-idig-konigsbach-spatburgunder-gg-2021-750ml\/#primaryimage"},"thumbnailUrl":"https:\/\/wein-werte.com\/wp-content\/uploads\/2026\/04\/Christmann-IDIG-Konigsbach-Spatburgunder-GG-2021-750ml.png","datePublished":"2026-05-05T16:22:51+00:00","description":"Kaufe Christmann IDIG K\u00f6nigsbach Sp\u00e4tburgunder GG 2021 (Pinot Noir, trocken aus Pfalz, Deutschland) bei Wein Werte, Ihrem nachhaltigen Onlineshop.","breadcrumb":{"@id":"https:\/\/wein-werte.com\/de\/produkt\/christmann-idig-konigsbach-spatburgunder-gg-2021-750ml\/#breadcrumb"},"inLanguage":"de","potentialAction":[{"@type":"ReadAction","target":["https:\/\/wein-werte.com\/de\/produkt\/christmann-idig-konigsbach-spatburgunder-gg-2021-750ml\/"]}]},{"@type":"ImageObject","inLanguage":"de","@id":"https:\/\/wein-werte.com\/de\/produkt\/christmann-idig-konigsbach-spatburgunder-gg-2021-750ml\/#primaryimage","url":"https:\/\/wein-werte.com\/wp-content\/uploads\/2026\/04\/Christmann-IDIG-Konigsbach-Spatburgunder-GG-2021-750ml.png","contentUrl":"https:\/\/wein-werte.com\/wp-content\/uploads\/2026\/04\/Christmann-IDIG-Konigsbach-Spatburgunder-GG-2021-750ml.png","width":323,"height":1200,"caption":"Christmann IDIG K\u00f6nigsbach Sp\u00e4tburgunder GG VDP Grosse Lage 2021 750ml"},{"@type":"BreadcrumbList","@id":"https:\/\/wein-werte.com\/de\/produkt\/christmann-idig-konigsbach-spatburgunder-gg-2021-750ml\/#breadcrumb","itemListElement":[{"@type":"ListItem","position":1,"name":"Home","item":"https:\/\/wein-werte.com\/de\/"},{"@type":"ListItem","position":2,"name":"Shop","item":"https:\/\/wein-werte.com\/de\/shop\/"},{"@type":"ListItem","position":3,"name":"Christmann | Pfalz | IDIG K\u00f6nigsbach Sp\u00e4tburgunder GG VDP Grosse Lage | 2021 | 750ml | bio"}]},{"@type":"WebSite","@id":"https:\/\/wein-werte.com\/de\/#website","url":"https:\/\/wein-werte.com\/de\/","name":"Wein Werte","description":"","publisher":{"@id":"https:\/\/wein-werte.com\/de\/#organization"},"potentialAction":[{"@type":"SearchAction","target":{"@type":"EntryPoint","urlTemplate":"https:\/\/wein-werte.com\/de\/?s={search_term_string}"},"query-input":{"@type":"PropertyValueSpecification","valueRequired":true,"valueName":"search_term_string"}}],"inLanguage":"de"},{"@type":"Organization","@id":"https:\/\/wein-werte.com\/de\/#organization","name":"Vins Fins Thorrold","url":"https:\/\/wein-werte.com\/de\/","logo":{"@type":"ImageObject","inLanguage":"de","@id":"https:\/\/wein-werte.com\/de\/#\/schema\/logo\/image\/","url":"https:\/\/wein-werte.com\/wp-content\/uploads\/2023\/07\/Wein_werte_Logo700-1.png","contentUrl":"https:\/\/wein-werte.com\/wp-content\/uploads\/2023\/07\/Wein_werte_Logo700-1.png","width":700,"height":272,"caption":"Vins Fins Thorrold"},"image":{"@id":"https:\/\/wein-werte.com\/de\/#\/schema\/logo\/image\/"}}]}},"_links":{"self":[{"href":"https:\/\/wein-werte.com\/de\/wp-json\/wp\/v2\/product\/1130882","targetHints":{"allow":["GET"]}}],"collection":[{"href":"https:\/\/wein-werte.com\/de\/wp-json\/wp\/v2\/product"}],"about":[{"href":"https:\/\/wein-werte.com\/de\/wp-json\/wp\/v2\/types\/product"}],"wp:featuredmedia":[{"embeddable":true,"href":"https:\/\/wein-werte.com\/de\/wp-json\/wp\/v2\/media\/1141912"}],"wp:attachment":[{"href":"https:\/\/wein-werte.com\/de\/wp-json\/wp\/v2\/media?parent=1130882"}],"wp:term":[{"taxonomy":"product_brand","embeddable":true,"href":"https:\/\/wein-werte.com\/de\/wp-json\/wp\/v2\/product_brand?post=1130882"},{"taxonomy":"product_cat","embeddable":true,"href":"https:\/\/wein-werte.com\/de\/wp-json\/wp\/v2\/product_cat?post=1130882"},{"taxonomy":"product_tag","embeddable":true,"href":"https:\/\/wein-werte.com\/de\/wp-json\/wp\/v2\/product_tag?post=1130882"}],"curies":[{"name":"wp","href":"https:\/\/api.w.org\/{rel}","templated":true}]}}