{"id":1130852,"date":"2026-05-05T18:19:24","date_gmt":"2026-05-05T16:19:24","guid":{"rendered":"https:\/\/wein-werte.com\/product\/christmann-ruppertsberger-reiterpfad-riesling-2022-750ml\/"},"modified":"2026-04-27T11:46:33","modified_gmt":"2026-04-27T09:46:33","slug":"christmann-ruppertsberger-reiterpfad-riesling-2022-750ml","status":"publish","type":"product","link":"https:\/\/wein-werte.com\/de\/produkt\/christmann-ruppertsberger-reiterpfad-riesling-2022-750ml\/","title":{"rendered":"Christmann | Pfalz | Ruppertsberger Reiterpfad Riesling VDP Erste Lage | 2022 | 750ml | bio"},"content":{"rendered":"<p>Produktbeschreibung f\u00fcr Christmann Ruppertsberger Reiterpfad Riesling VDP Erste Lage 2022 (bio) <\/p>\n<h5>Informationen zum Wein<\/h5>\n<p> Die VDP Erste Lage Reiterpfad liegt direkt oberhalb Deidesheims am Hang und ist ber\u00fchmt f\u00fcr ihre Rieslingweine. Ihr Name kommt von ihrem herrschaftlichen Besitzer, dem F\u00fcrstbischof von Speyer, Herr von Deidesheim und Ruppertsberg. Der Reiterpfad bildet mit seinen 60 ha eine gro\u00dfe, nur leicht nach ost-s\u00fcd-ost abfallende Terrasse, die sich \u00fcber tausende Jahre aus Buntsandsteinger\u00f6ll vom Haardtgebirge gebildet hat. Die besten Parzellen liegen im westlich der Weinstra\u00dfe im Hofst\u00fcck. Nur dieser Bereiche ist ab 2014 noch als VDP.Grosse Lage klassifiziert, der \u00fcbrige Reiterpfad wurde zur VDP.Ersten Lage abgestuft. Die Distanz des Hofst\u00fccks zum Bergrand f\u00fchrt zusammen mit seiner exponierten Lage zu einer sehr langen Besonnung, vom fr\u00fchen Morgen bis zum sp\u00e4ten Abend. Da zudem von Ruppertsberg bis Wachenheim das Haardtgebirge sehr geschlossen ist, sind die Weinberge auch sehr windgesch\u00fctzt. So ist das Hofst\u00fcck im Reiterpfad der w\u00e4rmste Weinberg im Hause Christmann. <\/p>\n<h5>Informationen zum Ausbau<\/h5>\n<p> Die Lese des Reiterpfad-Hofts\u00fcck VDP Grosses Gew\u00e4chs erfolgt nach Vorlese in ein bis zwei weiteren Durchg\u00e4ngen, wobei die Trauben unter strenger Selektion ausschlie\u00dflich vollreifer gesunder Beeren zum jeweils optimalen Zeitpunkt geerntet werden. Die Ertr\u00e4ge liegen hier in der Regel bei nur 40 hl\/ha, so dass die Trauben eine optimale Geschmacksf\u00fclle erreichen. Die schonend als ganze Trauben ins Kelterhaus transportierten Beeren werden eingemaischt und dann nach einer nicht zu langen Maischestandzeit von 3-6 Stunden schonend und langsam gepresst. Durch Absitzen \u00fcber Nacht wird der Most nur leicht vorgekl\u00e4rt und anschlie\u00dfend spontan mit den weinbergseigenen Hefen vergoren. Ungesch\u00f6nt und unbehandelt reift der Wein bis zur Abf\u00fcllung lange auf der Hefe und Feinhefe im Edelstahl und gro\u00dfen, klassischen Holzfass. <\/p>\n<h5>Farbe<\/h5>\n<p> Mittleres Goldgelb mit gr\u00fcnen Reflexen <\/p>\n<h5>Nase<\/h5>\n<p> Der 2022er Ruppertsberger Reiterpfad Riesling GG Riesling VDP Erste Lage pr\u00e4sentiert sich in seinem jugendlichen Stadium noch verschlossen. Erst mit ausreichend Sauerstoffkontakt treten feine Noten von Zitrus, gr\u00fcner Apfel und Holunderbl\u00fcten durch die engmaschig gefasste Terroirdecke aus dem Glas hervor. Zarte exotische Ankl\u00e4nge von junger Ananas, Ingwer und Koriander deuten sich ebenfalls an. Er l\u00e4utet pure Riesling Frische in Kombination mit k\u00fchler Finesse ein. <\/p>\n<h5>Gaumen<\/h5>\n<p> Am Gaumen ist er von einer feinen Herbe gepr\u00e4gt, die an Grapefruit erinnert und von einer wunderbar erfrischenden S\u00e4ure. Er spielt, er tanzt auf der Zunge und wirkt dabei glockenklar und \u00e4u\u00dferst belebend. Traumhaft wie es Christmann gelungen ist diesen Riesling in einer solchen Konzentration und Kraft so elegant und schwebend ins Glas zu katapultieren. Wenn man ihn in seinem jugendlichen Stadium verkosten m\u00f6chte sollte man ihn unbedingt dekantieren und nicht zu kalt in einem ausreichend gro\u00dfen Glas servieren.<\/p>\n<p>Copyright Vinaturel 2025<\/p>\n<p>Keywords: <a href=\"https:\/\/wein-werte.com\/de\/shop\/?swoof=1&#038;pa_producer=Christmann\">Christmann<\/a> <a href=\"https:\/\/wein-werte.com\/de\/shop\/?swoof=1&#038;woof_text=Ruppertsberger Reiterpfad Riesling VDP Erste Lage\">Ruppertsberger Reiterpfad Riesling VDP Erste Lage<\/a> 2022 bio <a href=\"https:\/\/wein-werte.com\/de\/shop\/?swoof=1&#038;pa_region=Pfalz\">Pfalz<\/a> <a href=\"https:\/\/wein-werte.com\/de\/shop\/?swoof=1&#038;pa_country=Deutschland\">Deutschland<\/a><\/p>\n<h3>Wine Advocate<\/h3>\n<p>Punkte: 91<\/p>\n<p>Der Riesling Ruppertsberger Reiterpfad VDP.Erste Lage\u00ae 2022 er\u00f6ffnet mit einer klaren und w\u00fcrzigen Sandstein- und Jodnote, verwoben mit w\u00fcrzigen Riesling-Aromen. Am Gaumen \u00fcppig und rund, pr\u00e4sentiert sich dieser Riesling gro\u00dfz\u00fcgig, intensiv und strukturiert, noch etwas verschlossen und ungez\u00e4hmt, aber dennoch ausgewogen und elegant. Er ist voll von reifen und eleganten Fr\u00fcchten und entfaltet sich ruhig am Gaumen. Die S\u00e4ure ist hier eher mild und von Textur umh\u00fcllt. Abgef\u00fcllt im Juli mit 12 % Alkoholgehalt. Diam-Korken. Verkostung im Dezember 2023 im Weingut.<br \/>Stephan Reinhardt<\/p>\n<h3>Vinous<\/h3>\n<p>Punkte: 92<\/p>\n<p>Der Riesling Ruppertsberger Reiterpfad Erste Lage 2022 besticht durch seine cremig-pfirsichartige Nase. Am Gaumen ist er frisch und pr\u00e4sentiert sich mit zitronengelben, fast spritzigen, k\u00fchlen Steinobstnoten. Im Kern zeigt er Konzentration und eine leichte Sch\u00e4rfe. Der 2022er ist charmant, geschmeidig und wundersch\u00f6n abgerundet, mit einem knochentrockenen Abgang und einer sehr klaren Linie. (Knochentrocken) \u2013 Anne Krebiehl MW<br \/>Trinkfenster: 2023\u20132035<br \/>Testdatum: Dezember 2023<\/p>\n<p>Internetseite des Weinguts: <a href=\"https:\/\/weingut-christmann.de\/en\/\" target=\"_blank\">https:\/\/weingut-christmann.de\/en\/<\/a><\/p>\n","protected":false},"excerpt":{"rendered":"<p>Lieferzeit: 1 bis 2 Arbeitstage (DE), 2 bis 5 Arbeitstage (EU and CH)<\/p>\n","protected":false},"featured_media":1141892,"template":"","meta":[],"product_brand":[],"product_cat":[19],"product_tag":[],"class_list":{"0":"post-1130852","1":"product","2":"type-product","3":"status-publish","4":"has-post-thumbnail","6":"product_cat-unkategorisiert","7":"pa_alcohol-for-filter-12893","8":"pa_certified-biodynamic-ja-de","9":"pa_certified-organic-ja-de","10":"pa_colour-weiss","11":"pa_country-deutschland","12":"pa_grape-riesling","13":"pa_parker-points-for-filter-91-de-2","14":"pa_price-for-filter-10611","15":"pa_producer-christmann","16":"pa_region-pfalz","17":"pa_size-ml-6584","18":"pa_sweetness-trocken-de","19":"pa_type-2-still-de","20":"pa_vinous-points-for-filter-20029","21":"pa_vintage-2022-de","22":"entry","23":"has-media","25":"first","26":"instock","27":"taxable","28":"shipping-taxable","29":"purchasable","30":"product-type-simple"},"yoast_head":"<!-- This site is optimized with the Yoast SEO plugin v27.5 - https:\/\/yoast.com\/product\/yoast-seo-wordpress\/ -->\n<title>Christmann Ruppertsberger Reiterpfad Riesling 2022<\/title>\n<meta name=\"description\" content=\"Kaufe Christmann Ruppertsberger Reiterpfad Riesling 2022 (Riesling, trocken aus Pfalz, Deutschland) bei Wein Werte, Ihrem nachhaltigen Onlineshop.\" \/>\n<meta name=\"robots\" content=\"index, follow, max-snippet:-1, max-image-preview:large, max-video-preview:-1\" \/>\n<link rel=\"canonical\" href=\"https:\/\/wein-werte.com\/de\/produkt\/christmann-ruppertsberger-reiterpfad-riesling-2022-750ml\/\" \/>\n<meta property=\"og:locale\" content=\"de_DE\" \/>\n<meta property=\"og:type\" content=\"article\" \/>\n<meta property=\"og:title\" content=\"Christmann Ruppertsberger Reiterpfad Riesling 2022\" \/>\n<meta property=\"og:description\" content=\"Kaufe Christmann Ruppertsberger Reiterpfad Riesling 2022 (Riesling, trocken aus Pfalz, Deutschland) bei Wein Werte, Ihrem nachhaltigen Onlineshop.\" \/>\n<meta property=\"og:url\" content=\"https:\/\/wein-werte.com\/de\/produkt\/christmann-ruppertsberger-reiterpfad-riesling-2022-750ml\/\" \/>\n<meta property=\"og:site_name\" content=\"Wein Werte\" \/>\n<meta property=\"og:image\" content=\"https:\/\/wein-werte.com\/wp-content\/uploads\/2026\/04\/Christmann-Ruppertsberger-Reiterpfad-Riesling-2022-750ml.png\" \/>\n\t<meta property=\"og:image:width\" content=\"268\" \/>\n\t<meta property=\"og:image:height\" content=\"1200\" \/>\n\t<meta property=\"og:image:type\" content=\"image\/png\" \/>\n<meta name=\"twitter:card\" content=\"summary_large_image\" \/>\n<meta name=\"twitter:label1\" content=\"Gesch\u00e4tzte Lesezeit\" \/>\n\t<meta name=\"twitter:data1\" content=\"3\u00a0Minuten\" \/>\n<script type=\"application\/ld+json\" class=\"yoast-schema-graph\">{\"@context\":\"https:\\\/\\\/schema.org\",\"@graph\":[{\"@type\":\"WebPage\",\"@id\":\"https:\\\/\\\/wein-werte.com\\\/de\\\/produkt\\\/christmann-ruppertsberger-reiterpfad-riesling-2022-750ml\\\/\",\"url\":\"https:\\\/\\\/wein-werte.com\\\/de\\\/produkt\\\/christmann-ruppertsberger-reiterpfad-riesling-2022-750ml\\\/\",\"name\":\"Christmann Ruppertsberger Reiterpfad Riesling 2022\",\"isPartOf\":{\"@id\":\"https:\\\/\\\/wein-werte.com\\\/de\\\/#website\"},\"primaryImageOfPage\":{\"@id\":\"https:\\\/\\\/wein-werte.com\\\/de\\\/produkt\\\/christmann-ruppertsberger-reiterpfad-riesling-2022-750ml\\\/#primaryimage\"},\"image\":{\"@id\":\"https:\\\/\\\/wein-werte.com\\\/de\\\/produkt\\\/christmann-ruppertsberger-reiterpfad-riesling-2022-750ml\\\/#primaryimage\"},\"thumbnailUrl\":\"https:\\\/\\\/wein-werte.com\\\/wp-content\\\/uploads\\\/2026\\\/04\\\/Christmann-Ruppertsberger-Reiterpfad-Riesling-2022-750ml.png\",\"datePublished\":\"2026-05-05T16:19:24+00:00\",\"description\":\"Kaufe Christmann Ruppertsberger Reiterpfad Riesling 2022 (Riesling, trocken aus Pfalz, Deutschland) bei Wein Werte, Ihrem nachhaltigen Onlineshop.\",\"breadcrumb\":{\"@id\":\"https:\\\/\\\/wein-werte.com\\\/de\\\/produkt\\\/christmann-ruppertsberger-reiterpfad-riesling-2022-750ml\\\/#breadcrumb\"},\"inLanguage\":\"de\",\"potentialAction\":[{\"@type\":\"ReadAction\",\"target\":[\"https:\\\/\\\/wein-werte.com\\\/de\\\/produkt\\\/christmann-ruppertsberger-reiterpfad-riesling-2022-750ml\\\/\"]}]},{\"@type\":\"ImageObject\",\"inLanguage\":\"de\",\"@id\":\"https:\\\/\\\/wein-werte.com\\\/de\\\/produkt\\\/christmann-ruppertsberger-reiterpfad-riesling-2022-750ml\\\/#primaryimage\",\"url\":\"https:\\\/\\\/wein-werte.com\\\/wp-content\\\/uploads\\\/2026\\\/04\\\/Christmann-Ruppertsberger-Reiterpfad-Riesling-2022-750ml.png\",\"contentUrl\":\"https:\\\/\\\/wein-werte.com\\\/wp-content\\\/uploads\\\/2026\\\/04\\\/Christmann-Ruppertsberger-Reiterpfad-Riesling-2022-750ml.png\",\"width\":268,\"height\":1200,\"caption\":\"Christmann Ruppertsberger Reiterpfad Riesling VDP Erste Lage 2022 750ml\"},{\"@type\":\"BreadcrumbList\",\"@id\":\"https:\\\/\\\/wein-werte.com\\\/de\\\/produkt\\\/christmann-ruppertsberger-reiterpfad-riesling-2022-750ml\\\/#breadcrumb\",\"itemListElement\":[{\"@type\":\"ListItem\",\"position\":1,\"name\":\"Home\",\"item\":\"https:\\\/\\\/wein-werte.com\\\/de\\\/\"},{\"@type\":\"ListItem\",\"position\":2,\"name\":\"Shop\",\"item\":\"https:\\\/\\\/wein-werte.com\\\/de\\\/shop\\\/\"},{\"@type\":\"ListItem\",\"position\":3,\"name\":\"Christmann | Pfalz | Ruppertsberger Reiterpfad Riesling VDP Erste Lage | 2022 | 750ml | bio\"}]},{\"@type\":\"WebSite\",\"@id\":\"https:\\\/\\\/wein-werte.com\\\/de\\\/#website\",\"url\":\"https:\\\/\\\/wein-werte.com\\\/de\\\/\",\"name\":\"Wein Werte\",\"description\":\"\",\"publisher\":{\"@id\":\"https:\\\/\\\/wein-werte.com\\\/de\\\/#organization\"},\"potentialAction\":[{\"@type\":\"SearchAction\",\"target\":{\"@type\":\"EntryPoint\",\"urlTemplate\":\"https:\\\/\\\/wein-werte.com\\\/de\\\/?s={search_term_string}\"},\"query-input\":{\"@type\":\"PropertyValueSpecification\",\"valueRequired\":true,\"valueName\":\"search_term_string\"}}],\"inLanguage\":\"de\"},{\"@type\":\"Organization\",\"@id\":\"https:\\\/\\\/wein-werte.com\\\/de\\\/#organization\",\"name\":\"Vins Fins Thorrold\",\"url\":\"https:\\\/\\\/wein-werte.com\\\/de\\\/\",\"logo\":{\"@type\":\"ImageObject\",\"inLanguage\":\"de\",\"@id\":\"https:\\\/\\\/wein-werte.com\\\/de\\\/#\\\/schema\\\/logo\\\/image\\\/\",\"url\":\"https:\\\/\\\/wein-werte.com\\\/wp-content\\\/uploads\\\/2023\\\/07\\\/Wein_werte_Logo700-1.png\",\"contentUrl\":\"https:\\\/\\\/wein-werte.com\\\/wp-content\\\/uploads\\\/2023\\\/07\\\/Wein_werte_Logo700-1.png\",\"width\":700,\"height\":272,\"caption\":\"Vins Fins Thorrold\"},\"image\":{\"@id\":\"https:\\\/\\\/wein-werte.com\\\/de\\\/#\\\/schema\\\/logo\\\/image\\\/\"}}]}<\/script>\n<!-- \/ Yoast SEO plugin. -->","yoast_head_json":{"title":"Christmann Ruppertsberger Reiterpfad Riesling 2022","description":"Kaufe Christmann Ruppertsberger Reiterpfad Riesling 2022 (Riesling, trocken aus Pfalz, Deutschland) bei Wein Werte, Ihrem nachhaltigen Onlineshop.","robots":{"index":"index","follow":"follow","max-snippet":"max-snippet:-1","max-image-preview":"max-image-preview:large","max-video-preview":"max-video-preview:-1"},"canonical":"https:\/\/wein-werte.com\/de\/produkt\/christmann-ruppertsberger-reiterpfad-riesling-2022-750ml\/","og_locale":"de_DE","og_type":"article","og_title":"Christmann Ruppertsberger Reiterpfad Riesling 2022","og_description":"Kaufe Christmann Ruppertsberger Reiterpfad Riesling 2022 (Riesling, trocken aus Pfalz, Deutschland) bei Wein Werte, Ihrem nachhaltigen Onlineshop.","og_url":"https:\/\/wein-werte.com\/de\/produkt\/christmann-ruppertsberger-reiterpfad-riesling-2022-750ml\/","og_site_name":"Wein Werte","og_image":[{"width":268,"height":1200,"url":"https:\/\/wein-werte.com\/wp-content\/uploads\/2026\/04\/Christmann-Ruppertsberger-Reiterpfad-Riesling-2022-750ml.png","type":"image\/png"}],"twitter_card":"summary_large_image","twitter_misc":{"Gesch\u00e4tzte Lesezeit":"3\u00a0Minuten"},"schema":{"@context":"https:\/\/schema.org","@graph":[{"@type":"WebPage","@id":"https:\/\/wein-werte.com\/de\/produkt\/christmann-ruppertsberger-reiterpfad-riesling-2022-750ml\/","url":"https:\/\/wein-werte.com\/de\/produkt\/christmann-ruppertsberger-reiterpfad-riesling-2022-750ml\/","name":"Christmann Ruppertsberger Reiterpfad Riesling 2022","isPartOf":{"@id":"https:\/\/wein-werte.com\/de\/#website"},"primaryImageOfPage":{"@id":"https:\/\/wein-werte.com\/de\/produkt\/christmann-ruppertsberger-reiterpfad-riesling-2022-750ml\/#primaryimage"},"image":{"@id":"https:\/\/wein-werte.com\/de\/produkt\/christmann-ruppertsberger-reiterpfad-riesling-2022-750ml\/#primaryimage"},"thumbnailUrl":"https:\/\/wein-werte.com\/wp-content\/uploads\/2026\/04\/Christmann-Ruppertsberger-Reiterpfad-Riesling-2022-750ml.png","datePublished":"2026-05-05T16:19:24+00:00","description":"Kaufe Christmann Ruppertsberger Reiterpfad Riesling 2022 (Riesling, trocken aus Pfalz, Deutschland) bei Wein Werte, Ihrem nachhaltigen Onlineshop.","breadcrumb":{"@id":"https:\/\/wein-werte.com\/de\/produkt\/christmann-ruppertsberger-reiterpfad-riesling-2022-750ml\/#breadcrumb"},"inLanguage":"de","potentialAction":[{"@type":"ReadAction","target":["https:\/\/wein-werte.com\/de\/produkt\/christmann-ruppertsberger-reiterpfad-riesling-2022-750ml\/"]}]},{"@type":"ImageObject","inLanguage":"de","@id":"https:\/\/wein-werte.com\/de\/produkt\/christmann-ruppertsberger-reiterpfad-riesling-2022-750ml\/#primaryimage","url":"https:\/\/wein-werte.com\/wp-content\/uploads\/2026\/04\/Christmann-Ruppertsberger-Reiterpfad-Riesling-2022-750ml.png","contentUrl":"https:\/\/wein-werte.com\/wp-content\/uploads\/2026\/04\/Christmann-Ruppertsberger-Reiterpfad-Riesling-2022-750ml.png","width":268,"height":1200,"caption":"Christmann Ruppertsberger Reiterpfad Riesling VDP Erste Lage 2022 750ml"},{"@type":"BreadcrumbList","@id":"https:\/\/wein-werte.com\/de\/produkt\/christmann-ruppertsberger-reiterpfad-riesling-2022-750ml\/#breadcrumb","itemListElement":[{"@type":"ListItem","position":1,"name":"Home","item":"https:\/\/wein-werte.com\/de\/"},{"@type":"ListItem","position":2,"name":"Shop","item":"https:\/\/wein-werte.com\/de\/shop\/"},{"@type":"ListItem","position":3,"name":"Christmann | Pfalz | Ruppertsberger Reiterpfad Riesling VDP Erste Lage | 2022 | 750ml | bio"}]},{"@type":"WebSite","@id":"https:\/\/wein-werte.com\/de\/#website","url":"https:\/\/wein-werte.com\/de\/","name":"Wein Werte","description":"","publisher":{"@id":"https:\/\/wein-werte.com\/de\/#organization"},"potentialAction":[{"@type":"SearchAction","target":{"@type":"EntryPoint","urlTemplate":"https:\/\/wein-werte.com\/de\/?s={search_term_string}"},"query-input":{"@type":"PropertyValueSpecification","valueRequired":true,"valueName":"search_term_string"}}],"inLanguage":"de"},{"@type":"Organization","@id":"https:\/\/wein-werte.com\/de\/#organization","name":"Vins Fins Thorrold","url":"https:\/\/wein-werte.com\/de\/","logo":{"@type":"ImageObject","inLanguage":"de","@id":"https:\/\/wein-werte.com\/de\/#\/schema\/logo\/image\/","url":"https:\/\/wein-werte.com\/wp-content\/uploads\/2023\/07\/Wein_werte_Logo700-1.png","contentUrl":"https:\/\/wein-werte.com\/wp-content\/uploads\/2023\/07\/Wein_werte_Logo700-1.png","width":700,"height":272,"caption":"Vins Fins Thorrold"},"image":{"@id":"https:\/\/wein-werte.com\/de\/#\/schema\/logo\/image\/"}}]}},"_links":{"self":[{"href":"https:\/\/wein-werte.com\/de\/wp-json\/wp\/v2\/product\/1130852","targetHints":{"allow":["GET"]}}],"collection":[{"href":"https:\/\/wein-werte.com\/de\/wp-json\/wp\/v2\/product"}],"about":[{"href":"https:\/\/wein-werte.com\/de\/wp-json\/wp\/v2\/types\/product"}],"wp:featuredmedia":[{"embeddable":true,"href":"https:\/\/wein-werte.com\/de\/wp-json\/wp\/v2\/media\/1141892"}],"wp:attachment":[{"href":"https:\/\/wein-werte.com\/de\/wp-json\/wp\/v2\/media?parent=1130852"}],"wp:term":[{"taxonomy":"product_brand","embeddable":true,"href":"https:\/\/wein-werte.com\/de\/wp-json\/wp\/v2\/product_brand?post=1130852"},{"taxonomy":"product_cat","embeddable":true,"href":"https:\/\/wein-werte.com\/de\/wp-json\/wp\/v2\/product_cat?post=1130852"},{"taxonomy":"product_tag","embeddable":true,"href":"https:\/\/wein-werte.com\/de\/wp-json\/wp\/v2\/product_tag?post=1130852"}],"curies":[{"name":"wp","href":"https:\/\/api.w.org\/{rel}","templated":true}]}}