{"id":1130847,"date":"2026-05-05T18:19:24","date_gmt":"2026-05-05T16:19:24","guid":{"rendered":"https:\/\/wein-werte.com\/product\/christmann-idig-konigsbach-riesling-grosses-gewachs-2022-750ml\/"},"modified":"2026-04-27T11:46:33","modified_gmt":"2026-04-27T09:46:33","slug":"christmann-idig-konigsbach-riesling-grosses-gewachs-2022-750ml","status":"publish","type":"product","link":"https:\/\/wein-werte.com\/de\/produkt\/christmann-idig-konigsbach-riesling-grosses-gewachs-2022-750ml\/","title":{"rendered":"Christmann | Pfalz | IDIG K\u00f6nigsbach Riesling Grosses Gew\u00e4chs | 2022 | 750ml | bio"},"content":{"rendered":"<p>Produktbeschreibung f\u00fcr Christmann IDIG K\u00f6nigsbach Riesling Grosses Gew\u00e4chs 2022 (bio) <\/p>\n<h5>Informationen zum Wein<\/h5>\n<p> Der Idig ist eine der vorz\u00fcglichsten Lagen der Pfalz. Durch den monopolartigen Besitz der Familie Christmann stellt er das Kernst\u00fcck des Gutes dar. Die hier erzeugten Weine geh\u00f6ren zu den stilpr\u00e4genden Weinen der Kategorie Gro\u00dfes Gew\u00e4chs und werden Jahr f\u00fcr Jahr weltweit gefeiert. Als Hofkammergut der pf\u00e4lzischen Kurf\u00fcrsten wird unser damals hochherrschaftlicher Weinberg bereits im 14. Jahrhundert erstmals urkundlich erw\u00e4hnt. Die monopolartige Gr\u00f6\u00dfe von 4 ha in bester Lage, eine absolute Besonderheit, ist auf den \u00fcber 400 Jahre langen Besitz der Pfalzgrafen zur\u00fcckzuf\u00fchren. Der Weinberg f\u00e4llt f\u00fcr Pf\u00e4lzer Verh\u00e4ltnisse steil nach S\u00fcds\u00fcdost ab. Durch das Klausental str\u00f6mt vom Stabenberg herab jedoch st\u00e4ndig ein sanfter Wind, der mit seiner trocknenden Wirkung die Trauben stets lange gesund h\u00e4lt. Der Idig ruht auf einem m\u00e4chtigen Kalkfelsmassiv, das sich nach Einbruch des Oberrheingrabens im Terti\u00e4r aus Kalkablagerungen gebildet hat. Der Oberboden besteht aus Terra fusca, die aus Kalk und Ton entstanden ist. Im Oberboden findet man so unz\u00e4hlige Kalksteine, aber auch etwas Basalt, der vor etwa 150 Jahren aus dem Forster Pechsteinkopf durch die Familie von Buhl, den damaligen Besitzern, in den Weinberg gebracht wurde. <\/p>\n<h5>Informationen zum Ausbau<\/h5>\n<p> 100% selektive Handlese in kleine Kisten, Spontang\u00e4rung im gro\u00dfen Holzfass. <\/p>\n<h5>Farbe<\/h5>\n<p> Intensiv leuchtendes Goldgelb. <\/p>\n<h5>Nase<\/h5>\n<p> Der 2022er K\u00f6nigsbacher Idig Riesling Gro\u00dfes Gew\u00e4chs zeigt sich im jugendlichen Stadium noch sehr verschlossen, deutlich wahrzunehmen in der Nase ist der Kalkboden auf dem er gewachsen ist. Man bekommt das Gef\u00fchl einen Hauch von Muschelschalen und Meeresbrise in der Nase zu versp\u00fcren, die sich nach l\u00e4ngerer \u00d6ffnung mit \u00e4therischen Zitrus- und Kr\u00e4uternoten vermischen und dem eindringlichen Aroma von Lindenbl\u00fcten und Akazie. Wie gewohnt fasziniert der Idig nach einem Tag der \u00d6ffnung mit subtilen Aromen, die an Waldhimbeere und Cassis erinnern. <\/p>\n<h5>Gaumen<\/h5>\n<p> Pr\u00e4zise und klar trifft er auf die Zunge mit vibrierender S\u00e4ure und salziger Mineralit\u00e4t, eingebettet in ein dichtes Ger\u00fcst aus Frucht und Tiefgr\u00fcndigkeit. Ein Wein, der Zeit ben\u00f6tigt um sich in seiner ganzen Gr\u00f6\u00dfe zu entfalten und dem man diese Zeit auch lassen sollte. Der Geduldige wird in ein paar Jahren mit einem Wein belohnt werden, der was Komplexit\u00e4t und Finesse angeht zu den gro\u00dfen Wei\u00dfweinen der Welt z\u00e4hlen wird. Ein echtes Monument von einem gro\u00dfen Riesling aus der Pfalz, aus Deutschland und der Welt! Wenn man ihn jetzt schon genie\u00dfen m\u00f6chte sollte man ihn unbedingt dekantieren und nicht zu kalt in einem ausreichend gro\u00dfen Glas servieren.<\/p>\n<p>Copyright Vinaturel 2025<\/p>\n<p>Keywords: <a href=\"https:\/\/wein-werte.com\/de\/shop\/?swoof=1&#038;pa_producer=Christmann\">Christmann<\/a> <a href=\"https:\/\/wein-werte.com\/de\/shop\/?swoof=1&#038;woof_text=IDIG K\u00f6nigsbach Riesling Grosses Gew\u00e4chs\">IDIG K\u00f6nigsbach Riesling Grosses Gew\u00e4chs<\/a> 2022 bio <a href=\"https:\/\/wein-werte.com\/de\/shop\/?swoof=1&#038;pa_region=Pfalz\">Pfalz<\/a> <a href=\"https:\/\/wein-werte.com\/de\/shop\/?swoof=1&#038;pa_country=Deutschland\">Deutschland<\/a><\/p>\n<p>Internetseite des Weinguts: <a href=\"https:\/\/weingut-christmann.de\/en\/\" target=\"_blank\">https:\/\/weingut-christmann.de\/en\/<\/a><\/p>\n","protected":false},"excerpt":{"rendered":"<p>Lieferzeit: 1 bis 2 Arbeitstage (DE), 2 bis 5 Arbeitstage (EU and CH)<\/p>\n","protected":false},"featured_media":1141888,"template":"","meta":[],"product_brand":[],"product_cat":[19],"product_tag":[],"class_list":{"0":"post-1130847","1":"product","2":"type-product","3":"status-publish","4":"has-post-thumbnail","6":"product_cat-unkategorisiert","7":"pa_alcohol-for-filter-12893","8":"pa_certified-biodynamic-ja-de","9":"pa_certified-organic-ja-de","10":"pa_colour-weiss","11":"pa_country-deutschland","12":"pa_grape-riesling","13":"pa_price-for-filter-10662","14":"pa_producer-christmann","15":"pa_region-pfalz","16":"pa_size-ml-6584","17":"pa_sweetness-trocken-de","18":"pa_type-2-still-de","19":"pa_vintage-2022-de","20":"entry","21":"has-media","23":"first","24":"instock","25":"taxable","26":"shipping-taxable","27":"purchasable","28":"product-type-simple"},"yoast_head":"<!-- This site is optimized with the Yoast SEO plugin v27.5 - https:\/\/yoast.com\/product\/yoast-seo-wordpress\/ -->\n<title>Christmann IDIG K\u00f6nigsbach Riesling Grosses Gew\u00e4chs 2022<\/title>\n<meta name=\"description\" content=\"Kaufe Christmann IDIG K\u00f6nigsbach Riesling Grosses Gew\u00e4chs 2022 (Riesling, trocken aus Pfalz, Deutschland) bei Wein Werte, Ihrem nachhaltigen Onlineshop.\" \/>\n<meta name=\"robots\" content=\"index, follow, max-snippet:-1, max-image-preview:large, max-video-preview:-1\" \/>\n<link rel=\"canonical\" href=\"https:\/\/wein-werte.com\/de\/produkt\/christmann-idig-konigsbach-riesling-grosses-gewachs-2022-750ml\/\" \/>\n<meta property=\"og:locale\" content=\"de_DE\" \/>\n<meta property=\"og:type\" content=\"article\" \/>\n<meta property=\"og:title\" content=\"Christmann IDIG K\u00f6nigsbach Riesling Grosses Gew\u00e4chs 2022\" \/>\n<meta property=\"og:description\" content=\"Kaufe Christmann IDIG K\u00f6nigsbach Riesling Grosses Gew\u00e4chs 2022 (Riesling, trocken aus Pfalz, Deutschland) bei Wein Werte, Ihrem nachhaltigen Onlineshop.\" \/>\n<meta property=\"og:url\" content=\"https:\/\/wein-werte.com\/de\/produkt\/christmann-idig-konigsbach-riesling-grosses-gewachs-2022-750ml\/\" \/>\n<meta property=\"og:site_name\" content=\"Wein Werte\" \/>\n<meta property=\"og:image\" content=\"https:\/\/wein-werte.com\/wp-content\/uploads\/2026\/04\/Christmann-IDIG-Konigsbach-Riesling-Grosses-Gewachs-2022-750ml.png\" \/>\n\t<meta property=\"og:image:width\" content=\"254\" \/>\n\t<meta property=\"og:image:height\" content=\"1200\" \/>\n\t<meta property=\"og:image:type\" content=\"image\/png\" \/>\n<meta name=\"twitter:card\" content=\"summary_large_image\" \/>\n<meta name=\"twitter:label1\" content=\"Gesch\u00e4tzte Lesezeit\" \/>\n\t<meta name=\"twitter:data1\" content=\"2\u00a0Minuten\" \/>\n<script type=\"application\/ld+json\" class=\"yoast-schema-graph\">{\"@context\":\"https:\\\/\\\/schema.org\",\"@graph\":[{\"@type\":\"WebPage\",\"@id\":\"https:\\\/\\\/wein-werte.com\\\/de\\\/produkt\\\/christmann-idig-konigsbach-riesling-grosses-gewachs-2022-750ml\\\/\",\"url\":\"https:\\\/\\\/wein-werte.com\\\/de\\\/produkt\\\/christmann-idig-konigsbach-riesling-grosses-gewachs-2022-750ml\\\/\",\"name\":\"Christmann IDIG K\u00f6nigsbach Riesling Grosses Gew\u00e4chs 2022\",\"isPartOf\":{\"@id\":\"https:\\\/\\\/wein-werte.com\\\/de\\\/#website\"},\"primaryImageOfPage\":{\"@id\":\"https:\\\/\\\/wein-werte.com\\\/de\\\/produkt\\\/christmann-idig-konigsbach-riesling-grosses-gewachs-2022-750ml\\\/#primaryimage\"},\"image\":{\"@id\":\"https:\\\/\\\/wein-werte.com\\\/de\\\/produkt\\\/christmann-idig-konigsbach-riesling-grosses-gewachs-2022-750ml\\\/#primaryimage\"},\"thumbnailUrl\":\"https:\\\/\\\/wein-werte.com\\\/wp-content\\\/uploads\\\/2026\\\/04\\\/Christmann-IDIG-Konigsbach-Riesling-Grosses-Gewachs-2022-750ml.png\",\"datePublished\":\"2026-05-05T16:19:24+00:00\",\"description\":\"Kaufe Christmann IDIG K\u00f6nigsbach Riesling Grosses Gew\u00e4chs 2022 (Riesling, trocken aus Pfalz, Deutschland) bei Wein Werte, Ihrem nachhaltigen Onlineshop.\",\"breadcrumb\":{\"@id\":\"https:\\\/\\\/wein-werte.com\\\/de\\\/produkt\\\/christmann-idig-konigsbach-riesling-grosses-gewachs-2022-750ml\\\/#breadcrumb\"},\"inLanguage\":\"de\",\"potentialAction\":[{\"@type\":\"ReadAction\",\"target\":[\"https:\\\/\\\/wein-werte.com\\\/de\\\/produkt\\\/christmann-idig-konigsbach-riesling-grosses-gewachs-2022-750ml\\\/\"]}]},{\"@type\":\"ImageObject\",\"inLanguage\":\"de\",\"@id\":\"https:\\\/\\\/wein-werte.com\\\/de\\\/produkt\\\/christmann-idig-konigsbach-riesling-grosses-gewachs-2022-750ml\\\/#primaryimage\",\"url\":\"https:\\\/\\\/wein-werte.com\\\/wp-content\\\/uploads\\\/2026\\\/04\\\/Christmann-IDIG-Konigsbach-Riesling-Grosses-Gewachs-2022-750ml.png\",\"contentUrl\":\"https:\\\/\\\/wein-werte.com\\\/wp-content\\\/uploads\\\/2026\\\/04\\\/Christmann-IDIG-Konigsbach-Riesling-Grosses-Gewachs-2022-750ml.png\",\"width\":254,\"height\":1200,\"caption\":\"Christmann IDIG K\u00f6nigsbach Riesling Grosses Gew\u00e4chs 2022 750ml\"},{\"@type\":\"BreadcrumbList\",\"@id\":\"https:\\\/\\\/wein-werte.com\\\/de\\\/produkt\\\/christmann-idig-konigsbach-riesling-grosses-gewachs-2022-750ml\\\/#breadcrumb\",\"itemListElement\":[{\"@type\":\"ListItem\",\"position\":1,\"name\":\"Home\",\"item\":\"https:\\\/\\\/wein-werte.com\\\/de\\\/\"},{\"@type\":\"ListItem\",\"position\":2,\"name\":\"Shop\",\"item\":\"https:\\\/\\\/wein-werte.com\\\/de\\\/shop\\\/\"},{\"@type\":\"ListItem\",\"position\":3,\"name\":\"Christmann | Pfalz | IDIG K\u00f6nigsbach Riesling Grosses Gew\u00e4chs | 2022 | 750ml | bio\"}]},{\"@type\":\"WebSite\",\"@id\":\"https:\\\/\\\/wein-werte.com\\\/de\\\/#website\",\"url\":\"https:\\\/\\\/wein-werte.com\\\/de\\\/\",\"name\":\"Wein Werte\",\"description\":\"\",\"publisher\":{\"@id\":\"https:\\\/\\\/wein-werte.com\\\/de\\\/#organization\"},\"potentialAction\":[{\"@type\":\"SearchAction\",\"target\":{\"@type\":\"EntryPoint\",\"urlTemplate\":\"https:\\\/\\\/wein-werte.com\\\/de\\\/?s={search_term_string}\"},\"query-input\":{\"@type\":\"PropertyValueSpecification\",\"valueRequired\":true,\"valueName\":\"search_term_string\"}}],\"inLanguage\":\"de\"},{\"@type\":\"Organization\",\"@id\":\"https:\\\/\\\/wein-werte.com\\\/de\\\/#organization\",\"name\":\"Vins Fins Thorrold\",\"url\":\"https:\\\/\\\/wein-werte.com\\\/de\\\/\",\"logo\":{\"@type\":\"ImageObject\",\"inLanguage\":\"de\",\"@id\":\"https:\\\/\\\/wein-werte.com\\\/de\\\/#\\\/schema\\\/logo\\\/image\\\/\",\"url\":\"https:\\\/\\\/wein-werte.com\\\/wp-content\\\/uploads\\\/2023\\\/07\\\/Wein_werte_Logo700-1.png\",\"contentUrl\":\"https:\\\/\\\/wein-werte.com\\\/wp-content\\\/uploads\\\/2023\\\/07\\\/Wein_werte_Logo700-1.png\",\"width\":700,\"height\":272,\"caption\":\"Vins Fins Thorrold\"},\"image\":{\"@id\":\"https:\\\/\\\/wein-werte.com\\\/de\\\/#\\\/schema\\\/logo\\\/image\\\/\"}}]}<\/script>\n<!-- \/ Yoast SEO plugin. -->","yoast_head_json":{"title":"Christmann IDIG K\u00f6nigsbach Riesling Grosses Gew\u00e4chs 2022","description":"Kaufe Christmann IDIG K\u00f6nigsbach Riesling Grosses Gew\u00e4chs 2022 (Riesling, trocken aus Pfalz, Deutschland) bei Wein Werte, Ihrem nachhaltigen Onlineshop.","robots":{"index":"index","follow":"follow","max-snippet":"max-snippet:-1","max-image-preview":"max-image-preview:large","max-video-preview":"max-video-preview:-1"},"canonical":"https:\/\/wein-werte.com\/de\/produkt\/christmann-idig-konigsbach-riesling-grosses-gewachs-2022-750ml\/","og_locale":"de_DE","og_type":"article","og_title":"Christmann IDIG K\u00f6nigsbach Riesling Grosses Gew\u00e4chs 2022","og_description":"Kaufe Christmann IDIG K\u00f6nigsbach Riesling Grosses Gew\u00e4chs 2022 (Riesling, trocken aus Pfalz, Deutschland) bei Wein Werte, Ihrem nachhaltigen Onlineshop.","og_url":"https:\/\/wein-werte.com\/de\/produkt\/christmann-idig-konigsbach-riesling-grosses-gewachs-2022-750ml\/","og_site_name":"Wein Werte","og_image":[{"width":254,"height":1200,"url":"https:\/\/wein-werte.com\/wp-content\/uploads\/2026\/04\/Christmann-IDIG-Konigsbach-Riesling-Grosses-Gewachs-2022-750ml.png","type":"image\/png"}],"twitter_card":"summary_large_image","twitter_misc":{"Gesch\u00e4tzte Lesezeit":"2\u00a0Minuten"},"schema":{"@context":"https:\/\/schema.org","@graph":[{"@type":"WebPage","@id":"https:\/\/wein-werte.com\/de\/produkt\/christmann-idig-konigsbach-riesling-grosses-gewachs-2022-750ml\/","url":"https:\/\/wein-werte.com\/de\/produkt\/christmann-idig-konigsbach-riesling-grosses-gewachs-2022-750ml\/","name":"Christmann IDIG K\u00f6nigsbach Riesling Grosses Gew\u00e4chs 2022","isPartOf":{"@id":"https:\/\/wein-werte.com\/de\/#website"},"primaryImageOfPage":{"@id":"https:\/\/wein-werte.com\/de\/produkt\/christmann-idig-konigsbach-riesling-grosses-gewachs-2022-750ml\/#primaryimage"},"image":{"@id":"https:\/\/wein-werte.com\/de\/produkt\/christmann-idig-konigsbach-riesling-grosses-gewachs-2022-750ml\/#primaryimage"},"thumbnailUrl":"https:\/\/wein-werte.com\/wp-content\/uploads\/2026\/04\/Christmann-IDIG-Konigsbach-Riesling-Grosses-Gewachs-2022-750ml.png","datePublished":"2026-05-05T16:19:24+00:00","description":"Kaufe Christmann IDIG K\u00f6nigsbach Riesling Grosses Gew\u00e4chs 2022 (Riesling, trocken aus Pfalz, Deutschland) bei Wein Werte, Ihrem nachhaltigen Onlineshop.","breadcrumb":{"@id":"https:\/\/wein-werte.com\/de\/produkt\/christmann-idig-konigsbach-riesling-grosses-gewachs-2022-750ml\/#breadcrumb"},"inLanguage":"de","potentialAction":[{"@type":"ReadAction","target":["https:\/\/wein-werte.com\/de\/produkt\/christmann-idig-konigsbach-riesling-grosses-gewachs-2022-750ml\/"]}]},{"@type":"ImageObject","inLanguage":"de","@id":"https:\/\/wein-werte.com\/de\/produkt\/christmann-idig-konigsbach-riesling-grosses-gewachs-2022-750ml\/#primaryimage","url":"https:\/\/wein-werte.com\/wp-content\/uploads\/2026\/04\/Christmann-IDIG-Konigsbach-Riesling-Grosses-Gewachs-2022-750ml.png","contentUrl":"https:\/\/wein-werte.com\/wp-content\/uploads\/2026\/04\/Christmann-IDIG-Konigsbach-Riesling-Grosses-Gewachs-2022-750ml.png","width":254,"height":1200,"caption":"Christmann IDIG K\u00f6nigsbach Riesling Grosses Gew\u00e4chs 2022 750ml"},{"@type":"BreadcrumbList","@id":"https:\/\/wein-werte.com\/de\/produkt\/christmann-idig-konigsbach-riesling-grosses-gewachs-2022-750ml\/#breadcrumb","itemListElement":[{"@type":"ListItem","position":1,"name":"Home","item":"https:\/\/wein-werte.com\/de\/"},{"@type":"ListItem","position":2,"name":"Shop","item":"https:\/\/wein-werte.com\/de\/shop\/"},{"@type":"ListItem","position":3,"name":"Christmann | Pfalz | IDIG K\u00f6nigsbach Riesling Grosses Gew\u00e4chs | 2022 | 750ml | bio"}]},{"@type":"WebSite","@id":"https:\/\/wein-werte.com\/de\/#website","url":"https:\/\/wein-werte.com\/de\/","name":"Wein Werte","description":"","publisher":{"@id":"https:\/\/wein-werte.com\/de\/#organization"},"potentialAction":[{"@type":"SearchAction","target":{"@type":"EntryPoint","urlTemplate":"https:\/\/wein-werte.com\/de\/?s={search_term_string}"},"query-input":{"@type":"PropertyValueSpecification","valueRequired":true,"valueName":"search_term_string"}}],"inLanguage":"de"},{"@type":"Organization","@id":"https:\/\/wein-werte.com\/de\/#organization","name":"Vins Fins Thorrold","url":"https:\/\/wein-werte.com\/de\/","logo":{"@type":"ImageObject","inLanguage":"de","@id":"https:\/\/wein-werte.com\/de\/#\/schema\/logo\/image\/","url":"https:\/\/wein-werte.com\/wp-content\/uploads\/2023\/07\/Wein_werte_Logo700-1.png","contentUrl":"https:\/\/wein-werte.com\/wp-content\/uploads\/2023\/07\/Wein_werte_Logo700-1.png","width":700,"height":272,"caption":"Vins Fins Thorrold"},"image":{"@id":"https:\/\/wein-werte.com\/de\/#\/schema\/logo\/image\/"}}]}},"_links":{"self":[{"href":"https:\/\/wein-werte.com\/de\/wp-json\/wp\/v2\/product\/1130847","targetHints":{"allow":["GET"]}}],"collection":[{"href":"https:\/\/wein-werte.com\/de\/wp-json\/wp\/v2\/product"}],"about":[{"href":"https:\/\/wein-werte.com\/de\/wp-json\/wp\/v2\/types\/product"}],"wp:featuredmedia":[{"embeddable":true,"href":"https:\/\/wein-werte.com\/de\/wp-json\/wp\/v2\/media\/1141888"}],"wp:attachment":[{"href":"https:\/\/wein-werte.com\/de\/wp-json\/wp\/v2\/media?parent=1130847"}],"wp:term":[{"taxonomy":"product_brand","embeddable":true,"href":"https:\/\/wein-werte.com\/de\/wp-json\/wp\/v2\/product_brand?post=1130847"},{"taxonomy":"product_cat","embeddable":true,"href":"https:\/\/wein-werte.com\/de\/wp-json\/wp\/v2\/product_cat?post=1130847"},{"taxonomy":"product_tag","embeddable":true,"href":"https:\/\/wein-werte.com\/de\/wp-json\/wp\/v2\/product_tag?post=1130847"}],"curies":[{"name":"wp","href":"https:\/\/api.w.org\/{rel}","templated":true}]}}