{"id":1130837,"date":"2026-05-05T18:19:24","date_gmt":"2026-05-05T16:19:24","guid":{"rendered":"https:\/\/wein-werte.com\/product\/christmann-olberg-hart-konigsbach-riesling-grosses-gewachs-2022-750ml\/"},"modified":"2026-04-27T11:46:32","modified_gmt":"2026-04-27T09:46:32","slug":"christmann-olberg-hart-konigsbach-riesling-grosses-gewachs-2022-750ml","status":"publish","type":"product","link":"https:\/\/wein-werte.com\/de\/produkt\/christmann-olberg-hart-konigsbach-riesling-grosses-gewachs-2022-750ml\/","title":{"rendered":"Christmann | Pfalz | \u00d6lberg-Hart K\u00f6nigsbach Riesling Grosses Gew\u00e4chs | 2022 | 750ml | bio"},"content":{"rendered":"<p>Produktbeschreibung f\u00fcr Christmann \u00d6lberg-Hart K\u00f6nigsbach Riesling Grosses Gew\u00e4chs 2022 (bio) <\/p>\n<h5>Informationen zum Wein<\/h5>\n<p> Das Kernst\u00fcck der Lage \u00d6lberg, die Hart, liegt rund um die \u00d6lberg-Wegkapelle und ist als VDP.Grosse Lage klassifiziert. Der Boden ist von sehr schwerem terti\u00e4rem Kalkmergel, der sogenannten Terra fusca gepr\u00e4gt. Im Oberboden ist sie mit Buntsandsteinger\u00f6ll vermischt. Der Weinberg liegt hoch oben am Haardtrand, am Ausgang des Klausentals des Pf\u00e4lzerwaldes. Hierdurch liegt er fr\u00fch am Morgen in der Sonne, am Abend aber ebenso fr\u00fch im Schatten der Berge und in einem n\u00e4chtlichen k\u00fchlen Luftstrom aus dem Tal. Im \u00d6lberg, im \u00e4ltesten Teil der Gewann Hart, ist lange unser Versteigerungswein \u201eKapelle\u201c entstanden. Seit 2020 keltert das Weingut Christman aus der ganzen Gewann das VDP. Gro\u00dfe Gew\u00e4chs \u00d6lberg-Hart. <\/p>\n<h5>Informationen zum Ausbau<\/h5>\n<p> 100% selektive Handlese in kleine Kisten, Spontang\u00e4rung im gro\u00dfen Holzfass. <\/p>\n<h5>Farbe<\/h5>\n<p> Funkelndes Goldgelb. <\/p>\n<h5>Nase<\/h5>\n<p> Der 2022er K\u00f6nigsbacher \u00d6lberg pr\u00e4sentiert sich aufgrund seiner Jugendlichkeit zun\u00e4chst noch etwas verschlossen, deutlich zu erkennen ist direkt seine vom Kalk gepr\u00e4gte intensive Mineralit\u00e4t. Mit etwas Sauerstoffkontakt gesellen sich fruchtige Aromen, die an Holzbirne, Apfel und Aprikose erinnern hinzu aber auch deutliche exotische Noten von Physalis, Mango, Ananas und Kiwi. Feine wei\u00dfe Pfeffernoten, Koriander und Senfmehl runden das komplexe Aromen Spektrum ab. <\/p>\n<h5>Gaumen<\/h5>\n<p> Kraftvoll und gehaltvoll gleitet er \u00fcber die Zunge. Deutlich kommen hier die saftigen Fruchtnoten in Kombination mit einer salzig anmutenden Mineralit\u00e4t und S\u00e4ure wieder zum Vorschein. Der lange Nachhall ist von einer anregenden Bitternote gepr\u00e4gt, die Appetit auf die Begleitung von gehaltvoller und aromaintensiver K\u00fcche macht. Unbedingt dekantieren und nicht zu kalt aus gro\u00dfen Gl\u00e4sern genie\u00dfen.<\/p>\n<p>Copyright Vinaturel 2025<\/p>\n<p>Keywords: <a href=\"https:\/\/wein-werte.com\/de\/shop\/?swoof=1&#038;pa_producer=Christmann\">Christmann<\/a> <a href=\"https:\/\/wein-werte.com\/de\/shop\/?swoof=1&#038;woof_text=\u00d6lberg-Hart K\u00f6nigsbach Riesling Grosses Gew\u00e4chs\">\u00d6lberg-Hart K\u00f6nigsbach Riesling Grosses Gew\u00e4chs<\/a> 2022 bio <a href=\"https:\/\/wein-werte.com\/de\/shop\/?swoof=1&#038;pa_region=Pfalz\">Pfalz<\/a> <a href=\"https:\/\/wein-werte.com\/de\/shop\/?swoof=1&#038;pa_country=Deutschland\">Deutschland<\/a><\/p>\n<p>Internetseite des Weinguts: <a href=\"https:\/\/weingut-christmann.de\/en\/\" target=\"_blank\">https:\/\/weingut-christmann.de\/en\/<\/a><\/p>\n","protected":false},"excerpt":{"rendered":"<p>Lieferzeit: 1 bis 2 Arbeitstage (DE), 2 bis 5 Arbeitstage (EU and CH)<\/p>\n","protected":false},"featured_media":1141880,"template":"","meta":[],"product_brand":[],"product_cat":[19],"product_tag":[],"class_list":{"0":"post-1130837","1":"product","2":"type-product","3":"status-publish","4":"has-post-thumbnail","6":"product_cat-unkategorisiert","7":"pa_alcohol-for-filter-12893","8":"pa_certified-biodynamic-ja-de","9":"pa_certified-organic-ja-de","10":"pa_colour-weiss","11":"pa_country-deutschland","12":"pa_grape-riesling","13":"pa_price-for-filter-10663","14":"pa_producer-christmann","15":"pa_region-pfalz","16":"pa_size-ml-6584","17":"pa_sweetness-trocken-de","18":"pa_type-2-still-de","19":"pa_vintage-2022-de","20":"entry","21":"has-media","23":"first","24":"instock","25":"taxable","26":"shipping-taxable","27":"purchasable","28":"product-type-simple"},"yoast_head":"<!-- This site is optimized with the Yoast SEO plugin v27.5 - https:\/\/yoast.com\/product\/yoast-seo-wordpress\/ -->\n<title>Christmann \u00d6lberg-Hart K\u00f6nigsbach Riesling Grosses Gew\u00e4chs 2022<\/title>\n<meta name=\"description\" content=\"Kaufe Christmann \u00d6lberg-Hart K\u00f6nigsbach Riesling Grosses Gew\u00e4chs 2022 (Riesling, trocken aus Pfalz, Deutschland) bei Wein Werte, Ihrem nachhaltigen Onlineshop.\" \/>\n<meta name=\"robots\" content=\"index, follow, max-snippet:-1, max-image-preview:large, max-video-preview:-1\" \/>\n<link rel=\"canonical\" href=\"https:\/\/wein-werte.com\/de\/produkt\/christmann-olberg-hart-konigsbach-riesling-grosses-gewachs-2022-750ml\/\" \/>\n<meta property=\"og:locale\" content=\"de_DE\" \/>\n<meta property=\"og:type\" content=\"article\" \/>\n<meta property=\"og:title\" content=\"Christmann \u00d6lberg-Hart K\u00f6nigsbach Riesling Grosses Gew\u00e4chs 2022\" \/>\n<meta property=\"og:description\" content=\"Kaufe Christmann \u00d6lberg-Hart K\u00f6nigsbach Riesling Grosses Gew\u00e4chs 2022 (Riesling, trocken aus Pfalz, Deutschland) bei Wein Werte, Ihrem nachhaltigen Onlineshop.\" \/>\n<meta property=\"og:url\" content=\"https:\/\/wein-werte.com\/de\/produkt\/christmann-olberg-hart-konigsbach-riesling-grosses-gewachs-2022-750ml\/\" \/>\n<meta property=\"og:site_name\" content=\"Wein Werte\" \/>\n<meta property=\"og:image\" content=\"https:\/\/wein-werte.com\/wp-content\/uploads\/2026\/04\/Christmann-Olberg-Hart-Konigsbach-Riesling-Grosses-Gewachs-2022-750ml.png\" \/>\n\t<meta property=\"og:image:width\" content=\"253\" \/>\n\t<meta property=\"og:image:height\" content=\"1200\" \/>\n\t<meta property=\"og:image:type\" content=\"image\/png\" \/>\n<meta name=\"twitter:card\" content=\"summary_large_image\" \/>\n<meta name=\"twitter:label1\" content=\"Gesch\u00e4tzte Lesezeit\" \/>\n\t<meta name=\"twitter:data1\" content=\"2\u00a0Minuten\" \/>\n<script type=\"application\/ld+json\" class=\"yoast-schema-graph\">{\"@context\":\"https:\\\/\\\/schema.org\",\"@graph\":[{\"@type\":\"WebPage\",\"@id\":\"https:\\\/\\\/wein-werte.com\\\/de\\\/produkt\\\/christmann-olberg-hart-konigsbach-riesling-grosses-gewachs-2022-750ml\\\/\",\"url\":\"https:\\\/\\\/wein-werte.com\\\/de\\\/produkt\\\/christmann-olberg-hart-konigsbach-riesling-grosses-gewachs-2022-750ml\\\/\",\"name\":\"Christmann \u00d6lberg-Hart K\u00f6nigsbach Riesling Grosses Gew\u00e4chs 2022\",\"isPartOf\":{\"@id\":\"https:\\\/\\\/wein-werte.com\\\/de\\\/#website\"},\"primaryImageOfPage\":{\"@id\":\"https:\\\/\\\/wein-werte.com\\\/de\\\/produkt\\\/christmann-olberg-hart-konigsbach-riesling-grosses-gewachs-2022-750ml\\\/#primaryimage\"},\"image\":{\"@id\":\"https:\\\/\\\/wein-werte.com\\\/de\\\/produkt\\\/christmann-olberg-hart-konigsbach-riesling-grosses-gewachs-2022-750ml\\\/#primaryimage\"},\"thumbnailUrl\":\"https:\\\/\\\/wein-werte.com\\\/wp-content\\\/uploads\\\/2026\\\/04\\\/Christmann-Olberg-Hart-Konigsbach-Riesling-Grosses-Gewachs-2022-750ml.png\",\"datePublished\":\"2026-05-05T16:19:24+00:00\",\"description\":\"Kaufe Christmann \u00d6lberg-Hart K\u00f6nigsbach Riesling Grosses Gew\u00e4chs 2022 (Riesling, trocken aus Pfalz, Deutschland) bei Wein Werte, Ihrem nachhaltigen Onlineshop.\",\"breadcrumb\":{\"@id\":\"https:\\\/\\\/wein-werte.com\\\/de\\\/produkt\\\/christmann-olberg-hart-konigsbach-riesling-grosses-gewachs-2022-750ml\\\/#breadcrumb\"},\"inLanguage\":\"de\",\"potentialAction\":[{\"@type\":\"ReadAction\",\"target\":[\"https:\\\/\\\/wein-werte.com\\\/de\\\/produkt\\\/christmann-olberg-hart-konigsbach-riesling-grosses-gewachs-2022-750ml\\\/\"]}]},{\"@type\":\"ImageObject\",\"inLanguage\":\"de\",\"@id\":\"https:\\\/\\\/wein-werte.com\\\/de\\\/produkt\\\/christmann-olberg-hart-konigsbach-riesling-grosses-gewachs-2022-750ml\\\/#primaryimage\",\"url\":\"https:\\\/\\\/wein-werte.com\\\/wp-content\\\/uploads\\\/2026\\\/04\\\/Christmann-Olberg-Hart-Konigsbach-Riesling-Grosses-Gewachs-2022-750ml.png\",\"contentUrl\":\"https:\\\/\\\/wein-werte.com\\\/wp-content\\\/uploads\\\/2026\\\/04\\\/Christmann-Olberg-Hart-Konigsbach-Riesling-Grosses-Gewachs-2022-750ml.png\",\"width\":253,\"height\":1200,\"caption\":\"Christmann \u00d6lberg-Hart K\u00f6nigsbach Riesling Grosses Gew\u00e4chs 2022 750ml\"},{\"@type\":\"BreadcrumbList\",\"@id\":\"https:\\\/\\\/wein-werte.com\\\/de\\\/produkt\\\/christmann-olberg-hart-konigsbach-riesling-grosses-gewachs-2022-750ml\\\/#breadcrumb\",\"itemListElement\":[{\"@type\":\"ListItem\",\"position\":1,\"name\":\"Home\",\"item\":\"https:\\\/\\\/wein-werte.com\\\/de\\\/\"},{\"@type\":\"ListItem\",\"position\":2,\"name\":\"Shop\",\"item\":\"https:\\\/\\\/wein-werte.com\\\/de\\\/shop\\\/\"},{\"@type\":\"ListItem\",\"position\":3,\"name\":\"Christmann | Pfalz | \u00d6lberg-Hart K\u00f6nigsbach Riesling Grosses Gew\u00e4chs | 2022 | 750ml | bio\"}]},{\"@type\":\"WebSite\",\"@id\":\"https:\\\/\\\/wein-werte.com\\\/de\\\/#website\",\"url\":\"https:\\\/\\\/wein-werte.com\\\/de\\\/\",\"name\":\"Wein Werte\",\"description\":\"\",\"publisher\":{\"@id\":\"https:\\\/\\\/wein-werte.com\\\/de\\\/#organization\"},\"potentialAction\":[{\"@type\":\"SearchAction\",\"target\":{\"@type\":\"EntryPoint\",\"urlTemplate\":\"https:\\\/\\\/wein-werte.com\\\/de\\\/?s={search_term_string}\"},\"query-input\":{\"@type\":\"PropertyValueSpecification\",\"valueRequired\":true,\"valueName\":\"search_term_string\"}}],\"inLanguage\":\"de\"},{\"@type\":\"Organization\",\"@id\":\"https:\\\/\\\/wein-werte.com\\\/de\\\/#organization\",\"name\":\"Vins Fins Thorrold\",\"url\":\"https:\\\/\\\/wein-werte.com\\\/de\\\/\",\"logo\":{\"@type\":\"ImageObject\",\"inLanguage\":\"de\",\"@id\":\"https:\\\/\\\/wein-werte.com\\\/de\\\/#\\\/schema\\\/logo\\\/image\\\/\",\"url\":\"https:\\\/\\\/wein-werte.com\\\/wp-content\\\/uploads\\\/2023\\\/07\\\/Wein_werte_Logo700-1.png\",\"contentUrl\":\"https:\\\/\\\/wein-werte.com\\\/wp-content\\\/uploads\\\/2023\\\/07\\\/Wein_werte_Logo700-1.png\",\"width\":700,\"height\":272,\"caption\":\"Vins Fins Thorrold\"},\"image\":{\"@id\":\"https:\\\/\\\/wein-werte.com\\\/de\\\/#\\\/schema\\\/logo\\\/image\\\/\"}}]}<\/script>\n<!-- \/ Yoast SEO plugin. -->","yoast_head_json":{"title":"Christmann \u00d6lberg-Hart K\u00f6nigsbach Riesling Grosses Gew\u00e4chs 2022","description":"Kaufe Christmann \u00d6lberg-Hart K\u00f6nigsbach Riesling Grosses Gew\u00e4chs 2022 (Riesling, trocken aus Pfalz, Deutschland) bei Wein Werte, Ihrem nachhaltigen Onlineshop.","robots":{"index":"index","follow":"follow","max-snippet":"max-snippet:-1","max-image-preview":"max-image-preview:large","max-video-preview":"max-video-preview:-1"},"canonical":"https:\/\/wein-werte.com\/de\/produkt\/christmann-olberg-hart-konigsbach-riesling-grosses-gewachs-2022-750ml\/","og_locale":"de_DE","og_type":"article","og_title":"Christmann \u00d6lberg-Hart K\u00f6nigsbach Riesling Grosses Gew\u00e4chs 2022","og_description":"Kaufe Christmann \u00d6lberg-Hart K\u00f6nigsbach Riesling Grosses Gew\u00e4chs 2022 (Riesling, trocken aus Pfalz, Deutschland) bei Wein Werte, Ihrem nachhaltigen Onlineshop.","og_url":"https:\/\/wein-werte.com\/de\/produkt\/christmann-olberg-hart-konigsbach-riesling-grosses-gewachs-2022-750ml\/","og_site_name":"Wein Werte","og_image":[{"width":253,"height":1200,"url":"https:\/\/wein-werte.com\/wp-content\/uploads\/2026\/04\/Christmann-Olberg-Hart-Konigsbach-Riesling-Grosses-Gewachs-2022-750ml.png","type":"image\/png"}],"twitter_card":"summary_large_image","twitter_misc":{"Gesch\u00e4tzte Lesezeit":"2\u00a0Minuten"},"schema":{"@context":"https:\/\/schema.org","@graph":[{"@type":"WebPage","@id":"https:\/\/wein-werte.com\/de\/produkt\/christmann-olberg-hart-konigsbach-riesling-grosses-gewachs-2022-750ml\/","url":"https:\/\/wein-werte.com\/de\/produkt\/christmann-olberg-hart-konigsbach-riesling-grosses-gewachs-2022-750ml\/","name":"Christmann \u00d6lberg-Hart K\u00f6nigsbach Riesling Grosses Gew\u00e4chs 2022","isPartOf":{"@id":"https:\/\/wein-werte.com\/de\/#website"},"primaryImageOfPage":{"@id":"https:\/\/wein-werte.com\/de\/produkt\/christmann-olberg-hart-konigsbach-riesling-grosses-gewachs-2022-750ml\/#primaryimage"},"image":{"@id":"https:\/\/wein-werte.com\/de\/produkt\/christmann-olberg-hart-konigsbach-riesling-grosses-gewachs-2022-750ml\/#primaryimage"},"thumbnailUrl":"https:\/\/wein-werte.com\/wp-content\/uploads\/2026\/04\/Christmann-Olberg-Hart-Konigsbach-Riesling-Grosses-Gewachs-2022-750ml.png","datePublished":"2026-05-05T16:19:24+00:00","description":"Kaufe Christmann \u00d6lberg-Hart K\u00f6nigsbach Riesling Grosses Gew\u00e4chs 2022 (Riesling, trocken aus Pfalz, Deutschland) bei Wein Werte, Ihrem nachhaltigen Onlineshop.","breadcrumb":{"@id":"https:\/\/wein-werte.com\/de\/produkt\/christmann-olberg-hart-konigsbach-riesling-grosses-gewachs-2022-750ml\/#breadcrumb"},"inLanguage":"de","potentialAction":[{"@type":"ReadAction","target":["https:\/\/wein-werte.com\/de\/produkt\/christmann-olberg-hart-konigsbach-riesling-grosses-gewachs-2022-750ml\/"]}]},{"@type":"ImageObject","inLanguage":"de","@id":"https:\/\/wein-werte.com\/de\/produkt\/christmann-olberg-hart-konigsbach-riesling-grosses-gewachs-2022-750ml\/#primaryimage","url":"https:\/\/wein-werte.com\/wp-content\/uploads\/2026\/04\/Christmann-Olberg-Hart-Konigsbach-Riesling-Grosses-Gewachs-2022-750ml.png","contentUrl":"https:\/\/wein-werte.com\/wp-content\/uploads\/2026\/04\/Christmann-Olberg-Hart-Konigsbach-Riesling-Grosses-Gewachs-2022-750ml.png","width":253,"height":1200,"caption":"Christmann \u00d6lberg-Hart K\u00f6nigsbach Riesling Grosses Gew\u00e4chs 2022 750ml"},{"@type":"BreadcrumbList","@id":"https:\/\/wein-werte.com\/de\/produkt\/christmann-olberg-hart-konigsbach-riesling-grosses-gewachs-2022-750ml\/#breadcrumb","itemListElement":[{"@type":"ListItem","position":1,"name":"Home","item":"https:\/\/wein-werte.com\/de\/"},{"@type":"ListItem","position":2,"name":"Shop","item":"https:\/\/wein-werte.com\/de\/shop\/"},{"@type":"ListItem","position":3,"name":"Christmann | Pfalz | \u00d6lberg-Hart K\u00f6nigsbach Riesling Grosses Gew\u00e4chs | 2022 | 750ml | bio"}]},{"@type":"WebSite","@id":"https:\/\/wein-werte.com\/de\/#website","url":"https:\/\/wein-werte.com\/de\/","name":"Wein Werte","description":"","publisher":{"@id":"https:\/\/wein-werte.com\/de\/#organization"},"potentialAction":[{"@type":"SearchAction","target":{"@type":"EntryPoint","urlTemplate":"https:\/\/wein-werte.com\/de\/?s={search_term_string}"},"query-input":{"@type":"PropertyValueSpecification","valueRequired":true,"valueName":"search_term_string"}}],"inLanguage":"de"},{"@type":"Organization","@id":"https:\/\/wein-werte.com\/de\/#organization","name":"Vins Fins Thorrold","url":"https:\/\/wein-werte.com\/de\/","logo":{"@type":"ImageObject","inLanguage":"de","@id":"https:\/\/wein-werte.com\/de\/#\/schema\/logo\/image\/","url":"https:\/\/wein-werte.com\/wp-content\/uploads\/2023\/07\/Wein_werte_Logo700-1.png","contentUrl":"https:\/\/wein-werte.com\/wp-content\/uploads\/2023\/07\/Wein_werte_Logo700-1.png","width":700,"height":272,"caption":"Vins Fins Thorrold"},"image":{"@id":"https:\/\/wein-werte.com\/de\/#\/schema\/logo\/image\/"}}]}},"_links":{"self":[{"href":"https:\/\/wein-werte.com\/de\/wp-json\/wp\/v2\/product\/1130837","targetHints":{"allow":["GET"]}}],"collection":[{"href":"https:\/\/wein-werte.com\/de\/wp-json\/wp\/v2\/product"}],"about":[{"href":"https:\/\/wein-werte.com\/de\/wp-json\/wp\/v2\/types\/product"}],"wp:featuredmedia":[{"embeddable":true,"href":"https:\/\/wein-werte.com\/de\/wp-json\/wp\/v2\/media\/1141880"}],"wp:attachment":[{"href":"https:\/\/wein-werte.com\/de\/wp-json\/wp\/v2\/media?parent=1130837"}],"wp:term":[{"taxonomy":"product_brand","embeddable":true,"href":"https:\/\/wein-werte.com\/de\/wp-json\/wp\/v2\/product_brand?post=1130837"},{"taxonomy":"product_cat","embeddable":true,"href":"https:\/\/wein-werte.com\/de\/wp-json\/wp\/v2\/product_cat?post=1130837"},{"taxonomy":"product_tag","embeddable":true,"href":"https:\/\/wein-werte.com\/de\/wp-json\/wp\/v2\/product_tag?post=1130837"}],"curies":[{"name":"wp","href":"https:\/\/api.w.org\/{rel}","templated":true}]}}