{"id":1130832,"date":"2026-05-05T18:19:24","date_gmt":"2026-05-05T16:19:24","guid":{"rendered":"https:\/\/wein-werte.com\/product\/christmann-gimmeldinger-meerspinne-riesling-grosses-gewachs-2022-750ml\/"},"modified":"2026-04-27T11:46:31","modified_gmt":"2026-04-27T09:46:31","slug":"christmann-gimmeldinger-meerspinne-riesling-grosses-gewachs-2022-750ml","status":"publish","type":"product","link":"https:\/\/wein-werte.com\/de\/produkt\/christmann-gimmeldinger-meerspinne-riesling-grosses-gewachs-2022-750ml\/","title":{"rendered":"Christmann | Pfalz | Gimmeldinger Meerspinne Riesling Grosses Gew\u00e4chs | 2022 | 750ml | bio"},"content":{"rendered":"<p>Produktbeschreibung f\u00fcr Christmann Gimmeldinger Meerspinne Riesling Grosses Gew\u00e4chs 2022 (bio) <\/p>\n<h5>Informationen zum Wein<\/h5>\n<p> Bereits im Jahr 1456 wird die \u201eMersbin\u201c im Zinsbuch der M\u00f6nche des Klosters Wei\u00dfenburg im Elsass als Herkunft ausgezeichneter Weine ausgewiesen. Auch heute noch gilt dieser Weinberg als die beste Lage in Gimmeldingen. Bis 2014 verwendeten wir den Namen Mandelgarten, ab dem Jahrgang 2015 wieder die historische Bezeichnung der Lage: Meerspinne. Sie liegt auf einem Vorh\u00fcgel, der nach S\u00fcdosten zum Rhein abf\u00e4llt. Im Ausgangsbereich des Gimmeldinger Tals gelegen, wird das Kleinklima durch gro\u00dfe Tag-Nacht-Unterschiede gepr\u00e4gt, die durch den n\u00e4chtlichen Kaltluftstrom aus dem Pf\u00e4lzerwald entstehen und f\u00fcr feine S\u00e4uren und Frische sorgen. Der H\u00fcgel besteht im Unterboden aus massivem Kalk. Auf diesem Kalkr\u00fccken lagerte sich \u00fcber Jahrhunderte hinweg eine Mischung aus hangabw\u00e4rts erodiertem Buntsandsteinger\u00f6ll und angewehtem kalkhaltigen L\u00f6ss ab. <\/p>\n<h5>Informationen zum Ausbau<\/h5>\n<p> 100% selektive Handlese in kleine Kisten, Spontang\u00e4rung im gro\u00dfen Holzfass. <\/p>\n<h5>Farbe<\/h5>\n<p> Helles Goldgelb mit zarten gr\u00fcnen Reflexen <\/p>\n<h5>Nase<\/h5>\n<p> Der 2022er Meerspinne Riesling Gro\u00dfe Lage zeigt sich mit k\u00fchler Finesse und vielschichtiger Frucht von Zitrus, Quitte, Apfel- und Orangenschale. Alles eingefasst in eine kompakte und pr\u00e4gnante Mineralit\u00e4t. Im momentanen Stadium tut ihm das Umf\u00fcllen in die Karaffe gut , dann zeigen sich neben den k\u00fchlen steinigen Noten auch Kr\u00e4uteraromen und ein Hauch von Ingwer und Koriander. <\/p>\n<h5>Gaumen<\/h5>\n<p> Feingliedrig und zugleich dicht l\u00e4uft er \u00fcber den Gaumen, den er mit salziger Note und belebender S\u00e4ure kitzelt. Seine feine herbe Note und der moderate Alkohol von 12 Vol% l\u00e4dt zum Weingenuss ein, ein Wein, der Fisch- und Krustentiergerichte genauso liebt, wie salzig und pikante Gem\u00fcsevariationen. Wenn man ihn in seinem jugendlichen Stadium verkosten m\u00f6chte sollte man ihn unbedingt dekantieren und nicht zu kalt in einem ausreichend gro\u00dfen Glas servieren.<\/p>\n<p>Copyright Vinaturel 2025<\/p>\n<p>Keywords: <a href=\"https:\/\/wein-werte.com\/de\/shop\/?swoof=1&#038;pa_producer=Christmann\">Christmann<\/a> <a href=\"https:\/\/wein-werte.com\/de\/shop\/?swoof=1&#038;woof_text=Gimmeldinger Meerspinne Riesling Grosses Gew\u00e4chs\">Gimmeldinger Meerspinne Riesling Grosses Gew\u00e4chs<\/a> 2022 bio <a href=\"https:\/\/wein-werte.com\/de\/shop\/?swoof=1&#038;pa_region=Pfalz\">Pfalz<\/a> <a href=\"https:\/\/wein-werte.com\/de\/shop\/?swoof=1&#038;pa_country=Deutschland\">Deutschland<\/a><\/p>\n<h3>Vinous<\/h3>\n<p>Punkte: 93<\/p>\n<p>Der Riesling Gimmeldinger Meerspinne Grosses Gew\u00e4chs 2022 liegt direkt unterhalb des Kapellenbergs auf L\u00f6ss und Lehm mit kalkhaltigen Adern. Ein Hauch von Fenchelsamen verleiht dem Wein eine w\u00fcrzige Note. Am Gaumen gesellt sich eine apfelig-herbe Saftigkeit hinzu, spritzig, flie\u00dfend, lebendig und rund, aber stets mit feinen Zitrusnoten unterlegt. Der Abgang ist absolut klar, klar wie eine Glocke, mit einem spritzigen Abgang und einem langen, reinen Nachhall. (Knochentrocken) \u2013 Anne Krebiehl MW<br \/>Trinkfenster: 2025\u20132045<br \/>Testdatum: Dezember 2023<\/p>\n<p>Internetseite des Weinguts: <a href=\"https:\/\/weingut-christmann.de\/en\/\" target=\"_blank\">https:\/\/weingut-christmann.de\/en\/<\/a><\/p>\n","protected":false},"excerpt":{"rendered":"<p>Lieferzeit: 1 bis 2 Arbeitstage (DE), 2 bis 5 Arbeitstage (EU and CH)<\/p>\n","protected":false},"featured_media":1141876,"template":"","meta":[],"product_brand":[],"product_cat":[19],"product_tag":[],"class_list":{"0":"post-1130832","1":"product","2":"type-product","3":"status-publish","4":"has-post-thumbnail","6":"product_cat-unkategorisiert","7":"pa_alcohol-for-filter-12893","8":"pa_certified-biodynamic-ja-de","9":"pa_certified-organic-ja-de","10":"pa_colour-weiss","11":"pa_country-deutschland","12":"pa_grape-riesling","13":"pa_price-for-filter-10663","14":"pa_producer-christmann","15":"pa_region-pfalz","16":"pa_size-ml-6584","17":"pa_sweetness-trocken-de","18":"pa_type-2-still-de","19":"pa_vinous-points-for-filter-20031","20":"pa_vintage-2022-de","21":"entry","22":"has-media","24":"first","25":"instock","26":"taxable","27":"shipping-taxable","28":"purchasable","29":"product-type-simple"},"yoast_head":"<!-- This site is optimized with the Yoast SEO plugin v27.5 - https:\/\/yoast.com\/product\/yoast-seo-wordpress\/ -->\n<title>Christmann Gimmeldinger Meerspinne Riesling Grosses Gew\u00e4chs 2022<\/title>\n<meta name=\"description\" content=\"Kaufe Christmann Gimmeldinger Meerspinne Riesling Grosses Gew\u00e4chs 2022 (Riesling, trocken aus Pfalz, Deutschland) bei Wein Werte, Ihrem nachhaltigen Onlineshop.\" \/>\n<meta name=\"robots\" content=\"index, follow, max-snippet:-1, max-image-preview:large, max-video-preview:-1\" \/>\n<link rel=\"canonical\" href=\"https:\/\/wein-werte.com\/de\/produkt\/christmann-gimmeldinger-meerspinne-riesling-grosses-gewachs-2022-750ml\/\" \/>\n<meta property=\"og:locale\" content=\"de_DE\" \/>\n<meta property=\"og:type\" content=\"article\" \/>\n<meta property=\"og:title\" content=\"Christmann Gimmeldinger Meerspinne Riesling Grosses Gew\u00e4chs 2022\" \/>\n<meta property=\"og:description\" content=\"Kaufe Christmann Gimmeldinger Meerspinne Riesling Grosses Gew\u00e4chs 2022 (Riesling, trocken aus Pfalz, Deutschland) bei Wein Werte, Ihrem nachhaltigen Onlineshop.\" \/>\n<meta property=\"og:url\" content=\"https:\/\/wein-werte.com\/de\/produkt\/christmann-gimmeldinger-meerspinne-riesling-grosses-gewachs-2022-750ml\/\" \/>\n<meta property=\"og:site_name\" content=\"Wein Werte\" \/>\n<meta property=\"og:image\" content=\"https:\/\/wein-werte.com\/wp-content\/uploads\/2026\/04\/Christmann-Gimmeldinger-Meerspinne-Riesling-Grosses-Gewachs-2022-750ml.png\" \/>\n\t<meta property=\"og:image:width\" content=\"254\" \/>\n\t<meta property=\"og:image:height\" content=\"1200\" \/>\n\t<meta property=\"og:image:type\" content=\"image\/png\" \/>\n<meta name=\"twitter:card\" content=\"summary_large_image\" \/>\n<meta name=\"twitter:label1\" content=\"Gesch\u00e4tzte Lesezeit\" \/>\n\t<meta name=\"twitter:data1\" content=\"2\u00a0Minuten\" \/>\n<script type=\"application\/ld+json\" class=\"yoast-schema-graph\">{\"@context\":\"https:\\\/\\\/schema.org\",\"@graph\":[{\"@type\":\"WebPage\",\"@id\":\"https:\\\/\\\/wein-werte.com\\\/de\\\/produkt\\\/christmann-gimmeldinger-meerspinne-riesling-grosses-gewachs-2022-750ml\\\/\",\"url\":\"https:\\\/\\\/wein-werte.com\\\/de\\\/produkt\\\/christmann-gimmeldinger-meerspinne-riesling-grosses-gewachs-2022-750ml\\\/\",\"name\":\"Christmann Gimmeldinger Meerspinne Riesling Grosses Gew\u00e4chs 2022\",\"isPartOf\":{\"@id\":\"https:\\\/\\\/wein-werte.com\\\/de\\\/#website\"},\"primaryImageOfPage\":{\"@id\":\"https:\\\/\\\/wein-werte.com\\\/de\\\/produkt\\\/christmann-gimmeldinger-meerspinne-riesling-grosses-gewachs-2022-750ml\\\/#primaryimage\"},\"image\":{\"@id\":\"https:\\\/\\\/wein-werte.com\\\/de\\\/produkt\\\/christmann-gimmeldinger-meerspinne-riesling-grosses-gewachs-2022-750ml\\\/#primaryimage\"},\"thumbnailUrl\":\"https:\\\/\\\/wein-werte.com\\\/wp-content\\\/uploads\\\/2026\\\/04\\\/Christmann-Gimmeldinger-Meerspinne-Riesling-Grosses-Gewachs-2022-750ml.png\",\"datePublished\":\"2026-05-05T16:19:24+00:00\",\"description\":\"Kaufe Christmann Gimmeldinger Meerspinne Riesling Grosses Gew\u00e4chs 2022 (Riesling, trocken aus Pfalz, Deutschland) bei Wein Werte, Ihrem nachhaltigen Onlineshop.\",\"breadcrumb\":{\"@id\":\"https:\\\/\\\/wein-werte.com\\\/de\\\/produkt\\\/christmann-gimmeldinger-meerspinne-riesling-grosses-gewachs-2022-750ml\\\/#breadcrumb\"},\"inLanguage\":\"de\",\"potentialAction\":[{\"@type\":\"ReadAction\",\"target\":[\"https:\\\/\\\/wein-werte.com\\\/de\\\/produkt\\\/christmann-gimmeldinger-meerspinne-riesling-grosses-gewachs-2022-750ml\\\/\"]}]},{\"@type\":\"ImageObject\",\"inLanguage\":\"de\",\"@id\":\"https:\\\/\\\/wein-werte.com\\\/de\\\/produkt\\\/christmann-gimmeldinger-meerspinne-riesling-grosses-gewachs-2022-750ml\\\/#primaryimage\",\"url\":\"https:\\\/\\\/wein-werte.com\\\/wp-content\\\/uploads\\\/2026\\\/04\\\/Christmann-Gimmeldinger-Meerspinne-Riesling-Grosses-Gewachs-2022-750ml.png\",\"contentUrl\":\"https:\\\/\\\/wein-werte.com\\\/wp-content\\\/uploads\\\/2026\\\/04\\\/Christmann-Gimmeldinger-Meerspinne-Riesling-Grosses-Gewachs-2022-750ml.png\",\"width\":254,\"height\":1200,\"caption\":\"Christmann Gimmeldinger Meerspinne Riesling Grosses Gew\u00e4chs 2022 750ml\"},{\"@type\":\"BreadcrumbList\",\"@id\":\"https:\\\/\\\/wein-werte.com\\\/de\\\/produkt\\\/christmann-gimmeldinger-meerspinne-riesling-grosses-gewachs-2022-750ml\\\/#breadcrumb\",\"itemListElement\":[{\"@type\":\"ListItem\",\"position\":1,\"name\":\"Home\",\"item\":\"https:\\\/\\\/wein-werte.com\\\/de\\\/\"},{\"@type\":\"ListItem\",\"position\":2,\"name\":\"Shop\",\"item\":\"https:\\\/\\\/wein-werte.com\\\/de\\\/shop\\\/\"},{\"@type\":\"ListItem\",\"position\":3,\"name\":\"Christmann | Pfalz | Gimmeldinger Meerspinne Riesling Grosses Gew\u00e4chs | 2022 | 750ml | bio\"}]},{\"@type\":\"WebSite\",\"@id\":\"https:\\\/\\\/wein-werte.com\\\/de\\\/#website\",\"url\":\"https:\\\/\\\/wein-werte.com\\\/de\\\/\",\"name\":\"Wein Werte\",\"description\":\"\",\"publisher\":{\"@id\":\"https:\\\/\\\/wein-werte.com\\\/de\\\/#organization\"},\"potentialAction\":[{\"@type\":\"SearchAction\",\"target\":{\"@type\":\"EntryPoint\",\"urlTemplate\":\"https:\\\/\\\/wein-werte.com\\\/de\\\/?s={search_term_string}\"},\"query-input\":{\"@type\":\"PropertyValueSpecification\",\"valueRequired\":true,\"valueName\":\"search_term_string\"}}],\"inLanguage\":\"de\"},{\"@type\":\"Organization\",\"@id\":\"https:\\\/\\\/wein-werte.com\\\/de\\\/#organization\",\"name\":\"Vins Fins Thorrold\",\"url\":\"https:\\\/\\\/wein-werte.com\\\/de\\\/\",\"logo\":{\"@type\":\"ImageObject\",\"inLanguage\":\"de\",\"@id\":\"https:\\\/\\\/wein-werte.com\\\/de\\\/#\\\/schema\\\/logo\\\/image\\\/\",\"url\":\"https:\\\/\\\/wein-werte.com\\\/wp-content\\\/uploads\\\/2023\\\/07\\\/Wein_werte_Logo700-1.png\",\"contentUrl\":\"https:\\\/\\\/wein-werte.com\\\/wp-content\\\/uploads\\\/2023\\\/07\\\/Wein_werte_Logo700-1.png\",\"width\":700,\"height\":272,\"caption\":\"Vins Fins Thorrold\"},\"image\":{\"@id\":\"https:\\\/\\\/wein-werte.com\\\/de\\\/#\\\/schema\\\/logo\\\/image\\\/\"}}]}<\/script>\n<!-- \/ Yoast SEO plugin. -->","yoast_head_json":{"title":"Christmann Gimmeldinger Meerspinne Riesling Grosses Gew\u00e4chs 2022","description":"Kaufe Christmann Gimmeldinger Meerspinne Riesling Grosses Gew\u00e4chs 2022 (Riesling, trocken aus Pfalz, Deutschland) bei Wein Werte, Ihrem nachhaltigen Onlineshop.","robots":{"index":"index","follow":"follow","max-snippet":"max-snippet:-1","max-image-preview":"max-image-preview:large","max-video-preview":"max-video-preview:-1"},"canonical":"https:\/\/wein-werte.com\/de\/produkt\/christmann-gimmeldinger-meerspinne-riesling-grosses-gewachs-2022-750ml\/","og_locale":"de_DE","og_type":"article","og_title":"Christmann Gimmeldinger Meerspinne Riesling Grosses Gew\u00e4chs 2022","og_description":"Kaufe Christmann Gimmeldinger Meerspinne Riesling Grosses Gew\u00e4chs 2022 (Riesling, trocken aus Pfalz, Deutschland) bei Wein Werte, Ihrem nachhaltigen Onlineshop.","og_url":"https:\/\/wein-werte.com\/de\/produkt\/christmann-gimmeldinger-meerspinne-riesling-grosses-gewachs-2022-750ml\/","og_site_name":"Wein Werte","og_image":[{"width":254,"height":1200,"url":"https:\/\/wein-werte.com\/wp-content\/uploads\/2026\/04\/Christmann-Gimmeldinger-Meerspinne-Riesling-Grosses-Gewachs-2022-750ml.png","type":"image\/png"}],"twitter_card":"summary_large_image","twitter_misc":{"Gesch\u00e4tzte Lesezeit":"2\u00a0Minuten"},"schema":{"@context":"https:\/\/schema.org","@graph":[{"@type":"WebPage","@id":"https:\/\/wein-werte.com\/de\/produkt\/christmann-gimmeldinger-meerspinne-riesling-grosses-gewachs-2022-750ml\/","url":"https:\/\/wein-werte.com\/de\/produkt\/christmann-gimmeldinger-meerspinne-riesling-grosses-gewachs-2022-750ml\/","name":"Christmann Gimmeldinger Meerspinne Riesling Grosses Gew\u00e4chs 2022","isPartOf":{"@id":"https:\/\/wein-werte.com\/de\/#website"},"primaryImageOfPage":{"@id":"https:\/\/wein-werte.com\/de\/produkt\/christmann-gimmeldinger-meerspinne-riesling-grosses-gewachs-2022-750ml\/#primaryimage"},"image":{"@id":"https:\/\/wein-werte.com\/de\/produkt\/christmann-gimmeldinger-meerspinne-riesling-grosses-gewachs-2022-750ml\/#primaryimage"},"thumbnailUrl":"https:\/\/wein-werte.com\/wp-content\/uploads\/2026\/04\/Christmann-Gimmeldinger-Meerspinne-Riesling-Grosses-Gewachs-2022-750ml.png","datePublished":"2026-05-05T16:19:24+00:00","description":"Kaufe Christmann Gimmeldinger Meerspinne Riesling Grosses Gew\u00e4chs 2022 (Riesling, trocken aus Pfalz, Deutschland) bei Wein Werte, Ihrem nachhaltigen Onlineshop.","breadcrumb":{"@id":"https:\/\/wein-werte.com\/de\/produkt\/christmann-gimmeldinger-meerspinne-riesling-grosses-gewachs-2022-750ml\/#breadcrumb"},"inLanguage":"de","potentialAction":[{"@type":"ReadAction","target":["https:\/\/wein-werte.com\/de\/produkt\/christmann-gimmeldinger-meerspinne-riesling-grosses-gewachs-2022-750ml\/"]}]},{"@type":"ImageObject","inLanguage":"de","@id":"https:\/\/wein-werte.com\/de\/produkt\/christmann-gimmeldinger-meerspinne-riesling-grosses-gewachs-2022-750ml\/#primaryimage","url":"https:\/\/wein-werte.com\/wp-content\/uploads\/2026\/04\/Christmann-Gimmeldinger-Meerspinne-Riesling-Grosses-Gewachs-2022-750ml.png","contentUrl":"https:\/\/wein-werte.com\/wp-content\/uploads\/2026\/04\/Christmann-Gimmeldinger-Meerspinne-Riesling-Grosses-Gewachs-2022-750ml.png","width":254,"height":1200,"caption":"Christmann Gimmeldinger Meerspinne Riesling Grosses Gew\u00e4chs 2022 750ml"},{"@type":"BreadcrumbList","@id":"https:\/\/wein-werte.com\/de\/produkt\/christmann-gimmeldinger-meerspinne-riesling-grosses-gewachs-2022-750ml\/#breadcrumb","itemListElement":[{"@type":"ListItem","position":1,"name":"Home","item":"https:\/\/wein-werte.com\/de\/"},{"@type":"ListItem","position":2,"name":"Shop","item":"https:\/\/wein-werte.com\/de\/shop\/"},{"@type":"ListItem","position":3,"name":"Christmann | Pfalz | Gimmeldinger Meerspinne Riesling Grosses Gew\u00e4chs | 2022 | 750ml | bio"}]},{"@type":"WebSite","@id":"https:\/\/wein-werte.com\/de\/#website","url":"https:\/\/wein-werte.com\/de\/","name":"Wein Werte","description":"","publisher":{"@id":"https:\/\/wein-werte.com\/de\/#organization"},"potentialAction":[{"@type":"SearchAction","target":{"@type":"EntryPoint","urlTemplate":"https:\/\/wein-werte.com\/de\/?s={search_term_string}"},"query-input":{"@type":"PropertyValueSpecification","valueRequired":true,"valueName":"search_term_string"}}],"inLanguage":"de"},{"@type":"Organization","@id":"https:\/\/wein-werte.com\/de\/#organization","name":"Vins Fins Thorrold","url":"https:\/\/wein-werte.com\/de\/","logo":{"@type":"ImageObject","inLanguage":"de","@id":"https:\/\/wein-werte.com\/de\/#\/schema\/logo\/image\/","url":"https:\/\/wein-werte.com\/wp-content\/uploads\/2023\/07\/Wein_werte_Logo700-1.png","contentUrl":"https:\/\/wein-werte.com\/wp-content\/uploads\/2023\/07\/Wein_werte_Logo700-1.png","width":700,"height":272,"caption":"Vins Fins Thorrold"},"image":{"@id":"https:\/\/wein-werte.com\/de\/#\/schema\/logo\/image\/"}}]}},"_links":{"self":[{"href":"https:\/\/wein-werte.com\/de\/wp-json\/wp\/v2\/product\/1130832","targetHints":{"allow":["GET"]}}],"collection":[{"href":"https:\/\/wein-werte.com\/de\/wp-json\/wp\/v2\/product"}],"about":[{"href":"https:\/\/wein-werte.com\/de\/wp-json\/wp\/v2\/types\/product"}],"wp:featuredmedia":[{"embeddable":true,"href":"https:\/\/wein-werte.com\/de\/wp-json\/wp\/v2\/media\/1141876"}],"wp:attachment":[{"href":"https:\/\/wein-werte.com\/de\/wp-json\/wp\/v2\/media?parent=1130832"}],"wp:term":[{"taxonomy":"product_brand","embeddable":true,"href":"https:\/\/wein-werte.com\/de\/wp-json\/wp\/v2\/product_brand?post=1130832"},{"taxonomy":"product_cat","embeddable":true,"href":"https:\/\/wein-werte.com\/de\/wp-json\/wp\/v2\/product_cat?post=1130832"},{"taxonomy":"product_tag","embeddable":true,"href":"https:\/\/wein-werte.com\/de\/wp-json\/wp\/v2\/product_tag?post=1130832"}],"curies":[{"name":"wp","href":"https:\/\/api.w.org\/{rel}","templated":true}]}}