{"id":1130744,"date":"2026-05-05T18:19:17","date_gmt":"2026-05-05T16:19:17","guid":{"rendered":"https:\/\/wein-werte.com\/product\/clemens-busch-riesling-marienburg-spatlese-goldkapsel-2023-750ml\/"},"modified":"2026-04-27T11:46:24","modified_gmt":"2026-04-27T09:46:24","slug":"clemens-busch-riesling-marienburg-spatlese-goldkapsel-2023-750ml","status":"publish","type":"product","link":"https:\/\/wein-werte.com\/de\/produkt\/clemens-busch-riesling-marienburg-spatlese-goldkapsel-2023-750ml\/","title":{"rendered":"Clemens Busch | Mosel | Riesling Marienburg Sp\u00e4tlese Goldkapsel VDP Grosse Lage | 2023 | 750ml | bio"},"content":{"rendered":"<p>Produktbeschreibung f\u00fcr Clemens Busch Riesling Marienburg Sp\u00e4tlese Goldkapsel VDP Grosse Lage 2023 (bio) <\/p>\n<h5>Info zum Wein<\/h5>\n<p> Die H\u00e4nge von der P\u00fcndericher Marienburg sind nach S\u00fcden, S\u00fcdwesten oder S\u00fcdosten ausgerichtet, sodass optimaler Sonnenschein garantiert ist. Der Boden besteht zum gr\u00f6\u00dften Teil aus verwittertem grauem Schiefer. Die Reben sind \u00fcber 30 Jahre alt und \u00fcberstehen auch trockene Perioden ohne Probleme. F\u00fcr die Sp\u00e4tlese Goldkapsel selektiert Clemens Busch hochreife Trauben mit einem Botrytisanteil von ca. 10 Prozent. Im alten Fuder-Fass spontan vergoren, bei einem erreichten Alkoholgehalt von ca. 7,5 Vol% gek\u00fchlt und von der Hefe gezogen. In der Regel werden die Pr\u00e4dikatsweine im Mai gef\u00fcllt. <\/p>\n<h5>Farbe<\/h5>\n<p> Helles, funkelndes Goldgelb mit gr\u00fcnen Reflexen. <\/p>\n<h5>Nase<\/h5>\n<p> Die 2023er Marienburg Riesling Sp\u00e4tlese Goldkapsel wirkt im jugendlichen Stadium noch etwas verschlossen, es liegt ein Teppich von kompakter Mineralit\u00e4t, der im Moment noch wundersch\u00f6n pr\u00e4sent ist. Nach dem schwungvollen Umf\u00fcllen in die Karaffe er\u00f6ffnen sich traumhafte Aromen von Apfel, Zitrone, s\u00fc\u00dfer Birne, reifer Ananas, Bl\u00fctenhonig und Holunder. Alle Aromen sind facettenreich und feingliedrig ineinander verwoben und bet\u00f6ren mit ihrer Duftigkeit und Eleganz. Ein wahres Meisterwerk k\u00fcndigt sich an. <\/p>\n<h5>Gaumen<\/h5>\n<p> Auf der Zunge ist es die betonte Mineralit\u00e4t eingefasst in die saftige helle Frucht und die facettenreiche, betonte und zugleich elegante S\u00fc\u00dfe die hier auf die B\u00fchne treten. Ein Meisterwerk, das von einem fantastischen S\u00fc\u00dfe-S\u00e4ure-Spiel lebt und gemacht ist f\u00fcr die Ewigkeit. Wer ihn im jugendlichen Stadium schon genie\u00dfen m\u00f6chte sollte in unbedingt dekantieren, es stehen ihm auf jeden Fall viele weitere Jahre der Lagerung sehr gut zu Gesicht. <\/p>\n<p>Copyright Vinaturel 2025<\/p>\n<p>Keywords: <a href=\"https:\/\/wein-werte.com\/de\/shop\/?swoof=1&#038;pa_producer=Clemens-Busch\">Clemens Busch<\/a> <a href=\"https:\/\/wein-werte.com\/de\/shop\/?swoof=1&#038;woof_text=Riesling Marienburg Sp\u00e4tlese Goldkapsel VDP Grosse Lage\">Riesling Marienburg Sp\u00e4tlese Goldkapsel VDP Grosse Lage<\/a> 2023 bio <a href=\"https:\/\/wein-werte.com\/de\/shop\/?swoof=1&#038;pa_region=Mosel\">Mosel<\/a> <a href=\"https:\/\/wein-werte.com\/de\/shop\/?swoof=1&#038;pa_country=Deutschland\">Deutschland<\/a><\/p>\n<h3>Vinous<\/h3>\n<p>Punkte: 95<\/p>\n<p>Die P\u00fcndericher Marienburg Sp\u00e4tlese Goldkapsel 2023 wurde ohne Botrytis aus Trauben der Falkenlay- und Fahrlay-Region der Marienburg gekeltert, die f\u00fcr die GG-Sorte zu weit gereift waren. Geschmeidiger Pfirsich und lebhafte Zitrone kontrastieren in der Nase mit Schiefer. Der Wein prickelt und verspr\u00fcht S\u00fc\u00dfe, Klarheit und Steinigkeit. Keine Schwere, nur exquisite Leichtigkeit, Leichtigkeit und Eleganz. Er tanzt, dreht Pirouetten, schwankt auf Zehenspitzen und bauscht sein Tutu auf. Einfach wunderbar und so spritzig. Trotz all seiner Verspieltheit sollte man ihn ernst nehmen. Der 2023er wird noch Jahrzehnte gl\u00e4nzen. (S\u00fc\u00df) \u2013 Anne Krebiehl MW<br \/>Trinkfenster: 2028\u20132060<br \/>Bewertungsdatum: Dez. 2024<\/p>\n<p>Internetseite des Weinguts: <a href=\"https:\/\/clemens-busch.de\/\" target=\"_blank\">https:\/\/clemens-busch.de\/<\/a><\/p>\n","protected":false},"excerpt":{"rendered":"<p>Lieferzeit: 1 bis 2 Arbeitstage (DE), 2 bis 5 Arbeitstage (EU and CH)<\/p>\n","protected":false},"featured_media":1141806,"template":"","meta":[],"product_brand":[],"product_cat":[19],"product_tag":[],"class_list":{"0":"post-1130744","1":"product","2":"type-product","3":"status-publish","4":"has-post-thumbnail","6":"product_cat-unkategorisiert","7":"pa_alcohol-for-filter-7-5","8":"pa_certified-biodynamic-ja-de","9":"pa_certified-organic-ja-de","10":"pa_colour-weiss","11":"pa_country-deutschland","12":"pa_grape-riesling","13":"pa_price-for-filter-10584","14":"pa_producer-clemens-busch","15":"pa_region-mosel","16":"pa_size-ml-6584","17":"pa_sweetness-suess-de","18":"pa_type-2-still-de","19":"pa_vinous-points-for-filter-20035","20":"pa_vintage-2023-de","21":"entry","22":"has-media","24":"first","25":"instock","26":"taxable","27":"shipping-taxable","28":"purchasable","29":"product-type-simple"},"yoast_head":"<!-- This site is optimized with the Yoast SEO plugin v27.5 - https:\/\/yoast.com\/product\/yoast-seo-wordpress\/ -->\n<title>Clemens Busch Riesling Marienburg Sp\u00e4tlese Goldkapsel 2023<\/title>\n<meta name=\"description\" content=\"Kaufe Clemens Busch Riesling Marienburg Sp\u00e4tlese Goldkapsel 2023 (Riesling, s\u00fc\u00df aus Mosel, Deutschland) bei Wein Werte, Ihrem nachhaltigen Onlineshop.\" \/>\n<meta name=\"robots\" content=\"index, follow, max-snippet:-1, max-image-preview:large, max-video-preview:-1\" \/>\n<link rel=\"canonical\" href=\"https:\/\/wein-werte.com\/de\/produkt\/clemens-busch-riesling-marienburg-spatlese-goldkapsel-2023-750ml\/\" \/>\n<meta property=\"og:locale\" content=\"de_DE\" \/>\n<meta property=\"og:type\" content=\"article\" \/>\n<meta property=\"og:title\" content=\"Clemens Busch Riesling Marienburg Sp\u00e4tlese Goldkapsel 2023\" \/>\n<meta property=\"og:description\" content=\"Kaufe Clemens Busch Riesling Marienburg Sp\u00e4tlese Goldkapsel 2023 (Riesling, s\u00fc\u00df aus Mosel, Deutschland) bei Wein Werte, Ihrem nachhaltigen Onlineshop.\" \/>\n<meta property=\"og:url\" content=\"https:\/\/wein-werte.com\/de\/produkt\/clemens-busch-riesling-marienburg-spatlese-goldkapsel-2023-750ml\/\" \/>\n<meta property=\"og:site_name\" content=\"Wein Werte\" \/>\n<meta property=\"og:image\" content=\"https:\/\/wein-werte.com\/wp-content\/uploads\/2026\/04\/Clemens-Busch-Riesling-Marienburg-Spatlese-Goldkapsel-2023-750ml.png\" \/>\n\t<meta property=\"og:image:width\" content=\"253\" \/>\n\t<meta property=\"og:image:height\" content=\"1200\" \/>\n\t<meta property=\"og:image:type\" content=\"image\/png\" \/>\n<meta name=\"twitter:card\" content=\"summary_large_image\" \/>\n<meta name=\"twitter:label1\" content=\"Gesch\u00e4tzte Lesezeit\" \/>\n\t<meta name=\"twitter:data1\" content=\"2\u00a0Minuten\" \/>\n<script type=\"application\/ld+json\" class=\"yoast-schema-graph\">{\"@context\":\"https:\\\/\\\/schema.org\",\"@graph\":[{\"@type\":\"WebPage\",\"@id\":\"https:\\\/\\\/wein-werte.com\\\/de\\\/produkt\\\/clemens-busch-riesling-marienburg-spatlese-goldkapsel-2023-750ml\\\/\",\"url\":\"https:\\\/\\\/wein-werte.com\\\/de\\\/produkt\\\/clemens-busch-riesling-marienburg-spatlese-goldkapsel-2023-750ml\\\/\",\"name\":\"Clemens Busch Riesling Marienburg Sp\u00e4tlese Goldkapsel 2023\",\"isPartOf\":{\"@id\":\"https:\\\/\\\/wein-werte.com\\\/de\\\/#website\"},\"primaryImageOfPage\":{\"@id\":\"https:\\\/\\\/wein-werte.com\\\/de\\\/produkt\\\/clemens-busch-riesling-marienburg-spatlese-goldkapsel-2023-750ml\\\/#primaryimage\"},\"image\":{\"@id\":\"https:\\\/\\\/wein-werte.com\\\/de\\\/produkt\\\/clemens-busch-riesling-marienburg-spatlese-goldkapsel-2023-750ml\\\/#primaryimage\"},\"thumbnailUrl\":\"https:\\\/\\\/wein-werte.com\\\/wp-content\\\/uploads\\\/2026\\\/04\\\/Clemens-Busch-Riesling-Marienburg-Spatlese-Goldkapsel-2023-750ml.png\",\"datePublished\":\"2026-05-05T16:19:17+00:00\",\"description\":\"Kaufe Clemens Busch Riesling Marienburg Sp\u00e4tlese Goldkapsel 2023 (Riesling, s\u00fc\u00df aus Mosel, Deutschland) bei Wein Werte, Ihrem nachhaltigen Onlineshop.\",\"breadcrumb\":{\"@id\":\"https:\\\/\\\/wein-werte.com\\\/de\\\/produkt\\\/clemens-busch-riesling-marienburg-spatlese-goldkapsel-2023-750ml\\\/#breadcrumb\"},\"inLanguage\":\"de\",\"potentialAction\":[{\"@type\":\"ReadAction\",\"target\":[\"https:\\\/\\\/wein-werte.com\\\/de\\\/produkt\\\/clemens-busch-riesling-marienburg-spatlese-goldkapsel-2023-750ml\\\/\"]}]},{\"@type\":\"ImageObject\",\"inLanguage\":\"de\",\"@id\":\"https:\\\/\\\/wein-werte.com\\\/de\\\/produkt\\\/clemens-busch-riesling-marienburg-spatlese-goldkapsel-2023-750ml\\\/#primaryimage\",\"url\":\"https:\\\/\\\/wein-werte.com\\\/wp-content\\\/uploads\\\/2026\\\/04\\\/Clemens-Busch-Riesling-Marienburg-Spatlese-Goldkapsel-2023-750ml.png\",\"contentUrl\":\"https:\\\/\\\/wein-werte.com\\\/wp-content\\\/uploads\\\/2026\\\/04\\\/Clemens-Busch-Riesling-Marienburg-Spatlese-Goldkapsel-2023-750ml.png\",\"width\":253,\"height\":1200,\"caption\":\"Clemens Busch Riesling Marienburg Sp\u00e4tlese Goldkapsel VDP Grosse Lage 2023 750ml\"},{\"@type\":\"BreadcrumbList\",\"@id\":\"https:\\\/\\\/wein-werte.com\\\/de\\\/produkt\\\/clemens-busch-riesling-marienburg-spatlese-goldkapsel-2023-750ml\\\/#breadcrumb\",\"itemListElement\":[{\"@type\":\"ListItem\",\"position\":1,\"name\":\"Home\",\"item\":\"https:\\\/\\\/wein-werte.com\\\/de\\\/\"},{\"@type\":\"ListItem\",\"position\":2,\"name\":\"Shop\",\"item\":\"https:\\\/\\\/wein-werte.com\\\/de\\\/shop\\\/\"},{\"@type\":\"ListItem\",\"position\":3,\"name\":\"Clemens Busch | Mosel | Riesling Marienburg Sp\u00e4tlese Goldkapsel VDP Grosse Lage | 2023 | 750ml | bio\"}]},{\"@type\":\"WebSite\",\"@id\":\"https:\\\/\\\/wein-werte.com\\\/de\\\/#website\",\"url\":\"https:\\\/\\\/wein-werte.com\\\/de\\\/\",\"name\":\"Wein Werte\",\"description\":\"\",\"publisher\":{\"@id\":\"https:\\\/\\\/wein-werte.com\\\/de\\\/#organization\"},\"potentialAction\":[{\"@type\":\"SearchAction\",\"target\":{\"@type\":\"EntryPoint\",\"urlTemplate\":\"https:\\\/\\\/wein-werte.com\\\/de\\\/?s={search_term_string}\"},\"query-input\":{\"@type\":\"PropertyValueSpecification\",\"valueRequired\":true,\"valueName\":\"search_term_string\"}}],\"inLanguage\":\"de\"},{\"@type\":\"Organization\",\"@id\":\"https:\\\/\\\/wein-werte.com\\\/de\\\/#organization\",\"name\":\"Vins Fins Thorrold\",\"url\":\"https:\\\/\\\/wein-werte.com\\\/de\\\/\",\"logo\":{\"@type\":\"ImageObject\",\"inLanguage\":\"de\",\"@id\":\"https:\\\/\\\/wein-werte.com\\\/de\\\/#\\\/schema\\\/logo\\\/image\\\/\",\"url\":\"https:\\\/\\\/wein-werte.com\\\/wp-content\\\/uploads\\\/2023\\\/07\\\/Wein_werte_Logo700-1.png\",\"contentUrl\":\"https:\\\/\\\/wein-werte.com\\\/wp-content\\\/uploads\\\/2023\\\/07\\\/Wein_werte_Logo700-1.png\",\"width\":700,\"height\":272,\"caption\":\"Vins Fins Thorrold\"},\"image\":{\"@id\":\"https:\\\/\\\/wein-werte.com\\\/de\\\/#\\\/schema\\\/logo\\\/image\\\/\"}}]}<\/script>\n<!-- \/ Yoast SEO plugin. -->","yoast_head_json":{"title":"Clemens Busch Riesling Marienburg Sp\u00e4tlese Goldkapsel 2023","description":"Kaufe Clemens Busch Riesling Marienburg Sp\u00e4tlese Goldkapsel 2023 (Riesling, s\u00fc\u00df aus Mosel, Deutschland) bei Wein Werte, Ihrem nachhaltigen Onlineshop.","robots":{"index":"index","follow":"follow","max-snippet":"max-snippet:-1","max-image-preview":"max-image-preview:large","max-video-preview":"max-video-preview:-1"},"canonical":"https:\/\/wein-werte.com\/de\/produkt\/clemens-busch-riesling-marienburg-spatlese-goldkapsel-2023-750ml\/","og_locale":"de_DE","og_type":"article","og_title":"Clemens Busch Riesling Marienburg Sp\u00e4tlese Goldkapsel 2023","og_description":"Kaufe Clemens Busch Riesling Marienburg Sp\u00e4tlese Goldkapsel 2023 (Riesling, s\u00fc\u00df aus Mosel, Deutschland) bei Wein Werte, Ihrem nachhaltigen Onlineshop.","og_url":"https:\/\/wein-werte.com\/de\/produkt\/clemens-busch-riesling-marienburg-spatlese-goldkapsel-2023-750ml\/","og_site_name":"Wein Werte","og_image":[{"width":253,"height":1200,"url":"https:\/\/wein-werte.com\/wp-content\/uploads\/2026\/04\/Clemens-Busch-Riesling-Marienburg-Spatlese-Goldkapsel-2023-750ml.png","type":"image\/png"}],"twitter_card":"summary_large_image","twitter_misc":{"Gesch\u00e4tzte Lesezeit":"2\u00a0Minuten"},"schema":{"@context":"https:\/\/schema.org","@graph":[{"@type":"WebPage","@id":"https:\/\/wein-werte.com\/de\/produkt\/clemens-busch-riesling-marienburg-spatlese-goldkapsel-2023-750ml\/","url":"https:\/\/wein-werte.com\/de\/produkt\/clemens-busch-riesling-marienburg-spatlese-goldkapsel-2023-750ml\/","name":"Clemens Busch Riesling Marienburg Sp\u00e4tlese Goldkapsel 2023","isPartOf":{"@id":"https:\/\/wein-werte.com\/de\/#website"},"primaryImageOfPage":{"@id":"https:\/\/wein-werte.com\/de\/produkt\/clemens-busch-riesling-marienburg-spatlese-goldkapsel-2023-750ml\/#primaryimage"},"image":{"@id":"https:\/\/wein-werte.com\/de\/produkt\/clemens-busch-riesling-marienburg-spatlese-goldkapsel-2023-750ml\/#primaryimage"},"thumbnailUrl":"https:\/\/wein-werte.com\/wp-content\/uploads\/2026\/04\/Clemens-Busch-Riesling-Marienburg-Spatlese-Goldkapsel-2023-750ml.png","datePublished":"2026-05-05T16:19:17+00:00","description":"Kaufe Clemens Busch Riesling Marienburg Sp\u00e4tlese Goldkapsel 2023 (Riesling, s\u00fc\u00df aus Mosel, Deutschland) bei Wein Werte, Ihrem nachhaltigen Onlineshop.","breadcrumb":{"@id":"https:\/\/wein-werte.com\/de\/produkt\/clemens-busch-riesling-marienburg-spatlese-goldkapsel-2023-750ml\/#breadcrumb"},"inLanguage":"de","potentialAction":[{"@type":"ReadAction","target":["https:\/\/wein-werte.com\/de\/produkt\/clemens-busch-riesling-marienburg-spatlese-goldkapsel-2023-750ml\/"]}]},{"@type":"ImageObject","inLanguage":"de","@id":"https:\/\/wein-werte.com\/de\/produkt\/clemens-busch-riesling-marienburg-spatlese-goldkapsel-2023-750ml\/#primaryimage","url":"https:\/\/wein-werte.com\/wp-content\/uploads\/2026\/04\/Clemens-Busch-Riesling-Marienburg-Spatlese-Goldkapsel-2023-750ml.png","contentUrl":"https:\/\/wein-werte.com\/wp-content\/uploads\/2026\/04\/Clemens-Busch-Riesling-Marienburg-Spatlese-Goldkapsel-2023-750ml.png","width":253,"height":1200,"caption":"Clemens Busch Riesling Marienburg Sp\u00e4tlese Goldkapsel VDP Grosse Lage 2023 750ml"},{"@type":"BreadcrumbList","@id":"https:\/\/wein-werte.com\/de\/produkt\/clemens-busch-riesling-marienburg-spatlese-goldkapsel-2023-750ml\/#breadcrumb","itemListElement":[{"@type":"ListItem","position":1,"name":"Home","item":"https:\/\/wein-werte.com\/de\/"},{"@type":"ListItem","position":2,"name":"Shop","item":"https:\/\/wein-werte.com\/de\/shop\/"},{"@type":"ListItem","position":3,"name":"Clemens Busch | Mosel | Riesling Marienburg Sp\u00e4tlese Goldkapsel VDP Grosse Lage | 2023 | 750ml | bio"}]},{"@type":"WebSite","@id":"https:\/\/wein-werte.com\/de\/#website","url":"https:\/\/wein-werte.com\/de\/","name":"Wein Werte","description":"","publisher":{"@id":"https:\/\/wein-werte.com\/de\/#organization"},"potentialAction":[{"@type":"SearchAction","target":{"@type":"EntryPoint","urlTemplate":"https:\/\/wein-werte.com\/de\/?s={search_term_string}"},"query-input":{"@type":"PropertyValueSpecification","valueRequired":true,"valueName":"search_term_string"}}],"inLanguage":"de"},{"@type":"Organization","@id":"https:\/\/wein-werte.com\/de\/#organization","name":"Vins Fins Thorrold","url":"https:\/\/wein-werte.com\/de\/","logo":{"@type":"ImageObject","inLanguage":"de","@id":"https:\/\/wein-werte.com\/de\/#\/schema\/logo\/image\/","url":"https:\/\/wein-werte.com\/wp-content\/uploads\/2023\/07\/Wein_werte_Logo700-1.png","contentUrl":"https:\/\/wein-werte.com\/wp-content\/uploads\/2023\/07\/Wein_werte_Logo700-1.png","width":700,"height":272,"caption":"Vins Fins Thorrold"},"image":{"@id":"https:\/\/wein-werte.com\/de\/#\/schema\/logo\/image\/"}}]}},"_links":{"self":[{"href":"https:\/\/wein-werte.com\/de\/wp-json\/wp\/v2\/product\/1130744","targetHints":{"allow":["GET"]}}],"collection":[{"href":"https:\/\/wein-werte.com\/de\/wp-json\/wp\/v2\/product"}],"about":[{"href":"https:\/\/wein-werte.com\/de\/wp-json\/wp\/v2\/types\/product"}],"wp:featuredmedia":[{"embeddable":true,"href":"https:\/\/wein-werte.com\/de\/wp-json\/wp\/v2\/media\/1141806"}],"wp:attachment":[{"href":"https:\/\/wein-werte.com\/de\/wp-json\/wp\/v2\/media?parent=1130744"}],"wp:term":[{"taxonomy":"product_brand","embeddable":true,"href":"https:\/\/wein-werte.com\/de\/wp-json\/wp\/v2\/product_brand?post=1130744"},{"taxonomy":"product_cat","embeddable":true,"href":"https:\/\/wein-werte.com\/de\/wp-json\/wp\/v2\/product_cat?post=1130744"},{"taxonomy":"product_tag","embeddable":true,"href":"https:\/\/wein-werte.com\/de\/wp-json\/wp\/v2\/product_tag?post=1130744"}],"curies":[{"name":"wp","href":"https:\/\/api.w.org\/{rel}","templated":true}]}}