{"id":1130686,"date":"2026-05-05T18:19:14","date_gmt":"2026-05-05T16:19:14","guid":{"rendered":"https:\/\/wein-werte.com\/product\/clemens-busch-riesling-marienburg-raffes-2021-750ml\/"},"modified":"2026-04-27T11:46:20","modified_gmt":"2026-04-27T09:46:20","slug":"clemens-busch-riesling-marienburg-raffes-2021-750ml","status":"publish","type":"product","link":"https:\/\/wein-werte.com\/de\/produkt\/clemens-busch-riesling-marienburg-raffes-2021-750ml\/","title":{"rendered":"Clemens Busch | Mosel | Riesling Marienburg Grosse Lage &#8220;Raffes&#8221;  | 2021 | 750ml | bio"},"content":{"rendered":"<p>Produktbeschreibung f\u00fcr Clemens Busch Riesling Marienburg Grosse Lage &#8220;Raffes&#8221;  2021 (bio) <\/p>\n<h5>Info<\/h5>\n<p> Die Parzelle &#8220;Falkenlay&#8221; liegt zwischen &#8220;Fahrlay&#8221; und &#8220;Rothenpfad&#8221;. Der Boden ist hier etwas tiefgr\u00fcndiger und vom grauen Schiefer gepr\u00e4gt. Dieser Bereich galt den alten Winzern immer als Filetst\u00fcck der Marienburg. Durch seine spezielle Lage vor den kalten Winden aus dem \u00f6stlich gelegenen Bergsattel gesch\u00fctzt, erreichen die Trauben hier immer eine besondere Reife. Die Weine aus den gesunden Trauben pr\u00e4sentieren sich fruchtbetont, cremig und nicht nur besonders gehaltvoll, sondern gleichzeitig auch fein mineralisch. Besondere Qualit\u00e4ten zeigen aber auch die edels\u00fc\u00dfen Auslesen und Beerenauslesen aus den Botrytis-Selektionen, die meist zu den besten unseres Weinguts geh\u00f6ren. Eine ganz besondere Selektion von gesunden Trauben ernten wir in einer unserer \u00e4ltesten Terrassen innerhalb der &#8220;Falkenlay&#8221;, in den katasteramtlichen Unterlagen als \u201eRAFFES\u201c benannt. Diese Selektion bietet Jahr f\u00fcr Jahr die Grundlage f\u00fcr den dichtesten und konzentriertesten Wein des Weinguts: Marienburg Raffes. <\/p>\n<h5>Farbe<\/h5>\n<p> Funkelndes Strohgelb mit gr\u00fcnen Reflexen <\/p>\n<h5>Nase<\/h5>\n<p> Mit dem ersten Reinriechen wird das 2021 Marienburg Raffes GG seinem Ruf gerecht. Die Aromendichte sucht seinesgleichen, ohne \u00dcppigkeit zu vermitteln. Weinbergspfirsich steht neben Aprikose und Orangenzeste im Vordergrund. Dahinter bauen sich jedoch dunkel Nuancen von nassen Steinen, Feuerstein, warmem Schieferboden sowie etwas kalter Rauch auf. Holunderbeere und Himbeere bauen sich auf und treten das Duell in der zweiten Reihe mit rotten \u00c4pfeln und frischen Birnen an. Salbei, Oregano und Minze sowie Eukalyptus und Zitronenmelisse zeigen eine vielseitige und immer wieder aufkeimende Kr\u00e4uterw\u00fcrze. Erfrischend, etherisch und fesselnd. Frische Erbse, Koriandersaat und Fenchel sorgen f\u00fcr eine weitere Eskalationsstufe der Komplexit\u00e4t. <\/p>\n<h5>Gaumen<\/h5>\n<p> Im Antrunk wirkt er nicht minder komplex, wie seine Nase vermuten l\u00e4sst. Er wirkt dicht und baut richtig Druck am Gaumen auf. Seien Eleganz ist dabei ein neuer Referenzwert. Rassig zieht er am Gaumen das Tempo an. Die Frucht wird in den Hintergrund verdr\u00e4ngt. Mineralit\u00e4t und S\u00e4urestruktur \u00fcbernehmen das Zepter. Mit viel Finesse, einem k\u00fchlen, steinigen Mundgef\u00fchl dr\u00fcckt er einem seinen sensorischen Stempel auf. Die Kr\u00e4uter kombinieren etherische Frische, K\u00fchle und W\u00fcrze am Gaumen sowie noch lange im Nachhall. Sein Mundgef\u00fchl pr\u00e4gt den Gaumen f\u00fcr Minuten. Ein gro\u00dfer Riesling mit gro\u00dfem Potenzial f\u00fcr die Ewigkeit.<\/p>\n<p>Copyright Vinaturel 2025<\/p>\n<p>Keywords: <a href=\"https:\/\/wein-werte.com\/de\/shop\/?swoof=1&#038;pa_producer=Clemens-Busch\">Clemens Busch<\/a> <a href=\"https:\/\/wein-werte.com\/de\/shop\/?swoof=1&#038;woof_text=Riesling Marienburg Grosse Lage \"Raffes\" \">Riesling Marienburg Grosse Lage &#8220;Raffes&#8221; <\/a> 2021 bio <a href=\"https:\/\/wein-werte.com\/de\/shop\/?swoof=1&#038;pa_region=Mosel\">Mosel<\/a> <a href=\"https:\/\/wein-werte.com\/de\/shop\/?swoof=1&#038;pa_country=Deutschland\">Deutschland<\/a><\/p>\n<h3>Vinous<\/h3>\n<p>Punkte: (94-96)<\/p>\n<p>Der Riesling Marienburg Raffes Grosse Lage 2021 stammt aus einer besonderen Parzelle in Falkenlay, im oberen Bereich, wo \u00fcber 80 Jahre alte Reben in blauem Schiefer wurzeln. Die Nase bleibt zur\u00fcckhaltend, am Gaumen ist er immens salzig und konzentriert. Er erinnert an Schiefer, Salz und zerdr\u00fcckte Zitrone \u2013 samt Mark, Fruchtfleisch und Saft. Die intensive Rauchigkeit und Intensit\u00e4t werden immer st\u00e4rker und sind unglaublich konzentriert, jedoch ohne eine Spur von Fett. Sehr steinig, sehr lang. (Halbtrocken) \u2013 Anne Krebiehl MW<br \/>Trinkfenster: 2028\u20132055<br \/>Testdatum: Oktober 2023<\/p>\n<p>Internetseite des Weinguts: <a href=\"https:\/\/clemens-busch.de\/\" target=\"_blank\">https:\/\/clemens-busch.de\/<\/a><\/p>\n","protected":false},"excerpt":{"rendered":"<p>Lieferzeit: 1 bis 2 Arbeitstage (DE), 2 bis 5 Arbeitstage (EU and CH)<\/p>\n","protected":false},"featured_media":1141764,"template":"","meta":[],"product_brand":[],"product_cat":[19],"product_tag":[],"class_list":{"0":"post-1130686","1":"product","2":"type-product","3":"status-publish","4":"has-post-thumbnail","6":"product_cat-unkategorisiert","7":"pa_alcohol-for-filter-12-5","8":"pa_certified-biodynamic-ja-de","9":"pa_certified-organic-ja-de","10":"pa_colour-weiss","11":"pa_country-deutschland","12":"pa_grape-riesling","13":"pa_price-for-filter-10676","14":"pa_producer-clemens-busch","15":"pa_region-mosel","16":"pa_size-ml-6584","17":"pa_sweetness-halbtrocken","18":"pa_type-2-still-de","19":"pa_vinous-points-for-filter-20033","20":"pa_vintage-2021-de","21":"entry","22":"has-media","24":"first","25":"instock","26":"taxable","27":"shipping-taxable","28":"purchasable","29":"product-type-simple"},"yoast_head":"<!-- This site is optimized with the Yoast SEO plugin v27.5 - https:\/\/yoast.com\/product\/yoast-seo-wordpress\/ -->\n<title>Clemens Busch Riesling Marienburg &quot;Raffes&quot; 2021<\/title>\n<meta name=\"description\" content=\"Kaufe Clemens Busch Riesling Marienburg &quot;Raffes&quot; 2021 (Riesling, halbtrocken aus Mosel, Deutschland) bei Wein Werte, Ihrem nachhaltigen Onlineshop.\" \/>\n<meta name=\"robots\" content=\"index, follow, max-snippet:-1, max-image-preview:large, max-video-preview:-1\" \/>\n<link rel=\"canonical\" href=\"https:\/\/wein-werte.com\/de\/produkt\/clemens-busch-riesling-marienburg-raffes-2021-750ml\/\" \/>\n<meta property=\"og:locale\" content=\"de_DE\" \/>\n<meta property=\"og:type\" content=\"article\" \/>\n<meta property=\"og:title\" content=\"Clemens Busch Riesling Marienburg &quot;Raffes&quot; 2021\" \/>\n<meta property=\"og:description\" content=\"Kaufe Clemens Busch Riesling Marienburg &quot;Raffes&quot; 2021 (Riesling, halbtrocken aus Mosel, Deutschland) bei Wein Werte, Ihrem nachhaltigen Onlineshop.\" \/>\n<meta property=\"og:url\" content=\"https:\/\/wein-werte.com\/de\/produkt\/clemens-busch-riesling-marienburg-raffes-2021-750ml\/\" \/>\n<meta property=\"og:site_name\" content=\"Wein Werte\" \/>\n<meta property=\"og:image\" content=\"https:\/\/wein-werte.com\/wp-content\/uploads\/2026\/04\/Clemens-Busch-Riesling-Marienburg-Raffes-2021-750ml.png\" \/>\n\t<meta property=\"og:image:width\" content=\"254\" \/>\n\t<meta property=\"og:image:height\" content=\"1200\" \/>\n\t<meta property=\"og:image:type\" content=\"image\/png\" \/>\n<meta name=\"twitter:card\" content=\"summary_large_image\" \/>\n<meta name=\"twitter:label1\" content=\"Gesch\u00e4tzte Lesezeit\" \/>\n\t<meta name=\"twitter:data1\" content=\"2\u00a0Minuten\" \/>\n<script type=\"application\/ld+json\" class=\"yoast-schema-graph\">{\"@context\":\"https:\\\/\\\/schema.org\",\"@graph\":[{\"@type\":\"WebPage\",\"@id\":\"https:\\\/\\\/wein-werte.com\\\/de\\\/produkt\\\/clemens-busch-riesling-marienburg-raffes-2021-750ml\\\/\",\"url\":\"https:\\\/\\\/wein-werte.com\\\/de\\\/produkt\\\/clemens-busch-riesling-marienburg-raffes-2021-750ml\\\/\",\"name\":\"Clemens Busch Riesling Marienburg \\\"Raffes\\\" 2021\",\"isPartOf\":{\"@id\":\"https:\\\/\\\/wein-werte.com\\\/de\\\/#website\"},\"primaryImageOfPage\":{\"@id\":\"https:\\\/\\\/wein-werte.com\\\/de\\\/produkt\\\/clemens-busch-riesling-marienburg-raffes-2021-750ml\\\/#primaryimage\"},\"image\":{\"@id\":\"https:\\\/\\\/wein-werte.com\\\/de\\\/produkt\\\/clemens-busch-riesling-marienburg-raffes-2021-750ml\\\/#primaryimage\"},\"thumbnailUrl\":\"https:\\\/\\\/wein-werte.com\\\/wp-content\\\/uploads\\\/2026\\\/04\\\/Clemens-Busch-Riesling-Marienburg-Raffes-2021-750ml.png\",\"datePublished\":\"2026-05-05T16:19:14+00:00\",\"description\":\"Kaufe Clemens Busch Riesling Marienburg \\\"Raffes\\\" 2021 (Riesling, halbtrocken aus Mosel, Deutschland) bei Wein Werte, Ihrem nachhaltigen Onlineshop.\",\"breadcrumb\":{\"@id\":\"https:\\\/\\\/wein-werte.com\\\/de\\\/produkt\\\/clemens-busch-riesling-marienburg-raffes-2021-750ml\\\/#breadcrumb\"},\"inLanguage\":\"de\",\"potentialAction\":[{\"@type\":\"ReadAction\",\"target\":[\"https:\\\/\\\/wein-werte.com\\\/de\\\/produkt\\\/clemens-busch-riesling-marienburg-raffes-2021-750ml\\\/\"]}]},{\"@type\":\"ImageObject\",\"inLanguage\":\"de\",\"@id\":\"https:\\\/\\\/wein-werte.com\\\/de\\\/produkt\\\/clemens-busch-riesling-marienburg-raffes-2021-750ml\\\/#primaryimage\",\"url\":\"https:\\\/\\\/wein-werte.com\\\/wp-content\\\/uploads\\\/2026\\\/04\\\/Clemens-Busch-Riesling-Marienburg-Raffes-2021-750ml.png\",\"contentUrl\":\"https:\\\/\\\/wein-werte.com\\\/wp-content\\\/uploads\\\/2026\\\/04\\\/Clemens-Busch-Riesling-Marienburg-Raffes-2021-750ml.png\",\"width\":254,\"height\":1200,\"caption\":\"Clemens Busch Riesling Marienburg Grosse Lage \\\"Raffes\\\" 2021 750ml\"},{\"@type\":\"BreadcrumbList\",\"@id\":\"https:\\\/\\\/wein-werte.com\\\/de\\\/produkt\\\/clemens-busch-riesling-marienburg-raffes-2021-750ml\\\/#breadcrumb\",\"itemListElement\":[{\"@type\":\"ListItem\",\"position\":1,\"name\":\"Home\",\"item\":\"https:\\\/\\\/wein-werte.com\\\/de\\\/\"},{\"@type\":\"ListItem\",\"position\":2,\"name\":\"Shop\",\"item\":\"https:\\\/\\\/wein-werte.com\\\/de\\\/shop\\\/\"},{\"@type\":\"ListItem\",\"position\":3,\"name\":\"Clemens Busch | Mosel | Riesling Marienburg Grosse Lage &#8220;Raffes&#8221; | 2021 | 750ml | bio\"}]},{\"@type\":\"WebSite\",\"@id\":\"https:\\\/\\\/wein-werte.com\\\/de\\\/#website\",\"url\":\"https:\\\/\\\/wein-werte.com\\\/de\\\/\",\"name\":\"Wein Werte\",\"description\":\"\",\"publisher\":{\"@id\":\"https:\\\/\\\/wein-werte.com\\\/de\\\/#organization\"},\"potentialAction\":[{\"@type\":\"SearchAction\",\"target\":{\"@type\":\"EntryPoint\",\"urlTemplate\":\"https:\\\/\\\/wein-werte.com\\\/de\\\/?s={search_term_string}\"},\"query-input\":{\"@type\":\"PropertyValueSpecification\",\"valueRequired\":true,\"valueName\":\"search_term_string\"}}],\"inLanguage\":\"de\"},{\"@type\":\"Organization\",\"@id\":\"https:\\\/\\\/wein-werte.com\\\/de\\\/#organization\",\"name\":\"Vins Fins Thorrold\",\"url\":\"https:\\\/\\\/wein-werte.com\\\/de\\\/\",\"logo\":{\"@type\":\"ImageObject\",\"inLanguage\":\"de\",\"@id\":\"https:\\\/\\\/wein-werte.com\\\/de\\\/#\\\/schema\\\/logo\\\/image\\\/\",\"url\":\"https:\\\/\\\/wein-werte.com\\\/wp-content\\\/uploads\\\/2023\\\/07\\\/Wein_werte_Logo700-1.png\",\"contentUrl\":\"https:\\\/\\\/wein-werte.com\\\/wp-content\\\/uploads\\\/2023\\\/07\\\/Wein_werte_Logo700-1.png\",\"width\":700,\"height\":272,\"caption\":\"Vins Fins Thorrold\"},\"image\":{\"@id\":\"https:\\\/\\\/wein-werte.com\\\/de\\\/#\\\/schema\\\/logo\\\/image\\\/\"}}]}<\/script>\n<!-- \/ Yoast SEO plugin. -->","yoast_head_json":{"title":"Clemens Busch Riesling Marienburg \"Raffes\" 2021","description":"Kaufe Clemens Busch Riesling Marienburg \"Raffes\" 2021 (Riesling, halbtrocken aus Mosel, Deutschland) bei Wein Werte, Ihrem nachhaltigen Onlineshop.","robots":{"index":"index","follow":"follow","max-snippet":"max-snippet:-1","max-image-preview":"max-image-preview:large","max-video-preview":"max-video-preview:-1"},"canonical":"https:\/\/wein-werte.com\/de\/produkt\/clemens-busch-riesling-marienburg-raffes-2021-750ml\/","og_locale":"de_DE","og_type":"article","og_title":"Clemens Busch Riesling Marienburg \"Raffes\" 2021","og_description":"Kaufe Clemens Busch Riesling Marienburg \"Raffes\" 2021 (Riesling, halbtrocken aus Mosel, Deutschland) bei Wein Werte, Ihrem nachhaltigen Onlineshop.","og_url":"https:\/\/wein-werte.com\/de\/produkt\/clemens-busch-riesling-marienburg-raffes-2021-750ml\/","og_site_name":"Wein Werte","og_image":[{"width":254,"height":1200,"url":"https:\/\/wein-werte.com\/wp-content\/uploads\/2026\/04\/Clemens-Busch-Riesling-Marienburg-Raffes-2021-750ml.png","type":"image\/png"}],"twitter_card":"summary_large_image","twitter_misc":{"Gesch\u00e4tzte Lesezeit":"2\u00a0Minuten"},"schema":{"@context":"https:\/\/schema.org","@graph":[{"@type":"WebPage","@id":"https:\/\/wein-werte.com\/de\/produkt\/clemens-busch-riesling-marienburg-raffes-2021-750ml\/","url":"https:\/\/wein-werte.com\/de\/produkt\/clemens-busch-riesling-marienburg-raffes-2021-750ml\/","name":"Clemens Busch Riesling Marienburg \"Raffes\" 2021","isPartOf":{"@id":"https:\/\/wein-werte.com\/de\/#website"},"primaryImageOfPage":{"@id":"https:\/\/wein-werte.com\/de\/produkt\/clemens-busch-riesling-marienburg-raffes-2021-750ml\/#primaryimage"},"image":{"@id":"https:\/\/wein-werte.com\/de\/produkt\/clemens-busch-riesling-marienburg-raffes-2021-750ml\/#primaryimage"},"thumbnailUrl":"https:\/\/wein-werte.com\/wp-content\/uploads\/2026\/04\/Clemens-Busch-Riesling-Marienburg-Raffes-2021-750ml.png","datePublished":"2026-05-05T16:19:14+00:00","description":"Kaufe Clemens Busch Riesling Marienburg \"Raffes\" 2021 (Riesling, halbtrocken aus Mosel, Deutschland) bei Wein Werte, Ihrem nachhaltigen Onlineshop.","breadcrumb":{"@id":"https:\/\/wein-werte.com\/de\/produkt\/clemens-busch-riesling-marienburg-raffes-2021-750ml\/#breadcrumb"},"inLanguage":"de","potentialAction":[{"@type":"ReadAction","target":["https:\/\/wein-werte.com\/de\/produkt\/clemens-busch-riesling-marienburg-raffes-2021-750ml\/"]}]},{"@type":"ImageObject","inLanguage":"de","@id":"https:\/\/wein-werte.com\/de\/produkt\/clemens-busch-riesling-marienburg-raffes-2021-750ml\/#primaryimage","url":"https:\/\/wein-werte.com\/wp-content\/uploads\/2026\/04\/Clemens-Busch-Riesling-Marienburg-Raffes-2021-750ml.png","contentUrl":"https:\/\/wein-werte.com\/wp-content\/uploads\/2026\/04\/Clemens-Busch-Riesling-Marienburg-Raffes-2021-750ml.png","width":254,"height":1200,"caption":"Clemens Busch Riesling Marienburg Grosse Lage \"Raffes\" 2021 750ml"},{"@type":"BreadcrumbList","@id":"https:\/\/wein-werte.com\/de\/produkt\/clemens-busch-riesling-marienburg-raffes-2021-750ml\/#breadcrumb","itemListElement":[{"@type":"ListItem","position":1,"name":"Home","item":"https:\/\/wein-werte.com\/de\/"},{"@type":"ListItem","position":2,"name":"Shop","item":"https:\/\/wein-werte.com\/de\/shop\/"},{"@type":"ListItem","position":3,"name":"Clemens Busch | Mosel | Riesling Marienburg Grosse Lage &#8220;Raffes&#8221; | 2021 | 750ml | bio"}]},{"@type":"WebSite","@id":"https:\/\/wein-werte.com\/de\/#website","url":"https:\/\/wein-werte.com\/de\/","name":"Wein Werte","description":"","publisher":{"@id":"https:\/\/wein-werte.com\/de\/#organization"},"potentialAction":[{"@type":"SearchAction","target":{"@type":"EntryPoint","urlTemplate":"https:\/\/wein-werte.com\/de\/?s={search_term_string}"},"query-input":{"@type":"PropertyValueSpecification","valueRequired":true,"valueName":"search_term_string"}}],"inLanguage":"de"},{"@type":"Organization","@id":"https:\/\/wein-werte.com\/de\/#organization","name":"Vins Fins Thorrold","url":"https:\/\/wein-werte.com\/de\/","logo":{"@type":"ImageObject","inLanguage":"de","@id":"https:\/\/wein-werte.com\/de\/#\/schema\/logo\/image\/","url":"https:\/\/wein-werte.com\/wp-content\/uploads\/2023\/07\/Wein_werte_Logo700-1.png","contentUrl":"https:\/\/wein-werte.com\/wp-content\/uploads\/2023\/07\/Wein_werte_Logo700-1.png","width":700,"height":272,"caption":"Vins Fins Thorrold"},"image":{"@id":"https:\/\/wein-werte.com\/de\/#\/schema\/logo\/image\/"}}]}},"_links":{"self":[{"href":"https:\/\/wein-werte.com\/de\/wp-json\/wp\/v2\/product\/1130686","targetHints":{"allow":["GET"]}}],"collection":[{"href":"https:\/\/wein-werte.com\/de\/wp-json\/wp\/v2\/product"}],"about":[{"href":"https:\/\/wein-werte.com\/de\/wp-json\/wp\/v2\/types\/product"}],"wp:featuredmedia":[{"embeddable":true,"href":"https:\/\/wein-werte.com\/de\/wp-json\/wp\/v2\/media\/1141764"}],"wp:attachment":[{"href":"https:\/\/wein-werte.com\/de\/wp-json\/wp\/v2\/media?parent=1130686"}],"wp:term":[{"taxonomy":"product_brand","embeddable":true,"href":"https:\/\/wein-werte.com\/de\/wp-json\/wp\/v2\/product_brand?post=1130686"},{"taxonomy":"product_cat","embeddable":true,"href":"https:\/\/wein-werte.com\/de\/wp-json\/wp\/v2\/product_cat?post=1130686"},{"taxonomy":"product_tag","embeddable":true,"href":"https:\/\/wein-werte.com\/de\/wp-json\/wp\/v2\/product_tag?post=1130686"}],"curies":[{"name":"wp","href":"https:\/\/api.w.org\/{rel}","templated":true}]}}