{"id":1130683,"date":"2026-05-05T18:19:14","date_gmt":"2026-05-05T16:19:14","guid":{"rendered":"https:\/\/wein-werte.com\/product\/clemens-busch-riesling-marienburg-felsterrasse-2021-750ml\/"},"modified":"2026-04-27T11:46:19","modified_gmt":"2026-04-27T09:46:19","slug":"clemens-busch-riesling-marienburg-felsterrasse-2021-750ml","status":"publish","type":"product","link":"https:\/\/wein-werte.com\/de\/produkt\/clemens-busch-riesling-marienburg-felsterrasse-2021-750ml\/","title":{"rendered":"Clemens Busch | Mosel | Riesling Marienburg Grosse Lage &#8220;Felsterrasse&#8221;  | 2021 | 750ml | bio"},"content":{"rendered":"<p>Produktbeschreibung f\u00fcr Clemens Busch Riesling Marienburg Grosse Lage &#8220;Felsterrasse&#8221;  2021 (bio)<\/p>\n<p> Direkt gegen\u00fcber dem Stammhaus am anderen Moselufer befindet sich der gr\u00f6\u00dfte Teil der Weinberge der Familie Busch in der Lage Marienburg. Die fr\u00fchere Unterteilung in Einzel-lagen fiel in den 1970-iger Jahren der Weingesetzgebung zum Opfer. Um die spezifischen Unterschiede innerhalb der Lage Marienburg hervorzuheben, vinifiziert Clemens Busch die Parzellen getrennt und f\u00fcllt die Weine unter den ehemaligen Parzellenbezeichnungen, wie etwa Fahrlay oder Flakenlay ab. So kommen die verschiedenen Schieferb\u00f6den (blauer, grauer und roter Schiefer) sowie die speziellen Mikroklimata im Wein deutlich zum Ausdruck. Die Weine, die sehr sp\u00e4t gelesen werden, zeichnen sich durch eine enorme Reichhaltigkeit und Kraft sowie mineralische Substanz aus. <\/p>\n<h5>Info<\/h5>\n<p> Ein imposanter Weinberg \u2013 ein imposanter Wein. Die uralten Reben dieser uralten Terrassenlage bringen regelm\u00e4\u00dfig einen Wein von intensiver Mineralik, Eleganz und Tiefe hervor, der erst nach einigen Jahren Flaschenreife so richtig zeigt, was wirklich in ihm steckt. Der hier hellgraue Schiefer ist von eisenhaltigen Schichten durchzogen und noch weniger verwittert als in den angrenzenden Bereichen. Immer wieder suchen Steinschl\u00e4ge aus den dar\u00fcberliegenden Terrassen diese Lage heim. Das Risiko f\u00fcr Mensch und Pflanze wird aber gerne bei solchen Resultaten in der Flasche in kauf genommen. <\/p>\n<h5>Farbe<\/h5>\n<p> Leuchtendes Goldgelb mit hellen und gr\u00fcnen Reflexen <\/p>\n<h5>Nase<\/h5>\n<p> Die Nase ist mittlerweile einer klaren und profilierten Handschrift von Clemens Busch zuzuordnen. Seine Frucht ist seri\u00f6s und erwachsen. Dabei wirkt sehr sch\u00fcchtern und angenehm wenig plakativ. Viel mehr strahlt und strotz er vor Energie und Vitalit\u00e4t. Mirabelle, Quitte und Aprikose changieren zwischen Gelb und Orange. Dazu lassen sich Grapefruit sowie etwas Orangenschale entdecken. Clemens Busch und sein Team kreieren aber so viel mehr als Frucht. Heimische und wilde Kr\u00e4uter sprie\u00dfen aus allen Ecken. Er wirkt w\u00e4rmend und doch zeigt er die Finesse eines k\u00fchlen, klassischen Jahres wie 2021. Aber vor allem zeigt er stolz und erhaben seinen Tee-artigen Charakter, der zwischen Brennnessel-Auszug und Sencha schwankt. Erdig, dunkel und tief, jedoch zeitglich etherisch erfrischend. <\/p>\n<h5>Gaumen<\/h5>\n<p> Im Antrunk stellt er all dies unter Beweis und noch so viel mehr. Geb\u00fcndelt und kompakt tritt er auf. Die Frucht wirkt lautstark und voller Intensit\u00e4t. 2021 Felsterrasse ist ein unfassbar engmaschiger Riesling. Jede Faser zeigt sich in voller St\u00e4rke. Eine feine Phenolstruktur bildet dabei sein R\u00fcckgrat. Die Frucht wirkt deutlich gr\u00fcner und frischer. Die herbalen und erdigen Aromen bestimmen das Geschmacksbild deutlich. Im Nachhall kommen ebenso vegetabile Nuancen um Vorschein, die stark an Artischocke und Erbse erinnern.<\/p>\n<p>Copyright Vinaturel 2025<\/p>\n<p>Keywords: <a href=\"https:\/\/wein-werte.com\/de\/shop\/?swoof=1&#038;pa_producer=Clemens-Busch\">Clemens Busch<\/a> <a href=\"https:\/\/wein-werte.com\/de\/shop\/?swoof=1&#038;woof_text=Riesling Marienburg Grosse Lage \"Felsterrasse\" \">Riesling Marienburg Grosse Lage &#8220;Felsterrasse&#8221; <\/a> 2021 bio <a href=\"https:\/\/wein-werte.com\/de\/shop\/?swoof=1&#038;pa_region=Mosel\">Mosel<\/a> <a href=\"https:\/\/wein-werte.com\/de\/shop\/?swoof=1&#038;pa_country=Deutschland\">Deutschland<\/a><\/p>\n<h3>Vinous<\/h3>\n<p>Punkte: (94-96)<\/p>\n<p>Der Riesling Felsterrasse Gro\u00dfe Lage 2021 ist eine besondere Parzelle innerhalb der Falkenlay-Lage, beidseitig von Felsvorspr\u00fcngen begrenzt, terrassiert und profitiert von besonderen Bel\u00fcftungsverh\u00e4ltnissen. Die Weine kamen dieses Jahr im Sp\u00e4tfr\u00fchling auf den Markt. Kaum ein Wein war so intensiv in der Nase: Er ist nicht nur Petrichor, sondern Petrichor aus Schiefer. Sp\u00e4ter schwingt ein Hauch von feuchtem Moos eines gr\u00fcnen Flussufers mit. Am Gaumen ist er ebenso schieferig, straff, hell und ausgesprochen salzig. Er scheint ganz auf Stein ausgerichtet zu sein, mit einem dichten, kompakten und fast cremigen, aber sehr feinen Mundgef\u00fchl. Ganz anders, sehr lang. Ein steiniges Wunder. (Trocken) \u2013 Anne Krebiehl MW<br \/>Trinkfenster: 2028\u20132055<br \/>Testdatum: Oktober 2023<\/p>\n<p>Internetseite des Weinguts: <a href=\"https:\/\/clemens-busch.de\/\" target=\"_blank\">https:\/\/clemens-busch.de\/<\/a><\/p>\n","protected":false},"excerpt":{"rendered":"<p>Lieferzeit: 1 bis 2 Arbeitstage (DE), 2 bis 5 Arbeitstage (EU and CH)<\/p>\n","protected":false},"featured_media":1141762,"template":"","meta":[],"product_brand":[],"product_cat":[19],"product_tag":[],"class_list":{"0":"post-1130683","1":"product","2":"type-product","3":"status-publish","4":"has-post-thumbnail","6":"product_cat-unkategorisiert","7":"pa_alcohol-for-filter-12893","8":"pa_certified-biodynamic-ja-de","9":"pa_certified-organic-ja-de","10":"pa_colour-weiss","11":"pa_country-deutschland","12":"pa_grape-riesling","13":"pa_price-for-filter-10676","14":"pa_producer-clemens-busch","15":"pa_region-mosel","16":"pa_size-ml-6584","17":"pa_sweetness-trocken-de","18":"pa_type-2-still-de","19":"pa_vinous-points-for-filter-20033","20":"pa_vintage-2021-de","21":"entry","22":"has-media","24":"first","25":"instock","26":"taxable","27":"shipping-taxable","28":"purchasable","29":"product-type-simple"},"yoast_head":"<!-- This site is optimized with the Yoast SEO plugin v27.5 - https:\/\/yoast.com\/product\/yoast-seo-wordpress\/ -->\n<title>Clemens Busch Riesling Marienburg &quot;Felsterrasse&quot; 2021<\/title>\n<meta name=\"description\" content=\"Kaufe Clemens Busch Riesling Marienburg &quot;Felsterrasse&quot; 2021 (Riesling, trocken aus Mosel, Deutschland) bei Wein Werte, Ihrem nachhaltigen Onlineshop.\" \/>\n<meta name=\"robots\" content=\"index, follow, max-snippet:-1, max-image-preview:large, max-video-preview:-1\" \/>\n<link rel=\"canonical\" href=\"https:\/\/wein-werte.com\/de\/produkt\/clemens-busch-riesling-marienburg-felsterrasse-2021-750ml\/\" \/>\n<meta property=\"og:locale\" content=\"de_DE\" \/>\n<meta property=\"og:type\" content=\"article\" \/>\n<meta property=\"og:title\" content=\"Clemens Busch Riesling Marienburg &quot;Felsterrasse&quot; 2021\" \/>\n<meta property=\"og:description\" content=\"Kaufe Clemens Busch Riesling Marienburg &quot;Felsterrasse&quot; 2021 (Riesling, trocken aus Mosel, Deutschland) bei Wein Werte, Ihrem nachhaltigen Onlineshop.\" \/>\n<meta property=\"og:url\" content=\"https:\/\/wein-werte.com\/de\/produkt\/clemens-busch-riesling-marienburg-felsterrasse-2021-750ml\/\" \/>\n<meta property=\"og:site_name\" content=\"Wein Werte\" \/>\n<meta property=\"og:image\" content=\"https:\/\/wein-werte.com\/wp-content\/uploads\/2026\/04\/Clemens-Busch-Riesling-Marienburg-Felsterrasse-2021-750ml.png\" \/>\n\t<meta property=\"og:image:width\" content=\"256\" \/>\n\t<meta property=\"og:image:height\" content=\"1200\" \/>\n\t<meta property=\"og:image:type\" content=\"image\/png\" \/>\n<meta name=\"twitter:card\" content=\"summary_large_image\" \/>\n<meta name=\"twitter:label1\" content=\"Gesch\u00e4tzte Lesezeit\" \/>\n\t<meta name=\"twitter:data1\" content=\"3\u00a0Minuten\" \/>\n<script type=\"application\/ld+json\" class=\"yoast-schema-graph\">{\"@context\":\"https:\\\/\\\/schema.org\",\"@graph\":[{\"@type\":\"WebPage\",\"@id\":\"https:\\\/\\\/wein-werte.com\\\/de\\\/produkt\\\/clemens-busch-riesling-marienburg-felsterrasse-2021-750ml\\\/\",\"url\":\"https:\\\/\\\/wein-werte.com\\\/de\\\/produkt\\\/clemens-busch-riesling-marienburg-felsterrasse-2021-750ml\\\/\",\"name\":\"Clemens Busch Riesling Marienburg \\\"Felsterrasse\\\" 2021\",\"isPartOf\":{\"@id\":\"https:\\\/\\\/wein-werte.com\\\/de\\\/#website\"},\"primaryImageOfPage\":{\"@id\":\"https:\\\/\\\/wein-werte.com\\\/de\\\/produkt\\\/clemens-busch-riesling-marienburg-felsterrasse-2021-750ml\\\/#primaryimage\"},\"image\":{\"@id\":\"https:\\\/\\\/wein-werte.com\\\/de\\\/produkt\\\/clemens-busch-riesling-marienburg-felsterrasse-2021-750ml\\\/#primaryimage\"},\"thumbnailUrl\":\"https:\\\/\\\/wein-werte.com\\\/wp-content\\\/uploads\\\/2026\\\/04\\\/Clemens-Busch-Riesling-Marienburg-Felsterrasse-2021-750ml.png\",\"datePublished\":\"2026-05-05T16:19:14+00:00\",\"description\":\"Kaufe Clemens Busch Riesling Marienburg \\\"Felsterrasse\\\" 2021 (Riesling, trocken aus Mosel, Deutschland) bei Wein Werte, Ihrem nachhaltigen Onlineshop.\",\"breadcrumb\":{\"@id\":\"https:\\\/\\\/wein-werte.com\\\/de\\\/produkt\\\/clemens-busch-riesling-marienburg-felsterrasse-2021-750ml\\\/#breadcrumb\"},\"inLanguage\":\"de\",\"potentialAction\":[{\"@type\":\"ReadAction\",\"target\":[\"https:\\\/\\\/wein-werte.com\\\/de\\\/produkt\\\/clemens-busch-riesling-marienburg-felsterrasse-2021-750ml\\\/\"]}]},{\"@type\":\"ImageObject\",\"inLanguage\":\"de\",\"@id\":\"https:\\\/\\\/wein-werte.com\\\/de\\\/produkt\\\/clemens-busch-riesling-marienburg-felsterrasse-2021-750ml\\\/#primaryimage\",\"url\":\"https:\\\/\\\/wein-werte.com\\\/wp-content\\\/uploads\\\/2026\\\/04\\\/Clemens-Busch-Riesling-Marienburg-Felsterrasse-2021-750ml.png\",\"contentUrl\":\"https:\\\/\\\/wein-werte.com\\\/wp-content\\\/uploads\\\/2026\\\/04\\\/Clemens-Busch-Riesling-Marienburg-Felsterrasse-2021-750ml.png\",\"width\":256,\"height\":1200,\"caption\":\"Clemens Busch Riesling Marienburg Grosse Lage \\\"Felsterrasse\\\" 2021 750ml\"},{\"@type\":\"BreadcrumbList\",\"@id\":\"https:\\\/\\\/wein-werte.com\\\/de\\\/produkt\\\/clemens-busch-riesling-marienburg-felsterrasse-2021-750ml\\\/#breadcrumb\",\"itemListElement\":[{\"@type\":\"ListItem\",\"position\":1,\"name\":\"Home\",\"item\":\"https:\\\/\\\/wein-werte.com\\\/de\\\/\"},{\"@type\":\"ListItem\",\"position\":2,\"name\":\"Shop\",\"item\":\"https:\\\/\\\/wein-werte.com\\\/de\\\/shop\\\/\"},{\"@type\":\"ListItem\",\"position\":3,\"name\":\"Clemens Busch | Mosel | Riesling Marienburg Grosse Lage &#8220;Felsterrasse&#8221; | 2021 | 750ml | bio\"}]},{\"@type\":\"WebSite\",\"@id\":\"https:\\\/\\\/wein-werte.com\\\/de\\\/#website\",\"url\":\"https:\\\/\\\/wein-werte.com\\\/de\\\/\",\"name\":\"Wein Werte\",\"description\":\"\",\"publisher\":{\"@id\":\"https:\\\/\\\/wein-werte.com\\\/de\\\/#organization\"},\"potentialAction\":[{\"@type\":\"SearchAction\",\"target\":{\"@type\":\"EntryPoint\",\"urlTemplate\":\"https:\\\/\\\/wein-werte.com\\\/de\\\/?s={search_term_string}\"},\"query-input\":{\"@type\":\"PropertyValueSpecification\",\"valueRequired\":true,\"valueName\":\"search_term_string\"}}],\"inLanguage\":\"de\"},{\"@type\":\"Organization\",\"@id\":\"https:\\\/\\\/wein-werte.com\\\/de\\\/#organization\",\"name\":\"Vins Fins Thorrold\",\"url\":\"https:\\\/\\\/wein-werte.com\\\/de\\\/\",\"logo\":{\"@type\":\"ImageObject\",\"inLanguage\":\"de\",\"@id\":\"https:\\\/\\\/wein-werte.com\\\/de\\\/#\\\/schema\\\/logo\\\/image\\\/\",\"url\":\"https:\\\/\\\/wein-werte.com\\\/wp-content\\\/uploads\\\/2023\\\/07\\\/Wein_werte_Logo700-1.png\",\"contentUrl\":\"https:\\\/\\\/wein-werte.com\\\/wp-content\\\/uploads\\\/2023\\\/07\\\/Wein_werte_Logo700-1.png\",\"width\":700,\"height\":272,\"caption\":\"Vins Fins Thorrold\"},\"image\":{\"@id\":\"https:\\\/\\\/wein-werte.com\\\/de\\\/#\\\/schema\\\/logo\\\/image\\\/\"}}]}<\/script>\n<!-- \/ Yoast SEO plugin. -->","yoast_head_json":{"title":"Clemens Busch Riesling Marienburg \"Felsterrasse\" 2021","description":"Kaufe Clemens Busch Riesling Marienburg \"Felsterrasse\" 2021 (Riesling, trocken aus Mosel, Deutschland) bei Wein Werte, Ihrem nachhaltigen Onlineshop.","robots":{"index":"index","follow":"follow","max-snippet":"max-snippet:-1","max-image-preview":"max-image-preview:large","max-video-preview":"max-video-preview:-1"},"canonical":"https:\/\/wein-werte.com\/de\/produkt\/clemens-busch-riesling-marienburg-felsterrasse-2021-750ml\/","og_locale":"de_DE","og_type":"article","og_title":"Clemens Busch Riesling Marienburg \"Felsterrasse\" 2021","og_description":"Kaufe Clemens Busch Riesling Marienburg \"Felsterrasse\" 2021 (Riesling, trocken aus Mosel, Deutschland) bei Wein Werte, Ihrem nachhaltigen Onlineshop.","og_url":"https:\/\/wein-werte.com\/de\/produkt\/clemens-busch-riesling-marienburg-felsterrasse-2021-750ml\/","og_site_name":"Wein Werte","og_image":[{"width":256,"height":1200,"url":"https:\/\/wein-werte.com\/wp-content\/uploads\/2026\/04\/Clemens-Busch-Riesling-Marienburg-Felsterrasse-2021-750ml.png","type":"image\/png"}],"twitter_card":"summary_large_image","twitter_misc":{"Gesch\u00e4tzte Lesezeit":"3\u00a0Minuten"},"schema":{"@context":"https:\/\/schema.org","@graph":[{"@type":"WebPage","@id":"https:\/\/wein-werte.com\/de\/produkt\/clemens-busch-riesling-marienburg-felsterrasse-2021-750ml\/","url":"https:\/\/wein-werte.com\/de\/produkt\/clemens-busch-riesling-marienburg-felsterrasse-2021-750ml\/","name":"Clemens Busch Riesling Marienburg \"Felsterrasse\" 2021","isPartOf":{"@id":"https:\/\/wein-werte.com\/de\/#website"},"primaryImageOfPage":{"@id":"https:\/\/wein-werte.com\/de\/produkt\/clemens-busch-riesling-marienburg-felsterrasse-2021-750ml\/#primaryimage"},"image":{"@id":"https:\/\/wein-werte.com\/de\/produkt\/clemens-busch-riesling-marienburg-felsterrasse-2021-750ml\/#primaryimage"},"thumbnailUrl":"https:\/\/wein-werte.com\/wp-content\/uploads\/2026\/04\/Clemens-Busch-Riesling-Marienburg-Felsterrasse-2021-750ml.png","datePublished":"2026-05-05T16:19:14+00:00","description":"Kaufe Clemens Busch Riesling Marienburg \"Felsterrasse\" 2021 (Riesling, trocken aus Mosel, Deutschland) bei Wein Werte, Ihrem nachhaltigen Onlineshop.","breadcrumb":{"@id":"https:\/\/wein-werte.com\/de\/produkt\/clemens-busch-riesling-marienburg-felsterrasse-2021-750ml\/#breadcrumb"},"inLanguage":"de","potentialAction":[{"@type":"ReadAction","target":["https:\/\/wein-werte.com\/de\/produkt\/clemens-busch-riesling-marienburg-felsterrasse-2021-750ml\/"]}]},{"@type":"ImageObject","inLanguage":"de","@id":"https:\/\/wein-werte.com\/de\/produkt\/clemens-busch-riesling-marienburg-felsterrasse-2021-750ml\/#primaryimage","url":"https:\/\/wein-werte.com\/wp-content\/uploads\/2026\/04\/Clemens-Busch-Riesling-Marienburg-Felsterrasse-2021-750ml.png","contentUrl":"https:\/\/wein-werte.com\/wp-content\/uploads\/2026\/04\/Clemens-Busch-Riesling-Marienburg-Felsterrasse-2021-750ml.png","width":256,"height":1200,"caption":"Clemens Busch Riesling Marienburg Grosse Lage \"Felsterrasse\" 2021 750ml"},{"@type":"BreadcrumbList","@id":"https:\/\/wein-werte.com\/de\/produkt\/clemens-busch-riesling-marienburg-felsterrasse-2021-750ml\/#breadcrumb","itemListElement":[{"@type":"ListItem","position":1,"name":"Home","item":"https:\/\/wein-werte.com\/de\/"},{"@type":"ListItem","position":2,"name":"Shop","item":"https:\/\/wein-werte.com\/de\/shop\/"},{"@type":"ListItem","position":3,"name":"Clemens Busch | Mosel | Riesling Marienburg Grosse Lage &#8220;Felsterrasse&#8221; | 2021 | 750ml | bio"}]},{"@type":"WebSite","@id":"https:\/\/wein-werte.com\/de\/#website","url":"https:\/\/wein-werte.com\/de\/","name":"Wein Werte","description":"","publisher":{"@id":"https:\/\/wein-werte.com\/de\/#organization"},"potentialAction":[{"@type":"SearchAction","target":{"@type":"EntryPoint","urlTemplate":"https:\/\/wein-werte.com\/de\/?s={search_term_string}"},"query-input":{"@type":"PropertyValueSpecification","valueRequired":true,"valueName":"search_term_string"}}],"inLanguage":"de"},{"@type":"Organization","@id":"https:\/\/wein-werte.com\/de\/#organization","name":"Vins Fins Thorrold","url":"https:\/\/wein-werte.com\/de\/","logo":{"@type":"ImageObject","inLanguage":"de","@id":"https:\/\/wein-werte.com\/de\/#\/schema\/logo\/image\/","url":"https:\/\/wein-werte.com\/wp-content\/uploads\/2023\/07\/Wein_werte_Logo700-1.png","contentUrl":"https:\/\/wein-werte.com\/wp-content\/uploads\/2023\/07\/Wein_werte_Logo700-1.png","width":700,"height":272,"caption":"Vins Fins Thorrold"},"image":{"@id":"https:\/\/wein-werte.com\/de\/#\/schema\/logo\/image\/"}}]}},"_links":{"self":[{"href":"https:\/\/wein-werte.com\/de\/wp-json\/wp\/v2\/product\/1130683","targetHints":{"allow":["GET"]}}],"collection":[{"href":"https:\/\/wein-werte.com\/de\/wp-json\/wp\/v2\/product"}],"about":[{"href":"https:\/\/wein-werte.com\/de\/wp-json\/wp\/v2\/types\/product"}],"wp:featuredmedia":[{"embeddable":true,"href":"https:\/\/wein-werte.com\/de\/wp-json\/wp\/v2\/media\/1141762"}],"wp:attachment":[{"href":"https:\/\/wein-werte.com\/de\/wp-json\/wp\/v2\/media?parent=1130683"}],"wp:term":[{"taxonomy":"product_brand","embeddable":true,"href":"https:\/\/wein-werte.com\/de\/wp-json\/wp\/v2\/product_brand?post=1130683"},{"taxonomy":"product_cat","embeddable":true,"href":"https:\/\/wein-werte.com\/de\/wp-json\/wp\/v2\/product_cat?post=1130683"},{"taxonomy":"product_tag","embeddable":true,"href":"https:\/\/wein-werte.com\/de\/wp-json\/wp\/v2\/product_tag?post=1130683"}],"curies":[{"name":"wp","href":"https:\/\/api.w.org\/{rel}","templated":true}]}}