{"id":1130677,"date":"2026-05-08T20:02:15","date_gmt":"2026-05-08T18:02:15","guid":{"rendered":"https:\/\/wein-werte.com\/product\/clemens-busch-riesling-marienburg-raffes-2020-750ml\/"},"modified":"2026-04-27T11:46:18","modified_gmt":"2026-04-27T09:46:18","slug":"clemens-busch-riesling-marienburg-raffes-2020-750ml","status":"publish","type":"product","link":"https:\/\/wein-werte.com\/de\/produkt\/clemens-busch-riesling-marienburg-raffes-2020-750ml\/","title":{"rendered":"Clemens Busch | Mosel | Riesling Marienburg Grosse Lage &#8220;Raffes&#8221;  | 2020 | 750ml | bio"},"content":{"rendered":"<p>Produktbeschreibung f\u00fcr Clemens Busch Riesling Marienburg Grosse Lage &#8220;Raffes&#8221;  2020 (bio) <\/p>\n<h5>Farbe<\/h5>\n<p> Funkelndes Goldgelb. <\/p>\n<h5>Nase<\/h5>\n<p> Der 2020er Riesling Marienburg Erste Lage \u201eRaffes\u201c duftet nach Boskopapfel, Weinbergspfirsich, Marille, Zitronenschale, einer Wiese voller Bl\u00fcten und Kr\u00e4uter, Honig, erg\u00e4nzt um zarte malzige Noten. Fulminant und kraftvoll packt er einen bereits in der Nase, ein Wein mit Tiefe und voller Ausdruck. <\/p>\n<h5>Gaumen<\/h5>\n<p> Mit purer Saftigkeit flutet er den Gaumen, saftige Frucht trifft auf Fruchts\u00fc\u00dfe und w\u00fcrzigen Gerbstoff. Salzig, mineralisch und angenehm herausfordernd mit langem Nachhall, der auf sein gro\u00dfartiges Reifepotenzial verweist. Ein Riesling-Kunstst\u00fcck, mit dem uns Clemens Busch mal wieder zeigt, wo der Hammer h\u00e4ngt.<\/p>\n<p>Copyright Vinaturel 2025<\/p>\n<p>Keywords: <a href=\"https:\/\/wein-werte.com\/de\/shop\/?swoof=1&#038;pa_producer=Clemens-Busch\">Clemens Busch<\/a> <a href=\"https:\/\/wein-werte.com\/de\/shop\/?swoof=1&#038;woof_text=Riesling Marienburg Grosse Lage \"Raffes\" \">Riesling Marienburg Grosse Lage &#8220;Raffes&#8221; <\/a> 2020 bio <a href=\"https:\/\/wein-werte.com\/de\/shop\/?swoof=1&#038;pa_region=Mosel\">Mosel<\/a> <a href=\"https:\/\/wein-werte.com\/de\/shop\/?swoof=1&#038;pa_country=Deutschland\">Deutschland<\/a><\/p>\n<p>Internetseite des Weinguts: <a href=\"https:\/\/clemens-busch.de\/\" target=\"_blank\">https:\/\/clemens-busch.de\/<\/a><\/p>\n","protected":false},"excerpt":{"rendered":"<p>Lieferzeit: 1 bis 2 Arbeitstage (DE), 2 bis 5 Arbeitstage (EU and CH)<\/p>\n","protected":false},"featured_media":1147463,"template":"","meta":[],"product_brand":[],"product_cat":[19],"product_tag":[],"class_list":{"0":"post-1130677","1":"product","2":"type-product","3":"status-publish","4":"has-post-thumbnail","6":"product_cat-unkategorisiert","7":"pa_alcohol-for-filter-12-5","8":"pa_certified-biodynamic-ja-de","9":"pa_certified-organic-ja-de","10":"pa_colour-weiss","11":"pa_country-deutschland","12":"pa_grape-riesling","13":"pa_price-for-filter-10686","14":"pa_producer-clemens-busch","15":"pa_region-mosel","16":"pa_size-ml-6584","17":"pa_sweetness-halbtrocken","18":"pa_type-2-still-de","19":"pa_vintage-2020-de","20":"entry","21":"has-media","23":"first","24":"instock","25":"taxable","26":"shipping-taxable","27":"purchasable","28":"product-type-simple"},"yoast_head":"<!-- This site is optimized with the Yoast SEO plugin v27.5 - https:\/\/yoast.com\/product\/yoast-seo-wordpress\/ -->\n<title>Clemens Busch Riesling Marienburg &quot;Raffes&quot; 2020<\/title>\n<meta name=\"description\" content=\"Kaufe Clemens Busch Riesling Marienburg &quot;Raffes&quot; 2020 (Riesling, halbtrocken aus Mosel, Deutschland) bei Wein Werte, Ihrem nachhaltigen Onlineshop.\" \/>\n<meta name=\"robots\" content=\"index, follow, max-snippet:-1, max-image-preview:large, max-video-preview:-1\" \/>\n<link rel=\"canonical\" href=\"https:\/\/wein-werte.com\/de\/produkt\/clemens-busch-riesling-marienburg-raffes-2020-750ml\/\" \/>\n<meta property=\"og:locale\" content=\"de_DE\" \/>\n<meta property=\"og:type\" content=\"article\" \/>\n<meta property=\"og:title\" content=\"Clemens Busch Riesling Marienburg &quot;Raffes&quot; 2020\" \/>\n<meta property=\"og:description\" content=\"Kaufe Clemens Busch Riesling Marienburg &quot;Raffes&quot; 2020 (Riesling, halbtrocken aus Mosel, Deutschland) bei Wein Werte, Ihrem nachhaltigen Onlineshop.\" \/>\n<meta property=\"og:url\" content=\"https:\/\/wein-werte.com\/de\/produkt\/clemens-busch-riesling-marienburg-raffes-2020-750ml\/\" \/>\n<meta property=\"og:site_name\" content=\"Wein Werte\" \/>\n<meta property=\"og:image\" content=\"https:\/\/wein-werte.com\/wp-content\/uploads\/2026\/04\/Clemens-Busch-Riesling-Marienburg-Raffes-2020-750-ml.png\" \/>\n\t<meta property=\"og:image:width\" content=\"247\" \/>\n\t<meta property=\"og:image:height\" content=\"1200\" \/>\n\t<meta property=\"og:image:type\" content=\"image\/png\" \/>\n<meta name=\"twitter:card\" content=\"summary_large_image\" \/>\n<meta name=\"twitter:label1\" content=\"Gesch\u00e4tzte Lesezeit\" \/>\n\t<meta name=\"twitter:data1\" content=\"1\u00a0Minute\" \/>\n<script type=\"application\/ld+json\" class=\"yoast-schema-graph\">{\"@context\":\"https:\\\/\\\/schema.org\",\"@graph\":[{\"@type\":\"WebPage\",\"@id\":\"https:\\\/\\\/wein-werte.com\\\/de\\\/produkt\\\/clemens-busch-riesling-marienburg-raffes-2020-750ml\\\/\",\"url\":\"https:\\\/\\\/wein-werte.com\\\/de\\\/produkt\\\/clemens-busch-riesling-marienburg-raffes-2020-750ml\\\/\",\"name\":\"Clemens Busch Riesling Marienburg \\\"Raffes\\\" 2020\",\"isPartOf\":{\"@id\":\"https:\\\/\\\/wein-werte.com\\\/de\\\/#website\"},\"primaryImageOfPage\":{\"@id\":\"https:\\\/\\\/wein-werte.com\\\/de\\\/produkt\\\/clemens-busch-riesling-marienburg-raffes-2020-750ml\\\/#primaryimage\"},\"image\":{\"@id\":\"https:\\\/\\\/wein-werte.com\\\/de\\\/produkt\\\/clemens-busch-riesling-marienburg-raffes-2020-750ml\\\/#primaryimage\"},\"thumbnailUrl\":\"https:\\\/\\\/wein-werte.com\\\/wp-content\\\/uploads\\\/2026\\\/04\\\/Clemens-Busch-Riesling-Marienburg-Raffes-2020-750-ml.png\",\"datePublished\":\"2026-05-08T18:02:15+00:00\",\"description\":\"Kaufe Clemens Busch Riesling Marienburg \\\"Raffes\\\" 2020 (Riesling, halbtrocken aus Mosel, Deutschland) bei Wein Werte, Ihrem nachhaltigen Onlineshop.\",\"breadcrumb\":{\"@id\":\"https:\\\/\\\/wein-werte.com\\\/de\\\/produkt\\\/clemens-busch-riesling-marienburg-raffes-2020-750ml\\\/#breadcrumb\"},\"inLanguage\":\"de\",\"potentialAction\":[{\"@type\":\"ReadAction\",\"target\":[\"https:\\\/\\\/wein-werte.com\\\/de\\\/produkt\\\/clemens-busch-riesling-marienburg-raffes-2020-750ml\\\/\"]}]},{\"@type\":\"ImageObject\",\"inLanguage\":\"de\",\"@id\":\"https:\\\/\\\/wein-werte.com\\\/de\\\/produkt\\\/clemens-busch-riesling-marienburg-raffes-2020-750ml\\\/#primaryimage\",\"url\":\"https:\\\/\\\/wein-werte.com\\\/wp-content\\\/uploads\\\/2026\\\/04\\\/Clemens-Busch-Riesling-Marienburg-Raffes-2020-750-ml.png\",\"contentUrl\":\"https:\\\/\\\/wein-werte.com\\\/wp-content\\\/uploads\\\/2026\\\/04\\\/Clemens-Busch-Riesling-Marienburg-Raffes-2020-750-ml.png\",\"width\":247,\"height\":1200},{\"@type\":\"BreadcrumbList\",\"@id\":\"https:\\\/\\\/wein-werte.com\\\/de\\\/produkt\\\/clemens-busch-riesling-marienburg-raffes-2020-750ml\\\/#breadcrumb\",\"itemListElement\":[{\"@type\":\"ListItem\",\"position\":1,\"name\":\"Home\",\"item\":\"https:\\\/\\\/wein-werte.com\\\/de\\\/\"},{\"@type\":\"ListItem\",\"position\":2,\"name\":\"Shop\",\"item\":\"https:\\\/\\\/wein-werte.com\\\/de\\\/shop\\\/\"},{\"@type\":\"ListItem\",\"position\":3,\"name\":\"Clemens Busch | Mosel | Riesling Marienburg Grosse Lage &#8220;Raffes&#8221; | 2020 | 750ml | bio\"}]},{\"@type\":\"WebSite\",\"@id\":\"https:\\\/\\\/wein-werte.com\\\/de\\\/#website\",\"url\":\"https:\\\/\\\/wein-werte.com\\\/de\\\/\",\"name\":\"Wein Werte\",\"description\":\"\",\"publisher\":{\"@id\":\"https:\\\/\\\/wein-werte.com\\\/de\\\/#organization\"},\"potentialAction\":[{\"@type\":\"SearchAction\",\"target\":{\"@type\":\"EntryPoint\",\"urlTemplate\":\"https:\\\/\\\/wein-werte.com\\\/de\\\/?s={search_term_string}\"},\"query-input\":{\"@type\":\"PropertyValueSpecification\",\"valueRequired\":true,\"valueName\":\"search_term_string\"}}],\"inLanguage\":\"de\"},{\"@type\":\"Organization\",\"@id\":\"https:\\\/\\\/wein-werte.com\\\/de\\\/#organization\",\"name\":\"Vins Fins Thorrold\",\"url\":\"https:\\\/\\\/wein-werte.com\\\/de\\\/\",\"logo\":{\"@type\":\"ImageObject\",\"inLanguage\":\"de\",\"@id\":\"https:\\\/\\\/wein-werte.com\\\/de\\\/#\\\/schema\\\/logo\\\/image\\\/\",\"url\":\"https:\\\/\\\/wein-werte.com\\\/wp-content\\\/uploads\\\/2023\\\/07\\\/Wein_werte_Logo700-1.png\",\"contentUrl\":\"https:\\\/\\\/wein-werte.com\\\/wp-content\\\/uploads\\\/2023\\\/07\\\/Wein_werte_Logo700-1.png\",\"width\":700,\"height\":272,\"caption\":\"Vins Fins Thorrold\"},\"image\":{\"@id\":\"https:\\\/\\\/wein-werte.com\\\/de\\\/#\\\/schema\\\/logo\\\/image\\\/\"}}]}<\/script>\n<!-- \/ Yoast SEO plugin. -->","yoast_head_json":{"title":"Clemens Busch Riesling Marienburg \"Raffes\" 2020","description":"Kaufe Clemens Busch Riesling Marienburg \"Raffes\" 2020 (Riesling, halbtrocken aus Mosel, Deutschland) bei Wein Werte, Ihrem nachhaltigen Onlineshop.","robots":{"index":"index","follow":"follow","max-snippet":"max-snippet:-1","max-image-preview":"max-image-preview:large","max-video-preview":"max-video-preview:-1"},"canonical":"https:\/\/wein-werte.com\/de\/produkt\/clemens-busch-riesling-marienburg-raffes-2020-750ml\/","og_locale":"de_DE","og_type":"article","og_title":"Clemens Busch Riesling Marienburg \"Raffes\" 2020","og_description":"Kaufe Clemens Busch Riesling Marienburg \"Raffes\" 2020 (Riesling, halbtrocken aus Mosel, Deutschland) bei Wein Werte, Ihrem nachhaltigen Onlineshop.","og_url":"https:\/\/wein-werte.com\/de\/produkt\/clemens-busch-riesling-marienburg-raffes-2020-750ml\/","og_site_name":"Wein Werte","og_image":[{"width":247,"height":1200,"url":"https:\/\/wein-werte.com\/wp-content\/uploads\/2026\/04\/Clemens-Busch-Riesling-Marienburg-Raffes-2020-750-ml.png","type":"image\/png"}],"twitter_card":"summary_large_image","twitter_misc":{"Gesch\u00e4tzte Lesezeit":"1\u00a0Minute"},"schema":{"@context":"https:\/\/schema.org","@graph":[{"@type":"WebPage","@id":"https:\/\/wein-werte.com\/de\/produkt\/clemens-busch-riesling-marienburg-raffes-2020-750ml\/","url":"https:\/\/wein-werte.com\/de\/produkt\/clemens-busch-riesling-marienburg-raffes-2020-750ml\/","name":"Clemens Busch Riesling Marienburg \"Raffes\" 2020","isPartOf":{"@id":"https:\/\/wein-werte.com\/de\/#website"},"primaryImageOfPage":{"@id":"https:\/\/wein-werte.com\/de\/produkt\/clemens-busch-riesling-marienburg-raffes-2020-750ml\/#primaryimage"},"image":{"@id":"https:\/\/wein-werte.com\/de\/produkt\/clemens-busch-riesling-marienburg-raffes-2020-750ml\/#primaryimage"},"thumbnailUrl":"https:\/\/wein-werte.com\/wp-content\/uploads\/2026\/04\/Clemens-Busch-Riesling-Marienburg-Raffes-2020-750-ml.png","datePublished":"2026-05-08T18:02:15+00:00","description":"Kaufe Clemens Busch Riesling Marienburg \"Raffes\" 2020 (Riesling, halbtrocken aus Mosel, Deutschland) bei Wein Werte, Ihrem nachhaltigen Onlineshop.","breadcrumb":{"@id":"https:\/\/wein-werte.com\/de\/produkt\/clemens-busch-riesling-marienburg-raffes-2020-750ml\/#breadcrumb"},"inLanguage":"de","potentialAction":[{"@type":"ReadAction","target":["https:\/\/wein-werte.com\/de\/produkt\/clemens-busch-riesling-marienburg-raffes-2020-750ml\/"]}]},{"@type":"ImageObject","inLanguage":"de","@id":"https:\/\/wein-werte.com\/de\/produkt\/clemens-busch-riesling-marienburg-raffes-2020-750ml\/#primaryimage","url":"https:\/\/wein-werte.com\/wp-content\/uploads\/2026\/04\/Clemens-Busch-Riesling-Marienburg-Raffes-2020-750-ml.png","contentUrl":"https:\/\/wein-werte.com\/wp-content\/uploads\/2026\/04\/Clemens-Busch-Riesling-Marienburg-Raffes-2020-750-ml.png","width":247,"height":1200},{"@type":"BreadcrumbList","@id":"https:\/\/wein-werte.com\/de\/produkt\/clemens-busch-riesling-marienburg-raffes-2020-750ml\/#breadcrumb","itemListElement":[{"@type":"ListItem","position":1,"name":"Home","item":"https:\/\/wein-werte.com\/de\/"},{"@type":"ListItem","position":2,"name":"Shop","item":"https:\/\/wein-werte.com\/de\/shop\/"},{"@type":"ListItem","position":3,"name":"Clemens Busch | Mosel | Riesling Marienburg Grosse Lage &#8220;Raffes&#8221; | 2020 | 750ml | bio"}]},{"@type":"WebSite","@id":"https:\/\/wein-werte.com\/de\/#website","url":"https:\/\/wein-werte.com\/de\/","name":"Wein Werte","description":"","publisher":{"@id":"https:\/\/wein-werte.com\/de\/#organization"},"potentialAction":[{"@type":"SearchAction","target":{"@type":"EntryPoint","urlTemplate":"https:\/\/wein-werte.com\/de\/?s={search_term_string}"},"query-input":{"@type":"PropertyValueSpecification","valueRequired":true,"valueName":"search_term_string"}}],"inLanguage":"de"},{"@type":"Organization","@id":"https:\/\/wein-werte.com\/de\/#organization","name":"Vins Fins Thorrold","url":"https:\/\/wein-werte.com\/de\/","logo":{"@type":"ImageObject","inLanguage":"de","@id":"https:\/\/wein-werte.com\/de\/#\/schema\/logo\/image\/","url":"https:\/\/wein-werte.com\/wp-content\/uploads\/2023\/07\/Wein_werte_Logo700-1.png","contentUrl":"https:\/\/wein-werte.com\/wp-content\/uploads\/2023\/07\/Wein_werte_Logo700-1.png","width":700,"height":272,"caption":"Vins Fins Thorrold"},"image":{"@id":"https:\/\/wein-werte.com\/de\/#\/schema\/logo\/image\/"}}]}},"_links":{"self":[{"href":"https:\/\/wein-werte.com\/de\/wp-json\/wp\/v2\/product\/1130677","targetHints":{"allow":["GET"]}}],"collection":[{"href":"https:\/\/wein-werte.com\/de\/wp-json\/wp\/v2\/product"}],"about":[{"href":"https:\/\/wein-werte.com\/de\/wp-json\/wp\/v2\/types\/product"}],"wp:featuredmedia":[{"embeddable":true,"href":"https:\/\/wein-werte.com\/de\/wp-json\/wp\/v2\/media\/1147463"}],"wp:attachment":[{"href":"https:\/\/wein-werte.com\/de\/wp-json\/wp\/v2\/media?parent=1130677"}],"wp:term":[{"taxonomy":"product_brand","embeddable":true,"href":"https:\/\/wein-werte.com\/de\/wp-json\/wp\/v2\/product_brand?post=1130677"},{"taxonomy":"product_cat","embeddable":true,"href":"https:\/\/wein-werte.com\/de\/wp-json\/wp\/v2\/product_cat?post=1130677"},{"taxonomy":"product_tag","embeddable":true,"href":"https:\/\/wein-werte.com\/de\/wp-json\/wp\/v2\/product_tag?post=1130677"}],"curies":[{"name":"wp","href":"https:\/\/api.w.org\/{rel}","templated":true}]}}