{"id":1130646,"date":"2026-05-05T18:19:12","date_gmt":"2026-05-05T16:19:12","guid":{"rendered":"https:\/\/wein-werte.com\/product\/roterfaden-lemberger-herzstuck-2022-750ml\/"},"modified":"2026-04-27T11:46:16","modified_gmt":"2026-04-27T09:46:16","slug":"roterfaden-lemberger-herzstuck-2022-750ml","status":"publish","type":"product","link":"https:\/\/wein-werte.com\/de\/produkt\/roterfaden-lemberger-herzstuck-2022-750ml\/","title":{"rendered":"Roterfaden | Baden-W\u00fcrttemberg | Lemberger Herzst\u00fcck | 2022 | 750ml | bio"},"content":{"rendered":"<p>Produktbeschreibung f\u00fcr Roterfaden Lemberger Herzst\u00fcck 2022 (bio) <\/p>\n<h5>Informationen zum Wein<\/h5>\n<p> Die verwendeten Lemberger-Trauben stammen von Reben, die in blauem Muschelkalk bei Vaihingen an der Enz, nordwestlich von Stuttgart wurzeln. Nach einer fr\u00fchen Lese \u2013 der Wein besitzt 11 % vol. Alc. \u2013 werden zwei Drittel der Trauben entrappt und \u00fcber etwa vier bis f\u00fcnf Wochen in offenen Holzf\u00e4ssern mit nat\u00fcrlichen Hefen auf der Maische vergoren, ohne den Most gro\u00df zu bewegen. Die Weine bleiben dann in mehrj\u00e4hrigen F\u00e4ssern bis zur Abf\u00fcllung auf der Vollhefe. Sie werden nicht filtriert und bei der Abf\u00fcllung nur minimal geschwefelt. <\/p>\n<h5>Farbe<\/h5>\n<p> leicht transparentes Rubinrot <\/p>\n<h5>Nase<\/h5>\n<p> Schon im Duft kann man erahnen, welch angenehme K\u00fchle und Eleganz der Lemberger am Gaumen offerieren wird. Es duftet nach Roten Johannisbeeren, knackigen (Sauer)-Kirschen, und etwas Granatpafel, sowie nach Lorbeer und einer Spur Wacholder und Hefe. <\/p>\n<h5>Gaumen<\/h5>\n<p> Am Gaumen ist es dann so weit: Der Lemberger, den man ja auch dunkel, fest und tanninreich kennt, t\u00e4nzelt \u00fcber die Zunge. Alles an diesem Wein ist frisch, transparent und saftig. Dabei zeigt er trotzdem deutliche und typische Attribute der Rebsorte mit ihren erdigen Noten, der Fleischigkeit, der feinen W\u00fcrze und einem Tannin, das markant ist, aber ganz fein. Dabei kommt auch die \u00e4therisch duftige W\u00fcrze von Lorbeer wieder zum Vorschein. Hier stimmt die Balance aus Leichtigkeit und Frische, sowie Erdigkeit und Kernigkeit.<\/p>\n<p>Copyright Vinaturel 2025<\/p>\n<p>Keywords: <a href=\"https:\/\/wein-werte.com\/de\/shop\/?swoof=1&#038;pa_producer=Roterfaden\">Roterfaden<\/a> <a href=\"https:\/\/wein-werte.com\/de\/shop\/?swoof=1&#038;woof_text=Lemberger Herzst\u00fcck\">Lemberger Herzst\u00fcck<\/a> 2022 bio <a href=\"https:\/\/wein-werte.com\/de\/shop\/?swoof=1&#038;pa_region=Baden-W\u00fcrttemberg\">Baden-W\u00fcrttemberg<\/a> <a href=\"https:\/\/wein-werte.com\/de\/shop\/?swoof=1&#038;pa_country=Deutschland\">Deutschland<\/a><\/p>\n<p>Internetseite des Weinguts: <a href=\"https:\/\/www.weingutroterfaden.de\/de\/\" target=\"_blank\">https:\/\/www.weingutroterfaden.de\/de\/<\/a><\/p>\n","protected":false},"excerpt":{"rendered":"<p>Lieferzeit: 1 bis 2 Arbeitstage (DE), 2 bis 5 Arbeitstage (EU and CH)<\/p>\n","protected":false},"featured_media":1141738,"template":"","meta":[],"product_brand":[],"product_cat":[19],"product_tag":[],"class_list":{"0":"post-1130646","1":"product","2":"type-product","3":"status-publish","4":"has-post-thumbnail","6":"product_cat-unkategorisiert","7":"pa_alcohol-for-filter-12895","8":"pa_certified-biodynamic-ja-de","9":"pa_certified-organic-ja-de","10":"pa_colour-rot","11":"pa_country-deutschland","12":"pa_grape-blaufrankisch-lemberger","13":"pa_price-for-filter-10566","14":"pa_producer-roterfaden","15":"pa_region-baden-wurttemberg","16":"pa_size-ml-6584","17":"pa_sweetness-trocken-de","18":"pa_type-2-still-de","19":"pa_vintage-2022-de","20":"entry","21":"has-media","23":"first","24":"instock","25":"taxable","26":"shipping-taxable","27":"purchasable","28":"product-type-simple"},"yoast_head":"<!-- This site is optimized with the Yoast SEO plugin v27.5 - https:\/\/yoast.com\/product\/yoast-seo-wordpress\/ -->\n<title>Roterfaden Lemberger Herzst\u00fcck 2022<\/title>\n<meta name=\"description\" content=\"Kaufe Roterfaden Lemberger Herzst\u00fcck 2022 (Blaufr\u00e4nkisch, trocken aus Baden-W\u00fcrttemberg, Deutschland) bei Wein Werte, Ihrem nachhaltigen Onlineshop.\" \/>\n<meta name=\"robots\" content=\"index, follow, max-snippet:-1, max-image-preview:large, max-video-preview:-1\" \/>\n<link rel=\"canonical\" href=\"https:\/\/wein-werte.com\/de\/produkt\/roterfaden-lemberger-herzstuck-2022-750ml\/\" \/>\n<meta property=\"og:locale\" content=\"de_DE\" \/>\n<meta property=\"og:type\" content=\"article\" \/>\n<meta property=\"og:title\" content=\"Roterfaden Lemberger Herzst\u00fcck 2022\" \/>\n<meta property=\"og:description\" content=\"Kaufe Roterfaden Lemberger Herzst\u00fcck 2022 (Blaufr\u00e4nkisch, trocken aus Baden-W\u00fcrttemberg, Deutschland) bei Wein Werte, Ihrem nachhaltigen Onlineshop.\" \/>\n<meta property=\"og:url\" content=\"https:\/\/wein-werte.com\/de\/produkt\/roterfaden-lemberger-herzstuck-2022-750ml\/\" \/>\n<meta property=\"og:site_name\" content=\"Wein Werte\" \/>\n<meta property=\"og:image\" content=\"https:\/\/wein-werte.com\/wp-content\/uploads\/2026\/04\/Roterfaden-Lemberger-Herzstuck-2022-750ml.png\" \/>\n\t<meta property=\"og:image:width\" content=\"324\" \/>\n\t<meta property=\"og:image:height\" content=\"1200\" \/>\n\t<meta property=\"og:image:type\" content=\"image\/png\" \/>\n<meta name=\"twitter:card\" content=\"summary_large_image\" \/>\n<meta name=\"twitter:label1\" content=\"Gesch\u00e4tzte Lesezeit\" \/>\n\t<meta name=\"twitter:data1\" content=\"1\u00a0Minute\" \/>\n<script type=\"application\/ld+json\" class=\"yoast-schema-graph\">{\"@context\":\"https:\\\/\\\/schema.org\",\"@graph\":[{\"@type\":\"WebPage\",\"@id\":\"https:\\\/\\\/wein-werte.com\\\/de\\\/produkt\\\/roterfaden-lemberger-herzstuck-2022-750ml\\\/\",\"url\":\"https:\\\/\\\/wein-werte.com\\\/de\\\/produkt\\\/roterfaden-lemberger-herzstuck-2022-750ml\\\/\",\"name\":\"Roterfaden Lemberger Herzst\u00fcck 2022\",\"isPartOf\":{\"@id\":\"https:\\\/\\\/wein-werte.com\\\/de\\\/#website\"},\"primaryImageOfPage\":{\"@id\":\"https:\\\/\\\/wein-werte.com\\\/de\\\/produkt\\\/roterfaden-lemberger-herzstuck-2022-750ml\\\/#primaryimage\"},\"image\":{\"@id\":\"https:\\\/\\\/wein-werte.com\\\/de\\\/produkt\\\/roterfaden-lemberger-herzstuck-2022-750ml\\\/#primaryimage\"},\"thumbnailUrl\":\"https:\\\/\\\/wein-werte.com\\\/wp-content\\\/uploads\\\/2026\\\/04\\\/Roterfaden-Lemberger-Herzstuck-2022-750ml.png\",\"datePublished\":\"2026-05-05T16:19:12+00:00\",\"description\":\"Kaufe Roterfaden Lemberger Herzst\u00fcck 2022 (Blaufr\u00e4nkisch, trocken aus Baden-W\u00fcrttemberg, Deutschland) bei Wein Werte, Ihrem nachhaltigen Onlineshop.\",\"breadcrumb\":{\"@id\":\"https:\\\/\\\/wein-werte.com\\\/de\\\/produkt\\\/roterfaden-lemberger-herzstuck-2022-750ml\\\/#breadcrumb\"},\"inLanguage\":\"de\",\"potentialAction\":[{\"@type\":\"ReadAction\",\"target\":[\"https:\\\/\\\/wein-werte.com\\\/de\\\/produkt\\\/roterfaden-lemberger-herzstuck-2022-750ml\\\/\"]}]},{\"@type\":\"ImageObject\",\"inLanguage\":\"de\",\"@id\":\"https:\\\/\\\/wein-werte.com\\\/de\\\/produkt\\\/roterfaden-lemberger-herzstuck-2022-750ml\\\/#primaryimage\",\"url\":\"https:\\\/\\\/wein-werte.com\\\/wp-content\\\/uploads\\\/2026\\\/04\\\/Roterfaden-Lemberger-Herzstuck-2022-750ml.png\",\"contentUrl\":\"https:\\\/\\\/wein-werte.com\\\/wp-content\\\/uploads\\\/2026\\\/04\\\/Roterfaden-Lemberger-Herzstuck-2022-750ml.png\",\"width\":324,\"height\":1200,\"caption\":\"Roterfaden Lemberger Herzst\u00fcck 2022 750ml\"},{\"@type\":\"BreadcrumbList\",\"@id\":\"https:\\\/\\\/wein-werte.com\\\/de\\\/produkt\\\/roterfaden-lemberger-herzstuck-2022-750ml\\\/#breadcrumb\",\"itemListElement\":[{\"@type\":\"ListItem\",\"position\":1,\"name\":\"Home\",\"item\":\"https:\\\/\\\/wein-werte.com\\\/de\\\/\"},{\"@type\":\"ListItem\",\"position\":2,\"name\":\"Shop\",\"item\":\"https:\\\/\\\/wein-werte.com\\\/de\\\/shop\\\/\"},{\"@type\":\"ListItem\",\"position\":3,\"name\":\"Roterfaden | Baden-W\u00fcrttemberg | Lemberger Herzst\u00fcck | 2022 | 750ml | bio\"}]},{\"@type\":\"WebSite\",\"@id\":\"https:\\\/\\\/wein-werte.com\\\/de\\\/#website\",\"url\":\"https:\\\/\\\/wein-werte.com\\\/de\\\/\",\"name\":\"Wein Werte\",\"description\":\"\",\"publisher\":{\"@id\":\"https:\\\/\\\/wein-werte.com\\\/de\\\/#organization\"},\"potentialAction\":[{\"@type\":\"SearchAction\",\"target\":{\"@type\":\"EntryPoint\",\"urlTemplate\":\"https:\\\/\\\/wein-werte.com\\\/de\\\/?s={search_term_string}\"},\"query-input\":{\"@type\":\"PropertyValueSpecification\",\"valueRequired\":true,\"valueName\":\"search_term_string\"}}],\"inLanguage\":\"de\"},{\"@type\":\"Organization\",\"@id\":\"https:\\\/\\\/wein-werte.com\\\/de\\\/#organization\",\"name\":\"Vins Fins Thorrold\",\"url\":\"https:\\\/\\\/wein-werte.com\\\/de\\\/\",\"logo\":{\"@type\":\"ImageObject\",\"inLanguage\":\"de\",\"@id\":\"https:\\\/\\\/wein-werte.com\\\/de\\\/#\\\/schema\\\/logo\\\/image\\\/\",\"url\":\"https:\\\/\\\/wein-werte.com\\\/wp-content\\\/uploads\\\/2023\\\/07\\\/Wein_werte_Logo700-1.png\",\"contentUrl\":\"https:\\\/\\\/wein-werte.com\\\/wp-content\\\/uploads\\\/2023\\\/07\\\/Wein_werte_Logo700-1.png\",\"width\":700,\"height\":272,\"caption\":\"Vins Fins Thorrold\"},\"image\":{\"@id\":\"https:\\\/\\\/wein-werte.com\\\/de\\\/#\\\/schema\\\/logo\\\/image\\\/\"}}]}<\/script>\n<!-- \/ Yoast SEO plugin. -->","yoast_head_json":{"title":"Roterfaden Lemberger Herzst\u00fcck 2022","description":"Kaufe Roterfaden Lemberger Herzst\u00fcck 2022 (Blaufr\u00e4nkisch, trocken aus Baden-W\u00fcrttemberg, Deutschland) bei Wein Werte, Ihrem nachhaltigen Onlineshop.","robots":{"index":"index","follow":"follow","max-snippet":"max-snippet:-1","max-image-preview":"max-image-preview:large","max-video-preview":"max-video-preview:-1"},"canonical":"https:\/\/wein-werte.com\/de\/produkt\/roterfaden-lemberger-herzstuck-2022-750ml\/","og_locale":"de_DE","og_type":"article","og_title":"Roterfaden Lemberger Herzst\u00fcck 2022","og_description":"Kaufe Roterfaden Lemberger Herzst\u00fcck 2022 (Blaufr\u00e4nkisch, trocken aus Baden-W\u00fcrttemberg, Deutschland) bei Wein Werte, Ihrem nachhaltigen Onlineshop.","og_url":"https:\/\/wein-werte.com\/de\/produkt\/roterfaden-lemberger-herzstuck-2022-750ml\/","og_site_name":"Wein Werte","og_image":[{"width":324,"height":1200,"url":"https:\/\/wein-werte.com\/wp-content\/uploads\/2026\/04\/Roterfaden-Lemberger-Herzstuck-2022-750ml.png","type":"image\/png"}],"twitter_card":"summary_large_image","twitter_misc":{"Gesch\u00e4tzte Lesezeit":"1\u00a0Minute"},"schema":{"@context":"https:\/\/schema.org","@graph":[{"@type":"WebPage","@id":"https:\/\/wein-werte.com\/de\/produkt\/roterfaden-lemberger-herzstuck-2022-750ml\/","url":"https:\/\/wein-werte.com\/de\/produkt\/roterfaden-lemberger-herzstuck-2022-750ml\/","name":"Roterfaden Lemberger Herzst\u00fcck 2022","isPartOf":{"@id":"https:\/\/wein-werte.com\/de\/#website"},"primaryImageOfPage":{"@id":"https:\/\/wein-werte.com\/de\/produkt\/roterfaden-lemberger-herzstuck-2022-750ml\/#primaryimage"},"image":{"@id":"https:\/\/wein-werte.com\/de\/produkt\/roterfaden-lemberger-herzstuck-2022-750ml\/#primaryimage"},"thumbnailUrl":"https:\/\/wein-werte.com\/wp-content\/uploads\/2026\/04\/Roterfaden-Lemberger-Herzstuck-2022-750ml.png","datePublished":"2026-05-05T16:19:12+00:00","description":"Kaufe Roterfaden Lemberger Herzst\u00fcck 2022 (Blaufr\u00e4nkisch, trocken aus Baden-W\u00fcrttemberg, Deutschland) bei Wein Werte, Ihrem nachhaltigen Onlineshop.","breadcrumb":{"@id":"https:\/\/wein-werte.com\/de\/produkt\/roterfaden-lemberger-herzstuck-2022-750ml\/#breadcrumb"},"inLanguage":"de","potentialAction":[{"@type":"ReadAction","target":["https:\/\/wein-werte.com\/de\/produkt\/roterfaden-lemberger-herzstuck-2022-750ml\/"]}]},{"@type":"ImageObject","inLanguage":"de","@id":"https:\/\/wein-werte.com\/de\/produkt\/roterfaden-lemberger-herzstuck-2022-750ml\/#primaryimage","url":"https:\/\/wein-werte.com\/wp-content\/uploads\/2026\/04\/Roterfaden-Lemberger-Herzstuck-2022-750ml.png","contentUrl":"https:\/\/wein-werte.com\/wp-content\/uploads\/2026\/04\/Roterfaden-Lemberger-Herzstuck-2022-750ml.png","width":324,"height":1200,"caption":"Roterfaden Lemberger Herzst\u00fcck 2022 750ml"},{"@type":"BreadcrumbList","@id":"https:\/\/wein-werte.com\/de\/produkt\/roterfaden-lemberger-herzstuck-2022-750ml\/#breadcrumb","itemListElement":[{"@type":"ListItem","position":1,"name":"Home","item":"https:\/\/wein-werte.com\/de\/"},{"@type":"ListItem","position":2,"name":"Shop","item":"https:\/\/wein-werte.com\/de\/shop\/"},{"@type":"ListItem","position":3,"name":"Roterfaden | Baden-W\u00fcrttemberg | Lemberger Herzst\u00fcck | 2022 | 750ml | bio"}]},{"@type":"WebSite","@id":"https:\/\/wein-werte.com\/de\/#website","url":"https:\/\/wein-werte.com\/de\/","name":"Wein Werte","description":"","publisher":{"@id":"https:\/\/wein-werte.com\/de\/#organization"},"potentialAction":[{"@type":"SearchAction","target":{"@type":"EntryPoint","urlTemplate":"https:\/\/wein-werte.com\/de\/?s={search_term_string}"},"query-input":{"@type":"PropertyValueSpecification","valueRequired":true,"valueName":"search_term_string"}}],"inLanguage":"de"},{"@type":"Organization","@id":"https:\/\/wein-werte.com\/de\/#organization","name":"Vins Fins Thorrold","url":"https:\/\/wein-werte.com\/de\/","logo":{"@type":"ImageObject","inLanguage":"de","@id":"https:\/\/wein-werte.com\/de\/#\/schema\/logo\/image\/","url":"https:\/\/wein-werte.com\/wp-content\/uploads\/2023\/07\/Wein_werte_Logo700-1.png","contentUrl":"https:\/\/wein-werte.com\/wp-content\/uploads\/2023\/07\/Wein_werte_Logo700-1.png","width":700,"height":272,"caption":"Vins Fins Thorrold"},"image":{"@id":"https:\/\/wein-werte.com\/de\/#\/schema\/logo\/image\/"}}]}},"_links":{"self":[{"href":"https:\/\/wein-werte.com\/de\/wp-json\/wp\/v2\/product\/1130646","targetHints":{"allow":["GET"]}}],"collection":[{"href":"https:\/\/wein-werte.com\/de\/wp-json\/wp\/v2\/product"}],"about":[{"href":"https:\/\/wein-werte.com\/de\/wp-json\/wp\/v2\/types\/product"}],"wp:featuredmedia":[{"embeddable":true,"href":"https:\/\/wein-werte.com\/de\/wp-json\/wp\/v2\/media\/1141738"}],"wp:attachment":[{"href":"https:\/\/wein-werte.com\/de\/wp-json\/wp\/v2\/media?parent=1130646"}],"wp:term":[{"taxonomy":"product_brand","embeddable":true,"href":"https:\/\/wein-werte.com\/de\/wp-json\/wp\/v2\/product_brand?post=1130646"},{"taxonomy":"product_cat","embeddable":true,"href":"https:\/\/wein-werte.com\/de\/wp-json\/wp\/v2\/product_cat?post=1130646"},{"taxonomy":"product_tag","embeddable":true,"href":"https:\/\/wein-werte.com\/de\/wp-json\/wp\/v2\/product_tag?post=1130646"}],"curies":[{"name":"wp","href":"https:\/\/api.w.org\/{rel}","templated":true}]}}