{"id":1130617,"date":"2026-05-05T18:19:09","date_gmt":"2026-05-05T16:19:09","guid":{"rendered":"https:\/\/wein-werte.com\/product\/klaus-vorgrimmler-pinot-blanc-de-noir-2023-750ml\/"},"modified":"2026-04-27T11:46:11","modified_gmt":"2026-04-27T09:46:11","slug":"klaus-vorgrimmler-pinot-blanc-de-noir-2023-750ml","status":"publish","type":"product","link":"https:\/\/wein-werte.com\/de\/produkt\/klaus-vorgrimmler-pinot-blanc-de-noir-2023-750ml\/","title":{"rendered":"Klaus Vorgrimmler | Baden | Pinot Blanc de Noir | 2023 | 750ml | bio"},"content":{"rendered":"<p>Produktbeschreibung f\u00fcr Klaus Vorgrimmler Pinot Blanc de Noir 2023 (bio) <\/p>\n<h5>Info<\/h5>\n<p> In den B\u00f6den findet man gr\u00f6\u00dftenteils L\u00f6ss. Im Untergrund tauchen dann Dogger und Jurakalk auf. Dogger ist ein eher selten gebrauchter Name. H\u00e4ufiger wird brauner Jura angewandt. Diese Formation stammt aus der mittleren Periode von vor 180 bis 159 Millionen Jahren. Der fruchtbare L\u00f6ss wird seit 40 Jahren kontinuierlich mit Pflanzen kultiviert. Die B\u00f6den werden seit einigen Jahren nicht mehr bearbeitet, so dass man im Rahmen der Biodiversit\u00e4t \u00fcber 80 Pflanzenarten hier vorfindet. Jede einzelne hat eine Mikroaufgabe in diesem Kontext. Das Wachstum ist ausgeglichen, der Boden gelockert und die Artenvielfalt tr\u00e4gt ihren Beitrag zum \u00f6kologischen Kreislauf. Die Rebe wird maximal 1x pro Jahr oder gar nicht geschnitten. Mit dem sogenannten KV-Schnitt werden die Ertr\u00e4ge auf moderate 30 bis 40hl\/he reduziert und die Pflanze nicht \u00fcberfordert. Es werden regelm\u00e4\u00dfig Tees ausgebracht sowie Kupfer und Backpulver in kleinen Mengen. Schwefel wird in den Reben nicht verwendet. Der Lesezeitpunkt wird eher fr\u00fcher angesetzt, ein etwas niedrigerer Ertrag wird im Sinne der Gesundheit der Trauben und der S\u00e4urewerte in Kauf genommen. Nach der Pressung folgt eine Standzeit \u00fcber Nacht, um eine nat\u00fcrliche Sedimentation der Trubstoffe abzuwarten. Es wird bei 18\u00b0C im Stahltank vergoren und ohne Zusatz jeglicher Additive gearbeitet. Jeder Wein wird mit einem eigenen Ansatz in die G\u00e4rphase gebracht. Alle Weine durchlaufen einen biologischen S\u00e4ureabbau im Laufe des Winters. Auf der Feinhefe ruhen die Weine dann im Stahltank. Im Fr\u00fchling wird gef\u00fcllt. Schwefel findet im gesamten Prozess nur einmal Verwendung. Kurz vor der F\u00fcllung und nur mit dem Credo: so viel wie n\u00f6tig, so wenig wie m\u00f6glich. <\/p>\n<h5>Farbe<\/h5>\n<p> Zart leuchtendes Lachsros\u00e9 mit hellen Reflexen <\/p>\n<h5>Nase<\/h5>\n<p> Der Pinot Blanc de Noir schwankt zwischen hellen und r\u00f6tlichen floralen Aromen. Selbstredend ist dies ein hoher Faktor f\u00fcr Eleganz und weiche Aromen. Die Frucht schwankt zwischen Johannisbeere, Himbeere sowie etwas Sauerkirsche. Die Frucht ist zart und erf\u00e4hrt im Hintergrund w\u00fcrzige Akzente. Wei\u00dfer Pfeffer, Piment und ein Hauch Zimt sorgen f\u00fcr Kontrastpunkte. <\/p>\n<h5>Gaumen<\/h5>\n<p> Im Antrunk zeigt er die Frucht in einem eng geb\u00fcndelten Strahl. Dadurch verl\u00e4uft die Frucht kerzengerade \u00fcber den Gaumen und \u00f6ffnet sich zum Nachhall. Die roten Fr\u00fcchte kommen dabei bestens zur Geltung. Er lebt auch von den weichen, floralen Aromen, die ihn in Eleganz h\u00fcllen. Vor allem aber wirkt er enorm linear und kalkig. Diese klare Mineralit\u00e4t sorgt f\u00fcr ein tolles Mund- und Zahngef\u00fchl. Dabei l\u00e4uft einem das Wasser f\u00f6rmlich im Mund zusammen und er sorgt f\u00fcr einen sehr guten Trinkfluss. <\/p>\n<p>Copyright Vinaturel 2025<\/p>\n<p>Keywords: <a href=\"https:\/\/wein-werte.com\/de\/shop\/?swoof=1&#038;pa_producer=Klaus-Vorgrimmler\">Klaus Vorgrimmler<\/a> <a href=\"https:\/\/wein-werte.com\/de\/shop\/?swoof=1&#038;woof_text=Pinot Blanc de Noir\">Pinot Blanc de Noir<\/a> 2023 bio <a href=\"https:\/\/wein-werte.com\/de\/shop\/?swoof=1&#038;pa_region=Baden\">Baden<\/a> <a href=\"https:\/\/wein-werte.com\/de\/shop\/?swoof=1&#038;pa_country=Deutschland\">Deutschland<\/a><\/p>\n<p>Internetseite des Weinguts: <a href=\"http:\/\/vorgrimmler.de\/\" target=\"_blank\">http:\/\/vorgrimmler.de\/<\/a><\/p>\n","protected":false},"excerpt":{"rendered":"<p>Lieferzeit: 1 bis 2 Arbeitstage (DE), 2 bis 5 Arbeitstage (EU and CH)<\/p>\n","protected":false},"featured_media":1147589,"template":"","meta":[],"product_brand":[],"product_cat":[19],"product_tag":[],"class_list":{"0":"post-1130617","1":"product","2":"type-product","3":"status-publish","4":"has-post-thumbnail","6":"product_cat-unkategorisiert","7":"pa_alcohol-for-filter-12895","8":"pa_certified-biodynamic-nein-de","9":"pa_certified-organic-ja-de","10":"pa_colour-weiss","11":"pa_country-deutschland","12":"pa_grape-pinot-noir-spatburgunder","13":"pa_price-for-filter-10580","14":"pa_producer-klaus-vorgrimmler","15":"pa_region-baden","16":"pa_size-ml-6584","17":"pa_sweetness-trocken-de","18":"pa_type-2-still-de","19":"pa_vintage-2023-de","20":"entry","21":"has-media","23":"first","24":"instock","25":"taxable","26":"shipping-taxable","27":"purchasable","28":"product-type-simple"},"yoast_head":"<!-- This site is optimized with the Yoast SEO plugin v27.5 - https:\/\/yoast.com\/product\/yoast-seo-wordpress\/ -->\n<title>Klaus Vorgrimmler Pinot blanc de Noir 2023<\/title>\n<meta name=\"description\" content=\"Kaufe Klaus Vorgrimmler Pinot blanc de Noir 2023 (Pinot Noir, trocken aus Baden, Deutschland) bei Wein Werte, Ihrem nachhaltigen Onlineshop.\" \/>\n<meta name=\"robots\" content=\"index, follow, max-snippet:-1, max-image-preview:large, max-video-preview:-1\" \/>\n<link rel=\"canonical\" href=\"https:\/\/wein-werte.com\/de\/produkt\/klaus-vorgrimmler-pinot-blanc-de-noir-2023-750ml\/\" \/>\n<meta property=\"og:locale\" content=\"de_DE\" \/>\n<meta property=\"og:type\" content=\"article\" \/>\n<meta property=\"og:title\" content=\"Klaus Vorgrimmler Pinot blanc de Noir 2023\" \/>\n<meta property=\"og:description\" content=\"Kaufe Klaus Vorgrimmler Pinot blanc de Noir 2023 (Pinot Noir, trocken aus Baden, Deutschland) bei Wein Werte, Ihrem nachhaltigen Onlineshop.\" \/>\n<meta property=\"og:url\" content=\"https:\/\/wein-werte.com\/de\/produkt\/klaus-vorgrimmler-pinot-blanc-de-noir-2023-750ml\/\" \/>\n<meta property=\"og:site_name\" content=\"Wein Werte\" \/>\n<meta property=\"og:image\" content=\"https:\/\/wein-werte.com\/wp-content\/uploads\/2026\/04\/Klaus-Vorgrimmler-Pinot-blanc-de-Noir-2023-750-ml.png\" \/>\n\t<meta property=\"og:image:width\" content=\"258\" \/>\n\t<meta property=\"og:image:height\" content=\"614\" \/>\n\t<meta property=\"og:image:type\" content=\"image\/png\" \/>\n<meta name=\"twitter:card\" content=\"summary_large_image\" \/>\n<meta name=\"twitter:label1\" content=\"Gesch\u00e4tzte Lesezeit\" \/>\n\t<meta name=\"twitter:data1\" content=\"2\u00a0Minuten\" \/>\n<script type=\"application\/ld+json\" class=\"yoast-schema-graph\">{\"@context\":\"https:\\\/\\\/schema.org\",\"@graph\":[{\"@type\":\"WebPage\",\"@id\":\"https:\\\/\\\/wein-werte.com\\\/de\\\/produkt\\\/klaus-vorgrimmler-pinot-blanc-de-noir-2023-750ml\\\/\",\"url\":\"https:\\\/\\\/wein-werte.com\\\/de\\\/produkt\\\/klaus-vorgrimmler-pinot-blanc-de-noir-2023-750ml\\\/\",\"name\":\"Klaus Vorgrimmler Pinot blanc de Noir 2023\",\"isPartOf\":{\"@id\":\"https:\\\/\\\/wein-werte.com\\\/de\\\/#website\"},\"primaryImageOfPage\":{\"@id\":\"https:\\\/\\\/wein-werte.com\\\/de\\\/produkt\\\/klaus-vorgrimmler-pinot-blanc-de-noir-2023-750ml\\\/#primaryimage\"},\"image\":{\"@id\":\"https:\\\/\\\/wein-werte.com\\\/de\\\/produkt\\\/klaus-vorgrimmler-pinot-blanc-de-noir-2023-750ml\\\/#primaryimage\"},\"thumbnailUrl\":\"https:\\\/\\\/wein-werte.com\\\/wp-content\\\/uploads\\\/2026\\\/04\\\/Klaus-Vorgrimmler-Pinot-blanc-de-Noir-2023-750-ml.png\",\"datePublished\":\"2026-05-05T16:19:09+00:00\",\"description\":\"Kaufe Klaus Vorgrimmler Pinot blanc de Noir 2023 (Pinot Noir, trocken aus Baden, Deutschland) bei Wein Werte, Ihrem nachhaltigen Onlineshop.\",\"breadcrumb\":{\"@id\":\"https:\\\/\\\/wein-werte.com\\\/de\\\/produkt\\\/klaus-vorgrimmler-pinot-blanc-de-noir-2023-750ml\\\/#breadcrumb\"},\"inLanguage\":\"de\",\"potentialAction\":[{\"@type\":\"ReadAction\",\"target\":[\"https:\\\/\\\/wein-werte.com\\\/de\\\/produkt\\\/klaus-vorgrimmler-pinot-blanc-de-noir-2023-750ml\\\/\"]}]},{\"@type\":\"ImageObject\",\"inLanguage\":\"de\",\"@id\":\"https:\\\/\\\/wein-werte.com\\\/de\\\/produkt\\\/klaus-vorgrimmler-pinot-blanc-de-noir-2023-750ml\\\/#primaryimage\",\"url\":\"https:\\\/\\\/wein-werte.com\\\/wp-content\\\/uploads\\\/2026\\\/04\\\/Klaus-Vorgrimmler-Pinot-blanc-de-Noir-2023-750-ml.png\",\"contentUrl\":\"https:\\\/\\\/wein-werte.com\\\/wp-content\\\/uploads\\\/2026\\\/04\\\/Klaus-Vorgrimmler-Pinot-blanc-de-Noir-2023-750-ml.png\",\"width\":258,\"height\":614},{\"@type\":\"BreadcrumbList\",\"@id\":\"https:\\\/\\\/wein-werte.com\\\/de\\\/produkt\\\/klaus-vorgrimmler-pinot-blanc-de-noir-2023-750ml\\\/#breadcrumb\",\"itemListElement\":[{\"@type\":\"ListItem\",\"position\":1,\"name\":\"Home\",\"item\":\"https:\\\/\\\/wein-werte.com\\\/de\\\/\"},{\"@type\":\"ListItem\",\"position\":2,\"name\":\"Shop\",\"item\":\"https:\\\/\\\/wein-werte.com\\\/de\\\/shop\\\/\"},{\"@type\":\"ListItem\",\"position\":3,\"name\":\"Klaus Vorgrimmler | Baden | Pinot Blanc de Noir | 2023 | 750ml | bio\"}]},{\"@type\":\"WebSite\",\"@id\":\"https:\\\/\\\/wein-werte.com\\\/de\\\/#website\",\"url\":\"https:\\\/\\\/wein-werte.com\\\/de\\\/\",\"name\":\"Wein Werte\",\"description\":\"\",\"publisher\":{\"@id\":\"https:\\\/\\\/wein-werte.com\\\/de\\\/#organization\"},\"potentialAction\":[{\"@type\":\"SearchAction\",\"target\":{\"@type\":\"EntryPoint\",\"urlTemplate\":\"https:\\\/\\\/wein-werte.com\\\/de\\\/?s={search_term_string}\"},\"query-input\":{\"@type\":\"PropertyValueSpecification\",\"valueRequired\":true,\"valueName\":\"search_term_string\"}}],\"inLanguage\":\"de\"},{\"@type\":\"Organization\",\"@id\":\"https:\\\/\\\/wein-werte.com\\\/de\\\/#organization\",\"name\":\"Vins Fins Thorrold\",\"url\":\"https:\\\/\\\/wein-werte.com\\\/de\\\/\",\"logo\":{\"@type\":\"ImageObject\",\"inLanguage\":\"de\",\"@id\":\"https:\\\/\\\/wein-werte.com\\\/de\\\/#\\\/schema\\\/logo\\\/image\\\/\",\"url\":\"https:\\\/\\\/wein-werte.com\\\/wp-content\\\/uploads\\\/2023\\\/07\\\/Wein_werte_Logo700-1.png\",\"contentUrl\":\"https:\\\/\\\/wein-werte.com\\\/wp-content\\\/uploads\\\/2023\\\/07\\\/Wein_werte_Logo700-1.png\",\"width\":700,\"height\":272,\"caption\":\"Vins Fins Thorrold\"},\"image\":{\"@id\":\"https:\\\/\\\/wein-werte.com\\\/de\\\/#\\\/schema\\\/logo\\\/image\\\/\"}}]}<\/script>\n<!-- \/ Yoast SEO plugin. -->","yoast_head_json":{"title":"Klaus Vorgrimmler Pinot blanc de Noir 2023","description":"Kaufe Klaus Vorgrimmler Pinot blanc de Noir 2023 (Pinot Noir, trocken aus Baden, Deutschland) bei Wein Werte, Ihrem nachhaltigen Onlineshop.","robots":{"index":"index","follow":"follow","max-snippet":"max-snippet:-1","max-image-preview":"max-image-preview:large","max-video-preview":"max-video-preview:-1"},"canonical":"https:\/\/wein-werte.com\/de\/produkt\/klaus-vorgrimmler-pinot-blanc-de-noir-2023-750ml\/","og_locale":"de_DE","og_type":"article","og_title":"Klaus Vorgrimmler Pinot blanc de Noir 2023","og_description":"Kaufe Klaus Vorgrimmler Pinot blanc de Noir 2023 (Pinot Noir, trocken aus Baden, Deutschland) bei Wein Werte, Ihrem nachhaltigen Onlineshop.","og_url":"https:\/\/wein-werte.com\/de\/produkt\/klaus-vorgrimmler-pinot-blanc-de-noir-2023-750ml\/","og_site_name":"Wein Werte","og_image":[{"width":258,"height":614,"url":"https:\/\/wein-werte.com\/wp-content\/uploads\/2026\/04\/Klaus-Vorgrimmler-Pinot-blanc-de-Noir-2023-750-ml.png","type":"image\/png"}],"twitter_card":"summary_large_image","twitter_misc":{"Gesch\u00e4tzte Lesezeit":"2\u00a0Minuten"},"schema":{"@context":"https:\/\/schema.org","@graph":[{"@type":"WebPage","@id":"https:\/\/wein-werte.com\/de\/produkt\/klaus-vorgrimmler-pinot-blanc-de-noir-2023-750ml\/","url":"https:\/\/wein-werte.com\/de\/produkt\/klaus-vorgrimmler-pinot-blanc-de-noir-2023-750ml\/","name":"Klaus Vorgrimmler Pinot blanc de Noir 2023","isPartOf":{"@id":"https:\/\/wein-werte.com\/de\/#website"},"primaryImageOfPage":{"@id":"https:\/\/wein-werte.com\/de\/produkt\/klaus-vorgrimmler-pinot-blanc-de-noir-2023-750ml\/#primaryimage"},"image":{"@id":"https:\/\/wein-werte.com\/de\/produkt\/klaus-vorgrimmler-pinot-blanc-de-noir-2023-750ml\/#primaryimage"},"thumbnailUrl":"https:\/\/wein-werte.com\/wp-content\/uploads\/2026\/04\/Klaus-Vorgrimmler-Pinot-blanc-de-Noir-2023-750-ml.png","datePublished":"2026-05-05T16:19:09+00:00","description":"Kaufe Klaus Vorgrimmler Pinot blanc de Noir 2023 (Pinot Noir, trocken aus Baden, Deutschland) bei Wein Werte, Ihrem nachhaltigen Onlineshop.","breadcrumb":{"@id":"https:\/\/wein-werte.com\/de\/produkt\/klaus-vorgrimmler-pinot-blanc-de-noir-2023-750ml\/#breadcrumb"},"inLanguage":"de","potentialAction":[{"@type":"ReadAction","target":["https:\/\/wein-werte.com\/de\/produkt\/klaus-vorgrimmler-pinot-blanc-de-noir-2023-750ml\/"]}]},{"@type":"ImageObject","inLanguage":"de","@id":"https:\/\/wein-werte.com\/de\/produkt\/klaus-vorgrimmler-pinot-blanc-de-noir-2023-750ml\/#primaryimage","url":"https:\/\/wein-werte.com\/wp-content\/uploads\/2026\/04\/Klaus-Vorgrimmler-Pinot-blanc-de-Noir-2023-750-ml.png","contentUrl":"https:\/\/wein-werte.com\/wp-content\/uploads\/2026\/04\/Klaus-Vorgrimmler-Pinot-blanc-de-Noir-2023-750-ml.png","width":258,"height":614},{"@type":"BreadcrumbList","@id":"https:\/\/wein-werte.com\/de\/produkt\/klaus-vorgrimmler-pinot-blanc-de-noir-2023-750ml\/#breadcrumb","itemListElement":[{"@type":"ListItem","position":1,"name":"Home","item":"https:\/\/wein-werte.com\/de\/"},{"@type":"ListItem","position":2,"name":"Shop","item":"https:\/\/wein-werte.com\/de\/shop\/"},{"@type":"ListItem","position":3,"name":"Klaus Vorgrimmler | Baden | Pinot Blanc de Noir | 2023 | 750ml | bio"}]},{"@type":"WebSite","@id":"https:\/\/wein-werte.com\/de\/#website","url":"https:\/\/wein-werte.com\/de\/","name":"Wein Werte","description":"","publisher":{"@id":"https:\/\/wein-werte.com\/de\/#organization"},"potentialAction":[{"@type":"SearchAction","target":{"@type":"EntryPoint","urlTemplate":"https:\/\/wein-werte.com\/de\/?s={search_term_string}"},"query-input":{"@type":"PropertyValueSpecification","valueRequired":true,"valueName":"search_term_string"}}],"inLanguage":"de"},{"@type":"Organization","@id":"https:\/\/wein-werte.com\/de\/#organization","name":"Vins Fins Thorrold","url":"https:\/\/wein-werte.com\/de\/","logo":{"@type":"ImageObject","inLanguage":"de","@id":"https:\/\/wein-werte.com\/de\/#\/schema\/logo\/image\/","url":"https:\/\/wein-werte.com\/wp-content\/uploads\/2023\/07\/Wein_werte_Logo700-1.png","contentUrl":"https:\/\/wein-werte.com\/wp-content\/uploads\/2023\/07\/Wein_werte_Logo700-1.png","width":700,"height":272,"caption":"Vins Fins Thorrold"},"image":{"@id":"https:\/\/wein-werte.com\/de\/#\/schema\/logo\/image\/"}}]}},"_links":{"self":[{"href":"https:\/\/wein-werte.com\/de\/wp-json\/wp\/v2\/product\/1130617","targetHints":{"allow":["GET"]}}],"collection":[{"href":"https:\/\/wein-werte.com\/de\/wp-json\/wp\/v2\/product"}],"about":[{"href":"https:\/\/wein-werte.com\/de\/wp-json\/wp\/v2\/types\/product"}],"wp:featuredmedia":[{"embeddable":true,"href":"https:\/\/wein-werte.com\/de\/wp-json\/wp\/v2\/media\/1147589"}],"wp:attachment":[{"href":"https:\/\/wein-werte.com\/de\/wp-json\/wp\/v2\/media?parent=1130617"}],"wp:term":[{"taxonomy":"product_brand","embeddable":true,"href":"https:\/\/wein-werte.com\/de\/wp-json\/wp\/v2\/product_brand?post=1130617"},{"taxonomy":"product_cat","embeddable":true,"href":"https:\/\/wein-werte.com\/de\/wp-json\/wp\/v2\/product_cat?post=1130617"},{"taxonomy":"product_tag","embeddable":true,"href":"https:\/\/wein-werte.com\/de\/wp-json\/wp\/v2\/product_tag?post=1130617"}],"curies":[{"name":"wp","href":"https:\/\/api.w.org\/{rel}","templated":true}]}}