{"id":1130566,"date":"2026-05-05T18:19:06","date_gmt":"2026-05-05T16:19:06","guid":{"rendered":"https:\/\/wein-werte.com\/product\/forgeurac-riegelberg-2020-750ml\/"},"modified":"2026-04-27T11:46:05","modified_gmt":"2026-04-27T09:46:05","slug":"forgeurac-riegelberg-2020-750ml","status":"publish","type":"product","link":"https:\/\/wein-werte.com\/de\/produkt\/forgeurac-riegelberg-2020-750ml\/","title":{"rendered":"Forgeurac | Baden | Riegelberg, Badischer Landwein | 2020 | 750ml"},"content":{"rendered":"<p>Produktbeschreibung f\u00fcr Forgeurac Riegelberg, Badischer Landwein 2020  <\/p>\n<h5>Informationen zum Wein<\/h5>\n<p> Der Riegelberg ist ein Wein, der von einem einzigartigen Terroir gepr\u00e4gt ist. Die Reben wachsen auf rotem Granit, in einem sehr steilen Weinberg, der dicht bepflanzt ist und einen sehr d\u00fcnnen Oberboden aufweist. Nach nur wenigen Zentimetern trifft man auf den puren Fels. Die Rebst\u00f6cke sind alt und tiefverwurzelt. <\/p>\n<h5>Informationen zum Ausbau<\/h5>\n<p> Der Wein wurde zu 50% aus ganzen Trauben hergestellt. Die Trauben wurden in kleinen Holzbottichen kurz mit den F\u00fc\u00dfen eingemaischt, und die G\u00e4rung auf der Maische dauerte etwa drei Wochen. Anschlie\u00dfend wurde er auf einer alten Korbkelter gepresst. Der Abzug des Landweins erfolgte \u00fcber das Broquereau per Falldruck. Die Reifung erfolgte ausschlie\u00dflich in gebrauchten Holzf\u00e4ssern, vor allem Barriques und Pi\u00e8ces. Es wurden keine Hefen, Enzyme, Sch\u00f6nung oder Filtration verwendet. Je nach Jahrgang wurde maximal 30 mg Schwefel zugesetzt. <\/p>\n<h5>Farbe<\/h5>\n<p> Gedecktes Granatrot mit violetten Reflexen. <\/p>\n<h5>Nase<\/h5>\n<p> Die Aromen, die aus dem Glas str\u00f6men, sind tiefgr\u00fcndig und dunkel. Sie vereinen Brombeeren, Blaubeeren, Vogelbeeren und Schlehen mit Noten von Waldboden, Baumrinde, Tr\u00fcffel und verschiedenen floralen D\u00fcften, die an Veilchen, Efeu und wilde Rosen erinnern. Dieser Wein ist ein wahres Gesamtkunstwerk, das sich noch in den Anf\u00e4ngen seiner Entwicklung befindet. Er wirkt mystisch, verwoben und tiefgr\u00fcndig. <\/p>\n<h5>Gaumen<\/h5>\n<p> Am Gaumen zeigt sich der 2020er Riegelberg mit subtiler Fruchts\u00fc\u00dfe, einer saftigen Anmutung, belebender S\u00e4ure und einer festen, aber feink\u00f6rnigen Tannin Struktur. Er h\u00e4lt noch einiges in petto und wird sich mit weiterer Reife zu einer Gr\u00f6\u00dfe entwickeln. Er passt besonders gut zu intensiven Gerichten mit rustikalem Einschlag. Dekantieren und leicht gek\u00fchlt aus Burgundergl\u00e4sern genie\u00dfen.<\/p>\n<p>Copyright Vinaturel 2025<\/p>\n<p>Keywords: <a href=\"https:\/\/wein-werte.com\/de\/shop\/?swoof=1&#038;pa_producer=Forgeurac\">Forgeurac<\/a> <a href=\"https:\/\/wein-werte.com\/de\/shop\/?swoof=1&#038;woof_text=Riegelberg, Badischer Landwein\">Riegelberg, Badischer Landwein<\/a> 2020  <a href=\"https:\/\/wein-werte.com\/de\/shop\/?swoof=1&#038;pa_region=Baden\">Baden<\/a> <a href=\"https:\/\/wein-werte.com\/de\/shop\/?swoof=1&#038;pa_country=Deutschland\">Deutschland<\/a><\/p>\n<p>Internetseite des Weinguts: <a href=\"https:\/\/www.forgeurac.com\/\" target=\"_blank\">https:\/\/www.forgeurac.com\/<\/a><\/p>\n","protected":false},"excerpt":{"rendered":"<p>Lieferzeit: 1 bis 2 Arbeitstage (DE), 2 bis 5 Arbeitstage (EU and CH)<\/p>\n","protected":false},"featured_media":1141680,"template":"","meta":[],"product_brand":[],"product_cat":[19],"product_tag":[],"class_list":{"0":"post-1130566","1":"product","2":"type-product","3":"status-publish","4":"has-post-thumbnail","6":"product_cat-unkategorisiert","7":"pa_alcohol-for-filter-12897","8":"pa_certified-biodynamic-nein-de","9":"pa_certified-organic-nein-de","10":"pa_colour-rot","11":"pa_country-deutschland","12":"pa_grape-pinot-noir-spatburgunder","13":"pa_price-for-filter-10625","14":"pa_producer-forgeurac","15":"pa_region-baden","16":"pa_size-ml-6584","17":"pa_sweetness-trocken-de","18":"pa_type-2-still-de","19":"pa_vintage-2020-de","20":"entry","21":"has-media","23":"first","24":"instock","25":"taxable","26":"shipping-taxable","27":"purchasable","28":"product-type-simple"},"yoast_head":"<!-- This site is optimized with the Yoast SEO plugin v27.5 - https:\/\/yoast.com\/product\/yoast-seo-wordpress\/ -->\n<title>Forgeurac Riegelberg 2020<\/title>\n<meta name=\"description\" content=\"Kaufe Forgeurac Riegelberg 2020 (Pinot Noir, trocken aus Baden, Deutschland) bei Wein Werte, Ihrem nachhaltigen Onlineshop.\" \/>\n<meta name=\"robots\" content=\"index, follow, max-snippet:-1, max-image-preview:large, max-video-preview:-1\" \/>\n<link rel=\"canonical\" href=\"https:\/\/wein-werte.com\/de\/produkt\/forgeurac-riegelberg-2020-750ml\/\" \/>\n<meta property=\"og:locale\" content=\"de_DE\" \/>\n<meta property=\"og:type\" content=\"article\" \/>\n<meta property=\"og:title\" content=\"Forgeurac Riegelberg 2020\" \/>\n<meta property=\"og:description\" content=\"Kaufe Forgeurac Riegelberg 2020 (Pinot Noir, trocken aus Baden, Deutschland) bei Wein Werte, Ihrem nachhaltigen Onlineshop.\" \/>\n<meta property=\"og:url\" content=\"https:\/\/wein-werte.com\/de\/produkt\/forgeurac-riegelberg-2020-750ml\/\" \/>\n<meta property=\"og:site_name\" content=\"Wein Werte\" \/>\n<meta property=\"og:image\" content=\"https:\/\/wein-werte.com\/wp-content\/uploads\/2026\/04\/Forgeurac-Riegelberg-2020-750ml.png\" \/>\n\t<meta property=\"og:image:width\" content=\"323\" \/>\n\t<meta property=\"og:image:height\" content=\"1200\" \/>\n\t<meta property=\"og:image:type\" content=\"image\/png\" \/>\n<meta name=\"twitter:card\" content=\"summary_large_image\" \/>\n<meta name=\"twitter:label1\" content=\"Gesch\u00e4tzte Lesezeit\" \/>\n\t<meta name=\"twitter:data1\" content=\"1\u00a0Minute\" \/>\n<script type=\"application\/ld+json\" class=\"yoast-schema-graph\">{\"@context\":\"https:\\\/\\\/schema.org\",\"@graph\":[{\"@type\":\"WebPage\",\"@id\":\"https:\\\/\\\/wein-werte.com\\\/de\\\/produkt\\\/forgeurac-riegelberg-2020-750ml\\\/\",\"url\":\"https:\\\/\\\/wein-werte.com\\\/de\\\/produkt\\\/forgeurac-riegelberg-2020-750ml\\\/\",\"name\":\"Forgeurac Riegelberg 2020\",\"isPartOf\":{\"@id\":\"https:\\\/\\\/wein-werte.com\\\/de\\\/#website\"},\"primaryImageOfPage\":{\"@id\":\"https:\\\/\\\/wein-werte.com\\\/de\\\/produkt\\\/forgeurac-riegelberg-2020-750ml\\\/#primaryimage\"},\"image\":{\"@id\":\"https:\\\/\\\/wein-werte.com\\\/de\\\/produkt\\\/forgeurac-riegelberg-2020-750ml\\\/#primaryimage\"},\"thumbnailUrl\":\"https:\\\/\\\/wein-werte.com\\\/wp-content\\\/uploads\\\/2026\\\/04\\\/Forgeurac-Riegelberg-2020-750ml.png\",\"datePublished\":\"2026-05-05T16:19:06+00:00\",\"description\":\"Kaufe Forgeurac Riegelberg 2020 (Pinot Noir, trocken aus Baden, Deutschland) bei Wein Werte, Ihrem nachhaltigen Onlineshop.\",\"breadcrumb\":{\"@id\":\"https:\\\/\\\/wein-werte.com\\\/de\\\/produkt\\\/forgeurac-riegelberg-2020-750ml\\\/#breadcrumb\"},\"inLanguage\":\"de\",\"potentialAction\":[{\"@type\":\"ReadAction\",\"target\":[\"https:\\\/\\\/wein-werte.com\\\/de\\\/produkt\\\/forgeurac-riegelberg-2020-750ml\\\/\"]}]},{\"@type\":\"ImageObject\",\"inLanguage\":\"de\",\"@id\":\"https:\\\/\\\/wein-werte.com\\\/de\\\/produkt\\\/forgeurac-riegelberg-2020-750ml\\\/#primaryimage\",\"url\":\"https:\\\/\\\/wein-werte.com\\\/wp-content\\\/uploads\\\/2026\\\/04\\\/Forgeurac-Riegelberg-2020-750ml.png\",\"contentUrl\":\"https:\\\/\\\/wein-werte.com\\\/wp-content\\\/uploads\\\/2026\\\/04\\\/Forgeurac-Riegelberg-2020-750ml.png\",\"width\":323,\"height\":1200,\"caption\":\"Forgeurac Riegelberg, Badischer Landwein 2020 750ml\"},{\"@type\":\"BreadcrumbList\",\"@id\":\"https:\\\/\\\/wein-werte.com\\\/de\\\/produkt\\\/forgeurac-riegelberg-2020-750ml\\\/#breadcrumb\",\"itemListElement\":[{\"@type\":\"ListItem\",\"position\":1,\"name\":\"Home\",\"item\":\"https:\\\/\\\/wein-werte.com\\\/de\\\/\"},{\"@type\":\"ListItem\",\"position\":2,\"name\":\"Shop\",\"item\":\"https:\\\/\\\/wein-werte.com\\\/de\\\/shop\\\/\"},{\"@type\":\"ListItem\",\"position\":3,\"name\":\"Forgeurac | Baden | Riegelberg, Badischer Landwein | 2020 | 750ml\"}]},{\"@type\":\"WebSite\",\"@id\":\"https:\\\/\\\/wein-werte.com\\\/de\\\/#website\",\"url\":\"https:\\\/\\\/wein-werte.com\\\/de\\\/\",\"name\":\"Wein Werte\",\"description\":\"\",\"publisher\":{\"@id\":\"https:\\\/\\\/wein-werte.com\\\/de\\\/#organization\"},\"potentialAction\":[{\"@type\":\"SearchAction\",\"target\":{\"@type\":\"EntryPoint\",\"urlTemplate\":\"https:\\\/\\\/wein-werte.com\\\/de\\\/?s={search_term_string}\"},\"query-input\":{\"@type\":\"PropertyValueSpecification\",\"valueRequired\":true,\"valueName\":\"search_term_string\"}}],\"inLanguage\":\"de\"},{\"@type\":\"Organization\",\"@id\":\"https:\\\/\\\/wein-werte.com\\\/de\\\/#organization\",\"name\":\"Vins Fins Thorrold\",\"url\":\"https:\\\/\\\/wein-werte.com\\\/de\\\/\",\"logo\":{\"@type\":\"ImageObject\",\"inLanguage\":\"de\",\"@id\":\"https:\\\/\\\/wein-werte.com\\\/de\\\/#\\\/schema\\\/logo\\\/image\\\/\",\"url\":\"https:\\\/\\\/wein-werte.com\\\/wp-content\\\/uploads\\\/2023\\\/07\\\/Wein_werte_Logo700-1.png\",\"contentUrl\":\"https:\\\/\\\/wein-werte.com\\\/wp-content\\\/uploads\\\/2023\\\/07\\\/Wein_werte_Logo700-1.png\",\"width\":700,\"height\":272,\"caption\":\"Vins Fins Thorrold\"},\"image\":{\"@id\":\"https:\\\/\\\/wein-werte.com\\\/de\\\/#\\\/schema\\\/logo\\\/image\\\/\"}}]}<\/script>\n<!-- \/ Yoast SEO plugin. -->","yoast_head_json":{"title":"Forgeurac Riegelberg 2020","description":"Kaufe Forgeurac Riegelberg 2020 (Pinot Noir, trocken aus Baden, Deutschland) bei Wein Werte, Ihrem nachhaltigen Onlineshop.","robots":{"index":"index","follow":"follow","max-snippet":"max-snippet:-1","max-image-preview":"max-image-preview:large","max-video-preview":"max-video-preview:-1"},"canonical":"https:\/\/wein-werte.com\/de\/produkt\/forgeurac-riegelberg-2020-750ml\/","og_locale":"de_DE","og_type":"article","og_title":"Forgeurac Riegelberg 2020","og_description":"Kaufe Forgeurac Riegelberg 2020 (Pinot Noir, trocken aus Baden, Deutschland) bei Wein Werte, Ihrem nachhaltigen Onlineshop.","og_url":"https:\/\/wein-werte.com\/de\/produkt\/forgeurac-riegelberg-2020-750ml\/","og_site_name":"Wein Werte","og_image":[{"width":323,"height":1200,"url":"https:\/\/wein-werte.com\/wp-content\/uploads\/2026\/04\/Forgeurac-Riegelberg-2020-750ml.png","type":"image\/png"}],"twitter_card":"summary_large_image","twitter_misc":{"Gesch\u00e4tzte Lesezeit":"1\u00a0Minute"},"schema":{"@context":"https:\/\/schema.org","@graph":[{"@type":"WebPage","@id":"https:\/\/wein-werte.com\/de\/produkt\/forgeurac-riegelberg-2020-750ml\/","url":"https:\/\/wein-werte.com\/de\/produkt\/forgeurac-riegelberg-2020-750ml\/","name":"Forgeurac Riegelberg 2020","isPartOf":{"@id":"https:\/\/wein-werte.com\/de\/#website"},"primaryImageOfPage":{"@id":"https:\/\/wein-werte.com\/de\/produkt\/forgeurac-riegelberg-2020-750ml\/#primaryimage"},"image":{"@id":"https:\/\/wein-werte.com\/de\/produkt\/forgeurac-riegelberg-2020-750ml\/#primaryimage"},"thumbnailUrl":"https:\/\/wein-werte.com\/wp-content\/uploads\/2026\/04\/Forgeurac-Riegelberg-2020-750ml.png","datePublished":"2026-05-05T16:19:06+00:00","description":"Kaufe Forgeurac Riegelberg 2020 (Pinot Noir, trocken aus Baden, Deutschland) bei Wein Werte, Ihrem nachhaltigen Onlineshop.","breadcrumb":{"@id":"https:\/\/wein-werte.com\/de\/produkt\/forgeurac-riegelberg-2020-750ml\/#breadcrumb"},"inLanguage":"de","potentialAction":[{"@type":"ReadAction","target":["https:\/\/wein-werte.com\/de\/produkt\/forgeurac-riegelberg-2020-750ml\/"]}]},{"@type":"ImageObject","inLanguage":"de","@id":"https:\/\/wein-werte.com\/de\/produkt\/forgeurac-riegelberg-2020-750ml\/#primaryimage","url":"https:\/\/wein-werte.com\/wp-content\/uploads\/2026\/04\/Forgeurac-Riegelberg-2020-750ml.png","contentUrl":"https:\/\/wein-werte.com\/wp-content\/uploads\/2026\/04\/Forgeurac-Riegelberg-2020-750ml.png","width":323,"height":1200,"caption":"Forgeurac Riegelberg, Badischer Landwein 2020 750ml"},{"@type":"BreadcrumbList","@id":"https:\/\/wein-werte.com\/de\/produkt\/forgeurac-riegelberg-2020-750ml\/#breadcrumb","itemListElement":[{"@type":"ListItem","position":1,"name":"Home","item":"https:\/\/wein-werte.com\/de\/"},{"@type":"ListItem","position":2,"name":"Shop","item":"https:\/\/wein-werte.com\/de\/shop\/"},{"@type":"ListItem","position":3,"name":"Forgeurac | Baden | Riegelberg, Badischer Landwein | 2020 | 750ml"}]},{"@type":"WebSite","@id":"https:\/\/wein-werte.com\/de\/#website","url":"https:\/\/wein-werte.com\/de\/","name":"Wein Werte","description":"","publisher":{"@id":"https:\/\/wein-werte.com\/de\/#organization"},"potentialAction":[{"@type":"SearchAction","target":{"@type":"EntryPoint","urlTemplate":"https:\/\/wein-werte.com\/de\/?s={search_term_string}"},"query-input":{"@type":"PropertyValueSpecification","valueRequired":true,"valueName":"search_term_string"}}],"inLanguage":"de"},{"@type":"Organization","@id":"https:\/\/wein-werte.com\/de\/#organization","name":"Vins Fins Thorrold","url":"https:\/\/wein-werte.com\/de\/","logo":{"@type":"ImageObject","inLanguage":"de","@id":"https:\/\/wein-werte.com\/de\/#\/schema\/logo\/image\/","url":"https:\/\/wein-werte.com\/wp-content\/uploads\/2023\/07\/Wein_werte_Logo700-1.png","contentUrl":"https:\/\/wein-werte.com\/wp-content\/uploads\/2023\/07\/Wein_werte_Logo700-1.png","width":700,"height":272,"caption":"Vins Fins Thorrold"},"image":{"@id":"https:\/\/wein-werte.com\/de\/#\/schema\/logo\/image\/"}}]}},"_links":{"self":[{"href":"https:\/\/wein-werte.com\/de\/wp-json\/wp\/v2\/product\/1130566","targetHints":{"allow":["GET"]}}],"collection":[{"href":"https:\/\/wein-werte.com\/de\/wp-json\/wp\/v2\/product"}],"about":[{"href":"https:\/\/wein-werte.com\/de\/wp-json\/wp\/v2\/types\/product"}],"wp:featuredmedia":[{"embeddable":true,"href":"https:\/\/wein-werte.com\/de\/wp-json\/wp\/v2\/media\/1141680"}],"wp:attachment":[{"href":"https:\/\/wein-werte.com\/de\/wp-json\/wp\/v2\/media?parent=1130566"}],"wp:term":[{"taxonomy":"product_brand","embeddable":true,"href":"https:\/\/wein-werte.com\/de\/wp-json\/wp\/v2\/product_brand?post=1130566"},{"taxonomy":"product_cat","embeddable":true,"href":"https:\/\/wein-werte.com\/de\/wp-json\/wp\/v2\/product_cat?post=1130566"},{"taxonomy":"product_tag","embeddable":true,"href":"https:\/\/wein-werte.com\/de\/wp-json\/wp\/v2\/product_tag?post=1130566"}],"curies":[{"name":"wp","href":"https:\/\/api.w.org\/{rel}","templated":true}]}}